{"id":34867,"date":"2021-02-05T22:45:36","date_gmt":"2021-02-06T17:58:39","guid":{"rendered":"https:\/\/damme.lv\/product\/maria-galland-ace-krems-1020-eye-contour-cream-mille-15ml\/"},"modified":"2021-02-06T19:58:40","modified_gmt":"2021-02-06T17:58:40","slug":"maria-galland-ace-krems-1020-eye-contour-cream-mille-15ml","status":"publish","type":"product","link":"https:\/\/cosmetic.lv\/lv\/product\/maria-galland-ace-krems-1020-eye-contour-cream-mille-15ml\/","title":{"rendered":"MARIA GALLAND ace kr\u0113ms 1020 EYE CONTOUR CREAM MILLE 15ml"},"content":{"rendered":"<p><!DOCTYPE html PUBLIC &quot;-\/\/W3C\/\/DTD XHTML 1.0 Transitional\/\/EN&quot; &quot;http:\/\/www.w3.org\/TR\/xhtml1\/DTD\/xhtml1-transitional.dtd&quot;><br \/>\n<html><br \/>\n<head><br \/>\n<title>Untitled document<\/title><br \/>\n<\/head><br \/>\n<body><\/p>\n<p>Izsmalcin\u0101ta apr\u016bpe ma\u0123iski maina acu plaksti\u0146u maigu \u0101du. Kr\u0113ms apvieno izcilas barojo&scaron;as un mitrino&scaron;as vielas: patent\u0113tus ziedu ekstraktus, keram\u012bdus un hialuronsk\u0101bi. Komplekss TOP C, augu cilmes &scaron;\u016bnu ekstrakts un fitostimul\u012bni nostiprina un atjauno \u0101du, gludas grumbas. D\u0101rgie komponenti atjauno &scaron;\u016bnu integrit\u0101ti, samazina piet\u016bkumu un tum&scaron;us lokus zem ac\u012bm. Narkotika ar\u012b pievienoja unik\u0101lu gaismas izklied\u0113&scaron;anas sist\u0113mu, samazinot grumbu izskatu, pateicoties kur\u0101m acis tikai jaunoj\u0101s. Izl\u012bdzina acu kont\u016bras zonas grumbas. Stiprina un atjauno \u0101du. Dod sp\u012bdumu acu kont\u016brai, vizu\u0101li \u0101da k\u013c\u016bst daudz skaist\u0101ka.  Darb\u012bbas komponenti:  TOP-C komplekss ir inovat\u012bvs, \u013coti efekt\u012bvs komplekss. C\u012bn\u0101s pret vis\u0101m noveco&scaron;an\u0101s paz\u012bm\u0113m; Atstarojo&scaron;\u0101 sist\u0113ma &#8211; unik\u0101la gaismas izklied\u0113&scaron;anas sist\u0113ma, samazinot grumbu izskatu; Patent\u0113ts ziedu ekstrakts (mande\u013cu lapu ekstrakts, salvija, zirgkasta\u0146a) &#8211; satur augstu polifenolu saturu. Tiem ir izteikta antioksidanta iedarb\u012bba; Malus Domestica &scaron;\u0137irnes &Scaron;veices \u0101bolu cilmes &scaron;\u016bnu ekstrakts, ko ieg\u016bst ar \u012bpa&scaron;o tehnolo\u0123iju PhytoCell TecTM, \u200b\u200bpalielina \u0101das pa&scaron;as cilmes &scaron;\u016bnu vairo&scaron;an\u0101s sp\u0113ju, nodro&scaron;ina ener\u0123iju, paildzina dz\u012bves ciklu; Fitostimulanti &#8211; stiprina dermas strukt\u016bru, uztur un atjaunina kolag\u0113na &scaron;\u0137iedras, uzlabo elast\u012bna &scaron;\u0137iedru iztur\u012bbu; Hialuronsk\u0101be &#8211; intens\u012bvi mitrina \u0101du, veicinot ilgsto&scaron;u mitruma aizturi; E vitam\u012bns ir antioksid\u0113jo&scaron;a iedarb\u012bba, neitraliz\u0113jot br\u012bvo radik\u0101\u013cu iedarb\u012bbu; Ceram\u012bdi &#8211; atjauno \u0101das barjeras funkciju. Lieto&scaron;anas metode: no r\u012bta un vakar\u0101. Uzkl\u0101jiet nelielu daudzumu acu kont\u016bras \u0101dai un maigi berz\u0113jiet ap\u013cveida kust\u012bbas, p\u0113c tam patting kust\u012bbas, lai samazin\u0101tu piet\u016bkumu, tum&scaron;us lokus un grumbas.  Iepakojums: 15 ml.<\/p>\n<p><\/body><br \/>\n<\/html><\/p>\n","protected":false},"excerpt":{"rendered":"<p>Untitled document Izsmalcin\u0101ta apr\u016bpe ma\u0123iski maina acu plaksti\u0146u maigu \u0101du. Kr\u0113ms apvieno izcilas barojo&scaron;as un mitrino&scaron;as vielas: patent\u0113tus ziedu ekstraktus,<\/p>\n","protected":false},"featured_media":17589,"template":"","meta":[],"product_brand":[],"product_cat":[2273,2277],"product_tag":[],"class_list":{"0":"post-34867","1":"product","2":"type-product","3":"status-publish","4":"has-post-thumbnail","6":"product_cat-profesionala-kosmetika-sejai-un-kermenim-lv","7":"product_cat-maria-galland-francija-lv","9":"first","10":"instock","11":"sale","12":"featured","13":"taxable","14":"shipping-taxable","15":"purchasable","16":"product-type-simple"},"yoast_head":"<!-- This site is optimized with the Yoast SEO Premium plugin v27.0 (Yoast SEO v27.0) - https:\/\/yoast.com\/product\/yoast-seo-premium-wordpress\/ -->\n<title>MARIA GALLAND ace kr\u0113ms 1020 EYE CONTOUR CREAM MILLE 15ml - cosmetic.lv<\/title>\n<meta name=\"robots\" content=\"index, follow, max-snippet:-1, max-image-preview:large, max-video-preview:-1\" \/>\n<link rel=\"canonical\" href=\"https:\/\/cosmetic.lv\/lv\/product\/maria-galland-ace-krems-1020-eye-contour-cream-mille-15ml\/\" \/>\n<meta property=\"og:locale\" content=\"lv_LV\" \/>\n<meta property=\"og:type\" content=\"article\" \/>\n<meta property=\"og:title\" content=\"MARIA GALLAND ace kr\u0113ms 1020 EYE CONTOUR CREAM MILLE 15ml\" \/>\n<meta property=\"og:description\" content=\"Untitled document Izsmalcin\u0101ta apr\u016bpe ma\u0123iski maina acu plaksti\u0146u maigu \u0101du. Kr\u0113ms apvieno izcilas barojo&scaron;as un mitrino&scaron;as vielas: patent\u0113tus ziedu ekstraktus,\" \/>\n<meta property=\"og:url\" content=\"https:\/\/cosmetic.lv\/lv\/product\/maria-galland-ace-krems-1020-eye-contour-cream-mille-15ml\/\" \/>\n<meta property=\"og:site_name\" content=\"cosmetic.lv\" \/>\n<meta property=\"article:publisher\" content=\"https:\/\/www.facebook.com\/cosmetic.lv\/\" \/>\n<meta property=\"article:modified_time\" content=\"2021-02-06T17:58:40+00:00\" \/>\n<meta property=\"og:image\" content=\"https:\/\/cosmetic.lv\/wp-content\/uploads\/2021\/02\/7315af0ca8ce430ec4e6b5064a2db5f0-4.jpg\" \/>\n\t<meta property=\"og:image:width\" content=\"300\" \/>\n\t<meta property=\"og:image:height\" content=\"300\" \/>\n\t<meta property=\"og:image:type\" content=\"image\/jpeg\" \/>\n<meta name=\"twitter:card\" content=\"summary_large_image\" \/>\n<script type=\"application\/ld+json\" class=\"yoast-schema-graph\">{\"@context\":\"https:\/\/schema.org\",\"@graph\":[{\"@type\":\"WebPage\",\"@id\":\"https:\/\/cosmetic.lv\/lv\/product\/maria-galland-ace-krems-1020-eye-contour-cream-mille-15ml\/\",\"url\":\"https:\/\/cosmetic.lv\/lv\/product\/maria-galland-ace-krems-1020-eye-contour-cream-mille-15ml\/\",\"name\":\"MARIA GALLAND ace kr\u0113ms 1020 EYE CONTOUR CREAM MILLE 15ml - cosmetic.lv\",\"isPartOf\":{\"@id\":\"https:\/\/cosmetic.lv\/lv\/#website\"},\"primaryImageOfPage\":{\"@id\":\"https:\/\/cosmetic.lv\/lv\/product\/maria-galland-ace-krems-1020-eye-contour-cream-mille-15ml\/#primaryimage\"},\"image\":{\"@id\":\"https:\/\/cosmetic.lv\/lv\/product\/maria-galland-ace-krems-1020-eye-contour-cream-mille-15ml\/#primaryimage\"},\"thumbnailUrl\":\"https:\/\/cosmetic.lv\/wp-content\/uploads\/2021\/02\/7315af0ca8ce430ec4e6b5064a2db5f0-4.jpg\",\"datePublished\":\"2021-02-06T17:58:39+00:00\",\"dateModified\":\"2021-02-06T17:58:40+00:00\",\"breadcrumb\":{\"@id\":\"https:\/\/cosmetic.lv\/lv\/product\/maria-galland-ace-krems-1020-eye-contour-cream-mille-15ml\/#breadcrumb\"},\"inLanguage\":\"lv-LV\",\"potentialAction\":[{\"@type\":\"ReadAction\",\"target\":[\"https:\/\/cosmetic.lv\/lv\/product\/maria-galland-ace-krems-1020-eye-contour-cream-mille-15ml\/\"]}]},{\"@type\":\"ImageObject\",\"inLanguage\":\"lv-LV\",\"@id\":\"https:\/\/cosmetic.lv\/lv\/product\/maria-galland-ace-krems-1020-eye-contour-cream-mille-15ml\/#primaryimage\",\"url\":\"https:\/\/cosmetic.lv\/wp-content\/uploads\/2021\/02\/7315af0ca8ce430ec4e6b5064a2db5f0-4.jpg\",\"contentUrl\":\"https:\/\/cosmetic.lv\/wp-content\/uploads\/2021\/02\/7315af0ca8ce430ec4e6b5064a2db5f0-4.jpg\",\"width\":300,\"height\":300,\"caption\":\"7315af0ca8ce430ec4e6b5064a2db5f0.jpg\"},{\"@type\":\"BreadcrumbList\",\"@id\":\"https:\/\/cosmetic.lv\/lv\/product\/maria-galland-ace-krems-1020-eye-contour-cream-mille-15ml\/#breadcrumb\",\"itemListElement\":[{\"@type\":\"ListItem\",\"position\":1,\"name\":\"Home\",\"item\":\"https:\/\/cosmetic.lv\/lv\/\"},{\"@type\":\"ListItem\",\"position\":2,\"name\":\"Veikals\",\"item\":\"https:\/\/cosmetic.lv\/lv\/veiklas\/\"},{\"@type\":\"ListItem\",\"position\":3,\"name\":\"MARIA GALLAND ace kr\u0113ms 1020 EYE CONTOUR CREAM MILLE 15ml\"}]},{\"@type\":\"WebSite\",\"@id\":\"https:\/\/cosmetic.lv\/lv\/#website\",\"url\":\"https:\/\/cosmetic.lv\/lv\/\",\"name\":\"cosmetic.lv\",\"description\":\"Profesion\u0101la kosm\u0113tika - Maria Galland, Keune, Arkadija, GMT, Guam, Magiray\",\"publisher\":{\"@id\":\"https:\/\/cosmetic.lv\/lv\/#organization\"},\"potentialAction\":[{\"@type\":\"SearchAction\",\"target\":{\"@type\":\"EntryPoint\",\"urlTemplate\":\"https:\/\/cosmetic.lv\/lv\/?s={search_term_string}\"},\"query-input\":{\"@type\":\"PropertyValueSpecification\",\"valueRequired\":true,\"valueName\":\"search_term_string\"}}],\"inLanguage\":\"lv-LV\"},{\"@type\":\"Organization\",\"@id\":\"https:\/\/cosmetic.lv\/lv\/#organization\",\"name\":\"COSMETIC.LV\",\"url\":\"https:\/\/cosmetic.lv\/lv\/\",\"logo\":{\"@type\":\"ImageObject\",\"inLanguage\":\"lv-LV\",\"@id\":\"https:\/\/cosmetic.lv\/lv\/#\/schema\/logo\/image\/\",\"url\":\"https:\/\/cosmetic.lv\/wp-content\/uploads\/2021\/02\/cosmetic.lv_logo.jpg\",\"contentUrl\":\"https:\/\/cosmetic.lv\/wp-content\/uploads\/2021\/02\/cosmetic.lv_logo.jpg\",\"width\":596,\"height\":196,\"caption\":\"COSMETIC.LV\"},\"image\":{\"@id\":\"https:\/\/cosmetic.lv\/lv\/#\/schema\/logo\/image\/\"},\"sameAs\":[\"https:\/\/www.facebook.com\/cosmetic.lv\/\"]}]}<\/script>\n<meta property=\"product:price:amount\" content=\"98.66\" \/>\n<meta property=\"product:price:currency\" content=\"EUR\" \/>\n<meta property=\"og:availability\" content=\"instock\" \/>\n<meta property=\"product:availability\" content=\"instock\" \/>\n<meta property=\"product:retailer_item_id\" content=\"1020\" \/>\n<meta property=\"product:condition\" content=\"new\" \/>\n<!-- \/ Yoast SEO Premium plugin. -->","yoast_head_json":{"title":"MARIA GALLAND ace kr\u0113ms 1020 EYE CONTOUR CREAM MILLE 15ml - cosmetic.lv","robots":{"index":"index","follow":"follow","max-snippet":"max-snippet:-1","max-image-preview":"max-image-preview:large","max-video-preview":"max-video-preview:-1"},"canonical":"https:\/\/cosmetic.lv\/lv\/product\/maria-galland-ace-krems-1020-eye-contour-cream-mille-15ml\/","og_locale":"lv_LV","og_type":"article","og_title":"MARIA GALLAND ace kr\u0113ms 1020 EYE CONTOUR CREAM MILLE 15ml","og_description":"Untitled document Izsmalcin\u0101ta apr\u016bpe ma\u0123iski maina acu plaksti\u0146u maigu \u0101du. Kr\u0113ms apvieno izcilas barojo&scaron;as un mitrino&scaron;as vielas: patent\u0113tus ziedu ekstraktus,","og_url":"https:\/\/cosmetic.lv\/lv\/product\/maria-galland-ace-krems-1020-eye-contour-cream-mille-15ml\/","og_site_name":"cosmetic.lv","article_publisher":"https:\/\/www.facebook.com\/cosmetic.lv\/","article_modified_time":"2021-02-06T17:58:40+00:00","og_image":[{"width":300,"height":300,"url":"https:\/\/cosmetic.lv\/wp-content\/uploads\/2021\/02\/7315af0ca8ce430ec4e6b5064a2db5f0-4.jpg","type":"image\/jpeg"}],"twitter_card":"summary_large_image","schema":{"@context":"https:\/\/schema.org","@graph":[{"@type":"WebPage","@id":"https:\/\/cosmetic.lv\/lv\/product\/maria-galland-ace-krems-1020-eye-contour-cream-mille-15ml\/","url":"https:\/\/cosmetic.lv\/lv\/product\/maria-galland-ace-krems-1020-eye-contour-cream-mille-15ml\/","name":"MARIA GALLAND ace kr\u0113ms 1020 EYE CONTOUR CREAM MILLE 15ml - cosmetic.lv","isPartOf":{"@id":"https:\/\/cosmetic.lv\/lv\/#website"},"primaryImageOfPage":{"@id":"https:\/\/cosmetic.lv\/lv\/product\/maria-galland-ace-krems-1020-eye-contour-cream-mille-15ml\/#primaryimage"},"image":{"@id":"https:\/\/cosmetic.lv\/lv\/product\/maria-galland-ace-krems-1020-eye-contour-cream-mille-15ml\/#primaryimage"},"thumbnailUrl":"https:\/\/cosmetic.lv\/wp-content\/uploads\/2021\/02\/7315af0ca8ce430ec4e6b5064a2db5f0-4.jpg","datePublished":"2021-02-06T17:58:39+00:00","dateModified":"2021-02-06T17:58:40+00:00","breadcrumb":{"@id":"https:\/\/cosmetic.lv\/lv\/product\/maria-galland-ace-krems-1020-eye-contour-cream-mille-15ml\/#breadcrumb"},"inLanguage":"lv-LV","potentialAction":[{"@type":"ReadAction","target":["https:\/\/cosmetic.lv\/lv\/product\/maria-galland-ace-krems-1020-eye-contour-cream-mille-15ml\/"]}]},{"@type":"ImageObject","inLanguage":"lv-LV","@id":"https:\/\/cosmetic.lv\/lv\/product\/maria-galland-ace-krems-1020-eye-contour-cream-mille-15ml\/#primaryimage","url":"https:\/\/cosmetic.lv\/wp-content\/uploads\/2021\/02\/7315af0ca8ce430ec4e6b5064a2db5f0-4.jpg","contentUrl":"https:\/\/cosmetic.lv\/wp-content\/uploads\/2021\/02\/7315af0ca8ce430ec4e6b5064a2db5f0-4.jpg","width":300,"height":300,"caption":"7315af0ca8ce430ec4e6b5064a2db5f0.jpg"},{"@type":"BreadcrumbList","@id":"https:\/\/cosmetic.lv\/lv\/product\/maria-galland-ace-krems-1020-eye-contour-cream-mille-15ml\/#breadcrumb","itemListElement":[{"@type":"ListItem","position":1,"name":"Home","item":"https:\/\/cosmetic.lv\/lv\/"},{"@type":"ListItem","position":2,"name":"Veikals","item":"https:\/\/cosmetic.lv\/lv\/veiklas\/"},{"@type":"ListItem","position":3,"name":"MARIA GALLAND ace kr\u0113ms 1020 EYE CONTOUR CREAM MILLE 15ml"}]},{"@type":"WebSite","@id":"https:\/\/cosmetic.lv\/lv\/#website","url":"https:\/\/cosmetic.lv\/lv\/","name":"cosmetic.lv","description":"Profesion\u0101la kosm\u0113tika - Maria Galland, Keune, Arkadija, GMT, Guam, Magiray","publisher":{"@id":"https:\/\/cosmetic.lv\/lv\/#organization"},"potentialAction":[{"@type":"SearchAction","target":{"@type":"EntryPoint","urlTemplate":"https:\/\/cosmetic.lv\/lv\/?s={search_term_string}"},"query-input":{"@type":"PropertyValueSpecification","valueRequired":true,"valueName":"search_term_string"}}],"inLanguage":"lv-LV"},{"@type":"Organization","@id":"https:\/\/cosmetic.lv\/lv\/#organization","name":"COSMETIC.LV","url":"https:\/\/cosmetic.lv\/lv\/","logo":{"@type":"ImageObject","inLanguage":"lv-LV","@id":"https:\/\/cosmetic.lv\/lv\/#\/schema\/logo\/image\/","url":"https:\/\/cosmetic.lv\/wp-content\/uploads\/2021\/02\/cosmetic.lv_logo.jpg","contentUrl":"https:\/\/cosmetic.lv\/wp-content\/uploads\/2021\/02\/cosmetic.lv_logo.jpg","width":596,"height":196,"caption":"COSMETIC.LV"},"image":{"@id":"https:\/\/cosmetic.lv\/lv\/#\/schema\/logo\/image\/"},"sameAs":["https:\/\/www.facebook.com\/cosmetic.lv\/"]}]},"product_price_amount":"98.66","product_price_currency":"EUR","og_availability":"instock","product_availability":"instock","product_retailer_item_id":"1020","product_condition":"new"},"_links":{"self":[{"href":"https:\/\/cosmetic.lv\/lv\/wp-json\/wp\/v2\/product\/34867","targetHints":{"allow":["GET"]}}],"collection":[{"href":"https:\/\/cosmetic.lv\/lv\/wp-json\/wp\/v2\/product"}],"about":[{"href":"https:\/\/cosmetic.lv\/lv\/wp-json\/wp\/v2\/types\/product"}],"wp:featuredmedia":[{"embeddable":true,"href":"https:\/\/cosmetic.lv\/lv\/wp-json\/wp\/v2\/media\/17589"}],"wp:attachment":[{"href":"https:\/\/cosmetic.lv\/lv\/wp-json\/wp\/v2\/media?parent=34867"}],"wp:term":[{"taxonomy":"product_brand","embeddable":true,"href":"https:\/\/cosmetic.lv\/lv\/wp-json\/wp\/v2\/product_brand?post=34867"},{"taxonomy":"product_cat","embeddable":true,"href":"https:\/\/cosmetic.lv\/lv\/wp-json\/wp\/v2\/product_cat?post=34867"},{"taxonomy":"product_tag","embeddable":true,"href":"https:\/\/cosmetic.lv\/lv\/wp-json\/wp\/v2\/product_tag?post=34867"}],"curies":[{"name":"wp","href":"https:\/\/api.w.org\/{rel}","templated":true}]}}