{"id":34878,"date":"2021-02-05T22:45:36","date_gmt":"2021-02-06T17:58:48","guid":{"rendered":"https:\/\/damme.lv\/product\/karaliskais-skaistuma-rullis-sejai-un-kaklam\/"},"modified":"2021-02-06T19:58:48","modified_gmt":"2021-02-06T17:58:48","slug":"karaliskais-skaistuma-rullis-sejai-un-kaklam","status":"publish","type":"product","link":"https:\/\/cosmetic.lv\/lv\/product\/karaliskais-skaistuma-rullis-sejai-un-kaklam\/","title":{"rendered":"Karaliskais skaistuma rullis sejai un kaklam"},"content":{"rendered":"<p><!DOCTYPE html PUBLIC &quot;-\/\/W3C\/\/DTD XHTML 1.0 Transitional\/\/EN&quot; &quot;http:\/\/www.w3.org\/TR\/xhtml1\/DTD\/xhtml1-transitional.dtd&quot;><br \/>\n<html><br \/>\n<head><br \/>\n<title>Untitled document<\/title><br \/>\n<\/head><br \/>\n<body><\/p>\n<p>Nefr\u012bta masieris pret sejas un kakla  grumb\u0101m. Lieto&scaron;ana lietot rull\u012bti uz priek&scaron;u vai atpaka\u013c 10-15 min\u016btes dien\u0101.<\/p>\n<p><span>Izmantojot:<\/p>\n<p> Mas\u0101\u017ea j\u0101veic regul\u0101ri, tikai tad tas dos v\u0113lamo efektu.<br \/> Pirms lieto&scaron;anas masieri vajadz\u0113tu atdzes\u0113t.<br \/> Mas\u0101\u017eas laik\u0101 izmantojiet t\u0101das dab\u012bgas e\u013c\u013cas k\u0101 arg\u0101ns, lavanda vai marula.<br \/> Mas\u0101\u017eas laik\u0101 p\u0101rvietojieties no sejas iek&scaron;puses uz \u0101rpusi.<\/p>\n<p>Uzman\u012bbu:<\/p>\n<p>1. Izvairieties no met\u0101la deta\u013cu saskares ar \u016bdeni. Velt\u0146us vislab\u0101k not\u012br\u012bt ar micel\u0101ru &scaron;\u0137idrumu un vates tamponu.<\/p>\n<p>2. Lai masieris nezaud\u0113tu savas \u012bpa&scaron;\u012bbas, ik p\u0113c p\u0101ris ned\u0113\u013c\u0101m atst\u0101jiet to saulain\u0101 viet\u0101. Tas \u013caus akmenim uzl\u0101d\u0113t saules ener\u0123iju.<\/span><\/p>\n<p>garums 10cm 1 gabals<\/p>\n<p><\/body><br \/>\n<\/html><\/p>\n","protected":false},"excerpt":{"rendered":"<p>Untitled document Nefr\u012bta masieris pret sejas un kakla grumb\u0101m. Lieto&scaron;ana lietot rull\u012bti uz priek&scaron;u vai atpaka\u013c 10-15 min\u016btes dien\u0101. Izmantojot:<\/p>\n","protected":false},"featured_media":11294,"template":"","meta":[],"product_brand":[],"product_cat":[2225],"product_tag":[],"class_list":{"0":"post-34878","1":"product","2":"type-product","3":"status-publish","4":"has-post-thumbnail","6":"product_cat-masazas-lidzekli-lv","8":"first","9":"outofstock","10":"taxable","11":"shipping-taxable","12":"purchasable","13":"product-type-simple"},"yoast_head":"<!-- This site is optimized with the Yoast SEO Premium plugin v27.0 (Yoast SEO v27.0) - https:\/\/yoast.com\/product\/yoast-seo-premium-wordpress\/ -->\n<title>Karaliskais skaistuma rullis sejai un kaklam - cosmetic.lv<\/title>\n<meta name=\"robots\" content=\"index, follow, max-snippet:-1, max-image-preview:large, max-video-preview:-1\" \/>\n<link rel=\"canonical\" href=\"https:\/\/cosmetic.lv\/lv\/product\/karaliskais-skaistuma-rullis-sejai-un-kaklam\/\" \/>\n<meta property=\"og:locale\" content=\"lv_LV\" \/>\n<meta property=\"og:type\" content=\"article\" \/>\n<meta property=\"og:title\" content=\"Karaliskais skaistuma rullis sejai un kaklam\" \/>\n<meta property=\"og:description\" content=\"Untitled document Nefr\u012bta masieris pret sejas un kakla grumb\u0101m. Lieto&scaron;ana lietot rull\u012bti uz priek&scaron;u vai atpaka\u013c 10-15 min\u016btes dien\u0101. Izmantojot:\" \/>\n<meta property=\"og:url\" content=\"https:\/\/cosmetic.lv\/lv\/product\/karaliskais-skaistuma-rullis-sejai-un-kaklam\/\" \/>\n<meta property=\"og:site_name\" content=\"cosmetic.lv\" \/>\n<meta property=\"article:publisher\" content=\"https:\/\/www.facebook.com\/cosmetic.lv\/\" \/>\n<meta property=\"og:image\" content=\"https:\/\/cosmetic.lv\/wp-content\/uploads\/2021\/02\/20190611_1202381.jpg\" \/>\n\t<meta property=\"og:image:width\" content=\"800\" \/>\n\t<meta property=\"og:image:height\" content=\"509\" \/>\n\t<meta property=\"og:image:type\" content=\"image\/jpeg\" \/>\n<meta name=\"twitter:card\" content=\"summary_large_image\" \/>\n<script type=\"application\/ld+json\" class=\"yoast-schema-graph\">{\"@context\":\"https:\/\/schema.org\",\"@graph\":[{\"@type\":\"WebPage\",\"@id\":\"https:\/\/cosmetic.lv\/lv\/product\/karaliskais-skaistuma-rullis-sejai-un-kaklam\/\",\"url\":\"https:\/\/cosmetic.lv\/lv\/product\/karaliskais-skaistuma-rullis-sejai-un-kaklam\/\",\"name\":\"Karaliskais skaistuma rullis sejai un kaklam - cosmetic.lv\",\"isPartOf\":{\"@id\":\"https:\/\/cosmetic.lv\/lv\/#website\"},\"primaryImageOfPage\":{\"@id\":\"https:\/\/cosmetic.lv\/lv\/product\/karaliskais-skaistuma-rullis-sejai-un-kaklam\/#primaryimage\"},\"image\":{\"@id\":\"https:\/\/cosmetic.lv\/lv\/product\/karaliskais-skaistuma-rullis-sejai-un-kaklam\/#primaryimage\"},\"thumbnailUrl\":\"https:\/\/cosmetic.lv\/wp-content\/uploads\/2021\/02\/20190611_1202381.jpg\",\"datePublished\":\"2021-02-06T17:58:48+00:00\",\"breadcrumb\":{\"@id\":\"https:\/\/cosmetic.lv\/lv\/product\/karaliskais-skaistuma-rullis-sejai-un-kaklam\/#breadcrumb\"},\"inLanguage\":\"lv-LV\",\"potentialAction\":[{\"@type\":\"ReadAction\",\"target\":[\"https:\/\/cosmetic.lv\/lv\/product\/karaliskais-skaistuma-rullis-sejai-un-kaklam\/\"]}]},{\"@type\":\"ImageObject\",\"inLanguage\":\"lv-LV\",\"@id\":\"https:\/\/cosmetic.lv\/lv\/product\/karaliskais-skaistuma-rullis-sejai-un-kaklam\/#primaryimage\",\"url\":\"https:\/\/cosmetic.lv\/wp-content\/uploads\/2021\/02\/20190611_1202381.jpg\",\"contentUrl\":\"https:\/\/cosmetic.lv\/wp-content\/uploads\/2021\/02\/20190611_1202381.jpg\",\"width\":800,\"height\":509,\"caption\":\"20190611_120238[1].jpg\"},{\"@type\":\"BreadcrumbList\",\"@id\":\"https:\/\/cosmetic.lv\/lv\/product\/karaliskais-skaistuma-rullis-sejai-un-kaklam\/#breadcrumb\",\"itemListElement\":[{\"@type\":\"ListItem\",\"position\":1,\"name\":\"Home\",\"item\":\"https:\/\/cosmetic.lv\/lv\/\"},{\"@type\":\"ListItem\",\"position\":2,\"name\":\"Veikals\",\"item\":\"https:\/\/cosmetic.lv\/lv\/veiklas\/\"},{\"@type\":\"ListItem\",\"position\":3,\"name\":\"Karaliskais skaistuma rullis sejai un kaklam\"}]},{\"@type\":\"WebSite\",\"@id\":\"https:\/\/cosmetic.lv\/lv\/#website\",\"url\":\"https:\/\/cosmetic.lv\/lv\/\",\"name\":\"cosmetic.lv\",\"description\":\"Profesion\u0101la kosm\u0113tika - Maria Galland, Keune, Arkadija, GMT, Guam, Magiray\",\"publisher\":{\"@id\":\"https:\/\/cosmetic.lv\/lv\/#organization\"},\"potentialAction\":[{\"@type\":\"SearchAction\",\"target\":{\"@type\":\"EntryPoint\",\"urlTemplate\":\"https:\/\/cosmetic.lv\/lv\/?s={search_term_string}\"},\"query-input\":{\"@type\":\"PropertyValueSpecification\",\"valueRequired\":true,\"valueName\":\"search_term_string\"}}],\"inLanguage\":\"lv-LV\"},{\"@type\":\"Organization\",\"@id\":\"https:\/\/cosmetic.lv\/lv\/#organization\",\"name\":\"COSMETIC.LV\",\"url\":\"https:\/\/cosmetic.lv\/lv\/\",\"logo\":{\"@type\":\"ImageObject\",\"inLanguage\":\"lv-LV\",\"@id\":\"https:\/\/cosmetic.lv\/lv\/#\/schema\/logo\/image\/\",\"url\":\"https:\/\/cosmetic.lv\/wp-content\/uploads\/2021\/02\/cosmetic.lv_logo.jpg\",\"contentUrl\":\"https:\/\/cosmetic.lv\/wp-content\/uploads\/2021\/02\/cosmetic.lv_logo.jpg\",\"width\":596,\"height\":196,\"caption\":\"COSMETIC.LV\"},\"image\":{\"@id\":\"https:\/\/cosmetic.lv\/lv\/#\/schema\/logo\/image\/\"},\"sameAs\":[\"https:\/\/www.facebook.com\/cosmetic.lv\/\"]}]}<\/script>\n<meta property=\"product:price:amount\" content=\"7.97\" \/>\n<meta property=\"product:price:currency\" content=\"EUR\" \/>\n<meta property=\"og:availability\" content=\"out of stock\" \/>\n<meta property=\"product:availability\" content=\"out of stock\" \/>\n<meta property=\"product:retailer_item_id\" content=\"karmas\" \/>\n<meta property=\"product:condition\" content=\"new\" \/>\n<!-- \/ Yoast SEO Premium plugin. -->","yoast_head_json":{"title":"Karaliskais skaistuma rullis sejai un kaklam - cosmetic.lv","robots":{"index":"index","follow":"follow","max-snippet":"max-snippet:-1","max-image-preview":"max-image-preview:large","max-video-preview":"max-video-preview:-1"},"canonical":"https:\/\/cosmetic.lv\/lv\/product\/karaliskais-skaistuma-rullis-sejai-un-kaklam\/","og_locale":"lv_LV","og_type":"article","og_title":"Karaliskais skaistuma rullis sejai un kaklam","og_description":"Untitled document Nefr\u012bta masieris pret sejas un kakla grumb\u0101m. Lieto&scaron;ana lietot rull\u012bti uz priek&scaron;u vai atpaka\u013c 10-15 min\u016btes dien\u0101. Izmantojot:","og_url":"https:\/\/cosmetic.lv\/lv\/product\/karaliskais-skaistuma-rullis-sejai-un-kaklam\/","og_site_name":"cosmetic.lv","article_publisher":"https:\/\/www.facebook.com\/cosmetic.lv\/","og_image":[{"width":800,"height":509,"url":"https:\/\/cosmetic.lv\/wp-content\/uploads\/2021\/02\/20190611_1202381.jpg","type":"image\/jpeg"}],"twitter_card":"summary_large_image","schema":{"@context":"https:\/\/schema.org","@graph":[{"@type":"WebPage","@id":"https:\/\/cosmetic.lv\/lv\/product\/karaliskais-skaistuma-rullis-sejai-un-kaklam\/","url":"https:\/\/cosmetic.lv\/lv\/product\/karaliskais-skaistuma-rullis-sejai-un-kaklam\/","name":"Karaliskais skaistuma rullis sejai un kaklam - cosmetic.lv","isPartOf":{"@id":"https:\/\/cosmetic.lv\/lv\/#website"},"primaryImageOfPage":{"@id":"https:\/\/cosmetic.lv\/lv\/product\/karaliskais-skaistuma-rullis-sejai-un-kaklam\/#primaryimage"},"image":{"@id":"https:\/\/cosmetic.lv\/lv\/product\/karaliskais-skaistuma-rullis-sejai-un-kaklam\/#primaryimage"},"thumbnailUrl":"https:\/\/cosmetic.lv\/wp-content\/uploads\/2021\/02\/20190611_1202381.jpg","datePublished":"2021-02-06T17:58:48+00:00","breadcrumb":{"@id":"https:\/\/cosmetic.lv\/lv\/product\/karaliskais-skaistuma-rullis-sejai-un-kaklam\/#breadcrumb"},"inLanguage":"lv-LV","potentialAction":[{"@type":"ReadAction","target":["https:\/\/cosmetic.lv\/lv\/product\/karaliskais-skaistuma-rullis-sejai-un-kaklam\/"]}]},{"@type":"ImageObject","inLanguage":"lv-LV","@id":"https:\/\/cosmetic.lv\/lv\/product\/karaliskais-skaistuma-rullis-sejai-un-kaklam\/#primaryimage","url":"https:\/\/cosmetic.lv\/wp-content\/uploads\/2021\/02\/20190611_1202381.jpg","contentUrl":"https:\/\/cosmetic.lv\/wp-content\/uploads\/2021\/02\/20190611_1202381.jpg","width":800,"height":509,"caption":"20190611_120238[1].jpg"},{"@type":"BreadcrumbList","@id":"https:\/\/cosmetic.lv\/lv\/product\/karaliskais-skaistuma-rullis-sejai-un-kaklam\/#breadcrumb","itemListElement":[{"@type":"ListItem","position":1,"name":"Home","item":"https:\/\/cosmetic.lv\/lv\/"},{"@type":"ListItem","position":2,"name":"Veikals","item":"https:\/\/cosmetic.lv\/lv\/veiklas\/"},{"@type":"ListItem","position":3,"name":"Karaliskais skaistuma rullis sejai un kaklam"}]},{"@type":"WebSite","@id":"https:\/\/cosmetic.lv\/lv\/#website","url":"https:\/\/cosmetic.lv\/lv\/","name":"cosmetic.lv","description":"Profesion\u0101la kosm\u0113tika - Maria Galland, Keune, Arkadija, GMT, Guam, Magiray","publisher":{"@id":"https:\/\/cosmetic.lv\/lv\/#organization"},"potentialAction":[{"@type":"SearchAction","target":{"@type":"EntryPoint","urlTemplate":"https:\/\/cosmetic.lv\/lv\/?s={search_term_string}"},"query-input":{"@type":"PropertyValueSpecification","valueRequired":true,"valueName":"search_term_string"}}],"inLanguage":"lv-LV"},{"@type":"Organization","@id":"https:\/\/cosmetic.lv\/lv\/#organization","name":"COSMETIC.LV","url":"https:\/\/cosmetic.lv\/lv\/","logo":{"@type":"ImageObject","inLanguage":"lv-LV","@id":"https:\/\/cosmetic.lv\/lv\/#\/schema\/logo\/image\/","url":"https:\/\/cosmetic.lv\/wp-content\/uploads\/2021\/02\/cosmetic.lv_logo.jpg","contentUrl":"https:\/\/cosmetic.lv\/wp-content\/uploads\/2021\/02\/cosmetic.lv_logo.jpg","width":596,"height":196,"caption":"COSMETIC.LV"},"image":{"@id":"https:\/\/cosmetic.lv\/lv\/#\/schema\/logo\/image\/"},"sameAs":["https:\/\/www.facebook.com\/cosmetic.lv\/"]}]},"product_price_amount":"7.97","product_price_currency":"EUR","og_availability":"out of stock","product_availability":"out of stock","product_retailer_item_id":"karmas","product_condition":"new"},"_links":{"self":[{"href":"https:\/\/cosmetic.lv\/lv\/wp-json\/wp\/v2\/product\/34878","targetHints":{"allow":["GET"]}}],"collection":[{"href":"https:\/\/cosmetic.lv\/lv\/wp-json\/wp\/v2\/product"}],"about":[{"href":"https:\/\/cosmetic.lv\/lv\/wp-json\/wp\/v2\/types\/product"}],"wp:featuredmedia":[{"embeddable":true,"href":"https:\/\/cosmetic.lv\/lv\/wp-json\/wp\/v2\/media\/11294"}],"wp:attachment":[{"href":"https:\/\/cosmetic.lv\/lv\/wp-json\/wp\/v2\/media?parent=34878"}],"wp:term":[{"taxonomy":"product_brand","embeddable":true,"href":"https:\/\/cosmetic.lv\/lv\/wp-json\/wp\/v2\/product_brand?post=34878"},{"taxonomy":"product_cat","embeddable":true,"href":"https:\/\/cosmetic.lv\/lv\/wp-json\/wp\/v2\/product_cat?post=34878"},{"taxonomy":"product_tag","embeddable":true,"href":"https:\/\/cosmetic.lv\/lv\/wp-json\/wp\/v2\/product_tag?post=34878"}],"curies":[{"name":"wp","href":"https:\/\/api.w.org\/{rel}","templated":true}]}}