{"id":34882,"date":"2021-02-05T22:45:36","date_gmt":"2021-02-06T17:58:48","guid":{"rendered":"https:\/\/damme.lv\/product\/birste-dabiska-sausai-masazai-long\/"},"modified":"2021-03-07T14:59:37","modified_gmt":"2021-03-07T12:59:37","slug":"birste-dabiska-sausai-masazai-long","status":"publish","type":"product","link":"https:\/\/cosmetic.lv\/lv\/product\/birste-dabiska-sausai-masazai-long\/","title":{"rendered":"Birste dabiska sausai mas\u0101\u017eai long"},"content":{"rendered":"<p>Apraksts Birste dabiska sausai mas\u0101\u017eai \u0136erme\u0146a mas\u0101\u017eas suka ir lab\u0101kais celul\u012bta dren\u0101\u017eas l\u012bdzeklis. Mas\u0101\u017ea pal\u012bdz no\u0146emt epidermas miru\u0161\u0101s \u0101das \u0161\u016bnas, padarot \u0101du skaist\u0101ku katru dienu. \u0160\u012b proced\u016bra stimul\u0113 asinsriti, likvid\u0113 lieko \u0161\u0137idrumu, nov\u0113r\u0161 toks\u012bnus un toks\u012bnus. Pretcelul\u012bta mas\u0101\u017ea ar sausu suku nodro\u0161in\u0101s \u016bdens un s\u0101ls l\u012bdzsvaru un samazin\u0101s piet\u016bkumu. \u2800 \u2022 Mas\u0101\u017ea j\u0101veic m\u016bsu \u0137erme\u0146a mas\u0101\u017eas l\u012bnij\u0101s &#8211; no k\u0101j\u0101m un plaukst\u0101m uz sirdi. \u2800 \u2022 Vai mas\u0101\u017eai j\u0101b\u016bt stingri sausai \u0101dai. \u2800 \u2022 Nelietojiet suku varikozas v\u0113nas, psori\u0101zi un citas \u0101das slim\u012bbas. Ja jums ir k\u0101ds, tad konsult\u0101cija ar \u0101rstu neb\u016bs lieka. \u2800 \u2022 ap\u013cveida kust\u012bbas &#8211; pareiz\u0101 izv\u0113le. Tie nedr\u012bkst b\u016bt asas un gaismas. \u2800 \u2022 Uzmanieties ar jut\u012bg\u0101m zon\u0101m, piem\u0113ram, gurnu iek\u0161pusi. \u2800 \u2022 Lab\u0101k nav pieskarties kr\u016b\u0161u un dekolt\u0113 zonai, \u0101da \u0161eit ir tik maiga. \u2800 \u2022 Mas\u0101\u017ea ap nabu apvid\u016b pulkste\u0146r\u0101d\u012bt\u0101ja virzien\u0101 bez sp\u0113c\u012bga spiediena. \u2800 Nu, ja jums ir neliela tirp\u0161ana un viegls sarktums. Sp\u0113c\u012bgi nav nepiecie\u0161ams daudz klik\u0161\u0137in\u0101t uz sukas! dabiska<\/p>\n","protected":false},"excerpt":{"rendered":"<p>Apraksts Birste dabiska sausai mas\u0101\u017eai \u0136erme\u0146a mas\u0101\u017eas suka ir lab\u0101kais celul\u012bta dren\u0101\u017eas l\u012bdzeklis. Mas\u0101\u017ea pal\u012bdz no\u0146emt epidermas miru\u0161\u0101s \u0101das \u0161\u016bnas,<\/p>\n","protected":false},"featured_media":17614,"template":"","meta":[],"product_brand":[],"product_cat":[2231,2235],"product_tag":[],"class_list":{"0":"post-34882","1":"product","2":"type-product","3":"status-publish","4":"has-post-thumbnail","6":"product_cat-atveselojosas-preces-lv","7":"product_cat-kermenim-lv","9":"first","10":"outofstock","11":"sale","12":"featured","13":"taxable","14":"shipping-taxable","15":"purchasable","16":"product-type-simple"},"yoast_head":"<!-- This site is optimized with the Yoast SEO Premium plugin v27.0 (Yoast SEO v27.0) - https:\/\/yoast.com\/product\/yoast-seo-premium-wordpress\/ -->\n<title>Birste dabiska sausai mas\u0101\u017eai long - cosmetic.lv<\/title>\n<meta name=\"robots\" content=\"index, follow, max-snippet:-1, max-image-preview:large, max-video-preview:-1\" \/>\n<link rel=\"canonical\" href=\"https:\/\/cosmetic.lv\/lv\/product\/birste-dabiska-sausai-masazai-long\/\" \/>\n<meta property=\"og:locale\" content=\"lv_LV\" \/>\n<meta property=\"og:type\" content=\"article\" \/>\n<meta property=\"og:title\" content=\"Birste dabiska sausai mas\u0101\u017eai long\" \/>\n<meta property=\"og:description\" content=\"Apraksts Birste dabiska sausai mas\u0101\u017eai \u0136erme\u0146a mas\u0101\u017eas suka ir lab\u0101kais celul\u012bta dren\u0101\u017eas l\u012bdzeklis. Mas\u0101\u017ea pal\u012bdz no\u0146emt epidermas miru\u0161\u0101s \u0101das \u0161\u016bnas,\" \/>\n<meta property=\"og:url\" content=\"https:\/\/cosmetic.lv\/lv\/product\/birste-dabiska-sausai-masazai-long\/\" \/>\n<meta property=\"og:site_name\" content=\"cosmetic.lv\" \/>\n<meta property=\"article:publisher\" content=\"https:\/\/www.facebook.com\/cosmetic.lv\/\" \/>\n<meta property=\"article:modified_time\" content=\"2021-03-07T12:59:37+00:00\" \/>\n<meta property=\"og:image\" content=\"https:\/\/cosmetic.lv\/wp-content\/uploads\/2021\/02\/20190530_110046-4.jpg\" \/>\n\t<meta property=\"og:image:width\" content=\"800\" \/>\n\t<meta property=\"og:image:height\" content=\"193\" \/>\n\t<meta property=\"og:image:type\" content=\"image\/jpeg\" \/>\n<meta name=\"twitter:card\" content=\"summary_large_image\" \/>\n<script type=\"application\/ld+json\" class=\"yoast-schema-graph\">{\"@context\":\"https:\/\/schema.org\",\"@graph\":[{\"@type\":\"WebPage\",\"@id\":\"https:\/\/cosmetic.lv\/lv\/product\/birste-dabiska-sausai-masazai-long\/\",\"url\":\"https:\/\/cosmetic.lv\/lv\/product\/birste-dabiska-sausai-masazai-long\/\",\"name\":\"Birste dabiska sausai mas\u0101\u017eai long - cosmetic.lv\",\"isPartOf\":{\"@id\":\"https:\/\/cosmetic.lv\/lv\/#website\"},\"primaryImageOfPage\":{\"@id\":\"https:\/\/cosmetic.lv\/lv\/product\/birste-dabiska-sausai-masazai-long\/#primaryimage\"},\"image\":{\"@id\":\"https:\/\/cosmetic.lv\/lv\/product\/birste-dabiska-sausai-masazai-long\/#primaryimage\"},\"thumbnailUrl\":\"https:\/\/cosmetic.lv\/wp-content\/uploads\/2021\/02\/20190530_110046-4.jpg\",\"datePublished\":\"2021-02-06T17:58:48+00:00\",\"dateModified\":\"2021-03-07T12:59:37+00:00\",\"breadcrumb\":{\"@id\":\"https:\/\/cosmetic.lv\/lv\/product\/birste-dabiska-sausai-masazai-long\/#breadcrumb\"},\"inLanguage\":\"lv-LV\",\"potentialAction\":[{\"@type\":\"ReadAction\",\"target\":[\"https:\/\/cosmetic.lv\/lv\/product\/birste-dabiska-sausai-masazai-long\/\"]}]},{\"@type\":\"ImageObject\",\"inLanguage\":\"lv-LV\",\"@id\":\"https:\/\/cosmetic.lv\/lv\/product\/birste-dabiska-sausai-masazai-long\/#primaryimage\",\"url\":\"https:\/\/cosmetic.lv\/wp-content\/uploads\/2021\/02\/20190530_110046-4.jpg\",\"contentUrl\":\"https:\/\/cosmetic.lv\/wp-content\/uploads\/2021\/02\/20190530_110046-4.jpg\",\"width\":800,\"height\":193,\"caption\":\"20190530_110046.jpg\"},{\"@type\":\"BreadcrumbList\",\"@id\":\"https:\/\/cosmetic.lv\/lv\/product\/birste-dabiska-sausai-masazai-long\/#breadcrumb\",\"itemListElement\":[{\"@type\":\"ListItem\",\"position\":1,\"name\":\"Home\",\"item\":\"https:\/\/cosmetic.lv\/lv\/\"},{\"@type\":\"ListItem\",\"position\":2,\"name\":\"Veikals\",\"item\":\"https:\/\/cosmetic.lv\/lv\/veiklas\/\"},{\"@type\":\"ListItem\",\"position\":3,\"name\":\"Birste dabiska sausai mas\u0101\u017eai long\"}]},{\"@type\":\"WebSite\",\"@id\":\"https:\/\/cosmetic.lv\/lv\/#website\",\"url\":\"https:\/\/cosmetic.lv\/lv\/\",\"name\":\"cosmetic.lv\",\"description\":\"Profesion\u0101la kosm\u0113tika - Maria Galland, Keune, Arkadija, GMT, Guam, Magiray\",\"publisher\":{\"@id\":\"https:\/\/cosmetic.lv\/lv\/#organization\"},\"potentialAction\":[{\"@type\":\"SearchAction\",\"target\":{\"@type\":\"EntryPoint\",\"urlTemplate\":\"https:\/\/cosmetic.lv\/lv\/?s={search_term_string}\"},\"query-input\":{\"@type\":\"PropertyValueSpecification\",\"valueRequired\":true,\"valueName\":\"search_term_string\"}}],\"inLanguage\":\"lv-LV\"},{\"@type\":\"Organization\",\"@id\":\"https:\/\/cosmetic.lv\/lv\/#organization\",\"name\":\"COSMETIC.LV\",\"url\":\"https:\/\/cosmetic.lv\/lv\/\",\"logo\":{\"@type\":\"ImageObject\",\"inLanguage\":\"lv-LV\",\"@id\":\"https:\/\/cosmetic.lv\/lv\/#\/schema\/logo\/image\/\",\"url\":\"https:\/\/cosmetic.lv\/wp-content\/uploads\/2021\/02\/cosmetic.lv_logo.jpg\",\"contentUrl\":\"https:\/\/cosmetic.lv\/wp-content\/uploads\/2021\/02\/cosmetic.lv_logo.jpg\",\"width\":596,\"height\":196,\"caption\":\"COSMETIC.LV\"},\"image\":{\"@id\":\"https:\/\/cosmetic.lv\/lv\/#\/schema\/logo\/image\/\"},\"sameAs\":[\"https:\/\/www.facebook.com\/cosmetic.lv\/\"]}]}<\/script>\n<meta property=\"product:price:amount\" content=\"8.90\" \/>\n<meta property=\"product:price:currency\" content=\"EUR\" \/>\n<meta property=\"og:availability\" content=\"out of stock\" \/>\n<meta property=\"product:availability\" content=\"out of stock\" \/>\n<meta property=\"product:retailer_item_id\" content=\"sausmas\" \/>\n<meta property=\"product:condition\" content=\"new\" \/>\n<!-- \/ Yoast SEO Premium plugin. -->","yoast_head_json":{"title":"Birste dabiska sausai mas\u0101\u017eai long - cosmetic.lv","robots":{"index":"index","follow":"follow","max-snippet":"max-snippet:-1","max-image-preview":"max-image-preview:large","max-video-preview":"max-video-preview:-1"},"canonical":"https:\/\/cosmetic.lv\/lv\/product\/birste-dabiska-sausai-masazai-long\/","og_locale":"lv_LV","og_type":"article","og_title":"Birste dabiska sausai mas\u0101\u017eai long","og_description":"Apraksts Birste dabiska sausai mas\u0101\u017eai \u0136erme\u0146a mas\u0101\u017eas suka ir lab\u0101kais celul\u012bta dren\u0101\u017eas l\u012bdzeklis. Mas\u0101\u017ea pal\u012bdz no\u0146emt epidermas miru\u0161\u0101s \u0101das \u0161\u016bnas,","og_url":"https:\/\/cosmetic.lv\/lv\/product\/birste-dabiska-sausai-masazai-long\/","og_site_name":"cosmetic.lv","article_publisher":"https:\/\/www.facebook.com\/cosmetic.lv\/","article_modified_time":"2021-03-07T12:59:37+00:00","og_image":[{"width":800,"height":193,"url":"https:\/\/cosmetic.lv\/wp-content\/uploads\/2021\/02\/20190530_110046-4.jpg","type":"image\/jpeg"}],"twitter_card":"summary_large_image","schema":{"@context":"https:\/\/schema.org","@graph":[{"@type":"WebPage","@id":"https:\/\/cosmetic.lv\/lv\/product\/birste-dabiska-sausai-masazai-long\/","url":"https:\/\/cosmetic.lv\/lv\/product\/birste-dabiska-sausai-masazai-long\/","name":"Birste dabiska sausai mas\u0101\u017eai long - cosmetic.lv","isPartOf":{"@id":"https:\/\/cosmetic.lv\/lv\/#website"},"primaryImageOfPage":{"@id":"https:\/\/cosmetic.lv\/lv\/product\/birste-dabiska-sausai-masazai-long\/#primaryimage"},"image":{"@id":"https:\/\/cosmetic.lv\/lv\/product\/birste-dabiska-sausai-masazai-long\/#primaryimage"},"thumbnailUrl":"https:\/\/cosmetic.lv\/wp-content\/uploads\/2021\/02\/20190530_110046-4.jpg","datePublished":"2021-02-06T17:58:48+00:00","dateModified":"2021-03-07T12:59:37+00:00","breadcrumb":{"@id":"https:\/\/cosmetic.lv\/lv\/product\/birste-dabiska-sausai-masazai-long\/#breadcrumb"},"inLanguage":"lv-LV","potentialAction":[{"@type":"ReadAction","target":["https:\/\/cosmetic.lv\/lv\/product\/birste-dabiska-sausai-masazai-long\/"]}]},{"@type":"ImageObject","inLanguage":"lv-LV","@id":"https:\/\/cosmetic.lv\/lv\/product\/birste-dabiska-sausai-masazai-long\/#primaryimage","url":"https:\/\/cosmetic.lv\/wp-content\/uploads\/2021\/02\/20190530_110046-4.jpg","contentUrl":"https:\/\/cosmetic.lv\/wp-content\/uploads\/2021\/02\/20190530_110046-4.jpg","width":800,"height":193,"caption":"20190530_110046.jpg"},{"@type":"BreadcrumbList","@id":"https:\/\/cosmetic.lv\/lv\/product\/birste-dabiska-sausai-masazai-long\/#breadcrumb","itemListElement":[{"@type":"ListItem","position":1,"name":"Home","item":"https:\/\/cosmetic.lv\/lv\/"},{"@type":"ListItem","position":2,"name":"Veikals","item":"https:\/\/cosmetic.lv\/lv\/veiklas\/"},{"@type":"ListItem","position":3,"name":"Birste dabiska sausai mas\u0101\u017eai long"}]},{"@type":"WebSite","@id":"https:\/\/cosmetic.lv\/lv\/#website","url":"https:\/\/cosmetic.lv\/lv\/","name":"cosmetic.lv","description":"Profesion\u0101la kosm\u0113tika - Maria Galland, Keune, Arkadija, GMT, Guam, Magiray","publisher":{"@id":"https:\/\/cosmetic.lv\/lv\/#organization"},"potentialAction":[{"@type":"SearchAction","target":{"@type":"EntryPoint","urlTemplate":"https:\/\/cosmetic.lv\/lv\/?s={search_term_string}"},"query-input":{"@type":"PropertyValueSpecification","valueRequired":true,"valueName":"search_term_string"}}],"inLanguage":"lv-LV"},{"@type":"Organization","@id":"https:\/\/cosmetic.lv\/lv\/#organization","name":"COSMETIC.LV","url":"https:\/\/cosmetic.lv\/lv\/","logo":{"@type":"ImageObject","inLanguage":"lv-LV","@id":"https:\/\/cosmetic.lv\/lv\/#\/schema\/logo\/image\/","url":"https:\/\/cosmetic.lv\/wp-content\/uploads\/2021\/02\/cosmetic.lv_logo.jpg","contentUrl":"https:\/\/cosmetic.lv\/wp-content\/uploads\/2021\/02\/cosmetic.lv_logo.jpg","width":596,"height":196,"caption":"COSMETIC.LV"},"image":{"@id":"https:\/\/cosmetic.lv\/lv\/#\/schema\/logo\/image\/"},"sameAs":["https:\/\/www.facebook.com\/cosmetic.lv\/"]}]},"product_price_amount":"8.90","product_price_currency":"EUR","og_availability":"out of stock","product_availability":"out of stock","product_retailer_item_id":"sausmas","product_condition":"new"},"_links":{"self":[{"href":"https:\/\/cosmetic.lv\/lv\/wp-json\/wp\/v2\/product\/34882","targetHints":{"allow":["GET"]}}],"collection":[{"href":"https:\/\/cosmetic.lv\/lv\/wp-json\/wp\/v2\/product"}],"about":[{"href":"https:\/\/cosmetic.lv\/lv\/wp-json\/wp\/v2\/types\/product"}],"wp:featuredmedia":[{"embeddable":true,"href":"https:\/\/cosmetic.lv\/lv\/wp-json\/wp\/v2\/media\/17614"}],"wp:attachment":[{"href":"https:\/\/cosmetic.lv\/lv\/wp-json\/wp\/v2\/media?parent=34882"}],"wp:term":[{"taxonomy":"product_brand","embeddable":true,"href":"https:\/\/cosmetic.lv\/lv\/wp-json\/wp\/v2\/product_brand?post=34882"},{"taxonomy":"product_cat","embeddable":true,"href":"https:\/\/cosmetic.lv\/lv\/wp-json\/wp\/v2\/product_cat?post=34882"},{"taxonomy":"product_tag","embeddable":true,"href":"https:\/\/cosmetic.lv\/lv\/wp-json\/wp\/v2\/product_tag?post=34882"}],"curies":[{"name":"wp","href":"https:\/\/api.w.org\/{rel}","templated":true}]}}