{"id":34888,"date":"2021-02-05T22:45:46","date_gmt":"2021-02-06T17:58:55","guid":{"rendered":"https:\/\/damme.lv\/product\/kosmetiskais-parafins-marina-ljunen\/"},"modified":"2021-02-06T19:58:55","modified_gmt":"2021-02-06T17:58:55","slug":"kosmetiskais-parafins-marina-ljunen","status":"publish","type":"product","link":"https:\/\/cosmetic.lv\/lv\/product\/kosmetiskais-parafins-marina-ljunen\/","title":{"rendered":"Kosm\u0113tiskais paraf\u012bns Marina Ljunen"},"content":{"rendered":"<p><!DOCTYPE html PUBLIC &quot;-\/\/W3C\/\/DTD XHTML 1.0 Transitional\/\/EN&quot; &quot;http:\/\/www.w3.org\/TR\/xhtml1\/DTD\/xhtml1-transitional.dtd&quot;><br \/>\n<html><br \/>\n<head><br \/>\n<title>Untitled document<\/title><br \/>\n<\/head><br \/>\n<body><\/p>\n<p>Sast\u0101vs      Paraf\u012bns.     Odorants.  Farmakolo\u0123isk\u0101 iedarb\u012bba  Paraf\u012bns ir lielisks l\u012bdzeklis c\u012b\u0146\u0101 pret \u0101das noveco&scaron;anos, m\u012bkstina un mitrina. Paraf\u012bns ir ide\u0101li piem\u0113rots sausai un dehidr\u0113tai \u0101dai, jo tam ir mitrino&scaron;a un m\u012bkstino&scaron;a iedarb\u012bba. Paraf\u012bna terapija rok\u0101m un k\u0101j\u0101m ir labv\u0113l\u012bga ietekme uz sausu kutikulu un krekinga, jut\u012bgu \u0101du. Paraf\u012bna maskas ir lielisks manik\u012bra un pedik\u012bra papildin\u0101jums. \u0100da atgrie\u017eas gluda, m\u012bksta, rokas un k\u0101jas izskat\u0101s labi koptas. Paraf\u012bna terapija ir indic\u0113ta ar\u012b musku\u013cu un skeleta sist\u0113mas slim\u012bb\u0101m, loc\u012btavu, c\u012bpslu un kaulu traumu sek\u0101m. \u0112rta saj\u016bta un izteiktas dziednieciskas iedarb\u012bbas, lieliski rezult\u0101ti p\u0113c pirm\u0101s proced\u016bras, zemas izmaksas padara paraf\u012bna terapiju par vienu no popul\u0101r\u0101kaj\u0101m un pat\u012bkam\u0101kaj\u0101m kosm\u0113tiskaj\u0101m proced\u016br\u0101m.      Stimul\u0113 asinsriti     atsl\u0101bina musku\u013cus     mazina spriedzes un musku\u013cu spazmas.  Indik\u0101cijas  Lietojumprogramm\u0101s k\u0101 l\u012bdzj\u016bt\u012bga s\u0101pju mazin\u0101&scaron;ana ar:      Artr\u012bts.     Hronisks loc\u012btavu iekaisums.     Musku\u013cu saspringums.     Sprain.     Spazmas.     Sporta traumas vai citas slim\u012bbas, kur\u0101m nepiecie&scaron;ama termisk\u0101 apstr\u0101de.  Ieteicams \u0101rst\u0113&scaron;anai p\u0113c l\u016bzumiem un dislok\u0101cij\u0101m.  Kontrindik\u0101cijas      Visp\u0101r\u0113jas kontrindik\u0101cijas siltuma lieto&scaron;anai.     Individu\u0101la paaugstin\u0101ta jut\u012bba.  K\u0101 lietot, ievad\u012b&scaron;anas kursu un devu      Paraf\u012bns tiek pagatavots \u016bdens vann\u0101.     Ielejiet izkaus\u0113to paraf\u012bnu trauk\u0101 (trauka apak&scaron;\u0101 ir iepriek&scaron; uzkl\u0101ts kokvilnas audums 1&ndash;3 cm).     Atdzes\u0113to paraf\u012bnu (p\u0113c da\u017e\u0101m min\u016bt\u0113m) \u0137erme\u0146a probl\u0113mzonai piem\u0113ro k\u0101 kompresi.     Aug&scaron;\u0113j\u0101 &#8211; ietiniet ar e\u013c\u013cas segumu vai polietil\u0113nu, p\u0113c tam &#8211; ar vilnas audumu.     Proced\u016bras ilgums ir 1-2 stundas, l\u012bdz paraf\u012bns ir piln\u012bgi atdzisis, p\u0113c tam paraf\u012bns tiek izvad\u012bts no organisma.  J\u016bs varat izmantot paraf\u012bna sl\u0101\u0146o&scaron;anas metodi (ar t\u012bru suku, uzkl\u0101jiet izkaus\u0113tu paraf\u012bnu vair\u0101kos sl\u0101\u0146os (1-3 cm) uz \u0101das un p\u0113c tam uzspiest kompresi). Proced\u016bru gaita &#8211; 7-20 programmas. Paraf\u012bnu var izmantot atk\u0101rtoti.  Paraf\u012bna apstr\u0101de k\u0101j\u0101m un rok\u0101m ir viena no popul\u0101r\u0101kaj\u0101m proced\u016br\u0101m un ir ide\u0101ls papildin\u0101jums manik\u012brs un pedik\u012brs. Tikai vien\u0101 proced\u016br\u0101 j\u016bs varat atbr\u012bvoties no sav\u0101m rok\u0101m un k\u0101j\u0101m ar daudz\u0101m probl\u0113m\u0101m: sausumu, plais\u0101m, aps\u0101rtumu un p\u012blingu. \u0100da k\u013c\u016bst piln\u012bgi gluda, m\u012bksta un gluda. Tas ilgu laiku paliek mitrin\u0101ts. Rokas un k\u0101jas izskat\u0101s \u013coti labi uztur\u0113tas. Paraf\u012bna terapija ar\u012b pal\u012bdz aktiviz\u0113t asinsriti, mazina nogurumu un s\u0101pes loc\u012btav\u0101s. Neaizmirstiet par &scaron;\u012bs proced\u016bras relaks\u0113jo&scaron;o iedarb\u012bbu.  Roku kop&scaron;ana      Relaks\u0113jiet roku ar plaukstu uz leju, atdaliet pirkstus.     Iem\u0113rciet rokas uz paraf\u012bnu uz plaukstas loc\u012btavu, no\u0146emiet un turiet vannu t\u0101, lai vasks nepl\u016bst.     P\u0113c 10-15 sekund\u0113m iegremd\u0113jiet roku v\u0113lreiz un no\u0146emiet. Lai sasniegtu visliel\u0101ko efektivit\u0101ti, roku vajadz\u0113tu iegremd\u0113t paraf\u012bn\u0101 l\u012bdz 7 reiz\u0113m, l\u012bdz suka ir piln\u012bb\u0101 p\u0101rkl\u0101ta ar paraf\u012bnu. Neatst\u0101jiet rokas ilgu laiku iegremd\u0113 vann\u0101 (vair\u0101k nek\u0101 2-3 sekundes).     Uzlieciet aizsarg\u0101jo&scaron;u plastmasas maisi\u0146u. Uzvelciet siltu ka\u0137\u0113nu uz aug&scaron;u.     Atk\u0101rtojiet ar otru roku.  Paraf\u012bns atbr\u012bvos siltumu 30 min\u016btes. P\u0113c tam no\u0146emiet kaudz\u012bti un no\u0146emiet paraf\u012bnu, s\u0101kot no rokas uz leju, it k\u0101 no\u0146emot cimdu, tie&scaron;i plastmasas maisi\u0146\u0101.  P\u0113du \u0101das kop&scaron;ana      Iegremd\u0113jiet p\u0113du paraf\u012bn\u0101 uz pot\u012bti.     Saglab\u0101jiet p\u0113du virs tvertnes, turot 10-15 sekun\u017eu interv\u0101lu starp nir&scaron;anu, lai paraf\u012bnam b\u016btu laiks, lai nedaudz saciet\u0113tu, nevis pilienu.         Iegremd\u0113jiet p\u0113du vann\u0101 l\u012bdz 7 reiz\u0113m 2-3 sekundes.     Uzlieciet aizsarg\u0101jo&scaron;u plastmasas maisi\u0146u. Uzlieciet uz aug&scaron;u sasil&scaron;anas ze\u0137es un atk\u0101rtojiet proced\u016bru ar citu p\u0113du.     P\u0113c 30 min\u016bt\u0113m no\u0146emiet ze\u0137es un maigi m\u012bkstiniet k\u0101ju, neno\u0146emot to no plastmasas maisi\u0146a, lai paraf\u012bns nesaboj\u0101tu. P\u0113c tam uzman\u012bgi no\u0146emiet p\u0113du, s\u0101kot no pot\u012btes, un taj\u0101 pa&scaron;\u0101 laik\u0101 no\u0146emiet paraf\u012bnu plastmasas maisi\u0146\u0101.  Apraksts  Paraf\u012bns ir lielisks l\u012bdzeklis c\u012b\u0146\u0101 pret \u0101das noveco&scaron;anos, m\u012bkstina un mitrina. Paraf\u012bns ir ide\u0101li piem\u0113rots sausai un dehidr\u0113tai \u0101dai, jo tam ir mitrino&scaron;a un m\u012bkstino&scaron;a iedarb\u012bba. Paraf\u012bna terapija rok\u0101m un k\u0101j\u0101m ir labv\u0113l\u012bga ietekme uz sausu kutikulu un krekinga, jut\u012bgu \u0101du. Paraf\u012bna maskas ir lielisks manik\u012bra un pedik\u012bra papildin\u0101jums. \u0100da atgrie\u017eas gluda, m\u012bksta, rokas un k\u0101jas izskat\u0101s labi koptas. Paraf\u012bna terapija ir indic\u0113ta ar\u012b musku\u013cu un skeleta sist\u0113mas slim\u012bb\u0101m, loc\u012btavu, c\u012bpslu un kaulu traumu sek\u0101m. \u0112rta saj\u016bta un izteiktas dziednieciskas iedarb\u012bbas, lieliski rezult\u0101ti p\u0113c pirm\u0101s proced\u016bras, zemas izmaksas padara paraf\u012bna terapiju par vienu no popul\u0101r\u0101kaj\u0101m un pat\u012bkam\u0101kaj\u0101m kosm\u0113tiskaj\u0101m proced\u016br\u0101m. \u012apa&scaron;i nor\u0101d\u012bjumi  Pirms lieto&scaron;anas konsult\u0113jieties ar speci\u0101listu.  Neizmantojiet atv\u0113rtu uguni, lai izkaus\u0113tu paraf\u012bnu! Sarg\u0101t no uguns! Uzglab\u0101t b\u0113rniem nepieejam\u0101 viet\u0101!   250g<\/p>\n<p><\/body><br \/>\n<\/html><\/p>\n","protected":false},"excerpt":{"rendered":"<p>Untitled document Sast\u0101vs Paraf\u012bns. Odorants. Farmakolo\u0123isk\u0101 iedarb\u012bba Paraf\u012bns ir lielisks l\u012bdzeklis c\u012b\u0146\u0101 pret \u0101das noveco&scaron;anos, m\u012bkstina un mitrina. Paraf\u012bns ir<\/p>\n","protected":false},"featured_media":17622,"template":"","meta":[],"product_brand":[],"product_cat":[2200,2325],"product_tag":[],"class_list":{"0":"post-34888","1":"product","2":"type-product","3":"status-publish","4":"has-post-thumbnail","6":"product_cat-skaistums-un-veseliba-lv","7":"product_cat-parafins-rokam-un-kajam-lv","9":"first","10":"outofstock","11":"taxable","12":"shipping-taxable","13":"purchasable","14":"product-type-simple"},"yoast_head":"<!-- This site is optimized with the Yoast SEO Premium plugin v27.0 (Yoast SEO v27.0) - https:\/\/yoast.com\/product\/yoast-seo-premium-wordpress\/ -->\n<title>Kosm\u0113tiskais paraf\u012bns Marina Ljunen - cosmetic.lv<\/title>\n<meta name=\"robots\" content=\"index, follow, max-snippet:-1, max-image-preview:large, max-video-preview:-1\" \/>\n<link rel=\"canonical\" href=\"https:\/\/cosmetic.lv\/lv\/product\/kosmetiskais-parafins-marina-ljunen\/\" \/>\n<meta property=\"og:locale\" content=\"lv_LV\" \/>\n<meta property=\"og:type\" content=\"article\" \/>\n<meta property=\"og:title\" content=\"Kosm\u0113tiskais paraf\u012bns Marina Ljunen\" \/>\n<meta property=\"og:description\" content=\"Untitled document Sast\u0101vs Paraf\u012bns. Odorants. Farmakolo\u0123isk\u0101 iedarb\u012bba Paraf\u012bns ir lielisks l\u012bdzeklis c\u012b\u0146\u0101 pret \u0101das noveco&scaron;anos, m\u012bkstina un mitrina. Paraf\u012bns ir\" \/>\n<meta property=\"og:url\" content=\"https:\/\/cosmetic.lv\/lv\/product\/kosmetiskais-parafins-marina-ljunen\/\" \/>\n<meta property=\"og:site_name\" content=\"cosmetic.lv\" \/>\n<meta property=\"article:publisher\" content=\"https:\/\/www.facebook.com\/cosmetic.lv\/\" \/>\n<meta property=\"og:image\" content=\"https:\/\/cosmetic.lv\/wp-content\/uploads\/2021\/02\/parafmarina-4.jpg\" \/>\n\t<meta property=\"og:image:width\" content=\"511\" \/>\n\t<meta property=\"og:image:height\" content=\"511\" \/>\n\t<meta property=\"og:image:type\" content=\"image\/jpeg\" \/>\n<meta name=\"twitter:card\" content=\"summary_large_image\" \/>\n<script type=\"application\/ld+json\" class=\"yoast-schema-graph\">{\"@context\":\"https:\/\/schema.org\",\"@graph\":[{\"@type\":\"WebPage\",\"@id\":\"https:\/\/cosmetic.lv\/lv\/product\/kosmetiskais-parafins-marina-ljunen\/\",\"url\":\"https:\/\/cosmetic.lv\/lv\/product\/kosmetiskais-parafins-marina-ljunen\/\",\"name\":\"Kosm\u0113tiskais paraf\u012bns Marina Ljunen - cosmetic.lv\",\"isPartOf\":{\"@id\":\"https:\/\/cosmetic.lv\/lv\/#website\"},\"primaryImageOfPage\":{\"@id\":\"https:\/\/cosmetic.lv\/lv\/product\/kosmetiskais-parafins-marina-ljunen\/#primaryimage\"},\"image\":{\"@id\":\"https:\/\/cosmetic.lv\/lv\/product\/kosmetiskais-parafins-marina-ljunen\/#primaryimage\"},\"thumbnailUrl\":\"https:\/\/cosmetic.lv\/wp-content\/uploads\/2021\/02\/parafmarina-4.jpg\",\"datePublished\":\"2021-02-06T17:58:55+00:00\",\"breadcrumb\":{\"@id\":\"https:\/\/cosmetic.lv\/lv\/product\/kosmetiskais-parafins-marina-ljunen\/#breadcrumb\"},\"inLanguage\":\"lv-LV\",\"potentialAction\":[{\"@type\":\"ReadAction\",\"target\":[\"https:\/\/cosmetic.lv\/lv\/product\/kosmetiskais-parafins-marina-ljunen\/\"]}]},{\"@type\":\"ImageObject\",\"inLanguage\":\"lv-LV\",\"@id\":\"https:\/\/cosmetic.lv\/lv\/product\/kosmetiskais-parafins-marina-ljunen\/#primaryimage\",\"url\":\"https:\/\/cosmetic.lv\/wp-content\/uploads\/2021\/02\/parafmarina-4.jpg\",\"contentUrl\":\"https:\/\/cosmetic.lv\/wp-content\/uploads\/2021\/02\/parafmarina-4.jpg\",\"width\":511,\"height\":511,\"caption\":\"parafmarina.jpg\"},{\"@type\":\"BreadcrumbList\",\"@id\":\"https:\/\/cosmetic.lv\/lv\/product\/kosmetiskais-parafins-marina-ljunen\/#breadcrumb\",\"itemListElement\":[{\"@type\":\"ListItem\",\"position\":1,\"name\":\"Home\",\"item\":\"https:\/\/cosmetic.lv\/lv\/\"},{\"@type\":\"ListItem\",\"position\":2,\"name\":\"Veikals\",\"item\":\"https:\/\/cosmetic.lv\/lv\/veiklas\/\"},{\"@type\":\"ListItem\",\"position\":3,\"name\":\"Kosm\u0113tiskais paraf\u012bns Marina Ljunen\"}]},{\"@type\":\"WebSite\",\"@id\":\"https:\/\/cosmetic.lv\/lv\/#website\",\"url\":\"https:\/\/cosmetic.lv\/lv\/\",\"name\":\"cosmetic.lv\",\"description\":\"Profesion\u0101la kosm\u0113tika - Maria Galland, Keune, Arkadija, GMT, Guam, Magiray\",\"publisher\":{\"@id\":\"https:\/\/cosmetic.lv\/lv\/#organization\"},\"potentialAction\":[{\"@type\":\"SearchAction\",\"target\":{\"@type\":\"EntryPoint\",\"urlTemplate\":\"https:\/\/cosmetic.lv\/lv\/?s={search_term_string}\"},\"query-input\":{\"@type\":\"PropertyValueSpecification\",\"valueRequired\":true,\"valueName\":\"search_term_string\"}}],\"inLanguage\":\"lv-LV\"},{\"@type\":\"Organization\",\"@id\":\"https:\/\/cosmetic.lv\/lv\/#organization\",\"name\":\"COSMETIC.LV\",\"url\":\"https:\/\/cosmetic.lv\/lv\/\",\"logo\":{\"@type\":\"ImageObject\",\"inLanguage\":\"lv-LV\",\"@id\":\"https:\/\/cosmetic.lv\/lv\/#\/schema\/logo\/image\/\",\"url\":\"https:\/\/cosmetic.lv\/wp-content\/uploads\/2021\/02\/cosmetic.lv_logo.jpg\",\"contentUrl\":\"https:\/\/cosmetic.lv\/wp-content\/uploads\/2021\/02\/cosmetic.lv_logo.jpg\",\"width\":596,\"height\":196,\"caption\":\"COSMETIC.LV\"},\"image\":{\"@id\":\"https:\/\/cosmetic.lv\/lv\/#\/schema\/logo\/image\/\"},\"sameAs\":[\"https:\/\/www.facebook.com\/cosmetic.lv\/\"]}]}<\/script>\n<meta property=\"product:price:amount\" content=\"3.63\" \/>\n<meta property=\"product:price:currency\" content=\"EUR\" \/>\n<meta property=\"og:availability\" content=\"out of stock\" \/>\n<meta property=\"product:availability\" content=\"out of stock\" \/>\n<meta property=\"product:retailer_item_id\" content=\"paraf\" \/>\n<meta property=\"product:condition\" content=\"new\" \/>\n<!-- \/ Yoast SEO Premium plugin. -->","yoast_head_json":{"title":"Kosm\u0113tiskais paraf\u012bns Marina Ljunen - cosmetic.lv","robots":{"index":"index","follow":"follow","max-snippet":"max-snippet:-1","max-image-preview":"max-image-preview:large","max-video-preview":"max-video-preview:-1"},"canonical":"https:\/\/cosmetic.lv\/lv\/product\/kosmetiskais-parafins-marina-ljunen\/","og_locale":"lv_LV","og_type":"article","og_title":"Kosm\u0113tiskais paraf\u012bns Marina Ljunen","og_description":"Untitled document Sast\u0101vs Paraf\u012bns. Odorants. Farmakolo\u0123isk\u0101 iedarb\u012bba Paraf\u012bns ir lielisks l\u012bdzeklis c\u012b\u0146\u0101 pret \u0101das noveco&scaron;anos, m\u012bkstina un mitrina. Paraf\u012bns ir","og_url":"https:\/\/cosmetic.lv\/lv\/product\/kosmetiskais-parafins-marina-ljunen\/","og_site_name":"cosmetic.lv","article_publisher":"https:\/\/www.facebook.com\/cosmetic.lv\/","og_image":[{"width":511,"height":511,"url":"https:\/\/cosmetic.lv\/wp-content\/uploads\/2021\/02\/parafmarina-4.jpg","type":"image\/jpeg"}],"twitter_card":"summary_large_image","schema":{"@context":"https:\/\/schema.org","@graph":[{"@type":"WebPage","@id":"https:\/\/cosmetic.lv\/lv\/product\/kosmetiskais-parafins-marina-ljunen\/","url":"https:\/\/cosmetic.lv\/lv\/product\/kosmetiskais-parafins-marina-ljunen\/","name":"Kosm\u0113tiskais paraf\u012bns Marina Ljunen - cosmetic.lv","isPartOf":{"@id":"https:\/\/cosmetic.lv\/lv\/#website"},"primaryImageOfPage":{"@id":"https:\/\/cosmetic.lv\/lv\/product\/kosmetiskais-parafins-marina-ljunen\/#primaryimage"},"image":{"@id":"https:\/\/cosmetic.lv\/lv\/product\/kosmetiskais-parafins-marina-ljunen\/#primaryimage"},"thumbnailUrl":"https:\/\/cosmetic.lv\/wp-content\/uploads\/2021\/02\/parafmarina-4.jpg","datePublished":"2021-02-06T17:58:55+00:00","breadcrumb":{"@id":"https:\/\/cosmetic.lv\/lv\/product\/kosmetiskais-parafins-marina-ljunen\/#breadcrumb"},"inLanguage":"lv-LV","potentialAction":[{"@type":"ReadAction","target":["https:\/\/cosmetic.lv\/lv\/product\/kosmetiskais-parafins-marina-ljunen\/"]}]},{"@type":"ImageObject","inLanguage":"lv-LV","@id":"https:\/\/cosmetic.lv\/lv\/product\/kosmetiskais-parafins-marina-ljunen\/#primaryimage","url":"https:\/\/cosmetic.lv\/wp-content\/uploads\/2021\/02\/parafmarina-4.jpg","contentUrl":"https:\/\/cosmetic.lv\/wp-content\/uploads\/2021\/02\/parafmarina-4.jpg","width":511,"height":511,"caption":"parafmarina.jpg"},{"@type":"BreadcrumbList","@id":"https:\/\/cosmetic.lv\/lv\/product\/kosmetiskais-parafins-marina-ljunen\/#breadcrumb","itemListElement":[{"@type":"ListItem","position":1,"name":"Home","item":"https:\/\/cosmetic.lv\/lv\/"},{"@type":"ListItem","position":2,"name":"Veikals","item":"https:\/\/cosmetic.lv\/lv\/veiklas\/"},{"@type":"ListItem","position":3,"name":"Kosm\u0113tiskais paraf\u012bns Marina Ljunen"}]},{"@type":"WebSite","@id":"https:\/\/cosmetic.lv\/lv\/#website","url":"https:\/\/cosmetic.lv\/lv\/","name":"cosmetic.lv","description":"Profesion\u0101la kosm\u0113tika - Maria Galland, Keune, Arkadija, GMT, Guam, Magiray","publisher":{"@id":"https:\/\/cosmetic.lv\/lv\/#organization"},"potentialAction":[{"@type":"SearchAction","target":{"@type":"EntryPoint","urlTemplate":"https:\/\/cosmetic.lv\/lv\/?s={search_term_string}"},"query-input":{"@type":"PropertyValueSpecification","valueRequired":true,"valueName":"search_term_string"}}],"inLanguage":"lv-LV"},{"@type":"Organization","@id":"https:\/\/cosmetic.lv\/lv\/#organization","name":"COSMETIC.LV","url":"https:\/\/cosmetic.lv\/lv\/","logo":{"@type":"ImageObject","inLanguage":"lv-LV","@id":"https:\/\/cosmetic.lv\/lv\/#\/schema\/logo\/image\/","url":"https:\/\/cosmetic.lv\/wp-content\/uploads\/2021\/02\/cosmetic.lv_logo.jpg","contentUrl":"https:\/\/cosmetic.lv\/wp-content\/uploads\/2021\/02\/cosmetic.lv_logo.jpg","width":596,"height":196,"caption":"COSMETIC.LV"},"image":{"@id":"https:\/\/cosmetic.lv\/lv\/#\/schema\/logo\/image\/"},"sameAs":["https:\/\/www.facebook.com\/cosmetic.lv\/"]}]},"product_price_amount":"3.63","product_price_currency":"EUR","og_availability":"out of stock","product_availability":"out of stock","product_retailer_item_id":"paraf","product_condition":"new"},"_links":{"self":[{"href":"https:\/\/cosmetic.lv\/lv\/wp-json\/wp\/v2\/product\/34888","targetHints":{"allow":["GET"]}}],"collection":[{"href":"https:\/\/cosmetic.lv\/lv\/wp-json\/wp\/v2\/product"}],"about":[{"href":"https:\/\/cosmetic.lv\/lv\/wp-json\/wp\/v2\/types\/product"}],"wp:featuredmedia":[{"embeddable":true,"href":"https:\/\/cosmetic.lv\/lv\/wp-json\/wp\/v2\/media\/17622"}],"wp:attachment":[{"href":"https:\/\/cosmetic.lv\/lv\/wp-json\/wp\/v2\/media?parent=34888"}],"wp:term":[{"taxonomy":"product_brand","embeddable":true,"href":"https:\/\/cosmetic.lv\/lv\/wp-json\/wp\/v2\/product_brand?post=34888"},{"taxonomy":"product_cat","embeddable":true,"href":"https:\/\/cosmetic.lv\/lv\/wp-json\/wp\/v2\/product_cat?post=34888"},{"taxonomy":"product_tag","embeddable":true,"href":"https:\/\/cosmetic.lv\/lv\/wp-json\/wp\/v2\/product_tag?post=34888"}],"curies":[{"name":"wp","href":"https:\/\/api.w.org\/{rel}","templated":true}]}}