{"id":34890,"date":"2021-02-05T22:45:46","date_gmt":"2021-02-06T17:58:55","guid":{"rendered":"https:\/\/damme.lv\/product\/vakuuma-masazas-burkas-32-gab-guasa-skrubeklis\/"},"modified":"2021-02-06T19:58:57","modified_gmt":"2021-02-06T17:58:57","slug":"vakuuma-masazas-burkas-32-gab-guasa-skrubeklis","status":"publish","type":"product","link":"https:\/\/cosmetic.lv\/lv\/product\/vakuuma-masazas-burkas-32-gab-guasa-skrubeklis\/","title":{"rendered":"Vakuuma mas\u0101\u017eas burkas 32 gab +GUA\u0160A SKRUBEKLIS"},"content":{"rendered":"<p><!DOCTYPE html PUBLIC &quot;-\/\/W3C\/\/DTD XHTML 1.0 Transitional\/\/EN&quot; &quot;http:\/\/www.w3.org\/TR\/xhtml1\/DTD\/xhtml1-transitional.dtd&quot;><br \/>\n<html><br \/>\n<head><br \/>\n<title>Untitled document<\/title><br \/>\n<\/head><br \/>\n<body><\/p>\n<p>Vakuuma mas\u0101\u017ea tiek uzskat\u012bta par \u013coti efekt\u012bvu fiziolo\u0123isku metodi, kas nav \u0101rstnieciska \u0137erme\u0146a \u0101rst\u0113&scaron;ana, un iekaisuma un citu slim\u012bbu profilaksei.  Vakuuma mas\u0101\u017eas darb\u012bbas pamat\u0101 ir jebkura &scaron;\u0137idruma fizisk\u0101 \u012bpa&scaron;\u012bba, kas skrie\u017eas uz augst\u0101kas spiediena zonu no zem\u0101kas zonas, un augst\u0101ks spiediens, k\u0101ds mums ir, jo vair\u0101k &scaron;\u0137idruma pl\u016bst. Vakuuma burka rada tie&scaron;i t\u0101du augstu spiediena zonu, kur\u0101 skrie\u017eas &scaron;\u0137idrumi: asinis un limfas. Jo vair\u0101k m\u0113s &bdquo;ies\u016bcam&rdquo; \u0101du ar k\u0101rbu, jo vair\u0101k no asin\u012bm un limf\u0101m tiek piesaist\u012bta &scaron;\u012b vieta no dzi\u013c\u0101kiem audiem.  Sakar\u0101 ar vakuuma mas\u0101\u017eu, izdal\u0101s t\u016bska, izz\u016bd musku\u013cu spazmas un s\u0101pes, un hematomas par\u0101d\u012b&scaron;an\u0101s veicina asinsrites palielin\u0101&scaron;anos un viet\u0113j\u0101s un visp\u0101r\u0113j\u0101s imunit\u0101tes aktiviz\u0113&scaron;anos.  Magn\u0113tiskais lauks, ko veido magn\u0113ts vakuuma burk\u0101, iek\u013c\u016bst audos &#8211; t\u0101d\u0113j\u0101di uzlabo asinsriti un aktiviz\u0113 vielmai\u0146u &scaron;\u016bnu l\u012bmen\u012b, k\u0101 ar\u012b palielina sk\u0101bek\u013ca saturu asin\u012bs, palielina sk\u0101bek\u013ca pieg\u0101di sirds muskulim un smadzen\u0113m, kas parasti noved pie palielin\u0101t organisma aizsardz\u012bbas un atjaunojo&scaron;\u0101s \u012bpa&scaron;\u012bbas. Met\u0101la magn\u0113tiskais konuss iedarbojas uz punktu, piem\u0113ram, adatu, bet ne caur \u0101du.  Vakuuma konserv\u0113tu mas\u0101\u017eu var efekt\u012bvi izmantot muguras, s\u0113\u017eamvietas un aug&scaron;stilba s\u0101pju \u0101rst\u0113&scaron;anai kakla un kakla rajon\u0101, jostas da\u013c\u0101 un plecos utt.  Celul\u012bta \u0101rst\u0113&scaron;an\u0101 anticelul\u012bta mas\u0101\u017ea ir \u012bpa&scaron;i efekt\u012bva kombin\u0101cij\u0101 ar cit\u0101m proced\u016br\u0101m, piem\u0113ram, mas\u0101\u017eu un elektrolipol\u012bzi.  Vakuuma mas\u0101\u017ea:  Gaisa masu no trauka iz\u0146em ar rokas s\u016bkni pistoles form\u0101, kas rada piln\u012bgu negat\u012bvu spiedienu vismaz 0,06 MPa 10 pilniem kr\u0101niem.  Varas mas\u0101\u017ea, kas darbojas uz akupunkt\u016bras punktiem, kas ir savstarp\u0113ji savienoti ar da\u017e\u0101diem org\u0101niem un sist\u0113m\u0101m, atjauno \u0137erme\u0146a ener\u0123ijas l\u012bdzsvaru.  Refleksolo\u0123ij\u0101 praktiski nav kontrindik\u0101ciju, blakuspar\u0101d\u012bbas, to var izmantot k\u0101 neatkar\u012bgu \u0101rst\u0113&scaron;anas un profilakses metodi, vai kop\u0101 ar cit\u0101m medic\u012bnisk\u0101m metod\u0113m.   32 gab<\/p>\n<p><\/body><br \/>\n<\/html><\/p>\n","protected":false},"excerpt":{"rendered":"<p>Untitled document Vakuuma mas\u0101\u017ea tiek uzskat\u012bta par \u013coti efekt\u012bvu fiziolo\u0123isku metodi, kas nav \u0101rstnieciska \u0137erme\u0146a \u0101rst\u0113&scaron;ana, un iekaisuma un citu<\/p>\n","protected":false},"featured_media":37063,"template":"","meta":[],"product_brand":[],"product_cat":[2231,2235],"product_tag":[],"class_list":{"0":"post-34890","1":"product","2":"type-product","3":"status-publish","4":"has-post-thumbnail","6":"product_cat-atveselojosas-preces-lv","7":"product_cat-kermenim-lv","9":"first","10":"instock","11":"taxable","12":"shipping-taxable","13":"purchasable","14":"product-type-simple"},"yoast_head":"<!-- This site is optimized with the Yoast SEO Premium plugin v27.0 (Yoast SEO v27.0) - https:\/\/yoast.com\/product\/yoast-seo-premium-wordpress\/ -->\n<title>Vakuuma mas\u0101\u017eas burkas 32 gab +GUA\u0160A SKRUBEKLIS - cosmetic.lv<\/title>\n<meta name=\"robots\" content=\"index, follow, max-snippet:-1, max-image-preview:large, max-video-preview:-1\" \/>\n<link rel=\"canonical\" href=\"https:\/\/cosmetic.lv\/lv\/product\/vakuuma-masazas-burkas-32-gab-guasa-skrubeklis\/\" \/>\n<meta property=\"og:locale\" content=\"lv_LV\" \/>\n<meta property=\"og:type\" content=\"article\" \/>\n<meta property=\"og:title\" content=\"Vakuuma mas\u0101\u017eas burkas 32 gab +GUA\u0160A SKRUBEKLIS\" \/>\n<meta property=\"og:description\" content=\"Untitled document Vakuuma mas\u0101\u017ea tiek uzskat\u012bta par \u013coti efekt\u012bvu fiziolo\u0123isku metodi, kas nav \u0101rstnieciska \u0137erme\u0146a \u0101rst\u0113&scaron;ana, un iekaisuma un citu\" \/>\n<meta property=\"og:url\" content=\"https:\/\/cosmetic.lv\/lv\/product\/vakuuma-masazas-burkas-32-gab-guasa-skrubeklis\/\" \/>\n<meta property=\"og:site_name\" content=\"cosmetic.lv\" \/>\n<meta property=\"article:publisher\" content=\"https:\/\/www.facebook.com\/cosmetic.lv\/\" \/>\n<meta property=\"article:modified_time\" content=\"2021-02-06T17:58:57+00:00\" \/>\n<meta property=\"og:image\" content=\"https:\/\/cosmetic.lv\/wp-content\/uploads\/2021\/02\/20210330_1511361.jpg\" \/>\n\t<meta property=\"og:image:width\" content=\"800\" \/>\n\t<meta property=\"og:image:height\" content=\"450\" \/>\n\t<meta property=\"og:image:type\" content=\"image\/jpeg\" \/>\n<meta name=\"twitter:card\" content=\"summary_large_image\" \/>\n<script type=\"application\/ld+json\" class=\"yoast-schema-graph\">{\"@context\":\"https:\/\/schema.org\",\"@graph\":[{\"@type\":\"WebPage\",\"@id\":\"https:\/\/cosmetic.lv\/lv\/product\/vakuuma-masazas-burkas-32-gab-guasa-skrubeklis\/\",\"url\":\"https:\/\/cosmetic.lv\/lv\/product\/vakuuma-masazas-burkas-32-gab-guasa-skrubeklis\/\",\"name\":\"Vakuuma mas\u0101\u017eas burkas 32 gab +GUA\u0160A SKRUBEKLIS - cosmetic.lv\",\"isPartOf\":{\"@id\":\"https:\/\/cosmetic.lv\/lv\/#website\"},\"primaryImageOfPage\":{\"@id\":\"https:\/\/cosmetic.lv\/lv\/product\/vakuuma-masazas-burkas-32-gab-guasa-skrubeklis\/#primaryimage\"},\"image\":{\"@id\":\"https:\/\/cosmetic.lv\/lv\/product\/vakuuma-masazas-burkas-32-gab-guasa-skrubeklis\/#primaryimage\"},\"thumbnailUrl\":\"https:\/\/cosmetic.lv\/wp-content\/uploads\/2021\/02\/20210330_1511361.jpg\",\"datePublished\":\"2021-02-06T17:58:55+00:00\",\"dateModified\":\"2021-02-06T17:58:57+00:00\",\"breadcrumb\":{\"@id\":\"https:\/\/cosmetic.lv\/lv\/product\/vakuuma-masazas-burkas-32-gab-guasa-skrubeklis\/#breadcrumb\"},\"inLanguage\":\"lv-LV\",\"potentialAction\":[{\"@type\":\"ReadAction\",\"target\":[\"https:\/\/cosmetic.lv\/lv\/product\/vakuuma-masazas-burkas-32-gab-guasa-skrubeklis\/\"]}]},{\"@type\":\"ImageObject\",\"inLanguage\":\"lv-LV\",\"@id\":\"https:\/\/cosmetic.lv\/lv\/product\/vakuuma-masazas-burkas-32-gab-guasa-skrubeklis\/#primaryimage\",\"url\":\"https:\/\/cosmetic.lv\/wp-content\/uploads\/2021\/02\/20210330_1511361.jpg\",\"contentUrl\":\"https:\/\/cosmetic.lv\/wp-content\/uploads\/2021\/02\/20210330_1511361.jpg\",\"width\":800,\"height\":450},{\"@type\":\"BreadcrumbList\",\"@id\":\"https:\/\/cosmetic.lv\/lv\/product\/vakuuma-masazas-burkas-32-gab-guasa-skrubeklis\/#breadcrumb\",\"itemListElement\":[{\"@type\":\"ListItem\",\"position\":1,\"name\":\"Home\",\"item\":\"https:\/\/cosmetic.lv\/lv\/\"},{\"@type\":\"ListItem\",\"position\":2,\"name\":\"Veikals\",\"item\":\"https:\/\/cosmetic.lv\/lv\/veiklas\/\"},{\"@type\":\"ListItem\",\"position\":3,\"name\":\"Vakuuma mas\u0101\u017eas burkas 32 gab +GUA\u0160A SKRUBEKLIS\"}]},{\"@type\":\"WebSite\",\"@id\":\"https:\/\/cosmetic.lv\/lv\/#website\",\"url\":\"https:\/\/cosmetic.lv\/lv\/\",\"name\":\"cosmetic.lv\",\"description\":\"Profesion\u0101la kosm\u0113tika - Maria Galland, Keune, Arkadija, GMT, Guam, Magiray\",\"publisher\":{\"@id\":\"https:\/\/cosmetic.lv\/lv\/#organization\"},\"potentialAction\":[{\"@type\":\"SearchAction\",\"target\":{\"@type\":\"EntryPoint\",\"urlTemplate\":\"https:\/\/cosmetic.lv\/lv\/?s={search_term_string}\"},\"query-input\":{\"@type\":\"PropertyValueSpecification\",\"valueRequired\":true,\"valueName\":\"search_term_string\"}}],\"inLanguage\":\"lv-LV\"},{\"@type\":\"Organization\",\"@id\":\"https:\/\/cosmetic.lv\/lv\/#organization\",\"name\":\"COSMETIC.LV\",\"url\":\"https:\/\/cosmetic.lv\/lv\/\",\"logo\":{\"@type\":\"ImageObject\",\"inLanguage\":\"lv-LV\",\"@id\":\"https:\/\/cosmetic.lv\/lv\/#\/schema\/logo\/image\/\",\"url\":\"https:\/\/cosmetic.lv\/wp-content\/uploads\/2021\/02\/cosmetic.lv_logo.jpg\",\"contentUrl\":\"https:\/\/cosmetic.lv\/wp-content\/uploads\/2021\/02\/cosmetic.lv_logo.jpg\",\"width\":596,\"height\":196,\"caption\":\"COSMETIC.LV\"},\"image\":{\"@id\":\"https:\/\/cosmetic.lv\/lv\/#\/schema\/logo\/image\/\"},\"sameAs\":[\"https:\/\/www.facebook.com\/cosmetic.lv\/\"]}]}<\/script>\n<meta property=\"product:price:amount\" content=\"46.00\" \/>\n<meta property=\"product:price:currency\" content=\"EUR\" \/>\n<meta property=\"og:availability\" content=\"instock\" \/>\n<meta property=\"product:availability\" content=\"instock\" \/>\n<meta property=\"product:retailer_item_id\" content=\"vak32\" \/>\n<meta property=\"product:condition\" content=\"new\" \/>\n<!-- \/ Yoast SEO Premium plugin. -->","yoast_head_json":{"title":"Vakuuma mas\u0101\u017eas burkas 32 gab +GUA\u0160A SKRUBEKLIS - cosmetic.lv","robots":{"index":"index","follow":"follow","max-snippet":"max-snippet:-1","max-image-preview":"max-image-preview:large","max-video-preview":"max-video-preview:-1"},"canonical":"https:\/\/cosmetic.lv\/lv\/product\/vakuuma-masazas-burkas-32-gab-guasa-skrubeklis\/","og_locale":"lv_LV","og_type":"article","og_title":"Vakuuma mas\u0101\u017eas burkas 32 gab +GUA\u0160A SKRUBEKLIS","og_description":"Untitled document Vakuuma mas\u0101\u017ea tiek uzskat\u012bta par \u013coti efekt\u012bvu fiziolo\u0123isku metodi, kas nav \u0101rstnieciska \u0137erme\u0146a \u0101rst\u0113&scaron;ana, un iekaisuma un citu","og_url":"https:\/\/cosmetic.lv\/lv\/product\/vakuuma-masazas-burkas-32-gab-guasa-skrubeklis\/","og_site_name":"cosmetic.lv","article_publisher":"https:\/\/www.facebook.com\/cosmetic.lv\/","article_modified_time":"2021-02-06T17:58:57+00:00","og_image":[{"width":800,"height":450,"url":"https:\/\/cosmetic.lv\/wp-content\/uploads\/2021\/02\/20210330_1511361.jpg","type":"image\/jpeg"}],"twitter_card":"summary_large_image","schema":{"@context":"https:\/\/schema.org","@graph":[{"@type":"WebPage","@id":"https:\/\/cosmetic.lv\/lv\/product\/vakuuma-masazas-burkas-32-gab-guasa-skrubeklis\/","url":"https:\/\/cosmetic.lv\/lv\/product\/vakuuma-masazas-burkas-32-gab-guasa-skrubeklis\/","name":"Vakuuma mas\u0101\u017eas burkas 32 gab +GUA\u0160A SKRUBEKLIS - cosmetic.lv","isPartOf":{"@id":"https:\/\/cosmetic.lv\/lv\/#website"},"primaryImageOfPage":{"@id":"https:\/\/cosmetic.lv\/lv\/product\/vakuuma-masazas-burkas-32-gab-guasa-skrubeklis\/#primaryimage"},"image":{"@id":"https:\/\/cosmetic.lv\/lv\/product\/vakuuma-masazas-burkas-32-gab-guasa-skrubeklis\/#primaryimage"},"thumbnailUrl":"https:\/\/cosmetic.lv\/wp-content\/uploads\/2021\/02\/20210330_1511361.jpg","datePublished":"2021-02-06T17:58:55+00:00","dateModified":"2021-02-06T17:58:57+00:00","breadcrumb":{"@id":"https:\/\/cosmetic.lv\/lv\/product\/vakuuma-masazas-burkas-32-gab-guasa-skrubeklis\/#breadcrumb"},"inLanguage":"lv-LV","potentialAction":[{"@type":"ReadAction","target":["https:\/\/cosmetic.lv\/lv\/product\/vakuuma-masazas-burkas-32-gab-guasa-skrubeklis\/"]}]},{"@type":"ImageObject","inLanguage":"lv-LV","@id":"https:\/\/cosmetic.lv\/lv\/product\/vakuuma-masazas-burkas-32-gab-guasa-skrubeklis\/#primaryimage","url":"https:\/\/cosmetic.lv\/wp-content\/uploads\/2021\/02\/20210330_1511361.jpg","contentUrl":"https:\/\/cosmetic.lv\/wp-content\/uploads\/2021\/02\/20210330_1511361.jpg","width":800,"height":450},{"@type":"BreadcrumbList","@id":"https:\/\/cosmetic.lv\/lv\/product\/vakuuma-masazas-burkas-32-gab-guasa-skrubeklis\/#breadcrumb","itemListElement":[{"@type":"ListItem","position":1,"name":"Home","item":"https:\/\/cosmetic.lv\/lv\/"},{"@type":"ListItem","position":2,"name":"Veikals","item":"https:\/\/cosmetic.lv\/lv\/veiklas\/"},{"@type":"ListItem","position":3,"name":"Vakuuma mas\u0101\u017eas burkas 32 gab +GUA\u0160A SKRUBEKLIS"}]},{"@type":"WebSite","@id":"https:\/\/cosmetic.lv\/lv\/#website","url":"https:\/\/cosmetic.lv\/lv\/","name":"cosmetic.lv","description":"Profesion\u0101la kosm\u0113tika - Maria Galland, Keune, Arkadija, GMT, Guam, Magiray","publisher":{"@id":"https:\/\/cosmetic.lv\/lv\/#organization"},"potentialAction":[{"@type":"SearchAction","target":{"@type":"EntryPoint","urlTemplate":"https:\/\/cosmetic.lv\/lv\/?s={search_term_string}"},"query-input":{"@type":"PropertyValueSpecification","valueRequired":true,"valueName":"search_term_string"}}],"inLanguage":"lv-LV"},{"@type":"Organization","@id":"https:\/\/cosmetic.lv\/lv\/#organization","name":"COSMETIC.LV","url":"https:\/\/cosmetic.lv\/lv\/","logo":{"@type":"ImageObject","inLanguage":"lv-LV","@id":"https:\/\/cosmetic.lv\/lv\/#\/schema\/logo\/image\/","url":"https:\/\/cosmetic.lv\/wp-content\/uploads\/2021\/02\/cosmetic.lv_logo.jpg","contentUrl":"https:\/\/cosmetic.lv\/wp-content\/uploads\/2021\/02\/cosmetic.lv_logo.jpg","width":596,"height":196,"caption":"COSMETIC.LV"},"image":{"@id":"https:\/\/cosmetic.lv\/lv\/#\/schema\/logo\/image\/"},"sameAs":["https:\/\/www.facebook.com\/cosmetic.lv\/"]}]},"product_price_amount":"46.00","product_price_currency":"EUR","og_availability":"instock","product_availability":"instock","product_retailer_item_id":"vak32","product_condition":"new"},"_links":{"self":[{"href":"https:\/\/cosmetic.lv\/lv\/wp-json\/wp\/v2\/product\/34890","targetHints":{"allow":["GET"]}}],"collection":[{"href":"https:\/\/cosmetic.lv\/lv\/wp-json\/wp\/v2\/product"}],"about":[{"href":"https:\/\/cosmetic.lv\/lv\/wp-json\/wp\/v2\/types\/product"}],"wp:featuredmedia":[{"embeddable":true,"href":"https:\/\/cosmetic.lv\/lv\/wp-json\/wp\/v2\/media\/37063"}],"wp:attachment":[{"href":"https:\/\/cosmetic.lv\/lv\/wp-json\/wp\/v2\/media?parent=34890"}],"wp:term":[{"taxonomy":"product_brand","embeddable":true,"href":"https:\/\/cosmetic.lv\/lv\/wp-json\/wp\/v2\/product_brand?post=34890"},{"taxonomy":"product_cat","embeddable":true,"href":"https:\/\/cosmetic.lv\/lv\/wp-json\/wp\/v2\/product_cat?post=34890"},{"taxonomy":"product_tag","embeddable":true,"href":"https:\/\/cosmetic.lv\/lv\/wp-json\/wp\/v2\/product_tag?post=34890"}],"curies":[{"name":"wp","href":"https:\/\/api.w.org\/{rel}","templated":true}]}}