{"id":34892,"date":"2021-02-05T22:45:46","date_gmt":"2021-02-06T17:58:55","guid":{"rendered":"https:\/\/damme.lv\/product\/birste-dabiska-sausai-masazai-sejai\/"},"modified":"2021-02-06T22:14:38","modified_gmt":"2021-02-06T20:14:38","slug":"birste-dabiska-sausai-masazai-sejai","status":"publish","type":"product","link":"https:\/\/cosmetic.lv\/lv\/product\/birste-dabiska-sausai-masazai-sejai\/","title":{"rendered":"Birste dabiska sausai mas\u0101\u017eai sejai"},"content":{"rendered":"<p>&nbsp;<\/p>\n<p>&nbsp;<\/p>\n<p>Pateicoties tam, sejas \u0101da tiks lab\u0101k apg\u0101d\u0101ta ar asin\u012bm un ieg\u016bs svaigu izskatu. Regul\u0101ra otas lieto\u0161ana nodro\u0161ina gludas, mirdzo\u0161as \u0101das efektu. Produkts, kas izgatavots no dab\u012bgiem materi\u0101liem.<br \/>\nSejas suku izmanto\u0161anas priek\u0161roc\u012bbas:<\/p>\n<p>t\u012br\u012b\u0161ana pa\u0101trina epidermas atmiru\u0161o \u0161\u016bnu atsl\u0101\u0146o\u0161an\u0101s procesu, kas \u0101du padara svaigu un gai\u0161\u0101ku<br \/>\nsejas t\u012br\u012b\u0161ana ir lielisks veids, k\u0101 sagatavot \u0101du akt\u012bvaj\u0101m sast\u0101vda\u013c\u0101m no kosm\u0113tikas, ko lietojat nakt\u012b<br \/>\nseja stimul\u0113 \u0101du darboties, uzlabo asinsriti kapil\u0101ros, kas nodro\u0161ina lab\u0101ku \u0101das uzturu,<br \/>\n\u0101da ieg\u016bst vesel\u012bgu kr\u0101su,<br \/>\nsejas suku izmanto\u0161ana nodro\u0161ina vienm\u0113r\u012bgu \u0101das efektu, un tas lieliski pagarina kosm\u0113tikas notur\u012bbu<br \/>\nSejas t\u012br\u012b\u0161ana stimul\u0113 telefona meh\u0101nismu, lai ieg\u016btu svaigas, jaunas \u0101das \u0161\u016bnas, \u0101da atjaunojas<br \/>\nmas\u0101\u017ea uzlabo tvirtumu un nov\u0113r\u0161 \u0101das va\u013c\u012bgumu.<\/p>\n<p>3,5x14cm<\/p>\n<p>&nbsp;<\/p>\n","protected":false},"excerpt":{"rendered":"<p>&nbsp; &nbsp; Pateicoties tam, sejas \u0101da tiks lab\u0101k apg\u0101d\u0101ta ar asin\u012bm un ieg\u016bs svaigu izskatu. Regul\u0101ra otas lieto\u0161ana nodro\u0161ina gludas,<\/p>\n","protected":false},"featured_media":11336,"template":"","meta":[],"product_brand":[],"product_cat":[2231,2232],"product_tag":[],"class_list":{"0":"post-34892","1":"product","2":"type-product","3":"status-publish","4":"has-post-thumbnail","6":"product_cat-atveselojosas-preces-lv","7":"product_cat-sejai-galvai-lv","9":"first","10":"outofstock","11":"sale","12":"taxable","13":"shipping-taxable","14":"purchasable","15":"product-type-simple"},"yoast_head":"<!-- This site is optimized with the Yoast SEO Premium plugin v27.0 (Yoast SEO v27.0) - https:\/\/yoast.com\/product\/yoast-seo-premium-wordpress\/ -->\n<title>Birste dabiska sausai mas\u0101\u017eai sejai - cosmetic.lv<\/title>\n<meta name=\"robots\" content=\"index, follow, max-snippet:-1, max-image-preview:large, max-video-preview:-1\" \/>\n<link rel=\"canonical\" href=\"https:\/\/cosmetic.lv\/lv\/product\/birste-dabiska-sausai-masazai-sejai\/\" \/>\n<meta property=\"og:locale\" content=\"lv_LV\" \/>\n<meta property=\"og:type\" content=\"article\" \/>\n<meta property=\"og:title\" content=\"Birste dabiska sausai mas\u0101\u017eai sejai\" \/>\n<meta property=\"og:description\" content=\"&nbsp; &nbsp; Pateicoties tam, sejas \u0101da tiks lab\u0101k apg\u0101d\u0101ta ar asin\u012bm un ieg\u016bs svaigu izskatu. Regul\u0101ra otas lieto\u0161ana nodro\u0161ina gludas,\" \/>\n<meta property=\"og:url\" content=\"https:\/\/cosmetic.lv\/lv\/product\/birste-dabiska-sausai-masazai-sejai\/\" \/>\n<meta property=\"og:site_name\" content=\"cosmetic.lv\" \/>\n<meta property=\"article:publisher\" content=\"https:\/\/www.facebook.com\/cosmetic.lv\/\" \/>\n<meta property=\"article:modified_time\" content=\"2021-02-06T20:14:38+00:00\" \/>\n<meta property=\"og:image\" content=\"https:\/\/cosmetic.lv\/wp-content\/uploads\/2021\/02\/20190706_1529381.jpg\" \/>\n\t<meta property=\"og:image:width\" content=\"800\" \/>\n\t<meta property=\"og:image:height\" content=\"389\" \/>\n\t<meta property=\"og:image:type\" content=\"image\/jpeg\" \/>\n<meta name=\"twitter:card\" content=\"summary_large_image\" \/>\n<script type=\"application\/ld+json\" class=\"yoast-schema-graph\">{\"@context\":\"https:\/\/schema.org\",\"@graph\":[{\"@type\":\"WebPage\",\"@id\":\"https:\/\/cosmetic.lv\/lv\/product\/birste-dabiska-sausai-masazai-sejai\/\",\"url\":\"https:\/\/cosmetic.lv\/lv\/product\/birste-dabiska-sausai-masazai-sejai\/\",\"name\":\"Birste dabiska sausai mas\u0101\u017eai sejai - cosmetic.lv\",\"isPartOf\":{\"@id\":\"https:\/\/cosmetic.lv\/lv\/#website\"},\"primaryImageOfPage\":{\"@id\":\"https:\/\/cosmetic.lv\/lv\/product\/birste-dabiska-sausai-masazai-sejai\/#primaryimage\"},\"image\":{\"@id\":\"https:\/\/cosmetic.lv\/lv\/product\/birste-dabiska-sausai-masazai-sejai\/#primaryimage\"},\"thumbnailUrl\":\"https:\/\/cosmetic.lv\/wp-content\/uploads\/2021\/02\/20190706_1529381.jpg\",\"datePublished\":\"2021-02-06T17:58:55+00:00\",\"dateModified\":\"2021-02-06T20:14:38+00:00\",\"breadcrumb\":{\"@id\":\"https:\/\/cosmetic.lv\/lv\/product\/birste-dabiska-sausai-masazai-sejai\/#breadcrumb\"},\"inLanguage\":\"lv-LV\",\"potentialAction\":[{\"@type\":\"ReadAction\",\"target\":[\"https:\/\/cosmetic.lv\/lv\/product\/birste-dabiska-sausai-masazai-sejai\/\"]}]},{\"@type\":\"ImageObject\",\"inLanguage\":\"lv-LV\",\"@id\":\"https:\/\/cosmetic.lv\/lv\/product\/birste-dabiska-sausai-masazai-sejai\/#primaryimage\",\"url\":\"https:\/\/cosmetic.lv\/wp-content\/uploads\/2021\/02\/20190706_1529381.jpg\",\"contentUrl\":\"https:\/\/cosmetic.lv\/wp-content\/uploads\/2021\/02\/20190706_1529381.jpg\",\"width\":800,\"height\":389,\"caption\":\"20190706_152938[1].jpg\"},{\"@type\":\"BreadcrumbList\",\"@id\":\"https:\/\/cosmetic.lv\/lv\/product\/birste-dabiska-sausai-masazai-sejai\/#breadcrumb\",\"itemListElement\":[{\"@type\":\"ListItem\",\"position\":1,\"name\":\"Home\",\"item\":\"https:\/\/cosmetic.lv\/lv\/\"},{\"@type\":\"ListItem\",\"position\":2,\"name\":\"Veikals\",\"item\":\"https:\/\/cosmetic.lv\/lv\/veiklas\/\"},{\"@type\":\"ListItem\",\"position\":3,\"name\":\"Birste dabiska sausai mas\u0101\u017eai sejai\"}]},{\"@type\":\"WebSite\",\"@id\":\"https:\/\/cosmetic.lv\/lv\/#website\",\"url\":\"https:\/\/cosmetic.lv\/lv\/\",\"name\":\"cosmetic.lv\",\"description\":\"Profesion\u0101la kosm\u0113tika - Maria Galland, Keune, Arkadija, GMT, Guam, Magiray\",\"publisher\":{\"@id\":\"https:\/\/cosmetic.lv\/lv\/#organization\"},\"potentialAction\":[{\"@type\":\"SearchAction\",\"target\":{\"@type\":\"EntryPoint\",\"urlTemplate\":\"https:\/\/cosmetic.lv\/lv\/?s={search_term_string}\"},\"query-input\":{\"@type\":\"PropertyValueSpecification\",\"valueRequired\":true,\"valueName\":\"search_term_string\"}}],\"inLanguage\":\"lv-LV\"},{\"@type\":\"Organization\",\"@id\":\"https:\/\/cosmetic.lv\/lv\/#organization\",\"name\":\"COSMETIC.LV\",\"url\":\"https:\/\/cosmetic.lv\/lv\/\",\"logo\":{\"@type\":\"ImageObject\",\"inLanguage\":\"lv-LV\",\"@id\":\"https:\/\/cosmetic.lv\/lv\/#\/schema\/logo\/image\/\",\"url\":\"https:\/\/cosmetic.lv\/wp-content\/uploads\/2021\/02\/cosmetic.lv_logo.jpg\",\"contentUrl\":\"https:\/\/cosmetic.lv\/wp-content\/uploads\/2021\/02\/cosmetic.lv_logo.jpg\",\"width\":596,\"height\":196,\"caption\":\"COSMETIC.LV\"},\"image\":{\"@id\":\"https:\/\/cosmetic.lv\/lv\/#\/schema\/logo\/image\/\"},\"sameAs\":[\"https:\/\/www.facebook.com\/cosmetic.lv\/\"]}]}<\/script>\n<meta property=\"product:price:amount\" content=\"5.38\" \/>\n<meta property=\"product:price:currency\" content=\"EUR\" \/>\n<meta property=\"og:availability\" content=\"out of stock\" \/>\n<meta property=\"product:availability\" content=\"out of stock\" \/>\n<meta property=\"product:retailer_item_id\" content=\"bir\" \/>\n<meta property=\"product:condition\" content=\"new\" \/>\n<!-- \/ Yoast SEO Premium plugin. -->","yoast_head_json":{"title":"Birste dabiska sausai mas\u0101\u017eai sejai - cosmetic.lv","robots":{"index":"index","follow":"follow","max-snippet":"max-snippet:-1","max-image-preview":"max-image-preview:large","max-video-preview":"max-video-preview:-1"},"canonical":"https:\/\/cosmetic.lv\/lv\/product\/birste-dabiska-sausai-masazai-sejai\/","og_locale":"lv_LV","og_type":"article","og_title":"Birste dabiska sausai mas\u0101\u017eai sejai","og_description":"&nbsp; &nbsp; Pateicoties tam, sejas \u0101da tiks lab\u0101k apg\u0101d\u0101ta ar asin\u012bm un ieg\u016bs svaigu izskatu. Regul\u0101ra otas lieto\u0161ana nodro\u0161ina gludas,","og_url":"https:\/\/cosmetic.lv\/lv\/product\/birste-dabiska-sausai-masazai-sejai\/","og_site_name":"cosmetic.lv","article_publisher":"https:\/\/www.facebook.com\/cosmetic.lv\/","article_modified_time":"2021-02-06T20:14:38+00:00","og_image":[{"width":800,"height":389,"url":"https:\/\/cosmetic.lv\/wp-content\/uploads\/2021\/02\/20190706_1529381.jpg","type":"image\/jpeg"}],"twitter_card":"summary_large_image","schema":{"@context":"https:\/\/schema.org","@graph":[{"@type":"WebPage","@id":"https:\/\/cosmetic.lv\/lv\/product\/birste-dabiska-sausai-masazai-sejai\/","url":"https:\/\/cosmetic.lv\/lv\/product\/birste-dabiska-sausai-masazai-sejai\/","name":"Birste dabiska sausai mas\u0101\u017eai sejai - cosmetic.lv","isPartOf":{"@id":"https:\/\/cosmetic.lv\/lv\/#website"},"primaryImageOfPage":{"@id":"https:\/\/cosmetic.lv\/lv\/product\/birste-dabiska-sausai-masazai-sejai\/#primaryimage"},"image":{"@id":"https:\/\/cosmetic.lv\/lv\/product\/birste-dabiska-sausai-masazai-sejai\/#primaryimage"},"thumbnailUrl":"https:\/\/cosmetic.lv\/wp-content\/uploads\/2021\/02\/20190706_1529381.jpg","datePublished":"2021-02-06T17:58:55+00:00","dateModified":"2021-02-06T20:14:38+00:00","breadcrumb":{"@id":"https:\/\/cosmetic.lv\/lv\/product\/birste-dabiska-sausai-masazai-sejai\/#breadcrumb"},"inLanguage":"lv-LV","potentialAction":[{"@type":"ReadAction","target":["https:\/\/cosmetic.lv\/lv\/product\/birste-dabiska-sausai-masazai-sejai\/"]}]},{"@type":"ImageObject","inLanguage":"lv-LV","@id":"https:\/\/cosmetic.lv\/lv\/product\/birste-dabiska-sausai-masazai-sejai\/#primaryimage","url":"https:\/\/cosmetic.lv\/wp-content\/uploads\/2021\/02\/20190706_1529381.jpg","contentUrl":"https:\/\/cosmetic.lv\/wp-content\/uploads\/2021\/02\/20190706_1529381.jpg","width":800,"height":389,"caption":"20190706_152938[1].jpg"},{"@type":"BreadcrumbList","@id":"https:\/\/cosmetic.lv\/lv\/product\/birste-dabiska-sausai-masazai-sejai\/#breadcrumb","itemListElement":[{"@type":"ListItem","position":1,"name":"Home","item":"https:\/\/cosmetic.lv\/lv\/"},{"@type":"ListItem","position":2,"name":"Veikals","item":"https:\/\/cosmetic.lv\/lv\/veiklas\/"},{"@type":"ListItem","position":3,"name":"Birste dabiska sausai mas\u0101\u017eai sejai"}]},{"@type":"WebSite","@id":"https:\/\/cosmetic.lv\/lv\/#website","url":"https:\/\/cosmetic.lv\/lv\/","name":"cosmetic.lv","description":"Profesion\u0101la kosm\u0113tika - Maria Galland, Keune, Arkadija, GMT, Guam, Magiray","publisher":{"@id":"https:\/\/cosmetic.lv\/lv\/#organization"},"potentialAction":[{"@type":"SearchAction","target":{"@type":"EntryPoint","urlTemplate":"https:\/\/cosmetic.lv\/lv\/?s={search_term_string}"},"query-input":{"@type":"PropertyValueSpecification","valueRequired":true,"valueName":"search_term_string"}}],"inLanguage":"lv-LV"},{"@type":"Organization","@id":"https:\/\/cosmetic.lv\/lv\/#organization","name":"COSMETIC.LV","url":"https:\/\/cosmetic.lv\/lv\/","logo":{"@type":"ImageObject","inLanguage":"lv-LV","@id":"https:\/\/cosmetic.lv\/lv\/#\/schema\/logo\/image\/","url":"https:\/\/cosmetic.lv\/wp-content\/uploads\/2021\/02\/cosmetic.lv_logo.jpg","contentUrl":"https:\/\/cosmetic.lv\/wp-content\/uploads\/2021\/02\/cosmetic.lv_logo.jpg","width":596,"height":196,"caption":"COSMETIC.LV"},"image":{"@id":"https:\/\/cosmetic.lv\/lv\/#\/schema\/logo\/image\/"},"sameAs":["https:\/\/www.facebook.com\/cosmetic.lv\/"]}]},"product_price_amount":"5.38","product_price_currency":"EUR","og_availability":"out of stock","product_availability":"out of stock","product_retailer_item_id":"bir","product_condition":"new"},"_links":{"self":[{"href":"https:\/\/cosmetic.lv\/lv\/wp-json\/wp\/v2\/product\/34892","targetHints":{"allow":["GET"]}}],"collection":[{"href":"https:\/\/cosmetic.lv\/lv\/wp-json\/wp\/v2\/product"}],"about":[{"href":"https:\/\/cosmetic.lv\/lv\/wp-json\/wp\/v2\/types\/product"}],"wp:featuredmedia":[{"embeddable":true,"href":"https:\/\/cosmetic.lv\/lv\/wp-json\/wp\/v2\/media\/11336"}],"wp:attachment":[{"href":"https:\/\/cosmetic.lv\/lv\/wp-json\/wp\/v2\/media?parent=34892"}],"wp:term":[{"taxonomy":"product_brand","embeddable":true,"href":"https:\/\/cosmetic.lv\/lv\/wp-json\/wp\/v2\/product_brand?post=34892"},{"taxonomy":"product_cat","embeddable":true,"href":"https:\/\/cosmetic.lv\/lv\/wp-json\/wp\/v2\/product_cat?post=34892"},{"taxonomy":"product_tag","embeddable":true,"href":"https:\/\/cosmetic.lv\/lv\/wp-json\/wp\/v2\/product_tag?post=34892"}],"curies":[{"name":"wp","href":"https:\/\/api.w.org\/{rel}","templated":true}]}}