{"id":34893,"date":"2021-02-05T22:45:46","date_gmt":"2021-02-06T17:58:55","guid":{"rendered":"https:\/\/damme.lv\/product\/maria-galland-196-aizsrg-krems-pret-sauli-satin-protective-care-spf25-200ml\/"},"modified":"2021-02-06T19:58:58","modified_gmt":"2021-02-06T17:58:58","slug":"maria-galland-196-aizsrg-krems-pret-sauli-satin-protective-care-spf25-200ml","status":"publish","type":"product","link":"https:\/\/cosmetic.lv\/lv\/product\/maria-galland-196-aizsrg-krems-pret-sauli-satin-protective-care-spf25-200ml\/","title":{"rendered":"MARIA GALLAND 196 aizsrg kr\u0113ms pret sauli SATIN PROTECTIVE CARE SPF25 200ML"},"content":{"rendered":"<p><!DOCTYPE html PUBLIC &quot;-\/\/W3C\/\/DTD XHTML 1.0 Transitional\/\/EN&quot; &quot;http:\/\/www.w3.org\/TR\/xhtml1\/DTD\/xhtml1-transitional.dtd&quot;><br \/>\n<html><br \/>\n<head><br \/>\n<title>Untitled document<\/title><br \/>\n<\/head><br \/>\n<body><\/p>\n<p>Saulessargs ar m\u0113renu aizsardz\u012bbas l\u012bmeni vieglai \u0101dai. Nov\u0113r&scaron; fotoatt\u0113lu izskatu. &Scaron;is bag\u0101t\u012bgais kr\u0113ms ar \u0113rtu jaun\u0101s paaudzes emulsijas strukt\u016bru ir ide\u0101ls ne tikai sau\u013coties pludmal\u0113, bet ar\u012b akt\u012bvai sporta atp\u016btai. Piem\u0113rots jut\u012bgai \u0101dai. Pateicoties vieglajai emulsijas tehnolo\u0123ijai, t\u0101 ir viegli izmantojama. Saglab\u0101 \u0101du saul\u0113. Komplekss atg\u016b&scaron;ana: boj\u0101to UV &scaron;\u016bnu re\u0123ener\u0101cija UV starojum\u0101.  Darb\u012bbas komponenti:  Tamarind s\u0113klu ekstrakts regul\u0113 \u0101das mitrin\u0101&scaron;anu un saglab\u0101 jaunus (antioksidantus) UV filtrus K\u0101 lietot: Pirms sau\u013co&scaron;an\u0101s uzkl\u0101j uz sejas un \u0137erme\u0146a. Lai saglab\u0101tu aizsardz\u012bbu, it \u012bpa&scaron;i p\u0113c katras vannas, atk\u0101rtoti izmantot saules iedarb\u012bbas laik\u0101.  Pieejams: 200 ml m\u0113\u0123en\u0113<\/p>\n<p><\/body><br \/>\n<\/html><\/p>\n","protected":false},"excerpt":{"rendered":"<p>Untitled document Saulessargs ar m\u0113renu aizsardz\u012bbas l\u012bmeni vieglai \u0101dai. Nov\u0113r&scaron; fotoatt\u0113lu izskatu. &Scaron;is bag\u0101t\u012bgais kr\u0113ms ar \u0113rtu jaun\u0101s paaudzes emulsijas<\/p>\n","protected":false},"featured_media":11339,"template":"","meta":[],"product_brand":[],"product_cat":[2273,2277],"product_tag":[],"class_list":{"0":"post-34893","1":"product","2":"type-product","3":"status-publish","4":"has-post-thumbnail","6":"product_cat-profesionala-kosmetika-sejai-un-kermenim-lv","7":"product_cat-maria-galland-francija-lv","9":"first","10":"instock","11":"sale","12":"featured","13":"taxable","14":"shipping-taxable","15":"purchasable","16":"product-type-simple"},"yoast_head":"<!-- This site is optimized with the Yoast SEO Premium plugin v27.0 (Yoast SEO v27.0) - https:\/\/yoast.com\/product\/yoast-seo-premium-wordpress\/ -->\n<title>MARIA GALLAND 196 aizsrg kr\u0113ms pret sauli SATIN PROTECTIVE CARE SPF25 200ML - cosmetic.lv<\/title>\n<meta name=\"robots\" content=\"index, follow, max-snippet:-1, max-image-preview:large, max-video-preview:-1\" \/>\n<link rel=\"canonical\" href=\"https:\/\/cosmetic.lv\/lv\/product\/maria-galland-196-aizsrg-krems-pret-sauli-satin-protective-care-spf25-200ml\/\" \/>\n<meta property=\"og:locale\" content=\"lv_LV\" \/>\n<meta property=\"og:type\" content=\"article\" \/>\n<meta property=\"og:title\" content=\"MARIA GALLAND 196 aizsrg kr\u0113ms pret sauli SATIN PROTECTIVE CARE SPF25 200ML\" \/>\n<meta property=\"og:description\" content=\"Untitled document Saulessargs ar m\u0113renu aizsardz\u012bbas l\u012bmeni vieglai \u0101dai. Nov\u0113r&scaron; fotoatt\u0113lu izskatu. &Scaron;is bag\u0101t\u012bgais kr\u0113ms ar \u0113rtu jaun\u0101s paaudzes emulsijas\" \/>\n<meta property=\"og:url\" content=\"https:\/\/cosmetic.lv\/lv\/product\/maria-galland-196-aizsrg-krems-pret-sauli-satin-protective-care-spf25-200ml\/\" \/>\n<meta property=\"og:site_name\" content=\"cosmetic.lv\" \/>\n<meta property=\"article:publisher\" content=\"https:\/\/www.facebook.com\/cosmetic.lv\/\" \/>\n<meta property=\"article:modified_time\" content=\"2021-02-06T17:58:58+00:00\" \/>\n<meta property=\"og:image\" content=\"https:\/\/cosmetic.lv\/wp-content\/uploads\/2021\/02\/s-l1600mary-galand.jpg\" \/>\n\t<meta property=\"og:image:width\" content=\"1000\" \/>\n\t<meta property=\"og:image:height\" content=\"900\" \/>\n\t<meta property=\"og:image:type\" content=\"image\/jpeg\" \/>\n<meta name=\"twitter:card\" content=\"summary_large_image\" \/>\n<script type=\"application\/ld+json\" class=\"yoast-schema-graph\">{\"@context\":\"https:\/\/schema.org\",\"@graph\":[{\"@type\":\"WebPage\",\"@id\":\"https:\/\/cosmetic.lv\/lv\/product\/maria-galland-196-aizsrg-krems-pret-sauli-satin-protective-care-spf25-200ml\/\",\"url\":\"https:\/\/cosmetic.lv\/lv\/product\/maria-galland-196-aizsrg-krems-pret-sauli-satin-protective-care-spf25-200ml\/\",\"name\":\"MARIA GALLAND 196 aizsrg kr\u0113ms pret sauli SATIN PROTECTIVE CARE SPF25 200ML - cosmetic.lv\",\"isPartOf\":{\"@id\":\"https:\/\/cosmetic.lv\/lv\/#website\"},\"primaryImageOfPage\":{\"@id\":\"https:\/\/cosmetic.lv\/lv\/product\/maria-galland-196-aizsrg-krems-pret-sauli-satin-protective-care-spf25-200ml\/#primaryimage\"},\"image\":{\"@id\":\"https:\/\/cosmetic.lv\/lv\/product\/maria-galland-196-aizsrg-krems-pret-sauli-satin-protective-care-spf25-200ml\/#primaryimage\"},\"thumbnailUrl\":\"https:\/\/cosmetic.lv\/wp-content\/uploads\/2021\/02\/s-l1600mary-galand.jpg\",\"datePublished\":\"2021-02-06T17:58:55+00:00\",\"dateModified\":\"2021-02-06T17:58:58+00:00\",\"breadcrumb\":{\"@id\":\"https:\/\/cosmetic.lv\/lv\/product\/maria-galland-196-aizsrg-krems-pret-sauli-satin-protective-care-spf25-200ml\/#breadcrumb\"},\"inLanguage\":\"lv-LV\",\"potentialAction\":[{\"@type\":\"ReadAction\",\"target\":[\"https:\/\/cosmetic.lv\/lv\/product\/maria-galland-196-aizsrg-krems-pret-sauli-satin-protective-care-spf25-200ml\/\"]}]},{\"@type\":\"ImageObject\",\"inLanguage\":\"lv-LV\",\"@id\":\"https:\/\/cosmetic.lv\/lv\/product\/maria-galland-196-aizsrg-krems-pret-sauli-satin-protective-care-spf25-200ml\/#primaryimage\",\"url\":\"https:\/\/cosmetic.lv\/wp-content\/uploads\/2021\/02\/s-l1600mary-galand.jpg\",\"contentUrl\":\"https:\/\/cosmetic.lv\/wp-content\/uploads\/2021\/02\/s-l1600mary-galand.jpg\",\"width\":1000,\"height\":900,\"caption\":\"s-l1600mary galand.jpg\"},{\"@type\":\"BreadcrumbList\",\"@id\":\"https:\/\/cosmetic.lv\/lv\/product\/maria-galland-196-aizsrg-krems-pret-sauli-satin-protective-care-spf25-200ml\/#breadcrumb\",\"itemListElement\":[{\"@type\":\"ListItem\",\"position\":1,\"name\":\"Home\",\"item\":\"https:\/\/cosmetic.lv\/lv\/\"},{\"@type\":\"ListItem\",\"position\":2,\"name\":\"Veikals\",\"item\":\"https:\/\/cosmetic.lv\/lv\/veiklas\/\"},{\"@type\":\"ListItem\",\"position\":3,\"name\":\"MARIA GALLAND 196 aizsrg kr\u0113ms pret sauli SATIN PROTECTIVE CARE SPF25 200ML\"}]},{\"@type\":\"WebSite\",\"@id\":\"https:\/\/cosmetic.lv\/lv\/#website\",\"url\":\"https:\/\/cosmetic.lv\/lv\/\",\"name\":\"cosmetic.lv\",\"description\":\"Profesion\u0101la kosm\u0113tika - Maria Galland, Keune, Arkadija, GMT, Guam, Magiray\",\"publisher\":{\"@id\":\"https:\/\/cosmetic.lv\/lv\/#organization\"},\"potentialAction\":[{\"@type\":\"SearchAction\",\"target\":{\"@type\":\"EntryPoint\",\"urlTemplate\":\"https:\/\/cosmetic.lv\/lv\/?s={search_term_string}\"},\"query-input\":{\"@type\":\"PropertyValueSpecification\",\"valueRequired\":true,\"valueName\":\"search_term_string\"}}],\"inLanguage\":\"lv-LV\"},{\"@type\":\"Organization\",\"@id\":\"https:\/\/cosmetic.lv\/lv\/#organization\",\"name\":\"COSMETIC.LV\",\"url\":\"https:\/\/cosmetic.lv\/lv\/\",\"logo\":{\"@type\":\"ImageObject\",\"inLanguage\":\"lv-LV\",\"@id\":\"https:\/\/cosmetic.lv\/lv\/#\/schema\/logo\/image\/\",\"url\":\"https:\/\/cosmetic.lv\/wp-content\/uploads\/2021\/02\/cosmetic.lv_logo.jpg\",\"contentUrl\":\"https:\/\/cosmetic.lv\/wp-content\/uploads\/2021\/02\/cosmetic.lv_logo.jpg\",\"width\":596,\"height\":196,\"caption\":\"COSMETIC.LV\"},\"image\":{\"@id\":\"https:\/\/cosmetic.lv\/lv\/#\/schema\/logo\/image\/\"},\"sameAs\":[\"https:\/\/www.facebook.com\/cosmetic.lv\/\"]}]}<\/script>\n<meta property=\"product:price:amount\" content=\"40.23\" \/>\n<meta property=\"product:price:currency\" content=\"EUR\" \/>\n<meta property=\"og:availability\" content=\"instock\" \/>\n<meta property=\"product:availability\" content=\"instock\" \/>\n<meta property=\"product:retailer_item_id\" content=\"196\" \/>\n<meta property=\"product:condition\" content=\"new\" \/>\n<!-- \/ Yoast SEO Premium plugin. -->","yoast_head_json":{"title":"MARIA GALLAND 196 aizsrg kr\u0113ms pret sauli SATIN PROTECTIVE CARE SPF25 200ML - cosmetic.lv","robots":{"index":"index","follow":"follow","max-snippet":"max-snippet:-1","max-image-preview":"max-image-preview:large","max-video-preview":"max-video-preview:-1"},"canonical":"https:\/\/cosmetic.lv\/lv\/product\/maria-galland-196-aizsrg-krems-pret-sauli-satin-protective-care-spf25-200ml\/","og_locale":"lv_LV","og_type":"article","og_title":"MARIA GALLAND 196 aizsrg kr\u0113ms pret sauli SATIN PROTECTIVE CARE SPF25 200ML","og_description":"Untitled document Saulessargs ar m\u0113renu aizsardz\u012bbas l\u012bmeni vieglai \u0101dai. Nov\u0113r&scaron; fotoatt\u0113lu izskatu. &Scaron;is bag\u0101t\u012bgais kr\u0113ms ar \u0113rtu jaun\u0101s paaudzes emulsijas","og_url":"https:\/\/cosmetic.lv\/lv\/product\/maria-galland-196-aizsrg-krems-pret-sauli-satin-protective-care-spf25-200ml\/","og_site_name":"cosmetic.lv","article_publisher":"https:\/\/www.facebook.com\/cosmetic.lv\/","article_modified_time":"2021-02-06T17:58:58+00:00","og_image":[{"width":1000,"height":900,"url":"https:\/\/cosmetic.lv\/wp-content\/uploads\/2021\/02\/s-l1600mary-galand.jpg","type":"image\/jpeg"}],"twitter_card":"summary_large_image","schema":{"@context":"https:\/\/schema.org","@graph":[{"@type":"WebPage","@id":"https:\/\/cosmetic.lv\/lv\/product\/maria-galland-196-aizsrg-krems-pret-sauli-satin-protective-care-spf25-200ml\/","url":"https:\/\/cosmetic.lv\/lv\/product\/maria-galland-196-aizsrg-krems-pret-sauli-satin-protective-care-spf25-200ml\/","name":"MARIA GALLAND 196 aizsrg kr\u0113ms pret sauli SATIN PROTECTIVE CARE SPF25 200ML - cosmetic.lv","isPartOf":{"@id":"https:\/\/cosmetic.lv\/lv\/#website"},"primaryImageOfPage":{"@id":"https:\/\/cosmetic.lv\/lv\/product\/maria-galland-196-aizsrg-krems-pret-sauli-satin-protective-care-spf25-200ml\/#primaryimage"},"image":{"@id":"https:\/\/cosmetic.lv\/lv\/product\/maria-galland-196-aizsrg-krems-pret-sauli-satin-protective-care-spf25-200ml\/#primaryimage"},"thumbnailUrl":"https:\/\/cosmetic.lv\/wp-content\/uploads\/2021\/02\/s-l1600mary-galand.jpg","datePublished":"2021-02-06T17:58:55+00:00","dateModified":"2021-02-06T17:58:58+00:00","breadcrumb":{"@id":"https:\/\/cosmetic.lv\/lv\/product\/maria-galland-196-aizsrg-krems-pret-sauli-satin-protective-care-spf25-200ml\/#breadcrumb"},"inLanguage":"lv-LV","potentialAction":[{"@type":"ReadAction","target":["https:\/\/cosmetic.lv\/lv\/product\/maria-galland-196-aizsrg-krems-pret-sauli-satin-protective-care-spf25-200ml\/"]}]},{"@type":"ImageObject","inLanguage":"lv-LV","@id":"https:\/\/cosmetic.lv\/lv\/product\/maria-galland-196-aizsrg-krems-pret-sauli-satin-protective-care-spf25-200ml\/#primaryimage","url":"https:\/\/cosmetic.lv\/wp-content\/uploads\/2021\/02\/s-l1600mary-galand.jpg","contentUrl":"https:\/\/cosmetic.lv\/wp-content\/uploads\/2021\/02\/s-l1600mary-galand.jpg","width":1000,"height":900,"caption":"s-l1600mary galand.jpg"},{"@type":"BreadcrumbList","@id":"https:\/\/cosmetic.lv\/lv\/product\/maria-galland-196-aizsrg-krems-pret-sauli-satin-protective-care-spf25-200ml\/#breadcrumb","itemListElement":[{"@type":"ListItem","position":1,"name":"Home","item":"https:\/\/cosmetic.lv\/lv\/"},{"@type":"ListItem","position":2,"name":"Veikals","item":"https:\/\/cosmetic.lv\/lv\/veiklas\/"},{"@type":"ListItem","position":3,"name":"MARIA GALLAND 196 aizsrg kr\u0113ms pret sauli SATIN PROTECTIVE CARE SPF25 200ML"}]},{"@type":"WebSite","@id":"https:\/\/cosmetic.lv\/lv\/#website","url":"https:\/\/cosmetic.lv\/lv\/","name":"cosmetic.lv","description":"Profesion\u0101la kosm\u0113tika - Maria Galland, Keune, Arkadija, GMT, Guam, Magiray","publisher":{"@id":"https:\/\/cosmetic.lv\/lv\/#organization"},"potentialAction":[{"@type":"SearchAction","target":{"@type":"EntryPoint","urlTemplate":"https:\/\/cosmetic.lv\/lv\/?s={search_term_string}"},"query-input":{"@type":"PropertyValueSpecification","valueRequired":true,"valueName":"search_term_string"}}],"inLanguage":"lv-LV"},{"@type":"Organization","@id":"https:\/\/cosmetic.lv\/lv\/#organization","name":"COSMETIC.LV","url":"https:\/\/cosmetic.lv\/lv\/","logo":{"@type":"ImageObject","inLanguage":"lv-LV","@id":"https:\/\/cosmetic.lv\/lv\/#\/schema\/logo\/image\/","url":"https:\/\/cosmetic.lv\/wp-content\/uploads\/2021\/02\/cosmetic.lv_logo.jpg","contentUrl":"https:\/\/cosmetic.lv\/wp-content\/uploads\/2021\/02\/cosmetic.lv_logo.jpg","width":596,"height":196,"caption":"COSMETIC.LV"},"image":{"@id":"https:\/\/cosmetic.lv\/lv\/#\/schema\/logo\/image\/"},"sameAs":["https:\/\/www.facebook.com\/cosmetic.lv\/"]}]},"product_price_amount":"40.23","product_price_currency":"EUR","og_availability":"instock","product_availability":"instock","product_retailer_item_id":"196","product_condition":"new"},"_links":{"self":[{"href":"https:\/\/cosmetic.lv\/lv\/wp-json\/wp\/v2\/product\/34893","targetHints":{"allow":["GET"]}}],"collection":[{"href":"https:\/\/cosmetic.lv\/lv\/wp-json\/wp\/v2\/product"}],"about":[{"href":"https:\/\/cosmetic.lv\/lv\/wp-json\/wp\/v2\/types\/product"}],"wp:featuredmedia":[{"embeddable":true,"href":"https:\/\/cosmetic.lv\/lv\/wp-json\/wp\/v2\/media\/11339"}],"wp:attachment":[{"href":"https:\/\/cosmetic.lv\/lv\/wp-json\/wp\/v2\/media?parent=34893"}],"wp:term":[{"taxonomy":"product_brand","embeddable":true,"href":"https:\/\/cosmetic.lv\/lv\/wp-json\/wp\/v2\/product_brand?post=34893"},{"taxonomy":"product_cat","embeddable":true,"href":"https:\/\/cosmetic.lv\/lv\/wp-json\/wp\/v2\/product_cat?post=34893"},{"taxonomy":"product_tag","embeddable":true,"href":"https:\/\/cosmetic.lv\/lv\/wp-json\/wp\/v2\/product_tag?post=34893"}],"curies":[{"name":"wp","href":"https:\/\/api.w.org\/{rel}","templated":true}]}}