{"id":34899,"date":"2021-02-05T22:45:46","date_gmt":"2021-02-06T17:59:04","guid":{"rendered":"https:\/\/damme.lv\/product\/425-soft-un-gentle-cream-deodorant\/"},"modified":"2021-02-06T19:59:05","modified_gmt":"2021-02-06T17:59:05","slug":"425-soft-un-gentle-cream-deodorant","status":"publish","type":"product","link":"https:\/\/cosmetic.lv\/lv\/product\/425-soft-un-gentle-cream-deodorant\/","title":{"rendered":"425 SOFT UN GENTLE CREAM-DEODORANT"},"content":{"rendered":"<p>Galven\u0101 inform\u0101cija. Bezalkoholisks pretsviedru l\u012bdzeklis.<\/p>\n<p>Kam? Visiem \u0101das tipiem, pat visjut\u012bg\u0101kajiem.<\/p>\n<p>Tekst\u016bra Kr\u0113ms dezodorants.<\/p>\n<p>Akt\u012bv\u0101s sast\u0101vda\u013cas:<\/p>\n<p>\u2022 Alum\u012bnija hidrohlor\u012bds: pretsviedru l\u012bdzeklis.<br \/>\n\u2022 Lakricas sak\u0146u ekstrakts: nomierina, ir pretiekaisuma iedarb\u012bba.<br \/>\n\u2022 Auzu ekstrakts: stiprina \u0101das dabisk\u0101s aizsargsp\u0113jas.<br \/>\nR\u012bc\u012bba<\/p>\n<p>\u2022 Pal\u0113nina sv\u012b\u0161anu un nodro\u0161ina ilgtermi\u0146a aizsardz\u012bbu. Neitraliz\u0113 smakas.<br \/>\n\u2022 Nomierina un pasarg\u0101 jut\u012bgu \u0101du.<br \/>\nIzmantot Noskr\u016bv\u0113jiet dezodorantu, pagrie\u017eot &quot;z\u012bmu\u013ca&quot; pamatni. Uz balsta zonai uzkl\u0101jiet pl\u0101nu k\u0101rtu.<\/p>\n<p>Iepakojums. M\u0101jas apr\u016bpe &#8211; &quot;z\u012bmulis&quot; 40 ml.<\/p>\n","protected":false},"excerpt":{"rendered":"<p>Galven\u0101 inform\u0101cija. Bezalkoholisks pretsviedru l\u012bdzeklis. Kam? Visiem \u0101das tipiem, pat visjut\u012bg\u0101kajiem. Tekst\u016bra Kr\u0113ms dezodorants. Akt\u012bv\u0101s sast\u0101vda\u013cas: \u2022 Alum\u012bnija hidrohlor\u012bds: pretsviedru<\/p>\n","protected":false},"featured_media":11357,"template":"","meta":[],"product_brand":[],"product_cat":[2273,2277],"product_tag":[],"class_list":{"0":"post-34899","1":"product","2":"type-product","3":"status-publish","4":"has-post-thumbnail","6":"product_cat-profesionala-kosmetika-sejai-un-kermenim-lv","7":"product_cat-maria-galland-francija-lv","9":"first","10":"outofstock","11":"sale","12":"featured","13":"taxable","14":"shipping-taxable","15":"purchasable","16":"product-type-simple"},"yoast_head":"<!-- This site is optimized with the Yoast SEO Premium plugin v27.0 (Yoast SEO v27.0) - https:\/\/yoast.com\/product\/yoast-seo-premium-wordpress\/ -->\n<title>425 SOFT UN GENTLE CREAM-DEODORANT - cosmetic.lv<\/title>\n<meta name=\"robots\" content=\"index, follow, max-snippet:-1, max-image-preview:large, max-video-preview:-1\" \/>\n<link rel=\"canonical\" href=\"https:\/\/cosmetic.lv\/lv\/product\/425-soft-un-gentle-cream-deodorant\/\" \/>\n<meta property=\"og:locale\" content=\"lv_LV\" \/>\n<meta property=\"og:type\" content=\"article\" \/>\n<meta property=\"og:title\" content=\"425 SOFT UN GENTLE CREAM-DEODORANT\" \/>\n<meta property=\"og:description\" content=\"Galven\u0101 inform\u0101cija. Bezalkoholisks pretsviedru l\u012bdzeklis. Kam? Visiem \u0101das tipiem, pat visjut\u012bg\u0101kajiem. Tekst\u016bra Kr\u0113ms dezodorants. Akt\u012bv\u0101s sast\u0101vda\u013cas: \u2022 Alum\u012bnija hidrohlor\u012bds: pretsviedru\" \/>\n<meta property=\"og:url\" content=\"https:\/\/cosmetic.lv\/lv\/product\/425-soft-un-gentle-cream-deodorant\/\" \/>\n<meta property=\"og:site_name\" content=\"cosmetic.lv\" \/>\n<meta property=\"article:publisher\" content=\"https:\/\/www.facebook.com\/cosmetic.lv\/\" \/>\n<meta property=\"article:modified_time\" content=\"2021-02-06T17:59:05+00:00\" \/>\n<meta property=\"og:image\" content=\"https:\/\/cosmetic.lv\/wp-content\/uploads\/2021\/02\/22813tif22c6.jpg\" \/>\n\t<meta property=\"og:image:width\" content=\"300\" \/>\n\t<meta property=\"og:image:height\" content=\"400\" \/>\n\t<meta property=\"og:image:type\" content=\"image\/jpeg\" \/>\n<meta name=\"twitter:card\" content=\"summary_large_image\" \/>\n<script type=\"application\/ld+json\" class=\"yoast-schema-graph\">{\"@context\":\"https:\/\/schema.org\",\"@graph\":[{\"@type\":\"WebPage\",\"@id\":\"https:\/\/cosmetic.lv\/lv\/product\/425-soft-un-gentle-cream-deodorant\/\",\"url\":\"https:\/\/cosmetic.lv\/lv\/product\/425-soft-un-gentle-cream-deodorant\/\",\"name\":\"425 SOFT UN GENTLE CREAM-DEODORANT - cosmetic.lv\",\"isPartOf\":{\"@id\":\"https:\/\/cosmetic.lv\/lv\/#website\"},\"primaryImageOfPage\":{\"@id\":\"https:\/\/cosmetic.lv\/lv\/product\/425-soft-un-gentle-cream-deodorant\/#primaryimage\"},\"image\":{\"@id\":\"https:\/\/cosmetic.lv\/lv\/product\/425-soft-un-gentle-cream-deodorant\/#primaryimage\"},\"thumbnailUrl\":\"https:\/\/cosmetic.lv\/wp-content\/uploads\/2021\/02\/22813tif22c6.jpg\",\"datePublished\":\"2021-02-06T17:59:04+00:00\",\"dateModified\":\"2021-02-06T17:59:05+00:00\",\"breadcrumb\":{\"@id\":\"https:\/\/cosmetic.lv\/lv\/product\/425-soft-un-gentle-cream-deodorant\/#breadcrumb\"},\"inLanguage\":\"lv-LV\",\"potentialAction\":[{\"@type\":\"ReadAction\",\"target\":[\"https:\/\/cosmetic.lv\/lv\/product\/425-soft-un-gentle-cream-deodorant\/\"]}]},{\"@type\":\"ImageObject\",\"inLanguage\":\"lv-LV\",\"@id\":\"https:\/\/cosmetic.lv\/lv\/product\/425-soft-un-gentle-cream-deodorant\/#primaryimage\",\"url\":\"https:\/\/cosmetic.lv\/wp-content\/uploads\/2021\/02\/22813tif22c6.jpg\",\"contentUrl\":\"https:\/\/cosmetic.lv\/wp-content\/uploads\/2021\/02\/22813tif22c6.jpg\",\"width\":300,\"height\":400,\"caption\":\"22813TiF22c6.jpg\"},{\"@type\":\"BreadcrumbList\",\"@id\":\"https:\/\/cosmetic.lv\/lv\/product\/425-soft-un-gentle-cream-deodorant\/#breadcrumb\",\"itemListElement\":[{\"@type\":\"ListItem\",\"position\":1,\"name\":\"Home\",\"item\":\"https:\/\/cosmetic.lv\/lv\/\"},{\"@type\":\"ListItem\",\"position\":2,\"name\":\"Veikals\",\"item\":\"https:\/\/cosmetic.lv\/lv\/veiklas\/\"},{\"@type\":\"ListItem\",\"position\":3,\"name\":\"425 SOFT UN GENTLE CREAM-DEODORANT\"}]},{\"@type\":\"WebSite\",\"@id\":\"https:\/\/cosmetic.lv\/lv\/#website\",\"url\":\"https:\/\/cosmetic.lv\/lv\/\",\"name\":\"cosmetic.lv\",\"description\":\"Profesion\u0101la kosm\u0113tika - Maria Galland, Keune, Arkadija, GMT, Guam, Magiray\",\"publisher\":{\"@id\":\"https:\/\/cosmetic.lv\/lv\/#organization\"},\"potentialAction\":[{\"@type\":\"SearchAction\",\"target\":{\"@type\":\"EntryPoint\",\"urlTemplate\":\"https:\/\/cosmetic.lv\/lv\/?s={search_term_string}\"},\"query-input\":{\"@type\":\"PropertyValueSpecification\",\"valueRequired\":true,\"valueName\":\"search_term_string\"}}],\"inLanguage\":\"lv-LV\"},{\"@type\":\"Organization\",\"@id\":\"https:\/\/cosmetic.lv\/lv\/#organization\",\"name\":\"COSMETIC.LV\",\"url\":\"https:\/\/cosmetic.lv\/lv\/\",\"logo\":{\"@type\":\"ImageObject\",\"inLanguage\":\"lv-LV\",\"@id\":\"https:\/\/cosmetic.lv\/lv\/#\/schema\/logo\/image\/\",\"url\":\"https:\/\/cosmetic.lv\/wp-content\/uploads\/2021\/02\/cosmetic.lv_logo.jpg\",\"contentUrl\":\"https:\/\/cosmetic.lv\/wp-content\/uploads\/2021\/02\/cosmetic.lv_logo.jpg\",\"width\":596,\"height\":196,\"caption\":\"COSMETIC.LV\"},\"image\":{\"@id\":\"https:\/\/cosmetic.lv\/lv\/#\/schema\/logo\/image\/\"},\"sameAs\":[\"https:\/\/www.facebook.com\/cosmetic.lv\/\"]}]}<\/script>\n<meta property=\"product:price:amount\" content=\"22.02\" \/>\n<meta property=\"product:price:currency\" content=\"EUR\" \/>\n<meta property=\"og:availability\" content=\"out of stock\" \/>\n<meta property=\"product:availability\" content=\"out of stock\" \/>\n<meta property=\"product:retailer_item_id\" content=\"425\" \/>\n<meta property=\"product:condition\" content=\"new\" \/>\n<!-- \/ Yoast SEO Premium plugin. -->","yoast_head_json":{"title":"425 SOFT UN GENTLE CREAM-DEODORANT - cosmetic.lv","robots":{"index":"index","follow":"follow","max-snippet":"max-snippet:-1","max-image-preview":"max-image-preview:large","max-video-preview":"max-video-preview:-1"},"canonical":"https:\/\/cosmetic.lv\/lv\/product\/425-soft-un-gentle-cream-deodorant\/","og_locale":"lv_LV","og_type":"article","og_title":"425 SOFT UN GENTLE CREAM-DEODORANT","og_description":"Galven\u0101 inform\u0101cija. Bezalkoholisks pretsviedru l\u012bdzeklis. Kam? Visiem \u0101das tipiem, pat visjut\u012bg\u0101kajiem. Tekst\u016bra Kr\u0113ms dezodorants. Akt\u012bv\u0101s sast\u0101vda\u013cas: \u2022 Alum\u012bnija hidrohlor\u012bds: pretsviedru","og_url":"https:\/\/cosmetic.lv\/lv\/product\/425-soft-un-gentle-cream-deodorant\/","og_site_name":"cosmetic.lv","article_publisher":"https:\/\/www.facebook.com\/cosmetic.lv\/","article_modified_time":"2021-02-06T17:59:05+00:00","og_image":[{"width":300,"height":400,"url":"https:\/\/cosmetic.lv\/wp-content\/uploads\/2021\/02\/22813tif22c6.jpg","type":"image\/jpeg"}],"twitter_card":"summary_large_image","schema":{"@context":"https:\/\/schema.org","@graph":[{"@type":"WebPage","@id":"https:\/\/cosmetic.lv\/lv\/product\/425-soft-un-gentle-cream-deodorant\/","url":"https:\/\/cosmetic.lv\/lv\/product\/425-soft-un-gentle-cream-deodorant\/","name":"425 SOFT UN GENTLE CREAM-DEODORANT - cosmetic.lv","isPartOf":{"@id":"https:\/\/cosmetic.lv\/lv\/#website"},"primaryImageOfPage":{"@id":"https:\/\/cosmetic.lv\/lv\/product\/425-soft-un-gentle-cream-deodorant\/#primaryimage"},"image":{"@id":"https:\/\/cosmetic.lv\/lv\/product\/425-soft-un-gentle-cream-deodorant\/#primaryimage"},"thumbnailUrl":"https:\/\/cosmetic.lv\/wp-content\/uploads\/2021\/02\/22813tif22c6.jpg","datePublished":"2021-02-06T17:59:04+00:00","dateModified":"2021-02-06T17:59:05+00:00","breadcrumb":{"@id":"https:\/\/cosmetic.lv\/lv\/product\/425-soft-un-gentle-cream-deodorant\/#breadcrumb"},"inLanguage":"lv-LV","potentialAction":[{"@type":"ReadAction","target":["https:\/\/cosmetic.lv\/lv\/product\/425-soft-un-gentle-cream-deodorant\/"]}]},{"@type":"ImageObject","inLanguage":"lv-LV","@id":"https:\/\/cosmetic.lv\/lv\/product\/425-soft-un-gentle-cream-deodorant\/#primaryimage","url":"https:\/\/cosmetic.lv\/wp-content\/uploads\/2021\/02\/22813tif22c6.jpg","contentUrl":"https:\/\/cosmetic.lv\/wp-content\/uploads\/2021\/02\/22813tif22c6.jpg","width":300,"height":400,"caption":"22813TiF22c6.jpg"},{"@type":"BreadcrumbList","@id":"https:\/\/cosmetic.lv\/lv\/product\/425-soft-un-gentle-cream-deodorant\/#breadcrumb","itemListElement":[{"@type":"ListItem","position":1,"name":"Home","item":"https:\/\/cosmetic.lv\/lv\/"},{"@type":"ListItem","position":2,"name":"Veikals","item":"https:\/\/cosmetic.lv\/lv\/veiklas\/"},{"@type":"ListItem","position":3,"name":"425 SOFT UN GENTLE CREAM-DEODORANT"}]},{"@type":"WebSite","@id":"https:\/\/cosmetic.lv\/lv\/#website","url":"https:\/\/cosmetic.lv\/lv\/","name":"cosmetic.lv","description":"Profesion\u0101la kosm\u0113tika - Maria Galland, Keune, Arkadija, GMT, Guam, Magiray","publisher":{"@id":"https:\/\/cosmetic.lv\/lv\/#organization"},"potentialAction":[{"@type":"SearchAction","target":{"@type":"EntryPoint","urlTemplate":"https:\/\/cosmetic.lv\/lv\/?s={search_term_string}"},"query-input":{"@type":"PropertyValueSpecification","valueRequired":true,"valueName":"search_term_string"}}],"inLanguage":"lv-LV"},{"@type":"Organization","@id":"https:\/\/cosmetic.lv\/lv\/#organization","name":"COSMETIC.LV","url":"https:\/\/cosmetic.lv\/lv\/","logo":{"@type":"ImageObject","inLanguage":"lv-LV","@id":"https:\/\/cosmetic.lv\/lv\/#\/schema\/logo\/image\/","url":"https:\/\/cosmetic.lv\/wp-content\/uploads\/2021\/02\/cosmetic.lv_logo.jpg","contentUrl":"https:\/\/cosmetic.lv\/wp-content\/uploads\/2021\/02\/cosmetic.lv_logo.jpg","width":596,"height":196,"caption":"COSMETIC.LV"},"image":{"@id":"https:\/\/cosmetic.lv\/lv\/#\/schema\/logo\/image\/"},"sameAs":["https:\/\/www.facebook.com\/cosmetic.lv\/"]}]},"product_price_amount":"22.02","product_price_currency":"EUR","og_availability":"out of stock","product_availability":"out of stock","product_retailer_item_id":"425","product_condition":"new"},"_links":{"self":[{"href":"https:\/\/cosmetic.lv\/lv\/wp-json\/wp\/v2\/product\/34899","targetHints":{"allow":["GET"]}}],"collection":[{"href":"https:\/\/cosmetic.lv\/lv\/wp-json\/wp\/v2\/product"}],"about":[{"href":"https:\/\/cosmetic.lv\/lv\/wp-json\/wp\/v2\/types\/product"}],"wp:featuredmedia":[{"embeddable":true,"href":"https:\/\/cosmetic.lv\/lv\/wp-json\/wp\/v2\/media\/11357"}],"wp:attachment":[{"href":"https:\/\/cosmetic.lv\/lv\/wp-json\/wp\/v2\/media?parent=34899"}],"wp:term":[{"taxonomy":"product_brand","embeddable":true,"href":"https:\/\/cosmetic.lv\/lv\/wp-json\/wp\/v2\/product_brand?post=34899"},{"taxonomy":"product_cat","embeddable":true,"href":"https:\/\/cosmetic.lv\/lv\/wp-json\/wp\/v2\/product_cat?post=34899"},{"taxonomy":"product_tag","embeddable":true,"href":"https:\/\/cosmetic.lv\/lv\/wp-json\/wp\/v2\/product_tag?post=34899"}],"curies":[{"name":"wp","href":"https:\/\/api.w.org\/{rel}","templated":true}]}}