{"id":34900,"date":"2021-02-05T22:45:46","date_gmt":"2021-02-06T17:59:04","guid":{"rendered":"https:\/\/damme.lv\/product\/d-120-gentle-cleansing-gel-ar-divkarsu-efektu\/"},"modified":"2021-02-22T13:08:04","modified_gmt":"2021-02-22T11:08:04","slug":"d-120-gentle-cleansing-gel-ar-divkarsu-efektu","status":"publish","type":"product","link":"https:\/\/cosmetic.lv\/lv\/product\/d-120-gentle-cleansing-gel-ar-divkarsu-efektu\/","title":{"rendered":"Maria Galland D-120 GENTLE CLEANSING GEL ar divk\u0101r\u0161u efektu"},"content":{"rendered":"<p>Grims no\u0146em\u0161anas \u017eeleja ar inovat\u012bv\u0101m sast\u0101vda\u013c\u0101m. Z\u0101les maigi att\u012bra visas sejas zonas, tai skait\u0101 acu plaksti\u0146u zonu (izturas oftalmolo\u0123isk\u0101 kontrole). Ide\u0101li piem\u0113rots jut\u012bgai \u0101dai.<\/p>\n<p>Darb\u012bbas komponenti:<\/p>\n<p>Hialuronsk\u0101be maigi mitrina \u0101du.<br \/>\nPantenols m\u012bkstina un nomierina epidermu.<\/p>\n<p>Lieto\u0161anas veids: no r\u012bta un vakar\u0101 uz sejas \u0101das uzkl\u0101jiet nelielu daudzumu z\u0101\u013cu (ja nepiecie\u0161ams, uzkl\u0101jiet papildu daudzumu uz ac\u012bm un l\u016bp\u0101m). Maigi masiniet, lai no\u0146emtu pies\u0101r\u0146ojumu un not\u012br\u012btu ar mitr\u0101m salvet\u0113m vai noskalojiet ar \u016bdeni.<\/p>\n<p>Pieejams: 200 ml dozatora pudel\u0113<\/p>\n","protected":false},"excerpt":{"rendered":"<p>Grims no\u0146em\u0161anas \u017eeleja ar inovat\u012bv\u0101m sast\u0101vda\u013c\u0101m. Z\u0101les maigi att\u012bra visas sejas zonas, tai skait\u0101 acu plaksti\u0146u zonu (izturas oftalmolo\u0123isk\u0101 kontrole).<\/p>\n","protected":false},"featured_media":17641,"template":"","meta":[],"product_brand":[],"product_cat":[2273,2277],"product_tag":[],"class_list":{"0":"post-34900","1":"product","2":"type-product","3":"status-publish","4":"has-post-thumbnail","6":"product_cat-profesionala-kosmetika-sejai-un-kermenim-lv","7":"product_cat-maria-galland-francija-lv","9":"first","10":"instock","11":"sale","12":"featured","13":"taxable","14":"shipping-taxable","15":"purchasable","16":"product-type-simple"},"yoast_head":"<!-- This site is optimized with the Yoast SEO Premium plugin v27.0 (Yoast SEO v27.0) - https:\/\/yoast.com\/product\/yoast-seo-premium-wordpress\/ -->\n<title>Maria Galland D-120 GENTLE CLEANSING GEL ar divk\u0101r\u0161u efektu - cosmetic.lv<\/title>\n<meta name=\"robots\" content=\"index, follow, max-snippet:-1, max-image-preview:large, max-video-preview:-1\" \/>\n<link rel=\"canonical\" href=\"https:\/\/cosmetic.lv\/lv\/product\/d-120-gentle-cleansing-gel-ar-divkarsu-efektu\/\" \/>\n<meta property=\"og:locale\" content=\"lv_LV\" \/>\n<meta property=\"og:type\" content=\"article\" \/>\n<meta property=\"og:title\" content=\"Maria Galland D-120 GENTLE CLEANSING GEL ar divk\u0101r\u0161u efektu\" \/>\n<meta property=\"og:description\" content=\"Grims no\u0146em\u0161anas \u017eeleja ar inovat\u012bv\u0101m sast\u0101vda\u013c\u0101m. Z\u0101les maigi att\u012bra visas sejas zonas, tai skait\u0101 acu plaksti\u0146u zonu (izturas oftalmolo\u0123isk\u0101 kontrole).\" \/>\n<meta property=\"og:url\" content=\"https:\/\/cosmetic.lv\/lv\/product\/d-120-gentle-cleansing-gel-ar-divkarsu-efektu\/\" \/>\n<meta property=\"og:site_name\" content=\"cosmetic.lv\" \/>\n<meta property=\"article:publisher\" content=\"https:\/\/www.facebook.com\/cosmetic.lv\/\" \/>\n<meta property=\"article:modified_time\" content=\"2021-02-22T11:08:04+00:00\" \/>\n<meta property=\"og:image\" content=\"https:\/\/cosmetic.lv\/wp-content\/uploads\/2021\/02\/24ae0a024375763d0ef4e5f0e0fa6b30-4.jpg\" \/>\n\t<meta property=\"og:image:width\" content=\"256\" \/>\n\t<meta property=\"og:image:height\" content=\"280\" \/>\n\t<meta property=\"og:image:type\" content=\"image\/jpeg\" \/>\n<meta name=\"twitter:card\" content=\"summary_large_image\" \/>\n<script type=\"application\/ld+json\" class=\"yoast-schema-graph\">{\"@context\":\"https:\/\/schema.org\",\"@graph\":[{\"@type\":\"WebPage\",\"@id\":\"https:\/\/cosmetic.lv\/lv\/product\/d-120-gentle-cleansing-gel-ar-divkarsu-efektu\/\",\"url\":\"https:\/\/cosmetic.lv\/lv\/product\/d-120-gentle-cleansing-gel-ar-divkarsu-efektu\/\",\"name\":\"Maria Galland D-120 GENTLE CLEANSING GEL ar divk\u0101r\u0161u efektu - cosmetic.lv\",\"isPartOf\":{\"@id\":\"https:\/\/cosmetic.lv\/lv\/#website\"},\"primaryImageOfPage\":{\"@id\":\"https:\/\/cosmetic.lv\/lv\/product\/d-120-gentle-cleansing-gel-ar-divkarsu-efektu\/#primaryimage\"},\"image\":{\"@id\":\"https:\/\/cosmetic.lv\/lv\/product\/d-120-gentle-cleansing-gel-ar-divkarsu-efektu\/#primaryimage\"},\"thumbnailUrl\":\"https:\/\/cosmetic.lv\/wp-content\/uploads\/2021\/02\/24ae0a024375763d0ef4e5f0e0fa6b30-4.jpg\",\"datePublished\":\"2021-02-06T17:59:04+00:00\",\"dateModified\":\"2021-02-22T11:08:04+00:00\",\"breadcrumb\":{\"@id\":\"https:\/\/cosmetic.lv\/lv\/product\/d-120-gentle-cleansing-gel-ar-divkarsu-efektu\/#breadcrumb\"},\"inLanguage\":\"lv-LV\",\"potentialAction\":[{\"@type\":\"ReadAction\",\"target\":[\"https:\/\/cosmetic.lv\/lv\/product\/d-120-gentle-cleansing-gel-ar-divkarsu-efektu\/\"]}]},{\"@type\":\"ImageObject\",\"inLanguage\":\"lv-LV\",\"@id\":\"https:\/\/cosmetic.lv\/lv\/product\/d-120-gentle-cleansing-gel-ar-divkarsu-efektu\/#primaryimage\",\"url\":\"https:\/\/cosmetic.lv\/wp-content\/uploads\/2021\/02\/24ae0a024375763d0ef4e5f0e0fa6b30-4.jpg\",\"contentUrl\":\"https:\/\/cosmetic.lv\/wp-content\/uploads\/2021\/02\/24ae0a024375763d0ef4e5f0e0fa6b30-4.jpg\",\"width\":256,\"height\":280,\"caption\":\"24ae0a024375763d0ef4e5f0e0fa6b30.jpg\"},{\"@type\":\"BreadcrumbList\",\"@id\":\"https:\/\/cosmetic.lv\/lv\/product\/d-120-gentle-cleansing-gel-ar-divkarsu-efektu\/#breadcrumb\",\"itemListElement\":[{\"@type\":\"ListItem\",\"position\":1,\"name\":\"Home\",\"item\":\"https:\/\/cosmetic.lv\/lv\/\"},{\"@type\":\"ListItem\",\"position\":2,\"name\":\"Veikals\",\"item\":\"https:\/\/cosmetic.lv\/lv\/veiklas\/\"},{\"@type\":\"ListItem\",\"position\":3,\"name\":\"Maria Galland D-120 GENTLE CLEANSING GEL ar divk\u0101r\u0161u efektu\"}]},{\"@type\":\"WebSite\",\"@id\":\"https:\/\/cosmetic.lv\/lv\/#website\",\"url\":\"https:\/\/cosmetic.lv\/lv\/\",\"name\":\"cosmetic.lv\",\"description\":\"Profesion\u0101la kosm\u0113tika - Maria Galland, Keune, Arkadija, GMT, Guam, Magiray\",\"publisher\":{\"@id\":\"https:\/\/cosmetic.lv\/lv\/#organization\"},\"potentialAction\":[{\"@type\":\"SearchAction\",\"target\":{\"@type\":\"EntryPoint\",\"urlTemplate\":\"https:\/\/cosmetic.lv\/lv\/?s={search_term_string}\"},\"query-input\":{\"@type\":\"PropertyValueSpecification\",\"valueRequired\":true,\"valueName\":\"search_term_string\"}}],\"inLanguage\":\"lv-LV\"},{\"@type\":\"Organization\",\"@id\":\"https:\/\/cosmetic.lv\/lv\/#organization\",\"name\":\"COSMETIC.LV\",\"url\":\"https:\/\/cosmetic.lv\/lv\/\",\"logo\":{\"@type\":\"ImageObject\",\"inLanguage\":\"lv-LV\",\"@id\":\"https:\/\/cosmetic.lv\/lv\/#\/schema\/logo\/image\/\",\"url\":\"https:\/\/cosmetic.lv\/wp-content\/uploads\/2021\/02\/cosmetic.lv_logo.jpg\",\"contentUrl\":\"https:\/\/cosmetic.lv\/wp-content\/uploads\/2021\/02\/cosmetic.lv_logo.jpg\",\"width\":596,\"height\":196,\"caption\":\"COSMETIC.LV\"},\"image\":{\"@id\":\"https:\/\/cosmetic.lv\/lv\/#\/schema\/logo\/image\/\"},\"sameAs\":[\"https:\/\/www.facebook.com\/cosmetic.lv\/\"]}]}<\/script>\n<meta property=\"product:price:amount\" content=\"46.36\" \/>\n<meta property=\"product:price:currency\" content=\"EUR\" \/>\n<meta property=\"og:availability\" content=\"instock\" \/>\n<meta property=\"product:availability\" content=\"instock\" \/>\n<meta property=\"product:retailer_item_id\" content=\"D-120\" \/>\n<meta property=\"product:condition\" content=\"new\" \/>\n<!-- \/ Yoast SEO Premium plugin. -->","yoast_head_json":{"title":"Maria Galland D-120 GENTLE CLEANSING GEL ar divk\u0101r\u0161u efektu - cosmetic.lv","robots":{"index":"index","follow":"follow","max-snippet":"max-snippet:-1","max-image-preview":"max-image-preview:large","max-video-preview":"max-video-preview:-1"},"canonical":"https:\/\/cosmetic.lv\/lv\/product\/d-120-gentle-cleansing-gel-ar-divkarsu-efektu\/","og_locale":"lv_LV","og_type":"article","og_title":"Maria Galland D-120 GENTLE CLEANSING GEL ar divk\u0101r\u0161u efektu","og_description":"Grims no\u0146em\u0161anas \u017eeleja ar inovat\u012bv\u0101m sast\u0101vda\u013c\u0101m. Z\u0101les maigi att\u012bra visas sejas zonas, tai skait\u0101 acu plaksti\u0146u zonu (izturas oftalmolo\u0123isk\u0101 kontrole).","og_url":"https:\/\/cosmetic.lv\/lv\/product\/d-120-gentle-cleansing-gel-ar-divkarsu-efektu\/","og_site_name":"cosmetic.lv","article_publisher":"https:\/\/www.facebook.com\/cosmetic.lv\/","article_modified_time":"2021-02-22T11:08:04+00:00","og_image":[{"width":256,"height":280,"url":"https:\/\/cosmetic.lv\/wp-content\/uploads\/2021\/02\/24ae0a024375763d0ef4e5f0e0fa6b30-4.jpg","type":"image\/jpeg"}],"twitter_card":"summary_large_image","schema":{"@context":"https:\/\/schema.org","@graph":[{"@type":"WebPage","@id":"https:\/\/cosmetic.lv\/lv\/product\/d-120-gentle-cleansing-gel-ar-divkarsu-efektu\/","url":"https:\/\/cosmetic.lv\/lv\/product\/d-120-gentle-cleansing-gel-ar-divkarsu-efektu\/","name":"Maria Galland D-120 GENTLE CLEANSING GEL ar divk\u0101r\u0161u efektu - cosmetic.lv","isPartOf":{"@id":"https:\/\/cosmetic.lv\/lv\/#website"},"primaryImageOfPage":{"@id":"https:\/\/cosmetic.lv\/lv\/product\/d-120-gentle-cleansing-gel-ar-divkarsu-efektu\/#primaryimage"},"image":{"@id":"https:\/\/cosmetic.lv\/lv\/product\/d-120-gentle-cleansing-gel-ar-divkarsu-efektu\/#primaryimage"},"thumbnailUrl":"https:\/\/cosmetic.lv\/wp-content\/uploads\/2021\/02\/24ae0a024375763d0ef4e5f0e0fa6b30-4.jpg","datePublished":"2021-02-06T17:59:04+00:00","dateModified":"2021-02-22T11:08:04+00:00","breadcrumb":{"@id":"https:\/\/cosmetic.lv\/lv\/product\/d-120-gentle-cleansing-gel-ar-divkarsu-efektu\/#breadcrumb"},"inLanguage":"lv-LV","potentialAction":[{"@type":"ReadAction","target":["https:\/\/cosmetic.lv\/lv\/product\/d-120-gentle-cleansing-gel-ar-divkarsu-efektu\/"]}]},{"@type":"ImageObject","inLanguage":"lv-LV","@id":"https:\/\/cosmetic.lv\/lv\/product\/d-120-gentle-cleansing-gel-ar-divkarsu-efektu\/#primaryimage","url":"https:\/\/cosmetic.lv\/wp-content\/uploads\/2021\/02\/24ae0a024375763d0ef4e5f0e0fa6b30-4.jpg","contentUrl":"https:\/\/cosmetic.lv\/wp-content\/uploads\/2021\/02\/24ae0a024375763d0ef4e5f0e0fa6b30-4.jpg","width":256,"height":280,"caption":"24ae0a024375763d0ef4e5f0e0fa6b30.jpg"},{"@type":"BreadcrumbList","@id":"https:\/\/cosmetic.lv\/lv\/product\/d-120-gentle-cleansing-gel-ar-divkarsu-efektu\/#breadcrumb","itemListElement":[{"@type":"ListItem","position":1,"name":"Home","item":"https:\/\/cosmetic.lv\/lv\/"},{"@type":"ListItem","position":2,"name":"Veikals","item":"https:\/\/cosmetic.lv\/lv\/veiklas\/"},{"@type":"ListItem","position":3,"name":"Maria Galland D-120 GENTLE CLEANSING GEL ar divk\u0101r\u0161u efektu"}]},{"@type":"WebSite","@id":"https:\/\/cosmetic.lv\/lv\/#website","url":"https:\/\/cosmetic.lv\/lv\/","name":"cosmetic.lv","description":"Profesion\u0101la kosm\u0113tika - Maria Galland, Keune, Arkadija, GMT, Guam, Magiray","publisher":{"@id":"https:\/\/cosmetic.lv\/lv\/#organization"},"potentialAction":[{"@type":"SearchAction","target":{"@type":"EntryPoint","urlTemplate":"https:\/\/cosmetic.lv\/lv\/?s={search_term_string}"},"query-input":{"@type":"PropertyValueSpecification","valueRequired":true,"valueName":"search_term_string"}}],"inLanguage":"lv-LV"},{"@type":"Organization","@id":"https:\/\/cosmetic.lv\/lv\/#organization","name":"COSMETIC.LV","url":"https:\/\/cosmetic.lv\/lv\/","logo":{"@type":"ImageObject","inLanguage":"lv-LV","@id":"https:\/\/cosmetic.lv\/lv\/#\/schema\/logo\/image\/","url":"https:\/\/cosmetic.lv\/wp-content\/uploads\/2021\/02\/cosmetic.lv_logo.jpg","contentUrl":"https:\/\/cosmetic.lv\/wp-content\/uploads\/2021\/02\/cosmetic.lv_logo.jpg","width":596,"height":196,"caption":"COSMETIC.LV"},"image":{"@id":"https:\/\/cosmetic.lv\/lv\/#\/schema\/logo\/image\/"},"sameAs":["https:\/\/www.facebook.com\/cosmetic.lv\/"]}]},"product_price_amount":"46.36","product_price_currency":"EUR","og_availability":"instock","product_availability":"instock","product_retailer_item_id":"D-120","product_condition":"new"},"_links":{"self":[{"href":"https:\/\/cosmetic.lv\/lv\/wp-json\/wp\/v2\/product\/34900","targetHints":{"allow":["GET"]}}],"collection":[{"href":"https:\/\/cosmetic.lv\/lv\/wp-json\/wp\/v2\/product"}],"about":[{"href":"https:\/\/cosmetic.lv\/lv\/wp-json\/wp\/v2\/types\/product"}],"wp:featuredmedia":[{"embeddable":true,"href":"https:\/\/cosmetic.lv\/lv\/wp-json\/wp\/v2\/media\/17641"}],"wp:attachment":[{"href":"https:\/\/cosmetic.lv\/lv\/wp-json\/wp\/v2\/media?parent=34900"}],"wp:term":[{"taxonomy":"product_brand","embeddable":true,"href":"https:\/\/cosmetic.lv\/lv\/wp-json\/wp\/v2\/product_brand?post=34900"},{"taxonomy":"product_cat","embeddable":true,"href":"https:\/\/cosmetic.lv\/lv\/wp-json\/wp\/v2\/product_cat?post=34900"},{"taxonomy":"product_tag","embeddable":true,"href":"https:\/\/cosmetic.lv\/lv\/wp-json\/wp\/v2\/product_tag?post=34900"}],"curies":[{"name":"wp","href":"https:\/\/api.w.org\/{rel}","templated":true}]}}