{"id":34902,"date":"2021-02-05T22:45:46","date_gmt":"2021-02-06T17:59:04","guid":{"rendered":"https:\/\/damme.lv\/product\/maria-galland-masque-nettoyant-apaisant-d-300-50-ml\/"},"modified":"2021-02-06T19:59:07","modified_gmt":"2021-02-06T17:59:07","slug":"maria-galland-masque-nettoyant-apaisant-d-300-50-ml","status":"publish","type":"product","link":"https:\/\/cosmetic.lv\/lv\/product\/maria-galland-masque-nettoyant-apaisant-d-300-50-ml\/","title":{"rendered":"MARIA GALLAND MASQUE NETTOYANT APAISANT D-300, 50 \u041c\u041b"},"content":{"rendered":"<p>Intens\u012bvi att\u012bro\u0161a sejas maska \u200b\u200bar detoksisku efektu<\/p>\n<p>Raksturojums: pH: 7,2 &#8211; 8,2. Nav smar\u017eu. Intens\u012bvi att\u012bro\u0161a un nomierino\u0161a maska \u200b\u200blieto\u0161anai p\u0113c p\u012blinga vai p\u0113c vajadz\u012bbas. Maska nomierina un att\u012bra \u0101du, absorb\u0113 tauku un sve\u0161as vielas. Ietver \u0101du k\u0101 \u201emini model\u0113\u0161anas apr\u016bpi\u201d.<\/p>\n<p>Tekst\u016bra: viegla pasta<\/p>\n<p>Akt\u012bv\u0101s sast\u0101vda\u013cas un rezult\u0101ti:<\/p>\n<p>Kaol\u012bns: no\u0146em net\u012brumus un lieko sebumu, nodro\u0161ina detoksisku efektu<\/p>\n<p>Benton\u012bts: intens\u012bvi att\u012bra; absorb\u0113 sve\u0161\u0137erme\u0146us un lieko sebumu<\/p>\n<p>Microsilver: piem\u012bt bakteric\u012bdas \u012bpa\u0161\u012bbas. Caurpl\u016bdums \u0101d\u0101, sudrabs veido \u012bpa\u0161us savienojumus ar olbaltumviel\u0101m, kur\u0101m piem\u012bt pretiekaisuma \u012bpa\u0161\u012bbas, pa\u0101trina dz\u012b\u0161anas procesu un vesel\u012bgu audu veido\u0161anos.<\/p>\n<p>Cinka oks\u012bds: stimul\u0113 prote\u012bnu, tostarp kolag\u0113na, sint\u0113zi, stimul\u0113 \u0161\u016bnu dal\u012b\u0161anos un \u0161\u016bnu atjauno\u0161anos, palielina antioksidantu sist\u0113mu aktivit\u0101ti.<\/p>\n<p>Rauga ekstrakts: satur aminosk\u0101bes un pept\u012bdus; palielina \u0161\u016bnu biolo\u0123isko aktivit\u0101ti; uzlabo \u0101das strukt\u016bru, atjauno un atjauno \u012bpa\u0161\u012bbas; trauc\u0113 noveco\u0161an\u0101s procesiem<\/p>\n<p>Hialuronsk\u0101be: optimiz\u0113 \u0101das hidrat\u0101ciju un saglab\u0101 t\u0101 elast\u012bbu.<\/p>\n<p>CM-glik\u0101ns: stimul\u0113 \u0161\u016bnu atjauno\u0161anos un optimiz\u0113 \u0101das funkcijas<\/p>\n<p>E vitam\u012bns: padara \u0101du gludu<\/p>\n<p>Pieteikums. Pirms lieto\u0161anas maisa. P\u0113c r\u016bp\u012bgas t\u012br\u012b\u0161anas vai p\u012blinga uz \u0101das vienu vai divas reizes ned\u0113\u013c\u0101 uzkl\u0101jiet vid\u0113ja biezuma sl\u0101ni. P\u0101rliecinieties, ka poras nav redzamas, un \u0101da ir piln\u012bb\u0101 mask\u0113ta. Atst\u0101jiet to 10-15 min\u016btes. R\u016bp\u012bgi izskalojiet ar mitriem cimdiem vai s\u016bk\u013ciem.<\/p>\n<p>Padoms: intens\u012bvu m\u0101jas apr\u016bpi var lietot katru dienu 3 ned\u0113\u013cas. P\u0113c p\u012blinga ieteicams lietot DERMATOLO\u0122ISK\u0100S APR\u016aPES.<\/p>\n<p>Iepakojums: 50 ml caurule.<\/p>\n","protected":false},"excerpt":{"rendered":"<p>Intens\u012bvi att\u012bro\u0161a sejas maska \u200b\u200bar detoksisku efektu Raksturojums: pH: 7,2 &#8211; 8,2. Nav smar\u017eu. Intens\u012bvi att\u012bro\u0161a un nomierino\u0161a maska \u200b\u200blieto\u0161anai<\/p>\n","protected":false},"featured_media":11363,"template":"","meta":[],"product_brand":[],"product_cat":[2273,2277],"product_tag":[],"class_list":{"0":"post-34902","1":"product","2":"type-product","3":"status-publish","4":"has-post-thumbnail","6":"product_cat-profesionala-kosmetika-sejai-un-kermenim-lv","7":"product_cat-maria-galland-francija-lv","9":"first","10":"instock","11":"sale","12":"featured","13":"taxable","14":"shipping-taxable","15":"purchasable","16":"product-type-simple"},"yoast_head":"<!-- This site is optimized with the Yoast SEO Premium plugin v27.0 (Yoast SEO v27.0) - https:\/\/yoast.com\/product\/yoast-seo-premium-wordpress\/ -->\n<title>MARIA GALLAND MASQUE NETTOYANT APAISANT D-300, 50 \u041c\u041b - cosmetic.lv<\/title>\n<meta name=\"robots\" content=\"index, follow, max-snippet:-1, max-image-preview:large, max-video-preview:-1\" \/>\n<link rel=\"canonical\" href=\"https:\/\/cosmetic.lv\/lv\/product\/maria-galland-masque-nettoyant-apaisant-d-300-50-ml\/\" \/>\n<meta property=\"og:locale\" content=\"lv_LV\" \/>\n<meta property=\"og:type\" content=\"article\" \/>\n<meta property=\"og:title\" content=\"MARIA GALLAND MASQUE NETTOYANT APAISANT D-300, 50 \u041c\u041b\" \/>\n<meta property=\"og:description\" content=\"Intens\u012bvi att\u012bro\u0161a sejas maska \u200b\u200bar detoksisku efektu Raksturojums: pH: 7,2 &#8211; 8,2. Nav smar\u017eu. Intens\u012bvi att\u012bro\u0161a un nomierino\u0161a maska \u200b\u200blieto\u0161anai\" \/>\n<meta property=\"og:url\" content=\"https:\/\/cosmetic.lv\/lv\/product\/maria-galland-masque-nettoyant-apaisant-d-300-50-ml\/\" \/>\n<meta property=\"og:site_name\" content=\"cosmetic.lv\" \/>\n<meta property=\"article:publisher\" content=\"https:\/\/www.facebook.com\/cosmetic.lv\/\" \/>\n<meta property=\"article:modified_time\" content=\"2021-02-06T17:59:07+00:00\" \/>\n<meta property=\"og:image\" content=\"https:\/\/cosmetic.lv\/wp-content\/uploads\/2021\/02\/21vfu8g24fl._sy355_.jpg\" \/>\n\t<meta property=\"og:image:width\" content=\"355\" \/>\n\t<meta property=\"og:image:height\" content=\"355\" \/>\n\t<meta property=\"og:image:type\" content=\"image\/jpeg\" \/>\n<meta name=\"twitter:card\" content=\"summary_large_image\" \/>\n<script type=\"application\/ld+json\" class=\"yoast-schema-graph\">{\"@context\":\"https:\/\/schema.org\",\"@graph\":[{\"@type\":\"WebPage\",\"@id\":\"https:\/\/cosmetic.lv\/lv\/product\/maria-galland-masque-nettoyant-apaisant-d-300-50-ml\/\",\"url\":\"https:\/\/cosmetic.lv\/lv\/product\/maria-galland-masque-nettoyant-apaisant-d-300-50-ml\/\",\"name\":\"MARIA GALLAND MASQUE NETTOYANT APAISANT D-300, 50 \u041c\u041b - cosmetic.lv\",\"isPartOf\":{\"@id\":\"https:\/\/cosmetic.lv\/lv\/#website\"},\"primaryImageOfPage\":{\"@id\":\"https:\/\/cosmetic.lv\/lv\/product\/maria-galland-masque-nettoyant-apaisant-d-300-50-ml\/#primaryimage\"},\"image\":{\"@id\":\"https:\/\/cosmetic.lv\/lv\/product\/maria-galland-masque-nettoyant-apaisant-d-300-50-ml\/#primaryimage\"},\"thumbnailUrl\":\"https:\/\/cosmetic.lv\/wp-content\/uploads\/2021\/02\/21vfu8g24fl._sy355_.jpg\",\"datePublished\":\"2021-02-06T17:59:04+00:00\",\"dateModified\":\"2021-02-06T17:59:07+00:00\",\"breadcrumb\":{\"@id\":\"https:\/\/cosmetic.lv\/lv\/product\/maria-galland-masque-nettoyant-apaisant-d-300-50-ml\/#breadcrumb\"},\"inLanguage\":\"lv-LV\",\"potentialAction\":[{\"@type\":\"ReadAction\",\"target\":[\"https:\/\/cosmetic.lv\/lv\/product\/maria-galland-masque-nettoyant-apaisant-d-300-50-ml\/\"]}]},{\"@type\":\"ImageObject\",\"inLanguage\":\"lv-LV\",\"@id\":\"https:\/\/cosmetic.lv\/lv\/product\/maria-galland-masque-nettoyant-apaisant-d-300-50-ml\/#primaryimage\",\"url\":\"https:\/\/cosmetic.lv\/wp-content\/uploads\/2021\/02\/21vfu8g24fl._sy355_.jpg\",\"contentUrl\":\"https:\/\/cosmetic.lv\/wp-content\/uploads\/2021\/02\/21vfu8g24fl._sy355_.jpg\",\"width\":355,\"height\":355,\"caption\":\"21vFU8G24fL._SY355_.jpg\"},{\"@type\":\"BreadcrumbList\",\"@id\":\"https:\/\/cosmetic.lv\/lv\/product\/maria-galland-masque-nettoyant-apaisant-d-300-50-ml\/#breadcrumb\",\"itemListElement\":[{\"@type\":\"ListItem\",\"position\":1,\"name\":\"Home\",\"item\":\"https:\/\/cosmetic.lv\/lv\/\"},{\"@type\":\"ListItem\",\"position\":2,\"name\":\"Veikals\",\"item\":\"https:\/\/cosmetic.lv\/lv\/veiklas\/\"},{\"@type\":\"ListItem\",\"position\":3,\"name\":\"MARIA GALLAND MASQUE NETTOYANT APAISANT D-300, 50 \u041c\u041b\"}]},{\"@type\":\"WebSite\",\"@id\":\"https:\/\/cosmetic.lv\/lv\/#website\",\"url\":\"https:\/\/cosmetic.lv\/lv\/\",\"name\":\"cosmetic.lv\",\"description\":\"Profesion\u0101la kosm\u0113tika - Maria Galland, Keune, Arkadija, GMT, Guam, Magiray\",\"publisher\":{\"@id\":\"https:\/\/cosmetic.lv\/lv\/#organization\"},\"potentialAction\":[{\"@type\":\"SearchAction\",\"target\":{\"@type\":\"EntryPoint\",\"urlTemplate\":\"https:\/\/cosmetic.lv\/lv\/?s={search_term_string}\"},\"query-input\":{\"@type\":\"PropertyValueSpecification\",\"valueRequired\":true,\"valueName\":\"search_term_string\"}}],\"inLanguage\":\"lv-LV\"},{\"@type\":\"Organization\",\"@id\":\"https:\/\/cosmetic.lv\/lv\/#organization\",\"name\":\"COSMETIC.LV\",\"url\":\"https:\/\/cosmetic.lv\/lv\/\",\"logo\":{\"@type\":\"ImageObject\",\"inLanguage\":\"lv-LV\",\"@id\":\"https:\/\/cosmetic.lv\/lv\/#\/schema\/logo\/image\/\",\"url\":\"https:\/\/cosmetic.lv\/wp-content\/uploads\/2021\/02\/cosmetic.lv_logo.jpg\",\"contentUrl\":\"https:\/\/cosmetic.lv\/wp-content\/uploads\/2021\/02\/cosmetic.lv_logo.jpg\",\"width\":596,\"height\":196,\"caption\":\"COSMETIC.LV\"},\"image\":{\"@id\":\"https:\/\/cosmetic.lv\/lv\/#\/schema\/logo\/image\/\"},\"sameAs\":[\"https:\/\/www.facebook.com\/cosmetic.lv\/\"]}]}<\/script>\n<meta property=\"product:price:amount\" content=\"61.50\" \/>\n<meta property=\"product:price:currency\" content=\"EUR\" \/>\n<meta property=\"og:availability\" content=\"instock\" \/>\n<meta property=\"product:availability\" content=\"instock\" \/>\n<meta property=\"product:retailer_item_id\" content=\"D-300\" \/>\n<meta property=\"product:condition\" content=\"new\" \/>\n<!-- \/ Yoast SEO Premium plugin. -->","yoast_head_json":{"title":"MARIA GALLAND MASQUE NETTOYANT APAISANT D-300, 50 \u041c\u041b - cosmetic.lv","robots":{"index":"index","follow":"follow","max-snippet":"max-snippet:-1","max-image-preview":"max-image-preview:large","max-video-preview":"max-video-preview:-1"},"canonical":"https:\/\/cosmetic.lv\/lv\/product\/maria-galland-masque-nettoyant-apaisant-d-300-50-ml\/","og_locale":"lv_LV","og_type":"article","og_title":"MARIA GALLAND MASQUE NETTOYANT APAISANT D-300, 50 \u041c\u041b","og_description":"Intens\u012bvi att\u012bro\u0161a sejas maska \u200b\u200bar detoksisku efektu Raksturojums: pH: 7,2 &#8211; 8,2. Nav smar\u017eu. Intens\u012bvi att\u012bro\u0161a un nomierino\u0161a maska \u200b\u200blieto\u0161anai","og_url":"https:\/\/cosmetic.lv\/lv\/product\/maria-galland-masque-nettoyant-apaisant-d-300-50-ml\/","og_site_name":"cosmetic.lv","article_publisher":"https:\/\/www.facebook.com\/cosmetic.lv\/","article_modified_time":"2021-02-06T17:59:07+00:00","og_image":[{"width":355,"height":355,"url":"https:\/\/cosmetic.lv\/wp-content\/uploads\/2021\/02\/21vfu8g24fl._sy355_.jpg","type":"image\/jpeg"}],"twitter_card":"summary_large_image","schema":{"@context":"https:\/\/schema.org","@graph":[{"@type":"WebPage","@id":"https:\/\/cosmetic.lv\/lv\/product\/maria-galland-masque-nettoyant-apaisant-d-300-50-ml\/","url":"https:\/\/cosmetic.lv\/lv\/product\/maria-galland-masque-nettoyant-apaisant-d-300-50-ml\/","name":"MARIA GALLAND MASQUE NETTOYANT APAISANT D-300, 50 \u041c\u041b - cosmetic.lv","isPartOf":{"@id":"https:\/\/cosmetic.lv\/lv\/#website"},"primaryImageOfPage":{"@id":"https:\/\/cosmetic.lv\/lv\/product\/maria-galland-masque-nettoyant-apaisant-d-300-50-ml\/#primaryimage"},"image":{"@id":"https:\/\/cosmetic.lv\/lv\/product\/maria-galland-masque-nettoyant-apaisant-d-300-50-ml\/#primaryimage"},"thumbnailUrl":"https:\/\/cosmetic.lv\/wp-content\/uploads\/2021\/02\/21vfu8g24fl._sy355_.jpg","datePublished":"2021-02-06T17:59:04+00:00","dateModified":"2021-02-06T17:59:07+00:00","breadcrumb":{"@id":"https:\/\/cosmetic.lv\/lv\/product\/maria-galland-masque-nettoyant-apaisant-d-300-50-ml\/#breadcrumb"},"inLanguage":"lv-LV","potentialAction":[{"@type":"ReadAction","target":["https:\/\/cosmetic.lv\/lv\/product\/maria-galland-masque-nettoyant-apaisant-d-300-50-ml\/"]}]},{"@type":"ImageObject","inLanguage":"lv-LV","@id":"https:\/\/cosmetic.lv\/lv\/product\/maria-galland-masque-nettoyant-apaisant-d-300-50-ml\/#primaryimage","url":"https:\/\/cosmetic.lv\/wp-content\/uploads\/2021\/02\/21vfu8g24fl._sy355_.jpg","contentUrl":"https:\/\/cosmetic.lv\/wp-content\/uploads\/2021\/02\/21vfu8g24fl._sy355_.jpg","width":355,"height":355,"caption":"21vFU8G24fL._SY355_.jpg"},{"@type":"BreadcrumbList","@id":"https:\/\/cosmetic.lv\/lv\/product\/maria-galland-masque-nettoyant-apaisant-d-300-50-ml\/#breadcrumb","itemListElement":[{"@type":"ListItem","position":1,"name":"Home","item":"https:\/\/cosmetic.lv\/lv\/"},{"@type":"ListItem","position":2,"name":"Veikals","item":"https:\/\/cosmetic.lv\/lv\/veiklas\/"},{"@type":"ListItem","position":3,"name":"MARIA GALLAND MASQUE NETTOYANT APAISANT D-300, 50 \u041c\u041b"}]},{"@type":"WebSite","@id":"https:\/\/cosmetic.lv\/lv\/#website","url":"https:\/\/cosmetic.lv\/lv\/","name":"cosmetic.lv","description":"Profesion\u0101la kosm\u0113tika - Maria Galland, Keune, Arkadija, GMT, Guam, Magiray","publisher":{"@id":"https:\/\/cosmetic.lv\/lv\/#organization"},"potentialAction":[{"@type":"SearchAction","target":{"@type":"EntryPoint","urlTemplate":"https:\/\/cosmetic.lv\/lv\/?s={search_term_string}"},"query-input":{"@type":"PropertyValueSpecification","valueRequired":true,"valueName":"search_term_string"}}],"inLanguage":"lv-LV"},{"@type":"Organization","@id":"https:\/\/cosmetic.lv\/lv\/#organization","name":"COSMETIC.LV","url":"https:\/\/cosmetic.lv\/lv\/","logo":{"@type":"ImageObject","inLanguage":"lv-LV","@id":"https:\/\/cosmetic.lv\/lv\/#\/schema\/logo\/image\/","url":"https:\/\/cosmetic.lv\/wp-content\/uploads\/2021\/02\/cosmetic.lv_logo.jpg","contentUrl":"https:\/\/cosmetic.lv\/wp-content\/uploads\/2021\/02\/cosmetic.lv_logo.jpg","width":596,"height":196,"caption":"COSMETIC.LV"},"image":{"@id":"https:\/\/cosmetic.lv\/lv\/#\/schema\/logo\/image\/"},"sameAs":["https:\/\/www.facebook.com\/cosmetic.lv\/"]}]},"product_price_amount":"61.50","product_price_currency":"EUR","og_availability":"instock","product_availability":"instock","product_retailer_item_id":"D-300","product_condition":"new"},"_links":{"self":[{"href":"https:\/\/cosmetic.lv\/lv\/wp-json\/wp\/v2\/product\/34902","targetHints":{"allow":["GET"]}}],"collection":[{"href":"https:\/\/cosmetic.lv\/lv\/wp-json\/wp\/v2\/product"}],"about":[{"href":"https:\/\/cosmetic.lv\/lv\/wp-json\/wp\/v2\/types\/product"}],"wp:featuredmedia":[{"embeddable":true,"href":"https:\/\/cosmetic.lv\/lv\/wp-json\/wp\/v2\/media\/11363"}],"wp:attachment":[{"href":"https:\/\/cosmetic.lv\/lv\/wp-json\/wp\/v2\/media?parent=34902"}],"wp:term":[{"taxonomy":"product_brand","embeddable":true,"href":"https:\/\/cosmetic.lv\/lv\/wp-json\/wp\/v2\/product_brand?post=34902"},{"taxonomy":"product_cat","embeddable":true,"href":"https:\/\/cosmetic.lv\/lv\/wp-json\/wp\/v2\/product_cat?post=34902"},{"taxonomy":"product_tag","embeddable":true,"href":"https:\/\/cosmetic.lv\/lv\/wp-json\/wp\/v2\/product_tag?post=34902"}],"curies":[{"name":"wp","href":"https:\/\/api.w.org\/{rel}","templated":true}]}}