{"id":34903,"date":"2021-02-05T22:45:46","date_gmt":"2021-02-06T17:59:04","guid":{"rendered":"https:\/\/damme.lv\/product\/maria-galland-d410-disques-exfoliants-acide-glycolique-60stk\/"},"modified":"2021-02-06T19:59:07","modified_gmt":"2021-02-06T17:59:07","slug":"maria-galland-d410-disques-exfoliants-acide-glycolique-60stk","status":"publish","type":"product","link":"https:\/\/cosmetic.lv\/lv\/product\/maria-galland-d410-disques-exfoliants-acide-glycolique-60stk\/","title":{"rendered":"Maria Galland D410 Disques Exfoliants Acide Glycolique 60Stk"},"content":{"rendered":"<p>Inform\u0101cija par produktu &quot;Maria Galland D410 Disques Exfoliants Acid Glycolique 60gab.&quot;<br \/>\nMaria Galland D410 Disques Exfoliants Acide Glycolique ir intens\u012bvi noskaidojo\u0161i spilventi\u0146i ar AHA sk\u0101bju iedarb\u012bbu, intens\u012bvi noskaidrojo\u0161ie p\u012blings kompens\u0113 tauku veido\u0161anos un optimiz\u0113 \u0101das izskatu ilgtsp\u0113j\u012bgi. Glikolsk\u0101be, kas ieg\u016bta no cukurniedru, var iek\u013c\u016bt \u0101d\u0101 un att\u012bst\u012bt t\u0101s keratol\u012btisk\u0101s \u012bpa\u0161\u012bbas.Salicilsk\u0101bes un piensk\u0101bes atbalsta p\u012blinga efektu un izl\u012bdzina \u0101das virsmu. Cilmes \u0161\u016bnu ekstrakts no tom\u0101tu lap\u0101m kombin\u0101cij\u0101 ar B3 vitam\u012bnu saist\u0101s ar vides toks\u012bniem k\u0101 pies\u0101r\u0146ojuma nov\u0113r\u0161anas komplekss un aktiviz\u0113 kolag\u0113na ra\u017eo\u0161anu. B3 vitam\u012bns papildus regul\u0113 tauku veido\u0161anos un saglab\u0101 \u0101das mitruma saturu.<\/p>\n<p>iesniegums<br \/>\nMaria Galland D410 Lietojiet Disques Exfoliants Acide Glycolique p\u0113c nepiecie\u0161am\u012bbas r\u012bta un \/ vai vakara laik\u0101 p\u0113c \u0101das t\u012br\u012b\u0161anas ap\u013cveida kust\u012bb\u0101s ar seju.<br \/>\nnarkotikas<br \/>\nglikolsk\u0101be; Cilmes \u0161\u016bnu ekstrakts no tom\u0101tu lap\u0101m; salicilsk\u0101be<\/p>\n","protected":false},"excerpt":{"rendered":"<p>Inform\u0101cija par produktu &quot;Maria Galland D410 Disques Exfoliants Acid Glycolique 60gab.&quot; Maria Galland D410 Disques Exfoliants Acide Glycolique ir intens\u012bvi<\/p>\n","protected":false},"featured_media":11367,"template":"","meta":[],"product_brand":[],"product_cat":[2273,2277],"product_tag":[],"class_list":{"0":"post-34903","1":"product","2":"type-product","3":"status-publish","4":"has-post-thumbnail","6":"product_cat-profesionala-kosmetika-sejai-un-kermenim-lv","7":"product_cat-maria-galland-francija-lv","9":"first","10":"instock","11":"sale","12":"featured","13":"taxable","14":"shipping-taxable","15":"purchasable","16":"product-type-simple"},"yoast_head":"<!-- This site is optimized with the Yoast SEO Premium plugin v27.0 (Yoast SEO v27.0) - https:\/\/yoast.com\/product\/yoast-seo-premium-wordpress\/ -->\n<title>Maria Galland D410 Disques Exfoliants Acide Glycolique 60Stk - cosmetic.lv<\/title>\n<meta name=\"robots\" content=\"index, follow, max-snippet:-1, max-image-preview:large, max-video-preview:-1\" \/>\n<link rel=\"canonical\" href=\"https:\/\/cosmetic.lv\/lv\/product\/maria-galland-d410-disques-exfoliants-acide-glycolique-60stk\/\" \/>\n<meta property=\"og:locale\" content=\"lv_LV\" \/>\n<meta property=\"og:type\" content=\"article\" \/>\n<meta property=\"og:title\" content=\"Maria Galland D410 Disques Exfoliants Acide Glycolique 60Stk\" \/>\n<meta property=\"og:description\" content=\"Inform\u0101cija par produktu &quot;Maria Galland D410 Disques Exfoliants Acid Glycolique 60gab.&quot; Maria Galland D410 Disques Exfoliants Acide Glycolique ir intens\u012bvi\" \/>\n<meta property=\"og:url\" content=\"https:\/\/cosmetic.lv\/lv\/product\/maria-galland-d410-disques-exfoliants-acide-glycolique-60stk\/\" \/>\n<meta property=\"og:site_name\" content=\"cosmetic.lv\" \/>\n<meta property=\"article:publisher\" content=\"https:\/\/www.facebook.com\/cosmetic.lv\/\" \/>\n<meta property=\"article:modified_time\" content=\"2021-02-06T17:59:07+00:00\" \/>\n<meta property=\"og:image\" content=\"https:\/\/cosmetic.lv\/wp-content\/uploads\/2021\/02\/410_disques_exfoliants_acide_glycolique_sp-1.jpg\" \/>\n\t<meta property=\"og:image:width\" content=\"380\" \/>\n\t<meta property=\"og:image:height\" content=\"380\" \/>\n\t<meta property=\"og:image:type\" content=\"image\/jpeg\" \/>\n<meta name=\"twitter:card\" content=\"summary_large_image\" \/>\n<script type=\"application\/ld+json\" class=\"yoast-schema-graph\">{\"@context\":\"https:\/\/schema.org\",\"@graph\":[{\"@type\":\"WebPage\",\"@id\":\"https:\/\/cosmetic.lv\/lv\/product\/maria-galland-d410-disques-exfoliants-acide-glycolique-60stk\/\",\"url\":\"https:\/\/cosmetic.lv\/lv\/product\/maria-galland-d410-disques-exfoliants-acide-glycolique-60stk\/\",\"name\":\"Maria Galland D410 Disques Exfoliants Acide Glycolique 60Stk - cosmetic.lv\",\"isPartOf\":{\"@id\":\"https:\/\/cosmetic.lv\/lv\/#website\"},\"primaryImageOfPage\":{\"@id\":\"https:\/\/cosmetic.lv\/lv\/product\/maria-galland-d410-disques-exfoliants-acide-glycolique-60stk\/#primaryimage\"},\"image\":{\"@id\":\"https:\/\/cosmetic.lv\/lv\/product\/maria-galland-d410-disques-exfoliants-acide-glycolique-60stk\/#primaryimage\"},\"thumbnailUrl\":\"https:\/\/cosmetic.lv\/wp-content\/uploads\/2021\/02\/410_disques_exfoliants_acide_glycolique_sp-1.jpg\",\"datePublished\":\"2021-02-06T17:59:04+00:00\",\"dateModified\":\"2021-02-06T17:59:07+00:00\",\"breadcrumb\":{\"@id\":\"https:\/\/cosmetic.lv\/lv\/product\/maria-galland-d410-disques-exfoliants-acide-glycolique-60stk\/#breadcrumb\"},\"inLanguage\":\"lv-LV\",\"potentialAction\":[{\"@type\":\"ReadAction\",\"target\":[\"https:\/\/cosmetic.lv\/lv\/product\/maria-galland-d410-disques-exfoliants-acide-glycolique-60stk\/\"]}]},{\"@type\":\"ImageObject\",\"inLanguage\":\"lv-LV\",\"@id\":\"https:\/\/cosmetic.lv\/lv\/product\/maria-galland-d410-disques-exfoliants-acide-glycolique-60stk\/#primaryimage\",\"url\":\"https:\/\/cosmetic.lv\/wp-content\/uploads\/2021\/02\/410_disques_exfoliants_acide_glycolique_sp-1.jpg\",\"contentUrl\":\"https:\/\/cosmetic.lv\/wp-content\/uploads\/2021\/02\/410_disques_exfoliants_acide_glycolique_sp-1.jpg\",\"width\":380,\"height\":380,\"caption\":\"410_disques_exfoliants_acide_glycolique_sp (1).jpg\"},{\"@type\":\"BreadcrumbList\",\"@id\":\"https:\/\/cosmetic.lv\/lv\/product\/maria-galland-d410-disques-exfoliants-acide-glycolique-60stk\/#breadcrumb\",\"itemListElement\":[{\"@type\":\"ListItem\",\"position\":1,\"name\":\"Home\",\"item\":\"https:\/\/cosmetic.lv\/lv\/\"},{\"@type\":\"ListItem\",\"position\":2,\"name\":\"Veikals\",\"item\":\"https:\/\/cosmetic.lv\/lv\/veiklas\/\"},{\"@type\":\"ListItem\",\"position\":3,\"name\":\"Maria Galland D410 Disques Exfoliants Acide Glycolique 60Stk\"}]},{\"@type\":\"WebSite\",\"@id\":\"https:\/\/cosmetic.lv\/lv\/#website\",\"url\":\"https:\/\/cosmetic.lv\/lv\/\",\"name\":\"cosmetic.lv\",\"description\":\"Profesion\u0101la kosm\u0113tika - Maria Galland, Keune, Arkadija, GMT, Guam, Magiray\",\"publisher\":{\"@id\":\"https:\/\/cosmetic.lv\/lv\/#organization\"},\"potentialAction\":[{\"@type\":\"SearchAction\",\"target\":{\"@type\":\"EntryPoint\",\"urlTemplate\":\"https:\/\/cosmetic.lv\/lv\/?s={search_term_string}\"},\"query-input\":{\"@type\":\"PropertyValueSpecification\",\"valueRequired\":true,\"valueName\":\"search_term_string\"}}],\"inLanguage\":\"lv-LV\"},{\"@type\":\"Organization\",\"@id\":\"https:\/\/cosmetic.lv\/lv\/#organization\",\"name\":\"COSMETIC.LV\",\"url\":\"https:\/\/cosmetic.lv\/lv\/\",\"logo\":{\"@type\":\"ImageObject\",\"inLanguage\":\"lv-LV\",\"@id\":\"https:\/\/cosmetic.lv\/lv\/#\/schema\/logo\/image\/\",\"url\":\"https:\/\/cosmetic.lv\/wp-content\/uploads\/2021\/02\/cosmetic.lv_logo.jpg\",\"contentUrl\":\"https:\/\/cosmetic.lv\/wp-content\/uploads\/2021\/02\/cosmetic.lv_logo.jpg\",\"width\":596,\"height\":196,\"caption\":\"COSMETIC.LV\"},\"image\":{\"@id\":\"https:\/\/cosmetic.lv\/lv\/#\/schema\/logo\/image\/\"},\"sameAs\":[\"https:\/\/www.facebook.com\/cosmetic.lv\/\"]}]}<\/script>\n<meta property=\"product:price:amount\" content=\"87.00\" \/>\n<meta property=\"product:price:currency\" content=\"EUR\" \/>\n<meta property=\"og:availability\" content=\"instock\" \/>\n<meta property=\"product:availability\" content=\"instock\" \/>\n<meta property=\"product:retailer_item_id\" content=\"D-410\" \/>\n<meta property=\"product:condition\" content=\"new\" \/>\n<!-- \/ Yoast SEO Premium plugin. -->","yoast_head_json":{"title":"Maria Galland D410 Disques Exfoliants Acide Glycolique 60Stk - cosmetic.lv","robots":{"index":"index","follow":"follow","max-snippet":"max-snippet:-1","max-image-preview":"max-image-preview:large","max-video-preview":"max-video-preview:-1"},"canonical":"https:\/\/cosmetic.lv\/lv\/product\/maria-galland-d410-disques-exfoliants-acide-glycolique-60stk\/","og_locale":"lv_LV","og_type":"article","og_title":"Maria Galland D410 Disques Exfoliants Acide Glycolique 60Stk","og_description":"Inform\u0101cija par produktu &quot;Maria Galland D410 Disques Exfoliants Acid Glycolique 60gab.&quot; Maria Galland D410 Disques Exfoliants Acide Glycolique ir intens\u012bvi","og_url":"https:\/\/cosmetic.lv\/lv\/product\/maria-galland-d410-disques-exfoliants-acide-glycolique-60stk\/","og_site_name":"cosmetic.lv","article_publisher":"https:\/\/www.facebook.com\/cosmetic.lv\/","article_modified_time":"2021-02-06T17:59:07+00:00","og_image":[{"width":380,"height":380,"url":"https:\/\/cosmetic.lv\/wp-content\/uploads\/2021\/02\/410_disques_exfoliants_acide_glycolique_sp-1.jpg","type":"image\/jpeg"}],"twitter_card":"summary_large_image","schema":{"@context":"https:\/\/schema.org","@graph":[{"@type":"WebPage","@id":"https:\/\/cosmetic.lv\/lv\/product\/maria-galland-d410-disques-exfoliants-acide-glycolique-60stk\/","url":"https:\/\/cosmetic.lv\/lv\/product\/maria-galland-d410-disques-exfoliants-acide-glycolique-60stk\/","name":"Maria Galland D410 Disques Exfoliants Acide Glycolique 60Stk - cosmetic.lv","isPartOf":{"@id":"https:\/\/cosmetic.lv\/lv\/#website"},"primaryImageOfPage":{"@id":"https:\/\/cosmetic.lv\/lv\/product\/maria-galland-d410-disques-exfoliants-acide-glycolique-60stk\/#primaryimage"},"image":{"@id":"https:\/\/cosmetic.lv\/lv\/product\/maria-galland-d410-disques-exfoliants-acide-glycolique-60stk\/#primaryimage"},"thumbnailUrl":"https:\/\/cosmetic.lv\/wp-content\/uploads\/2021\/02\/410_disques_exfoliants_acide_glycolique_sp-1.jpg","datePublished":"2021-02-06T17:59:04+00:00","dateModified":"2021-02-06T17:59:07+00:00","breadcrumb":{"@id":"https:\/\/cosmetic.lv\/lv\/product\/maria-galland-d410-disques-exfoliants-acide-glycolique-60stk\/#breadcrumb"},"inLanguage":"lv-LV","potentialAction":[{"@type":"ReadAction","target":["https:\/\/cosmetic.lv\/lv\/product\/maria-galland-d410-disques-exfoliants-acide-glycolique-60stk\/"]}]},{"@type":"ImageObject","inLanguage":"lv-LV","@id":"https:\/\/cosmetic.lv\/lv\/product\/maria-galland-d410-disques-exfoliants-acide-glycolique-60stk\/#primaryimage","url":"https:\/\/cosmetic.lv\/wp-content\/uploads\/2021\/02\/410_disques_exfoliants_acide_glycolique_sp-1.jpg","contentUrl":"https:\/\/cosmetic.lv\/wp-content\/uploads\/2021\/02\/410_disques_exfoliants_acide_glycolique_sp-1.jpg","width":380,"height":380,"caption":"410_disques_exfoliants_acide_glycolique_sp (1).jpg"},{"@type":"BreadcrumbList","@id":"https:\/\/cosmetic.lv\/lv\/product\/maria-galland-d410-disques-exfoliants-acide-glycolique-60stk\/#breadcrumb","itemListElement":[{"@type":"ListItem","position":1,"name":"Home","item":"https:\/\/cosmetic.lv\/lv\/"},{"@type":"ListItem","position":2,"name":"Veikals","item":"https:\/\/cosmetic.lv\/lv\/veiklas\/"},{"@type":"ListItem","position":3,"name":"Maria Galland D410 Disques Exfoliants Acide Glycolique 60Stk"}]},{"@type":"WebSite","@id":"https:\/\/cosmetic.lv\/lv\/#website","url":"https:\/\/cosmetic.lv\/lv\/","name":"cosmetic.lv","description":"Profesion\u0101la kosm\u0113tika - Maria Galland, Keune, Arkadija, GMT, Guam, Magiray","publisher":{"@id":"https:\/\/cosmetic.lv\/lv\/#organization"},"potentialAction":[{"@type":"SearchAction","target":{"@type":"EntryPoint","urlTemplate":"https:\/\/cosmetic.lv\/lv\/?s={search_term_string}"},"query-input":{"@type":"PropertyValueSpecification","valueRequired":true,"valueName":"search_term_string"}}],"inLanguage":"lv-LV"},{"@type":"Organization","@id":"https:\/\/cosmetic.lv\/lv\/#organization","name":"COSMETIC.LV","url":"https:\/\/cosmetic.lv\/lv\/","logo":{"@type":"ImageObject","inLanguage":"lv-LV","@id":"https:\/\/cosmetic.lv\/lv\/#\/schema\/logo\/image\/","url":"https:\/\/cosmetic.lv\/wp-content\/uploads\/2021\/02\/cosmetic.lv_logo.jpg","contentUrl":"https:\/\/cosmetic.lv\/wp-content\/uploads\/2021\/02\/cosmetic.lv_logo.jpg","width":596,"height":196,"caption":"COSMETIC.LV"},"image":{"@id":"https:\/\/cosmetic.lv\/lv\/#\/schema\/logo\/image\/"},"sameAs":["https:\/\/www.facebook.com\/cosmetic.lv\/"]}]},"product_price_amount":"87.00","product_price_currency":"EUR","og_availability":"instock","product_availability":"instock","product_retailer_item_id":"D-410","product_condition":"new"},"_links":{"self":[{"href":"https:\/\/cosmetic.lv\/lv\/wp-json\/wp\/v2\/product\/34903","targetHints":{"allow":["GET"]}}],"collection":[{"href":"https:\/\/cosmetic.lv\/lv\/wp-json\/wp\/v2\/product"}],"about":[{"href":"https:\/\/cosmetic.lv\/lv\/wp-json\/wp\/v2\/types\/product"}],"wp:featuredmedia":[{"embeddable":true,"href":"https:\/\/cosmetic.lv\/lv\/wp-json\/wp\/v2\/media\/11367"}],"wp:attachment":[{"href":"https:\/\/cosmetic.lv\/lv\/wp-json\/wp\/v2\/media?parent=34903"}],"wp:term":[{"taxonomy":"product_brand","embeddable":true,"href":"https:\/\/cosmetic.lv\/lv\/wp-json\/wp\/v2\/product_brand?post=34903"},{"taxonomy":"product_cat","embeddable":true,"href":"https:\/\/cosmetic.lv\/lv\/wp-json\/wp\/v2\/product_cat?post=34903"},{"taxonomy":"product_tag","embeddable":true,"href":"https:\/\/cosmetic.lv\/lv\/wp-json\/wp\/v2\/product_tag?post=34903"}],"curies":[{"name":"wp","href":"https:\/\/api.w.org\/{rel}","templated":true}]}}