{"id":34909,"date":"2021-02-05T22:45:46","date_gmt":"2021-02-06T17:59:04","guid":{"rendered":"https:\/\/damme.lv\/product\/maria-galland-d-521-alpha-arbutin-serum-12ml\/"},"modified":"2021-02-06T19:59:10","modified_gmt":"2021-02-06T17:59:10","slug":"maria-galland-d-521-alpha-arbutin-serum-12ml","status":"publish","type":"product","link":"https:\/\/cosmetic.lv\/lv\/product\/maria-galland-d-521-alpha-arbutin-serum-12ml\/","title":{"rendered":"MARIA GALLAND D-521 ALPHA-ARBUTIN SERUM 12ML"},"content":{"rendered":"<p>Darb\u012bbas komponenti:<\/p>\n<p>Alfa-arbut\u012bns iedarbojas uz dzi\u013cajiem \u0101das sl\u0101\u0146iem, mazina \u0101du un padara sejas vienveid\u012bgu.<br \/>\nCM-glik\u0101na un rauga ekstrakta komplekss uzlabo \u0161\u016bnu biolo\u0123isko aktivit\u0101ti.<br \/>\nHialuronsk\u0101be saglab\u0101 optim\u0101lu \u0101das hidrat\u0101cijas l\u012bmeni.<\/p>\n<p>Pielieto\u0161anas metode: atkar\u012bb\u0101 no pigment\u0101cijas plankumu lieluma, uzkl\u0101jiet serumu lok\u0101li, izmantojot gaismu, kas atbilst attiec\u012bgaj\u0101m zon\u0101m. Lai pan\u0101ktu maksim\u0101lu efektu, lietojiet z\u0101les regul\u0101ri, vismaz 2 reizes dien\u0101. Serumu var lietot vair\u0101kas reizes dien\u0101, pat p\u0113c dienas kr\u0113juma uzkl\u0101\u0161anas. Z\u0101les var izmantot k\u0101 papildu roku kop\u0161anu c\u012b\u0146\u0101 pret vecuma plankumiem, kombin\u0101cij\u0101 ar 1024 Velvet Hand Cream Mil vai 424 aizsarg\u0101jo\u0161o roku kr\u0113mu.<\/p>\n<p>Iepakojums: pudele ar pipeti 12 ml<\/p>\n","protected":false},"excerpt":{"rendered":"<p>Darb\u012bbas komponenti: Alfa-arbut\u012bns iedarbojas uz dzi\u013cajiem \u0101das sl\u0101\u0146iem, mazina \u0101du un padara sejas vienveid\u012bgu. CM-glik\u0101na un rauga ekstrakta komplekss uzlabo<\/p>\n","protected":false},"featured_media":17654,"template":"","meta":[],"product_brand":[],"product_cat":[2273,2277],"product_tag":[],"class_list":{"0":"post-34909","1":"product","2":"type-product","3":"status-publish","4":"has-post-thumbnail","6":"product_cat-profesionala-kosmetika-sejai-un-kermenim-lv","7":"product_cat-maria-galland-francija-lv","9":"first","10":"instock","11":"sale","12":"featured","13":"taxable","14":"shipping-taxable","15":"purchasable","16":"product-type-simple"},"yoast_head":"<!-- This site is optimized with the Yoast SEO Premium plugin v27.0 (Yoast SEO v27.0) - https:\/\/yoast.com\/product\/yoast-seo-premium-wordpress\/ -->\n<title>MARIA GALLAND D-521 ALPHA-ARBUTIN SERUM 12ML - cosmetic.lv<\/title>\n<meta name=\"robots\" content=\"index, follow, max-snippet:-1, max-image-preview:large, max-video-preview:-1\" \/>\n<link rel=\"canonical\" href=\"https:\/\/cosmetic.lv\/lv\/product\/maria-galland-d-521-alpha-arbutin-serum-12ml\/\" \/>\n<meta property=\"og:locale\" content=\"lv_LV\" \/>\n<meta property=\"og:type\" content=\"article\" \/>\n<meta property=\"og:title\" content=\"MARIA GALLAND D-521 ALPHA-ARBUTIN SERUM 12ML\" \/>\n<meta property=\"og:description\" content=\"Darb\u012bbas komponenti: Alfa-arbut\u012bns iedarbojas uz dzi\u013cajiem \u0101das sl\u0101\u0146iem, mazina \u0101du un padara sejas vienveid\u012bgu. CM-glik\u0101na un rauga ekstrakta komplekss uzlabo\" \/>\n<meta property=\"og:url\" content=\"https:\/\/cosmetic.lv\/lv\/product\/maria-galland-d-521-alpha-arbutin-serum-12ml\/\" \/>\n<meta property=\"og:site_name\" content=\"cosmetic.lv\" \/>\n<meta property=\"article:publisher\" content=\"https:\/\/www.facebook.com\/cosmetic.lv\/\" \/>\n<meta property=\"article:modified_time\" content=\"2021-02-06T17:59:10+00:00\" \/>\n<meta property=\"og:image\" content=\"https:\/\/cosmetic.lv\/wp-content\/uploads\/2021\/02\/356a4cb16508873326c7d5de6a02aca9-4.jpg\" \/>\n\t<meta property=\"og:image:width\" content=\"256\" \/>\n\t<meta property=\"og:image:height\" content=\"280\" \/>\n\t<meta property=\"og:image:type\" content=\"image\/jpeg\" \/>\n<meta name=\"twitter:card\" content=\"summary_large_image\" \/>\n<script type=\"application\/ld+json\" class=\"yoast-schema-graph\">{\"@context\":\"https:\/\/schema.org\",\"@graph\":[{\"@type\":\"WebPage\",\"@id\":\"https:\/\/cosmetic.lv\/lv\/product\/maria-galland-d-521-alpha-arbutin-serum-12ml\/\",\"url\":\"https:\/\/cosmetic.lv\/lv\/product\/maria-galland-d-521-alpha-arbutin-serum-12ml\/\",\"name\":\"MARIA GALLAND D-521 ALPHA-ARBUTIN SERUM 12ML - cosmetic.lv\",\"isPartOf\":{\"@id\":\"https:\/\/cosmetic.lv\/lv\/#website\"},\"primaryImageOfPage\":{\"@id\":\"https:\/\/cosmetic.lv\/lv\/product\/maria-galland-d-521-alpha-arbutin-serum-12ml\/#primaryimage\"},\"image\":{\"@id\":\"https:\/\/cosmetic.lv\/lv\/product\/maria-galland-d-521-alpha-arbutin-serum-12ml\/#primaryimage\"},\"thumbnailUrl\":\"https:\/\/cosmetic.lv\/wp-content\/uploads\/2021\/02\/356a4cb16508873326c7d5de6a02aca9-4.jpg\",\"datePublished\":\"2021-02-06T17:59:04+00:00\",\"dateModified\":\"2021-02-06T17:59:10+00:00\",\"breadcrumb\":{\"@id\":\"https:\/\/cosmetic.lv\/lv\/product\/maria-galland-d-521-alpha-arbutin-serum-12ml\/#breadcrumb\"},\"inLanguage\":\"lv-LV\",\"potentialAction\":[{\"@type\":\"ReadAction\",\"target\":[\"https:\/\/cosmetic.lv\/lv\/product\/maria-galland-d-521-alpha-arbutin-serum-12ml\/\"]}]},{\"@type\":\"ImageObject\",\"inLanguage\":\"lv-LV\",\"@id\":\"https:\/\/cosmetic.lv\/lv\/product\/maria-galland-d-521-alpha-arbutin-serum-12ml\/#primaryimage\",\"url\":\"https:\/\/cosmetic.lv\/wp-content\/uploads\/2021\/02\/356a4cb16508873326c7d5de6a02aca9-4.jpg\",\"contentUrl\":\"https:\/\/cosmetic.lv\/wp-content\/uploads\/2021\/02\/356a4cb16508873326c7d5de6a02aca9-4.jpg\",\"width\":256,\"height\":280,\"caption\":\"356a4cb16508873326c7d5de6a02aca9.jpg\"},{\"@type\":\"BreadcrumbList\",\"@id\":\"https:\/\/cosmetic.lv\/lv\/product\/maria-galland-d-521-alpha-arbutin-serum-12ml\/#breadcrumb\",\"itemListElement\":[{\"@type\":\"ListItem\",\"position\":1,\"name\":\"Home\",\"item\":\"https:\/\/cosmetic.lv\/lv\/\"},{\"@type\":\"ListItem\",\"position\":2,\"name\":\"Veikals\",\"item\":\"https:\/\/cosmetic.lv\/lv\/veiklas\/\"},{\"@type\":\"ListItem\",\"position\":3,\"name\":\"MARIA GALLAND D-521 ALPHA-ARBUTIN SERUM 12ML\"}]},{\"@type\":\"WebSite\",\"@id\":\"https:\/\/cosmetic.lv\/lv\/#website\",\"url\":\"https:\/\/cosmetic.lv\/lv\/\",\"name\":\"cosmetic.lv\",\"description\":\"Profesion\u0101la kosm\u0113tika - Maria Galland, Keune, Arkadija, GMT, Guam, Magiray\",\"publisher\":{\"@id\":\"https:\/\/cosmetic.lv\/lv\/#organization\"},\"potentialAction\":[{\"@type\":\"SearchAction\",\"target\":{\"@type\":\"EntryPoint\",\"urlTemplate\":\"https:\/\/cosmetic.lv\/lv\/?s={search_term_string}\"},\"query-input\":{\"@type\":\"PropertyValueSpecification\",\"valueRequired\":true,\"valueName\":\"search_term_string\"}}],\"inLanguage\":\"lv-LV\"},{\"@type\":\"Organization\",\"@id\":\"https:\/\/cosmetic.lv\/lv\/#organization\",\"name\":\"COSMETIC.LV\",\"url\":\"https:\/\/cosmetic.lv\/lv\/\",\"logo\":{\"@type\":\"ImageObject\",\"inLanguage\":\"lv-LV\",\"@id\":\"https:\/\/cosmetic.lv\/lv\/#\/schema\/logo\/image\/\",\"url\":\"https:\/\/cosmetic.lv\/wp-content\/uploads\/2021\/02\/cosmetic.lv_logo.jpg\",\"contentUrl\":\"https:\/\/cosmetic.lv\/wp-content\/uploads\/2021\/02\/cosmetic.lv_logo.jpg\",\"width\":596,\"height\":196,\"caption\":\"COSMETIC.LV\"},\"image\":{\"@id\":\"https:\/\/cosmetic.lv\/lv\/#\/schema\/logo\/image\/\"},\"sameAs\":[\"https:\/\/www.facebook.com\/cosmetic.lv\/\"]}]}<\/script>\n<meta property=\"product:price:amount\" content=\"46.36\" \/>\n<meta property=\"product:price:currency\" content=\"EUR\" \/>\n<meta property=\"og:availability\" content=\"instock\" \/>\n<meta property=\"product:availability\" content=\"instock\" \/>\n<meta property=\"product:retailer_item_id\" content=\"D-521\" \/>\n<meta property=\"product:condition\" content=\"new\" \/>\n<!-- \/ Yoast SEO Premium plugin. -->","yoast_head_json":{"title":"MARIA GALLAND D-521 ALPHA-ARBUTIN SERUM 12ML - cosmetic.lv","robots":{"index":"index","follow":"follow","max-snippet":"max-snippet:-1","max-image-preview":"max-image-preview:large","max-video-preview":"max-video-preview:-1"},"canonical":"https:\/\/cosmetic.lv\/lv\/product\/maria-galland-d-521-alpha-arbutin-serum-12ml\/","og_locale":"lv_LV","og_type":"article","og_title":"MARIA GALLAND D-521 ALPHA-ARBUTIN SERUM 12ML","og_description":"Darb\u012bbas komponenti: Alfa-arbut\u012bns iedarbojas uz dzi\u013cajiem \u0101das sl\u0101\u0146iem, mazina \u0101du un padara sejas vienveid\u012bgu. CM-glik\u0101na un rauga ekstrakta komplekss uzlabo","og_url":"https:\/\/cosmetic.lv\/lv\/product\/maria-galland-d-521-alpha-arbutin-serum-12ml\/","og_site_name":"cosmetic.lv","article_publisher":"https:\/\/www.facebook.com\/cosmetic.lv\/","article_modified_time":"2021-02-06T17:59:10+00:00","og_image":[{"width":256,"height":280,"url":"https:\/\/cosmetic.lv\/wp-content\/uploads\/2021\/02\/356a4cb16508873326c7d5de6a02aca9-4.jpg","type":"image\/jpeg"}],"twitter_card":"summary_large_image","schema":{"@context":"https:\/\/schema.org","@graph":[{"@type":"WebPage","@id":"https:\/\/cosmetic.lv\/lv\/product\/maria-galland-d-521-alpha-arbutin-serum-12ml\/","url":"https:\/\/cosmetic.lv\/lv\/product\/maria-galland-d-521-alpha-arbutin-serum-12ml\/","name":"MARIA GALLAND D-521 ALPHA-ARBUTIN SERUM 12ML - cosmetic.lv","isPartOf":{"@id":"https:\/\/cosmetic.lv\/lv\/#website"},"primaryImageOfPage":{"@id":"https:\/\/cosmetic.lv\/lv\/product\/maria-galland-d-521-alpha-arbutin-serum-12ml\/#primaryimage"},"image":{"@id":"https:\/\/cosmetic.lv\/lv\/product\/maria-galland-d-521-alpha-arbutin-serum-12ml\/#primaryimage"},"thumbnailUrl":"https:\/\/cosmetic.lv\/wp-content\/uploads\/2021\/02\/356a4cb16508873326c7d5de6a02aca9-4.jpg","datePublished":"2021-02-06T17:59:04+00:00","dateModified":"2021-02-06T17:59:10+00:00","breadcrumb":{"@id":"https:\/\/cosmetic.lv\/lv\/product\/maria-galland-d-521-alpha-arbutin-serum-12ml\/#breadcrumb"},"inLanguage":"lv-LV","potentialAction":[{"@type":"ReadAction","target":["https:\/\/cosmetic.lv\/lv\/product\/maria-galland-d-521-alpha-arbutin-serum-12ml\/"]}]},{"@type":"ImageObject","inLanguage":"lv-LV","@id":"https:\/\/cosmetic.lv\/lv\/product\/maria-galland-d-521-alpha-arbutin-serum-12ml\/#primaryimage","url":"https:\/\/cosmetic.lv\/wp-content\/uploads\/2021\/02\/356a4cb16508873326c7d5de6a02aca9-4.jpg","contentUrl":"https:\/\/cosmetic.lv\/wp-content\/uploads\/2021\/02\/356a4cb16508873326c7d5de6a02aca9-4.jpg","width":256,"height":280,"caption":"356a4cb16508873326c7d5de6a02aca9.jpg"},{"@type":"BreadcrumbList","@id":"https:\/\/cosmetic.lv\/lv\/product\/maria-galland-d-521-alpha-arbutin-serum-12ml\/#breadcrumb","itemListElement":[{"@type":"ListItem","position":1,"name":"Home","item":"https:\/\/cosmetic.lv\/lv\/"},{"@type":"ListItem","position":2,"name":"Veikals","item":"https:\/\/cosmetic.lv\/lv\/veiklas\/"},{"@type":"ListItem","position":3,"name":"MARIA GALLAND D-521 ALPHA-ARBUTIN SERUM 12ML"}]},{"@type":"WebSite","@id":"https:\/\/cosmetic.lv\/lv\/#website","url":"https:\/\/cosmetic.lv\/lv\/","name":"cosmetic.lv","description":"Profesion\u0101la kosm\u0113tika - Maria Galland, Keune, Arkadija, GMT, Guam, Magiray","publisher":{"@id":"https:\/\/cosmetic.lv\/lv\/#organization"},"potentialAction":[{"@type":"SearchAction","target":{"@type":"EntryPoint","urlTemplate":"https:\/\/cosmetic.lv\/lv\/?s={search_term_string}"},"query-input":{"@type":"PropertyValueSpecification","valueRequired":true,"valueName":"search_term_string"}}],"inLanguage":"lv-LV"},{"@type":"Organization","@id":"https:\/\/cosmetic.lv\/lv\/#organization","name":"COSMETIC.LV","url":"https:\/\/cosmetic.lv\/lv\/","logo":{"@type":"ImageObject","inLanguage":"lv-LV","@id":"https:\/\/cosmetic.lv\/lv\/#\/schema\/logo\/image\/","url":"https:\/\/cosmetic.lv\/wp-content\/uploads\/2021\/02\/cosmetic.lv_logo.jpg","contentUrl":"https:\/\/cosmetic.lv\/wp-content\/uploads\/2021\/02\/cosmetic.lv_logo.jpg","width":596,"height":196,"caption":"COSMETIC.LV"},"image":{"@id":"https:\/\/cosmetic.lv\/lv\/#\/schema\/logo\/image\/"},"sameAs":["https:\/\/www.facebook.com\/cosmetic.lv\/"]}]},"product_price_amount":"46.36","product_price_currency":"EUR","og_availability":"instock","product_availability":"instock","product_retailer_item_id":"D-521","product_condition":"new"},"_links":{"self":[{"href":"https:\/\/cosmetic.lv\/lv\/wp-json\/wp\/v2\/product\/34909","targetHints":{"allow":["GET"]}}],"collection":[{"href":"https:\/\/cosmetic.lv\/lv\/wp-json\/wp\/v2\/product"}],"about":[{"href":"https:\/\/cosmetic.lv\/lv\/wp-json\/wp\/v2\/types\/product"}],"wp:featuredmedia":[{"embeddable":true,"href":"https:\/\/cosmetic.lv\/lv\/wp-json\/wp\/v2\/media\/17654"}],"wp:attachment":[{"href":"https:\/\/cosmetic.lv\/lv\/wp-json\/wp\/v2\/media?parent=34909"}],"wp:term":[{"taxonomy":"product_brand","embeddable":true,"href":"https:\/\/cosmetic.lv\/lv\/wp-json\/wp\/v2\/product_brand?post=34909"},{"taxonomy":"product_cat","embeddable":true,"href":"https:\/\/cosmetic.lv\/lv\/wp-json\/wp\/v2\/product_cat?post=34909"},{"taxonomy":"product_tag","embeddable":true,"href":"https:\/\/cosmetic.lv\/lv\/wp-json\/wp\/v2\/product_tag?post=34909"}],"curies":[{"name":"wp","href":"https:\/\/api.w.org\/{rel}","templated":true}]}}