{"id":34910,"date":"2021-02-05T22:45:55","date_gmt":"2021-02-06T17:59:11","guid":{"rendered":"https:\/\/damme.lv\/product\/maria-galland-serums-antikuperozy-anti-redness-serum-d-530-30-ml\/"},"modified":"2021-02-06T19:59:12","modified_gmt":"2021-02-06T17:59:12","slug":"maria-galland-serums-antikuperozy-anti-redness-serum-d-530-30-ml","status":"publish","type":"product","link":"https:\/\/cosmetic.lv\/lv\/product\/maria-galland-serums-antikuperozy-anti-redness-serum-d-530-30-ml\/","title":{"rendered":"MARIA GALLAND SERUMS antikuperozy ANTI REDNESS SERUM D-530, 30 \u041c\u041b"},"content":{"rendered":"<p><!DOCTYPE html PUBLIC &quot;-\/\/W3C\/\/DTD XHTML 1.0 Transitional\/\/EN&quot; &quot;http:\/\/www.w3.org\/TR\/xhtml1\/DTD\/xhtml1-transitional.dtd&quot;><br \/>\n<html><br \/>\n<head><br \/>\n<title>Untitled document<\/title><br \/>\n<\/head><br \/>\n<body><\/p>\n<p>\u012apa&scaron;\u012bbas:  &nbsp;\u013boti efekt\u012bvam antikuperozy serumam, kas samazina aps\u0101rtumu un kairin\u0101jumu, ir smalks arom\u0101ts  Akt\u012bv\u0101s sast\u0101vda\u013cas un rezult\u0101ti:  &#8211; Esculin, kas ieg\u016bts no zirgkasta\u0146a: stimul\u0113 asinsriti un palielina \u0101das iztur\u012bbu; samazina aps\u0101rtumu, nomierina \u0101du  &#8211; Moringa s\u0113klu ekstrakts: no\u0146em mikropies\u0101r\u0146ojumus (putek\u013cus, smogu, tabakas d\u016bmus) un aizsarg\u0101 \u0101du no vides faktoru un br\u012bvo radik\u0101\u013cu negat\u012bv\u0101s ietekmes  &#8211; ekstrakta nasturti (ziedi, lapas, stubl\u0101ji): uzlabo &scaron;\u016bnu pies\u0101tin\u0101jumu ar sk\u0101bekli  &#8211; komplekss Papaya-ATP-hialuronsk\u0101be: mitrina, pies\u0101tina ar ener\u0123iju, pie&scaron;\u0137irot jaunam sp\u012bdumam un mirdzumam uz \u0101das  &#8211; Pretnoveco&scaron;an\u0101s l\u012bdzek\u013ci (palmitoilpentapept\u012bds-4): samazina grumbu dzi\u013cumu, stimul\u0113 kolag\u0113na sint\u0113zi  &#8211; White Limnantes e\u013c\u013ca (p\u013cavas pennic): atdz\u012bvina un mitrina \u0101du  &nbsp;  Pieteikums:  Uzkl\u0101jiet katru dienu no r\u012bta un vakar\u0101 uz att\u012br\u012btas sejas un kakla un berz\u0113jiet.  Iepakojums: vakuuma pudele 30 ml.  Rezult\u0101ti. D-530 REDUCTION SERUM efektivit\u0101te tika p\u0101rbaud\u012bta br\u012bvpr\u0101t\u012bgo grup\u0101 vecum\u0101 no 36 l\u012bdz 66 gadiem, kas cie&scaron; no rosacea un rosacea, kuri 8 ned\u0113\u013cas lietoja serumu 2 reizes dien\u0101.30ML<\/p>\n<p><\/body><br \/>\n<\/html><\/p>\n","protected":false},"excerpt":{"rendered":"<p>Untitled document \u012apa&scaron;\u012bbas: &nbsp;\u013boti efekt\u012bvam antikuperozy serumam, kas samazina aps\u0101rtumu un kairin\u0101jumu, ir smalks arom\u0101ts Akt\u012bv\u0101s sast\u0101vda\u013cas un rezult\u0101ti: &#8211;<\/p>\n","protected":false},"featured_media":17657,"template":"","meta":[],"product_brand":[],"product_cat":[2273,2277],"product_tag":[],"class_list":{"0":"post-34910","1":"product","2":"type-product","3":"status-publish","4":"has-post-thumbnail","6":"product_cat-profesionala-kosmetika-sejai-un-kermenim-lv","7":"product_cat-maria-galland-francija-lv","9":"first","10":"instock","11":"sale","12":"featured","13":"taxable","14":"shipping-taxable","15":"purchasable","16":"product-type-simple"},"yoast_head":"<!-- This site is optimized with the Yoast SEO Premium plugin v27.0 (Yoast SEO v27.0) - https:\/\/yoast.com\/product\/yoast-seo-premium-wordpress\/ -->\n<title>MARIA GALLAND SERUMS antikuperozy ANTI REDNESS SERUM D-530, 30 \u041c\u041b - cosmetic.lv<\/title>\n<meta name=\"robots\" content=\"index, follow, max-snippet:-1, max-image-preview:large, max-video-preview:-1\" \/>\n<link rel=\"canonical\" href=\"https:\/\/cosmetic.lv\/lv\/product\/maria-galland-serums-antikuperozy-anti-redness-serum-d-530-30-ml\/\" \/>\n<meta property=\"og:locale\" content=\"lv_LV\" \/>\n<meta property=\"og:type\" content=\"article\" \/>\n<meta property=\"og:title\" content=\"MARIA GALLAND SERUMS antikuperozy ANTI REDNESS SERUM D-530, 30 \u041c\u041b\" \/>\n<meta property=\"og:description\" content=\"Untitled document \u012apa&scaron;\u012bbas: &nbsp;\u013boti efekt\u012bvam antikuperozy serumam, kas samazina aps\u0101rtumu un kairin\u0101jumu, ir smalks arom\u0101ts Akt\u012bv\u0101s sast\u0101vda\u013cas un rezult\u0101ti: &#8211;\" \/>\n<meta property=\"og:url\" content=\"https:\/\/cosmetic.lv\/lv\/product\/maria-galland-serums-antikuperozy-anti-redness-serum-d-530-30-ml\/\" \/>\n<meta property=\"og:site_name\" content=\"cosmetic.lv\" \/>\n<meta property=\"article:publisher\" content=\"https:\/\/www.facebook.com\/cosmetic.lv\/\" \/>\n<meta property=\"article:modified_time\" content=\"2021-02-06T17:59:12+00:00\" \/>\n<meta property=\"og:image\" content=\"https:\/\/cosmetic.lv\/wp-content\/uploads\/2021\/02\/13119-415241b8c9f1d0dbc4f52b955ab52abc-4.jpg\" \/>\n\t<meta property=\"og:image:width\" content=\"648\" \/>\n\t<meta property=\"og:image:height\" content=\"567\" \/>\n\t<meta property=\"og:image:type\" content=\"image\/jpeg\" \/>\n<meta name=\"twitter:card\" content=\"summary_large_image\" \/>\n<script type=\"application\/ld+json\" class=\"yoast-schema-graph\">{\"@context\":\"https:\/\/schema.org\",\"@graph\":[{\"@type\":\"WebPage\",\"@id\":\"https:\/\/cosmetic.lv\/lv\/product\/maria-galland-serums-antikuperozy-anti-redness-serum-d-530-30-ml\/\",\"url\":\"https:\/\/cosmetic.lv\/lv\/product\/maria-galland-serums-antikuperozy-anti-redness-serum-d-530-30-ml\/\",\"name\":\"MARIA GALLAND SERUMS antikuperozy ANTI REDNESS SERUM D-530, 30 \u041c\u041b - cosmetic.lv\",\"isPartOf\":{\"@id\":\"https:\/\/cosmetic.lv\/lv\/#website\"},\"primaryImageOfPage\":{\"@id\":\"https:\/\/cosmetic.lv\/lv\/product\/maria-galland-serums-antikuperozy-anti-redness-serum-d-530-30-ml\/#primaryimage\"},\"image\":{\"@id\":\"https:\/\/cosmetic.lv\/lv\/product\/maria-galland-serums-antikuperozy-anti-redness-serum-d-530-30-ml\/#primaryimage\"},\"thumbnailUrl\":\"https:\/\/cosmetic.lv\/wp-content\/uploads\/2021\/02\/13119-415241b8c9f1d0dbc4f52b955ab52abc-4.jpg\",\"datePublished\":\"2021-02-06T17:59:11+00:00\",\"dateModified\":\"2021-02-06T17:59:12+00:00\",\"breadcrumb\":{\"@id\":\"https:\/\/cosmetic.lv\/lv\/product\/maria-galland-serums-antikuperozy-anti-redness-serum-d-530-30-ml\/#breadcrumb\"},\"inLanguage\":\"lv-LV\",\"potentialAction\":[{\"@type\":\"ReadAction\",\"target\":[\"https:\/\/cosmetic.lv\/lv\/product\/maria-galland-serums-antikuperozy-anti-redness-serum-d-530-30-ml\/\"]}]},{\"@type\":\"ImageObject\",\"inLanguage\":\"lv-LV\",\"@id\":\"https:\/\/cosmetic.lv\/lv\/product\/maria-galland-serums-antikuperozy-anti-redness-serum-d-530-30-ml\/#primaryimage\",\"url\":\"https:\/\/cosmetic.lv\/wp-content\/uploads\/2021\/02\/13119-415241b8c9f1d0dbc4f52b955ab52abc-4.jpg\",\"contentUrl\":\"https:\/\/cosmetic.lv\/wp-content\/uploads\/2021\/02\/13119-415241b8c9f1d0dbc4f52b955ab52abc-4.jpg\",\"width\":648,\"height\":567,\"caption\":\"13119-415241b8c9f1d0dbc4f52b955ab52abc.jpg\"},{\"@type\":\"BreadcrumbList\",\"@id\":\"https:\/\/cosmetic.lv\/lv\/product\/maria-galland-serums-antikuperozy-anti-redness-serum-d-530-30-ml\/#breadcrumb\",\"itemListElement\":[{\"@type\":\"ListItem\",\"position\":1,\"name\":\"Home\",\"item\":\"https:\/\/cosmetic.lv\/lv\/\"},{\"@type\":\"ListItem\",\"position\":2,\"name\":\"Veikals\",\"item\":\"https:\/\/cosmetic.lv\/lv\/veiklas\/\"},{\"@type\":\"ListItem\",\"position\":3,\"name\":\"MARIA GALLAND SERUMS antikuperozy ANTI REDNESS SERUM D-530, 30 \u041c\u041b\"}]},{\"@type\":\"WebSite\",\"@id\":\"https:\/\/cosmetic.lv\/lv\/#website\",\"url\":\"https:\/\/cosmetic.lv\/lv\/\",\"name\":\"cosmetic.lv\",\"description\":\"Profesion\u0101la kosm\u0113tika - Maria Galland, Keune, Arkadija, GMT, Guam, Magiray\",\"publisher\":{\"@id\":\"https:\/\/cosmetic.lv\/lv\/#organization\"},\"potentialAction\":[{\"@type\":\"SearchAction\",\"target\":{\"@type\":\"EntryPoint\",\"urlTemplate\":\"https:\/\/cosmetic.lv\/lv\/?s={search_term_string}\"},\"query-input\":{\"@type\":\"PropertyValueSpecification\",\"valueRequired\":true,\"valueName\":\"search_term_string\"}}],\"inLanguage\":\"lv-LV\"},{\"@type\":\"Organization\",\"@id\":\"https:\/\/cosmetic.lv\/lv\/#organization\",\"name\":\"COSMETIC.LV\",\"url\":\"https:\/\/cosmetic.lv\/lv\/\",\"logo\":{\"@type\":\"ImageObject\",\"inLanguage\":\"lv-LV\",\"@id\":\"https:\/\/cosmetic.lv\/lv\/#\/schema\/logo\/image\/\",\"url\":\"https:\/\/cosmetic.lv\/wp-content\/uploads\/2021\/02\/cosmetic.lv_logo.jpg\",\"contentUrl\":\"https:\/\/cosmetic.lv\/wp-content\/uploads\/2021\/02\/cosmetic.lv_logo.jpg\",\"width\":596,\"height\":196,\"caption\":\"COSMETIC.LV\"},\"image\":{\"@id\":\"https:\/\/cosmetic.lv\/lv\/#\/schema\/logo\/image\/\"},\"sameAs\":[\"https:\/\/www.facebook.com\/cosmetic.lv\/\"]}]}<\/script>\n<meta property=\"product:price:amount\" content=\"94.83\" \/>\n<meta property=\"product:price:currency\" content=\"EUR\" \/>\n<meta property=\"og:availability\" content=\"instock\" \/>\n<meta property=\"product:availability\" content=\"instock\" \/>\n<meta property=\"product:retailer_item_id\" content=\"D-530\" \/>\n<meta property=\"product:condition\" content=\"new\" \/>\n<!-- \/ Yoast SEO Premium plugin. -->","yoast_head_json":{"title":"MARIA GALLAND SERUMS antikuperozy ANTI REDNESS SERUM D-530, 30 \u041c\u041b - cosmetic.lv","robots":{"index":"index","follow":"follow","max-snippet":"max-snippet:-1","max-image-preview":"max-image-preview:large","max-video-preview":"max-video-preview:-1"},"canonical":"https:\/\/cosmetic.lv\/lv\/product\/maria-galland-serums-antikuperozy-anti-redness-serum-d-530-30-ml\/","og_locale":"lv_LV","og_type":"article","og_title":"MARIA GALLAND SERUMS antikuperozy ANTI REDNESS SERUM D-530, 30 \u041c\u041b","og_description":"Untitled document \u012apa&scaron;\u012bbas: &nbsp;\u013boti efekt\u012bvam antikuperozy serumam, kas samazina aps\u0101rtumu un kairin\u0101jumu, ir smalks arom\u0101ts Akt\u012bv\u0101s sast\u0101vda\u013cas un rezult\u0101ti: &#8211;","og_url":"https:\/\/cosmetic.lv\/lv\/product\/maria-galland-serums-antikuperozy-anti-redness-serum-d-530-30-ml\/","og_site_name":"cosmetic.lv","article_publisher":"https:\/\/www.facebook.com\/cosmetic.lv\/","article_modified_time":"2021-02-06T17:59:12+00:00","og_image":[{"width":648,"height":567,"url":"https:\/\/cosmetic.lv\/wp-content\/uploads\/2021\/02\/13119-415241b8c9f1d0dbc4f52b955ab52abc-4.jpg","type":"image\/jpeg"}],"twitter_card":"summary_large_image","schema":{"@context":"https:\/\/schema.org","@graph":[{"@type":"WebPage","@id":"https:\/\/cosmetic.lv\/lv\/product\/maria-galland-serums-antikuperozy-anti-redness-serum-d-530-30-ml\/","url":"https:\/\/cosmetic.lv\/lv\/product\/maria-galland-serums-antikuperozy-anti-redness-serum-d-530-30-ml\/","name":"MARIA GALLAND SERUMS antikuperozy ANTI REDNESS SERUM D-530, 30 \u041c\u041b - cosmetic.lv","isPartOf":{"@id":"https:\/\/cosmetic.lv\/lv\/#website"},"primaryImageOfPage":{"@id":"https:\/\/cosmetic.lv\/lv\/product\/maria-galland-serums-antikuperozy-anti-redness-serum-d-530-30-ml\/#primaryimage"},"image":{"@id":"https:\/\/cosmetic.lv\/lv\/product\/maria-galland-serums-antikuperozy-anti-redness-serum-d-530-30-ml\/#primaryimage"},"thumbnailUrl":"https:\/\/cosmetic.lv\/wp-content\/uploads\/2021\/02\/13119-415241b8c9f1d0dbc4f52b955ab52abc-4.jpg","datePublished":"2021-02-06T17:59:11+00:00","dateModified":"2021-02-06T17:59:12+00:00","breadcrumb":{"@id":"https:\/\/cosmetic.lv\/lv\/product\/maria-galland-serums-antikuperozy-anti-redness-serum-d-530-30-ml\/#breadcrumb"},"inLanguage":"lv-LV","potentialAction":[{"@type":"ReadAction","target":["https:\/\/cosmetic.lv\/lv\/product\/maria-galland-serums-antikuperozy-anti-redness-serum-d-530-30-ml\/"]}]},{"@type":"ImageObject","inLanguage":"lv-LV","@id":"https:\/\/cosmetic.lv\/lv\/product\/maria-galland-serums-antikuperozy-anti-redness-serum-d-530-30-ml\/#primaryimage","url":"https:\/\/cosmetic.lv\/wp-content\/uploads\/2021\/02\/13119-415241b8c9f1d0dbc4f52b955ab52abc-4.jpg","contentUrl":"https:\/\/cosmetic.lv\/wp-content\/uploads\/2021\/02\/13119-415241b8c9f1d0dbc4f52b955ab52abc-4.jpg","width":648,"height":567,"caption":"13119-415241b8c9f1d0dbc4f52b955ab52abc.jpg"},{"@type":"BreadcrumbList","@id":"https:\/\/cosmetic.lv\/lv\/product\/maria-galland-serums-antikuperozy-anti-redness-serum-d-530-30-ml\/#breadcrumb","itemListElement":[{"@type":"ListItem","position":1,"name":"Home","item":"https:\/\/cosmetic.lv\/lv\/"},{"@type":"ListItem","position":2,"name":"Veikals","item":"https:\/\/cosmetic.lv\/lv\/veiklas\/"},{"@type":"ListItem","position":3,"name":"MARIA GALLAND SERUMS antikuperozy ANTI REDNESS SERUM D-530, 30 \u041c\u041b"}]},{"@type":"WebSite","@id":"https:\/\/cosmetic.lv\/lv\/#website","url":"https:\/\/cosmetic.lv\/lv\/","name":"cosmetic.lv","description":"Profesion\u0101la kosm\u0113tika - Maria Galland, Keune, Arkadija, GMT, Guam, Magiray","publisher":{"@id":"https:\/\/cosmetic.lv\/lv\/#organization"},"potentialAction":[{"@type":"SearchAction","target":{"@type":"EntryPoint","urlTemplate":"https:\/\/cosmetic.lv\/lv\/?s={search_term_string}"},"query-input":{"@type":"PropertyValueSpecification","valueRequired":true,"valueName":"search_term_string"}}],"inLanguage":"lv-LV"},{"@type":"Organization","@id":"https:\/\/cosmetic.lv\/lv\/#organization","name":"COSMETIC.LV","url":"https:\/\/cosmetic.lv\/lv\/","logo":{"@type":"ImageObject","inLanguage":"lv-LV","@id":"https:\/\/cosmetic.lv\/lv\/#\/schema\/logo\/image\/","url":"https:\/\/cosmetic.lv\/wp-content\/uploads\/2021\/02\/cosmetic.lv_logo.jpg","contentUrl":"https:\/\/cosmetic.lv\/wp-content\/uploads\/2021\/02\/cosmetic.lv_logo.jpg","width":596,"height":196,"caption":"COSMETIC.LV"},"image":{"@id":"https:\/\/cosmetic.lv\/lv\/#\/schema\/logo\/image\/"},"sameAs":["https:\/\/www.facebook.com\/cosmetic.lv\/"]}]},"product_price_amount":"94.83","product_price_currency":"EUR","og_availability":"instock","product_availability":"instock","product_retailer_item_id":"D-530","product_condition":"new"},"_links":{"self":[{"href":"https:\/\/cosmetic.lv\/lv\/wp-json\/wp\/v2\/product\/34910","targetHints":{"allow":["GET"]}}],"collection":[{"href":"https:\/\/cosmetic.lv\/lv\/wp-json\/wp\/v2\/product"}],"about":[{"href":"https:\/\/cosmetic.lv\/lv\/wp-json\/wp\/v2\/types\/product"}],"wp:featuredmedia":[{"embeddable":true,"href":"https:\/\/cosmetic.lv\/lv\/wp-json\/wp\/v2\/media\/17657"}],"wp:attachment":[{"href":"https:\/\/cosmetic.lv\/lv\/wp-json\/wp\/v2\/media?parent=34910"}],"wp:term":[{"taxonomy":"product_brand","embeddable":true,"href":"https:\/\/cosmetic.lv\/lv\/wp-json\/wp\/v2\/product_brand?post=34910"},{"taxonomy":"product_cat","embeddable":true,"href":"https:\/\/cosmetic.lv\/lv\/wp-json\/wp\/v2\/product_cat?post=34910"},{"taxonomy":"product_tag","embeddable":true,"href":"https:\/\/cosmetic.lv\/lv\/wp-json\/wp\/v2\/product_tag?post=34910"}],"curies":[{"name":"wp","href":"https:\/\/api.w.org\/{rel}","templated":true}]}}