{"id":34922,"date":"2021-02-05T22:45:55","date_gmt":"2021-02-06T17:59:19","guid":{"rendered":"https:\/\/damme.lv\/product\/vara-magnetiska-aproces-ar-maisinu\/"},"modified":"2023-07-03T21:32:49","modified_gmt":"2023-07-03T18:32:49","slug":"vara-magnetiska-aproces-ar-maisinu","status":"publish","type":"product","link":"https:\/\/cosmetic.lv\/lv\/product\/vara-magnetiska-aproces-ar-maisinu\/","title":{"rendered":"Vara Magn\u0113tisk\u0101 Aproces"},"content":{"rendered":"<p>Var\u0161 ir elements, kas ir \u013coti svar\u012bgs m\u016bsu vesel\u012bbai. Faktiski, bie\u017ei vara noz\u012bm\u012bgums m\u016bs vesel\u012bbas uzlabo\u0161ana paliek nenov\u0113rt\u0113ts. Var\u0161 ir \u0101rk\u0101rt\u012bgi svar\u012bgs daudzu \u0137erme\u0146a funkciju pild\u012b\u0161an\u0101. Var\u0161 ir galvenais komponents sk\u0101bek\u013ca pieg\u0101dei asins \u0161\u016bn\u0101m.Var\u0161 ar\u012b pal\u012bdz aizsarg\u0101t m\u016bsu \u0161\u016bnas no boj\u0101jumiem, ko rada da\u017e\u0101das \u0137\u012bmiskas vielas m\u016bsu organism\u0101. Var\u0161 kop\u0101 ar C vitam\u012bnu, pal\u012bdz saglab\u0101t asinsvadus un \u0101du elast\u012bgu. \u0160is svar\u012bgais elements ir vit\u0101li svar\u012bgs m\u016bsu smadzen\u0113m, lai veidotu \u0137\u012bmiskas vielas, kas uztur m\u016bs nomod\u0101 un dara m\u016bs uzman\u012bgus. Var\u0161 ar\u012b pal\u012bdz j\u016bsu organismam izstr\u0101d\u0101t \u0137\u012bmiskas vielas, kas regul\u0113 asinsspiedienu, pulsu, un atvese\u013co\u0161anos. Pa\u0161reiz\u0113jie p\u0113t\u012bjumi p\u0113ta citus veidus k\u0101 var\u0161 var ietekm\u0113t cilv\u0113ka vesel\u012bbu, aizsarg\u0101jot no v\u0113\u017ea un sirds slim\u012bb\u0101m, lai palielin\u0101tu im\u016bnsist\u0113mu. Visp\u0101r\u012bgi simptomi, kas liecina par vara nepietiekam\u012bbu sav\u0101 uztur\u0101, ir an\u0113mija (st\u0101voklis, kad J\u016bsu asinis nevar pieg\u0101d\u0101t pietiekami daudz sk\u0101bek\u013ca j\u016bsu \u0137ermen\u012b), artr\u012bts (s\u0101p\u012bgs piet\u016bkums loc\u012btav\u0101s), un daudzas citas vesel\u012bbas probl\u0113mas. 6 magn\u0113ti<\/p>\n<p>&nbsp;<\/p>\n","protected":false},"excerpt":{"rendered":"<p>Var\u0161 ir elements, kas ir \u013coti svar\u012bgs m\u016bsu vesel\u012bbai. Faktiski, bie\u017ei vara noz\u012bm\u012bgums m\u016bs vesel\u012bbas uzlabo\u0161ana paliek nenov\u0113rt\u0113ts. Var\u0161 ir<\/p>\n","protected":false},"featured_media":11418,"template":"","meta":[],"product_brand":[],"product_cat":[2293,2296],"product_tag":[],"class_list":{"0":"post-34922","1":"product","2":"type-product","3":"status-publish","4":"has-post-thumbnail","6":"product_cat-dabiskie-akmeni-rokasspradzess-auskari-gredzeni-lv","7":"product_cat-vara-rokasspradzes-lv-lv-2","9":"first","10":"instock","11":"taxable","12":"shipping-taxable","13":"purchasable","14":"product-type-simple"},"yoast_head":"<!-- This site is optimized with the Yoast SEO Premium plugin v27.0 (Yoast SEO v27.0) - https:\/\/yoast.com\/product\/yoast-seo-premium-wordpress\/ -->\n<title>Vara Magn\u0113tisk\u0101 Aproces - cosmetic.lv<\/title>\n<meta name=\"robots\" content=\"index, follow, max-snippet:-1, max-image-preview:large, max-video-preview:-1\" \/>\n<link rel=\"canonical\" href=\"https:\/\/cosmetic.lv\/lv\/product\/vara-magnetiska-aproces-ar-maisinu\/\" \/>\n<meta property=\"og:locale\" content=\"lv_LV\" \/>\n<meta property=\"og:type\" content=\"article\" \/>\n<meta property=\"og:title\" content=\"Vara Magn\u0113tisk\u0101 Aproces\" \/>\n<meta property=\"og:description\" content=\"Var\u0161 ir elements, kas ir \u013coti svar\u012bgs m\u016bsu vesel\u012bbai. Faktiski, bie\u017ei vara noz\u012bm\u012bgums m\u016bs vesel\u012bbas uzlabo\u0161ana paliek nenov\u0113rt\u0113ts. Var\u0161 ir\" \/>\n<meta property=\"og:url\" content=\"https:\/\/cosmetic.lv\/lv\/product\/vara-magnetiska-aproces-ar-maisinu\/\" \/>\n<meta property=\"og:site_name\" content=\"cosmetic.lv\" \/>\n<meta property=\"article:publisher\" content=\"https:\/\/www.facebook.com\/cosmetic.lv\/\" \/>\n<meta property=\"article:modified_time\" content=\"2023-07-03T18:32:49+00:00\" \/>\n<meta property=\"og:image\" content=\"https:\/\/cosmetic.lv\/wp-content\/uploads\/2021\/02\/20191030_1606131.jpg\" \/>\n\t<meta property=\"og:image:width\" content=\"800\" \/>\n\t<meta property=\"og:image:height\" content=\"389\" \/>\n\t<meta property=\"og:image:type\" content=\"image\/jpeg\" \/>\n<meta name=\"twitter:card\" content=\"summary_large_image\" \/>\n<script type=\"application\/ld+json\" class=\"yoast-schema-graph\">{\"@context\":\"https:\/\/schema.org\",\"@graph\":[{\"@type\":\"WebPage\",\"@id\":\"https:\/\/cosmetic.lv\/lv\/product\/vara-magnetiska-aproces-ar-maisinu\/\",\"url\":\"https:\/\/cosmetic.lv\/lv\/product\/vara-magnetiska-aproces-ar-maisinu\/\",\"name\":\"Vara Magn\u0113tisk\u0101 Aproces - cosmetic.lv\",\"isPartOf\":{\"@id\":\"https:\/\/cosmetic.lv\/lv\/#website\"},\"primaryImageOfPage\":{\"@id\":\"https:\/\/cosmetic.lv\/lv\/product\/vara-magnetiska-aproces-ar-maisinu\/#primaryimage\"},\"image\":{\"@id\":\"https:\/\/cosmetic.lv\/lv\/product\/vara-magnetiska-aproces-ar-maisinu\/#primaryimage\"},\"thumbnailUrl\":\"https:\/\/cosmetic.lv\/wp-content\/uploads\/2021\/02\/20191030_1606131.jpg\",\"datePublished\":\"2021-02-06T17:59:19+00:00\",\"dateModified\":\"2023-07-03T18:32:49+00:00\",\"breadcrumb\":{\"@id\":\"https:\/\/cosmetic.lv\/lv\/product\/vara-magnetiska-aproces-ar-maisinu\/#breadcrumb\"},\"inLanguage\":\"lv-LV\",\"potentialAction\":[{\"@type\":\"ReadAction\",\"target\":[\"https:\/\/cosmetic.lv\/lv\/product\/vara-magnetiska-aproces-ar-maisinu\/\"]}]},{\"@type\":\"ImageObject\",\"inLanguage\":\"lv-LV\",\"@id\":\"https:\/\/cosmetic.lv\/lv\/product\/vara-magnetiska-aproces-ar-maisinu\/#primaryimage\",\"url\":\"https:\/\/cosmetic.lv\/wp-content\/uploads\/2021\/02\/20191030_1606131.jpg\",\"contentUrl\":\"https:\/\/cosmetic.lv\/wp-content\/uploads\/2021\/02\/20191030_1606131.jpg\",\"width\":800,\"height\":389,\"caption\":\"20191030_160613[1].jpg\"},{\"@type\":\"BreadcrumbList\",\"@id\":\"https:\/\/cosmetic.lv\/lv\/product\/vara-magnetiska-aproces-ar-maisinu\/#breadcrumb\",\"itemListElement\":[{\"@type\":\"ListItem\",\"position\":1,\"name\":\"Home\",\"item\":\"https:\/\/cosmetic.lv\/lv\/\"},{\"@type\":\"ListItem\",\"position\":2,\"name\":\"Veikals\",\"item\":\"https:\/\/cosmetic.lv\/lv\/veiklas\/\"},{\"@type\":\"ListItem\",\"position\":3,\"name\":\"Vara Magn\u0113tisk\u0101 Aproces\"}]},{\"@type\":\"WebSite\",\"@id\":\"https:\/\/cosmetic.lv\/lv\/#website\",\"url\":\"https:\/\/cosmetic.lv\/lv\/\",\"name\":\"cosmetic.lv\",\"description\":\"Profesion\u0101la kosm\u0113tika - Maria Galland, Keune, Arkadija, GMT, Guam, Magiray\",\"publisher\":{\"@id\":\"https:\/\/cosmetic.lv\/lv\/#organization\"},\"potentialAction\":[{\"@type\":\"SearchAction\",\"target\":{\"@type\":\"EntryPoint\",\"urlTemplate\":\"https:\/\/cosmetic.lv\/lv\/?s={search_term_string}\"},\"query-input\":{\"@type\":\"PropertyValueSpecification\",\"valueRequired\":true,\"valueName\":\"search_term_string\"}}],\"inLanguage\":\"lv-LV\"},{\"@type\":\"Organization\",\"@id\":\"https:\/\/cosmetic.lv\/lv\/#organization\",\"name\":\"COSMETIC.LV\",\"url\":\"https:\/\/cosmetic.lv\/lv\/\",\"logo\":{\"@type\":\"ImageObject\",\"inLanguage\":\"lv-LV\",\"@id\":\"https:\/\/cosmetic.lv\/lv\/#\/schema\/logo\/image\/\",\"url\":\"https:\/\/cosmetic.lv\/wp-content\/uploads\/2021\/02\/cosmetic.lv_logo.jpg\",\"contentUrl\":\"https:\/\/cosmetic.lv\/wp-content\/uploads\/2021\/02\/cosmetic.lv_logo.jpg\",\"width\":596,\"height\":196,\"caption\":\"COSMETIC.LV\"},\"image\":{\"@id\":\"https:\/\/cosmetic.lv\/lv\/#\/schema\/logo\/image\/\"},\"sameAs\":[\"https:\/\/www.facebook.com\/cosmetic.lv\/\"]}]}<\/script>\n<meta property=\"product:price:amount\" content=\"22.00\" \/>\n<meta property=\"product:price:currency\" content=\"EUR\" \/>\n<meta property=\"og:availability\" content=\"instock\" \/>\n<meta property=\"product:availability\" content=\"instock\" \/>\n<meta property=\"product:retailer_item_id\" content=\"medj1\" \/>\n<meta property=\"product:condition\" content=\"new\" \/>\n<!-- \/ Yoast SEO Premium plugin. -->","yoast_head_json":{"title":"Vara Magn\u0113tisk\u0101 Aproces - cosmetic.lv","robots":{"index":"index","follow":"follow","max-snippet":"max-snippet:-1","max-image-preview":"max-image-preview:large","max-video-preview":"max-video-preview:-1"},"canonical":"https:\/\/cosmetic.lv\/lv\/product\/vara-magnetiska-aproces-ar-maisinu\/","og_locale":"lv_LV","og_type":"article","og_title":"Vara Magn\u0113tisk\u0101 Aproces","og_description":"Var\u0161 ir elements, kas ir \u013coti svar\u012bgs m\u016bsu vesel\u012bbai. Faktiski, bie\u017ei vara noz\u012bm\u012bgums m\u016bs vesel\u012bbas uzlabo\u0161ana paliek nenov\u0113rt\u0113ts. Var\u0161 ir","og_url":"https:\/\/cosmetic.lv\/lv\/product\/vara-magnetiska-aproces-ar-maisinu\/","og_site_name":"cosmetic.lv","article_publisher":"https:\/\/www.facebook.com\/cosmetic.lv\/","article_modified_time":"2023-07-03T18:32:49+00:00","og_image":[{"width":800,"height":389,"url":"https:\/\/cosmetic.lv\/wp-content\/uploads\/2021\/02\/20191030_1606131.jpg","type":"image\/jpeg"}],"twitter_card":"summary_large_image","schema":{"@context":"https:\/\/schema.org","@graph":[{"@type":"WebPage","@id":"https:\/\/cosmetic.lv\/lv\/product\/vara-magnetiska-aproces-ar-maisinu\/","url":"https:\/\/cosmetic.lv\/lv\/product\/vara-magnetiska-aproces-ar-maisinu\/","name":"Vara Magn\u0113tisk\u0101 Aproces - cosmetic.lv","isPartOf":{"@id":"https:\/\/cosmetic.lv\/lv\/#website"},"primaryImageOfPage":{"@id":"https:\/\/cosmetic.lv\/lv\/product\/vara-magnetiska-aproces-ar-maisinu\/#primaryimage"},"image":{"@id":"https:\/\/cosmetic.lv\/lv\/product\/vara-magnetiska-aproces-ar-maisinu\/#primaryimage"},"thumbnailUrl":"https:\/\/cosmetic.lv\/wp-content\/uploads\/2021\/02\/20191030_1606131.jpg","datePublished":"2021-02-06T17:59:19+00:00","dateModified":"2023-07-03T18:32:49+00:00","breadcrumb":{"@id":"https:\/\/cosmetic.lv\/lv\/product\/vara-magnetiska-aproces-ar-maisinu\/#breadcrumb"},"inLanguage":"lv-LV","potentialAction":[{"@type":"ReadAction","target":["https:\/\/cosmetic.lv\/lv\/product\/vara-magnetiska-aproces-ar-maisinu\/"]}]},{"@type":"ImageObject","inLanguage":"lv-LV","@id":"https:\/\/cosmetic.lv\/lv\/product\/vara-magnetiska-aproces-ar-maisinu\/#primaryimage","url":"https:\/\/cosmetic.lv\/wp-content\/uploads\/2021\/02\/20191030_1606131.jpg","contentUrl":"https:\/\/cosmetic.lv\/wp-content\/uploads\/2021\/02\/20191030_1606131.jpg","width":800,"height":389,"caption":"20191030_160613[1].jpg"},{"@type":"BreadcrumbList","@id":"https:\/\/cosmetic.lv\/lv\/product\/vara-magnetiska-aproces-ar-maisinu\/#breadcrumb","itemListElement":[{"@type":"ListItem","position":1,"name":"Home","item":"https:\/\/cosmetic.lv\/lv\/"},{"@type":"ListItem","position":2,"name":"Veikals","item":"https:\/\/cosmetic.lv\/lv\/veiklas\/"},{"@type":"ListItem","position":3,"name":"Vara Magn\u0113tisk\u0101 Aproces"}]},{"@type":"WebSite","@id":"https:\/\/cosmetic.lv\/lv\/#website","url":"https:\/\/cosmetic.lv\/lv\/","name":"cosmetic.lv","description":"Profesion\u0101la kosm\u0113tika - Maria Galland, Keune, Arkadija, GMT, Guam, Magiray","publisher":{"@id":"https:\/\/cosmetic.lv\/lv\/#organization"},"potentialAction":[{"@type":"SearchAction","target":{"@type":"EntryPoint","urlTemplate":"https:\/\/cosmetic.lv\/lv\/?s={search_term_string}"},"query-input":{"@type":"PropertyValueSpecification","valueRequired":true,"valueName":"search_term_string"}}],"inLanguage":"lv-LV"},{"@type":"Organization","@id":"https:\/\/cosmetic.lv\/lv\/#organization","name":"COSMETIC.LV","url":"https:\/\/cosmetic.lv\/lv\/","logo":{"@type":"ImageObject","inLanguage":"lv-LV","@id":"https:\/\/cosmetic.lv\/lv\/#\/schema\/logo\/image\/","url":"https:\/\/cosmetic.lv\/wp-content\/uploads\/2021\/02\/cosmetic.lv_logo.jpg","contentUrl":"https:\/\/cosmetic.lv\/wp-content\/uploads\/2021\/02\/cosmetic.lv_logo.jpg","width":596,"height":196,"caption":"COSMETIC.LV"},"image":{"@id":"https:\/\/cosmetic.lv\/lv\/#\/schema\/logo\/image\/"},"sameAs":["https:\/\/www.facebook.com\/cosmetic.lv\/"]}]},"product_price_amount":"22.00","product_price_currency":"EUR","og_availability":"instock","product_availability":"instock","product_retailer_item_id":"medj1","product_condition":"new"},"_links":{"self":[{"href":"https:\/\/cosmetic.lv\/lv\/wp-json\/wp\/v2\/product\/34922","targetHints":{"allow":["GET"]}}],"collection":[{"href":"https:\/\/cosmetic.lv\/lv\/wp-json\/wp\/v2\/product"}],"about":[{"href":"https:\/\/cosmetic.lv\/lv\/wp-json\/wp\/v2\/types\/product"}],"wp:featuredmedia":[{"embeddable":true,"href":"https:\/\/cosmetic.lv\/lv\/wp-json\/wp\/v2\/media\/11418"}],"wp:attachment":[{"href":"https:\/\/cosmetic.lv\/lv\/wp-json\/wp\/v2\/media?parent=34922"}],"wp:term":[{"taxonomy":"product_brand","embeddable":true,"href":"https:\/\/cosmetic.lv\/lv\/wp-json\/wp\/v2\/product_brand?post=34922"},{"taxonomy":"product_cat","embeddable":true,"href":"https:\/\/cosmetic.lv\/lv\/wp-json\/wp\/v2\/product_cat?post=34922"},{"taxonomy":"product_tag","embeddable":true,"href":"https:\/\/cosmetic.lv\/lv\/wp-json\/wp\/v2\/product_tag?post=34922"}],"curies":[{"name":"wp","href":"https:\/\/api.w.org\/{rel}","templated":true}]}}