{"id":34924,"date":"2021-02-05T22:45:55","date_gmt":"2021-02-06T17:59:19","guid":{"rendered":"https:\/\/damme.lv\/product\/koncentrets-kermena-krems-zirgu-veseliba-hondroitins-200ml\/"},"modified":"2021-02-06T19:59:22","modified_gmt":"2021-02-06T17:59:22","slug":"koncentrets-kermena-krems-zirgu-veseliba-hondroitins-200ml","status":"publish","type":"product","link":"https:\/\/cosmetic.lv\/lv\/product\/koncentrets-kermena-krems-zirgu-veseliba-hondroitins-200ml\/","title":{"rendered":"Koncentr\u0113ts \u0137erme\u0146a kr\u0113ms &quot;Zirgu vesel\u012bba&quot;, &quot;Hondroit\u012bns 200ml"},"content":{"rendered":"<p>Koncentr\u0113ts \u0137erme\u0146a kr\u0113ms &quot;Zirgu vesel\u012bba&quot;, &quot;Hondroit\u012bns. Glikozam\u012bns. Uzturs un e\u013c\u013co\u0161ana&quot; ir inovat\u012bvs produkts, kura pamat\u0101 ir hondroprotektori, kolag\u0113ns un B vitam\u012bnu biolo\u0123iski stimul\u0113jo\u0161s komplekss. Augsta akt\u012bvo komponentu koncentr\u0101cija un \u012bpa\u0161a akt\u012bvo vielu biopieejam\u012bba nodro\u0161ina augstu kr\u0113ma efektivit\u0101ti. Pa\u0101triniet dabiskos re\u0123ener\u0101cijas procesus, kav\u0113jiet ar vecumu saist\u012btus de\u0123enerat\u012bvos-distrofiskos procesus. Kr\u0113ma komponenti uzlabo uzturu, samazina funkcion\u0101lo trauc\u0113jumu att\u012bst\u012bbas risku. Darb\u012bbas joma: &#8211; ar izmai\u0146\u0101m, kas saist\u012btas ar vecumu, &#8211; riska faktoru kl\u0101tb\u016btn\u0113, &#8211; sezon\u0101lu probl\u0113mu nov\u0113r\u0161anai. Deta\u013cas darb\u012bba:Liellopu hondroit\u012bns ir galven\u0101 skrim\u0161\u013ca struktur\u0101l\u0101 sast\u0101vda\u013ca un dabiskais \u0161\u016bnu aizsargs (hondroprotektors). To ra\u017eo loc\u012btavu skrim\u0161\u013ca audi, ir da\u013ca no sinovi\u0101l\u0101 \u0161\u0137idruma. Palielina skrim\u0161\u013ca mitruma sp\u0113ju, nov\u0113r\u0161 t\u0101 iz\u017e\u016b\u0161anu. Tas pal\u0113nina kaulu audu rezorbciju (izn\u012bcin\u0101\u0161anu), samazina Ca zudumus, uzlabo fosfora-kalcija metabolismu skrim\u0161\u013cos. Nodro\u0161ina loc\u012btavu virsmu meh\u0101nisk\u0101s un elast\u012bg\u0101s \u012bpa\u0161\u012bbas, stimul\u0113 loc\u012btavu audu re\u0123ener\u0101ciju, uzlabo loc\u012btavu e\u013c\u013co\u0161anas kvalit\u0101ti. Akt\u012bvais glikozam\u012bns (glikosam\u012bns) ir hondroprotektors, b\u016btisks skrim\u0161\u013ca elements.<br \/>\nLieto\u0161anas metode:<br \/>\n    Lieto\u0161anas metode: Kr\u0113mu uz \u0137erme\u0146a uzkl\u0101j ar viegl\u0101m ap\u013cveida kust\u012bb\u0101m 3\u20135 min\u016btes, l\u012bdz tas piln\u012bb\u0101 uzs\u016bcas 2-3 reizes dien\u0101. Kr\u0113ms ir paredz\u0113ts ikdienas lieto\u0161anai.Kontrindik\u0101cijas: individu\u0101la sast\u0101vda\u013cu nepanesam\u012bba. Nav identific\u0113tas blakuspar\u0101d\u012bbas. Ja rodas aler\u0123iskas reakcijas, p\u0101rtrauciet lieto\u0161anu, lai konsult\u0113tos ar \u0101rstu.<br \/>\nSast\u0101vs:<br \/>\n    \u016bdens, glicer\u012bns, saulespu\u0137u e\u013c\u013ca, kapriska \/ kapriska triglicer\u012bdi, glicerilstear\u0101ts, dimetikons, ciklopentasiloks\u0101ns, cikloheksaziloks\u0101ns, cetearilspirts, stear\u012bnsk\u0101be, k\u0101lija cetilfosf\u0101ts, mentols, kamfs, biostimul\u0113jo\u0161s glicer\u012bna hidrohlor\u012bds, glicerol\u012bns ,B vitam\u012bnu biostimul\u0113jo\u0161s komplekss (\u016bdens, D-pantenols (B5 vitam\u012bns), riboflav\u012bns (B2 vitam\u012bns), piridoks\u012bna hidrohlor\u012bds (B6 vitam\u012bns)), m\u016bmijas, hondroit\u012bna sulf\u0101ts (liellopu), glikozam\u012bna sulf\u0101ts, kolag\u0113na hidroliz\u0101ts, trietanolam\u012bns, karbom\u0113rs metilnikotin\u0101ts, fenoksietanols, etilheksilglicer\u012bns, din\u0101trija EDTA.<\/p>\n<p>200ml<\/p>\n","protected":false},"excerpt":{"rendered":"<p>Koncentr\u0113ts \u0137erme\u0146a kr\u0113ms &quot;Zirgu vesel\u012bba&quot;, &quot;Hondroit\u012bns. Glikozam\u012bns. Uzturs un e\u013c\u013co\u0161ana&quot; ir inovat\u012bvs produkts, kura pamat\u0101 ir hondroprotektori, kolag\u0113ns un B<\/p>\n","protected":false},"featured_media":17691,"template":"","meta":[],"product_brand":[],"product_cat":[2200,2216,2220],"product_tag":[],"class_list":{"0":"post-34924","1":"product","2":"type-product","3":"status-publish","4":"has-post-thumbnail","6":"product_cat-skaistums-un-veseliba-lv","7":"product_cat-kermena-kopsana-lv","8":"product_cat-arstnieciski-balzami-un-kremi-lv","10":"first","11":"outofstock","12":"taxable","13":"shipping-taxable","14":"purchasable","15":"product-type-simple"},"yoast_head":"<!-- This site is optimized with the Yoast SEO Premium plugin v27.0 (Yoast SEO v27.0) - https:\/\/yoast.com\/product\/yoast-seo-premium-wordpress\/ -->\n<title>Koncentr\u0113ts \u0137erme\u0146a kr\u0113ms &quot;Zirgu vesel\u012bba&quot;, &quot;Hondroit\u012bns 200ml - cosmetic.lv<\/title>\n<meta name=\"robots\" content=\"index, follow, max-snippet:-1, max-image-preview:large, max-video-preview:-1\" \/>\n<link rel=\"canonical\" href=\"https:\/\/cosmetic.lv\/lv\/product\/koncentrets-kermena-krems-zirgu-veseliba-hondroitins-200ml\/\" \/>\n<meta property=\"og:locale\" content=\"lv_LV\" \/>\n<meta property=\"og:type\" content=\"article\" \/>\n<meta property=\"og:title\" content=\"Koncentr\u0113ts \u0137erme\u0146a kr\u0113ms &quot;Zirgu vesel\u012bba&quot;, &quot;Hondroit\u012bns 200ml\" \/>\n<meta property=\"og:description\" content=\"Koncentr\u0113ts \u0137erme\u0146a kr\u0113ms &quot;Zirgu vesel\u012bba&quot;, &quot;Hondroit\u012bns. Glikozam\u012bns. Uzturs un e\u013c\u013co\u0161ana&quot; ir inovat\u012bvs produkts, kura pamat\u0101 ir hondroprotektori, kolag\u0113ns un B\" \/>\n<meta property=\"og:url\" content=\"https:\/\/cosmetic.lv\/lv\/product\/koncentrets-kermena-krems-zirgu-veseliba-hondroitins-200ml\/\" \/>\n<meta property=\"og:site_name\" content=\"cosmetic.lv\" \/>\n<meta property=\"article:publisher\" content=\"https:\/\/www.facebook.com\/cosmetic.lv\/\" \/>\n<meta property=\"article:modified_time\" content=\"2021-02-06T17:59:22+00:00\" \/>\n<meta property=\"og:image\" content=\"https:\/\/cosmetic.lv\/wp-content\/uploads\/2021\/02\/450_450_1hond-4.jpeg\" \/>\n\t<meta property=\"og:image:width\" content=\"450\" \/>\n\t<meta property=\"og:image:height\" content=\"450\" \/>\n\t<meta property=\"og:image:type\" content=\"image\/jpeg\" \/>\n<meta name=\"twitter:card\" content=\"summary_large_image\" \/>\n<script type=\"application\/ld+json\" class=\"yoast-schema-graph\">{\"@context\":\"https:\/\/schema.org\",\"@graph\":[{\"@type\":\"WebPage\",\"@id\":\"https:\/\/cosmetic.lv\/lv\/product\/koncentrets-kermena-krems-zirgu-veseliba-hondroitins-200ml\/\",\"url\":\"https:\/\/cosmetic.lv\/lv\/product\/koncentrets-kermena-krems-zirgu-veseliba-hondroitins-200ml\/\",\"name\":\"Koncentr\u0113ts \u0137erme\u0146a kr\u0113ms &quot;Zirgu vesel\u012bba&quot;, &quot;Hondroit\u012bns 200ml - cosmetic.lv\",\"isPartOf\":{\"@id\":\"https:\/\/cosmetic.lv\/lv\/#website\"},\"primaryImageOfPage\":{\"@id\":\"https:\/\/cosmetic.lv\/lv\/product\/koncentrets-kermena-krems-zirgu-veseliba-hondroitins-200ml\/#primaryimage\"},\"image\":{\"@id\":\"https:\/\/cosmetic.lv\/lv\/product\/koncentrets-kermena-krems-zirgu-veseliba-hondroitins-200ml\/#primaryimage\"},\"thumbnailUrl\":\"https:\/\/cosmetic.lv\/wp-content\/uploads\/2021\/02\/450_450_1hond-4.jpeg\",\"datePublished\":\"2021-02-06T17:59:19+00:00\",\"dateModified\":\"2021-02-06T17:59:22+00:00\",\"breadcrumb\":{\"@id\":\"https:\/\/cosmetic.lv\/lv\/product\/koncentrets-kermena-krems-zirgu-veseliba-hondroitins-200ml\/#breadcrumb\"},\"inLanguage\":\"lv-LV\",\"potentialAction\":[{\"@type\":\"ReadAction\",\"target\":[\"https:\/\/cosmetic.lv\/lv\/product\/koncentrets-kermena-krems-zirgu-veseliba-hondroitins-200ml\/\"]}]},{\"@type\":\"ImageObject\",\"inLanguage\":\"lv-LV\",\"@id\":\"https:\/\/cosmetic.lv\/lv\/product\/koncentrets-kermena-krems-zirgu-veseliba-hondroitins-200ml\/#primaryimage\",\"url\":\"https:\/\/cosmetic.lv\/wp-content\/uploads\/2021\/02\/450_450_1hond-4.jpeg\",\"contentUrl\":\"https:\/\/cosmetic.lv\/wp-content\/uploads\/2021\/02\/450_450_1hond-4.jpeg\",\"width\":450,\"height\":450,\"caption\":\"450_450_1hond.jpeg\"},{\"@type\":\"BreadcrumbList\",\"@id\":\"https:\/\/cosmetic.lv\/lv\/product\/koncentrets-kermena-krems-zirgu-veseliba-hondroitins-200ml\/#breadcrumb\",\"itemListElement\":[{\"@type\":\"ListItem\",\"position\":1,\"name\":\"Home\",\"item\":\"https:\/\/cosmetic.lv\/lv\/\"},{\"@type\":\"ListItem\",\"position\":2,\"name\":\"Veikals\",\"item\":\"https:\/\/cosmetic.lv\/lv\/veiklas\/\"},{\"@type\":\"ListItem\",\"position\":3,\"name\":\"Koncentr\u0113ts \u0137erme\u0146a kr\u0113ms &quot;Zirgu vesel\u012bba&quot;, &quot;Hondroit\u012bns 200ml\"}]},{\"@type\":\"WebSite\",\"@id\":\"https:\/\/cosmetic.lv\/lv\/#website\",\"url\":\"https:\/\/cosmetic.lv\/lv\/\",\"name\":\"cosmetic.lv\",\"description\":\"Profesion\u0101la kosm\u0113tika - Maria Galland, Keune, Arkadija, GMT, Guam, Magiray\",\"publisher\":{\"@id\":\"https:\/\/cosmetic.lv\/lv\/#organization\"},\"potentialAction\":[{\"@type\":\"SearchAction\",\"target\":{\"@type\":\"EntryPoint\",\"urlTemplate\":\"https:\/\/cosmetic.lv\/lv\/?s={search_term_string}\"},\"query-input\":{\"@type\":\"PropertyValueSpecification\",\"valueRequired\":true,\"valueName\":\"search_term_string\"}}],\"inLanguage\":\"lv-LV\"},{\"@type\":\"Organization\",\"@id\":\"https:\/\/cosmetic.lv\/lv\/#organization\",\"name\":\"COSMETIC.LV\",\"url\":\"https:\/\/cosmetic.lv\/lv\/\",\"logo\":{\"@type\":\"ImageObject\",\"inLanguage\":\"lv-LV\",\"@id\":\"https:\/\/cosmetic.lv\/lv\/#\/schema\/logo\/image\/\",\"url\":\"https:\/\/cosmetic.lv\/wp-content\/uploads\/2021\/02\/cosmetic.lv_logo.jpg\",\"contentUrl\":\"https:\/\/cosmetic.lv\/wp-content\/uploads\/2021\/02\/cosmetic.lv_logo.jpg\",\"width\":596,\"height\":196,\"caption\":\"COSMETIC.LV\"},\"image\":{\"@id\":\"https:\/\/cosmetic.lv\/lv\/#\/schema\/logo\/image\/\"},\"sameAs\":[\"https:\/\/www.facebook.com\/cosmetic.lv\/\"]}]}<\/script>\n<meta property=\"product:price:amount\" content=\"8.37\" \/>\n<meta property=\"product:price:currency\" content=\"EUR\" \/>\n<meta property=\"og:availability\" content=\"out of stock\" \/>\n<meta property=\"product:availability\" content=\"out of stock\" \/>\n<meta property=\"product:retailer_item_id\" content=\"hondrit\" \/>\n<meta property=\"product:condition\" content=\"new\" \/>\n<!-- \/ Yoast SEO Premium plugin. -->","yoast_head_json":{"title":"Koncentr\u0113ts \u0137erme\u0146a kr\u0113ms &quot;Zirgu vesel\u012bba&quot;, &quot;Hondroit\u012bns 200ml - cosmetic.lv","robots":{"index":"index","follow":"follow","max-snippet":"max-snippet:-1","max-image-preview":"max-image-preview:large","max-video-preview":"max-video-preview:-1"},"canonical":"https:\/\/cosmetic.lv\/lv\/product\/koncentrets-kermena-krems-zirgu-veseliba-hondroitins-200ml\/","og_locale":"lv_LV","og_type":"article","og_title":"Koncentr\u0113ts \u0137erme\u0146a kr\u0113ms &quot;Zirgu vesel\u012bba&quot;, &quot;Hondroit\u012bns 200ml","og_description":"Koncentr\u0113ts \u0137erme\u0146a kr\u0113ms &quot;Zirgu vesel\u012bba&quot;, &quot;Hondroit\u012bns. Glikozam\u012bns. Uzturs un e\u013c\u013co\u0161ana&quot; ir inovat\u012bvs produkts, kura pamat\u0101 ir hondroprotektori, kolag\u0113ns un B","og_url":"https:\/\/cosmetic.lv\/lv\/product\/koncentrets-kermena-krems-zirgu-veseliba-hondroitins-200ml\/","og_site_name":"cosmetic.lv","article_publisher":"https:\/\/www.facebook.com\/cosmetic.lv\/","article_modified_time":"2021-02-06T17:59:22+00:00","og_image":[{"width":450,"height":450,"url":"https:\/\/cosmetic.lv\/wp-content\/uploads\/2021\/02\/450_450_1hond-4.jpeg","type":"image\/jpeg"}],"twitter_card":"summary_large_image","schema":{"@context":"https:\/\/schema.org","@graph":[{"@type":"WebPage","@id":"https:\/\/cosmetic.lv\/lv\/product\/koncentrets-kermena-krems-zirgu-veseliba-hondroitins-200ml\/","url":"https:\/\/cosmetic.lv\/lv\/product\/koncentrets-kermena-krems-zirgu-veseliba-hondroitins-200ml\/","name":"Koncentr\u0113ts \u0137erme\u0146a kr\u0113ms &quot;Zirgu vesel\u012bba&quot;, &quot;Hondroit\u012bns 200ml - cosmetic.lv","isPartOf":{"@id":"https:\/\/cosmetic.lv\/lv\/#website"},"primaryImageOfPage":{"@id":"https:\/\/cosmetic.lv\/lv\/product\/koncentrets-kermena-krems-zirgu-veseliba-hondroitins-200ml\/#primaryimage"},"image":{"@id":"https:\/\/cosmetic.lv\/lv\/product\/koncentrets-kermena-krems-zirgu-veseliba-hondroitins-200ml\/#primaryimage"},"thumbnailUrl":"https:\/\/cosmetic.lv\/wp-content\/uploads\/2021\/02\/450_450_1hond-4.jpeg","datePublished":"2021-02-06T17:59:19+00:00","dateModified":"2021-02-06T17:59:22+00:00","breadcrumb":{"@id":"https:\/\/cosmetic.lv\/lv\/product\/koncentrets-kermena-krems-zirgu-veseliba-hondroitins-200ml\/#breadcrumb"},"inLanguage":"lv-LV","potentialAction":[{"@type":"ReadAction","target":["https:\/\/cosmetic.lv\/lv\/product\/koncentrets-kermena-krems-zirgu-veseliba-hondroitins-200ml\/"]}]},{"@type":"ImageObject","inLanguage":"lv-LV","@id":"https:\/\/cosmetic.lv\/lv\/product\/koncentrets-kermena-krems-zirgu-veseliba-hondroitins-200ml\/#primaryimage","url":"https:\/\/cosmetic.lv\/wp-content\/uploads\/2021\/02\/450_450_1hond-4.jpeg","contentUrl":"https:\/\/cosmetic.lv\/wp-content\/uploads\/2021\/02\/450_450_1hond-4.jpeg","width":450,"height":450,"caption":"450_450_1hond.jpeg"},{"@type":"BreadcrumbList","@id":"https:\/\/cosmetic.lv\/lv\/product\/koncentrets-kermena-krems-zirgu-veseliba-hondroitins-200ml\/#breadcrumb","itemListElement":[{"@type":"ListItem","position":1,"name":"Home","item":"https:\/\/cosmetic.lv\/lv\/"},{"@type":"ListItem","position":2,"name":"Veikals","item":"https:\/\/cosmetic.lv\/lv\/veiklas\/"},{"@type":"ListItem","position":3,"name":"Koncentr\u0113ts \u0137erme\u0146a kr\u0113ms &quot;Zirgu vesel\u012bba&quot;, &quot;Hondroit\u012bns 200ml"}]},{"@type":"WebSite","@id":"https:\/\/cosmetic.lv\/lv\/#website","url":"https:\/\/cosmetic.lv\/lv\/","name":"cosmetic.lv","description":"Profesion\u0101la kosm\u0113tika - Maria Galland, Keune, Arkadija, GMT, Guam, Magiray","publisher":{"@id":"https:\/\/cosmetic.lv\/lv\/#organization"},"potentialAction":[{"@type":"SearchAction","target":{"@type":"EntryPoint","urlTemplate":"https:\/\/cosmetic.lv\/lv\/?s={search_term_string}"},"query-input":{"@type":"PropertyValueSpecification","valueRequired":true,"valueName":"search_term_string"}}],"inLanguage":"lv-LV"},{"@type":"Organization","@id":"https:\/\/cosmetic.lv\/lv\/#organization","name":"COSMETIC.LV","url":"https:\/\/cosmetic.lv\/lv\/","logo":{"@type":"ImageObject","inLanguage":"lv-LV","@id":"https:\/\/cosmetic.lv\/lv\/#\/schema\/logo\/image\/","url":"https:\/\/cosmetic.lv\/wp-content\/uploads\/2021\/02\/cosmetic.lv_logo.jpg","contentUrl":"https:\/\/cosmetic.lv\/wp-content\/uploads\/2021\/02\/cosmetic.lv_logo.jpg","width":596,"height":196,"caption":"COSMETIC.LV"},"image":{"@id":"https:\/\/cosmetic.lv\/lv\/#\/schema\/logo\/image\/"},"sameAs":["https:\/\/www.facebook.com\/cosmetic.lv\/"]}]},"product_price_amount":"8.37","product_price_currency":"EUR","og_availability":"out of stock","product_availability":"out of stock","product_retailer_item_id":"hondrit","product_condition":"new"},"_links":{"self":[{"href":"https:\/\/cosmetic.lv\/lv\/wp-json\/wp\/v2\/product\/34924","targetHints":{"allow":["GET"]}}],"collection":[{"href":"https:\/\/cosmetic.lv\/lv\/wp-json\/wp\/v2\/product"}],"about":[{"href":"https:\/\/cosmetic.lv\/lv\/wp-json\/wp\/v2\/types\/product"}],"wp:featuredmedia":[{"embeddable":true,"href":"https:\/\/cosmetic.lv\/lv\/wp-json\/wp\/v2\/media\/17691"}],"wp:attachment":[{"href":"https:\/\/cosmetic.lv\/lv\/wp-json\/wp\/v2\/media?parent=34924"}],"wp:term":[{"taxonomy":"product_brand","embeddable":true,"href":"https:\/\/cosmetic.lv\/lv\/wp-json\/wp\/v2\/product_brand?post=34924"},{"taxonomy":"product_cat","embeddable":true,"href":"https:\/\/cosmetic.lv\/lv\/wp-json\/wp\/v2\/product_cat?post=34924"},{"taxonomy":"product_tag","embeddable":true,"href":"https:\/\/cosmetic.lv\/lv\/wp-json\/wp\/v2\/product_tag?post=34924"}],"curies":[{"name":"wp","href":"https:\/\/api.w.org\/{rel}","templated":true}]}}