{"id":34929,"date":"2021-02-05T22:45:55","date_gmt":"2021-02-06T17:59:19","guid":{"rendered":"https:\/\/damme.lv\/product\/auskari-naturals-akmens-ametists-un-roza-kvarcs\/"},"modified":"2021-02-06T19:59:25","modified_gmt":"2021-02-06T17:59:25","slug":"auskari-naturals-akmens-ametists-un-roza-kvarcs","status":"publish","type":"product","link":"https:\/\/cosmetic.lv\/lv\/product\/auskari-naturals-akmens-ametists-un-roza-kvarcs\/","title":{"rendered":"Auskari natur\u0101ls akmens ametists un roz\u0101 kvarcs"},"content":{"rendered":"<p>\u0160is akmens simboliz\u0113 m\u012blest\u012bbu. To n\u0113s\u0101, lai piesaist\u012btu m\u012blest\u012bbu, to d\u0101vina, lai demonstr\u0113tu savu m\u012blest\u012bbu un atzin\u012bbu. Dziedniec\u012bb\u0101 \u0161is akmens veicina izvese\u013co\u0161an\u0101s procesus. K\u0101 talismans \u0161is akmens d\u0101v\u0101 abpus\u0113ju m\u012blest\u012bbu, glab\u0101 \u0123imenes laimi, paaugstina v\u012brie\u0161u potenci, izsauc pret\u0113j\u0101 dzimuma interesi un saglab\u0101 vesel\u012bbu. Neprec\u0113tai sievietei ro\u017eu kvarcs pal\u012bdz veiksm\u012bgi iziet pie v\u012bra. Augl\u012bbas simbols.<\/p>\n<p>4.5 garums<\/p>\n","protected":false},"excerpt":{"rendered":"<p>\u0160is akmens simboliz\u0113 m\u012blest\u012bbu. To n\u0113s\u0101, lai piesaist\u012btu m\u012blest\u012bbu, to d\u0101vina, lai demonstr\u0113tu savu m\u012blest\u012bbu un atzin\u012bbu. Dziedniec\u012bb\u0101 \u0161is akmens<\/p>\n","protected":false},"featured_media":11439,"template":"","meta":[],"product_brand":[],"product_cat":[2293,2297],"product_tag":[],"class_list":{"0":"post-34929","1":"product","2":"type-product","3":"status-publish","4":"has-post-thumbnail","6":"product_cat-dabiskie-akmeni-rokasspradzess-auskari-gredzeni-lv","7":"product_cat-auskari-lv-lv-3","9":"first","10":"outofstock","11":"taxable","12":"shipping-taxable","13":"purchasable","14":"product-type-simple"},"yoast_head":"<!-- This site is optimized with the Yoast SEO Premium plugin v27.0 (Yoast SEO v27.0) - https:\/\/yoast.com\/product\/yoast-seo-premium-wordpress\/ -->\n<title>Auskari natur\u0101ls akmens ametists un roz\u0101 kvarcs - cosmetic.lv<\/title>\n<meta name=\"robots\" content=\"index, follow, max-snippet:-1, max-image-preview:large, max-video-preview:-1\" \/>\n<link rel=\"canonical\" href=\"https:\/\/cosmetic.lv\/lv\/product\/auskari-naturals-akmens-ametists-un-roza-kvarcs\/\" \/>\n<meta property=\"og:locale\" content=\"lv_LV\" \/>\n<meta property=\"og:type\" content=\"article\" \/>\n<meta property=\"og:title\" content=\"Auskari natur\u0101ls akmens ametists un roz\u0101 kvarcs\" \/>\n<meta property=\"og:description\" content=\"\u0160is akmens simboliz\u0113 m\u012blest\u012bbu. To n\u0113s\u0101, lai piesaist\u012btu m\u012blest\u012bbu, to d\u0101vina, lai demonstr\u0113tu savu m\u012blest\u012bbu un atzin\u012bbu. Dziedniec\u012bb\u0101 \u0161is akmens\" \/>\n<meta property=\"og:url\" content=\"https:\/\/cosmetic.lv\/lv\/product\/auskari-naturals-akmens-ametists-un-roza-kvarcs\/\" \/>\n<meta property=\"og:site_name\" content=\"cosmetic.lv\" \/>\n<meta property=\"article:publisher\" content=\"https:\/\/www.facebook.com\/cosmetic.lv\/\" \/>\n<meta property=\"article:modified_time\" content=\"2021-02-06T17:59:25+00:00\" \/>\n<meta property=\"og:image\" content=\"https:\/\/cosmetic.lv\/wp-content\/uploads\/2021\/02\/20200110_1356291.jpg\" \/>\n\t<meta property=\"og:image:width\" content=\"800\" \/>\n\t<meta property=\"og:image:height\" content=\"389\" \/>\n\t<meta property=\"og:image:type\" content=\"image\/jpeg\" \/>\n<meta name=\"twitter:card\" content=\"summary_large_image\" \/>\n<script type=\"application\/ld+json\" class=\"yoast-schema-graph\">{\"@context\":\"https:\/\/schema.org\",\"@graph\":[{\"@type\":\"WebPage\",\"@id\":\"https:\/\/cosmetic.lv\/lv\/product\/auskari-naturals-akmens-ametists-un-roza-kvarcs\/\",\"url\":\"https:\/\/cosmetic.lv\/lv\/product\/auskari-naturals-akmens-ametists-un-roza-kvarcs\/\",\"name\":\"Auskari natur\u0101ls akmens ametists un roz\u0101 kvarcs - cosmetic.lv\",\"isPartOf\":{\"@id\":\"https:\/\/cosmetic.lv\/lv\/#website\"},\"primaryImageOfPage\":{\"@id\":\"https:\/\/cosmetic.lv\/lv\/product\/auskari-naturals-akmens-ametists-un-roza-kvarcs\/#primaryimage\"},\"image\":{\"@id\":\"https:\/\/cosmetic.lv\/lv\/product\/auskari-naturals-akmens-ametists-un-roza-kvarcs\/#primaryimage\"},\"thumbnailUrl\":\"https:\/\/cosmetic.lv\/wp-content\/uploads\/2021\/02\/20200110_1356291.jpg\",\"datePublished\":\"2021-02-06T17:59:19+00:00\",\"dateModified\":\"2021-02-06T17:59:25+00:00\",\"breadcrumb\":{\"@id\":\"https:\/\/cosmetic.lv\/lv\/product\/auskari-naturals-akmens-ametists-un-roza-kvarcs\/#breadcrumb\"},\"inLanguage\":\"lv-LV\",\"potentialAction\":[{\"@type\":\"ReadAction\",\"target\":[\"https:\/\/cosmetic.lv\/lv\/product\/auskari-naturals-akmens-ametists-un-roza-kvarcs\/\"]}]},{\"@type\":\"ImageObject\",\"inLanguage\":\"lv-LV\",\"@id\":\"https:\/\/cosmetic.lv\/lv\/product\/auskari-naturals-akmens-ametists-un-roza-kvarcs\/#primaryimage\",\"url\":\"https:\/\/cosmetic.lv\/wp-content\/uploads\/2021\/02\/20200110_1356291.jpg\",\"contentUrl\":\"https:\/\/cosmetic.lv\/wp-content\/uploads\/2021\/02\/20200110_1356291.jpg\",\"width\":800,\"height\":389,\"caption\":\"20200110_135629[1].jpg\"},{\"@type\":\"BreadcrumbList\",\"@id\":\"https:\/\/cosmetic.lv\/lv\/product\/auskari-naturals-akmens-ametists-un-roza-kvarcs\/#breadcrumb\",\"itemListElement\":[{\"@type\":\"ListItem\",\"position\":1,\"name\":\"Home\",\"item\":\"https:\/\/cosmetic.lv\/lv\/\"},{\"@type\":\"ListItem\",\"position\":2,\"name\":\"Veikals\",\"item\":\"https:\/\/cosmetic.lv\/lv\/veiklas\/\"},{\"@type\":\"ListItem\",\"position\":3,\"name\":\"Auskari natur\u0101ls akmens ametists un roz\u0101 kvarcs\"}]},{\"@type\":\"WebSite\",\"@id\":\"https:\/\/cosmetic.lv\/lv\/#website\",\"url\":\"https:\/\/cosmetic.lv\/lv\/\",\"name\":\"cosmetic.lv\",\"description\":\"Profesion\u0101la kosm\u0113tika - Maria Galland, Keune, Arkadija, GMT, Guam, Magiray\",\"publisher\":{\"@id\":\"https:\/\/cosmetic.lv\/lv\/#organization\"},\"potentialAction\":[{\"@type\":\"SearchAction\",\"target\":{\"@type\":\"EntryPoint\",\"urlTemplate\":\"https:\/\/cosmetic.lv\/lv\/?s={search_term_string}\"},\"query-input\":{\"@type\":\"PropertyValueSpecification\",\"valueRequired\":true,\"valueName\":\"search_term_string\"}}],\"inLanguage\":\"lv-LV\"},{\"@type\":\"Organization\",\"@id\":\"https:\/\/cosmetic.lv\/lv\/#organization\",\"name\":\"COSMETIC.LV\",\"url\":\"https:\/\/cosmetic.lv\/lv\/\",\"logo\":{\"@type\":\"ImageObject\",\"inLanguage\":\"lv-LV\",\"@id\":\"https:\/\/cosmetic.lv\/lv\/#\/schema\/logo\/image\/\",\"url\":\"https:\/\/cosmetic.lv\/wp-content\/uploads\/2021\/02\/cosmetic.lv_logo.jpg\",\"contentUrl\":\"https:\/\/cosmetic.lv\/wp-content\/uploads\/2021\/02\/cosmetic.lv_logo.jpg\",\"width\":596,\"height\":196,\"caption\":\"COSMETIC.LV\"},\"image\":{\"@id\":\"https:\/\/cosmetic.lv\/lv\/#\/schema\/logo\/image\/\"},\"sameAs\":[\"https:\/\/www.facebook.com\/cosmetic.lv\/\"]}]}<\/script>\n<meta property=\"product:price:amount\" content=\"15.02\" \/>\n<meta property=\"product:price:currency\" content=\"EUR\" \/>\n<meta property=\"og:availability\" content=\"out of stock\" \/>\n<meta property=\"product:availability\" content=\"out of stock\" \/>\n<meta property=\"product:retailer_item_id\" content=\"rozamiks\" \/>\n<meta property=\"product:condition\" content=\"new\" \/>\n<!-- \/ Yoast SEO Premium plugin. -->","yoast_head_json":{"title":"Auskari natur\u0101ls akmens ametists un roz\u0101 kvarcs - cosmetic.lv","robots":{"index":"index","follow":"follow","max-snippet":"max-snippet:-1","max-image-preview":"max-image-preview:large","max-video-preview":"max-video-preview:-1"},"canonical":"https:\/\/cosmetic.lv\/lv\/product\/auskari-naturals-akmens-ametists-un-roza-kvarcs\/","og_locale":"lv_LV","og_type":"article","og_title":"Auskari natur\u0101ls akmens ametists un roz\u0101 kvarcs","og_description":"\u0160is akmens simboliz\u0113 m\u012blest\u012bbu. To n\u0113s\u0101, lai piesaist\u012btu m\u012blest\u012bbu, to d\u0101vina, lai demonstr\u0113tu savu m\u012blest\u012bbu un atzin\u012bbu. Dziedniec\u012bb\u0101 \u0161is akmens","og_url":"https:\/\/cosmetic.lv\/lv\/product\/auskari-naturals-akmens-ametists-un-roza-kvarcs\/","og_site_name":"cosmetic.lv","article_publisher":"https:\/\/www.facebook.com\/cosmetic.lv\/","article_modified_time":"2021-02-06T17:59:25+00:00","og_image":[{"width":800,"height":389,"url":"https:\/\/cosmetic.lv\/wp-content\/uploads\/2021\/02\/20200110_1356291.jpg","type":"image\/jpeg"}],"twitter_card":"summary_large_image","schema":{"@context":"https:\/\/schema.org","@graph":[{"@type":"WebPage","@id":"https:\/\/cosmetic.lv\/lv\/product\/auskari-naturals-akmens-ametists-un-roza-kvarcs\/","url":"https:\/\/cosmetic.lv\/lv\/product\/auskari-naturals-akmens-ametists-un-roza-kvarcs\/","name":"Auskari natur\u0101ls akmens ametists un roz\u0101 kvarcs - cosmetic.lv","isPartOf":{"@id":"https:\/\/cosmetic.lv\/lv\/#website"},"primaryImageOfPage":{"@id":"https:\/\/cosmetic.lv\/lv\/product\/auskari-naturals-akmens-ametists-un-roza-kvarcs\/#primaryimage"},"image":{"@id":"https:\/\/cosmetic.lv\/lv\/product\/auskari-naturals-akmens-ametists-un-roza-kvarcs\/#primaryimage"},"thumbnailUrl":"https:\/\/cosmetic.lv\/wp-content\/uploads\/2021\/02\/20200110_1356291.jpg","datePublished":"2021-02-06T17:59:19+00:00","dateModified":"2021-02-06T17:59:25+00:00","breadcrumb":{"@id":"https:\/\/cosmetic.lv\/lv\/product\/auskari-naturals-akmens-ametists-un-roza-kvarcs\/#breadcrumb"},"inLanguage":"lv-LV","potentialAction":[{"@type":"ReadAction","target":["https:\/\/cosmetic.lv\/lv\/product\/auskari-naturals-akmens-ametists-un-roza-kvarcs\/"]}]},{"@type":"ImageObject","inLanguage":"lv-LV","@id":"https:\/\/cosmetic.lv\/lv\/product\/auskari-naturals-akmens-ametists-un-roza-kvarcs\/#primaryimage","url":"https:\/\/cosmetic.lv\/wp-content\/uploads\/2021\/02\/20200110_1356291.jpg","contentUrl":"https:\/\/cosmetic.lv\/wp-content\/uploads\/2021\/02\/20200110_1356291.jpg","width":800,"height":389,"caption":"20200110_135629[1].jpg"},{"@type":"BreadcrumbList","@id":"https:\/\/cosmetic.lv\/lv\/product\/auskari-naturals-akmens-ametists-un-roza-kvarcs\/#breadcrumb","itemListElement":[{"@type":"ListItem","position":1,"name":"Home","item":"https:\/\/cosmetic.lv\/lv\/"},{"@type":"ListItem","position":2,"name":"Veikals","item":"https:\/\/cosmetic.lv\/lv\/veiklas\/"},{"@type":"ListItem","position":3,"name":"Auskari natur\u0101ls akmens ametists un roz\u0101 kvarcs"}]},{"@type":"WebSite","@id":"https:\/\/cosmetic.lv\/lv\/#website","url":"https:\/\/cosmetic.lv\/lv\/","name":"cosmetic.lv","description":"Profesion\u0101la kosm\u0113tika - Maria Galland, Keune, Arkadija, GMT, Guam, Magiray","publisher":{"@id":"https:\/\/cosmetic.lv\/lv\/#organization"},"potentialAction":[{"@type":"SearchAction","target":{"@type":"EntryPoint","urlTemplate":"https:\/\/cosmetic.lv\/lv\/?s={search_term_string}"},"query-input":{"@type":"PropertyValueSpecification","valueRequired":true,"valueName":"search_term_string"}}],"inLanguage":"lv-LV"},{"@type":"Organization","@id":"https:\/\/cosmetic.lv\/lv\/#organization","name":"COSMETIC.LV","url":"https:\/\/cosmetic.lv\/lv\/","logo":{"@type":"ImageObject","inLanguage":"lv-LV","@id":"https:\/\/cosmetic.lv\/lv\/#\/schema\/logo\/image\/","url":"https:\/\/cosmetic.lv\/wp-content\/uploads\/2021\/02\/cosmetic.lv_logo.jpg","contentUrl":"https:\/\/cosmetic.lv\/wp-content\/uploads\/2021\/02\/cosmetic.lv_logo.jpg","width":596,"height":196,"caption":"COSMETIC.LV"},"image":{"@id":"https:\/\/cosmetic.lv\/lv\/#\/schema\/logo\/image\/"},"sameAs":["https:\/\/www.facebook.com\/cosmetic.lv\/"]}]},"product_price_amount":"15.02","product_price_currency":"EUR","og_availability":"out of stock","product_availability":"out of stock","product_retailer_item_id":"rozamiks","product_condition":"new"},"_links":{"self":[{"href":"https:\/\/cosmetic.lv\/lv\/wp-json\/wp\/v2\/product\/34929","targetHints":{"allow":["GET"]}}],"collection":[{"href":"https:\/\/cosmetic.lv\/lv\/wp-json\/wp\/v2\/product"}],"about":[{"href":"https:\/\/cosmetic.lv\/lv\/wp-json\/wp\/v2\/types\/product"}],"wp:featuredmedia":[{"embeddable":true,"href":"https:\/\/cosmetic.lv\/lv\/wp-json\/wp\/v2\/media\/11439"}],"wp:attachment":[{"href":"https:\/\/cosmetic.lv\/lv\/wp-json\/wp\/v2\/media?parent=34929"}],"wp:term":[{"taxonomy":"product_brand","embeddable":true,"href":"https:\/\/cosmetic.lv\/lv\/wp-json\/wp\/v2\/product_brand?post=34929"},{"taxonomy":"product_cat","embeddable":true,"href":"https:\/\/cosmetic.lv\/lv\/wp-json\/wp\/v2\/product_cat?post=34929"},{"taxonomy":"product_tag","embeddable":true,"href":"https:\/\/cosmetic.lv\/lv\/wp-json\/wp\/v2\/product_tag?post=34929"}],"curies":[{"name":"wp","href":"https:\/\/api.w.org\/{rel}","templated":true}]}}