{"id":34930,"date":"2021-02-05T22:46:07","date_gmt":"2021-02-06T17:59:26","guid":{"rendered":"https:\/\/damme.lv\/product\/auskari-naturals-akmens-rodonits\/"},"modified":"2021-02-06T19:59:26","modified_gmt":"2021-02-06T17:59:26","slug":"auskari-naturals-akmens-rodonits","status":"publish","type":"product","link":"https:\/\/cosmetic.lv\/lv\/product\/auskari-naturals-akmens-rodonits\/","title":{"rendered":"Auskari natur\u0101ls akmens rodon\u012bts"},"content":{"rendered":"<p>L\u012bdzj\u016bt\u012bbas akmens un emocion\u0101lais balans\u0113t\u0101js, kas pal\u012bdz att\u012br\u012bt no pag\u0101tnes emocion\u0101laj\u0101m br\u016bc\u0113m un r\u0113t\u0101m (dzied\u0113 gan fizisk\u0101s, gan emocion\u0101l\u0101s r\u0113tas). Stimul\u0113, att\u012bra un aktiviz\u0113 sirdi. Iezem\u0113 ener\u0123iju. Dzied\u0113 emocion\u0101lo \u0161oku un paniku. Att\u012bra psihiskos centrus, str\u0101d\u0101jot ar pacientiem, dziedniekus pasarg\u0101 no negat\u012bvaj\u0101m ener\u0123ij\u0101m. Uzlabo pa\u0161saj\u016btu un nodro\u0161ina relaks\u0101ciju. Pal\u012bdz atkl\u0101t iek\u0161\u0113j\u0101s d\u0101vanas. Mazina nemieru un ba\u017eas. Pal\u012bdz kaulu aug\u0161anai un dzirdes org\u0101niem, nervu sist\u0113mai, vairogdziedzerim. Dzied\u0113 emfiz\u0113mu, autoim\u016bn\u0101s slim\u012bbas, ku\u0146\u0123a \u010d\u016blas, plau\u0161u, kakla un \u0101das slim\u012bbas. Mazina stresu, nakts murgus, loc\u012btavu iekaisumu un artr\u012btu, pa\u0101trina r\u0113tu sadz\u012b\u0161anu. Uzlabo atmi\u0146u, sirds darb\u012bbu, veicina org\u0101nu, \u012bpa\u0161i aknu, detoksifik\u0101ciju, stimul\u0113 vielmai\u0146u. Sekm\u0113 sk\u0101bek\u013ca pl\u016bsmu plau\u0161\u0101s un aizsarg\u0101 bronhus, atvieglo krampju izrais\u012btas s\u0101pes. Normaliz\u0113 iek\u0161\u0113j\u0101s sekr\u0113cijas dziedzeru darb\u012bbu.<\/p>\n<p>Literat\u016br\u0101, kas velt\u012bta austrumu tautas medic\u012bnai, var sastapt l\u012bdzek\u013ci c\u012b\u0146ai ar onkolo\u0123isk\u0101m slim\u012bb\u0101m, kura sast\u0101v\u0101 ietilpst rodon\u012bts. Litoterapeiti uzskata, ka \u0161o miner\u0101li var izmantot acu saslim\u0161anas profilaksei. \u0160im m\u0113r\u0137im rekomend\u0113 novietot gludus akme\u0146us acu zon\u0101. Past\u0101v uzskats, ka rodon\u012bts labv\u0113l\u012bgi iespaido nervu sist\u0113mu, atbr\u012bvo no bezmiega un nakts \u0161ausm\u0101m k\u0101 ar\u012b uzlabo aknu darb\u012bbu.<\/p>\n<p>Rodon\u012bts ir il\u016bziju akmens. Austrumu valst\u012bs un Indij\u0101 to uzskata par dievu akmeni, kas modina m\u012blest\u012bbu un talantu. Skait\u0101s, ka tas var atmodin\u0101t dz\u012bvi izmisu\u0161aj\u0101 cilv\u0113k\u0101, dot vi\u0146am cer\u012bbu un nost\u0101d\u012bt uz pareiz\u0101 ce\u013ca. M\u016bsdienu praktiz\u0113jo\u0161ie magi izmanto rodon\u012bta bumbi\u0146as medit\u0101cijai. Da\u017e\u0101s Eiropas valst\u012bs tic, ka rodon\u012bts ir sp\u0113j\u012bgs pamodin\u0101t cilv\u0113k\u0101 apsl\u0113ptos talantus, att\u012bst\u012bt tos un atnest t\u0101 saimniekam popularit\u0101ti un atzin\u012bbu. Rodon\u012bts ir maigi roz\u0101 kr\u0101sas miner\u0101ls, kas atmodina cilv\u0113k\u0101 apsl\u0113ptos talantus, att\u012bsta m\u012blest\u012bbu uz m\u0101kslu, uz visa izsmalcin\u0101to un br\u012bni\u0161\u0137\u012bgo. Rodon\u012bts ir l\u012bdzciet\u012bbas un \u017e\u0113lsird\u012bbas akmens. Tas vairo cer\u012bbu un prieku. Ar t\u0101 pal\u012bdz\u012bbu non\u0101k pie atzi\u0146as, ka nedr\u012bkst redz\u0113t dz\u012bv\u0113 tikai slikto, ir j\u0101atrod vis\u0101 gai\u0161\u0101s, lab\u0101s puses un j\u0101piepilda sirdi ar prieku, kas j\u0101d\u0101vina apk\u0101rt\u0113jiem. Rodon\u012btu sauc par Krievijas akmeni. Rodon\u012bts ar vissjaud\u012bg\u0101ko ener\u0123\u0113tiku ir atrodams Ur\u0101lu kalnos. Tas pal\u012bdz rado\u0161o sp\u0113ju att\u012bst\u012bb\u0101 \u012bpa\u0161i glezniec\u012bb\u0101. Rodon\u012bts m\u0101ca m\u012bl\u0113t un priec\u0101ties par dz\u012bvi un pie\u0146emt likteni t\u0101du, k\u0101ds tas ir. Akmens satur Ven\u0113ras ener\u0123iju, melnas sv\u012btras liecina par Saturna ener\u0123ijas esam\u012bbu. Ven\u0113ra m\u012bkstina Saturna ierb\u012bbu, bet Saturns pie\u0161\u0137ir Ven\u0113rai sist\u0113m\u0101tiskumu un kart\u012bbu. T\u0101 iearb\u012bba ir m\u012bksta. Rodon\u012bts sarg\u0101 tos, kas dzimu\u0161i Svaru un Dv\u012b\u0146u z\u012bm\u0113s. Svaru z\u012bm\u0113 dzimu\u0161ajiem tas pie\u0161\u0137ir sp\u0113kus un pa\u0161p\u0101rliecin\u0101t\u012bbu. Dv\u012b\u0146iem pal\u012bdz att\u012bst\u012bt intu\u012bciju, atmi\u0146u, k\u0101 ar\u012b centienus jaunu zin\u0101\u0161anu un prasmju apguvei. <\/p>\n<p>Piedo\u0161ana, Izaugsme(Gar\u012bgie mekl\u0113jumi),M\u012blest\u012bba, Paciet\u012bba. Kr\u0101sas, kur\u0101s sastopamas: S\u0101rta vai roz\u012bga, ar melniem\/br\u016bniem l\u0101sumiem.<\/p>\n<p>Rodon\u012bta ener\u0123ija dod sp\u0113ku cilv\u0113kam, sekot savas intu\u012bcijas, Dv\u0113seles sp\u0113kam, iem\u0101cot atrast atbildes uz tiem jaut\u0101jumiem, kuri ir bijusi apsl\u0113pti. T\u0101 daba ir par\u0101d\u012bt apsl\u0113pto paties\u0101 gaism\u0101. \u0160is akmens sniedz iesp\u0113ju dab\u012bgi apliecin\u0101t savu tic\u012bbu sev \u2013 par\u0101dot, ka uzticoties Dv\u0113seles impulsiem, m\u0113s vienm\u0113r atrodam piem\u0113rotas atsl\u0113gas uz sev svar\u012bgo un pat sare\u017e\u0123\u012bto jaut\u0101jumu atrisin\u0101\u0161anu.<\/p>\n<p>Sp\u0113ks, kas ir m\u012blest\u012bb\u0101 un paciet\u012bb\u0101, m\u016bs aizved br\u012bnumainos gar\u012bgos mekl\u0113jumos, kas veicina m\u016bsu person\u012bbas izaugsmi. \u0160is akmens pal\u012bdz medit\u0101cij\u0101s, cit\u0101s gar\u012bg\u0101s praks\u0113s izveidot kontaktu ar savu Dv\u0113seles avotu, dziedinot un atverot sirds \u010dakru. L\u012bdzsvaro caur m\u012blest\u012bbas pl\u016bsmu sievi\u0161\u0137o un v\u012bri\u0161\u0137o ener\u0123iju, sniedzot miera, l\u012bdzsvaru, tic\u012bbu sev, ka ar\u012b dziedina seksu\u0101lo ener\u0123iju pl\u016bsmu. Sp\u0113c\u012bgs akmens, kas pal\u012bdz apzin\u0101ties savu sp\u0113ku, aizsarg\u0101 un stiprina izv\u0113l\u0113t\u0101 ce\u013c\u0101. T\u0101 galvenais uzdevums ir rad\u012bt lauku, kur\u0101 j\u016bs sp\u0113jat atjaunot savu l\u012bdzsvaru, gan fizisko, gan emocion\u0101lo l\u012bdzsvaru.<\/p>\n<p>Fizisk\u0101 l\u012bmen\u012b dziedinot kaulu sist\u0113mu un visu kas saist\u0101s ar kaulu atjauno\u0161anos, skeleta kust\u012bb\u0101m utt. Stiprina imunit\u0101ti, mazina iekaisuma procesus, att\u012bra \u0101du un sp\u0113ju uz\u0146emt vajadz\u012bg\u0101s vielas organism\u0101, l\u012bdzsvarojot hormon\u0101lo darb\u012bbu \u2013 reprodukt\u012bvaj\u0101 sist\u0113m\u0101.<\/p>\n<p>Emocion\u0101l\u0101 l\u012bmen\u012b dod iesp\u0113ju apzin\u0101ties, kas un kam ir j\u0101piedod, lai turpin\u0101tu savu dz\u012bvi un izaugsmi \u0101rpus cie\u0161an\u0101m. Vairo emocion\u0101lo kvalit\u0101\u0161u izpratni un veicina t\u0101s izpausties ikdienas dz\u012bv\u0113, t\u0101 par\u0101dot cik \u013coti m\u0113s esam saist\u012bti ar visu dz\u012bvo, m\u0101ti zemi un t\u0101s valst\u012bb\u0101m, par\u0101dot Zemes m\u012blest\u012bbas pl\u016bsmas un iesp\u0113jas. \u0160is akmens ir viens no tiem, kas kaut ari m\u012blest\u012bbas pild\u012bts, ir sp\u0113c\u012bgs instruments lai sazem\u0113tos uz zemes, tas dod emocion\u0101lu notur\u012bbu, stiprina un atbr\u012bvo no stresa, bail\u0113m, trauksmain\u012bbas. Savieno ar iek\u0161\u0113jo sp\u0113ku un veicina m\u0101tes zemes dziedino\u0161o ener\u0123iju meistar\u012bgu ielai\u0161anu tagadn\u0113. <\/p>\n<p>Skaistais akmens rodon\u012bts, kas saist\u0101s ar\u012b ar t\u0101lo Austrumu v\u0113sturi, tas bija viens no dziedniec\u012bbas akme\u0146iem, kur\u0161 tika iek\u013cauts v\u0113\u017ea saslim\u0161anu profilaktiskajos l\u012bdzek\u013cos- tas tika berzts pulver\u012b un pievienots citiem dabas l\u012bdzek\u013ciem. Parasti cilv\u0113ki b\u012bst\u0101s, saskaroties ar \u0161o akmeni- ka ja reiz to iesaka litoterapeits, vai ir j\u0101s\u0101k b\u012bties no onkolo\u0123ijas &#8211; piln\u012bgi un noteikti n\u0113. Taj\u0101 protams ir atbilsto\u0161as vibr\u0101cijas, kuras nepat\u012bk v\u0113\u017ea \u0161\u016bnai un b\u016bt\u012bb\u0101 izn\u0101k, ka \u0161is akmens ar sav\u0101m vibr\u0101cij\u0101m, at\u0146em v\u0113\u017ea \u0161\u016bnai dz\u012bv\u012bbas ener\u0123iju un t\u0101s pal\u0113n\u0101m tiek izvad\u012btas no organisma, toks\u012bnu veid\u0101! Bet \u0161is akmens ir ar\u012b lielisks acu slim\u012bbu \u0101rst\u0113\u0161anas l\u012bdzeklis, nervu sist\u0113mas nomierino\u0161s un ar\u012b sp\u0113j uztur\u0113t akn\u0101 notieko\u0161os procesus lab\u0101 st\u0101vokl\u012b! K\u0101 jau p\u0113c augst\u0101k rakst\u012bt\u0101 var viegli saprast, \u0161is akmens ir sava veida atind\u0113t\u0101js, kas pastiprin\u0101s organism\u0101 toksisko vielu p\u0101rstr\u0101di &#8211; kas nav saist\u012bta tikai ar onkolo\u0123iju, \u0161\u012b slava akmenim ir pie\u0161\u0137irta velti, jo tas sp\u0113j daudz vair\u0101k! \u0160is akmens p\u0113c sav\u0101m ener\u0123\u0113tisk\u0101m \u012bpa\u0161\u012bb\u0101m ir tie\u0161i saist\u012bts ar dz\u012bv\u012bbas ener\u0123iju un jaun\u012bbu! Tas sp\u0113j pamodin\u0101t cilv\u0113k\u0101 dz\u012bvot gribu un b\u016bt jaunekl\u012bgi akt\u012bvam! Der \u0146emt v\u0113r\u0101, ka \u0161is akmens, \u013coti piesaist\u0101s savam saimniekam, un to nevar nevienam atd\u0101vin\u0101t &#8211; tikai savas dzimtas ietvaros, atst\u0101jot to saviem p\u0113cte\u010diem, kuri ener\u0123\u0113tiski akmeni b\u016bs paz\u012bstami! Ar \u0161o akmeni ir j\u0101m\u0101k str\u0101d\u0101t, un ar to ir j\u0101b\u016bt izteikti draudz\u012bgam &#8211; te ar\u012b ir galvenais iemesls akmens aktiviz\u0101cijai &#8211; sadraudz\u0113\u0161an\u0101s! <\/p>\n<p>M\u012blest\u012bbas (pla\u0161\u0101k\u0101) noz\u012bm\u0113 akmens \u2013 m\u012blest\u012bbas, k\u0101 r\u016bp\u0113m par cilv\u0113ci un gar\u012bgo bag\u0101t\u012bbu. Rosina piedot un aizmirst pag\u0101tn\u0113 g\u016bt\u0101s p\u0101rest\u012bbas. Pastiprina dz\u012bvesprieku, l\u012bdzsvaro raksturu, sniedz harmoniju un mieru, raisa l\u012bdzciet\u012bbu, ce\u013c pa\u0161apzi\u0146u, tic\u012bbu sev, veicina pa\u0161savald\u012b\u0161anos,atbr\u012bvo no dv\u0113seles s\u0101p\u0113m,sakr\u0101ju\u0161\u0101s niknuma un dusm\u0101m. No\u0146em \u0161oka st\u0101vok\u013cus, un pal\u012bdz pie bail\u0113m,panikas j\u016bt\u0101m un visiem neparastiem st\u0101vok\u013ciem. Pal\u012bdz m\u012bl\u0113t dz\u012bvi, sevi, m\u0101kslu, visu skaisto un izsmalcin\u0101to. Sak\u0101rto haotiskas situ\u0101cijas, dod emocion\u0101lu atbalstu, nomierina trauksmes saj\u016btu, dod pr\u0101tam skaidr\u012bbu, lai pareizi var\u0113tu nov\u0113rt\u0113t to, kas notiek. Pal\u012bdz sakoncentr\u0113t gar\u012bgos sp\u0113kus gr\u016bt\u0101s dz\u012bves situ\u0101cij\u0101s.<\/p>\n<p>\u0100rst\u0113 acu slim\u012bbas (vislab\u0101k liekot akme\u0146u pl\u0101ksn\u012btes tie\u0161i uz ac\u012bm vai blakus t\u0101m). Dziedina aknas, vairogdziedzeri, aizku\u0146\u0123a dziedzeri, neirozes. Nostiprina im\u016bnsist\u0113mu, nostiprina atmi\u0146u, no\u0146em stresu un galvass\u0101pes, pal\u012bdz pie neiroz\u0113m. Nov\u0113r\u0161 saslim\u0161anu ar onkolo\u0123isk\u0101m un aknu slim\u012bb\u0101m. Stiprina sirds \u010dakru, dzimumsp\u0113ju un seksu\u0101lo aktivit\u0101ti, atvieglo dzemd\u012bbas. Stimul\u0113 imunit\u0101ti, pal\u012bdz katram atv\u0113rt sl\u0113pt\u0101s potenci\u0101l\u0101s iesp\u0113jas un talantus, dod izrauties rado\u0161umam.<\/p>\n<p>Ja to ieliek b\u0113rnam \u0161\u016bpuli, tad ar laiku tas k\u013c\u016bs vesel\u012bgs, stiprs, lepns un drosm\u012bgs. <\/p>\n<p>L\u012bdzciet\u012bbas un \u017e\u0113lsird\u012bbas akmens, il\u016bziju akmens. Austrumu valst\u012bs un Indij\u0101 to uzskata par dievu akmeni, kas modina m\u012blest\u012bbu un talantu. M\u016bsdien\u0101s praktiz\u0113jo\u0161ie magi rodon\u012bta bumbi\u0146as izmanto medit\u0101cijai.<\/p>\n<p>Rodon\u012bts ir sp\u0113j\u012bgs atmodin\u0101t cilv\u0113k\u0101 apsl\u0113ptos talantus, att\u012bst\u012bt tos uz m\u012blest\u012bbu uz m\u0101kslu un atnest t\u0101 saimniekam popularit\u0101ti un atzin\u012bbu, \u012bpa\u0161i pal\u012bdz glezniec\u012bb\u0101. Dod cer\u012bbu un pal\u012bdz nost\u0101ties uz pareiz\u0101 ce\u013ca. M\u0101ca m\u012bl\u0113t un priec\u0101ties par dz\u012bvi un pie\u0146emt likteni t\u0101du, k\u0101ds tas ir.<\/p>\n<p>Rodon\u012bts uzlabot redzi un pal\u012bdz onkolo\u0123isko un aknu saslim\u0161anas gad\u012bjumos.<\/p>\n<p>Visvair\u0101k rodon\u012bts sarg\u0101 Svaru un Dv\u012b\u0146u z\u012bm\u0113s dzimu\u0161os. Svaru z\u012bm\u0113 dzimu\u0161ajiem tas pie\u0161\u0137ir sp\u0113ku un pa\u0161p\u0101rliecin\u0101t\u012bbu. Dv\u012b\u0146iem pal\u012bdz att\u012bst\u012bt intu\u012bciju, atmi\u0146u, k\u0101 ar\u012b centienus jaunu zin\u0101\u0161anu un prasmju apguvei.<\/p>\n<p>Rodon\u012btu sauc par Krievijas akmeni. Rodon\u012bts ar vissjaud\u012bg\u0101ko ener\u0123\u0113tiku ir atrodams Ur\u0101lu kalnos. Tas pal\u012bdz rado\u0161o sp\u0113ju att\u012bst\u012bb\u0101 \u012bpa\u0161i glezniec\u012bb\u0101. Rodon\u012bts m\u0101ca m\u012bl\u0113t un priec\u0101ties par dz\u012bvi un pie\u0146emt likteni t\u0101du, k\u0101ds tas ir. <\/p>\n<p>    Rosina dz\u012bvi uztvert k\u0101 sp\u0113li un rado\u0161i tan\u012b izpausties<br \/>\n    Dod pla\u0161\u0101ku izpratni par t\u0113mu &quot;m\u012blest\u012bba&quot;, kur\u0101 ietilpst r\u016bpes par cilv\u0113ci kopum\u0101<br \/>\n    Atmodina apsl\u0113ptus talantus, atver un att\u012bsta m\u016bsos eso\u0161o potenci\u0101lu uz rado\u0161umu un m\u0101kslu<br \/>\n    L\u012bdzsvaro raksturu, ce\u013c pa\u0161apzi\u0146u un tic\u012bbu sev<br \/>\n    Emocion\u0101l\u0101 balansa akmens, kas dzied\u0113 br\u016bces (gan fiziskas, gan emocion\u0101las)<br \/>\n    Uzlabo pa\u0161saj\u016btu un veicina relaks\u0101ciju<br \/>\n    Novietojot uz sirds \u010dakras tas aktiviz\u0113, att\u012bra un stimul\u0113 to<br \/>\n    Var lietot pie pie iepriek\u0161\u0113jos iemiesojumos g\u016bto &quot;r\u0113tu&quot;dziedin\u0101\u0161anas, \u012bpa\u0161i ja esat k\u0101dreiz nodots vai pamests smag\u0101s situ\u0101cij\u0101s<\/p>\n<p>Roz\u0101 un meln\u0101 apvienujums rodon\u012bt\u0101 nor\u0101da uz t\u0101 sp\u0113ju m\u012blest\u012bbas ener\u0123iju ienest Zemes bl\u012bvajos sl\u0101\u0146os un to tur integr\u0113t<\/p>\n<p>\u0100rstniecisk\u0101s \u012bpa\u0161\u012bbas<\/p>\n<p>    Nostiprina atmi\u0146u<br \/>\n    Mazina loc\u012btavu iekaismu un artr\u012btu<br \/>\n    Nov\u0113r\u0161 saslim\u0161anu ar onkolo\u0123iskaj\u0101m slim\u012bb\u0101m<br \/>\n    Uzlabo aknu un aiku\u0146\u0123a dziedzera darb\u012bbu<br \/>\n    Normaliz\u0113 iek\u0161\u0113j\u0101s sekr\u0113cijas dziedzeru darb\u012bbu<br \/>\n    Stimul\u0113 vielmai\u0146u un veicina \u0137erme\u0146a detoksik\u0101ciju<br \/>\ngarums 41 mm<\/p>\n","protected":false},"excerpt":{"rendered":"<p>L\u012bdzj\u016bt\u012bbas akmens un emocion\u0101lais balans\u0113t\u0101js, kas pal\u012bdz att\u012br\u012bt no pag\u0101tnes emocion\u0101laj\u0101m br\u016bc\u0113m un r\u0113t\u0101m (dzied\u0113 gan fizisk\u0101s, gan emocion\u0101l\u0101s r\u0113tas).<\/p>\n","protected":false},"featured_media":11442,"template":"","meta":[],"product_brand":[],"product_cat":[2293,2297],"product_tag":[],"class_list":{"0":"post-34930","1":"product","2":"type-product","3":"status-publish","4":"has-post-thumbnail","6":"product_cat-dabiskie-akmeni-rokasspradzess-auskari-gredzeni-lv","7":"product_cat-auskari-lv-lv-3","9":"first","10":"outofstock","11":"taxable","12":"shipping-taxable","13":"purchasable","14":"product-type-simple"},"yoast_head":"<!-- This site is optimized with the Yoast SEO Premium plugin v27.0 (Yoast SEO v27.0) - https:\/\/yoast.com\/product\/yoast-seo-premium-wordpress\/ -->\n<title>Auskari natur\u0101ls akmens rodon\u012bts - cosmetic.lv<\/title>\n<meta name=\"robots\" content=\"index, follow, max-snippet:-1, max-image-preview:large, max-video-preview:-1\" \/>\n<link rel=\"canonical\" href=\"https:\/\/cosmetic.lv\/lv\/product\/auskari-naturals-akmens-rodonits\/\" \/>\n<meta property=\"og:locale\" content=\"lv_LV\" \/>\n<meta property=\"og:type\" content=\"article\" \/>\n<meta property=\"og:title\" content=\"Auskari natur\u0101ls akmens rodon\u012bts\" \/>\n<meta property=\"og:description\" content=\"L\u012bdzj\u016bt\u012bbas akmens un emocion\u0101lais balans\u0113t\u0101js, kas pal\u012bdz att\u012br\u012bt no pag\u0101tnes emocion\u0101laj\u0101m br\u016bc\u0113m un r\u0113t\u0101m (dzied\u0113 gan fizisk\u0101s, gan emocion\u0101l\u0101s r\u0113tas).\" \/>\n<meta property=\"og:url\" content=\"https:\/\/cosmetic.lv\/lv\/product\/auskari-naturals-akmens-rodonits\/\" \/>\n<meta property=\"og:site_name\" content=\"cosmetic.lv\" \/>\n<meta property=\"article:publisher\" content=\"https:\/\/www.facebook.com\/cosmetic.lv\/\" \/>\n<meta property=\"og:image\" content=\"https:\/\/cosmetic.lv\/wp-content\/uploads\/2021\/02\/20200110_1357531.jpg\" \/>\n\t<meta property=\"og:image:width\" content=\"800\" \/>\n\t<meta property=\"og:image:height\" content=\"389\" \/>\n\t<meta property=\"og:image:type\" content=\"image\/jpeg\" \/>\n<meta name=\"twitter:card\" content=\"summary_large_image\" \/>\n<script type=\"application\/ld+json\" class=\"yoast-schema-graph\">{\"@context\":\"https:\/\/schema.org\",\"@graph\":[{\"@type\":\"WebPage\",\"@id\":\"https:\/\/cosmetic.lv\/lv\/product\/auskari-naturals-akmens-rodonits\/\",\"url\":\"https:\/\/cosmetic.lv\/lv\/product\/auskari-naturals-akmens-rodonits\/\",\"name\":\"Auskari natur\u0101ls akmens rodon\u012bts - cosmetic.lv\",\"isPartOf\":{\"@id\":\"https:\/\/cosmetic.lv\/lv\/#website\"},\"primaryImageOfPage\":{\"@id\":\"https:\/\/cosmetic.lv\/lv\/product\/auskari-naturals-akmens-rodonits\/#primaryimage\"},\"image\":{\"@id\":\"https:\/\/cosmetic.lv\/lv\/product\/auskari-naturals-akmens-rodonits\/#primaryimage\"},\"thumbnailUrl\":\"https:\/\/cosmetic.lv\/wp-content\/uploads\/2021\/02\/20200110_1357531.jpg\",\"datePublished\":\"2021-02-06T17:59:26+00:00\",\"breadcrumb\":{\"@id\":\"https:\/\/cosmetic.lv\/lv\/product\/auskari-naturals-akmens-rodonits\/#breadcrumb\"},\"inLanguage\":\"lv-LV\",\"potentialAction\":[{\"@type\":\"ReadAction\",\"target\":[\"https:\/\/cosmetic.lv\/lv\/product\/auskari-naturals-akmens-rodonits\/\"]}]},{\"@type\":\"ImageObject\",\"inLanguage\":\"lv-LV\",\"@id\":\"https:\/\/cosmetic.lv\/lv\/product\/auskari-naturals-akmens-rodonits\/#primaryimage\",\"url\":\"https:\/\/cosmetic.lv\/wp-content\/uploads\/2021\/02\/20200110_1357531.jpg\",\"contentUrl\":\"https:\/\/cosmetic.lv\/wp-content\/uploads\/2021\/02\/20200110_1357531.jpg\",\"width\":800,\"height\":389,\"caption\":\"20200110_135753[1].jpg\"},{\"@type\":\"BreadcrumbList\",\"@id\":\"https:\/\/cosmetic.lv\/lv\/product\/auskari-naturals-akmens-rodonits\/#breadcrumb\",\"itemListElement\":[{\"@type\":\"ListItem\",\"position\":1,\"name\":\"Home\",\"item\":\"https:\/\/cosmetic.lv\/lv\/\"},{\"@type\":\"ListItem\",\"position\":2,\"name\":\"Veikals\",\"item\":\"https:\/\/cosmetic.lv\/lv\/veiklas\/\"},{\"@type\":\"ListItem\",\"position\":3,\"name\":\"Auskari natur\u0101ls akmens rodon\u012bts\"}]},{\"@type\":\"WebSite\",\"@id\":\"https:\/\/cosmetic.lv\/lv\/#website\",\"url\":\"https:\/\/cosmetic.lv\/lv\/\",\"name\":\"cosmetic.lv\",\"description\":\"Profesion\u0101la kosm\u0113tika - Maria Galland, Keune, Arkadija, GMT, Guam, Magiray\",\"publisher\":{\"@id\":\"https:\/\/cosmetic.lv\/lv\/#organization\"},\"potentialAction\":[{\"@type\":\"SearchAction\",\"target\":{\"@type\":\"EntryPoint\",\"urlTemplate\":\"https:\/\/cosmetic.lv\/lv\/?s={search_term_string}\"},\"query-input\":{\"@type\":\"PropertyValueSpecification\",\"valueRequired\":true,\"valueName\":\"search_term_string\"}}],\"inLanguage\":\"lv-LV\"},{\"@type\":\"Organization\",\"@id\":\"https:\/\/cosmetic.lv\/lv\/#organization\",\"name\":\"COSMETIC.LV\",\"url\":\"https:\/\/cosmetic.lv\/lv\/\",\"logo\":{\"@type\":\"ImageObject\",\"inLanguage\":\"lv-LV\",\"@id\":\"https:\/\/cosmetic.lv\/lv\/#\/schema\/logo\/image\/\",\"url\":\"https:\/\/cosmetic.lv\/wp-content\/uploads\/2021\/02\/cosmetic.lv_logo.jpg\",\"contentUrl\":\"https:\/\/cosmetic.lv\/wp-content\/uploads\/2021\/02\/cosmetic.lv_logo.jpg\",\"width\":596,\"height\":196,\"caption\":\"COSMETIC.LV\"},\"image\":{\"@id\":\"https:\/\/cosmetic.lv\/lv\/#\/schema\/logo\/image\/\"},\"sameAs\":[\"https:\/\/www.facebook.com\/cosmetic.lv\/\"]}]}<\/script>\n<meta property=\"product:price:amount\" content=\"7.56\" \/>\n<meta property=\"product:price:currency\" content=\"EUR\" \/>\n<meta property=\"og:availability\" content=\"out of stock\" \/>\n<meta property=\"product:availability\" content=\"out of stock\" \/>\n<meta property=\"product:retailer_item_id\" content=\"rodon\" \/>\n<meta property=\"product:condition\" content=\"new\" \/>\n<!-- \/ Yoast SEO Premium plugin. -->","yoast_head_json":{"title":"Auskari natur\u0101ls akmens rodon\u012bts - cosmetic.lv","robots":{"index":"index","follow":"follow","max-snippet":"max-snippet:-1","max-image-preview":"max-image-preview:large","max-video-preview":"max-video-preview:-1"},"canonical":"https:\/\/cosmetic.lv\/lv\/product\/auskari-naturals-akmens-rodonits\/","og_locale":"lv_LV","og_type":"article","og_title":"Auskari natur\u0101ls akmens rodon\u012bts","og_description":"L\u012bdzj\u016bt\u012bbas akmens un emocion\u0101lais balans\u0113t\u0101js, kas pal\u012bdz att\u012br\u012bt no pag\u0101tnes emocion\u0101laj\u0101m br\u016bc\u0113m un r\u0113t\u0101m (dzied\u0113 gan fizisk\u0101s, gan emocion\u0101l\u0101s r\u0113tas).","og_url":"https:\/\/cosmetic.lv\/lv\/product\/auskari-naturals-akmens-rodonits\/","og_site_name":"cosmetic.lv","article_publisher":"https:\/\/www.facebook.com\/cosmetic.lv\/","og_image":[{"width":800,"height":389,"url":"https:\/\/cosmetic.lv\/wp-content\/uploads\/2021\/02\/20200110_1357531.jpg","type":"image\/jpeg"}],"twitter_card":"summary_large_image","schema":{"@context":"https:\/\/schema.org","@graph":[{"@type":"WebPage","@id":"https:\/\/cosmetic.lv\/lv\/product\/auskari-naturals-akmens-rodonits\/","url":"https:\/\/cosmetic.lv\/lv\/product\/auskari-naturals-akmens-rodonits\/","name":"Auskari natur\u0101ls akmens rodon\u012bts - cosmetic.lv","isPartOf":{"@id":"https:\/\/cosmetic.lv\/lv\/#website"},"primaryImageOfPage":{"@id":"https:\/\/cosmetic.lv\/lv\/product\/auskari-naturals-akmens-rodonits\/#primaryimage"},"image":{"@id":"https:\/\/cosmetic.lv\/lv\/product\/auskari-naturals-akmens-rodonits\/#primaryimage"},"thumbnailUrl":"https:\/\/cosmetic.lv\/wp-content\/uploads\/2021\/02\/20200110_1357531.jpg","datePublished":"2021-02-06T17:59:26+00:00","breadcrumb":{"@id":"https:\/\/cosmetic.lv\/lv\/product\/auskari-naturals-akmens-rodonits\/#breadcrumb"},"inLanguage":"lv-LV","potentialAction":[{"@type":"ReadAction","target":["https:\/\/cosmetic.lv\/lv\/product\/auskari-naturals-akmens-rodonits\/"]}]},{"@type":"ImageObject","inLanguage":"lv-LV","@id":"https:\/\/cosmetic.lv\/lv\/product\/auskari-naturals-akmens-rodonits\/#primaryimage","url":"https:\/\/cosmetic.lv\/wp-content\/uploads\/2021\/02\/20200110_1357531.jpg","contentUrl":"https:\/\/cosmetic.lv\/wp-content\/uploads\/2021\/02\/20200110_1357531.jpg","width":800,"height":389,"caption":"20200110_135753[1].jpg"},{"@type":"BreadcrumbList","@id":"https:\/\/cosmetic.lv\/lv\/product\/auskari-naturals-akmens-rodonits\/#breadcrumb","itemListElement":[{"@type":"ListItem","position":1,"name":"Home","item":"https:\/\/cosmetic.lv\/lv\/"},{"@type":"ListItem","position":2,"name":"Veikals","item":"https:\/\/cosmetic.lv\/lv\/veiklas\/"},{"@type":"ListItem","position":3,"name":"Auskari natur\u0101ls akmens rodon\u012bts"}]},{"@type":"WebSite","@id":"https:\/\/cosmetic.lv\/lv\/#website","url":"https:\/\/cosmetic.lv\/lv\/","name":"cosmetic.lv","description":"Profesion\u0101la kosm\u0113tika - Maria Galland, Keune, Arkadija, GMT, Guam, Magiray","publisher":{"@id":"https:\/\/cosmetic.lv\/lv\/#organization"},"potentialAction":[{"@type":"SearchAction","target":{"@type":"EntryPoint","urlTemplate":"https:\/\/cosmetic.lv\/lv\/?s={search_term_string}"},"query-input":{"@type":"PropertyValueSpecification","valueRequired":true,"valueName":"search_term_string"}}],"inLanguage":"lv-LV"},{"@type":"Organization","@id":"https:\/\/cosmetic.lv\/lv\/#organization","name":"COSMETIC.LV","url":"https:\/\/cosmetic.lv\/lv\/","logo":{"@type":"ImageObject","inLanguage":"lv-LV","@id":"https:\/\/cosmetic.lv\/lv\/#\/schema\/logo\/image\/","url":"https:\/\/cosmetic.lv\/wp-content\/uploads\/2021\/02\/cosmetic.lv_logo.jpg","contentUrl":"https:\/\/cosmetic.lv\/wp-content\/uploads\/2021\/02\/cosmetic.lv_logo.jpg","width":596,"height":196,"caption":"COSMETIC.LV"},"image":{"@id":"https:\/\/cosmetic.lv\/lv\/#\/schema\/logo\/image\/"},"sameAs":["https:\/\/www.facebook.com\/cosmetic.lv\/"]}]},"product_price_amount":"7.56","product_price_currency":"EUR","og_availability":"out of stock","product_availability":"out of stock","product_retailer_item_id":"rodon","product_condition":"new"},"_links":{"self":[{"href":"https:\/\/cosmetic.lv\/lv\/wp-json\/wp\/v2\/product\/34930","targetHints":{"allow":["GET"]}}],"collection":[{"href":"https:\/\/cosmetic.lv\/lv\/wp-json\/wp\/v2\/product"}],"about":[{"href":"https:\/\/cosmetic.lv\/lv\/wp-json\/wp\/v2\/types\/product"}],"wp:featuredmedia":[{"embeddable":true,"href":"https:\/\/cosmetic.lv\/lv\/wp-json\/wp\/v2\/media\/11442"}],"wp:attachment":[{"href":"https:\/\/cosmetic.lv\/lv\/wp-json\/wp\/v2\/media?parent=34930"}],"wp:term":[{"taxonomy":"product_brand","embeddable":true,"href":"https:\/\/cosmetic.lv\/lv\/wp-json\/wp\/v2\/product_brand?post=34930"},{"taxonomy":"product_cat","embeddable":true,"href":"https:\/\/cosmetic.lv\/lv\/wp-json\/wp\/v2\/product_cat?post=34930"},{"taxonomy":"product_tag","embeddable":true,"href":"https:\/\/cosmetic.lv\/lv\/wp-json\/wp\/v2\/product_tag?post=34930"}],"curies":[{"name":"wp","href":"https:\/\/api.w.org\/{rel}","templated":true}]}}