{"id":34936,"date":"2021-02-05T22:46:07","date_gmt":"2021-02-06T17:59:26","guid":{"rendered":"https:\/\/damme.lv\/product\/2-gab-no-skandinava-koka-guasa-masieris\/"},"modified":"2021-02-06T22:13:19","modified_gmt":"2021-02-06T20:13:19","slug":"2-gab-no-skandinava-koka-guasa-masieris","status":"publish","type":"product","link":"https:\/\/cosmetic.lv\/lv\/product\/2-gab-no-skandinava-koka-guasa-masieris\/","title":{"rendered":"2 gab no skandin\u0101v\u0101 koka Gua\u0161a masieris"},"content":{"rendered":"<p>&nbsp;<\/p>\n<p>sandal koks izm\u0113rs 16,5cm, 11,5cm &#8220;\u0136\u012bnas skr\u0101pja mas\u0101\u017eas pamat\u0101 ir sen\u0101k\u0101s Austrumu mas\u0101\u017eas tehnikas. Mas\u0101\u017eas nosaukums sast\u0101v no divu \u0137\u012bnie\u0161u hieroglifu kombin\u0101cijas: \u201cGua\u201d, kas tiek tulkots k\u0101 \u201cskr\u0101p\u0113jo\u0161as kust\u012bbas uz vienu pusi\u201d un \u201c\u0160a\u201d \u2013 nor\u0101da uz visu slikto un nepareizo. Mas\u0101\u017eas laik\u0101 viss sliktais tiek izvad\u012bts no cilv\u0113ka organisma caur \u0101das virs\u0113jo sl\u0101ni. &#8221; Mas\u0101\u017ea tiek veikta, izmantojot \u012bpa\u0161us skr\u0101pjus jeb pl\u0101ksn\u012btes. Iedarb\u012bba skar noteiktas refleksog\u0113n\u0101s \u0137erme\u0146a un sejas zonas. Gua\u0161a skr\u0101pju mas\u0101\u017ea ir efekt\u012bvs veids, k\u0101 nov\u0113rst nosprostojumus audos, kas organism\u0101 rodas da\u017e\u0101du trauc\u0113jumu rezult\u0101t\u0101. \u0136\u012bnie\u0161u m\u0101c\u012bba v\u0113sta, ka vairums trauc\u0113jumu rodas \u0101r\u0113ju faktoru &#8211; karstuma, aukstuma, v\u0113ja, mitruma \u2013 ietekm\u0113. T\u0101 k\u0101 tie \u0137ermen\u012b nok\u013c\u016bst galvenok\u0101rt caur \u0101du, visefekt\u012bv\u0101k tos izvad\u012bt b\u016btu tie\u0161i t\u0101pat &#8211; caur \u0101du. Un \u0161o uzdevumu lieliski paveic skr\u0101pja mas\u0101\u017ea. \u201eGua\u0161a\u201d mas\u0101\u017eas tehnika stimul\u0113 organismu izstr\u0101d\u0101t antioksidantus, aktiviz\u0113t pa\u0161a aizsargsp\u0113jas un izvad\u012bt \u0161lakvielas. \u0160o procesu rezult\u0101t\u0101 atbr\u012bvojas ener\u0123ijas pl\u016bsma un organisms ar slim\u012bbu tiek gal\u0101 pa\u0161a sp\u0113kiem. P\u0113c skr\u0101pja izmanto\u0161anas uz \u0101das var par\u0101d\u012bties s\u0101rti ple\u0137i un punkti. T\u0101 k\u0101 konkr\u0113t\u0101s zonas ir reflektori saist\u012btas ar noteiktiem org\u0101niem, iesp\u0113jams viegli noteikt, kur tie\u0161i atrodas ener\u0123ijas p\u0101rr\u0101vumi. Tas savuk\u0101rt \u013cauj \u0137erties pie trauc\u0113to funkciju atjauno\u0161anas. Mas\u0101\u017eai nov\u0113r\u0161ot aizsprostojumu izpausmes, normaliz\u0113jas iek\u0161\u0113jo org\u0101nu darb\u012bba. Mas\u0101\u017eas laik\u0101 klients var izjust durst\u012b\u0161anu un vieglu dedzin\u0101\u0161anu. Probl\u0113mzon\u0101s var par\u0101d\u012bties diskomforts. Iesp\u0113jama pat d\u012bvaina \u010derkst\u0113\u0161ana, kas atg\u0101dina smil\u0161u graudi\u0146u berz\u0113\u0161anos. Tiek uzskat\u012bts, ka \u0161\u012b ska\u0146a liecina, ka caur \u0101du izvad\u0101s toksiskie savienojumi. P\u0113c da\u017eiem seansiem \u0161\u012b saj\u016bta p\u0101riet. \u201eGua\u0161a\u201d mas\u0101\u017ea ir viena no efekt\u012bv\u0101kaj\u0101m organisma detoksik\u0101cijas metod\u0113m. Proced\u016bras laik\u0101 \u0137ermen\u012b s\u0101kas pa\u0161dziedin\u0101\u0161an\u0101s, kas turpin\u0101s ar\u012b p\u0113c seansa. \u201eGua\u0161a\u201d efektivit\u0101ti iesp\u0113jams maksimaliz\u0113t, kombin\u0113jot to ar vakuuma burku mas\u0101\u017eu vai sild\u012b\u0161anu ar v\u012bbot\u0146u cig\u0101riem.<\/p>\n<p>&nbsp;<\/p>\n","protected":false},"excerpt":{"rendered":"<p>&nbsp; sandal koks izm\u0113rs 16,5cm, 11,5cm &#8220;\u0136\u012bnas skr\u0101pja mas\u0101\u017eas pamat\u0101 ir sen\u0101k\u0101s Austrumu mas\u0101\u017eas tehnikas. Mas\u0101\u017eas nosaukums sast\u0101v no divu<\/p>\n","protected":false},"featured_media":11460,"template":"","meta":[],"product_brand":[],"product_cat":[2231,2232],"product_tag":[],"class_list":{"0":"post-34936","1":"product","2":"type-product","3":"status-publish","4":"has-post-thumbnail","6":"product_cat-atveselojosas-preces-lv","7":"product_cat-sejai-galvai-lv","9":"first","10":"outofstock","11":"sale","12":"taxable","13":"shipping-taxable","14":"purchasable","15":"product-type-simple"},"yoast_head":"<!-- This site is optimized with the Yoast SEO Premium plugin v27.0 (Yoast SEO v27.0) - https:\/\/yoast.com\/product\/yoast-seo-premium-wordpress\/ -->\n<title>2 gab no skandin\u0101v\u0101 koka Gua\u0161a masieris - cosmetic.lv<\/title>\n<meta name=\"robots\" content=\"index, follow, max-snippet:-1, max-image-preview:large, max-video-preview:-1\" \/>\n<link rel=\"canonical\" href=\"https:\/\/cosmetic.lv\/lv\/product\/2-gab-no-skandinava-koka-guasa-masieris\/\" \/>\n<meta property=\"og:locale\" content=\"lv_LV\" \/>\n<meta property=\"og:type\" content=\"article\" \/>\n<meta property=\"og:title\" content=\"2 gab no skandin\u0101v\u0101 koka Gua\u0161a masieris\" \/>\n<meta property=\"og:description\" content=\"&nbsp; sandal koks izm\u0113rs 16,5cm, 11,5cm &#8220;\u0136\u012bnas skr\u0101pja mas\u0101\u017eas pamat\u0101 ir sen\u0101k\u0101s Austrumu mas\u0101\u017eas tehnikas. Mas\u0101\u017eas nosaukums sast\u0101v no divu\" \/>\n<meta property=\"og:url\" content=\"https:\/\/cosmetic.lv\/lv\/product\/2-gab-no-skandinava-koka-guasa-masieris\/\" \/>\n<meta property=\"og:site_name\" content=\"cosmetic.lv\" \/>\n<meta property=\"article:publisher\" content=\"https:\/\/www.facebook.com\/cosmetic.lv\/\" \/>\n<meta property=\"article:modified_time\" content=\"2021-02-06T20:13:19+00:00\" \/>\n<meta property=\"og:image\" content=\"https:\/\/cosmetic.lv\/wp-content\/uploads\/2021\/02\/htb1bnz3mnjak1rj999.jpg\" \/>\n\t<meta property=\"og:image:width\" content=\"800\" \/>\n\t<meta property=\"og:image:height\" content=\"800\" \/>\n\t<meta property=\"og:image:type\" content=\"image\/jpeg\" \/>\n<meta name=\"twitter:card\" content=\"summary_large_image\" \/>\n<script type=\"application\/ld+json\" class=\"yoast-schema-graph\">{\"@context\":\"https:\/\/schema.org\",\"@graph\":[{\"@type\":\"WebPage\",\"@id\":\"https:\/\/cosmetic.lv\/lv\/product\/2-gab-no-skandinava-koka-guasa-masieris\/\",\"url\":\"https:\/\/cosmetic.lv\/lv\/product\/2-gab-no-skandinava-koka-guasa-masieris\/\",\"name\":\"2 gab no skandin\u0101v\u0101 koka Gua\u0161a masieris - cosmetic.lv\",\"isPartOf\":{\"@id\":\"https:\/\/cosmetic.lv\/lv\/#website\"},\"primaryImageOfPage\":{\"@id\":\"https:\/\/cosmetic.lv\/lv\/product\/2-gab-no-skandinava-koka-guasa-masieris\/#primaryimage\"},\"image\":{\"@id\":\"https:\/\/cosmetic.lv\/lv\/product\/2-gab-no-skandinava-koka-guasa-masieris\/#primaryimage\"},\"thumbnailUrl\":\"https:\/\/cosmetic.lv\/wp-content\/uploads\/2021\/02\/htb1bnz3mnjak1rj999.jpg\",\"datePublished\":\"2021-02-06T17:59:26+00:00\",\"dateModified\":\"2021-02-06T20:13:19+00:00\",\"breadcrumb\":{\"@id\":\"https:\/\/cosmetic.lv\/lv\/product\/2-gab-no-skandinava-koka-guasa-masieris\/#breadcrumb\"},\"inLanguage\":\"lv-LV\",\"potentialAction\":[{\"@type\":\"ReadAction\",\"target\":[\"https:\/\/cosmetic.lv\/lv\/product\/2-gab-no-skandinava-koka-guasa-masieris\/\"]}]},{\"@type\":\"ImageObject\",\"inLanguage\":\"lv-LV\",\"@id\":\"https:\/\/cosmetic.lv\/lv\/product\/2-gab-no-skandinava-koka-guasa-masieris\/#primaryimage\",\"url\":\"https:\/\/cosmetic.lv\/wp-content\/uploads\/2021\/02\/htb1bnz3mnjak1rj999.jpg\",\"contentUrl\":\"https:\/\/cosmetic.lv\/wp-content\/uploads\/2021\/02\/htb1bnz3mnjak1rj999.jpg\",\"width\":800,\"height\":800,\"caption\":\"HTB1bnz3MNjaK1Rj999.jpg\"},{\"@type\":\"BreadcrumbList\",\"@id\":\"https:\/\/cosmetic.lv\/lv\/product\/2-gab-no-skandinava-koka-guasa-masieris\/#breadcrumb\",\"itemListElement\":[{\"@type\":\"ListItem\",\"position\":1,\"name\":\"Home\",\"item\":\"https:\/\/cosmetic.lv\/lv\/\"},{\"@type\":\"ListItem\",\"position\":2,\"name\":\"Veikals\",\"item\":\"https:\/\/cosmetic.lv\/lv\/veiklas\/\"},{\"@type\":\"ListItem\",\"position\":3,\"name\":\"2 gab no skandin\u0101v\u0101 koka Gua\u0161a masieris\"}]},{\"@type\":\"WebSite\",\"@id\":\"https:\/\/cosmetic.lv\/lv\/#website\",\"url\":\"https:\/\/cosmetic.lv\/lv\/\",\"name\":\"cosmetic.lv\",\"description\":\"Profesion\u0101la kosm\u0113tika - Maria Galland, Keune, Arkadija, GMT, Guam, Magiray\",\"publisher\":{\"@id\":\"https:\/\/cosmetic.lv\/lv\/#organization\"},\"potentialAction\":[{\"@type\":\"SearchAction\",\"target\":{\"@type\":\"EntryPoint\",\"urlTemplate\":\"https:\/\/cosmetic.lv\/lv\/?s={search_term_string}\"},\"query-input\":{\"@type\":\"PropertyValueSpecification\",\"valueRequired\":true,\"valueName\":\"search_term_string\"}}],\"inLanguage\":\"lv-LV\"},{\"@type\":\"Organization\",\"@id\":\"https:\/\/cosmetic.lv\/lv\/#organization\",\"name\":\"COSMETIC.LV\",\"url\":\"https:\/\/cosmetic.lv\/lv\/\",\"logo\":{\"@type\":\"ImageObject\",\"inLanguage\":\"lv-LV\",\"@id\":\"https:\/\/cosmetic.lv\/lv\/#\/schema\/logo\/image\/\",\"url\":\"https:\/\/cosmetic.lv\/wp-content\/uploads\/2021\/02\/cosmetic.lv_logo.jpg\",\"contentUrl\":\"https:\/\/cosmetic.lv\/wp-content\/uploads\/2021\/02\/cosmetic.lv_logo.jpg\",\"width\":596,\"height\":196,\"caption\":\"COSMETIC.LV\"},\"image\":{\"@id\":\"https:\/\/cosmetic.lv\/lv\/#\/schema\/logo\/image\/\"},\"sameAs\":[\"https:\/\/www.facebook.com\/cosmetic.lv\/\"]}]}<\/script>\n<meta property=\"product:price:amount\" content=\"7.73\" \/>\n<meta property=\"product:price:currency\" content=\"EUR\" \/>\n<meta property=\"og:availability\" content=\"out of stock\" \/>\n<meta property=\"product:availability\" content=\"out of stock\" \/>\n<meta property=\"product:retailer_item_id\" content=\"guas\" \/>\n<meta property=\"product:condition\" content=\"new\" \/>\n<!-- \/ Yoast SEO Premium plugin. -->","yoast_head_json":{"title":"2 gab no skandin\u0101v\u0101 koka Gua\u0161a masieris - cosmetic.lv","robots":{"index":"index","follow":"follow","max-snippet":"max-snippet:-1","max-image-preview":"max-image-preview:large","max-video-preview":"max-video-preview:-1"},"canonical":"https:\/\/cosmetic.lv\/lv\/product\/2-gab-no-skandinava-koka-guasa-masieris\/","og_locale":"lv_LV","og_type":"article","og_title":"2 gab no skandin\u0101v\u0101 koka Gua\u0161a masieris","og_description":"&nbsp; sandal koks izm\u0113rs 16,5cm, 11,5cm &#8220;\u0136\u012bnas skr\u0101pja mas\u0101\u017eas pamat\u0101 ir sen\u0101k\u0101s Austrumu mas\u0101\u017eas tehnikas. Mas\u0101\u017eas nosaukums sast\u0101v no divu","og_url":"https:\/\/cosmetic.lv\/lv\/product\/2-gab-no-skandinava-koka-guasa-masieris\/","og_site_name":"cosmetic.lv","article_publisher":"https:\/\/www.facebook.com\/cosmetic.lv\/","article_modified_time":"2021-02-06T20:13:19+00:00","og_image":[{"width":800,"height":800,"url":"https:\/\/cosmetic.lv\/wp-content\/uploads\/2021\/02\/htb1bnz3mnjak1rj999.jpg","type":"image\/jpeg"}],"twitter_card":"summary_large_image","schema":{"@context":"https:\/\/schema.org","@graph":[{"@type":"WebPage","@id":"https:\/\/cosmetic.lv\/lv\/product\/2-gab-no-skandinava-koka-guasa-masieris\/","url":"https:\/\/cosmetic.lv\/lv\/product\/2-gab-no-skandinava-koka-guasa-masieris\/","name":"2 gab no skandin\u0101v\u0101 koka Gua\u0161a masieris - cosmetic.lv","isPartOf":{"@id":"https:\/\/cosmetic.lv\/lv\/#website"},"primaryImageOfPage":{"@id":"https:\/\/cosmetic.lv\/lv\/product\/2-gab-no-skandinava-koka-guasa-masieris\/#primaryimage"},"image":{"@id":"https:\/\/cosmetic.lv\/lv\/product\/2-gab-no-skandinava-koka-guasa-masieris\/#primaryimage"},"thumbnailUrl":"https:\/\/cosmetic.lv\/wp-content\/uploads\/2021\/02\/htb1bnz3mnjak1rj999.jpg","datePublished":"2021-02-06T17:59:26+00:00","dateModified":"2021-02-06T20:13:19+00:00","breadcrumb":{"@id":"https:\/\/cosmetic.lv\/lv\/product\/2-gab-no-skandinava-koka-guasa-masieris\/#breadcrumb"},"inLanguage":"lv-LV","potentialAction":[{"@type":"ReadAction","target":["https:\/\/cosmetic.lv\/lv\/product\/2-gab-no-skandinava-koka-guasa-masieris\/"]}]},{"@type":"ImageObject","inLanguage":"lv-LV","@id":"https:\/\/cosmetic.lv\/lv\/product\/2-gab-no-skandinava-koka-guasa-masieris\/#primaryimage","url":"https:\/\/cosmetic.lv\/wp-content\/uploads\/2021\/02\/htb1bnz3mnjak1rj999.jpg","contentUrl":"https:\/\/cosmetic.lv\/wp-content\/uploads\/2021\/02\/htb1bnz3mnjak1rj999.jpg","width":800,"height":800,"caption":"HTB1bnz3MNjaK1Rj999.jpg"},{"@type":"BreadcrumbList","@id":"https:\/\/cosmetic.lv\/lv\/product\/2-gab-no-skandinava-koka-guasa-masieris\/#breadcrumb","itemListElement":[{"@type":"ListItem","position":1,"name":"Home","item":"https:\/\/cosmetic.lv\/lv\/"},{"@type":"ListItem","position":2,"name":"Veikals","item":"https:\/\/cosmetic.lv\/lv\/veiklas\/"},{"@type":"ListItem","position":3,"name":"2 gab no skandin\u0101v\u0101 koka Gua\u0161a masieris"}]},{"@type":"WebSite","@id":"https:\/\/cosmetic.lv\/lv\/#website","url":"https:\/\/cosmetic.lv\/lv\/","name":"cosmetic.lv","description":"Profesion\u0101la kosm\u0113tika - Maria Galland, Keune, Arkadija, GMT, Guam, Magiray","publisher":{"@id":"https:\/\/cosmetic.lv\/lv\/#organization"},"potentialAction":[{"@type":"SearchAction","target":{"@type":"EntryPoint","urlTemplate":"https:\/\/cosmetic.lv\/lv\/?s={search_term_string}"},"query-input":{"@type":"PropertyValueSpecification","valueRequired":true,"valueName":"search_term_string"}}],"inLanguage":"lv-LV"},{"@type":"Organization","@id":"https:\/\/cosmetic.lv\/lv\/#organization","name":"COSMETIC.LV","url":"https:\/\/cosmetic.lv\/lv\/","logo":{"@type":"ImageObject","inLanguage":"lv-LV","@id":"https:\/\/cosmetic.lv\/lv\/#\/schema\/logo\/image\/","url":"https:\/\/cosmetic.lv\/wp-content\/uploads\/2021\/02\/cosmetic.lv_logo.jpg","contentUrl":"https:\/\/cosmetic.lv\/wp-content\/uploads\/2021\/02\/cosmetic.lv_logo.jpg","width":596,"height":196,"caption":"COSMETIC.LV"},"image":{"@id":"https:\/\/cosmetic.lv\/lv\/#\/schema\/logo\/image\/"},"sameAs":["https:\/\/www.facebook.com\/cosmetic.lv\/"]}]},"product_price_amount":"7.73","product_price_currency":"EUR","og_availability":"out of stock","product_availability":"out of stock","product_retailer_item_id":"guas","product_condition":"new"},"_links":{"self":[{"href":"https:\/\/cosmetic.lv\/lv\/wp-json\/wp\/v2\/product\/34936","targetHints":{"allow":["GET"]}}],"collection":[{"href":"https:\/\/cosmetic.lv\/lv\/wp-json\/wp\/v2\/product"}],"about":[{"href":"https:\/\/cosmetic.lv\/lv\/wp-json\/wp\/v2\/types\/product"}],"wp:featuredmedia":[{"embeddable":true,"href":"https:\/\/cosmetic.lv\/lv\/wp-json\/wp\/v2\/media\/11460"}],"wp:attachment":[{"href":"https:\/\/cosmetic.lv\/lv\/wp-json\/wp\/v2\/media?parent=34936"}],"wp:term":[{"taxonomy":"product_brand","embeddable":true,"href":"https:\/\/cosmetic.lv\/lv\/wp-json\/wp\/v2\/product_brand?post=34936"},{"taxonomy":"product_cat","embeddable":true,"href":"https:\/\/cosmetic.lv\/lv\/wp-json\/wp\/v2\/product_cat?post=34936"},{"taxonomy":"product_tag","embeddable":true,"href":"https:\/\/cosmetic.lv\/lv\/wp-json\/wp\/v2\/product_tag?post=34936"}],"curies":[{"name":"wp","href":"https:\/\/api.w.org\/{rel}","templated":true}]}}