{"id":34940,"date":"2021-02-05T22:46:07","date_gmt":"2021-02-06T17:59:33","guid":{"rendered":"https:\/\/damme.lv\/product\/elposanas-trenazeris-samozdravs\/"},"modified":"2021-02-06T19:59:33","modified_gmt":"2021-02-06T17:59:33","slug":"elposanas-trenazeris-samozdravs","status":"publish","type":"product","link":"https:\/\/cosmetic.lv\/lv\/product\/elposanas-trenazeris-samozdravs\/","title":{"rendered":"Elpo\u0161anas trena\u017eeris Samozdravs"},"content":{"rendered":"<p><!DOCTYPE html PUBLIC &quot;-\/\/W3C\/\/DTD XHTML 1.0 Transitional\/\/EN&quot; &quot;http:\/\/www.w3.org\/TR\/xhtml1\/DTD\/xhtml1-transitional.dtd&quot;><br \/>\n<html><br \/>\n<head><br \/>\n<title>Untitled document<\/title><br \/>\n<\/head><br \/>\n<body><\/p>\n<p>Sast\u0101vs Elpo&scaron;anas simulators (stikls &#8211; 1 gab., V\u0101ci\u0146&scaron; &#8211; 1 gab., Elpo&scaron;anas caurule ar ierobe\u017eojumu &#8211; 1 gab. Elast\u012bgais kompensators -1 gab., Iemutis &#8211; 1 gab., Ietilp\u012bba &#8211; 1 gab., Konteinera v\u0101ci\u0146&scaron; &#8211; 1 gab., Deguna stiprin\u0101jums &#8211; 2 gab., Instrukcija, Apraksts K\u0101 darbojas Samozdrav Samozdrav elpo&scaron;anas simulatora darb\u012bbas meh\u0101nisms ir absol\u016bti dabisks &#8211; tas atjauno dabisk\u0101 vazodilatatora &#8211; oglek\u013ca dioks\u012bda (CO2) koncentr\u0101ciju norm\u0101l\u0101s v\u0113rt\u012bb\u0101s. Fakts ir t\u0101ds, ka cilv\u0113ka \u0137ermen\u012b ar vecumu tiek saboj\u0101ts delik\u0101ts sk\u0101bek\u013ca un oglek\u013ca l\u012bdzsvars. g\u0101ze Tas noved pie p\u0101rk\u0101pjot vair\u0101ku svar\u012bgu organisma funkciju.Asins g\u0101zes sast\u0101va l\u012bdzsvara p\u0101rk\u0101pums ar\u012b veicina: agres\u012bvus vides faktorus; bie\u017ea stresa; mazkust\u012bgs dz\u012bvesveids; slikti ieradumi.  Oglek\u013ca dioks\u012bda koncentr\u0101cijas tr\u016bkums asin\u012bs noved pie asinsvadu spazmas, asinsrites trauc\u0113jumiem, hronisku slim\u012bbu ra&scaron;an\u0101s. Elpo&scaron;anas simulators Samozdrav piln\u012bgi dabiski atjauno CO2 koncentr\u0101ciju l\u012bdz norm\u0101laj\u0101m v\u0113rt\u012bb\u0101m, nov\u0113r&scaron;ot spazmas un uzlabojot asinsriti. T\u0101 pamat\u0101 ir dabisks darb\u012bbas meh\u0101nisms &#8211; ar oglek\u013ca dioks\u012bdu pies\u0101tin\u0101ta gaisa regul\u0101ra ieelpo&scaron;ana. Samozdrav sast\u0101v no div\u0101m kamer\u0101m, kas ir savienotas ar elpo&scaron;anas cauruli.  Iek&scaron;\u0113j\u0101 kamera kalpo \u0137erme\u0146a fizisk\u0101s slodzes piel\u0101go&scaron;anai. Samozdrav simulatora \u0101r\u0113j\u0101 kamera, k\u0101 ar\u012b gofr\u0113tais trauks ir nepiecie&scaron;ami, lai palielin\u0101tu oglek\u013ca dioks\u012bda koncentr\u0101ciju un samazin\u0101tu sk\u0101bek\u013ca koncentr\u0101ciju ieelpot\u0101 gaisa mais\u012bjum\u0101. Attiec\u012bgi, jo liel\u0101ks ir Samozdrav elpo&scaron;anas simulatora kameras tilpums, jo liel\u0101ka ir CO2 koncentr\u0101cija. Ja j\u016bs elpojat caur Samozdrav simulatoru 30 min\u016btes, CO2 koncentr\u0101cija asin\u012bs palielin\u0101sies.<\/p>\n<p><\/body><br \/>\n<\/html><\/p>\n","protected":false},"excerpt":{"rendered":"<p>Untitled document Sast\u0101vs Elpo&scaron;anas simulators (stikls &#8211; 1 gab., V\u0101ci\u0146&scaron; &#8211; 1 gab., Elpo&scaron;anas caurule ar ierobe\u017eojumu &#8211; 1 gab.<\/p>\n","protected":false},"featured_media":11472,"template":"","meta":[],"product_brand":[],"product_cat":[2231,2237],"product_tag":[],"class_list":{"0":"post-34940","1":"product","2":"type-product","3":"status-publish","4":"has-post-thumbnail","6":"product_cat-atveselojosas-preces-lv","7":"product_cat-citi-lv","9":"first","10":"outofstock","11":"sale","12":"taxable","13":"shipping-taxable","14":"purchasable","15":"product-type-simple"},"yoast_head":"<!-- This site is optimized with the Yoast SEO Premium plugin v27.0 (Yoast SEO v27.0) - https:\/\/yoast.com\/product\/yoast-seo-premium-wordpress\/ -->\n<title>Elpo\u0161anas trena\u017eeris Samozdravs - cosmetic.lv<\/title>\n<meta name=\"robots\" content=\"index, follow, max-snippet:-1, max-image-preview:large, max-video-preview:-1\" \/>\n<link rel=\"canonical\" href=\"https:\/\/cosmetic.lv\/lv\/product\/elposanas-trenazeris-samozdravs\/\" \/>\n<meta property=\"og:locale\" content=\"lv_LV\" \/>\n<meta property=\"og:type\" content=\"article\" \/>\n<meta property=\"og:title\" content=\"Elpo\u0161anas trena\u017eeris Samozdravs\" \/>\n<meta property=\"og:description\" content=\"Untitled document Sast\u0101vs Elpo&scaron;anas simulators (stikls &#8211; 1 gab., V\u0101ci\u0146&scaron; &#8211; 1 gab., Elpo&scaron;anas caurule ar ierobe\u017eojumu &#8211; 1 gab.\" \/>\n<meta property=\"og:url\" content=\"https:\/\/cosmetic.lv\/lv\/product\/elposanas-trenazeris-samozdravs\/\" \/>\n<meta property=\"og:site_name\" content=\"cosmetic.lv\" \/>\n<meta property=\"article:publisher\" content=\"https:\/\/www.facebook.com\/cosmetic.lv\/\" \/>\n<meta property=\"og:image\" content=\"https:\/\/cosmetic.lv\/wp-content\/uploads\/2021\/02\/dihatelnij-trenazer.jpg\" \/>\n\t<meta property=\"og:image:width\" content=\"653\" \/>\n\t<meta property=\"og:image:height\" content=\"653\" \/>\n\t<meta property=\"og:image:type\" content=\"image\/jpeg\" \/>\n<meta name=\"twitter:card\" content=\"summary_large_image\" \/>\n<script type=\"application\/ld+json\" class=\"yoast-schema-graph\">{\"@context\":\"https:\/\/schema.org\",\"@graph\":[{\"@type\":\"WebPage\",\"@id\":\"https:\/\/cosmetic.lv\/lv\/product\/elposanas-trenazeris-samozdravs\/\",\"url\":\"https:\/\/cosmetic.lv\/lv\/product\/elposanas-trenazeris-samozdravs\/\",\"name\":\"Elpo\u0161anas trena\u017eeris Samozdravs - cosmetic.lv\",\"isPartOf\":{\"@id\":\"https:\/\/cosmetic.lv\/lv\/#website\"},\"primaryImageOfPage\":{\"@id\":\"https:\/\/cosmetic.lv\/lv\/product\/elposanas-trenazeris-samozdravs\/#primaryimage\"},\"image\":{\"@id\":\"https:\/\/cosmetic.lv\/lv\/product\/elposanas-trenazeris-samozdravs\/#primaryimage\"},\"thumbnailUrl\":\"https:\/\/cosmetic.lv\/wp-content\/uploads\/2021\/02\/dihatelnij-trenazer.jpg\",\"datePublished\":\"2021-02-06T17:59:33+00:00\",\"breadcrumb\":{\"@id\":\"https:\/\/cosmetic.lv\/lv\/product\/elposanas-trenazeris-samozdravs\/#breadcrumb\"},\"inLanguage\":\"lv-LV\",\"potentialAction\":[{\"@type\":\"ReadAction\",\"target\":[\"https:\/\/cosmetic.lv\/lv\/product\/elposanas-trenazeris-samozdravs\/\"]}]},{\"@type\":\"ImageObject\",\"inLanguage\":\"lv-LV\",\"@id\":\"https:\/\/cosmetic.lv\/lv\/product\/elposanas-trenazeris-samozdravs\/#primaryimage\",\"url\":\"https:\/\/cosmetic.lv\/wp-content\/uploads\/2021\/02\/dihatelnij-trenazer.jpg\",\"contentUrl\":\"https:\/\/cosmetic.lv\/wp-content\/uploads\/2021\/02\/dihatelnij-trenazer.jpg\",\"width\":653,\"height\":653,\"caption\":\"dihatelnij-trenazer.JPG\"},{\"@type\":\"BreadcrumbList\",\"@id\":\"https:\/\/cosmetic.lv\/lv\/product\/elposanas-trenazeris-samozdravs\/#breadcrumb\",\"itemListElement\":[{\"@type\":\"ListItem\",\"position\":1,\"name\":\"Home\",\"item\":\"https:\/\/cosmetic.lv\/lv\/\"},{\"@type\":\"ListItem\",\"position\":2,\"name\":\"Veikals\",\"item\":\"https:\/\/cosmetic.lv\/lv\/veiklas\/\"},{\"@type\":\"ListItem\",\"position\":3,\"name\":\"Elpo\u0161anas trena\u017eeris Samozdravs\"}]},{\"@type\":\"WebSite\",\"@id\":\"https:\/\/cosmetic.lv\/lv\/#website\",\"url\":\"https:\/\/cosmetic.lv\/lv\/\",\"name\":\"cosmetic.lv\",\"description\":\"Profesion\u0101la kosm\u0113tika - Maria Galland, Keune, Arkadija, GMT, Guam, Magiray\",\"publisher\":{\"@id\":\"https:\/\/cosmetic.lv\/lv\/#organization\"},\"potentialAction\":[{\"@type\":\"SearchAction\",\"target\":{\"@type\":\"EntryPoint\",\"urlTemplate\":\"https:\/\/cosmetic.lv\/lv\/?s={search_term_string}\"},\"query-input\":{\"@type\":\"PropertyValueSpecification\",\"valueRequired\":true,\"valueName\":\"search_term_string\"}}],\"inLanguage\":\"lv-LV\"},{\"@type\":\"Organization\",\"@id\":\"https:\/\/cosmetic.lv\/lv\/#organization\",\"name\":\"COSMETIC.LV\",\"url\":\"https:\/\/cosmetic.lv\/lv\/\",\"logo\":{\"@type\":\"ImageObject\",\"inLanguage\":\"lv-LV\",\"@id\":\"https:\/\/cosmetic.lv\/lv\/#\/schema\/logo\/image\/\",\"url\":\"https:\/\/cosmetic.lv\/wp-content\/uploads\/2021\/02\/cosmetic.lv_logo.jpg\",\"contentUrl\":\"https:\/\/cosmetic.lv\/wp-content\/uploads\/2021\/02\/cosmetic.lv_logo.jpg\",\"width\":596,\"height\":196,\"caption\":\"COSMETIC.LV\"},\"image\":{\"@id\":\"https:\/\/cosmetic.lv\/lv\/#\/schema\/logo\/image\/\"},\"sameAs\":[\"https:\/\/www.facebook.com\/cosmetic.lv\/\"]}]}<\/script>\n<meta property=\"product:price:amount\" content=\"28.85\" \/>\n<meta property=\"product:price:currency\" content=\"EUR\" \/>\n<meta property=\"og:availability\" content=\"out of stock\" \/>\n<meta property=\"product:availability\" content=\"out of stock\" \/>\n<meta property=\"product:retailer_item_id\" content=\"dihattre\" \/>\n<meta property=\"product:condition\" content=\"new\" \/>\n<!-- \/ Yoast SEO Premium plugin. -->","yoast_head_json":{"title":"Elpo\u0161anas trena\u017eeris Samozdravs - cosmetic.lv","robots":{"index":"index","follow":"follow","max-snippet":"max-snippet:-1","max-image-preview":"max-image-preview:large","max-video-preview":"max-video-preview:-1"},"canonical":"https:\/\/cosmetic.lv\/lv\/product\/elposanas-trenazeris-samozdravs\/","og_locale":"lv_LV","og_type":"article","og_title":"Elpo\u0161anas trena\u017eeris Samozdravs","og_description":"Untitled document Sast\u0101vs Elpo&scaron;anas simulators (stikls &#8211; 1 gab., V\u0101ci\u0146&scaron; &#8211; 1 gab., Elpo&scaron;anas caurule ar ierobe\u017eojumu &#8211; 1 gab.","og_url":"https:\/\/cosmetic.lv\/lv\/product\/elposanas-trenazeris-samozdravs\/","og_site_name":"cosmetic.lv","article_publisher":"https:\/\/www.facebook.com\/cosmetic.lv\/","og_image":[{"width":653,"height":653,"url":"https:\/\/cosmetic.lv\/wp-content\/uploads\/2021\/02\/dihatelnij-trenazer.jpg","type":"image\/jpeg"}],"twitter_card":"summary_large_image","schema":{"@context":"https:\/\/schema.org","@graph":[{"@type":"WebPage","@id":"https:\/\/cosmetic.lv\/lv\/product\/elposanas-trenazeris-samozdravs\/","url":"https:\/\/cosmetic.lv\/lv\/product\/elposanas-trenazeris-samozdravs\/","name":"Elpo\u0161anas trena\u017eeris Samozdravs - cosmetic.lv","isPartOf":{"@id":"https:\/\/cosmetic.lv\/lv\/#website"},"primaryImageOfPage":{"@id":"https:\/\/cosmetic.lv\/lv\/product\/elposanas-trenazeris-samozdravs\/#primaryimage"},"image":{"@id":"https:\/\/cosmetic.lv\/lv\/product\/elposanas-trenazeris-samozdravs\/#primaryimage"},"thumbnailUrl":"https:\/\/cosmetic.lv\/wp-content\/uploads\/2021\/02\/dihatelnij-trenazer.jpg","datePublished":"2021-02-06T17:59:33+00:00","breadcrumb":{"@id":"https:\/\/cosmetic.lv\/lv\/product\/elposanas-trenazeris-samozdravs\/#breadcrumb"},"inLanguage":"lv-LV","potentialAction":[{"@type":"ReadAction","target":["https:\/\/cosmetic.lv\/lv\/product\/elposanas-trenazeris-samozdravs\/"]}]},{"@type":"ImageObject","inLanguage":"lv-LV","@id":"https:\/\/cosmetic.lv\/lv\/product\/elposanas-trenazeris-samozdravs\/#primaryimage","url":"https:\/\/cosmetic.lv\/wp-content\/uploads\/2021\/02\/dihatelnij-trenazer.jpg","contentUrl":"https:\/\/cosmetic.lv\/wp-content\/uploads\/2021\/02\/dihatelnij-trenazer.jpg","width":653,"height":653,"caption":"dihatelnij-trenazer.JPG"},{"@type":"BreadcrumbList","@id":"https:\/\/cosmetic.lv\/lv\/product\/elposanas-trenazeris-samozdravs\/#breadcrumb","itemListElement":[{"@type":"ListItem","position":1,"name":"Home","item":"https:\/\/cosmetic.lv\/lv\/"},{"@type":"ListItem","position":2,"name":"Veikals","item":"https:\/\/cosmetic.lv\/lv\/veiklas\/"},{"@type":"ListItem","position":3,"name":"Elpo\u0161anas trena\u017eeris Samozdravs"}]},{"@type":"WebSite","@id":"https:\/\/cosmetic.lv\/lv\/#website","url":"https:\/\/cosmetic.lv\/lv\/","name":"cosmetic.lv","description":"Profesion\u0101la kosm\u0113tika - Maria Galland, Keune, Arkadija, GMT, Guam, Magiray","publisher":{"@id":"https:\/\/cosmetic.lv\/lv\/#organization"},"potentialAction":[{"@type":"SearchAction","target":{"@type":"EntryPoint","urlTemplate":"https:\/\/cosmetic.lv\/lv\/?s={search_term_string}"},"query-input":{"@type":"PropertyValueSpecification","valueRequired":true,"valueName":"search_term_string"}}],"inLanguage":"lv-LV"},{"@type":"Organization","@id":"https:\/\/cosmetic.lv\/lv\/#organization","name":"COSMETIC.LV","url":"https:\/\/cosmetic.lv\/lv\/","logo":{"@type":"ImageObject","inLanguage":"lv-LV","@id":"https:\/\/cosmetic.lv\/lv\/#\/schema\/logo\/image\/","url":"https:\/\/cosmetic.lv\/wp-content\/uploads\/2021\/02\/cosmetic.lv_logo.jpg","contentUrl":"https:\/\/cosmetic.lv\/wp-content\/uploads\/2021\/02\/cosmetic.lv_logo.jpg","width":596,"height":196,"caption":"COSMETIC.LV"},"image":{"@id":"https:\/\/cosmetic.lv\/lv\/#\/schema\/logo\/image\/"},"sameAs":["https:\/\/www.facebook.com\/cosmetic.lv\/"]}]},"product_price_amount":"28.85","product_price_currency":"EUR","og_availability":"out of stock","product_availability":"out of stock","product_retailer_item_id":"dihattre","product_condition":"new"},"_links":{"self":[{"href":"https:\/\/cosmetic.lv\/lv\/wp-json\/wp\/v2\/product\/34940","targetHints":{"allow":["GET"]}}],"collection":[{"href":"https:\/\/cosmetic.lv\/lv\/wp-json\/wp\/v2\/product"}],"about":[{"href":"https:\/\/cosmetic.lv\/lv\/wp-json\/wp\/v2\/types\/product"}],"wp:featuredmedia":[{"embeddable":true,"href":"https:\/\/cosmetic.lv\/lv\/wp-json\/wp\/v2\/media\/11472"}],"wp:attachment":[{"href":"https:\/\/cosmetic.lv\/lv\/wp-json\/wp\/v2\/media?parent=34940"}],"wp:term":[{"taxonomy":"product_brand","embeddable":true,"href":"https:\/\/cosmetic.lv\/lv\/wp-json\/wp\/v2\/product_brand?post=34940"},{"taxonomy":"product_cat","embeddable":true,"href":"https:\/\/cosmetic.lv\/lv\/wp-json\/wp\/v2\/product_cat?post=34940"},{"taxonomy":"product_tag","embeddable":true,"href":"https:\/\/cosmetic.lv\/lv\/wp-json\/wp\/v2\/product_tag?post=34940"}],"curies":[{"name":"wp","href":"https:\/\/api.w.org\/{rel}","templated":true}]}}