{"id":34941,"date":"2021-02-05T22:46:07","date_gmt":"2021-02-06T17:59:33","guid":{"rendered":"https:\/\/damme.lv\/product\/vakuuma-burkas-terapija-sejai-un-kermenim-4-gab\/"},"modified":"2021-02-06T22:14:05","modified_gmt":"2021-02-06T20:14:05","slug":"vakuuma-burkas-terapija-sejai-un-kermenim-4-gab","status":"publish","type":"product","link":"https:\/\/cosmetic.lv\/lv\/product\/vakuuma-burkas-terapija-sejai-un-kermenim-4-gab\/","title":{"rendered":"Vakuuma burkas terapija sejai un \u0137ermenim 4 gab"},"content":{"rendered":"<p>&nbsp;<\/p>\n<p>Iepakojum\u0101 4 gabali da\u017e\u0101da izm\u0113ra (52, 36, 25, 15 mm) Vakuuma bankas balons izgatavots no polivinilhlor\u012bda, pati banka no stikla. Kosmetolo\u0123ijas tirg\u016b v\u0113l nebijis unik\u0101ls pied\u0101v\u0101jums! Unik\u0101li piem\u0113rots komplekts no 4 da\u017e\u0101da izm\u0113ra vacuuma bank\u0101m piem\u0113rot\u0101m jebkurai \u0137erme\u0146a vietai- no sejas un kakla kosm\u0113tiskajai mas\u0101\u017eai, rokas un gurni \u2013 anticelul\u012bta mas\u0101\u017eai, mugura \u2013 \u0101rsnieciskajai mas\u0101\u017eai. Vakuuma mas\u0101\u017eas iesp\u0113jas: \u2022 Atjauno kapil\u0101ru t\u012bklu un \u0161\u016bnu baro\u0161anu \u2022 Aktiviz\u0113 asincirkul\u0101ciju \u2022 Uzlabo sejas , kakla \u0101das un musku\u013cu baro\u0161anu \u2022 Likvid\u0113 audos nev\u0113lamos sast\u0101v\u0113\u0161an\u0101s procesus \u2022 Izvada no \u0101das toks\u012bnus \u2022 Daudzk\u0101rt\u012bgi uzlabo sejas \u0101das turgoru, tonusu un uzlabo sejas kr\u0101su \u2022 Mazina tauku sl\u0101n\u012bti dubultzod\u0101 \u2022 Atjauno kalog\u0113na \u0161\u0137iedras sejas \u0101d\u0101 Vakuuma kosm\u0113tisk\u0101s bankas paredz\u0113tas kin\u0113tiskai vacuuma terapijai. Neaizst\u0101jams l\u012bdzeklis asinsrites un limf\u0101tisk\u0101s sist\u0113mas uzlabo\u0161anai. Pal\u012bdz pal\u0113nin\u0101t noveco\u0161an\u0101s procesu un rehabilit\u0101ciju p\u0113c traum\u0101m un oper\u0101cij\u0101m. Mazas mikrotraumas zilumu izskat\u0101 vakuuma mas\u0101\u017eas laik\u0101 un p\u0113c ir pie\u013caujami. Mazie kapil\u0101ri p\u0101rpl\u012bst d\u0113\u013c t\u0101, ka sen jau zaud\u0113ju\u0161i savas sp\u0113jas un funkcijas pilnv\u0113rt\u012bgi pabarot \u0161\u016bnas, audus un musku\u013cus. Organisms mobiliz\u0113jas un to viet\u0101 izaudz\u0113 jaunus un sp\u0113c\u012bgus kapil\u0101rus. T\u0101 rezult\u0101t\u0101 audos beidzas ilgsto\u0161a sk\u0101bek\u013ca tr\u016bkums, \u0101da s\u0101k elpot, s\u0101k\u0101s audu kvailitat\u012bva atjauno\u0161an\u0101s. S\u0101k atjaunoties kalog\u0113na \u0161\u0137iedras, vairojas to daudzums. Vakuuma mas\u0101\u017eas laik\u0101 uzlabojas vielmai\u0146as procesi audos, izvad\u0101s no \u0101das toks\u012bni, \u0101da k\u013c\u016bst elast\u012bga, palielin\u0101s iztur\u012bbu pret temperat\u016bras mai\u0146\u0101m, uzlabojas sejas musku\u013cu funkcijas, paaugstinas \u0101das tonus un elast\u012bba. T\u0101 k\u013cust piepild\u012bta ar vesel\u012bgu mirdzumu. Vakuuma mas\u0101\u017ea ir ieteicama ar\u012b tiem, kuriem ir tendence uz kuperozi. Kuperoze tikai apstiprina to, ka mazie kapil\u0101ri atrodas katastrof\u0101li v\u0101rg\u0101 st\u0101vokl\u012b un vakuuma mas\u0101\u017eas laik\u0101 mazie kapil\u0101ri tiek stiprin\u0101ti. Tikai s\u0101kt vakuuma mas\u0101\u017eas kursu vajag ar minim\u0101lu vakuumu un pamaz\u0101m nor\u016bdot kapil\u0101rus vakuumu palielinot. Veikt vacuuma mas\u0101\u017eu nedr\u012bkst : \u2022 Herpes \u2022 S\u0113n\u012b\u0161u saslim\u0161anas \u2022 K\u0101rpas \u2022 Atv\u0113rtas br\u016bces \u2022 Sejas nerva iekaisums \u2022 Strutaini un iekaisu\u0161i boj\u0101jumi \u0101d\u0101 \u2022 Sejas \u0101das saslim\u0161anas ko izrais\u012bju\u0161i v\u012brusi \u2022 Dermofibromas 4 gab<\/p>\n<p>&nbsp;<\/p>\n","protected":false},"excerpt":{"rendered":"<p>&nbsp; Iepakojum\u0101 4 gabali da\u017e\u0101da izm\u0113ra (52, 36, 25, 15 mm) Vakuuma bankas balons izgatavots no polivinilhlor\u012bda, pati banka no<\/p>\n","protected":false},"featured_media":11475,"template":"","meta":[],"product_brand":[],"product_cat":[2231,2232],"product_tag":[],"class_list":{"0":"post-34941","1":"product","2":"type-product","3":"status-publish","4":"has-post-thumbnail","6":"product_cat-atveselojosas-preces-lv","7":"product_cat-sejai-galvai-lv","9":"first","10":"instock","11":"taxable","12":"shipping-taxable","13":"purchasable","14":"product-type-simple"},"yoast_head":"<!-- This site is optimized with the Yoast SEO Premium plugin v27.0 (Yoast SEO v27.0) - https:\/\/yoast.com\/product\/yoast-seo-premium-wordpress\/ -->\n<title>Vakuuma burkas terapija sejai un \u0137ermenim 4 gab - cosmetic.lv<\/title>\n<meta name=\"robots\" content=\"index, follow, max-snippet:-1, max-image-preview:large, max-video-preview:-1\" \/>\n<link rel=\"canonical\" href=\"https:\/\/cosmetic.lv\/lv\/product\/vakuuma-burkas-terapija-sejai-un-kermenim-4-gab\/\" \/>\n<meta property=\"og:locale\" content=\"lv_LV\" \/>\n<meta property=\"og:type\" content=\"article\" \/>\n<meta property=\"og:title\" content=\"Vakuuma burkas terapija sejai un \u0137ermenim 4 gab\" \/>\n<meta property=\"og:description\" content=\"&nbsp; Iepakojum\u0101 4 gabali da\u017e\u0101da izm\u0113ra (52, 36, 25, 15 mm) Vakuuma bankas balons izgatavots no polivinilhlor\u012bda, pati banka no\" \/>\n<meta property=\"og:url\" content=\"https:\/\/cosmetic.lv\/lv\/product\/vakuuma-burkas-terapija-sejai-un-kermenim-4-gab\/\" \/>\n<meta property=\"og:site_name\" content=\"cosmetic.lv\" \/>\n<meta property=\"article:publisher\" content=\"https:\/\/www.facebook.com\/cosmetic.lv\/\" \/>\n<meta property=\"article:modified_time\" content=\"2021-02-06T20:14:05+00:00\" \/>\n<meta property=\"og:image\" content=\"https:\/\/cosmetic.lv\/wp-content\/uploads\/2021\/02\/20200216_1228401.jpg\" \/>\n\t<meta property=\"og:image:width\" content=\"800\" \/>\n\t<meta property=\"og:image:height\" content=\"389\" \/>\n\t<meta property=\"og:image:type\" content=\"image\/jpeg\" \/>\n<meta name=\"twitter:card\" content=\"summary_large_image\" \/>\n<script type=\"application\/ld+json\" class=\"yoast-schema-graph\">{\"@context\":\"https:\/\/schema.org\",\"@graph\":[{\"@type\":\"WebPage\",\"@id\":\"https:\/\/cosmetic.lv\/lv\/product\/vakuuma-burkas-terapija-sejai-un-kermenim-4-gab\/\",\"url\":\"https:\/\/cosmetic.lv\/lv\/product\/vakuuma-burkas-terapija-sejai-un-kermenim-4-gab\/\",\"name\":\"Vakuuma burkas terapija sejai un \u0137ermenim 4 gab - cosmetic.lv\",\"isPartOf\":{\"@id\":\"https:\/\/cosmetic.lv\/lv\/#website\"},\"primaryImageOfPage\":{\"@id\":\"https:\/\/cosmetic.lv\/lv\/product\/vakuuma-burkas-terapija-sejai-un-kermenim-4-gab\/#primaryimage\"},\"image\":{\"@id\":\"https:\/\/cosmetic.lv\/lv\/product\/vakuuma-burkas-terapija-sejai-un-kermenim-4-gab\/#primaryimage\"},\"thumbnailUrl\":\"https:\/\/cosmetic.lv\/wp-content\/uploads\/2021\/02\/20200216_1228401.jpg\",\"datePublished\":\"2021-02-06T17:59:33+00:00\",\"dateModified\":\"2021-02-06T20:14:05+00:00\",\"breadcrumb\":{\"@id\":\"https:\/\/cosmetic.lv\/lv\/product\/vakuuma-burkas-terapija-sejai-un-kermenim-4-gab\/#breadcrumb\"},\"inLanguage\":\"lv-LV\",\"potentialAction\":[{\"@type\":\"ReadAction\",\"target\":[\"https:\/\/cosmetic.lv\/lv\/product\/vakuuma-burkas-terapija-sejai-un-kermenim-4-gab\/\"]}]},{\"@type\":\"ImageObject\",\"inLanguage\":\"lv-LV\",\"@id\":\"https:\/\/cosmetic.lv\/lv\/product\/vakuuma-burkas-terapija-sejai-un-kermenim-4-gab\/#primaryimage\",\"url\":\"https:\/\/cosmetic.lv\/wp-content\/uploads\/2021\/02\/20200216_1228401.jpg\",\"contentUrl\":\"https:\/\/cosmetic.lv\/wp-content\/uploads\/2021\/02\/20200216_1228401.jpg\",\"width\":800,\"height\":389,\"caption\":\"20200216_122840[1].jpg\"},{\"@type\":\"BreadcrumbList\",\"@id\":\"https:\/\/cosmetic.lv\/lv\/product\/vakuuma-burkas-terapija-sejai-un-kermenim-4-gab\/#breadcrumb\",\"itemListElement\":[{\"@type\":\"ListItem\",\"position\":1,\"name\":\"Home\",\"item\":\"https:\/\/cosmetic.lv\/lv\/\"},{\"@type\":\"ListItem\",\"position\":2,\"name\":\"Veikals\",\"item\":\"https:\/\/cosmetic.lv\/lv\/veiklas\/\"},{\"@type\":\"ListItem\",\"position\":3,\"name\":\"Vakuuma burkas terapija sejai un \u0137ermenim 4 gab\"}]},{\"@type\":\"WebSite\",\"@id\":\"https:\/\/cosmetic.lv\/lv\/#website\",\"url\":\"https:\/\/cosmetic.lv\/lv\/\",\"name\":\"cosmetic.lv\",\"description\":\"Profesion\u0101la kosm\u0113tika - Maria Galland, Keune, Arkadija, GMT, Guam, Magiray\",\"publisher\":{\"@id\":\"https:\/\/cosmetic.lv\/lv\/#organization\"},\"potentialAction\":[{\"@type\":\"SearchAction\",\"target\":{\"@type\":\"EntryPoint\",\"urlTemplate\":\"https:\/\/cosmetic.lv\/lv\/?s={search_term_string}\"},\"query-input\":{\"@type\":\"PropertyValueSpecification\",\"valueRequired\":true,\"valueName\":\"search_term_string\"}}],\"inLanguage\":\"lv-LV\"},{\"@type\":\"Organization\",\"@id\":\"https:\/\/cosmetic.lv\/lv\/#organization\",\"name\":\"COSMETIC.LV\",\"url\":\"https:\/\/cosmetic.lv\/lv\/\",\"logo\":{\"@type\":\"ImageObject\",\"inLanguage\":\"lv-LV\",\"@id\":\"https:\/\/cosmetic.lv\/lv\/#\/schema\/logo\/image\/\",\"url\":\"https:\/\/cosmetic.lv\/wp-content\/uploads\/2021\/02\/cosmetic.lv_logo.jpg\",\"contentUrl\":\"https:\/\/cosmetic.lv\/wp-content\/uploads\/2021\/02\/cosmetic.lv_logo.jpg\",\"width\":596,\"height\":196,\"caption\":\"COSMETIC.LV\"},\"image\":{\"@id\":\"https:\/\/cosmetic.lv\/lv\/#\/schema\/logo\/image\/\"},\"sameAs\":[\"https:\/\/www.facebook.com\/cosmetic.lv\/\"]}]}<\/script>\n<meta property=\"product:price:amount\" content=\"36.00\" \/>\n<meta property=\"product:price:currency\" content=\"EUR\" \/>\n<meta property=\"og:availability\" content=\"instock\" \/>\n<meta property=\"product:availability\" content=\"instock\" \/>\n<meta property=\"product:retailer_item_id\" content=\"vak4\" \/>\n<meta property=\"product:condition\" content=\"new\" \/>\n<!-- \/ Yoast SEO Premium plugin. -->","yoast_head_json":{"title":"Vakuuma burkas terapija sejai un \u0137ermenim 4 gab - cosmetic.lv","robots":{"index":"index","follow":"follow","max-snippet":"max-snippet:-1","max-image-preview":"max-image-preview:large","max-video-preview":"max-video-preview:-1"},"canonical":"https:\/\/cosmetic.lv\/lv\/product\/vakuuma-burkas-terapija-sejai-un-kermenim-4-gab\/","og_locale":"lv_LV","og_type":"article","og_title":"Vakuuma burkas terapija sejai un \u0137ermenim 4 gab","og_description":"&nbsp; Iepakojum\u0101 4 gabali da\u017e\u0101da izm\u0113ra (52, 36, 25, 15 mm) Vakuuma bankas balons izgatavots no polivinilhlor\u012bda, pati banka no","og_url":"https:\/\/cosmetic.lv\/lv\/product\/vakuuma-burkas-terapija-sejai-un-kermenim-4-gab\/","og_site_name":"cosmetic.lv","article_publisher":"https:\/\/www.facebook.com\/cosmetic.lv\/","article_modified_time":"2021-02-06T20:14:05+00:00","og_image":[{"width":800,"height":389,"url":"https:\/\/cosmetic.lv\/wp-content\/uploads\/2021\/02\/20200216_1228401.jpg","type":"image\/jpeg"}],"twitter_card":"summary_large_image","schema":{"@context":"https:\/\/schema.org","@graph":[{"@type":"WebPage","@id":"https:\/\/cosmetic.lv\/lv\/product\/vakuuma-burkas-terapija-sejai-un-kermenim-4-gab\/","url":"https:\/\/cosmetic.lv\/lv\/product\/vakuuma-burkas-terapija-sejai-un-kermenim-4-gab\/","name":"Vakuuma burkas terapija sejai un \u0137ermenim 4 gab - cosmetic.lv","isPartOf":{"@id":"https:\/\/cosmetic.lv\/lv\/#website"},"primaryImageOfPage":{"@id":"https:\/\/cosmetic.lv\/lv\/product\/vakuuma-burkas-terapija-sejai-un-kermenim-4-gab\/#primaryimage"},"image":{"@id":"https:\/\/cosmetic.lv\/lv\/product\/vakuuma-burkas-terapija-sejai-un-kermenim-4-gab\/#primaryimage"},"thumbnailUrl":"https:\/\/cosmetic.lv\/wp-content\/uploads\/2021\/02\/20200216_1228401.jpg","datePublished":"2021-02-06T17:59:33+00:00","dateModified":"2021-02-06T20:14:05+00:00","breadcrumb":{"@id":"https:\/\/cosmetic.lv\/lv\/product\/vakuuma-burkas-terapija-sejai-un-kermenim-4-gab\/#breadcrumb"},"inLanguage":"lv-LV","potentialAction":[{"@type":"ReadAction","target":["https:\/\/cosmetic.lv\/lv\/product\/vakuuma-burkas-terapija-sejai-un-kermenim-4-gab\/"]}]},{"@type":"ImageObject","inLanguage":"lv-LV","@id":"https:\/\/cosmetic.lv\/lv\/product\/vakuuma-burkas-terapija-sejai-un-kermenim-4-gab\/#primaryimage","url":"https:\/\/cosmetic.lv\/wp-content\/uploads\/2021\/02\/20200216_1228401.jpg","contentUrl":"https:\/\/cosmetic.lv\/wp-content\/uploads\/2021\/02\/20200216_1228401.jpg","width":800,"height":389,"caption":"20200216_122840[1].jpg"},{"@type":"BreadcrumbList","@id":"https:\/\/cosmetic.lv\/lv\/product\/vakuuma-burkas-terapija-sejai-un-kermenim-4-gab\/#breadcrumb","itemListElement":[{"@type":"ListItem","position":1,"name":"Home","item":"https:\/\/cosmetic.lv\/lv\/"},{"@type":"ListItem","position":2,"name":"Veikals","item":"https:\/\/cosmetic.lv\/lv\/veiklas\/"},{"@type":"ListItem","position":3,"name":"Vakuuma burkas terapija sejai un \u0137ermenim 4 gab"}]},{"@type":"WebSite","@id":"https:\/\/cosmetic.lv\/lv\/#website","url":"https:\/\/cosmetic.lv\/lv\/","name":"cosmetic.lv","description":"Profesion\u0101la kosm\u0113tika - Maria Galland, Keune, Arkadija, GMT, Guam, Magiray","publisher":{"@id":"https:\/\/cosmetic.lv\/lv\/#organization"},"potentialAction":[{"@type":"SearchAction","target":{"@type":"EntryPoint","urlTemplate":"https:\/\/cosmetic.lv\/lv\/?s={search_term_string}"},"query-input":{"@type":"PropertyValueSpecification","valueRequired":true,"valueName":"search_term_string"}}],"inLanguage":"lv-LV"},{"@type":"Organization","@id":"https:\/\/cosmetic.lv\/lv\/#organization","name":"COSMETIC.LV","url":"https:\/\/cosmetic.lv\/lv\/","logo":{"@type":"ImageObject","inLanguage":"lv-LV","@id":"https:\/\/cosmetic.lv\/lv\/#\/schema\/logo\/image\/","url":"https:\/\/cosmetic.lv\/wp-content\/uploads\/2021\/02\/cosmetic.lv_logo.jpg","contentUrl":"https:\/\/cosmetic.lv\/wp-content\/uploads\/2021\/02\/cosmetic.lv_logo.jpg","width":596,"height":196,"caption":"COSMETIC.LV"},"image":{"@id":"https:\/\/cosmetic.lv\/lv\/#\/schema\/logo\/image\/"},"sameAs":["https:\/\/www.facebook.com\/cosmetic.lv\/"]}]},"product_price_amount":"36.00","product_price_currency":"EUR","og_availability":"instock","product_availability":"instock","product_retailer_item_id":"vak4","product_condition":"new"},"_links":{"self":[{"href":"https:\/\/cosmetic.lv\/lv\/wp-json\/wp\/v2\/product\/34941","targetHints":{"allow":["GET"]}}],"collection":[{"href":"https:\/\/cosmetic.lv\/lv\/wp-json\/wp\/v2\/product"}],"about":[{"href":"https:\/\/cosmetic.lv\/lv\/wp-json\/wp\/v2\/types\/product"}],"wp:featuredmedia":[{"embeddable":true,"href":"https:\/\/cosmetic.lv\/lv\/wp-json\/wp\/v2\/media\/11475"}],"wp:attachment":[{"href":"https:\/\/cosmetic.lv\/lv\/wp-json\/wp\/v2\/media?parent=34941"}],"wp:term":[{"taxonomy":"product_brand","embeddable":true,"href":"https:\/\/cosmetic.lv\/lv\/wp-json\/wp\/v2\/product_brand?post=34941"},{"taxonomy":"product_cat","embeddable":true,"href":"https:\/\/cosmetic.lv\/lv\/wp-json\/wp\/v2\/product_cat?post=34941"},{"taxonomy":"product_tag","embeddable":true,"href":"https:\/\/cosmetic.lv\/lv\/wp-json\/wp\/v2\/product_tag?post=34941"}],"curies":[{"name":"wp","href":"https:\/\/api.w.org\/{rel}","templated":true}]}}