{"id":34945,"date":"2021-02-05T22:46:07","date_gmt":"2021-02-06T17:59:33","guid":{"rendered":"https:\/\/damme.lv\/product\/12-14mm-rokaspradze-naturalie-akmeni-turmalins-un-roza-kvarcs-milestibas-akmens\/"},"modified":"2021-02-06T19:59:37","modified_gmt":"2021-02-06T17:59:37","slug":"12-14mm-rokaspradze-naturalie-akmeni-turmalins-un-roza-kvarcs-milestibas-akmens","status":"publish","type":"product","link":"https:\/\/cosmetic.lv\/lv\/product\/12-14mm-rokaspradze-naturalie-akmeni-turmalins-un-roza-kvarcs-milestibas-akmens\/","title":{"rendered":"12 -14mm Rokaspr\u0101dze natur\u0101lie akme\u0146i Turmal\u012bns un roz\u0101 kvarcs m\u012blest\u012bbas akmens"},"content":{"rendered":"<p><!DOCTYPE html PUBLIC &quot;-\/\/W3C\/\/DTD XHTML 1.0 Transitional\/\/EN&quot; &quot;http:\/\/www.w3.org\/TR\/xhtml1\/DTD\/xhtml1-transitional.dtd&quot;><br \/>\n<html><br \/>\n<head><br \/>\n<title>Untitled document<\/title><br \/>\n<\/head><br \/>\n<body><\/p>\n<p>Tautas medic\u012bn\u0101 past\u0101v uzskats, ka turmal\u012bns iedarboj\u0101s uz endokr\u012bno   sist\u0113mu. &Scaron;\u0101 miner\u0101la \u0101rstniecisk\u0101 darb\u012bba ir atkar\u012bga no t\u0101 kr\u0101sas.   Za\u013cas kr\u0101sas akme\u0146i pal\u012bdz pie aknu saslim&scaron;an\u0101m. Zili turmal\u012bni no\u0146em   nervozu sasprindzin\u0101jumu, atvieglo stresu situ\u0101ciju sekas, uzlabo miegu,   atbr\u012bvo no bezmiega un nakts murgiem. P\u0113c da\u017eu tautas dziednieku   uzskatiem melnas kr\u0101sas akme\u0146i ir labs profilaktisks l\u012bdzeklis   saaukst\u0113&scaron;an\u0101s slim\u012bbu gad\u012bjum\u0101. Gai&scaron;zili turmal\u012bni uzlabo redzi, no\u0146em   galvass\u0101pes. M\u016bsdienu litoterapeiti uzskata, ka &scaron;ie akme\u0146i paaugstina   imunit\u0101ti, dod cilv\u0113kam prieka un miera saj\u016btu. Turmal\u012bns uzlabo atmi\u0146u,   no\u0146em reibo\u0146us, att\u012bra asinsvadus, uzl\u0101d\u0113 plazmu. Teko&scaron;s \u016bdens var   no\u0146emt lieku akmens l\u0101di\u0146u,t\u0101d\u0113\u013c, lai to atkal uzl\u0101d\u0113tu akmens mazliet   j\u0101patur saul\u0113.  Senatn\u0113 melnus turmal\u012bnus izmantoja burvest\u012bbai. Citas  kr\u0101su akme\u0146i,  piem\u0113ram za\u013ci, atmodina cilv\u0113k\u0101 rado&scaron;os sp\u0113kus, atver  jaunus talantus.  Eiropas valst\u012bs no &scaron;iem akme\u0146iem br\u012bnumdari gatavoja  amuletus. Turmal\u012bns  sarg\u0101 cilv\u0113kus, kas dzimu&scaron;i Lauvas, Me\u017e\u0101\u017ea un  Str\u0113lnieka z\u012bm\u0113s. Tiem  vi\u0146&scaron; pal\u012bdz att\u012bst\u012bt talantus, sarg\u0101 no  alkoholisk\u0101s un narkotisk\u0101s  atkar\u012bbas, harmoniz\u0113 ar apk\u0101rt\u0113jo pasauli.  P\u0113c speci\u0101listu dom\u0101m  turmal\u012bnu nedr\u012bkst n\u0113s\u0101t past\u0101v\u012bgi, jo tas var  kait\u0113t cilv\u0113ka  psihiskajai vesel\u012bbai, izsaucot uzm\u0101c\u012bgas domas un radot  sagroz\u012btu  priek&scaron;statu par situ\u0101ciju.  Turmal\u012bns (no sing\u0101\u013cu turamali &ndash;  &bdquo;pelnus pievelko&scaron;ais akmens&rdquo;) ir  termins, kas apz\u012bm\u0113 radniec\u012bga  \u0137\u012bmisk\u0101 sast\u0101va un krist\u0101lisk\u0101s  strukt\u016bras miner\u0101lu grupu.  Vien\u0101 no  smalkgraudaina gran\u012bta veidiem &ndash; apl\u012bt\u0101 bie\u017ei sastopami mazi  turmal\u012bna  krist\u0101li\u0146i. &Scaron;\u0101ds gran\u012bts nav retums ar\u012b Latvij\u0101. Turmal\u012bna  krist\u0101lu  virsmai rakstur\u012bgs vertik\u0101ls sv\u012btrojums. Turmal\u012bniem  rakstur\u012bgas  visda\u017e\u0101d\u0101k\u0101s kr\u0101sas &ndash; melna, zila, br\u016bna, dzeltena, za\u013ca,  sarkana,  s\u0101rta, violeta utt. \u013boti reti turmal\u012bns ir bezkr\u0101sas, tai pat  laik\u0101  bie\u017ei sastopami daudzkr\u0101saini krist\u0101li &ndash; stabveida krist\u0101ls var   vair\u0101kk\u0101rt main\u012bt kr\u0101su no viena gala l\u012bdz otram, kr\u0101sas var main\u012bties   ar\u012b &scaron;\u0137\u0113rs\u0101m krist\u0101la garenasij. Viens no popul\u0101riem turmal\u012bna paveidiem   ir arb\u016bza turmal\u012bns &ndash; vien\u0101 gal\u0101 za\u013c&scaron; un otr\u0101 &ndash; sarkans. Da\u017eiem   turmal\u012bna paveidiem piem\u012bt pleohroisms &ndash; skatoties da\u017e\u0101dos krist\u0101la   virzienos main\u0101s t\u0101 kr\u0101sa.  Turmal\u012bnu grupas miner\u0101li atrodami vis\u0101  pasaul\u0113, ta\u010du no katriem 20  turmal\u012bna krist\u0101liem 19 b\u016bs viena turmal\u012bnu  grupas miner\u0101la &#8211; &scaron;erla  krist\u0101li. &Scaron;erls bie\u017ei sastopams ar\u012b Latvij\u0101  atrodamajos gran\u012btos.  Polihroms turmal\u012bna krist\u0101ls no Madagaskaras.   Turmal\u012bns vien\u012bgais miner\u0101ls, kuram ir m\u016b\u017e\u012bgs ener\u0123ijas avots- saule.   Vien\u012bgais, kuram ir past\u0101v\u012bgs elektriskais l\u0101di\u0146&scaron;, (t\u0101d\u0113\u013c vi\u0146u v\u0113l sauc   par krist\u0101lisko magn\u0113tu).  Piln\u012bgi nekait\u012bgs, ar unik\u0101l\u0101m \u012bpa&scaron;\u012bb\u0101m,  kuras izmanto medic\u012bn\u0101.  Turmal\u012bns uzs\u016bc negat\u012bvo ener\u0123iju, bet izstaro  infrasarkano-saules  dz\u012bv\u012bbas ener\u0123iju. Saskaroties ar cilv\u0113ka \u0137erme\u0146a  siltumu vi\u0146&scaron; rada zemas frekvences  elektrisko lauku un izstaro anionus,  t\u0101d\u0101 veid\u0101:      uzlabo vielu mai\u0146u,     uzlabo lok\u0101lo asinsriti,      atjauno limfatisk\u0101s sist\u0113mas darb\u012bbu,     atjauno endokr\u012bno un hormon\u0101lo  sist\u0113mu,     uzlabo org\u0101nu un audu baro&scaron;anas kvalit\u0101ti,     uzlabo  imunit\u0101ti,     l\u012bdzsvaro ve\u0123etat\u012bvo nervu sist\u0113mu,     dod organismam  dz\u012bv\u012bbas ener\u0123iju,     uzlabo asins kvalit\u0101ti, stimul\u0113 asinsriti un  samazina asinsbiezumu,  att\u012bra asinsvadus, uzl\u0101d\u0113 plazmu,     pielieto  t\u016bsku, aknu, nieru un ur\u012bnp\u016b&scaron;\u013ca slim\u012bbu \u0101rst\u0113&scaron;anai,     uzlabo miegu,      atjauno nervu sist\u0113mu p\u0113c stresa situ\u0101cij\u0101m,     uzlabo sejas kr\u0101su,      nostiprina potenci un dzimumorg\u0101nu funkcijas,     uzlabo redzi un  atmi\u0146u,     samazina galvass\u0101pes,     no\u0146em smakas, ir antibakteri\u0101ls,      100% pasarg\u0101 no elektromagn\u0113tisk\u0101 starojuma.  !!! Turmal\u012bna  izstr\u0101d\u0101jumus pielieto:      osteoblasta funkciju stimul\u0113&scaron;anai,      loc\u012btavu un kaulu audu atjauno&scaron;anai,     loc\u012btavu &scaron;\u0137idruma izdal\u012b&scaron;an\u0101s  un lab\u0101kas locitavu virsmu  &quot;iee\u013c\u013co&scaron;anas&quot; veicin\u0101&scaron;anai,     loc\u012btavu  ener\u0123ijas un asinsrites normaliz\u0113&scaron;anai,     aukstuma un mitruma rad\u012btu  simptomu nov\u0113r&scaron;anai,     musku\u013cu s\u0101pju un sasprindzin\u0101juma no\u0146em&scaron;anai,      loc\u012btavu nolietojuma (nodil&scaron;anas) samazin\u0101&scaron;anai,     k\u0101 ar\u012b, nervu  sasprindzin\u0101juma, stressa, noguruma; kr\u016b&scaron;u un jostas  da\u013cas  osteohondrozes, starpskrieme\u013cu brukas (tr\u016bces),     koksartrozes,  ce\u013cgalu artrozes, varikozo v\u0113nu, k\u0101ju piepampuma,  prostat\u012bta  gad\u012bjumos;g\u016b\u017eu,iegur\u0146a, aug&scaron;stilbu un k\u0101ju musku\u013cu s\u0101pju  gad\u012bjumos.   Atsevi&scaron;\u0137us izstr\u0101d\u0101jumus pielieto ar\u012b matiem, p\u0113d\u0101m,rok\u0101m, ac\u012bm, ut.t.   Simboliz\u0113 iek&scaron;\u0113jo un \u0101r\u0113jo harmoniju, l\u012bdzsvaro. Turmal\u012bns saist\u012bts ar   m\u012blest\u012bbu, laimi un uzvar\u0101m, kas attiecas uz v\u012brie&scaron;iem. Piln\u012bb\u0101   transform\u0113 seksu\u0101lo ener\u0123iju, stiprina laul\u012bbas saites, v\u012brie&scaron;iem   pastiprina potenci.  Turmal\u012bns labv\u0113l\u012bgi iedarbojas uz endokr\u012bno  sist\u0113mu. Paaugstina  imunit\u0101ti, dod cilv\u0113kam prieka un miera saj\u016btu.  Uzlabo atmi\u0146u, no\u0146em  reibo\u0146us, att\u012bra asinsvadus, uzl\u0101d\u0113 plazmu. Lai  akmeni uzl\u0101d\u0113tu, to  j\u0101patur saul\u0113. Akmens iedarb\u012bba ir atkar\u012bga no  kr\u0101sas.  Za\u013cais turmal\u012bns pal\u012bdz aknu saslim&scaron;anas gad\u012bjumos, regul\u0113   asinsspiedienu, palielina rado&scaron;os sp\u0113kus, atjauno emocion\u0101lo l\u012bdzsvaru,   att\u012bsta talantus.  Zilais turmal\u012bns no\u0146em sasprindzin\u0101jumu, atvieglo  stresa situ\u0101cijas,  uzlabo miegu, atbr\u012bvojot no nakts murgiem.  Gai&scaron;i  zilais turmal\u012bns pal\u012bdz uzlabot redzi, no\u0146em galvass\u0101pes,  atbr\u012bvoties  no sl\u0113ptaj\u0101m emocij\u0101m, dod miera saj\u016btu un sp\u0113ju viegli  komunic\u0113t.   Arb\u016bza kr\u0101sas turmal\u012bns piesaista m\u012blest\u012bbu, regul\u0113 cilv\u0113ka v\u012bri&scaron;\u0137o un   sievi&scaron;\u0137o ener\u0123iju, jo akmens za\u013c\u0101 da\u013ca baro dz\u012bves sp\u0113ku, roz\u0101 da\u013ca &#8211;   harmoniz\u0113.  Ave\u0146u kr\u0101sas turmal\u012bns piem\u0113rots m\u0101ksliniekiem, dod rado&scaron;os  sp\u0113kus.  Melnais turmal\u012bns ir \u013coti sp\u0113c\u012bgs akmens, kas nes veiksmi, labs   profilaktisks l\u012bdzeklis saaukst\u0113&scaron;an\u0101s gad\u012bjumos. Senatn\u0113 melno  turmal\u012bnu  izmantoja burvest\u012bb\u0101s.  Sarkanais turmal\u012bns vairo kaisli,  dz\u012bves m\u012blest\u012bbu. Tas vairo iedvesmu  un drosmi aizsarg\u0101t tos, ko m\u012bl  akmens n\u0113s\u0101t\u0101js. Pal\u012bdz p\u0101rvar\u0113t bailes,  saist\u012btas ar izdz\u012bvo&scaron;anu un  dro&scaron;\u012bbu.  Ieteicams turmal\u012bna talismanus sieviet\u0113m glab\u0101t zem spilvena,  bet  v\u012brie&scaron;iem &#8211; vislab\u0101k tur\u0113t bik&scaron;u kabat\u0101. Nav ieteicams akmeni n\u0113s\u0101t   past\u0101v\u012bgi, lai nesagroz\u012btu priek&scaron;statu par situ\u0101ciju.  Visvair\u0101k  piem\u0113rots Lauvas, Me\u017e\u0101\u017ea un Str\u0113lnieka z\u012bm\u0113 dzimu&scaron;ajiem.  Akmens tos  aizsarg\u0101, harmoniz\u0113 ar apk\u0101rt\u0113jo pasauli  rstniecisk\u0101s \u012bpa&scaron;\u012bbas:       Tautas medic\u012bn\u0101 past\u0101v uzskats, ka turmal\u012bns iedarboj\u0101s uz endokr\u012bno   sist\u0113mu. &Scaron;\u0101 miner\u0101la \u0101rstniecisk\u0101 darb\u012bba ir atkar\u012bga no t\u0101 kr\u0101sas.      Za\u013cas kr\u0101sas akme\u0146i pal\u012bdz pie aknu saslim&scaron;an\u0101m. Zili turmal\u012bni  no\u0146em  nervozu sasprindzin\u0101jumu, atvieglo stresu situ\u0101ciju sekas, uzlabo   miegu, atbr\u012bvo no bezmiega un nakts murgiem. P\u0113c da\u017eu tautas dziednieku   uzskatiem melnas kr\u0101sas akme\u0146i ir labs profilaktisks l\u012bdzeklis   saaukst\u0113&scaron;an\u0101s slim\u012bbu gad\u012bjum\u0101. Gai&scaron;zili turmal\u012bni uzlabo redzi, no\u0146em   galvass\u0101pes.     M\u016bsdienu litoterapeiti uzskata, ka &scaron;ie akme\u0146i  paaugstina imunit\u0101ti,  dod cilv\u0113kam prieka un miera saj\u016btu. Turmal\u012bns  uzlabo atmi\u0146u, no\u0146em  reibo\u0146us, att\u012bra asinsvadus, uzl\u0101d\u0113 plazmu.      Kopum\u0101 turmal\u012bni uzlabo miegu, harmoniz\u0113 endokr\u012bno sist\u0113mu un   im\u016bnsist\u0113mu.     J\u0101atz\u012bm\u0113 ar\u012b turmal\u012bna labv\u0113l\u012bg\u0101 ietekme, pal\u012bdzot  \u0101rst\u0113t  onkolo\u0123isk\u0101s saslim&scaron;anas, nervu saslim&scaron;an\u0101m un pret stresu,  sarkanie-  veicin\u0101s vielmai\u0146u, uzlabos sejas \u0101du, stiprina potenci un  seksu\u0101lo  funkciju, uzlabo asinsriti.  Ma\u0123isk\u0101s \u012bpa&scaron;\u012bbas:      Senatn\u0113  melnus turmal\u012bnus izmantoja burvest\u012bbai. Citas kr\u0101su akme\u0146i,  piem\u0113ram  za\u013ci, atmodina cilv\u0113k\u0101 rado&scaron;os sp\u0113kus, atver jaunus talantus.  Eiropas  valst\u012bs no &scaron;iem akme\u0146iem br\u012bnumdari gatavoja amuletus.     Turmal\u012bns  sarg\u0101 cilv\u0113kus, kas dzimu&scaron;i Lauvas, Me\u017e\u0101\u017ea un Str\u0113lnieka  z\u012bm\u0113s. Tiem  vi\u0146&scaron; pal\u012bdz att\u012bst\u012bt talantus, sarg\u0101 no alkoholisk\u0101s un  narkotisk\u0101s  atkar\u012bbas, harmoniz\u0113 ar apk\u0101rt\u0113jo pasauli. P\u0113c speci\u0101listu  dom\u0101m  turmal\u012bnu nedr\u012bkst n\u0113s\u0101t past\u0101v\u012bgi, jo tas var kait\u0113t cilv\u0113ka   psihiskajai vesel\u012bbai, izsaucot uzm\u0101c\u012bgas domas un radot sagroz\u012btu   priek&scaron;statu par situ\u0101ciju.<\/p>\n<p><\/body><br \/>\n<\/html><\/p>\n","protected":false},"excerpt":{"rendered":"<p>Untitled document Tautas medic\u012bn\u0101 past\u0101v uzskats, ka turmal\u012bns iedarboj\u0101s uz endokr\u012bno sist\u0113mu. &Scaron;\u0101 miner\u0101la \u0101rstniecisk\u0101 darb\u012bba ir atkar\u012bga no t\u0101<\/p>\n","protected":false},"featured_media":11487,"template":"","meta":[],"product_brand":[],"product_cat":[2293,2294],"product_tag":[],"class_list":{"0":"post-34945","1":"product","2":"type-product","3":"status-publish","4":"has-post-thumbnail","6":"product_cat-dabiskie-akmeni-rokasspradzess-auskari-gredzeni-lv","7":"product_cat-rokasspradzes-lv-lv-2","9":"first","10":"instock","11":"taxable","12":"shipping-taxable","13":"purchasable","14":"product-type-simple"},"yoast_head":"<!-- This site is optimized with the Yoast SEO Premium plugin v27.0 (Yoast SEO v27.0) - https:\/\/yoast.com\/product\/yoast-seo-premium-wordpress\/ -->\n<title>12 -14mm Rokaspr\u0101dze natur\u0101lie akme\u0146i Turmal\u012bns un roz\u0101 kvarcs m\u012blest\u012bbas akmens - cosmetic.lv<\/title>\n<meta name=\"robots\" content=\"index, follow, max-snippet:-1, max-image-preview:large, max-video-preview:-1\" \/>\n<link rel=\"canonical\" href=\"https:\/\/cosmetic.lv\/lv\/product\/12-14mm-rokaspradze-naturalie-akmeni-turmalins-un-roza-kvarcs-milestibas-akmens\/\" \/>\n<meta property=\"og:locale\" content=\"lv_LV\" \/>\n<meta property=\"og:type\" content=\"article\" \/>\n<meta property=\"og:title\" content=\"12 -14mm Rokaspr\u0101dze natur\u0101lie akme\u0146i Turmal\u012bns un roz\u0101 kvarcs m\u012blest\u012bbas akmens\" \/>\n<meta property=\"og:description\" content=\"Untitled document Tautas medic\u012bn\u0101 past\u0101v uzskats, ka turmal\u012bns iedarboj\u0101s uz endokr\u012bno sist\u0113mu. &Scaron;\u0101 miner\u0101la \u0101rstniecisk\u0101 darb\u012bba ir atkar\u012bga no t\u0101\" \/>\n<meta property=\"og:url\" content=\"https:\/\/cosmetic.lv\/lv\/product\/12-14mm-rokaspradze-naturalie-akmeni-turmalins-un-roza-kvarcs-milestibas-akmens\/\" \/>\n<meta property=\"og:site_name\" content=\"cosmetic.lv\" \/>\n<meta property=\"article:publisher\" content=\"https:\/\/www.facebook.com\/cosmetic.lv\/\" \/>\n<meta property=\"article:modified_time\" content=\"2021-02-06T17:59:37+00:00\" \/>\n<meta property=\"og:image\" content=\"https:\/\/cosmetic.lv\/wp-content\/uploads\/2021\/02\/20200405_1301111.jpg\" \/>\n\t<meta property=\"og:image:width\" content=\"800\" \/>\n\t<meta property=\"og:image:height\" content=\"450\" \/>\n\t<meta property=\"og:image:type\" content=\"image\/jpeg\" \/>\n<meta name=\"twitter:card\" content=\"summary_large_image\" \/>\n<script type=\"application\/ld+json\" class=\"yoast-schema-graph\">{\"@context\":\"https:\/\/schema.org\",\"@graph\":[{\"@type\":\"WebPage\",\"@id\":\"https:\/\/cosmetic.lv\/lv\/product\/12-14mm-rokaspradze-naturalie-akmeni-turmalins-un-roza-kvarcs-milestibas-akmens\/\",\"url\":\"https:\/\/cosmetic.lv\/lv\/product\/12-14mm-rokaspradze-naturalie-akmeni-turmalins-un-roza-kvarcs-milestibas-akmens\/\",\"name\":\"12 -14mm Rokaspr\u0101dze natur\u0101lie akme\u0146i Turmal\u012bns un roz\u0101 kvarcs m\u012blest\u012bbas akmens - cosmetic.lv\",\"isPartOf\":{\"@id\":\"https:\/\/cosmetic.lv\/lv\/#website\"},\"primaryImageOfPage\":{\"@id\":\"https:\/\/cosmetic.lv\/lv\/product\/12-14mm-rokaspradze-naturalie-akmeni-turmalins-un-roza-kvarcs-milestibas-akmens\/#primaryimage\"},\"image\":{\"@id\":\"https:\/\/cosmetic.lv\/lv\/product\/12-14mm-rokaspradze-naturalie-akmeni-turmalins-un-roza-kvarcs-milestibas-akmens\/#primaryimage\"},\"thumbnailUrl\":\"https:\/\/cosmetic.lv\/wp-content\/uploads\/2021\/02\/20200405_1301111.jpg\",\"datePublished\":\"2021-02-06T17:59:33+00:00\",\"dateModified\":\"2021-02-06T17:59:37+00:00\",\"breadcrumb\":{\"@id\":\"https:\/\/cosmetic.lv\/lv\/product\/12-14mm-rokaspradze-naturalie-akmeni-turmalins-un-roza-kvarcs-milestibas-akmens\/#breadcrumb\"},\"inLanguage\":\"lv-LV\",\"potentialAction\":[{\"@type\":\"ReadAction\",\"target\":[\"https:\/\/cosmetic.lv\/lv\/product\/12-14mm-rokaspradze-naturalie-akmeni-turmalins-un-roza-kvarcs-milestibas-akmens\/\"]}]},{\"@type\":\"ImageObject\",\"inLanguage\":\"lv-LV\",\"@id\":\"https:\/\/cosmetic.lv\/lv\/product\/12-14mm-rokaspradze-naturalie-akmeni-turmalins-un-roza-kvarcs-milestibas-akmens\/#primaryimage\",\"url\":\"https:\/\/cosmetic.lv\/wp-content\/uploads\/2021\/02\/20200405_1301111.jpg\",\"contentUrl\":\"https:\/\/cosmetic.lv\/wp-content\/uploads\/2021\/02\/20200405_1301111.jpg\",\"width\":800,\"height\":450,\"caption\":\"20200405_130111[1].jpg\"},{\"@type\":\"BreadcrumbList\",\"@id\":\"https:\/\/cosmetic.lv\/lv\/product\/12-14mm-rokaspradze-naturalie-akmeni-turmalins-un-roza-kvarcs-milestibas-akmens\/#breadcrumb\",\"itemListElement\":[{\"@type\":\"ListItem\",\"position\":1,\"name\":\"Home\",\"item\":\"https:\/\/cosmetic.lv\/lv\/\"},{\"@type\":\"ListItem\",\"position\":2,\"name\":\"Veikals\",\"item\":\"https:\/\/cosmetic.lv\/lv\/veiklas\/\"},{\"@type\":\"ListItem\",\"position\":3,\"name\":\"12 -14mm Rokaspr\u0101dze natur\u0101lie akme\u0146i Turmal\u012bns un roz\u0101 kvarcs m\u012blest\u012bbas akmens\"}]},{\"@type\":\"WebSite\",\"@id\":\"https:\/\/cosmetic.lv\/lv\/#website\",\"url\":\"https:\/\/cosmetic.lv\/lv\/\",\"name\":\"cosmetic.lv\",\"description\":\"Profesion\u0101la kosm\u0113tika - Maria Galland, Keune, Arkadija, GMT, Guam, Magiray\",\"publisher\":{\"@id\":\"https:\/\/cosmetic.lv\/lv\/#organization\"},\"potentialAction\":[{\"@type\":\"SearchAction\",\"target\":{\"@type\":\"EntryPoint\",\"urlTemplate\":\"https:\/\/cosmetic.lv\/lv\/?s={search_term_string}\"},\"query-input\":{\"@type\":\"PropertyValueSpecification\",\"valueRequired\":true,\"valueName\":\"search_term_string\"}}],\"inLanguage\":\"lv-LV\"},{\"@type\":\"Organization\",\"@id\":\"https:\/\/cosmetic.lv\/lv\/#organization\",\"name\":\"COSMETIC.LV\",\"url\":\"https:\/\/cosmetic.lv\/lv\/\",\"logo\":{\"@type\":\"ImageObject\",\"inLanguage\":\"lv-LV\",\"@id\":\"https:\/\/cosmetic.lv\/lv\/#\/schema\/logo\/image\/\",\"url\":\"https:\/\/cosmetic.lv\/wp-content\/uploads\/2021\/02\/cosmetic.lv_logo.jpg\",\"contentUrl\":\"https:\/\/cosmetic.lv\/wp-content\/uploads\/2021\/02\/cosmetic.lv_logo.jpg\",\"width\":596,\"height\":196,\"caption\":\"COSMETIC.LV\"},\"image\":{\"@id\":\"https:\/\/cosmetic.lv\/lv\/#\/schema\/logo\/image\/\"},\"sameAs\":[\"https:\/\/www.facebook.com\/cosmetic.lv\/\"]}]}<\/script>\n<meta property=\"product:price:amount\" content=\"14.62\" \/>\n<meta property=\"product:price:currency\" content=\"EUR\" \/>\n<meta property=\"og:availability\" content=\"instock\" \/>\n<meta property=\"product:availability\" content=\"instock\" \/>\n<meta property=\"product:retailer_item_id\" content=\"turroz\" \/>\n<meta property=\"product:condition\" content=\"new\" \/>\n<!-- \/ Yoast SEO Premium plugin. -->","yoast_head_json":{"title":"12 -14mm Rokaspr\u0101dze natur\u0101lie akme\u0146i Turmal\u012bns un roz\u0101 kvarcs m\u012blest\u012bbas akmens - cosmetic.lv","robots":{"index":"index","follow":"follow","max-snippet":"max-snippet:-1","max-image-preview":"max-image-preview:large","max-video-preview":"max-video-preview:-1"},"canonical":"https:\/\/cosmetic.lv\/lv\/product\/12-14mm-rokaspradze-naturalie-akmeni-turmalins-un-roza-kvarcs-milestibas-akmens\/","og_locale":"lv_LV","og_type":"article","og_title":"12 -14mm Rokaspr\u0101dze natur\u0101lie akme\u0146i Turmal\u012bns un roz\u0101 kvarcs m\u012blest\u012bbas akmens","og_description":"Untitled document Tautas medic\u012bn\u0101 past\u0101v uzskats, ka turmal\u012bns iedarboj\u0101s uz endokr\u012bno sist\u0113mu. &Scaron;\u0101 miner\u0101la \u0101rstniecisk\u0101 darb\u012bba ir atkar\u012bga no t\u0101","og_url":"https:\/\/cosmetic.lv\/lv\/product\/12-14mm-rokaspradze-naturalie-akmeni-turmalins-un-roza-kvarcs-milestibas-akmens\/","og_site_name":"cosmetic.lv","article_publisher":"https:\/\/www.facebook.com\/cosmetic.lv\/","article_modified_time":"2021-02-06T17:59:37+00:00","og_image":[{"width":800,"height":450,"url":"https:\/\/cosmetic.lv\/wp-content\/uploads\/2021\/02\/20200405_1301111.jpg","type":"image\/jpeg"}],"twitter_card":"summary_large_image","schema":{"@context":"https:\/\/schema.org","@graph":[{"@type":"WebPage","@id":"https:\/\/cosmetic.lv\/lv\/product\/12-14mm-rokaspradze-naturalie-akmeni-turmalins-un-roza-kvarcs-milestibas-akmens\/","url":"https:\/\/cosmetic.lv\/lv\/product\/12-14mm-rokaspradze-naturalie-akmeni-turmalins-un-roza-kvarcs-milestibas-akmens\/","name":"12 -14mm Rokaspr\u0101dze natur\u0101lie akme\u0146i Turmal\u012bns un roz\u0101 kvarcs m\u012blest\u012bbas akmens - cosmetic.lv","isPartOf":{"@id":"https:\/\/cosmetic.lv\/lv\/#website"},"primaryImageOfPage":{"@id":"https:\/\/cosmetic.lv\/lv\/product\/12-14mm-rokaspradze-naturalie-akmeni-turmalins-un-roza-kvarcs-milestibas-akmens\/#primaryimage"},"image":{"@id":"https:\/\/cosmetic.lv\/lv\/product\/12-14mm-rokaspradze-naturalie-akmeni-turmalins-un-roza-kvarcs-milestibas-akmens\/#primaryimage"},"thumbnailUrl":"https:\/\/cosmetic.lv\/wp-content\/uploads\/2021\/02\/20200405_1301111.jpg","datePublished":"2021-02-06T17:59:33+00:00","dateModified":"2021-02-06T17:59:37+00:00","breadcrumb":{"@id":"https:\/\/cosmetic.lv\/lv\/product\/12-14mm-rokaspradze-naturalie-akmeni-turmalins-un-roza-kvarcs-milestibas-akmens\/#breadcrumb"},"inLanguage":"lv-LV","potentialAction":[{"@type":"ReadAction","target":["https:\/\/cosmetic.lv\/lv\/product\/12-14mm-rokaspradze-naturalie-akmeni-turmalins-un-roza-kvarcs-milestibas-akmens\/"]}]},{"@type":"ImageObject","inLanguage":"lv-LV","@id":"https:\/\/cosmetic.lv\/lv\/product\/12-14mm-rokaspradze-naturalie-akmeni-turmalins-un-roza-kvarcs-milestibas-akmens\/#primaryimage","url":"https:\/\/cosmetic.lv\/wp-content\/uploads\/2021\/02\/20200405_1301111.jpg","contentUrl":"https:\/\/cosmetic.lv\/wp-content\/uploads\/2021\/02\/20200405_1301111.jpg","width":800,"height":450,"caption":"20200405_130111[1].jpg"},{"@type":"BreadcrumbList","@id":"https:\/\/cosmetic.lv\/lv\/product\/12-14mm-rokaspradze-naturalie-akmeni-turmalins-un-roza-kvarcs-milestibas-akmens\/#breadcrumb","itemListElement":[{"@type":"ListItem","position":1,"name":"Home","item":"https:\/\/cosmetic.lv\/lv\/"},{"@type":"ListItem","position":2,"name":"Veikals","item":"https:\/\/cosmetic.lv\/lv\/veiklas\/"},{"@type":"ListItem","position":3,"name":"12 -14mm Rokaspr\u0101dze natur\u0101lie akme\u0146i Turmal\u012bns un roz\u0101 kvarcs m\u012blest\u012bbas akmens"}]},{"@type":"WebSite","@id":"https:\/\/cosmetic.lv\/lv\/#website","url":"https:\/\/cosmetic.lv\/lv\/","name":"cosmetic.lv","description":"Profesion\u0101la kosm\u0113tika - Maria Galland, Keune, Arkadija, GMT, Guam, Magiray","publisher":{"@id":"https:\/\/cosmetic.lv\/lv\/#organization"},"potentialAction":[{"@type":"SearchAction","target":{"@type":"EntryPoint","urlTemplate":"https:\/\/cosmetic.lv\/lv\/?s={search_term_string}"},"query-input":{"@type":"PropertyValueSpecification","valueRequired":true,"valueName":"search_term_string"}}],"inLanguage":"lv-LV"},{"@type":"Organization","@id":"https:\/\/cosmetic.lv\/lv\/#organization","name":"COSMETIC.LV","url":"https:\/\/cosmetic.lv\/lv\/","logo":{"@type":"ImageObject","inLanguage":"lv-LV","@id":"https:\/\/cosmetic.lv\/lv\/#\/schema\/logo\/image\/","url":"https:\/\/cosmetic.lv\/wp-content\/uploads\/2021\/02\/cosmetic.lv_logo.jpg","contentUrl":"https:\/\/cosmetic.lv\/wp-content\/uploads\/2021\/02\/cosmetic.lv_logo.jpg","width":596,"height":196,"caption":"COSMETIC.LV"},"image":{"@id":"https:\/\/cosmetic.lv\/lv\/#\/schema\/logo\/image\/"},"sameAs":["https:\/\/www.facebook.com\/cosmetic.lv\/"]}]},"product_price_amount":"14.62","product_price_currency":"EUR","og_availability":"instock","product_availability":"instock","product_retailer_item_id":"turroz","product_condition":"new"},"_links":{"self":[{"href":"https:\/\/cosmetic.lv\/lv\/wp-json\/wp\/v2\/product\/34945","targetHints":{"allow":["GET"]}}],"collection":[{"href":"https:\/\/cosmetic.lv\/lv\/wp-json\/wp\/v2\/product"}],"about":[{"href":"https:\/\/cosmetic.lv\/lv\/wp-json\/wp\/v2\/types\/product"}],"wp:featuredmedia":[{"embeddable":true,"href":"https:\/\/cosmetic.lv\/lv\/wp-json\/wp\/v2\/media\/11487"}],"wp:attachment":[{"href":"https:\/\/cosmetic.lv\/lv\/wp-json\/wp\/v2\/media?parent=34945"}],"wp:term":[{"taxonomy":"product_brand","embeddable":true,"href":"https:\/\/cosmetic.lv\/lv\/wp-json\/wp\/v2\/product_brand?post=34945"},{"taxonomy":"product_cat","embeddable":true,"href":"https:\/\/cosmetic.lv\/lv\/wp-json\/wp\/v2\/product_cat?post=34945"},{"taxonomy":"product_tag","embeddable":true,"href":"https:\/\/cosmetic.lv\/lv\/wp-json\/wp\/v2\/product_tag?post=34945"}],"curies":[{"name":"wp","href":"https:\/\/api.w.org\/{rel}","templated":true}]}}