{"id":34956,"date":"2021-02-06T19:59:41","date_gmt":"2021-02-06T17:59:41","guid":{"rendered":"https:\/\/damme.lv\/product\/vakuuma-silikona-burkas-4-gab\/"},"modified":"2023-07-26T15:47:56","modified_gmt":"2023-07-26T12:47:56","slug":"vakuuma-silikona-burkas-4-gab","status":"publish","type":"product","link":"https:\/\/cosmetic.lv\/lv\/product\/vakuuma-silikona-burkas-4-gab\/","title":{"rendered":"Vakuuma silikona burkas 4 gab"},"content":{"rendered":"<p>Silikona mas\u0101\u017eas kausi tiek izmantoti, lai uzlabotu terapeitisk\u0101s mas\u0101\u017eas efektu un izlabotu \u0137erme\u0146a vizu\u0101los defektus (anticelul\u012bta mas\u0101\u017ea). Mas\u0101\u017eas kausi &#8211; efekt\u012bva salona mas\u0101\u017ea m\u0101j\u0101s.<br \/>\nTerapeitisko efektu rada palielinot limfas un asi\u0146u cirkul\u0101ciju \u0101d\u0101, musku\u013cos un zem\u0101das taukaudos, kas rada pozit\u012bvu refleksu efektu uz iek\u0161\u0113jo org\u0101nu traukiem, uzlabojot trofismu un izvadot toks\u012bnus. Proced\u016bras laik\u0101 audos tiek ra\u017eotas biolo\u0123iski akt\u012bvas vielas, kas veicina audu re\u0123ener\u0101cijas pa\u0101trin\u0101\u0161anos un uzlabo vielmai\u0146as procesus.<br \/>\nGumijas mas\u0101\u017eas kannu ietekm\u0113 uzlabojas perif\u0113ra asinsrite, uzlabojas asins pl\u016bsma mikrovaskul\u0101cij\u0101, izz\u016bd sastr\u0113gums audos un palielin\u0101s sk\u0101bek\u013ca pat\u0113ri\u0146\u0161 \u0161\u016bn\u0101m mas\u0101\u017eas zon\u0101. Jau p\u0113c da\u017e\u0101m sesij\u0101m \u0101da ieg\u016bst elast\u012bbu, atjauno, lab\u0101k pretojas vides stresa faktoriem, ieg\u016bstot elast\u012bbu un jaunekl\u012bgu izskatu.<br \/>\nGumijas mas\u0101\u017eas kausi pal\u012bdz att\u012br\u012bt aizs\u0113r\u0113ju\u0161os tauku un sviedru dziedzerus, no\u0146emot vielmai\u0146as produktus no \u0101das (ur\u012bnviela, acetons, s\u0101\u013ci, toks\u012bni).<br \/>\nAr silikona mas\u0101\u017eas kannu pal\u012bdz\u012bbu j\u016bs varat viegli atrisin\u0101t \u0161\u0101das probl\u0113mas:<br \/>\n&#8211; celul\u012bta nov\u0113r\u0161ana un likvid\u0113\u0161ana;<br \/>\n&#8211; striju un r\u0113tu likvid\u0113\u0161ana;<br \/>\n&#8211; \u0101das noveco\u0161an\u0101s nov\u0113r\u0161ana;<br \/>\n&#8211; sildo\u0161a mas\u0101\u017ea (piem\u0113ram, sports);<br \/>\n&#8211; svara zudums problem\u0101tiskaj\u0101s viet\u0101s.<br \/>\nK\u0101 mas\u0113t ar silikona mas\u0101\u017eas kr\u016bz\u012bt\u0113m?<br \/>\nLai pan\u0101ktu liel\u0101ku efektivit\u0101ti, mas\u0101\u017eu veic, izmantojot mas\u0101\u017eas e\u013c\u013cu. Gatav\u0101s kannas iem\u0113rc karst\u0101 \u016bden\u012b, lai t\u0101s m\u012bkstin\u0101tu. Burka tiek saspiesta, un jau ies\u016bktais veic mas\u0101\u017eas kust\u012bbas, l\u012bdz par\u0101d\u0101s neliels \u0101das aps\u0101rtums (apm\u0113ram 5-10 min\u016btes).<br \/>\nLai noteiktu kursa ilgumu un medic\u012bnisko manipul\u0101ciju laiku, jums j\u0101konsult\u0113jas ar speci\u0101listu, kur\u0161 kompetenti sast\u0101d\u012bs \u0101rst\u0113\u0161anas pl\u0101nu un p\u0101rliecin\u0101s, ka nav kontrindik\u0101ciju.<br \/>\nKam vajadz\u012bgas mas\u0101\u017eas kausi:<br \/>\n&#8211; Masieri, kuri praktiz\u0113 kosm\u0113tisko, model\u0113\u0161anas vai anticelul\u012bta mas\u0101\u017eu;<br \/>\n&#8211; profesion\u0101li masieri, lai samazin\u0101tu roku slodzi;<br \/>\n&#8211; Sieviet\u0113m celul\u012bta profilaksei;<br \/>\n&#8211; Lai jaun\u0101s m\u0101tes atbr\u012bvotos no strij\u0101m.<br \/>\nDa\u017e\u0101da diametra elast\u012bgas kr\u016bz\u012btes \u013cauj veikt vakuuma mas\u0101\u017eu uz vis\u0101m \u0137erme\u0146a problem\u0101tiskaj\u0101m viet\u0101m, ieskaitot seju, rokas, elko\u0146us. Komplekt\u0101 ir 4 kannas vakuuma mas\u0101\u017eai ar iek\u0161\u0113jo diametru: 25 mm, 35 mm, 50 mm un 60 mm (+\/\u2013 3 mm). Da\u017e\u0101da diametra elast\u012bgas kr\u016bz\u012btes \u013cauj veikt vakuuma mas\u0101\u017eu uz vis\u0101m \u0137erme\u0146a problem\u0101tiskaj\u0101m viet\u0101m, ieskaitot seju, rokas, elko\u0146us.<\/p>\n<p>izm\u0113rs 25mm, 35mm, 50mm, 60mm<\/p>\n<p>&nbsp;<\/p>\n","protected":false},"excerpt":{"rendered":"<p>Silikona mas\u0101\u017eas kausi tiek izmantoti, lai uzlabotu terapeitisk\u0101s mas\u0101\u017eas efektu un izlabotu \u0137erme\u0146a vizu\u0101los defektus (anticelul\u012bta mas\u0101\u017ea). Mas\u0101\u017eas kausi &#8211;<\/p>\n","protected":false},"featured_media":11518,"template":"","meta":[],"product_brand":[],"product_cat":[2231,2235],"product_tag":[],"class_list":{"0":"post-34956","1":"product","2":"type-product","3":"status-publish","4":"has-post-thumbnail","6":"product_cat-atveselojosas-preces-lv","7":"product_cat-kermenim-lv","9":"first","10":"instock","11":"taxable","12":"shipping-taxable","13":"purchasable","14":"product-type-simple"},"yoast_head":"<!-- This site is optimized with the Yoast SEO Premium plugin v27.0 (Yoast SEO v27.0) - https:\/\/yoast.com\/product\/yoast-seo-premium-wordpress\/ -->\n<title>Vakuuma silikona burkas 4 gab - cosmetic.lv<\/title>\n<meta name=\"robots\" content=\"index, follow, max-snippet:-1, max-image-preview:large, max-video-preview:-1\" \/>\n<link rel=\"canonical\" href=\"https:\/\/cosmetic.lv\/lv\/product\/vakuuma-silikona-burkas-4-gab\/\" \/>\n<meta property=\"og:locale\" content=\"lv_LV\" \/>\n<meta property=\"og:type\" content=\"article\" \/>\n<meta property=\"og:title\" content=\"Vakuuma silikona burkas 4 gab\" \/>\n<meta property=\"og:description\" content=\"Silikona mas\u0101\u017eas kausi tiek izmantoti, lai uzlabotu terapeitisk\u0101s mas\u0101\u017eas efektu un izlabotu \u0137erme\u0146a vizu\u0101los defektus (anticelul\u012bta mas\u0101\u017ea). Mas\u0101\u017eas kausi &#8211;\" \/>\n<meta property=\"og:url\" content=\"https:\/\/cosmetic.lv\/lv\/product\/vakuuma-silikona-burkas-4-gab\/\" \/>\n<meta property=\"og:site_name\" content=\"cosmetic.lv\" \/>\n<meta property=\"article:publisher\" content=\"https:\/\/www.facebook.com\/cosmetic.lv\/\" \/>\n<meta property=\"article:modified_time\" content=\"2023-07-26T12:47:56+00:00\" \/>\n<meta property=\"og:image\" content=\"https:\/\/cosmetic.lv\/wp-content\/uploads\/2021\/02\/20200505_1714331.jpg\" \/>\n\t<meta property=\"og:image:width\" content=\"1024\" \/>\n\t<meta property=\"og:image:height\" content=\"576\" \/>\n\t<meta property=\"og:image:type\" content=\"image\/jpeg\" \/>\n<meta name=\"twitter:card\" content=\"summary_large_image\" \/>\n<script type=\"application\/ld+json\" class=\"yoast-schema-graph\">{\"@context\":\"https:\/\/schema.org\",\"@graph\":[{\"@type\":\"WebPage\",\"@id\":\"https:\/\/cosmetic.lv\/lv\/product\/vakuuma-silikona-burkas-4-gab\/\",\"url\":\"https:\/\/cosmetic.lv\/lv\/product\/vakuuma-silikona-burkas-4-gab\/\",\"name\":\"Vakuuma silikona burkas 4 gab - cosmetic.lv\",\"isPartOf\":{\"@id\":\"https:\/\/cosmetic.lv\/lv\/#website\"},\"primaryImageOfPage\":{\"@id\":\"https:\/\/cosmetic.lv\/lv\/product\/vakuuma-silikona-burkas-4-gab\/#primaryimage\"},\"image\":{\"@id\":\"https:\/\/cosmetic.lv\/lv\/product\/vakuuma-silikona-burkas-4-gab\/#primaryimage\"},\"thumbnailUrl\":\"https:\/\/cosmetic.lv\/wp-content\/uploads\/2021\/02\/20200505_1714331.jpg\",\"datePublished\":\"2021-02-06T17:59:41+00:00\",\"dateModified\":\"2023-07-26T12:47:56+00:00\",\"breadcrumb\":{\"@id\":\"https:\/\/cosmetic.lv\/lv\/product\/vakuuma-silikona-burkas-4-gab\/#breadcrumb\"},\"inLanguage\":\"lv-LV\",\"potentialAction\":[{\"@type\":\"ReadAction\",\"target\":[\"https:\/\/cosmetic.lv\/lv\/product\/vakuuma-silikona-burkas-4-gab\/\"]}]},{\"@type\":\"ImageObject\",\"inLanguage\":\"lv-LV\",\"@id\":\"https:\/\/cosmetic.lv\/lv\/product\/vakuuma-silikona-burkas-4-gab\/#primaryimage\",\"url\":\"https:\/\/cosmetic.lv\/wp-content\/uploads\/2021\/02\/20200505_1714331.jpg\",\"contentUrl\":\"https:\/\/cosmetic.lv\/wp-content\/uploads\/2021\/02\/20200505_1714331.jpg\",\"width\":1024,\"height\":576,\"caption\":\"20200505_171433[1].jpg\"},{\"@type\":\"BreadcrumbList\",\"@id\":\"https:\/\/cosmetic.lv\/lv\/product\/vakuuma-silikona-burkas-4-gab\/#breadcrumb\",\"itemListElement\":[{\"@type\":\"ListItem\",\"position\":1,\"name\":\"Home\",\"item\":\"https:\/\/cosmetic.lv\/lv\/\"},{\"@type\":\"ListItem\",\"position\":2,\"name\":\"Veikals\",\"item\":\"https:\/\/cosmetic.lv\/lv\/veiklas\/\"},{\"@type\":\"ListItem\",\"position\":3,\"name\":\"Vakuuma silikona burkas 4 gab\"}]},{\"@type\":\"WebSite\",\"@id\":\"https:\/\/cosmetic.lv\/lv\/#website\",\"url\":\"https:\/\/cosmetic.lv\/lv\/\",\"name\":\"cosmetic.lv\",\"description\":\"Profesion\u0101la kosm\u0113tika - Maria Galland, Keune, Arkadija, GMT, Guam, Magiray\",\"publisher\":{\"@id\":\"https:\/\/cosmetic.lv\/lv\/#organization\"},\"potentialAction\":[{\"@type\":\"SearchAction\",\"target\":{\"@type\":\"EntryPoint\",\"urlTemplate\":\"https:\/\/cosmetic.lv\/lv\/?s={search_term_string}\"},\"query-input\":{\"@type\":\"PropertyValueSpecification\",\"valueRequired\":true,\"valueName\":\"search_term_string\"}}],\"inLanguage\":\"lv-LV\"},{\"@type\":\"Organization\",\"@id\":\"https:\/\/cosmetic.lv\/lv\/#organization\",\"name\":\"COSMETIC.LV\",\"url\":\"https:\/\/cosmetic.lv\/lv\/\",\"logo\":{\"@type\":\"ImageObject\",\"inLanguage\":\"lv-LV\",\"@id\":\"https:\/\/cosmetic.lv\/lv\/#\/schema\/logo\/image\/\",\"url\":\"https:\/\/cosmetic.lv\/wp-content\/uploads\/2021\/02\/cosmetic.lv_logo.jpg\",\"contentUrl\":\"https:\/\/cosmetic.lv\/wp-content\/uploads\/2021\/02\/cosmetic.lv_logo.jpg\",\"width\":596,\"height\":196,\"caption\":\"COSMETIC.LV\"},\"image\":{\"@id\":\"https:\/\/cosmetic.lv\/lv\/#\/schema\/logo\/image\/\"},\"sameAs\":[\"https:\/\/www.facebook.com\/cosmetic.lv\/\"]}]}<\/script>\n<meta property=\"product:price:amount\" content=\"25.11\" \/>\n<meta property=\"product:price:currency\" content=\"EUR\" \/>\n<meta property=\"og:availability\" content=\"instock\" \/>\n<meta property=\"product:availability\" content=\"instock\" \/>\n<meta property=\"product:retailer_item_id\" content=\"vakburk4\" \/>\n<meta property=\"product:condition\" content=\"new\" \/>\n<!-- \/ Yoast SEO Premium plugin. -->","yoast_head_json":{"title":"Vakuuma silikona burkas 4 gab - cosmetic.lv","robots":{"index":"index","follow":"follow","max-snippet":"max-snippet:-1","max-image-preview":"max-image-preview:large","max-video-preview":"max-video-preview:-1"},"canonical":"https:\/\/cosmetic.lv\/lv\/product\/vakuuma-silikona-burkas-4-gab\/","og_locale":"lv_LV","og_type":"article","og_title":"Vakuuma silikona burkas 4 gab","og_description":"Silikona mas\u0101\u017eas kausi tiek izmantoti, lai uzlabotu terapeitisk\u0101s mas\u0101\u017eas efektu un izlabotu \u0137erme\u0146a vizu\u0101los defektus (anticelul\u012bta mas\u0101\u017ea). Mas\u0101\u017eas kausi &#8211;","og_url":"https:\/\/cosmetic.lv\/lv\/product\/vakuuma-silikona-burkas-4-gab\/","og_site_name":"cosmetic.lv","article_publisher":"https:\/\/www.facebook.com\/cosmetic.lv\/","article_modified_time":"2023-07-26T12:47:56+00:00","og_image":[{"width":1024,"height":576,"url":"https:\/\/cosmetic.lv\/wp-content\/uploads\/2021\/02\/20200505_1714331.jpg","type":"image\/jpeg"}],"twitter_card":"summary_large_image","schema":{"@context":"https:\/\/schema.org","@graph":[{"@type":"WebPage","@id":"https:\/\/cosmetic.lv\/lv\/product\/vakuuma-silikona-burkas-4-gab\/","url":"https:\/\/cosmetic.lv\/lv\/product\/vakuuma-silikona-burkas-4-gab\/","name":"Vakuuma silikona burkas 4 gab - cosmetic.lv","isPartOf":{"@id":"https:\/\/cosmetic.lv\/lv\/#website"},"primaryImageOfPage":{"@id":"https:\/\/cosmetic.lv\/lv\/product\/vakuuma-silikona-burkas-4-gab\/#primaryimage"},"image":{"@id":"https:\/\/cosmetic.lv\/lv\/product\/vakuuma-silikona-burkas-4-gab\/#primaryimage"},"thumbnailUrl":"https:\/\/cosmetic.lv\/wp-content\/uploads\/2021\/02\/20200505_1714331.jpg","datePublished":"2021-02-06T17:59:41+00:00","dateModified":"2023-07-26T12:47:56+00:00","breadcrumb":{"@id":"https:\/\/cosmetic.lv\/lv\/product\/vakuuma-silikona-burkas-4-gab\/#breadcrumb"},"inLanguage":"lv-LV","potentialAction":[{"@type":"ReadAction","target":["https:\/\/cosmetic.lv\/lv\/product\/vakuuma-silikona-burkas-4-gab\/"]}]},{"@type":"ImageObject","inLanguage":"lv-LV","@id":"https:\/\/cosmetic.lv\/lv\/product\/vakuuma-silikona-burkas-4-gab\/#primaryimage","url":"https:\/\/cosmetic.lv\/wp-content\/uploads\/2021\/02\/20200505_1714331.jpg","contentUrl":"https:\/\/cosmetic.lv\/wp-content\/uploads\/2021\/02\/20200505_1714331.jpg","width":1024,"height":576,"caption":"20200505_171433[1].jpg"},{"@type":"BreadcrumbList","@id":"https:\/\/cosmetic.lv\/lv\/product\/vakuuma-silikona-burkas-4-gab\/#breadcrumb","itemListElement":[{"@type":"ListItem","position":1,"name":"Home","item":"https:\/\/cosmetic.lv\/lv\/"},{"@type":"ListItem","position":2,"name":"Veikals","item":"https:\/\/cosmetic.lv\/lv\/veiklas\/"},{"@type":"ListItem","position":3,"name":"Vakuuma silikona burkas 4 gab"}]},{"@type":"WebSite","@id":"https:\/\/cosmetic.lv\/lv\/#website","url":"https:\/\/cosmetic.lv\/lv\/","name":"cosmetic.lv","description":"Profesion\u0101la kosm\u0113tika - Maria Galland, Keune, Arkadija, GMT, Guam, Magiray","publisher":{"@id":"https:\/\/cosmetic.lv\/lv\/#organization"},"potentialAction":[{"@type":"SearchAction","target":{"@type":"EntryPoint","urlTemplate":"https:\/\/cosmetic.lv\/lv\/?s={search_term_string}"},"query-input":{"@type":"PropertyValueSpecification","valueRequired":true,"valueName":"search_term_string"}}],"inLanguage":"lv-LV"},{"@type":"Organization","@id":"https:\/\/cosmetic.lv\/lv\/#organization","name":"COSMETIC.LV","url":"https:\/\/cosmetic.lv\/lv\/","logo":{"@type":"ImageObject","inLanguage":"lv-LV","@id":"https:\/\/cosmetic.lv\/lv\/#\/schema\/logo\/image\/","url":"https:\/\/cosmetic.lv\/wp-content\/uploads\/2021\/02\/cosmetic.lv_logo.jpg","contentUrl":"https:\/\/cosmetic.lv\/wp-content\/uploads\/2021\/02\/cosmetic.lv_logo.jpg","width":596,"height":196,"caption":"COSMETIC.LV"},"image":{"@id":"https:\/\/cosmetic.lv\/lv\/#\/schema\/logo\/image\/"},"sameAs":["https:\/\/www.facebook.com\/cosmetic.lv\/"]}]},"product_price_amount":"25.11","product_price_currency":"EUR","og_availability":"instock","product_availability":"instock","product_retailer_item_id":"vakburk4","product_condition":"new"},"_links":{"self":[{"href":"https:\/\/cosmetic.lv\/lv\/wp-json\/wp\/v2\/product\/34956","targetHints":{"allow":["GET"]}}],"collection":[{"href":"https:\/\/cosmetic.lv\/lv\/wp-json\/wp\/v2\/product"}],"about":[{"href":"https:\/\/cosmetic.lv\/lv\/wp-json\/wp\/v2\/types\/product"}],"wp:featuredmedia":[{"embeddable":true,"href":"https:\/\/cosmetic.lv\/lv\/wp-json\/wp\/v2\/media\/11518"}],"wp:attachment":[{"href":"https:\/\/cosmetic.lv\/lv\/wp-json\/wp\/v2\/media?parent=34956"}],"wp:term":[{"taxonomy":"product_brand","embeddable":true,"href":"https:\/\/cosmetic.lv\/lv\/wp-json\/wp\/v2\/product_brand?post=34956"},{"taxonomy":"product_cat","embeddable":true,"href":"https:\/\/cosmetic.lv\/lv\/wp-json\/wp\/v2\/product_cat?post=34956"},{"taxonomy":"product_tag","embeddable":true,"href":"https:\/\/cosmetic.lv\/lv\/wp-json\/wp\/v2\/product_tag?post=34956"}],"curies":[{"name":"wp","href":"https:\/\/api.w.org\/{rel}","templated":true}]}}