{"id":34957,"date":"2021-02-06T19:59:41","date_gmt":"2021-02-06T17:59:41","guid":{"rendered":"https:\/\/damme.lv\/product\/maria-galland-tonalais-serums-nobriedusai-adai\/"},"modified":"2021-02-06T19:59:44","modified_gmt":"2021-02-06T17:59:44","slug":"maria-galland-tonalais-serums-nobriedusai-adai","status":"publish","type":"product","link":"https:\/\/cosmetic.lv\/lv\/product\/maria-galland-tonalais-serums-nobriedusai-adai\/","title":{"rendered":"Maria Galland Ton\u0101lais serums nobriedu\u0161ai \u0101dai"},"content":{"rendered":"<p><!DOCTYPE html PUBLIC &quot;-\/\/W3C\/\/DTD XHTML 1.0 Transitional\/\/EN&quot; &quot;http:\/\/www.w3.org\/TR\/xhtml1\/DTD\/xhtml1-transitional.dtd&quot;><br \/>\n<html><br \/>\n<head><br \/>\n<title>Untitled document<\/title><br \/>\n<\/head><br \/>\n<body><\/p>\n<p><span>799 ACTIV&#8217;AGE Foundation serums ir revolucion\u0101rs pamats ar  atjaunojo&scaron;u efektu. T\u0101s hibr\u012bd\u0101 formula piel\u0101gojas dabiskajam \u0101das toni,  izl\u012bdzina sejas \u0101du un mask\u0113 pat maz\u0101k\u0101s nepiln\u012bbas. Inovat\u012bvai  kompoz\u012bcijai, kuras pamat\u0101 ir ave\u0146u cilmes &scaron;\u016bnu ekstrakts, tom\u0101tu lapu  polisahar\u012bdi, B3 vitam\u012bns un hialuronsk\u0101be, ir cel&scaron;anas efekts,  nostiprinot audus un samazinot grumbu dzi\u013cumu; aizsarg\u0101 pret vides  pies\u0101r\u0146ojumu un ultravioleto starojumu; dzi\u013ci mitrina audus un atjauno  \u0101das matricas integrit\u0101ti, padarot to stingru un elast\u012bgu. Revol\u016bcija  grima un \u0101das kop&scaron;an\u0101 vien\u0101 pudel\u0113!<\/p>\n<p>Akt\u012bvie komponenti:<\/p>\n<p> Ave\u0146u cilmes &scaron;\u016bnu ekstraktam ir augsta antioksidanta aktivit\u0101te un  efekt\u012bva sp\u0113ja neitraliz\u0113t br\u012bvos radik\u0101\u013cus. Tam ir t\u016bl\u012bt\u0113js m\u012bkstino&scaron;s  efekts. Nov\u0113r&scaron; saules staru kairin\u0101jumu un aps\u0101rtumu.<br \/> Tom\u0101tu lapu  polisahar\u012bdiem un B3 vitam\u012bnam ir sp\u0113c\u012bgs detoksik\u0101cijas efekts,  aizsarg\u0101 \u0101das &scaron;\u016bnas no pils\u0113tu pies\u0101r\u0146ojuma, \u012bpa&scaron;i no smago met\u0101lu  s\u0101\u013ciem, kas veicina \u0101das noveco&scaron;anos<br \/> Hialuronsk\u0101be ir atbild\u012bga par  \u0101das bl\u012bvumu, tvirtumu, elast\u012bbu un mitruma saglab\u0101&scaron;anos taj\u0101, kas galu  gal\u0101 nosaka m\u016bsu \u0101das jaun\u012bbu, skaistumu un pievilc\u012bbu kopum\u0101, un jo  \u012bpa&scaron;i sejas \u0101du.<\/p>\n<p>Lieto&scaron;ana: Uzkl\u0101jiet produktu uz att\u012br\u012btas un mitrin\u0101tas \u0101das ar viegl\u0101m izl\u012bdzino&scaron;\u0101m kust\u012bb\u0101m<\/p>\n<p>Iepakojums: pudele ar 30 ml pipeti<\/span><\/p>\n<p>beige sable<\/p>\n<p><\/body><br \/>\n<\/html><\/p>\n","protected":false},"excerpt":{"rendered":"<p>Untitled document 799 ACTIV&#8217;AGE Foundation serums ir revolucion\u0101rs pamats ar atjaunojo&scaron;u efektu. T\u0101s hibr\u012bd\u0101 formula piel\u0101gojas dabiskajam \u0101das toni, izl\u012bdzina<\/p>\n","protected":false},"featured_media":17734,"template":"","meta":[],"product_brand":[],"product_cat":[2198],"product_tag":[],"class_list":{"0":"post-34957","1":"product","2":"type-product","3":"status-publish","4":"has-post-thumbnail","6":"product_cat-dekorativa-kosmetika-lv","8":"first","9":"instock","10":"taxable","11":"shipping-taxable","12":"purchasable","13":"product-type-simple"},"yoast_head":"<!-- This site is optimized with the Yoast SEO Premium plugin v27.0 (Yoast SEO v27.0) - https:\/\/yoast.com\/product\/yoast-seo-premium-wordpress\/ -->\n<title>Maria Galland Ton\u0101lais serums nobriedu\u0161ai \u0101dai - cosmetic.lv<\/title>\n<meta name=\"robots\" content=\"index, follow, max-snippet:-1, max-image-preview:large, max-video-preview:-1\" \/>\n<link rel=\"canonical\" href=\"https:\/\/cosmetic.lv\/lv\/product\/maria-galland-tonalais-serums-nobriedusai-adai\/\" \/>\n<meta property=\"og:locale\" content=\"lv_LV\" \/>\n<meta property=\"og:type\" content=\"article\" \/>\n<meta property=\"og:title\" content=\"Maria Galland Ton\u0101lais serums nobriedu\u0161ai \u0101dai\" \/>\n<meta property=\"og:description\" content=\"Untitled document 799 ACTIV&#8217;AGE Foundation serums ir revolucion\u0101rs pamats ar atjaunojo&scaron;u efektu. T\u0101s hibr\u012bd\u0101 formula piel\u0101gojas dabiskajam \u0101das toni, izl\u012bdzina\" \/>\n<meta property=\"og:url\" content=\"https:\/\/cosmetic.lv\/lv\/product\/maria-galland-tonalais-serums-nobriedusai-adai\/\" \/>\n<meta property=\"og:site_name\" content=\"cosmetic.lv\" \/>\n<meta property=\"article:publisher\" content=\"https:\/\/www.facebook.com\/cosmetic.lv\/\" \/>\n<meta property=\"article:modified_time\" content=\"2021-02-06T17:59:44+00:00\" \/>\n<meta property=\"og:image\" content=\"https:\/\/cosmetic.lv\/wp-content\/uploads\/2021\/02\/799mariagal-4.jpg\" \/>\n\t<meta property=\"og:image:width\" content=\"224\" \/>\n\t<meta property=\"og:image:height\" content=\"224\" \/>\n\t<meta property=\"og:image:type\" content=\"image\/jpeg\" \/>\n<meta name=\"twitter:card\" content=\"summary_large_image\" \/>\n<script type=\"application\/ld+json\" class=\"yoast-schema-graph\">{\"@context\":\"https:\/\/schema.org\",\"@graph\":[{\"@type\":\"WebPage\",\"@id\":\"https:\/\/cosmetic.lv\/lv\/product\/maria-galland-tonalais-serums-nobriedusai-adai\/\",\"url\":\"https:\/\/cosmetic.lv\/lv\/product\/maria-galland-tonalais-serums-nobriedusai-adai\/\",\"name\":\"Maria Galland Ton\u0101lais serums nobriedu\u0161ai \u0101dai - cosmetic.lv\",\"isPartOf\":{\"@id\":\"https:\/\/cosmetic.lv\/lv\/#website\"},\"primaryImageOfPage\":{\"@id\":\"https:\/\/cosmetic.lv\/lv\/product\/maria-galland-tonalais-serums-nobriedusai-adai\/#primaryimage\"},\"image\":{\"@id\":\"https:\/\/cosmetic.lv\/lv\/product\/maria-galland-tonalais-serums-nobriedusai-adai\/#primaryimage\"},\"thumbnailUrl\":\"https:\/\/cosmetic.lv\/wp-content\/uploads\/2021\/02\/799mariagal-4.jpg\",\"datePublished\":\"2021-02-06T17:59:41+00:00\",\"dateModified\":\"2021-02-06T17:59:44+00:00\",\"breadcrumb\":{\"@id\":\"https:\/\/cosmetic.lv\/lv\/product\/maria-galland-tonalais-serums-nobriedusai-adai\/#breadcrumb\"},\"inLanguage\":\"lv-LV\",\"potentialAction\":[{\"@type\":\"ReadAction\",\"target\":[\"https:\/\/cosmetic.lv\/lv\/product\/maria-galland-tonalais-serums-nobriedusai-adai\/\"]}]},{\"@type\":\"ImageObject\",\"inLanguage\":\"lv-LV\",\"@id\":\"https:\/\/cosmetic.lv\/lv\/product\/maria-galland-tonalais-serums-nobriedusai-adai\/#primaryimage\",\"url\":\"https:\/\/cosmetic.lv\/wp-content\/uploads\/2021\/02\/799mariagal-4.jpg\",\"contentUrl\":\"https:\/\/cosmetic.lv\/wp-content\/uploads\/2021\/02\/799mariagal-4.jpg\",\"width\":224,\"height\":224,\"caption\":\"799mariagal.jpg\"},{\"@type\":\"BreadcrumbList\",\"@id\":\"https:\/\/cosmetic.lv\/lv\/product\/maria-galland-tonalais-serums-nobriedusai-adai\/#breadcrumb\",\"itemListElement\":[{\"@type\":\"ListItem\",\"position\":1,\"name\":\"Home\",\"item\":\"https:\/\/cosmetic.lv\/lv\/\"},{\"@type\":\"ListItem\",\"position\":2,\"name\":\"Veikals\",\"item\":\"https:\/\/cosmetic.lv\/lv\/veiklas\/\"},{\"@type\":\"ListItem\",\"position\":3,\"name\":\"Maria Galland Ton\u0101lais serums nobriedu\u0161ai \u0101dai\"}]},{\"@type\":\"WebSite\",\"@id\":\"https:\/\/cosmetic.lv\/lv\/#website\",\"url\":\"https:\/\/cosmetic.lv\/lv\/\",\"name\":\"cosmetic.lv\",\"description\":\"Profesion\u0101la kosm\u0113tika - Maria Galland, Keune, Arkadija, GMT, Guam, Magiray\",\"publisher\":{\"@id\":\"https:\/\/cosmetic.lv\/lv\/#organization\"},\"potentialAction\":[{\"@type\":\"SearchAction\",\"target\":{\"@type\":\"EntryPoint\",\"urlTemplate\":\"https:\/\/cosmetic.lv\/lv\/?s={search_term_string}\"},\"query-input\":{\"@type\":\"PropertyValueSpecification\",\"valueRequired\":true,\"valueName\":\"search_term_string\"}}],\"inLanguage\":\"lv-LV\"},{\"@type\":\"Organization\",\"@id\":\"https:\/\/cosmetic.lv\/lv\/#organization\",\"name\":\"COSMETIC.LV\",\"url\":\"https:\/\/cosmetic.lv\/lv\/\",\"logo\":{\"@type\":\"ImageObject\",\"inLanguage\":\"lv-LV\",\"@id\":\"https:\/\/cosmetic.lv\/lv\/#\/schema\/logo\/image\/\",\"url\":\"https:\/\/cosmetic.lv\/wp-content\/uploads\/2021\/02\/cosmetic.lv_logo.jpg\",\"contentUrl\":\"https:\/\/cosmetic.lv\/wp-content\/uploads\/2021\/02\/cosmetic.lv_logo.jpg\",\"width\":596,\"height\":196,\"caption\":\"COSMETIC.LV\"},\"image\":{\"@id\":\"https:\/\/cosmetic.lv\/lv\/#\/schema\/logo\/image\/\"},\"sameAs\":[\"https:\/\/www.facebook.com\/cosmetic.lv\/\"]}]}<\/script>\n<meta property=\"product:price:amount\" content=\"75.62\" \/>\n<meta property=\"product:price:currency\" content=\"EUR\" \/>\n<meta property=\"og:availability\" content=\"instock\" \/>\n<meta property=\"product:availability\" content=\"instock\" \/>\n<meta property=\"product:retailer_item_id\" content=\"799\" \/>\n<meta property=\"product:condition\" content=\"new\" \/>\n<!-- \/ Yoast SEO Premium plugin. -->","yoast_head_json":{"title":"Maria Galland Ton\u0101lais serums nobriedu\u0161ai \u0101dai - cosmetic.lv","robots":{"index":"index","follow":"follow","max-snippet":"max-snippet:-1","max-image-preview":"max-image-preview:large","max-video-preview":"max-video-preview:-1"},"canonical":"https:\/\/cosmetic.lv\/lv\/product\/maria-galland-tonalais-serums-nobriedusai-adai\/","og_locale":"lv_LV","og_type":"article","og_title":"Maria Galland Ton\u0101lais serums nobriedu\u0161ai \u0101dai","og_description":"Untitled document 799 ACTIV&#8217;AGE Foundation serums ir revolucion\u0101rs pamats ar atjaunojo&scaron;u efektu. T\u0101s hibr\u012bd\u0101 formula piel\u0101gojas dabiskajam \u0101das toni, izl\u012bdzina","og_url":"https:\/\/cosmetic.lv\/lv\/product\/maria-galland-tonalais-serums-nobriedusai-adai\/","og_site_name":"cosmetic.lv","article_publisher":"https:\/\/www.facebook.com\/cosmetic.lv\/","article_modified_time":"2021-02-06T17:59:44+00:00","og_image":[{"width":224,"height":224,"url":"https:\/\/cosmetic.lv\/wp-content\/uploads\/2021\/02\/799mariagal-4.jpg","type":"image\/jpeg"}],"twitter_card":"summary_large_image","schema":{"@context":"https:\/\/schema.org","@graph":[{"@type":"WebPage","@id":"https:\/\/cosmetic.lv\/lv\/product\/maria-galland-tonalais-serums-nobriedusai-adai\/","url":"https:\/\/cosmetic.lv\/lv\/product\/maria-galland-tonalais-serums-nobriedusai-adai\/","name":"Maria Galland Ton\u0101lais serums nobriedu\u0161ai \u0101dai - cosmetic.lv","isPartOf":{"@id":"https:\/\/cosmetic.lv\/lv\/#website"},"primaryImageOfPage":{"@id":"https:\/\/cosmetic.lv\/lv\/product\/maria-galland-tonalais-serums-nobriedusai-adai\/#primaryimage"},"image":{"@id":"https:\/\/cosmetic.lv\/lv\/product\/maria-galland-tonalais-serums-nobriedusai-adai\/#primaryimage"},"thumbnailUrl":"https:\/\/cosmetic.lv\/wp-content\/uploads\/2021\/02\/799mariagal-4.jpg","datePublished":"2021-02-06T17:59:41+00:00","dateModified":"2021-02-06T17:59:44+00:00","breadcrumb":{"@id":"https:\/\/cosmetic.lv\/lv\/product\/maria-galland-tonalais-serums-nobriedusai-adai\/#breadcrumb"},"inLanguage":"lv-LV","potentialAction":[{"@type":"ReadAction","target":["https:\/\/cosmetic.lv\/lv\/product\/maria-galland-tonalais-serums-nobriedusai-adai\/"]}]},{"@type":"ImageObject","inLanguage":"lv-LV","@id":"https:\/\/cosmetic.lv\/lv\/product\/maria-galland-tonalais-serums-nobriedusai-adai\/#primaryimage","url":"https:\/\/cosmetic.lv\/wp-content\/uploads\/2021\/02\/799mariagal-4.jpg","contentUrl":"https:\/\/cosmetic.lv\/wp-content\/uploads\/2021\/02\/799mariagal-4.jpg","width":224,"height":224,"caption":"799mariagal.jpg"},{"@type":"BreadcrumbList","@id":"https:\/\/cosmetic.lv\/lv\/product\/maria-galland-tonalais-serums-nobriedusai-adai\/#breadcrumb","itemListElement":[{"@type":"ListItem","position":1,"name":"Home","item":"https:\/\/cosmetic.lv\/lv\/"},{"@type":"ListItem","position":2,"name":"Veikals","item":"https:\/\/cosmetic.lv\/lv\/veiklas\/"},{"@type":"ListItem","position":3,"name":"Maria Galland Ton\u0101lais serums nobriedu\u0161ai \u0101dai"}]},{"@type":"WebSite","@id":"https:\/\/cosmetic.lv\/lv\/#website","url":"https:\/\/cosmetic.lv\/lv\/","name":"cosmetic.lv","description":"Profesion\u0101la kosm\u0113tika - Maria Galland, Keune, Arkadija, GMT, Guam, Magiray","publisher":{"@id":"https:\/\/cosmetic.lv\/lv\/#organization"},"potentialAction":[{"@type":"SearchAction","target":{"@type":"EntryPoint","urlTemplate":"https:\/\/cosmetic.lv\/lv\/?s={search_term_string}"},"query-input":{"@type":"PropertyValueSpecification","valueRequired":true,"valueName":"search_term_string"}}],"inLanguage":"lv-LV"},{"@type":"Organization","@id":"https:\/\/cosmetic.lv\/lv\/#organization","name":"COSMETIC.LV","url":"https:\/\/cosmetic.lv\/lv\/","logo":{"@type":"ImageObject","inLanguage":"lv-LV","@id":"https:\/\/cosmetic.lv\/lv\/#\/schema\/logo\/image\/","url":"https:\/\/cosmetic.lv\/wp-content\/uploads\/2021\/02\/cosmetic.lv_logo.jpg","contentUrl":"https:\/\/cosmetic.lv\/wp-content\/uploads\/2021\/02\/cosmetic.lv_logo.jpg","width":596,"height":196,"caption":"COSMETIC.LV"},"image":{"@id":"https:\/\/cosmetic.lv\/lv\/#\/schema\/logo\/image\/"},"sameAs":["https:\/\/www.facebook.com\/cosmetic.lv\/"]}]},"product_price_amount":"75.62","product_price_currency":"EUR","og_availability":"instock","product_availability":"instock","product_retailer_item_id":"799","product_condition":"new"},"_links":{"self":[{"href":"https:\/\/cosmetic.lv\/lv\/wp-json\/wp\/v2\/product\/34957","targetHints":{"allow":["GET"]}}],"collection":[{"href":"https:\/\/cosmetic.lv\/lv\/wp-json\/wp\/v2\/product"}],"about":[{"href":"https:\/\/cosmetic.lv\/lv\/wp-json\/wp\/v2\/types\/product"}],"wp:featuredmedia":[{"embeddable":true,"href":"https:\/\/cosmetic.lv\/lv\/wp-json\/wp\/v2\/media\/17734"}],"wp:attachment":[{"href":"https:\/\/cosmetic.lv\/lv\/wp-json\/wp\/v2\/media?parent=34957"}],"wp:term":[{"taxonomy":"product_brand","embeddable":true,"href":"https:\/\/cosmetic.lv\/lv\/wp-json\/wp\/v2\/product_brand?post=34957"},{"taxonomy":"product_cat","embeddable":true,"href":"https:\/\/cosmetic.lv\/lv\/wp-json\/wp\/v2\/product_cat?post=34957"},{"taxonomy":"product_tag","embeddable":true,"href":"https:\/\/cosmetic.lv\/lv\/wp-json\/wp\/v2\/product_tag?post=34957"}],"curies":[{"name":"wp","href":"https:\/\/api.w.org\/{rel}","templated":true}]}}