{"id":34965,"date":"2021-02-06T19:59:48","date_gmt":"2021-02-06T17:59:48","guid":{"rendered":"https:\/\/damme.lv\/product\/chyavanprasha-himalaya-veselibai-un-spekam-500g\/"},"modified":"2023-09-01T22:58:44","modified_gmt":"2023-09-01T19:58:44","slug":"chyavanprasha-himalaya-veselibai-un-spekam-500g","status":"publish","type":"product","link":"https:\/\/cosmetic.lv\/lv\/product\/chyavanprasha-himalaya-veselibai-un-spekam-500g\/","title":{"rendered":"Chyavanprasha Himalaya vesel\u012bbai un sp\u0113kam 500g"},"content":{"rendered":"<p>&nbsp;<\/p>\n<div id=\"&quot;description&quot;\">\n<div>\n<div>Sast\u0101vs uz 10g\/20 g (1-2 t\u0113jkarotes):<br \/>\n5090\/ 10180 mg emblikas ogas, 3000\/ 6000 mg cukurs, 1750\/ 3500 mg v\u012bnkoks \u012bstais, 200\/ 400 mg medus, 10\/ 20 mg g\u012b sviests, 1\/ 2 mg sezama e\u013c\u013ca, 80\/ 160 mg bambuss, 40\/ 80 mg gar\u0101 pipara aug\u013ci, 20\/ 40 mg Ceilonas kan\u0113\u013ckoka pulveris, 20\/ 40 mg kardamonaugi, 20\/ 40 mg Malabara kan\u0113lis, 20\/ 40 mg Indijas dzelzkoks, 4,72\/ 9,44 mg pujer\u0101rija, 2,36\/ 4,72 Indijas riekstkoks, 2,36\/ 4,72 mg pentatropsis, 2,36\/ 4,72 mg lilija, 2,36\/ 4,72 mg \u016bdensrozes ziedi, 2,36\/ 4,72 mg berh\u0101vija, 2,36\/ 4,72 mg zemesmandele, 2,36\/ 4,72 mg gmelina, 2,36\/ 4,72 mg steriospermi, 2,36\/ 4,72 mg pu\u0161kamulas sakne, 2,36\/ 4,72 mg dioskorejas sakne\u0146i, 2,36\/ 4,72 mg tinospora, 2,36\/ 4,72 mg ur\u0101rija, 2,36\/ 4,72 mg teramnus, 2,36\/ 4,72 mg termin\u0101liju aug\u013cu apvalks, 2,36\/ 4,72 mg ingveru lilija (sati), 2,36\/ 4,72 mg leptad\u0113nija, 2,36\/ 4,72 mg r\u016bgtais filants, 2,36\/ 4,72 mg pist\u0101cijas, 2,36\/ 4,72 mg Indijas naktene, 2,36\/ 4,72 mg dzeltenaug\u013cu naktene, 2,36\/ 4,72 mg tribu\u013ci, 2,36\/ 4,72 mg pupi\u0146as, 2,36\/ 4,72 mg desmodiji, 2,36\/ 4,72 mg sidas, 2,36\/ 4,72 mg oroksils, 2,36\/ 4,72 mg klerodendri, 2,36\/ 4,72 mg aigle gumijsve\u0137u, 2,36\/ 4,72 mg gar\u0101 pipara aug\u013cu ekstrakts, 2,36\/ 4,72 mg kardamonauga s\u0113klu ekstrakts, 2,36\/ 4,72 mg spalvainlapu mugurene (meda), 2,36\/ 4,72 mg vetiveras (kus-kus) saknes, 2,36\/ 4,72 mg vasakas saknes, 2,36\/ 4,72 mg Ceilonas kan\u0113\u013ckoka ekstrakts.<br \/>\nPal\u012bgvielas: invert\u0113ts cukurs, k\u0101lija sorb\u0101ts E202 (konservants), butil\u0113ts hidroksitoluols E321 (antioksidants), butil\u0113ts hidroksianizols E320 (antioksidants), \u016bdens.<br \/>\nUzturv\u0113rt\u012bba 1 porcij\u0101 20 g (2 t\u0113jkarot\u0113s): og\u013chidr\u0101ti 15 g (5%*), no tiem cukuri 13 g; tauki 0,048 g (0,07%*), olbaltumvielas 0,50 g, holester\u012bns 0 mg (0%*), n\u0101trijs 3,4 mg (0,14%*), dzelzs 0,36 mg (2,5% no IDD), vitam\u012bns C 2,4 mg (3% no IDD). Ener\u0123\u0113tisk\u0101 v\u0113rt\u012bba 20 g: 60 kcal\/ 251,21 kJ (2,7%* no taukiem). * &#8211; % nor\u0101d\u012bti uz 2000 kcal di\u0113tu. *IDD &#8211; ieteicam\u0101 diennakts deva.<br \/>\nIepakojum\u0101 50 porcijas.<br \/>\nAjurv\u0113diskais 100% augu mais\u012bjums ar medu. Ajurv\u0113da ir m\u0101c\u012bba par dz\u012bvi, kas pal\u012bdz saglab\u0101t vesel\u012bbu, izmantojot uztur\u0101 visus nepiecie\u0161amos dabas elementus optim\u0101li sabalans\u0113t\u0101 veid\u0101.Himalaya Chyavanprasha, t\u0101 ir unik\u0101la seno gudr\u012bbu un m\u016bsdien\u012bgas zin\u0101tnes kombin\u0101cija. Tas tiek ra\u017eots p\u0113c tradicion\u0101las vecas ajurv\u0113diskas receptes iev\u0113rojot sen\u0101s tehnolo\u0123ijas. Chavanprasha sast\u0101v\u0101 ir dab\u012bgi augi. Chavanprasha stiprina im\u016bnsist\u0113mu (gar\u0101 pipara aug\u013ci, sida, tribu\u013ci, tinospora), labv\u0113l\u012bgi ietekm\u0113 un atbalsta gremo\u0161anas sist\u0113mas funkcijas (emblika, kardamons, kan\u0113lis, gar\u0101 pipara aug\u013ci, aigle gumijsve\u0137u) un labv\u0113l\u012bgi ietekm\u0113 un nodro\u0161ina norm\u0101lu plau\u0161u funkcion\u0113\u0161anu (bambuss, garais pipars, tribu\u013ci), k\u0101 ar\u012b tam piem\u012bt antioksidat\u012bvas \u012bpa\u0161\u012bbas (emblikas ogas, tribu\u013ci kan\u0113lis, v\u012bnkoks \u012bstais, Indijas riekstkoks). Himalaya Chavanprasha ir pat\u012bkama medus gar\u0161a, t\u0101p\u0113c tas ir piem\u0113rots visai \u0123imenei, gan pieaugu\u0161ajiem, gan b\u0113rniem. Dro\u0161i lietojiet Himalaya Chavanprasha sav\u0101 \u0123imen\u0113.<br \/>\nLieto\u0161ana: Ja uz virsmas ir sudraba pl\u0113ve, r\u016bp\u012bgi samaisiet saturu. Lietot 15-20 min. pirms \u0113\u0161anas, uzdzerot za\u013co t\u0113ju, pienu vai \u016bdeni. Ieteicams patur\u0113t mut\u0113 2-3 min\u016btes. Pieaugu\u0161ajiem 1-2 t\u0113jkarotes dien\u0101, b\u0113rniem \u00bd t\u0113jkaroti no r\u012bta un vakar\u0101. P\u0113c atv\u0113r\u0161anas produktu izlietot 10 ned\u0113\u013cu laik\u0101. Glab\u0101t istabas temperat\u016br\u0101. Neizmantot uztura bag\u0101tin\u0101t\u0101ju k\u0101 pilnv\u0113rt\u012bga un sabalans\u0113ta uztura aizvietot\u0101ju. Glab\u0101t b\u0113rniem nepieejam\u0101 viet\u0101. Nep\u0101rsniegt ieteicamo diennakts devu.<\/div>\n<\/div>\n<\/div>\n<p>&nbsp;<\/p>\n","protected":false},"excerpt":{"rendered":"<p>&nbsp; Sast\u0101vs uz 10g\/20 g (1-2 t\u0113jkarotes): 5090\/ 10180 mg emblikas ogas, 3000\/ 6000 mg cukurs, 1750\/ 3500 mg v\u012bnkoks<\/p>\n","protected":false},"featured_media":17748,"template":"","meta":[],"product_brand":[],"product_cat":[2239,2250],"product_tag":[],"class_list":{"0":"post-34965","1":"product","2":"type-product","3":"status-publish","4":"has-post-thumbnail","6":"product_cat-uztura-bagatinataji-lv","7":"product_cat-visparnostiprinosi-lidzekli-lv","9":"first","10":"outofstock","11":"taxable","12":"shipping-taxable","13":"purchasable","14":"product-type-simple"},"yoast_head":"<!-- This site is optimized with the Yoast SEO Premium plugin v27.0 (Yoast SEO v27.0) - https:\/\/yoast.com\/product\/yoast-seo-premium-wordpress\/ -->\n<title>Chyavanprasha Himalaya vesel\u012bbai un sp\u0113kam 500g - cosmetic.lv<\/title>\n<meta name=\"robots\" content=\"index, follow, max-snippet:-1, max-image-preview:large, max-video-preview:-1\" \/>\n<link rel=\"canonical\" href=\"https:\/\/cosmetic.lv\/lv\/product\/chyavanprasha-himalaya-veselibai-un-spekam-500g\/\" \/>\n<meta property=\"og:locale\" content=\"lv_LV\" \/>\n<meta property=\"og:type\" content=\"article\" \/>\n<meta property=\"og:title\" content=\"Chyavanprasha Himalaya vesel\u012bbai un sp\u0113kam 500g\" \/>\n<meta property=\"og:description\" content=\"&nbsp; Sast\u0101vs uz 10g\/20 g (1-2 t\u0113jkarotes): 5090\/ 10180 mg emblikas ogas, 3000\/ 6000 mg cukurs, 1750\/ 3500 mg v\u012bnkoks\" \/>\n<meta property=\"og:url\" content=\"https:\/\/cosmetic.lv\/lv\/product\/chyavanprasha-himalaya-veselibai-un-spekam-500g\/\" \/>\n<meta property=\"og:site_name\" content=\"cosmetic.lv\" \/>\n<meta property=\"article:publisher\" content=\"https:\/\/www.facebook.com\/cosmetic.lv\/\" \/>\n<meta property=\"article:modified_time\" content=\"2023-09-01T19:58:44+00:00\" \/>\n<meta property=\"og:image\" content=\"https:\/\/cosmetic.lv\/wp-content\/uploads\/2021\/02\/cdf2194d2387202415cf98932a391331himalaja-4.jpg\" \/>\n\t<meta property=\"og:image:width\" content=\"700\" \/>\n\t<meta property=\"og:image:height\" content=\"700\" \/>\n\t<meta property=\"og:image:type\" content=\"image\/jpeg\" \/>\n<meta name=\"twitter:card\" content=\"summary_large_image\" \/>\n<script type=\"application\/ld+json\" class=\"yoast-schema-graph\">{\"@context\":\"https:\/\/schema.org\",\"@graph\":[{\"@type\":\"WebPage\",\"@id\":\"https:\/\/cosmetic.lv\/lv\/product\/chyavanprasha-himalaya-veselibai-un-spekam-500g\/\",\"url\":\"https:\/\/cosmetic.lv\/lv\/product\/chyavanprasha-himalaya-veselibai-un-spekam-500g\/\",\"name\":\"Chyavanprasha Himalaya vesel\u012bbai un sp\u0113kam 500g - cosmetic.lv\",\"isPartOf\":{\"@id\":\"https:\/\/cosmetic.lv\/lv\/#website\"},\"primaryImageOfPage\":{\"@id\":\"https:\/\/cosmetic.lv\/lv\/product\/chyavanprasha-himalaya-veselibai-un-spekam-500g\/#primaryimage\"},\"image\":{\"@id\":\"https:\/\/cosmetic.lv\/lv\/product\/chyavanprasha-himalaya-veselibai-un-spekam-500g\/#primaryimage\"},\"thumbnailUrl\":\"https:\/\/cosmetic.lv\/wp-content\/uploads\/2021\/02\/cdf2194d2387202415cf98932a391331himalaja-4.jpg\",\"datePublished\":\"2021-02-06T17:59:48+00:00\",\"dateModified\":\"2023-09-01T19:58:44+00:00\",\"breadcrumb\":{\"@id\":\"https:\/\/cosmetic.lv\/lv\/product\/chyavanprasha-himalaya-veselibai-un-spekam-500g\/#breadcrumb\"},\"inLanguage\":\"lv-LV\",\"potentialAction\":[{\"@type\":\"ReadAction\",\"target\":[\"https:\/\/cosmetic.lv\/lv\/product\/chyavanprasha-himalaya-veselibai-un-spekam-500g\/\"]}]},{\"@type\":\"ImageObject\",\"inLanguage\":\"lv-LV\",\"@id\":\"https:\/\/cosmetic.lv\/lv\/product\/chyavanprasha-himalaya-veselibai-un-spekam-500g\/#primaryimage\",\"url\":\"https:\/\/cosmetic.lv\/wp-content\/uploads\/2021\/02\/cdf2194d2387202415cf98932a391331himalaja-4.jpg\",\"contentUrl\":\"https:\/\/cosmetic.lv\/wp-content\/uploads\/2021\/02\/cdf2194d2387202415cf98932a391331himalaja-4.jpg\",\"width\":700,\"height\":700,\"caption\":\"cdf2194d2387202415cf98932a391331himalaja.jpg\"},{\"@type\":\"BreadcrumbList\",\"@id\":\"https:\/\/cosmetic.lv\/lv\/product\/chyavanprasha-himalaya-veselibai-un-spekam-500g\/#breadcrumb\",\"itemListElement\":[{\"@type\":\"ListItem\",\"position\":1,\"name\":\"Home\",\"item\":\"https:\/\/cosmetic.lv\/lv\/\"},{\"@type\":\"ListItem\",\"position\":2,\"name\":\"Veikals\",\"item\":\"https:\/\/cosmetic.lv\/lv\/veiklas\/\"},{\"@type\":\"ListItem\",\"position\":3,\"name\":\"Chyavanprasha Himalaya vesel\u012bbai un sp\u0113kam 500g\"}]},{\"@type\":\"WebSite\",\"@id\":\"https:\/\/cosmetic.lv\/lv\/#website\",\"url\":\"https:\/\/cosmetic.lv\/lv\/\",\"name\":\"cosmetic.lv\",\"description\":\"Profesion\u0101la kosm\u0113tika - Maria Galland, Keune, Arkadija, GMT, Guam, Magiray\",\"publisher\":{\"@id\":\"https:\/\/cosmetic.lv\/lv\/#organization\"},\"potentialAction\":[{\"@type\":\"SearchAction\",\"target\":{\"@type\":\"EntryPoint\",\"urlTemplate\":\"https:\/\/cosmetic.lv\/lv\/?s={search_term_string}\"},\"query-input\":{\"@type\":\"PropertyValueSpecification\",\"valueRequired\":true,\"valueName\":\"search_term_string\"}}],\"inLanguage\":\"lv-LV\"},{\"@type\":\"Organization\",\"@id\":\"https:\/\/cosmetic.lv\/lv\/#organization\",\"name\":\"COSMETIC.LV\",\"url\":\"https:\/\/cosmetic.lv\/lv\/\",\"logo\":{\"@type\":\"ImageObject\",\"inLanguage\":\"lv-LV\",\"@id\":\"https:\/\/cosmetic.lv\/lv\/#\/schema\/logo\/image\/\",\"url\":\"https:\/\/cosmetic.lv\/wp-content\/uploads\/2021\/02\/cosmetic.lv_logo.jpg\",\"contentUrl\":\"https:\/\/cosmetic.lv\/wp-content\/uploads\/2021\/02\/cosmetic.lv_logo.jpg\",\"width\":596,\"height\":196,\"caption\":\"COSMETIC.LV\"},\"image\":{\"@id\":\"https:\/\/cosmetic.lv\/lv\/#\/schema\/logo\/image\/\"},\"sameAs\":[\"https:\/\/www.facebook.com\/cosmetic.lv\/\"]}]}<\/script>\n<meta property=\"product:price:amount\" content=\"8.07\" \/>\n<meta property=\"product:price:currency\" content=\"EUR\" \/>\n<meta property=\"og:availability\" content=\"out of stock\" \/>\n<meta property=\"product:availability\" content=\"out of stock\" \/>\n<meta property=\"product:retailer_item_id\" content=\"chavhim\" \/>\n<meta property=\"product:condition\" content=\"new\" \/>\n<!-- \/ Yoast SEO Premium plugin. -->","yoast_head_json":{"title":"Chyavanprasha Himalaya vesel\u012bbai un sp\u0113kam 500g - cosmetic.lv","robots":{"index":"index","follow":"follow","max-snippet":"max-snippet:-1","max-image-preview":"max-image-preview:large","max-video-preview":"max-video-preview:-1"},"canonical":"https:\/\/cosmetic.lv\/lv\/product\/chyavanprasha-himalaya-veselibai-un-spekam-500g\/","og_locale":"lv_LV","og_type":"article","og_title":"Chyavanprasha Himalaya vesel\u012bbai un sp\u0113kam 500g","og_description":"&nbsp; Sast\u0101vs uz 10g\/20 g (1-2 t\u0113jkarotes): 5090\/ 10180 mg emblikas ogas, 3000\/ 6000 mg cukurs, 1750\/ 3500 mg v\u012bnkoks","og_url":"https:\/\/cosmetic.lv\/lv\/product\/chyavanprasha-himalaya-veselibai-un-spekam-500g\/","og_site_name":"cosmetic.lv","article_publisher":"https:\/\/www.facebook.com\/cosmetic.lv\/","article_modified_time":"2023-09-01T19:58:44+00:00","og_image":[{"width":700,"height":700,"url":"https:\/\/cosmetic.lv\/wp-content\/uploads\/2021\/02\/cdf2194d2387202415cf98932a391331himalaja-4.jpg","type":"image\/jpeg"}],"twitter_card":"summary_large_image","schema":{"@context":"https:\/\/schema.org","@graph":[{"@type":"WebPage","@id":"https:\/\/cosmetic.lv\/lv\/product\/chyavanprasha-himalaya-veselibai-un-spekam-500g\/","url":"https:\/\/cosmetic.lv\/lv\/product\/chyavanprasha-himalaya-veselibai-un-spekam-500g\/","name":"Chyavanprasha Himalaya vesel\u012bbai un sp\u0113kam 500g - cosmetic.lv","isPartOf":{"@id":"https:\/\/cosmetic.lv\/lv\/#website"},"primaryImageOfPage":{"@id":"https:\/\/cosmetic.lv\/lv\/product\/chyavanprasha-himalaya-veselibai-un-spekam-500g\/#primaryimage"},"image":{"@id":"https:\/\/cosmetic.lv\/lv\/product\/chyavanprasha-himalaya-veselibai-un-spekam-500g\/#primaryimage"},"thumbnailUrl":"https:\/\/cosmetic.lv\/wp-content\/uploads\/2021\/02\/cdf2194d2387202415cf98932a391331himalaja-4.jpg","datePublished":"2021-02-06T17:59:48+00:00","dateModified":"2023-09-01T19:58:44+00:00","breadcrumb":{"@id":"https:\/\/cosmetic.lv\/lv\/product\/chyavanprasha-himalaya-veselibai-un-spekam-500g\/#breadcrumb"},"inLanguage":"lv-LV","potentialAction":[{"@type":"ReadAction","target":["https:\/\/cosmetic.lv\/lv\/product\/chyavanprasha-himalaya-veselibai-un-spekam-500g\/"]}]},{"@type":"ImageObject","inLanguage":"lv-LV","@id":"https:\/\/cosmetic.lv\/lv\/product\/chyavanprasha-himalaya-veselibai-un-spekam-500g\/#primaryimage","url":"https:\/\/cosmetic.lv\/wp-content\/uploads\/2021\/02\/cdf2194d2387202415cf98932a391331himalaja-4.jpg","contentUrl":"https:\/\/cosmetic.lv\/wp-content\/uploads\/2021\/02\/cdf2194d2387202415cf98932a391331himalaja-4.jpg","width":700,"height":700,"caption":"cdf2194d2387202415cf98932a391331himalaja.jpg"},{"@type":"BreadcrumbList","@id":"https:\/\/cosmetic.lv\/lv\/product\/chyavanprasha-himalaya-veselibai-un-spekam-500g\/#breadcrumb","itemListElement":[{"@type":"ListItem","position":1,"name":"Home","item":"https:\/\/cosmetic.lv\/lv\/"},{"@type":"ListItem","position":2,"name":"Veikals","item":"https:\/\/cosmetic.lv\/lv\/veiklas\/"},{"@type":"ListItem","position":3,"name":"Chyavanprasha Himalaya vesel\u012bbai un sp\u0113kam 500g"}]},{"@type":"WebSite","@id":"https:\/\/cosmetic.lv\/lv\/#website","url":"https:\/\/cosmetic.lv\/lv\/","name":"cosmetic.lv","description":"Profesion\u0101la kosm\u0113tika - Maria Galland, Keune, Arkadija, GMT, Guam, Magiray","publisher":{"@id":"https:\/\/cosmetic.lv\/lv\/#organization"},"potentialAction":[{"@type":"SearchAction","target":{"@type":"EntryPoint","urlTemplate":"https:\/\/cosmetic.lv\/lv\/?s={search_term_string}"},"query-input":{"@type":"PropertyValueSpecification","valueRequired":true,"valueName":"search_term_string"}}],"inLanguage":"lv-LV"},{"@type":"Organization","@id":"https:\/\/cosmetic.lv\/lv\/#organization","name":"COSMETIC.LV","url":"https:\/\/cosmetic.lv\/lv\/","logo":{"@type":"ImageObject","inLanguage":"lv-LV","@id":"https:\/\/cosmetic.lv\/lv\/#\/schema\/logo\/image\/","url":"https:\/\/cosmetic.lv\/wp-content\/uploads\/2021\/02\/cosmetic.lv_logo.jpg","contentUrl":"https:\/\/cosmetic.lv\/wp-content\/uploads\/2021\/02\/cosmetic.lv_logo.jpg","width":596,"height":196,"caption":"COSMETIC.LV"},"image":{"@id":"https:\/\/cosmetic.lv\/lv\/#\/schema\/logo\/image\/"},"sameAs":["https:\/\/www.facebook.com\/cosmetic.lv\/"]}]},"product_price_amount":"8.07","product_price_currency":"EUR","og_availability":"out of stock","product_availability":"out of stock","product_retailer_item_id":"chavhim","product_condition":"new"},"_links":{"self":[{"href":"https:\/\/cosmetic.lv\/lv\/wp-json\/wp\/v2\/product\/34965","targetHints":{"allow":["GET"]}}],"collection":[{"href":"https:\/\/cosmetic.lv\/lv\/wp-json\/wp\/v2\/product"}],"about":[{"href":"https:\/\/cosmetic.lv\/lv\/wp-json\/wp\/v2\/types\/product"}],"wp:featuredmedia":[{"embeddable":true,"href":"https:\/\/cosmetic.lv\/lv\/wp-json\/wp\/v2\/media\/17748"}],"wp:attachment":[{"href":"https:\/\/cosmetic.lv\/lv\/wp-json\/wp\/v2\/media?parent=34965"}],"wp:term":[{"taxonomy":"product_brand","embeddable":true,"href":"https:\/\/cosmetic.lv\/lv\/wp-json\/wp\/v2\/product_brand?post=34965"},{"taxonomy":"product_cat","embeddable":true,"href":"https:\/\/cosmetic.lv\/lv\/wp-json\/wp\/v2\/product_cat?post=34965"},{"taxonomy":"product_tag","embeddable":true,"href":"https:\/\/cosmetic.lv\/lv\/wp-json\/wp\/v2\/product_tag?post=34965"}],"curies":[{"name":"wp","href":"https:\/\/api.w.org\/{rel}","templated":true}]}}