{"id":34982,"date":"2021-02-06T20:00:00","date_gmt":"2021-02-06T18:00:00","guid":{"rendered":"https:\/\/damme.lv\/product\/medikomeds-tejas-roze-10ml\/"},"modified":"2023-07-26T15:43:33","modified_gmt":"2023-07-26T12:43:33","slug":"medikomeds-tejas-roze-10ml","status":"publish","type":"product","link":"https:\/\/cosmetic.lv\/lv\/product\/medikomeds-tejas-roze-10ml\/","title":{"rendered":"Medikomeds t\u0113jas roze 10ml"},"content":{"rendered":"<pre id=\"&quot;tw-target-text&quot;\" dir=\"&quot;ltr&quot;\">T\u0113jas ro\u017eu e\u013c\u013ca ir lielisks kosm\u0113tikas arom\u0101ts.\r\n\r\nTam ir atjaunojo\u0161s, antioksidants, re\u0123ener\u0113jo\u0161s, absorb\u0113jo\u0161s efekts, izl\u012bdzina grumbi\u0146as, palielina \u0101das turgoru, tvirtumu, \u0101das elast\u012bbu, veido sejas ov\u0101lu, stimul\u0113 mikrocirkul\u0101ciju.\r\n\r\nSast\u0101vs: dab\u012bgu un sint\u0113tisku arom\u0101tu mais\u012bjums.\r\n\r\narom\u0101tisk\u0101s vannas - 5-6 pilieni e\u013c\u013cas silt\u0101 vann\u0101; roku un k\u0101ju \u0101das kop\u0161anas vannas: 2-3 pilieni e\u013c\u013cas uz 5-6 litriem silta \u016bdens. kosm\u0113tikas bag\u0101tin\u0101\u0161ana - 1-2 pilieni uz 10 ml produkta<\/pre>\n<p>&nbsp;<\/p>\n","protected":false},"excerpt":{"rendered":"<p>T\u0113jas ro\u017eu e\u013c\u013ca ir lielisks kosm\u0113tikas arom\u0101ts. Tam ir atjaunojo\u0161s, antioksidants, re\u0123ener\u0113jo\u0161s, absorb\u0113jo\u0161s efekts, izl\u012bdzina grumbi\u0146as, palielina \u0101das turgoru, tvirtumu,<\/p>\n","protected":false},"featured_media":11599,"template":"","meta":[],"product_brand":[],"product_cat":[2185],"product_tag":[],"class_list":{"0":"post-34982","1":"product","2":"type-product","3":"status-publish","4":"has-post-thumbnail","6":"product_cat-naturalas-eteriskas-ellas","8":"first","9":"outofstock","10":"taxable","11":"shipping-taxable","12":"purchasable","13":"product-type-simple"},"yoast_head":"<!-- This site is optimized with the Yoast SEO Premium plugin v27.0 (Yoast SEO v27.0) - https:\/\/yoast.com\/product\/yoast-seo-premium-wordpress\/ -->\n<title>Medikomeds t\u0113jas roze 10ml - cosmetic.lv<\/title>\n<meta name=\"robots\" content=\"index, follow, max-snippet:-1, max-image-preview:large, max-video-preview:-1\" \/>\n<link rel=\"canonical\" href=\"https:\/\/cosmetic.lv\/lv\/product\/medikomeds-tejas-roze-10ml\/\" \/>\n<meta property=\"og:locale\" content=\"lv_LV\" \/>\n<meta property=\"og:type\" content=\"article\" \/>\n<meta property=\"og:title\" content=\"Medikomeds t\u0113jas roze 10ml\" \/>\n<meta property=\"og:description\" content=\"T\u0113jas ro\u017eu e\u013c\u013ca ir lielisks kosm\u0113tikas arom\u0101ts. Tam ir atjaunojo\u0161s, antioksidants, re\u0123ener\u0113jo\u0161s, absorb\u0113jo\u0161s efekts, izl\u012bdzina grumbi\u0146as, palielina \u0101das turgoru, tvirtumu,\" \/>\n<meta property=\"og:url\" content=\"https:\/\/cosmetic.lv\/lv\/product\/medikomeds-tejas-roze-10ml\/\" \/>\n<meta property=\"og:site_name\" content=\"cosmetic.lv\" \/>\n<meta property=\"article:publisher\" content=\"https:\/\/www.facebook.com\/cosmetic.lv\/\" \/>\n<meta property=\"article:modified_time\" content=\"2023-07-26T12:43:33+00:00\" \/>\n<meta property=\"og:image\" content=\"https:\/\/cosmetic.lv\/wp-content\/uploads\/2021\/02\/21073.970roze.jpg\" \/>\n\t<meta property=\"og:image:width\" content=\"970\" \/>\n\t<meta property=\"og:image:height\" content=\"970\" \/>\n\t<meta property=\"og:image:type\" content=\"image\/jpeg\" \/>\n<meta name=\"twitter:card\" content=\"summary_large_image\" \/>\n<script type=\"application\/ld+json\" class=\"yoast-schema-graph\">{\"@context\":\"https:\/\/schema.org\",\"@graph\":[{\"@type\":\"WebPage\",\"@id\":\"https:\/\/cosmetic.lv\/lv\/product\/medikomeds-tejas-roze-10ml\/\",\"url\":\"https:\/\/cosmetic.lv\/lv\/product\/medikomeds-tejas-roze-10ml\/\",\"name\":\"Medikomeds t\u0113jas roze 10ml - cosmetic.lv\",\"isPartOf\":{\"@id\":\"https:\/\/cosmetic.lv\/lv\/#website\"},\"primaryImageOfPage\":{\"@id\":\"https:\/\/cosmetic.lv\/lv\/product\/medikomeds-tejas-roze-10ml\/#primaryimage\"},\"image\":{\"@id\":\"https:\/\/cosmetic.lv\/lv\/product\/medikomeds-tejas-roze-10ml\/#primaryimage\"},\"thumbnailUrl\":\"https:\/\/cosmetic.lv\/wp-content\/uploads\/2021\/02\/21073.970roze.jpg\",\"datePublished\":\"2021-02-06T18:00:00+00:00\",\"dateModified\":\"2023-07-26T12:43:33+00:00\",\"breadcrumb\":{\"@id\":\"https:\/\/cosmetic.lv\/lv\/product\/medikomeds-tejas-roze-10ml\/#breadcrumb\"},\"inLanguage\":\"lv-LV\",\"potentialAction\":[{\"@type\":\"ReadAction\",\"target\":[\"https:\/\/cosmetic.lv\/lv\/product\/medikomeds-tejas-roze-10ml\/\"]}]},{\"@type\":\"ImageObject\",\"inLanguage\":\"lv-LV\",\"@id\":\"https:\/\/cosmetic.lv\/lv\/product\/medikomeds-tejas-roze-10ml\/#primaryimage\",\"url\":\"https:\/\/cosmetic.lv\/wp-content\/uploads\/2021\/02\/21073.970roze.jpg\",\"contentUrl\":\"https:\/\/cosmetic.lv\/wp-content\/uploads\/2021\/02\/21073.970roze.jpg\",\"width\":970,\"height\":970,\"caption\":\"21073.970roze.JPG\"},{\"@type\":\"BreadcrumbList\",\"@id\":\"https:\/\/cosmetic.lv\/lv\/product\/medikomeds-tejas-roze-10ml\/#breadcrumb\",\"itemListElement\":[{\"@type\":\"ListItem\",\"position\":1,\"name\":\"Home\",\"item\":\"https:\/\/cosmetic.lv\/lv\/\"},{\"@type\":\"ListItem\",\"position\":2,\"name\":\"Veikals\",\"item\":\"https:\/\/cosmetic.lv\/lv\/veiklas\/\"},{\"@type\":\"ListItem\",\"position\":3,\"name\":\"Medikomeds t\u0113jas roze 10ml\"}]},{\"@type\":\"WebSite\",\"@id\":\"https:\/\/cosmetic.lv\/lv\/#website\",\"url\":\"https:\/\/cosmetic.lv\/lv\/\",\"name\":\"cosmetic.lv\",\"description\":\"Profesion\u0101la kosm\u0113tika - Maria Galland, Keune, Arkadija, GMT, Guam, Magiray\",\"publisher\":{\"@id\":\"https:\/\/cosmetic.lv\/lv\/#organization\"},\"potentialAction\":[{\"@type\":\"SearchAction\",\"target\":{\"@type\":\"EntryPoint\",\"urlTemplate\":\"https:\/\/cosmetic.lv\/lv\/?s={search_term_string}\"},\"query-input\":{\"@type\":\"PropertyValueSpecification\",\"valueRequired\":true,\"valueName\":\"search_term_string\"}}],\"inLanguage\":\"lv-LV\"},{\"@type\":\"Organization\",\"@id\":\"https:\/\/cosmetic.lv\/lv\/#organization\",\"name\":\"COSMETIC.LV\",\"url\":\"https:\/\/cosmetic.lv\/lv\/\",\"logo\":{\"@type\":\"ImageObject\",\"inLanguage\":\"lv-LV\",\"@id\":\"https:\/\/cosmetic.lv\/lv\/#\/schema\/logo\/image\/\",\"url\":\"https:\/\/cosmetic.lv\/wp-content\/uploads\/2021\/02\/cosmetic.lv_logo.jpg\",\"contentUrl\":\"https:\/\/cosmetic.lv\/wp-content\/uploads\/2021\/02\/cosmetic.lv_logo.jpg\",\"width\":596,\"height\":196,\"caption\":\"COSMETIC.LV\"},\"image\":{\"@id\":\"https:\/\/cosmetic.lv\/lv\/#\/schema\/logo\/image\/\"},\"sameAs\":[\"https:\/\/www.facebook.com\/cosmetic.lv\/\"]}]}<\/script>\n<meta property=\"product:price:amount\" content=\"3.83\" \/>\n<meta property=\"product:price:currency\" content=\"EUR\" \/>\n<meta property=\"og:availability\" content=\"out of stock\" \/>\n<meta property=\"product:availability\" content=\"out of stock\" \/>\n<meta property=\"product:retailer_item_id\" content=\"rozmed\" \/>\n<meta property=\"product:condition\" content=\"new\" \/>\n<!-- \/ Yoast SEO Premium plugin. -->","yoast_head_json":{"title":"Medikomeds t\u0113jas roze 10ml - cosmetic.lv","robots":{"index":"index","follow":"follow","max-snippet":"max-snippet:-1","max-image-preview":"max-image-preview:large","max-video-preview":"max-video-preview:-1"},"canonical":"https:\/\/cosmetic.lv\/lv\/product\/medikomeds-tejas-roze-10ml\/","og_locale":"lv_LV","og_type":"article","og_title":"Medikomeds t\u0113jas roze 10ml","og_description":"T\u0113jas ro\u017eu e\u013c\u013ca ir lielisks kosm\u0113tikas arom\u0101ts. Tam ir atjaunojo\u0161s, antioksidants, re\u0123ener\u0113jo\u0161s, absorb\u0113jo\u0161s efekts, izl\u012bdzina grumbi\u0146as, palielina \u0101das turgoru, tvirtumu,","og_url":"https:\/\/cosmetic.lv\/lv\/product\/medikomeds-tejas-roze-10ml\/","og_site_name":"cosmetic.lv","article_publisher":"https:\/\/www.facebook.com\/cosmetic.lv\/","article_modified_time":"2023-07-26T12:43:33+00:00","og_image":[{"width":970,"height":970,"url":"https:\/\/cosmetic.lv\/wp-content\/uploads\/2021\/02\/21073.970roze.jpg","type":"image\/jpeg"}],"twitter_card":"summary_large_image","schema":{"@context":"https:\/\/schema.org","@graph":[{"@type":"WebPage","@id":"https:\/\/cosmetic.lv\/lv\/product\/medikomeds-tejas-roze-10ml\/","url":"https:\/\/cosmetic.lv\/lv\/product\/medikomeds-tejas-roze-10ml\/","name":"Medikomeds t\u0113jas roze 10ml - cosmetic.lv","isPartOf":{"@id":"https:\/\/cosmetic.lv\/lv\/#website"},"primaryImageOfPage":{"@id":"https:\/\/cosmetic.lv\/lv\/product\/medikomeds-tejas-roze-10ml\/#primaryimage"},"image":{"@id":"https:\/\/cosmetic.lv\/lv\/product\/medikomeds-tejas-roze-10ml\/#primaryimage"},"thumbnailUrl":"https:\/\/cosmetic.lv\/wp-content\/uploads\/2021\/02\/21073.970roze.jpg","datePublished":"2021-02-06T18:00:00+00:00","dateModified":"2023-07-26T12:43:33+00:00","breadcrumb":{"@id":"https:\/\/cosmetic.lv\/lv\/product\/medikomeds-tejas-roze-10ml\/#breadcrumb"},"inLanguage":"lv-LV","potentialAction":[{"@type":"ReadAction","target":["https:\/\/cosmetic.lv\/lv\/product\/medikomeds-tejas-roze-10ml\/"]}]},{"@type":"ImageObject","inLanguage":"lv-LV","@id":"https:\/\/cosmetic.lv\/lv\/product\/medikomeds-tejas-roze-10ml\/#primaryimage","url":"https:\/\/cosmetic.lv\/wp-content\/uploads\/2021\/02\/21073.970roze.jpg","contentUrl":"https:\/\/cosmetic.lv\/wp-content\/uploads\/2021\/02\/21073.970roze.jpg","width":970,"height":970,"caption":"21073.970roze.JPG"},{"@type":"BreadcrumbList","@id":"https:\/\/cosmetic.lv\/lv\/product\/medikomeds-tejas-roze-10ml\/#breadcrumb","itemListElement":[{"@type":"ListItem","position":1,"name":"Home","item":"https:\/\/cosmetic.lv\/lv\/"},{"@type":"ListItem","position":2,"name":"Veikals","item":"https:\/\/cosmetic.lv\/lv\/veiklas\/"},{"@type":"ListItem","position":3,"name":"Medikomeds t\u0113jas roze 10ml"}]},{"@type":"WebSite","@id":"https:\/\/cosmetic.lv\/lv\/#website","url":"https:\/\/cosmetic.lv\/lv\/","name":"cosmetic.lv","description":"Profesion\u0101la kosm\u0113tika - Maria Galland, Keune, Arkadija, GMT, Guam, Magiray","publisher":{"@id":"https:\/\/cosmetic.lv\/lv\/#organization"},"potentialAction":[{"@type":"SearchAction","target":{"@type":"EntryPoint","urlTemplate":"https:\/\/cosmetic.lv\/lv\/?s={search_term_string}"},"query-input":{"@type":"PropertyValueSpecification","valueRequired":true,"valueName":"search_term_string"}}],"inLanguage":"lv-LV"},{"@type":"Organization","@id":"https:\/\/cosmetic.lv\/lv\/#organization","name":"COSMETIC.LV","url":"https:\/\/cosmetic.lv\/lv\/","logo":{"@type":"ImageObject","inLanguage":"lv-LV","@id":"https:\/\/cosmetic.lv\/lv\/#\/schema\/logo\/image\/","url":"https:\/\/cosmetic.lv\/wp-content\/uploads\/2021\/02\/cosmetic.lv_logo.jpg","contentUrl":"https:\/\/cosmetic.lv\/wp-content\/uploads\/2021\/02\/cosmetic.lv_logo.jpg","width":596,"height":196,"caption":"COSMETIC.LV"},"image":{"@id":"https:\/\/cosmetic.lv\/lv\/#\/schema\/logo\/image\/"},"sameAs":["https:\/\/www.facebook.com\/cosmetic.lv\/"]}]},"product_price_amount":"3.83","product_price_currency":"EUR","og_availability":"out of stock","product_availability":"out of stock","product_retailer_item_id":"rozmed","product_condition":"new"},"_links":{"self":[{"href":"https:\/\/cosmetic.lv\/lv\/wp-json\/wp\/v2\/product\/34982","targetHints":{"allow":["GET"]}}],"collection":[{"href":"https:\/\/cosmetic.lv\/lv\/wp-json\/wp\/v2\/product"}],"about":[{"href":"https:\/\/cosmetic.lv\/lv\/wp-json\/wp\/v2\/types\/product"}],"wp:featuredmedia":[{"embeddable":true,"href":"https:\/\/cosmetic.lv\/lv\/wp-json\/wp\/v2\/media\/11599"}],"wp:attachment":[{"href":"https:\/\/cosmetic.lv\/lv\/wp-json\/wp\/v2\/media?parent=34982"}],"wp:term":[{"taxonomy":"product_brand","embeddable":true,"href":"https:\/\/cosmetic.lv\/lv\/wp-json\/wp\/v2\/product_brand?post=34982"},{"taxonomy":"product_cat","embeddable":true,"href":"https:\/\/cosmetic.lv\/lv\/wp-json\/wp\/v2\/product_cat?post=34982"},{"taxonomy":"product_tag","embeddable":true,"href":"https:\/\/cosmetic.lv\/lv\/wp-json\/wp\/v2\/product_tag?post=34982"}],"curies":[{"name":"wp","href":"https:\/\/api.w.org\/{rel}","templated":true}]}}