{"id":35511,"date":"2021-02-13T16:56:44","date_gmt":"2021-02-13T14:51:01","guid":{"rendered":"https:\/\/damme.lv\/product\/auskari-dabisks-akmens-rodonits\/"},"modified":"2021-02-13T16:51:07","modified_gmt":"2021-02-13T14:51:07","slug":"auskari-dabisks-akmens-rodonits","status":"publish","type":"product","link":"https:\/\/cosmetic.lv\/lv\/product\/auskari-dabisks-akmens-rodonits\/","title":{"rendered":"Auskari dabisks akmens rodon\u012bts"},"content":{"rendered":"<p><!DOCTYPE html PUBLIC &quot;-\/\/W3C\/\/DTD XHTML 1.0 Transitional\/\/EN&quot; &quot;http:\/\/www.w3.org\/TR\/xhtml1\/DTD\/xhtml1-transitional.dtd&quot;><br \/>\n<html><br \/>\n<head><br \/>\n<title>Untitled document<\/title><br \/>\n<\/head><br \/>\n<body><\/p>\n<p>L\u012bdzciet\u012bbas un \u017e\u0113lsird\u012bbas akmens, il\u016bziju akmens. Austrumu  valst\u012bs un Indij\u0101 to uzskata par dievu akmeni, kas modina m\u012blest\u012bbu un  talantu. M\u016bsdien\u0101s praktiz\u0113jo&scaron;ie magi rodon\u012bta bumbi\u0146as izmanto  medit\u0101cijai.<\/p>\n<p>Rodon\u012bts ir sp\u0113j\u012bgs atmodin\u0101t cilv\u0113k\u0101 apsl\u0113ptos talantus, att\u012bst\u012bt  tos uz m\u012blest\u012bbu uz m\u0101kslu un atnest t\u0101 saimniekam popularit\u0101ti un  atzin\u012bbu, \u012bpa&scaron;i pal\u012bdz glezniec\u012bb\u0101. Dod cer\u012bbu un pal\u012bdz nost\u0101ties uz  pareiz\u0101 ce\u013ca. M\u0101ca m\u012bl\u0113t un priec\u0101ties par dz\u012bvi un pie\u0146emt likteni  t\u0101du, k\u0101ds tas ir.<\/p>\n<p>Rodon\u012bts uzlabot redzi un pal\u012bdz onkolo\u0123isko un aknu saslim&scaron;anas gad\u012bjumos.<\/p>\n<p>Visvair\u0101k rodon\u012bts sarg\u0101 Svaru un Dv\u012b\u0146u z\u012bm\u0113s dzimu&scaron;os. Svaru z\u012bm\u0113  dzimu&scaron;ajiem tas pie&scaron;\u0137ir sp\u0113ku un pa&scaron;p\u0101rliecin\u0101t\u012bbu. Dv\u012b\u0146iem pal\u012bdz  att\u012bst\u012bt intu\u012bciju, atmi\u0146u, k\u0101 ar\u012b centienus jaunu zin\u0101&scaron;anu un prasmju  apguvei.<\/p>\n<p>Rodon\u012btu sauc par Krievijas akmeni. Rodon\u012bts ar vissjaud\u012bg\u0101ko  ener\u0123\u0113tiku ir atrodams Ur\u0101lu kalnos. Tas pal\u012bdz rado&scaron;o sp\u0113ju att\u012bst\u012bb\u0101  \u012bpa&scaron;i glezniec\u012bb\u0101. Rodon\u012bts m\u0101ca m\u012bl\u0113t un priec\u0101ties par dz\u012bvi un pie\u0146emt likteni t\u0101du,  k\u0101ds tas ir.&nbsp;<\/p>\n<ul>\n<li>Rosina dz\u012bvi uztvert k\u0101 sp\u0113li un rado&scaron;i tan\u012b izpausties<\/li>\n<li>Dod pla&scaron;\u0101ku izpratni par t\u0113mu &quot;m\u012blest\u012bba&quot;, kur\u0101 ietilpst r\u016bpes par cilv\u0113ci kopum\u0101<\/li>\n<li>Atmodina apsl\u0113ptus talantus, atver un att\u012bsta m\u016bsos eso&scaron;o potenci\u0101lu uz rado&scaron;umu un m\u0101kslu<\/li>\n<li>L\u012bdzsvaro raksturu, ce\u013c pa&scaron;apzi\u0146u un tic\u012bbu sev<\/li>\n<li>Emocion\u0101l\u0101 balansa akmens, kas dzied\u0113 br\u016bces (gan fiziskas, gan emocion\u0101las)<\/li>\n<li>Uzlabo pa&scaron;saj\u016btu un veicina relaks\u0101ciju<\/li>\n<li>Novietojot uz sirds \u010dakras tas aktiviz\u0113, att\u012bra un stimul\u0113 to<\/li>\n<li>Var lietot pie pie iepriek&scaron;\u0113jos iemiesojumos g\u016bto  &quot;r\u0113tu&quot;dziedin\u0101&scaron;anas, \u012bpa&scaron;i ja esat k\u0101dreiz nodots vai pamests smag\u0101s  situ\u0101cij\u0101s<\/li>\n<\/ul>\n<p>Roz\u0101 un meln\u0101 apvienujums rodon\u012bt\u0101 nor\u0101da uz t\u0101 sp\u0113ju m\u012blest\u012bbas ener\u0123iju ienest Zemes bl\u012bvajos sl\u0101\u0146os un to tur integr\u0113t<\/p>\n<p>\u0100rstniecisk\u0101s \u012bpa&scaron;\u012bbas<\/p>\n<ul>\n<li>Nostiprina atmi\u0146u<\/li>\n<li>Mazina loc\u012btavu iekaismu un artr\u012btu<\/li>\n<li>Nov\u0113r&scaron; saslim&scaron;anu ar onkolo\u0123iskaj\u0101m slim\u012bb\u0101m<\/li>\n<li>Uzlabo aknu un aiku\u0146\u0123a dziedzera darb\u012bbu<\/li>\n<li>Normaliz\u0113 iek&scaron;\u0113j\u0101s sekr\u0113cijas dziedzeru darb\u012bbu<\/li>\n<li>Stimul\u0113 vielmai\u0146u un veicina \u0137erme\u0146a detoksik\u0101ciju<\/li>\n<\/ul>\n<p>5 cm<\/p>\n<p><\/body><br \/>\n<\/html><\/p>\n","protected":false},"excerpt":{"rendered":"<p>Untitled document L\u012bdzciet\u012bbas un \u017e\u0113lsird\u012bbas akmens, il\u016bziju akmens. Austrumu valst\u012bs un Indij\u0101 to uzskata par dievu akmeni, kas modina m\u012blest\u012bbu<\/p>\n","protected":false},"featured_media":35427,"template":"","meta":[],"product_brand":[],"product_cat":[2293,2297],"product_tag":[],"class_list":{"0":"post-35511","1":"product","2":"type-product","3":"status-publish","4":"has-post-thumbnail","6":"product_cat-dabiskie-akmeni-rokasspradzess-auskari-gredzeni-lv","7":"product_cat-auskari-lv-lv-3","9":"first","10":"instock","11":"purchasable","12":"product-type-simple"},"yoast_head":"<!-- This site is optimized with the Yoast SEO Premium plugin v27.0 (Yoast SEO v27.0) - https:\/\/yoast.com\/product\/yoast-seo-premium-wordpress\/ -->\n<title>Auskari dabisks akmens rodon\u012bts - cosmetic.lv<\/title>\n<meta name=\"robots\" content=\"index, follow, max-snippet:-1, max-image-preview:large, max-video-preview:-1\" \/>\n<link rel=\"canonical\" href=\"https:\/\/cosmetic.lv\/lv\/product\/auskari-dabisks-akmens-rodonits\/\" \/>\n<meta property=\"og:locale\" content=\"lv_LV\" \/>\n<meta property=\"og:type\" content=\"article\" \/>\n<meta property=\"og:title\" content=\"Auskari dabisks akmens rodon\u012bts\" \/>\n<meta property=\"og:description\" content=\"Untitled document L\u012bdzciet\u012bbas un \u017e\u0113lsird\u012bbas akmens, il\u016bziju akmens. Austrumu valst\u012bs un Indij\u0101 to uzskata par dievu akmeni, kas modina m\u012blest\u012bbu\" \/>\n<meta property=\"og:url\" content=\"https:\/\/cosmetic.lv\/lv\/product\/auskari-dabisks-akmens-rodonits\/\" \/>\n<meta property=\"og:site_name\" content=\"cosmetic.lv\" \/>\n<meta property=\"article:publisher\" content=\"https:\/\/www.facebook.com\/cosmetic.lv\/\" \/>\n<meta property=\"article:modified_time\" content=\"2021-02-13T14:51:07+00:00\" \/>\n<meta property=\"og:image\" content=\"https:\/\/cosmetic.lv\/wp-content\/uploads\/2021\/02\/20210203_1714291.jpg\" \/>\n\t<meta property=\"og:image:width\" content=\"800\" \/>\n\t<meta property=\"og:image:height\" content=\"450\" \/>\n\t<meta property=\"og:image:type\" content=\"image\/jpeg\" \/>\n<meta name=\"twitter:card\" content=\"summary_large_image\" \/>\n<script type=\"application\/ld+json\" class=\"yoast-schema-graph\">{\"@context\":\"https:\/\/schema.org\",\"@graph\":[{\"@type\":\"WebPage\",\"@id\":\"https:\/\/cosmetic.lv\/lv\/product\/auskari-dabisks-akmens-rodonits\/\",\"url\":\"https:\/\/cosmetic.lv\/lv\/product\/auskari-dabisks-akmens-rodonits\/\",\"name\":\"Auskari dabisks akmens rodon\u012bts - cosmetic.lv\",\"isPartOf\":{\"@id\":\"https:\/\/cosmetic.lv\/lv\/#website\"},\"primaryImageOfPage\":{\"@id\":\"https:\/\/cosmetic.lv\/lv\/product\/auskari-dabisks-akmens-rodonits\/#primaryimage\"},\"image\":{\"@id\":\"https:\/\/cosmetic.lv\/lv\/product\/auskari-dabisks-akmens-rodonits\/#primaryimage\"},\"thumbnailUrl\":\"https:\/\/cosmetic.lv\/wp-content\/uploads\/2021\/02\/20210203_1714291.jpg\",\"datePublished\":\"2021-02-13T14:51:01+00:00\",\"dateModified\":\"2021-02-13T14:51:07+00:00\",\"breadcrumb\":{\"@id\":\"https:\/\/cosmetic.lv\/lv\/product\/auskari-dabisks-akmens-rodonits\/#breadcrumb\"},\"inLanguage\":\"lv-LV\",\"potentialAction\":[{\"@type\":\"ReadAction\",\"target\":[\"https:\/\/cosmetic.lv\/lv\/product\/auskari-dabisks-akmens-rodonits\/\"]}]},{\"@type\":\"ImageObject\",\"inLanguage\":\"lv-LV\",\"@id\":\"https:\/\/cosmetic.lv\/lv\/product\/auskari-dabisks-akmens-rodonits\/#primaryimage\",\"url\":\"https:\/\/cosmetic.lv\/wp-content\/uploads\/2021\/02\/20210203_1714291.jpg\",\"contentUrl\":\"https:\/\/cosmetic.lv\/wp-content\/uploads\/2021\/02\/20210203_1714291.jpg\",\"width\":800,\"height\":450},{\"@type\":\"BreadcrumbList\",\"@id\":\"https:\/\/cosmetic.lv\/lv\/product\/auskari-dabisks-akmens-rodonits\/#breadcrumb\",\"itemListElement\":[{\"@type\":\"ListItem\",\"position\":1,\"name\":\"Home\",\"item\":\"https:\/\/cosmetic.lv\/lv\/\"},{\"@type\":\"ListItem\",\"position\":2,\"name\":\"Veikals\",\"item\":\"https:\/\/cosmetic.lv\/lv\/veiklas\/\"},{\"@type\":\"ListItem\",\"position\":3,\"name\":\"Auskari dabisks akmens rodon\u012bts\"}]},{\"@type\":\"WebSite\",\"@id\":\"https:\/\/cosmetic.lv\/lv\/#website\",\"url\":\"https:\/\/cosmetic.lv\/lv\/\",\"name\":\"cosmetic.lv\",\"description\":\"Profesion\u0101la kosm\u0113tika - Maria Galland, Keune, Arkadija, GMT, Guam, Magiray\",\"publisher\":{\"@id\":\"https:\/\/cosmetic.lv\/lv\/#organization\"},\"potentialAction\":[{\"@type\":\"SearchAction\",\"target\":{\"@type\":\"EntryPoint\",\"urlTemplate\":\"https:\/\/cosmetic.lv\/lv\/?s={search_term_string}\"},\"query-input\":{\"@type\":\"PropertyValueSpecification\",\"valueRequired\":true,\"valueName\":\"search_term_string\"}}],\"inLanguage\":\"lv-LV\"},{\"@type\":\"Organization\",\"@id\":\"https:\/\/cosmetic.lv\/lv\/#organization\",\"name\":\"COSMETIC.LV\",\"url\":\"https:\/\/cosmetic.lv\/lv\/\",\"logo\":{\"@type\":\"ImageObject\",\"inLanguage\":\"lv-LV\",\"@id\":\"https:\/\/cosmetic.lv\/lv\/#\/schema\/logo\/image\/\",\"url\":\"https:\/\/cosmetic.lv\/wp-content\/uploads\/2021\/02\/cosmetic.lv_logo.jpg\",\"contentUrl\":\"https:\/\/cosmetic.lv\/wp-content\/uploads\/2021\/02\/cosmetic.lv_logo.jpg\",\"width\":596,\"height\":196,\"caption\":\"COSMETIC.LV\"},\"image\":{\"@id\":\"https:\/\/cosmetic.lv\/lv\/#\/schema\/logo\/image\/\"},\"sameAs\":[\"https:\/\/www.facebook.com\/cosmetic.lv\/\"]}]}<\/script>\n<meta property=\"product:price:amount\" content=\"7.56\" \/>\n<meta property=\"product:price:currency\" content=\"EUR\" \/>\n<meta property=\"og:availability\" content=\"instock\" \/>\n<meta property=\"product:availability\" content=\"instock\" \/>\n<meta property=\"product:retailer_item_id\" content=\"rodon\" \/>\n<meta property=\"product:condition\" content=\"new\" \/>\n<!-- \/ Yoast SEO Premium plugin. -->","yoast_head_json":{"title":"Auskari dabisks akmens rodon\u012bts - cosmetic.lv","robots":{"index":"index","follow":"follow","max-snippet":"max-snippet:-1","max-image-preview":"max-image-preview:large","max-video-preview":"max-video-preview:-1"},"canonical":"https:\/\/cosmetic.lv\/lv\/product\/auskari-dabisks-akmens-rodonits\/","og_locale":"lv_LV","og_type":"article","og_title":"Auskari dabisks akmens rodon\u012bts","og_description":"Untitled document L\u012bdzciet\u012bbas un \u017e\u0113lsird\u012bbas akmens, il\u016bziju akmens. Austrumu valst\u012bs un Indij\u0101 to uzskata par dievu akmeni, kas modina m\u012blest\u012bbu","og_url":"https:\/\/cosmetic.lv\/lv\/product\/auskari-dabisks-akmens-rodonits\/","og_site_name":"cosmetic.lv","article_publisher":"https:\/\/www.facebook.com\/cosmetic.lv\/","article_modified_time":"2021-02-13T14:51:07+00:00","og_image":[{"width":800,"height":450,"url":"https:\/\/cosmetic.lv\/wp-content\/uploads\/2021\/02\/20210203_1714291.jpg","type":"image\/jpeg"}],"twitter_card":"summary_large_image","schema":{"@context":"https:\/\/schema.org","@graph":[{"@type":"WebPage","@id":"https:\/\/cosmetic.lv\/lv\/product\/auskari-dabisks-akmens-rodonits\/","url":"https:\/\/cosmetic.lv\/lv\/product\/auskari-dabisks-akmens-rodonits\/","name":"Auskari dabisks akmens rodon\u012bts - cosmetic.lv","isPartOf":{"@id":"https:\/\/cosmetic.lv\/lv\/#website"},"primaryImageOfPage":{"@id":"https:\/\/cosmetic.lv\/lv\/product\/auskari-dabisks-akmens-rodonits\/#primaryimage"},"image":{"@id":"https:\/\/cosmetic.lv\/lv\/product\/auskari-dabisks-akmens-rodonits\/#primaryimage"},"thumbnailUrl":"https:\/\/cosmetic.lv\/wp-content\/uploads\/2021\/02\/20210203_1714291.jpg","datePublished":"2021-02-13T14:51:01+00:00","dateModified":"2021-02-13T14:51:07+00:00","breadcrumb":{"@id":"https:\/\/cosmetic.lv\/lv\/product\/auskari-dabisks-akmens-rodonits\/#breadcrumb"},"inLanguage":"lv-LV","potentialAction":[{"@type":"ReadAction","target":["https:\/\/cosmetic.lv\/lv\/product\/auskari-dabisks-akmens-rodonits\/"]}]},{"@type":"ImageObject","inLanguage":"lv-LV","@id":"https:\/\/cosmetic.lv\/lv\/product\/auskari-dabisks-akmens-rodonits\/#primaryimage","url":"https:\/\/cosmetic.lv\/wp-content\/uploads\/2021\/02\/20210203_1714291.jpg","contentUrl":"https:\/\/cosmetic.lv\/wp-content\/uploads\/2021\/02\/20210203_1714291.jpg","width":800,"height":450},{"@type":"BreadcrumbList","@id":"https:\/\/cosmetic.lv\/lv\/product\/auskari-dabisks-akmens-rodonits\/#breadcrumb","itemListElement":[{"@type":"ListItem","position":1,"name":"Home","item":"https:\/\/cosmetic.lv\/lv\/"},{"@type":"ListItem","position":2,"name":"Veikals","item":"https:\/\/cosmetic.lv\/lv\/veiklas\/"},{"@type":"ListItem","position":3,"name":"Auskari dabisks akmens rodon\u012bts"}]},{"@type":"WebSite","@id":"https:\/\/cosmetic.lv\/lv\/#website","url":"https:\/\/cosmetic.lv\/lv\/","name":"cosmetic.lv","description":"Profesion\u0101la kosm\u0113tika - Maria Galland, Keune, Arkadija, GMT, Guam, Magiray","publisher":{"@id":"https:\/\/cosmetic.lv\/lv\/#organization"},"potentialAction":[{"@type":"SearchAction","target":{"@type":"EntryPoint","urlTemplate":"https:\/\/cosmetic.lv\/lv\/?s={search_term_string}"},"query-input":{"@type":"PropertyValueSpecification","valueRequired":true,"valueName":"search_term_string"}}],"inLanguage":"lv-LV"},{"@type":"Organization","@id":"https:\/\/cosmetic.lv\/lv\/#organization","name":"COSMETIC.LV","url":"https:\/\/cosmetic.lv\/lv\/","logo":{"@type":"ImageObject","inLanguage":"lv-LV","@id":"https:\/\/cosmetic.lv\/lv\/#\/schema\/logo\/image\/","url":"https:\/\/cosmetic.lv\/wp-content\/uploads\/2021\/02\/cosmetic.lv_logo.jpg","contentUrl":"https:\/\/cosmetic.lv\/wp-content\/uploads\/2021\/02\/cosmetic.lv_logo.jpg","width":596,"height":196,"caption":"COSMETIC.LV"},"image":{"@id":"https:\/\/cosmetic.lv\/lv\/#\/schema\/logo\/image\/"},"sameAs":["https:\/\/www.facebook.com\/cosmetic.lv\/"]}]},"product_price_amount":"7.56","product_price_currency":"EUR","og_availability":"instock","product_availability":"instock","product_retailer_item_id":"rodon","product_condition":"new"},"_links":{"self":[{"href":"https:\/\/cosmetic.lv\/lv\/wp-json\/wp\/v2\/product\/35511","targetHints":{"allow":["GET"]}}],"collection":[{"href":"https:\/\/cosmetic.lv\/lv\/wp-json\/wp\/v2\/product"}],"about":[{"href":"https:\/\/cosmetic.lv\/lv\/wp-json\/wp\/v2\/types\/product"}],"wp:featuredmedia":[{"embeddable":true,"href":"https:\/\/cosmetic.lv\/lv\/wp-json\/wp\/v2\/media\/35427"}],"wp:attachment":[{"href":"https:\/\/cosmetic.lv\/lv\/wp-json\/wp\/v2\/media?parent=35511"}],"wp:term":[{"taxonomy":"product_brand","embeddable":true,"href":"https:\/\/cosmetic.lv\/lv\/wp-json\/wp\/v2\/product_brand?post=35511"},{"taxonomy":"product_cat","embeddable":true,"href":"https:\/\/cosmetic.lv\/lv\/wp-json\/wp\/v2\/product_cat?post=35511"},{"taxonomy":"product_tag","embeddable":true,"href":"https:\/\/cosmetic.lv\/lv\/wp-json\/wp\/v2\/product_tag?post=35511"}],"curies":[{"name":"wp","href":"https:\/\/api.w.org\/{rel}","templated":true}]}}