{"id":35518,"date":"2021-02-13T16:57:02","date_gmt":"2021-02-13T14:51:08","guid":{"rendered":"https:\/\/damme.lv\/product\/arkadija-saules-aizsardzibas-krems-spf-30\/"},"modified":"2021-02-13T16:51:12","modified_gmt":"2021-02-13T14:51:12","slug":"arkadija-saules-aizsardzibas-krems-spf-30","status":"publish","type":"product","link":"https:\/\/cosmetic.lv\/lv\/product\/arkadija-saules-aizsardzibas-krems-spf-30\/","title":{"rendered":"Arkadija saules aizsardz\u012bbas kr\u0113ms SPF 30"},"content":{"rendered":"<p><!DOCTYPE html PUBLIC &quot;-\/\/W3C\/\/DTD XHTML 1.0 Transitional\/\/EN&quot; &quot;http:\/\/www.w3.org\/TR\/xhtml1\/DTD\/xhtml1-transitional.dtd&quot;><br \/>\n<html><br \/>\n<head><br \/>\n<title>Untitled document<\/title><br \/>\n<\/head><br \/>\n<body><\/p>\n<div id=&quot;tw-target-text-container&quot;>\n<pre id=&quot;tw-target-text&quot; style=&quot;text-align:left&quot; dir=&quot;ltr&quot;><span>98% aizsardz\u012bba pret UVB un UVA starojumu\n\n    Saules aizsargkr\u0113ms.\n    Tas lieliski uzs\u016bcas, neatst\u0101j taukainu pl\u0113vi un baltu zied\u0113&scaron;anu, intens\u012bvi baro un mitrina \u0101du.\n    Ieteicams vieglai, jut\u012bgai \u0101dai.\n\n\n200ML<\/span><\/pre>\n<\/div>\n<div id=&quot;tw-target-rmn-container&quot;>\n<pre id=&quot;tw-target-rmn&quot; style=&quot;text-align:left&quot; dir=&quot;ltr&quot;><span><br \/><\/span><\/pre>\n<\/div>\n<p><\/body><br \/>\n<\/html><\/p>\n","protected":false},"excerpt":{"rendered":"<p>Untitled document 98% aizsardz\u012bba pret UVB un UVA starojumu Saules aizsargkr\u0113ms. Tas lieliski uzs\u016bcas, neatst\u0101j taukainu pl\u0113vi un baltu zied\u0113&scaron;anu,<\/p>\n","protected":false},"featured_media":35439,"template":"","meta":[],"product_brand":[],"product_cat":[2273,2278,2279],"product_tag":[],"class_list":{"0":"post-35518","1":"product","2":"type-product","3":"status-publish","4":"has-post-thumbnail","6":"product_cat-profesionala-kosmetika-sejai-un-kermenim-lv","7":"product_cat-labaratorijas-kosmetika-arkadija-izstrada-luks-klases-kosmetiku-lv","8":"product_cat-sejas-kremi-lv","10":"first","11":"outofstock","12":"taxable","13":"shipping-taxable","14":"purchasable","15":"product-type-simple"},"yoast_head":"<!-- This site is optimized with the Yoast SEO Premium plugin v27.0 (Yoast SEO v27.0) - https:\/\/yoast.com\/product\/yoast-seo-premium-wordpress\/ -->\n<title>Arkadija saules aizsardz\u012bbas kr\u0113ms SPF 30 - cosmetic.lv<\/title>\n<meta name=\"robots\" content=\"index, follow, max-snippet:-1, max-image-preview:large, max-video-preview:-1\" \/>\n<link rel=\"canonical\" href=\"https:\/\/cosmetic.lv\/lv\/product\/arkadija-saules-aizsardzibas-krems-spf-30\/\" \/>\n<meta property=\"og:locale\" content=\"lv_LV\" \/>\n<meta property=\"og:type\" content=\"article\" \/>\n<meta property=\"og:title\" content=\"Arkadija saules aizsardz\u012bbas kr\u0113ms SPF 30\" \/>\n<meta property=\"og:description\" content=\"Untitled document 98% aizsardz\u012bba pret UVB un UVA starojumu Saules aizsargkr\u0113ms. Tas lieliski uzs\u016bcas, neatst\u0101j taukainu pl\u0113vi un baltu zied\u0113&scaron;anu,\" \/>\n<meta property=\"og:url\" content=\"https:\/\/cosmetic.lv\/lv\/product\/arkadija-saules-aizsardzibas-krems-spf-30\/\" \/>\n<meta property=\"og:site_name\" content=\"cosmetic.lv\" \/>\n<meta property=\"article:publisher\" content=\"https:\/\/www.facebook.com\/cosmetic.lv\/\" \/>\n<meta property=\"article:modified_time\" content=\"2021-02-13T14:51:12+00:00\" \/>\n<meta property=\"og:image\" content=\"https:\/\/cosmetic.lv\/wp-content\/uploads\/2021\/02\/spf30_2001fklfvshof-zdutuky.jpg\" \/>\n\t<meta property=\"og:image:width\" content=\"1000\" \/>\n\t<meta property=\"og:image:height\" content=\"1000\" \/>\n\t<meta property=\"og:image:type\" content=\"image\/jpeg\" \/>\n<meta name=\"twitter:card\" content=\"summary_large_image\" \/>\n<script type=\"application\/ld+json\" class=\"yoast-schema-graph\">{\"@context\":\"https:\/\/schema.org\",\"@graph\":[{\"@type\":\"WebPage\",\"@id\":\"https:\/\/cosmetic.lv\/lv\/product\/arkadija-saules-aizsardzibas-krems-spf-30\/\",\"url\":\"https:\/\/cosmetic.lv\/lv\/product\/arkadija-saules-aizsardzibas-krems-spf-30\/\",\"name\":\"Arkadija saules aizsardz\u012bbas kr\u0113ms SPF 30 - cosmetic.lv\",\"isPartOf\":{\"@id\":\"https:\/\/cosmetic.lv\/lv\/#website\"},\"primaryImageOfPage\":{\"@id\":\"https:\/\/cosmetic.lv\/lv\/product\/arkadija-saules-aizsardzibas-krems-spf-30\/#primaryimage\"},\"image\":{\"@id\":\"https:\/\/cosmetic.lv\/lv\/product\/arkadija-saules-aizsardzibas-krems-spf-30\/#primaryimage\"},\"thumbnailUrl\":\"https:\/\/cosmetic.lv\/wp-content\/uploads\/2021\/02\/spf30_2001fklfvshof-zdutuky.jpg\",\"datePublished\":\"2021-02-13T14:51:08+00:00\",\"dateModified\":\"2021-02-13T14:51:12+00:00\",\"breadcrumb\":{\"@id\":\"https:\/\/cosmetic.lv\/lv\/product\/arkadija-saules-aizsardzibas-krems-spf-30\/#breadcrumb\"},\"inLanguage\":\"lv-LV\",\"potentialAction\":[{\"@type\":\"ReadAction\",\"target\":[\"https:\/\/cosmetic.lv\/lv\/product\/arkadija-saules-aizsardzibas-krems-spf-30\/\"]}]},{\"@type\":\"ImageObject\",\"inLanguage\":\"lv-LV\",\"@id\":\"https:\/\/cosmetic.lv\/lv\/product\/arkadija-saules-aizsardzibas-krems-spf-30\/#primaryimage\",\"url\":\"https:\/\/cosmetic.lv\/wp-content\/uploads\/2021\/02\/spf30_2001fklfvshof-zdutuky.jpg\",\"contentUrl\":\"https:\/\/cosmetic.lv\/wp-content\/uploads\/2021\/02\/spf30_2001fklfvshof-zdutuky.jpg\",\"width\":1000,\"height\":1000},{\"@type\":\"BreadcrumbList\",\"@id\":\"https:\/\/cosmetic.lv\/lv\/product\/arkadija-saules-aizsardzibas-krems-spf-30\/#breadcrumb\",\"itemListElement\":[{\"@type\":\"ListItem\",\"position\":1,\"name\":\"Home\",\"item\":\"https:\/\/cosmetic.lv\/lv\/\"},{\"@type\":\"ListItem\",\"position\":2,\"name\":\"Veikals\",\"item\":\"https:\/\/cosmetic.lv\/lv\/veiklas\/\"},{\"@type\":\"ListItem\",\"position\":3,\"name\":\"Arkadija saules aizsardz\u012bbas kr\u0113ms SPF 30\"}]},{\"@type\":\"WebSite\",\"@id\":\"https:\/\/cosmetic.lv\/lv\/#website\",\"url\":\"https:\/\/cosmetic.lv\/lv\/\",\"name\":\"cosmetic.lv\",\"description\":\"Profesion\u0101la kosm\u0113tika - Maria Galland, Keune, Arkadija, GMT, Guam, Magiray\",\"publisher\":{\"@id\":\"https:\/\/cosmetic.lv\/lv\/#organization\"},\"potentialAction\":[{\"@type\":\"SearchAction\",\"target\":{\"@type\":\"EntryPoint\",\"urlTemplate\":\"https:\/\/cosmetic.lv\/lv\/?s={search_term_string}\"},\"query-input\":{\"@type\":\"PropertyValueSpecification\",\"valueRequired\":true,\"valueName\":\"search_term_string\"}}],\"inLanguage\":\"lv-LV\"},{\"@type\":\"Organization\",\"@id\":\"https:\/\/cosmetic.lv\/lv\/#organization\",\"name\":\"COSMETIC.LV\",\"url\":\"https:\/\/cosmetic.lv\/lv\/\",\"logo\":{\"@type\":\"ImageObject\",\"inLanguage\":\"lv-LV\",\"@id\":\"https:\/\/cosmetic.lv\/lv\/#\/schema\/logo\/image\/\",\"url\":\"https:\/\/cosmetic.lv\/wp-content\/uploads\/2021\/02\/cosmetic.lv_logo.jpg\",\"contentUrl\":\"https:\/\/cosmetic.lv\/wp-content\/uploads\/2021\/02\/cosmetic.lv_logo.jpg\",\"width\":596,\"height\":196,\"caption\":\"COSMETIC.LV\"},\"image\":{\"@id\":\"https:\/\/cosmetic.lv\/lv\/#\/schema\/logo\/image\/\"},\"sameAs\":[\"https:\/\/www.facebook.com\/cosmetic.lv\/\"]}]}<\/script>\n<meta property=\"product:price:amount\" content=\"34.89\" \/>\n<meta property=\"product:price:currency\" content=\"EUR\" \/>\n<meta property=\"og:availability\" content=\"out of stock\" \/>\n<meta property=\"product:availability\" content=\"out of stock\" \/>\n<meta property=\"product:retailer_item_id\" content=\"A077-200\" \/>\n<meta property=\"product:condition\" content=\"new\" \/>\n<!-- \/ Yoast SEO Premium plugin. -->","yoast_head_json":{"title":"Arkadija saules aizsardz\u012bbas kr\u0113ms SPF 30 - cosmetic.lv","robots":{"index":"index","follow":"follow","max-snippet":"max-snippet:-1","max-image-preview":"max-image-preview:large","max-video-preview":"max-video-preview:-1"},"canonical":"https:\/\/cosmetic.lv\/lv\/product\/arkadija-saules-aizsardzibas-krems-spf-30\/","og_locale":"lv_LV","og_type":"article","og_title":"Arkadija saules aizsardz\u012bbas kr\u0113ms SPF 30","og_description":"Untitled document 98% aizsardz\u012bba pret UVB un UVA starojumu Saules aizsargkr\u0113ms. Tas lieliski uzs\u016bcas, neatst\u0101j taukainu pl\u0113vi un baltu zied\u0113&scaron;anu,","og_url":"https:\/\/cosmetic.lv\/lv\/product\/arkadija-saules-aizsardzibas-krems-spf-30\/","og_site_name":"cosmetic.lv","article_publisher":"https:\/\/www.facebook.com\/cosmetic.lv\/","article_modified_time":"2021-02-13T14:51:12+00:00","og_image":[{"width":1000,"height":1000,"url":"https:\/\/cosmetic.lv\/wp-content\/uploads\/2021\/02\/spf30_2001fklfvshof-zdutuky.jpg","type":"image\/jpeg"}],"twitter_card":"summary_large_image","schema":{"@context":"https:\/\/schema.org","@graph":[{"@type":"WebPage","@id":"https:\/\/cosmetic.lv\/lv\/product\/arkadija-saules-aizsardzibas-krems-spf-30\/","url":"https:\/\/cosmetic.lv\/lv\/product\/arkadija-saules-aizsardzibas-krems-spf-30\/","name":"Arkadija saules aizsardz\u012bbas kr\u0113ms SPF 30 - cosmetic.lv","isPartOf":{"@id":"https:\/\/cosmetic.lv\/lv\/#website"},"primaryImageOfPage":{"@id":"https:\/\/cosmetic.lv\/lv\/product\/arkadija-saules-aizsardzibas-krems-spf-30\/#primaryimage"},"image":{"@id":"https:\/\/cosmetic.lv\/lv\/product\/arkadija-saules-aizsardzibas-krems-spf-30\/#primaryimage"},"thumbnailUrl":"https:\/\/cosmetic.lv\/wp-content\/uploads\/2021\/02\/spf30_2001fklfvshof-zdutuky.jpg","datePublished":"2021-02-13T14:51:08+00:00","dateModified":"2021-02-13T14:51:12+00:00","breadcrumb":{"@id":"https:\/\/cosmetic.lv\/lv\/product\/arkadija-saules-aizsardzibas-krems-spf-30\/#breadcrumb"},"inLanguage":"lv-LV","potentialAction":[{"@type":"ReadAction","target":["https:\/\/cosmetic.lv\/lv\/product\/arkadija-saules-aizsardzibas-krems-spf-30\/"]}]},{"@type":"ImageObject","inLanguage":"lv-LV","@id":"https:\/\/cosmetic.lv\/lv\/product\/arkadija-saules-aizsardzibas-krems-spf-30\/#primaryimage","url":"https:\/\/cosmetic.lv\/wp-content\/uploads\/2021\/02\/spf30_2001fklfvshof-zdutuky.jpg","contentUrl":"https:\/\/cosmetic.lv\/wp-content\/uploads\/2021\/02\/spf30_2001fklfvshof-zdutuky.jpg","width":1000,"height":1000},{"@type":"BreadcrumbList","@id":"https:\/\/cosmetic.lv\/lv\/product\/arkadija-saules-aizsardzibas-krems-spf-30\/#breadcrumb","itemListElement":[{"@type":"ListItem","position":1,"name":"Home","item":"https:\/\/cosmetic.lv\/lv\/"},{"@type":"ListItem","position":2,"name":"Veikals","item":"https:\/\/cosmetic.lv\/lv\/veiklas\/"},{"@type":"ListItem","position":3,"name":"Arkadija saules aizsardz\u012bbas kr\u0113ms SPF 30"}]},{"@type":"WebSite","@id":"https:\/\/cosmetic.lv\/lv\/#website","url":"https:\/\/cosmetic.lv\/lv\/","name":"cosmetic.lv","description":"Profesion\u0101la kosm\u0113tika - Maria Galland, Keune, Arkadija, GMT, Guam, Magiray","publisher":{"@id":"https:\/\/cosmetic.lv\/lv\/#organization"},"potentialAction":[{"@type":"SearchAction","target":{"@type":"EntryPoint","urlTemplate":"https:\/\/cosmetic.lv\/lv\/?s={search_term_string}"},"query-input":{"@type":"PropertyValueSpecification","valueRequired":true,"valueName":"search_term_string"}}],"inLanguage":"lv-LV"},{"@type":"Organization","@id":"https:\/\/cosmetic.lv\/lv\/#organization","name":"COSMETIC.LV","url":"https:\/\/cosmetic.lv\/lv\/","logo":{"@type":"ImageObject","inLanguage":"lv-LV","@id":"https:\/\/cosmetic.lv\/lv\/#\/schema\/logo\/image\/","url":"https:\/\/cosmetic.lv\/wp-content\/uploads\/2021\/02\/cosmetic.lv_logo.jpg","contentUrl":"https:\/\/cosmetic.lv\/wp-content\/uploads\/2021\/02\/cosmetic.lv_logo.jpg","width":596,"height":196,"caption":"COSMETIC.LV"},"image":{"@id":"https:\/\/cosmetic.lv\/lv\/#\/schema\/logo\/image\/"},"sameAs":["https:\/\/www.facebook.com\/cosmetic.lv\/"]}]},"product_price_amount":"34.89","product_price_currency":"EUR","og_availability":"out of stock","product_availability":"out of stock","product_retailer_item_id":"A077-200","product_condition":"new"},"_links":{"self":[{"href":"https:\/\/cosmetic.lv\/lv\/wp-json\/wp\/v2\/product\/35518","targetHints":{"allow":["GET"]}}],"collection":[{"href":"https:\/\/cosmetic.lv\/lv\/wp-json\/wp\/v2\/product"}],"about":[{"href":"https:\/\/cosmetic.lv\/lv\/wp-json\/wp\/v2\/types\/product"}],"wp:featuredmedia":[{"embeddable":true,"href":"https:\/\/cosmetic.lv\/lv\/wp-json\/wp\/v2\/media\/35439"}],"wp:attachment":[{"href":"https:\/\/cosmetic.lv\/lv\/wp-json\/wp\/v2\/media?parent=35518"}],"wp:term":[{"taxonomy":"product_brand","embeddable":true,"href":"https:\/\/cosmetic.lv\/lv\/wp-json\/wp\/v2\/product_brand?post=35518"},{"taxonomy":"product_cat","embeddable":true,"href":"https:\/\/cosmetic.lv\/lv\/wp-json\/wp\/v2\/product_cat?post=35518"},{"taxonomy":"product_tag","embeddable":true,"href":"https:\/\/cosmetic.lv\/lv\/wp-json\/wp\/v2\/product_tag?post=35518"}],"curies":[{"name":"wp","href":"https:\/\/api.w.org\/{rel}","templated":true}]}}