{"id":35519,"date":"2021-02-13T16:57:02","date_gmt":"2021-02-13T14:51:08","guid":{"rendered":"https:\/\/damme.lv\/product\/guam-dren-krems-ar-drenazas-efektu-auksta-formula-200-ml\/"},"modified":"2021-12-02T21:35:08","modified_gmt":"2021-12-02T19:35:08","slug":"guam-dren-krems-ar-drenazas-efektu-auksta-formula-200-ml","status":"publish","type":"product","link":"https:\/\/cosmetic.lv\/lv\/product\/guam-dren-krems-ar-drenazas-efektu-auksta-formula-200-ml\/","title":{"rendered":"GUAM Dren &#8211; Kr\u0113ms ar dren\u0101\u017eas efektu &#8211; Aukst\u0101 formula 200 ml"},"content":{"rendered":"<p>&nbsp;<\/p>\n<p>GUAM Dren &#8211; Kr\u0113ms ar dren\u0101\u017eas efektu &#8211; Aukst\u0101 formula 200 ml Kr\u0113mam ir prett\u016bskas iedarb\u012bba, tas atvieglo noguru\u0161u k\u0101ju sindromu. GUAM j\u016bras a\u013c\u0123u un citu dabisko, akt\u012bvo ingredientu kompleks\u0101 iedarb\u012bba ir v\u0113rsta uz \u0137erme\u0146a problem\u0101tiskaj\u0101m zon\u0101m (k\u0101j\u0101m un s\u0113\u017eamvietu), kas bie\u017ei vien cie\u0161 no \u0161\u0137idruma sastr\u0113guma audos. Prepar\u0101tu var izmantot k\u0101 patst\u0101v\u012bgu produktu, tom\u0113r lab\u0101ka rezult\u0101ta sasnieg\u0161anai tas ir \u012bpa\u0161i ieteicams p\u0113c maskas ar dren\u0101\u017eas efektu lieto\u0161anas un dien\u0101s, kas ir starp iet\u012b\u0161anas proced\u016br\u0101m. Akt\u012bvie komponenti: GUAM j\u016bras a\u013c\u0123es, j\u016bras s\u0101ls, adatenes, kofe\u012bns, atsvaidzino\u0161s komplekss. Lieto\u0161anas pam\u0101c\u012bba: Ieteicams lietot vakar\u0101 pirms gul\u0113tie\u0161anas. Uzkl\u0101t uz k\u0101j\u0101m un s\u0113\u017eamvietas pietiekami daudz kr\u0113ma un mas\u0113t ar viegl\u0101m kust\u012bb\u0101m, l\u012bdz tas piln\u012bb\u0101 ies\u016bcies \u0101d\u0101<\/p>\n<p>&nbsp;<\/p>\n","protected":false},"excerpt":{"rendered":"<p>&nbsp; GUAM Dren &#8211; Kr\u0113ms ar dren\u0101\u017eas efektu &#8211; Aukst\u0101 formula 200 ml Kr\u0113mam ir prett\u016bskas iedarb\u012bba, tas atvieglo noguru\u0161u<\/p>\n","protected":false},"featured_media":35576,"template":"","meta":[],"product_brand":[],"product_cat":[2414,2413,2273],"product_tag":[],"class_list":{"0":"post-35519","1":"product","2":"type-product","3":"status-publish","4":"has-post-thumbnail","6":"product_cat-dren-lv","7":"product_cat-guam-lv","8":"product_cat-profesionala-kosmetika-sejai-un-kermenim-lv","10":"first","11":"instock","12":"featured","13":"taxable","14":"shipping-taxable","15":"purchasable","16":"product-type-simple"},"yoast_head":"<!-- This site is optimized with the Yoast SEO Premium plugin v27.0 (Yoast SEO v27.0) - https:\/\/yoast.com\/product\/yoast-seo-premium-wordpress\/ -->\n<title>GUAM Dren - Kr\u0113ms ar dren\u0101\u017eas efektu - Aukst\u0101 formula 200 ml - cosmetic.lv<\/title>\n<meta name=\"robots\" content=\"index, follow, max-snippet:-1, max-image-preview:large, max-video-preview:-1\" \/>\n<link rel=\"canonical\" href=\"https:\/\/cosmetic.lv\/lv\/product\/guam-dren-krems-ar-drenazas-efektu-auksta-formula-200-ml\/\" \/>\n<meta property=\"og:locale\" content=\"lv_LV\" \/>\n<meta property=\"og:type\" content=\"article\" \/>\n<meta property=\"og:title\" content=\"GUAM Dren - Kr\u0113ms ar dren\u0101\u017eas efektu - Aukst\u0101 formula 200 ml\" \/>\n<meta property=\"og:description\" content=\"&nbsp; GUAM Dren &#8211; Kr\u0113ms ar dren\u0101\u017eas efektu &#8211; Aukst\u0101 formula 200 ml Kr\u0113mam ir prett\u016bskas iedarb\u012bba, tas atvieglo noguru\u0161u\" \/>\n<meta property=\"og:url\" content=\"https:\/\/cosmetic.lv\/lv\/product\/guam-dren-krems-ar-drenazas-efektu-auksta-formula-200-ml\/\" \/>\n<meta property=\"og:site_name\" content=\"cosmetic.lv\" \/>\n<meta property=\"article:publisher\" content=\"https:\/\/www.facebook.com\/cosmetic.lv\/\" \/>\n<meta property=\"article:modified_time\" content=\"2021-12-02T19:35:08+00:00\" \/>\n<meta property=\"og:image\" content=\"https:\/\/cosmetic.lv\/wp-content\/uploads\/2021\/02\/guam_drkf-500x500-3.jpg\" \/>\n\t<meta property=\"og:image:width\" content=\"500\" \/>\n\t<meta property=\"og:image:height\" content=\"500\" \/>\n\t<meta property=\"og:image:type\" content=\"image\/jpeg\" \/>\n<meta name=\"twitter:card\" content=\"summary_large_image\" \/>\n<script type=\"application\/ld+json\" class=\"yoast-schema-graph\">{\"@context\":\"https:\/\/schema.org\",\"@graph\":[{\"@type\":\"WebPage\",\"@id\":\"https:\/\/cosmetic.lv\/lv\/product\/guam-dren-krems-ar-drenazas-efektu-auksta-formula-200-ml\/\",\"url\":\"https:\/\/cosmetic.lv\/lv\/product\/guam-dren-krems-ar-drenazas-efektu-auksta-formula-200-ml\/\",\"name\":\"GUAM Dren - Kr\u0113ms ar dren\u0101\u017eas efektu - Aukst\u0101 formula 200 ml - cosmetic.lv\",\"isPartOf\":{\"@id\":\"https:\/\/cosmetic.lv\/lv\/#website\"},\"primaryImageOfPage\":{\"@id\":\"https:\/\/cosmetic.lv\/lv\/product\/guam-dren-krems-ar-drenazas-efektu-auksta-formula-200-ml\/#primaryimage\"},\"image\":{\"@id\":\"https:\/\/cosmetic.lv\/lv\/product\/guam-dren-krems-ar-drenazas-efektu-auksta-formula-200-ml\/#primaryimage\"},\"thumbnailUrl\":\"https:\/\/cosmetic.lv\/wp-content\/uploads\/2021\/02\/guam_drkf-500x500-3.jpg\",\"datePublished\":\"2021-02-13T14:51:08+00:00\",\"dateModified\":\"2021-12-02T19:35:08+00:00\",\"breadcrumb\":{\"@id\":\"https:\/\/cosmetic.lv\/lv\/product\/guam-dren-krems-ar-drenazas-efektu-auksta-formula-200-ml\/#breadcrumb\"},\"inLanguage\":\"lv-LV\",\"potentialAction\":[{\"@type\":\"ReadAction\",\"target\":[\"https:\/\/cosmetic.lv\/lv\/product\/guam-dren-krems-ar-drenazas-efektu-auksta-formula-200-ml\/\"]}]},{\"@type\":\"ImageObject\",\"inLanguage\":\"lv-LV\",\"@id\":\"https:\/\/cosmetic.lv\/lv\/product\/guam-dren-krems-ar-drenazas-efektu-auksta-formula-200-ml\/#primaryimage\",\"url\":\"https:\/\/cosmetic.lv\/wp-content\/uploads\/2021\/02\/guam_drkf-500x500-3.jpg\",\"contentUrl\":\"https:\/\/cosmetic.lv\/wp-content\/uploads\/2021\/02\/guam_drkf-500x500-3.jpg\",\"width\":500,\"height\":500},{\"@type\":\"BreadcrumbList\",\"@id\":\"https:\/\/cosmetic.lv\/lv\/product\/guam-dren-krems-ar-drenazas-efektu-auksta-formula-200-ml\/#breadcrumb\",\"itemListElement\":[{\"@type\":\"ListItem\",\"position\":1,\"name\":\"Home\",\"item\":\"https:\/\/cosmetic.lv\/lv\/\"},{\"@type\":\"ListItem\",\"position\":2,\"name\":\"Veikals\",\"item\":\"https:\/\/cosmetic.lv\/lv\/veiklas\/\"},{\"@type\":\"ListItem\",\"position\":3,\"name\":\"GUAM Dren &#8212; Kr\u0113ms ar dren\u0101\u017eas efektu &#8212; Aukst\u0101 formula 200 ml\"}]},{\"@type\":\"WebSite\",\"@id\":\"https:\/\/cosmetic.lv\/lv\/#website\",\"url\":\"https:\/\/cosmetic.lv\/lv\/\",\"name\":\"cosmetic.lv\",\"description\":\"Profesion\u0101la kosm\u0113tika - Maria Galland, Keune, Arkadija, GMT, Guam, Magiray\",\"publisher\":{\"@id\":\"https:\/\/cosmetic.lv\/lv\/#organization\"},\"potentialAction\":[{\"@type\":\"SearchAction\",\"target\":{\"@type\":\"EntryPoint\",\"urlTemplate\":\"https:\/\/cosmetic.lv\/lv\/?s={search_term_string}\"},\"query-input\":{\"@type\":\"PropertyValueSpecification\",\"valueRequired\":true,\"valueName\":\"search_term_string\"}}],\"inLanguage\":\"lv-LV\"},{\"@type\":\"Organization\",\"@id\":\"https:\/\/cosmetic.lv\/lv\/#organization\",\"name\":\"COSMETIC.LV\",\"url\":\"https:\/\/cosmetic.lv\/lv\/\",\"logo\":{\"@type\":\"ImageObject\",\"inLanguage\":\"lv-LV\",\"@id\":\"https:\/\/cosmetic.lv\/lv\/#\/schema\/logo\/image\/\",\"url\":\"https:\/\/cosmetic.lv\/wp-content\/uploads\/2021\/02\/cosmetic.lv_logo.jpg\",\"contentUrl\":\"https:\/\/cosmetic.lv\/wp-content\/uploads\/2021\/02\/cosmetic.lv_logo.jpg\",\"width\":596,\"height\":196,\"caption\":\"COSMETIC.LV\"},\"image\":{\"@id\":\"https:\/\/cosmetic.lv\/lv\/#\/schema\/logo\/image\/\"},\"sameAs\":[\"https:\/\/www.facebook.com\/cosmetic.lv\/\"]}]}<\/script>\n<meta property=\"product:price:amount\" content=\"27.22\" \/>\n<meta property=\"product:price:currency\" content=\"EUR\" \/>\n<meta property=\"og:availability\" content=\"instock\" \/>\n<meta property=\"product:availability\" content=\"instock\" \/>\n<meta property=\"product:retailer_item_id\" content=\"30aaa42805c0\" \/>\n<meta property=\"product:condition\" content=\"new\" \/>\n<!-- \/ Yoast SEO Premium plugin. -->","yoast_head_json":{"title":"GUAM Dren - Kr\u0113ms ar dren\u0101\u017eas efektu - Aukst\u0101 formula 200 ml - cosmetic.lv","robots":{"index":"index","follow":"follow","max-snippet":"max-snippet:-1","max-image-preview":"max-image-preview:large","max-video-preview":"max-video-preview:-1"},"canonical":"https:\/\/cosmetic.lv\/lv\/product\/guam-dren-krems-ar-drenazas-efektu-auksta-formula-200-ml\/","og_locale":"lv_LV","og_type":"article","og_title":"GUAM Dren - Kr\u0113ms ar dren\u0101\u017eas efektu - Aukst\u0101 formula 200 ml","og_description":"&nbsp; GUAM Dren &#8211; Kr\u0113ms ar dren\u0101\u017eas efektu &#8211; Aukst\u0101 formula 200 ml Kr\u0113mam ir prett\u016bskas iedarb\u012bba, tas atvieglo noguru\u0161u","og_url":"https:\/\/cosmetic.lv\/lv\/product\/guam-dren-krems-ar-drenazas-efektu-auksta-formula-200-ml\/","og_site_name":"cosmetic.lv","article_publisher":"https:\/\/www.facebook.com\/cosmetic.lv\/","article_modified_time":"2021-12-02T19:35:08+00:00","og_image":[{"width":500,"height":500,"url":"https:\/\/cosmetic.lv\/wp-content\/uploads\/2021\/02\/guam_drkf-500x500-3.jpg","type":"image\/jpeg"}],"twitter_card":"summary_large_image","schema":{"@context":"https:\/\/schema.org","@graph":[{"@type":"WebPage","@id":"https:\/\/cosmetic.lv\/lv\/product\/guam-dren-krems-ar-drenazas-efektu-auksta-formula-200-ml\/","url":"https:\/\/cosmetic.lv\/lv\/product\/guam-dren-krems-ar-drenazas-efektu-auksta-formula-200-ml\/","name":"GUAM Dren - Kr\u0113ms ar dren\u0101\u017eas efektu - Aukst\u0101 formula 200 ml - cosmetic.lv","isPartOf":{"@id":"https:\/\/cosmetic.lv\/lv\/#website"},"primaryImageOfPage":{"@id":"https:\/\/cosmetic.lv\/lv\/product\/guam-dren-krems-ar-drenazas-efektu-auksta-formula-200-ml\/#primaryimage"},"image":{"@id":"https:\/\/cosmetic.lv\/lv\/product\/guam-dren-krems-ar-drenazas-efektu-auksta-formula-200-ml\/#primaryimage"},"thumbnailUrl":"https:\/\/cosmetic.lv\/wp-content\/uploads\/2021\/02\/guam_drkf-500x500-3.jpg","datePublished":"2021-02-13T14:51:08+00:00","dateModified":"2021-12-02T19:35:08+00:00","breadcrumb":{"@id":"https:\/\/cosmetic.lv\/lv\/product\/guam-dren-krems-ar-drenazas-efektu-auksta-formula-200-ml\/#breadcrumb"},"inLanguage":"lv-LV","potentialAction":[{"@type":"ReadAction","target":["https:\/\/cosmetic.lv\/lv\/product\/guam-dren-krems-ar-drenazas-efektu-auksta-formula-200-ml\/"]}]},{"@type":"ImageObject","inLanguage":"lv-LV","@id":"https:\/\/cosmetic.lv\/lv\/product\/guam-dren-krems-ar-drenazas-efektu-auksta-formula-200-ml\/#primaryimage","url":"https:\/\/cosmetic.lv\/wp-content\/uploads\/2021\/02\/guam_drkf-500x500-3.jpg","contentUrl":"https:\/\/cosmetic.lv\/wp-content\/uploads\/2021\/02\/guam_drkf-500x500-3.jpg","width":500,"height":500},{"@type":"BreadcrumbList","@id":"https:\/\/cosmetic.lv\/lv\/product\/guam-dren-krems-ar-drenazas-efektu-auksta-formula-200-ml\/#breadcrumb","itemListElement":[{"@type":"ListItem","position":1,"name":"Home","item":"https:\/\/cosmetic.lv\/lv\/"},{"@type":"ListItem","position":2,"name":"Veikals","item":"https:\/\/cosmetic.lv\/lv\/veiklas\/"},{"@type":"ListItem","position":3,"name":"GUAM Dren &#8212; Kr\u0113ms ar dren\u0101\u017eas efektu &#8212; Aukst\u0101 formula 200 ml"}]},{"@type":"WebSite","@id":"https:\/\/cosmetic.lv\/lv\/#website","url":"https:\/\/cosmetic.lv\/lv\/","name":"cosmetic.lv","description":"Profesion\u0101la kosm\u0113tika - Maria Galland, Keune, Arkadija, GMT, Guam, Magiray","publisher":{"@id":"https:\/\/cosmetic.lv\/lv\/#organization"},"potentialAction":[{"@type":"SearchAction","target":{"@type":"EntryPoint","urlTemplate":"https:\/\/cosmetic.lv\/lv\/?s={search_term_string}"},"query-input":{"@type":"PropertyValueSpecification","valueRequired":true,"valueName":"search_term_string"}}],"inLanguage":"lv-LV"},{"@type":"Organization","@id":"https:\/\/cosmetic.lv\/lv\/#organization","name":"COSMETIC.LV","url":"https:\/\/cosmetic.lv\/lv\/","logo":{"@type":"ImageObject","inLanguage":"lv-LV","@id":"https:\/\/cosmetic.lv\/lv\/#\/schema\/logo\/image\/","url":"https:\/\/cosmetic.lv\/wp-content\/uploads\/2021\/02\/cosmetic.lv_logo.jpg","contentUrl":"https:\/\/cosmetic.lv\/wp-content\/uploads\/2021\/02\/cosmetic.lv_logo.jpg","width":596,"height":196,"caption":"COSMETIC.LV"},"image":{"@id":"https:\/\/cosmetic.lv\/lv\/#\/schema\/logo\/image\/"},"sameAs":["https:\/\/www.facebook.com\/cosmetic.lv\/"]}]},"product_price_amount":"27.22","product_price_currency":"EUR","og_availability":"instock","product_availability":"instock","product_retailer_item_id":"30aaa42805c0","product_condition":"new"},"_links":{"self":[{"href":"https:\/\/cosmetic.lv\/lv\/wp-json\/wp\/v2\/product\/35519","targetHints":{"allow":["GET"]}}],"collection":[{"href":"https:\/\/cosmetic.lv\/lv\/wp-json\/wp\/v2\/product"}],"about":[{"href":"https:\/\/cosmetic.lv\/lv\/wp-json\/wp\/v2\/types\/product"}],"wp:featuredmedia":[{"embeddable":true,"href":"https:\/\/cosmetic.lv\/lv\/wp-json\/wp\/v2\/media\/35576"}],"wp:attachment":[{"href":"https:\/\/cosmetic.lv\/lv\/wp-json\/wp\/v2\/media?parent=35519"}],"wp:term":[{"taxonomy":"product_brand","embeddable":true,"href":"https:\/\/cosmetic.lv\/lv\/wp-json\/wp\/v2\/product_brand?post=35519"},{"taxonomy":"product_cat","embeddable":true,"href":"https:\/\/cosmetic.lv\/lv\/wp-json\/wp\/v2\/product_cat?post=35519"},{"taxonomy":"product_tag","embeddable":true,"href":"https:\/\/cosmetic.lv\/lv\/wp-json\/wp\/v2\/product_tag?post=35519"}],"curies":[{"name":"wp","href":"https:\/\/api.w.org\/{rel}","templated":true}]}}