{"id":35521,"date":"2021-02-13T16:57:02","date_gmt":"2021-02-13T14:51:08","guid":{"rendered":"https:\/\/damme.lv\/product\/guam-dren-viegli-taukaina-masazas-ella-ar-drenazas-efektu-200-ml\/"},"modified":"2021-12-02T21:41:18","modified_gmt":"2021-12-02T19:41:18","slug":"guam-dren-viegli-taukaina-masazas-ella-ar-drenazas-efektu-200-ml","status":"publish","type":"product","link":"https:\/\/cosmetic.lv\/lv\/product\/guam-dren-viegli-taukaina-masazas-ella-ar-drenazas-efektu-200-ml\/","title":{"rendered":"GUAM Dren &#8211; Viegli taukaina mas\u0101\u017eas e\u013c\u013ca ar dren\u0101\u017eas efektu 200 ml"},"content":{"rendered":"<p>GUAM Dren &#8211; Viegli taukaina mas\u0101\u017eas e\u013c\u013ca ar dren\u0101\u017eas efektu 200 ml Viegla un arom\u0101tiska e\u013c\u013ca, kas \u0101tri ies\u016bcas \u0101d\u0101, padarot to maigu, m\u012bkstu un jaunav\u012bgi mirdzo\u0161u. Dabiskaj\u0101m e\u013c\u013c\u0101m ir mitrino\u0161s un re\u0123ener\u0113jo\u0161s efekts, t\u0101s lieliski m\u012bkstina un baro \u0101du, d\u0101v\u0101jot \u0137ermenim maigu, kairino\u0161u arom\u0101tu. J\u016bras a\u013c\u0123u ekstrakts stimul\u0113 vielmai\u0146as procesus \u0101das \u0161\u016bn\u0101s, radot izteiktu dren\u0101\u017eas efektu un nodro\u0161inot pretcelul\u012bta iedarb\u012bbu. Akt\u012bvie komponenti: j\u016bras a\u013c\u0123u ekstrakts, za\u013c\u0101s t\u0113jas ekstrakts, jojoba e\u013c\u013ca, ol\u012bve\u013c\u013ca, kukur\u016bzas e\u013c\u013ca, saulespu\u0137u e\u013c\u013ca, kam\u0113liju un rozmar\u012bna ekstrakti. Lieto\u0161anas pam\u0101c\u012bba. P\u0113c du\u0161as uzkl\u0101t uz \u0137erme\u0146a un mas\u0113t \u0101du, l\u012bdz e\u013c\u013ca ir piln\u012bb\u0101 ies\u016bkusies. Ja nepiecie\u0161ams, e\u013c\u013cas p\u0101rpalikumu noslauc\u012bt ar salveti.<\/p>\n<p>&nbsp;<\/p>\n","protected":false},"excerpt":{"rendered":"<p>GUAM Dren &#8211; Viegli taukaina mas\u0101\u017eas e\u013c\u013ca ar dren\u0101\u017eas efektu 200 ml Viegla un arom\u0101tiska e\u013c\u013ca, kas \u0101tri ies\u016bcas \u0101d\u0101,<\/p>\n","protected":false},"featured_media":35580,"template":"","meta":[],"product_brand":[],"product_cat":[2414,2413,2273],"product_tag":[],"class_list":{"0":"post-35521","1":"product","2":"type-product","3":"status-publish","4":"has-post-thumbnail","6":"product_cat-dren-lv","7":"product_cat-guam-lv","8":"product_cat-profesionala-kosmetika-sejai-un-kermenim-lv","10":"first","11":"instock","12":"featured","13":"taxable","14":"shipping-taxable","15":"purchasable","16":"product-type-simple"},"yoast_head":"<!-- This site is optimized with the Yoast SEO Premium plugin v27.0 (Yoast SEO v27.0) - https:\/\/yoast.com\/product\/yoast-seo-premium-wordpress\/ -->\n<title>GUAM Dren - Viegli taukaina mas\u0101\u017eas e\u013c\u013ca ar dren\u0101\u017eas efektu 200 ml - cosmetic.lv<\/title>\n<meta name=\"robots\" content=\"index, follow, max-snippet:-1, max-image-preview:large, max-video-preview:-1\" \/>\n<link rel=\"canonical\" href=\"https:\/\/cosmetic.lv\/lv\/product\/guam-dren-viegli-taukaina-masazas-ella-ar-drenazas-efektu-200-ml\/\" \/>\n<meta property=\"og:locale\" content=\"lv_LV\" \/>\n<meta property=\"og:type\" content=\"article\" \/>\n<meta property=\"og:title\" content=\"GUAM Dren - Viegli taukaina mas\u0101\u017eas e\u013c\u013ca ar dren\u0101\u017eas efektu 200 ml\" \/>\n<meta property=\"og:description\" content=\"GUAM Dren &#8211; Viegli taukaina mas\u0101\u017eas e\u013c\u013ca ar dren\u0101\u017eas efektu 200 ml Viegla un arom\u0101tiska e\u013c\u013ca, kas \u0101tri ies\u016bcas \u0101d\u0101,\" \/>\n<meta property=\"og:url\" content=\"https:\/\/cosmetic.lv\/lv\/product\/guam-dren-viegli-taukaina-masazas-ella-ar-drenazas-efektu-200-ml\/\" \/>\n<meta property=\"og:site_name\" content=\"cosmetic.lv\" \/>\n<meta property=\"article:publisher\" content=\"https:\/\/www.facebook.com\/cosmetic.lv\/\" \/>\n<meta property=\"article:modified_time\" content=\"2021-12-02T19:41:18+00:00\" \/>\n<meta property=\"og:image\" content=\"https:\/\/cosmetic.lv\/wp-content\/uploads\/2021\/02\/guam_drolio-500x500-2.jpg\" \/>\n\t<meta property=\"og:image:width\" content=\"500\" \/>\n\t<meta property=\"og:image:height\" content=\"500\" \/>\n\t<meta property=\"og:image:type\" content=\"image\/jpeg\" \/>\n<meta name=\"twitter:card\" content=\"summary_large_image\" \/>\n<script type=\"application\/ld+json\" class=\"yoast-schema-graph\">{\"@context\":\"https:\/\/schema.org\",\"@graph\":[{\"@type\":\"WebPage\",\"@id\":\"https:\/\/cosmetic.lv\/lv\/product\/guam-dren-viegli-taukaina-masazas-ella-ar-drenazas-efektu-200-ml\/\",\"url\":\"https:\/\/cosmetic.lv\/lv\/product\/guam-dren-viegli-taukaina-masazas-ella-ar-drenazas-efektu-200-ml\/\",\"name\":\"GUAM Dren - Viegli taukaina mas\u0101\u017eas e\u013c\u013ca ar dren\u0101\u017eas efektu 200 ml - cosmetic.lv\",\"isPartOf\":{\"@id\":\"https:\/\/cosmetic.lv\/lv\/#website\"},\"primaryImageOfPage\":{\"@id\":\"https:\/\/cosmetic.lv\/lv\/product\/guam-dren-viegli-taukaina-masazas-ella-ar-drenazas-efektu-200-ml\/#primaryimage\"},\"image\":{\"@id\":\"https:\/\/cosmetic.lv\/lv\/product\/guam-dren-viegli-taukaina-masazas-ella-ar-drenazas-efektu-200-ml\/#primaryimage\"},\"thumbnailUrl\":\"https:\/\/cosmetic.lv\/wp-content\/uploads\/2021\/02\/guam_drolio-500x500-2.jpg\",\"datePublished\":\"2021-02-13T14:51:08+00:00\",\"dateModified\":\"2021-12-02T19:41:18+00:00\",\"breadcrumb\":{\"@id\":\"https:\/\/cosmetic.lv\/lv\/product\/guam-dren-viegli-taukaina-masazas-ella-ar-drenazas-efektu-200-ml\/#breadcrumb\"},\"inLanguage\":\"lv-LV\",\"potentialAction\":[{\"@type\":\"ReadAction\",\"target\":[\"https:\/\/cosmetic.lv\/lv\/product\/guam-dren-viegli-taukaina-masazas-ella-ar-drenazas-efektu-200-ml\/\"]}]},{\"@type\":\"ImageObject\",\"inLanguage\":\"lv-LV\",\"@id\":\"https:\/\/cosmetic.lv\/lv\/product\/guam-dren-viegli-taukaina-masazas-ella-ar-drenazas-efektu-200-ml\/#primaryimage\",\"url\":\"https:\/\/cosmetic.lv\/wp-content\/uploads\/2021\/02\/guam_drolio-500x500-2.jpg\",\"contentUrl\":\"https:\/\/cosmetic.lv\/wp-content\/uploads\/2021\/02\/guam_drolio-500x500-2.jpg\",\"width\":500,\"height\":500},{\"@type\":\"BreadcrumbList\",\"@id\":\"https:\/\/cosmetic.lv\/lv\/product\/guam-dren-viegli-taukaina-masazas-ella-ar-drenazas-efektu-200-ml\/#breadcrumb\",\"itemListElement\":[{\"@type\":\"ListItem\",\"position\":1,\"name\":\"Home\",\"item\":\"https:\/\/cosmetic.lv\/lv\/\"},{\"@type\":\"ListItem\",\"position\":2,\"name\":\"Veikals\",\"item\":\"https:\/\/cosmetic.lv\/lv\/veiklas\/\"},{\"@type\":\"ListItem\",\"position\":3,\"name\":\"GUAM Dren &#8212; Viegli taukaina mas\u0101\u017eas e\u013c\u013ca ar dren\u0101\u017eas efektu 200 ml\"}]},{\"@type\":\"WebSite\",\"@id\":\"https:\/\/cosmetic.lv\/lv\/#website\",\"url\":\"https:\/\/cosmetic.lv\/lv\/\",\"name\":\"cosmetic.lv\",\"description\":\"Profesion\u0101la kosm\u0113tika - Maria Galland, Keune, Arkadija, GMT, Guam, Magiray\",\"publisher\":{\"@id\":\"https:\/\/cosmetic.lv\/lv\/#organization\"},\"potentialAction\":[{\"@type\":\"SearchAction\",\"target\":{\"@type\":\"EntryPoint\",\"urlTemplate\":\"https:\/\/cosmetic.lv\/lv\/?s={search_term_string}\"},\"query-input\":{\"@type\":\"PropertyValueSpecification\",\"valueRequired\":true,\"valueName\":\"search_term_string\"}}],\"inLanguage\":\"lv-LV\"},{\"@type\":\"Organization\",\"@id\":\"https:\/\/cosmetic.lv\/lv\/#organization\",\"name\":\"COSMETIC.LV\",\"url\":\"https:\/\/cosmetic.lv\/lv\/\",\"logo\":{\"@type\":\"ImageObject\",\"inLanguage\":\"lv-LV\",\"@id\":\"https:\/\/cosmetic.lv\/lv\/#\/schema\/logo\/image\/\",\"url\":\"https:\/\/cosmetic.lv\/wp-content\/uploads\/2021\/02\/cosmetic.lv_logo.jpg\",\"contentUrl\":\"https:\/\/cosmetic.lv\/wp-content\/uploads\/2021\/02\/cosmetic.lv_logo.jpg\",\"width\":596,\"height\":196,\"caption\":\"COSMETIC.LV\"},\"image\":{\"@id\":\"https:\/\/cosmetic.lv\/lv\/#\/schema\/logo\/image\/\"},\"sameAs\":[\"https:\/\/www.facebook.com\/cosmetic.lv\/\"]}]}<\/script>\n<meta property=\"product:price:amount\" content=\"26.00\" \/>\n<meta property=\"product:price:currency\" content=\"EUR\" \/>\n<meta property=\"og:availability\" content=\"instock\" \/>\n<meta property=\"product:availability\" content=\"instock\" \/>\n<meta property=\"product:retailer_item_id\" content=\"DROLIO\" \/>\n<meta property=\"product:condition\" content=\"new\" \/>\n<!-- \/ Yoast SEO Premium plugin. -->","yoast_head_json":{"title":"GUAM Dren - Viegli taukaina mas\u0101\u017eas e\u013c\u013ca ar dren\u0101\u017eas efektu 200 ml - cosmetic.lv","robots":{"index":"index","follow":"follow","max-snippet":"max-snippet:-1","max-image-preview":"max-image-preview:large","max-video-preview":"max-video-preview:-1"},"canonical":"https:\/\/cosmetic.lv\/lv\/product\/guam-dren-viegli-taukaina-masazas-ella-ar-drenazas-efektu-200-ml\/","og_locale":"lv_LV","og_type":"article","og_title":"GUAM Dren - Viegli taukaina mas\u0101\u017eas e\u013c\u013ca ar dren\u0101\u017eas efektu 200 ml","og_description":"GUAM Dren &#8211; Viegli taukaina mas\u0101\u017eas e\u013c\u013ca ar dren\u0101\u017eas efektu 200 ml Viegla un arom\u0101tiska e\u013c\u013ca, kas \u0101tri ies\u016bcas \u0101d\u0101,","og_url":"https:\/\/cosmetic.lv\/lv\/product\/guam-dren-viegli-taukaina-masazas-ella-ar-drenazas-efektu-200-ml\/","og_site_name":"cosmetic.lv","article_publisher":"https:\/\/www.facebook.com\/cosmetic.lv\/","article_modified_time":"2021-12-02T19:41:18+00:00","og_image":[{"width":500,"height":500,"url":"https:\/\/cosmetic.lv\/wp-content\/uploads\/2021\/02\/guam_drolio-500x500-2.jpg","type":"image\/jpeg"}],"twitter_card":"summary_large_image","schema":{"@context":"https:\/\/schema.org","@graph":[{"@type":"WebPage","@id":"https:\/\/cosmetic.lv\/lv\/product\/guam-dren-viegli-taukaina-masazas-ella-ar-drenazas-efektu-200-ml\/","url":"https:\/\/cosmetic.lv\/lv\/product\/guam-dren-viegli-taukaina-masazas-ella-ar-drenazas-efektu-200-ml\/","name":"GUAM Dren - Viegli taukaina mas\u0101\u017eas e\u013c\u013ca ar dren\u0101\u017eas efektu 200 ml - cosmetic.lv","isPartOf":{"@id":"https:\/\/cosmetic.lv\/lv\/#website"},"primaryImageOfPage":{"@id":"https:\/\/cosmetic.lv\/lv\/product\/guam-dren-viegli-taukaina-masazas-ella-ar-drenazas-efektu-200-ml\/#primaryimage"},"image":{"@id":"https:\/\/cosmetic.lv\/lv\/product\/guam-dren-viegli-taukaina-masazas-ella-ar-drenazas-efektu-200-ml\/#primaryimage"},"thumbnailUrl":"https:\/\/cosmetic.lv\/wp-content\/uploads\/2021\/02\/guam_drolio-500x500-2.jpg","datePublished":"2021-02-13T14:51:08+00:00","dateModified":"2021-12-02T19:41:18+00:00","breadcrumb":{"@id":"https:\/\/cosmetic.lv\/lv\/product\/guam-dren-viegli-taukaina-masazas-ella-ar-drenazas-efektu-200-ml\/#breadcrumb"},"inLanguage":"lv-LV","potentialAction":[{"@type":"ReadAction","target":["https:\/\/cosmetic.lv\/lv\/product\/guam-dren-viegli-taukaina-masazas-ella-ar-drenazas-efektu-200-ml\/"]}]},{"@type":"ImageObject","inLanguage":"lv-LV","@id":"https:\/\/cosmetic.lv\/lv\/product\/guam-dren-viegli-taukaina-masazas-ella-ar-drenazas-efektu-200-ml\/#primaryimage","url":"https:\/\/cosmetic.lv\/wp-content\/uploads\/2021\/02\/guam_drolio-500x500-2.jpg","contentUrl":"https:\/\/cosmetic.lv\/wp-content\/uploads\/2021\/02\/guam_drolio-500x500-2.jpg","width":500,"height":500},{"@type":"BreadcrumbList","@id":"https:\/\/cosmetic.lv\/lv\/product\/guam-dren-viegli-taukaina-masazas-ella-ar-drenazas-efektu-200-ml\/#breadcrumb","itemListElement":[{"@type":"ListItem","position":1,"name":"Home","item":"https:\/\/cosmetic.lv\/lv\/"},{"@type":"ListItem","position":2,"name":"Veikals","item":"https:\/\/cosmetic.lv\/lv\/veiklas\/"},{"@type":"ListItem","position":3,"name":"GUAM Dren &#8212; Viegli taukaina mas\u0101\u017eas e\u013c\u013ca ar dren\u0101\u017eas efektu 200 ml"}]},{"@type":"WebSite","@id":"https:\/\/cosmetic.lv\/lv\/#website","url":"https:\/\/cosmetic.lv\/lv\/","name":"cosmetic.lv","description":"Profesion\u0101la kosm\u0113tika - Maria Galland, Keune, Arkadija, GMT, Guam, Magiray","publisher":{"@id":"https:\/\/cosmetic.lv\/lv\/#organization"},"potentialAction":[{"@type":"SearchAction","target":{"@type":"EntryPoint","urlTemplate":"https:\/\/cosmetic.lv\/lv\/?s={search_term_string}"},"query-input":{"@type":"PropertyValueSpecification","valueRequired":true,"valueName":"search_term_string"}}],"inLanguage":"lv-LV"},{"@type":"Organization","@id":"https:\/\/cosmetic.lv\/lv\/#organization","name":"COSMETIC.LV","url":"https:\/\/cosmetic.lv\/lv\/","logo":{"@type":"ImageObject","inLanguage":"lv-LV","@id":"https:\/\/cosmetic.lv\/lv\/#\/schema\/logo\/image\/","url":"https:\/\/cosmetic.lv\/wp-content\/uploads\/2021\/02\/cosmetic.lv_logo.jpg","contentUrl":"https:\/\/cosmetic.lv\/wp-content\/uploads\/2021\/02\/cosmetic.lv_logo.jpg","width":596,"height":196,"caption":"COSMETIC.LV"},"image":{"@id":"https:\/\/cosmetic.lv\/lv\/#\/schema\/logo\/image\/"},"sameAs":["https:\/\/www.facebook.com\/cosmetic.lv\/"]}]},"product_price_amount":"26.00","product_price_currency":"EUR","og_availability":"instock","product_availability":"instock","product_retailer_item_id":"DROLIO","product_condition":"new"},"_links":{"self":[{"href":"https:\/\/cosmetic.lv\/lv\/wp-json\/wp\/v2\/product\/35521","targetHints":{"allow":["GET"]}}],"collection":[{"href":"https:\/\/cosmetic.lv\/lv\/wp-json\/wp\/v2\/product"}],"about":[{"href":"https:\/\/cosmetic.lv\/lv\/wp-json\/wp\/v2\/types\/product"}],"wp:featuredmedia":[{"embeddable":true,"href":"https:\/\/cosmetic.lv\/lv\/wp-json\/wp\/v2\/media\/35580"}],"wp:attachment":[{"href":"https:\/\/cosmetic.lv\/lv\/wp-json\/wp\/v2\/media?parent=35521"}],"wp:term":[{"taxonomy":"product_brand","embeddable":true,"href":"https:\/\/cosmetic.lv\/lv\/wp-json\/wp\/v2\/product_brand?post=35521"},{"taxonomy":"product_cat","embeddable":true,"href":"https:\/\/cosmetic.lv\/lv\/wp-json\/wp\/v2\/product_cat?post=35521"},{"taxonomy":"product_tag","embeddable":true,"href":"https:\/\/cosmetic.lv\/lv\/wp-json\/wp\/v2\/product_tag?post=35521"}],"curies":[{"name":"wp","href":"https:\/\/api.w.org\/{rel}","templated":true}]}}