{"id":35522,"date":"2021-02-13T16:57:02","date_gmt":"2021-02-13T14:51:16","guid":{"rendered":"https:\/\/damme.lv\/product\/guam-dren-skrubis-ar-drenazas-efektu-200-ml\/"},"modified":"2021-12-02T21:42:06","modified_gmt":"2021-12-02T19:42:06","slug":"guam-dren-skrubis-ar-drenazas-efektu-200-ml","status":"publish","type":"product","link":"https:\/\/cosmetic.lv\/lv\/product\/guam-dren-skrubis-ar-drenazas-efektu-200-ml\/","title":{"rendered":"GUAM Dren &#8211; Skrubis ar dren\u0101\u017eas efektu 200 ml"},"content":{"rendered":"<p>GUAM Dren &#8211; Skrubis ar dren\u0101\u017eas efektu 200 ml S\u012bk\u0101s vulk\u0101nisk\u0101 pumeka da\u013ci\u0146as un j\u016bras s\u0101ls krist\u0101li maigi pul\u0113 \u0101du un att\u012bra to no p\u0101rragotaj\u0101m \u0161\u016bn\u0101m. J\u016bras a\u013c\u0123u ekstrakts stimul\u0113 vielmai\u0146as procesus \u0101das \u0161\u016bn\u0101s, radot dren\u0101\u017eas efektu, ? liekais mitrums no \u0101das dzi\u013c\u0101kajiem sl\u0101\u0146iem tiek izvad\u012bts \u0101das virspus\u0113, kur tas izdal\u0101s no organisma. Dabiskaj\u0101m e\u013c\u013c\u0101m ir mitrino\u0161s un re\u0123ener\u0113jo\u0161s efekts, t\u0101s lieliski m\u012bkstina un baro \u0101du. Akt\u012bvie komponenti: j\u016bras s\u0101ls, j\u016bras a\u013c\u0123u ekstrakts, pumeks, karit\u0113 sviests, saulespu\u0137u e\u013c\u013ca, makad\u0101mijas riekstu e\u013c\u013ca, kukur\u016bzas e\u013c\u013ca, jojoba e\u013c\u013ca, sezama e\u013c\u013ca. Lieto\u0161anas pam\u0101c\u012bba. Uzkl\u0101t uz nomazg\u0101ta \u0137erme\u0146a un viegli mas\u0113t ar ap\u013cveida kust\u012bb\u0101m. Patur\u0113t da\u017eas min\u016btes uz \u0101das, p\u0113c tam noskalot zem du\u0161as ar siltu \u016bdeni, nelietojot mazg\u0101\u0161anas l\u012bdzek\u013cus. \u012apa\u0161i efekt\u012bva prepar\u0101ta iedarb\u012bba ir p\u0113c saunas. Nav ieteicams prepar\u0101tu kl\u0101t uz g\u013cot\u0101d\u0101m un uz iekaisu\u0161as \u0101das.<\/p>\n<p>&nbsp;<\/p>\n","protected":false},"excerpt":{"rendered":"<p>GUAM Dren &#8211; Skrubis ar dren\u0101\u017eas efektu 200 ml S\u012bk\u0101s vulk\u0101nisk\u0101 pumeka da\u013ci\u0146as un j\u016bras s\u0101ls krist\u0101li maigi pul\u0113 \u0101du<\/p>\n","protected":false},"featured_media":35582,"template":"","meta":[],"product_brand":[],"product_cat":[2414,2413,2273],"product_tag":[],"class_list":{"0":"post-35522","1":"product","2":"type-product","3":"status-publish","4":"has-post-thumbnail","6":"product_cat-dren-lv","7":"product_cat-guam-lv","8":"product_cat-profesionala-kosmetika-sejai-un-kermenim-lv","10":"first","11":"instock","12":"featured","13":"taxable","14":"shipping-taxable","15":"purchasable","16":"product-type-simple"},"yoast_head":"<!-- This site is optimized with the Yoast SEO Premium plugin v27.0 (Yoast SEO v27.0) - https:\/\/yoast.com\/product\/yoast-seo-premium-wordpress\/ -->\n<title>GUAM Dren - Skrubis ar dren\u0101\u017eas efektu 200 ml - cosmetic.lv<\/title>\n<meta name=\"robots\" content=\"index, follow, max-snippet:-1, max-image-preview:large, max-video-preview:-1\" \/>\n<link rel=\"canonical\" href=\"https:\/\/cosmetic.lv\/lv\/product\/guam-dren-skrubis-ar-drenazas-efektu-200-ml\/\" \/>\n<meta property=\"og:locale\" content=\"lv_LV\" \/>\n<meta property=\"og:type\" content=\"article\" \/>\n<meta property=\"og:title\" content=\"GUAM Dren - Skrubis ar dren\u0101\u017eas efektu 200 ml\" \/>\n<meta property=\"og:description\" content=\"GUAM Dren &#8211; Skrubis ar dren\u0101\u017eas efektu 200 ml S\u012bk\u0101s vulk\u0101nisk\u0101 pumeka da\u013ci\u0146as un j\u016bras s\u0101ls krist\u0101li maigi pul\u0113 \u0101du\" \/>\n<meta property=\"og:url\" content=\"https:\/\/cosmetic.lv\/lv\/product\/guam-dren-skrubis-ar-drenazas-efektu-200-ml\/\" \/>\n<meta property=\"og:site_name\" content=\"cosmetic.lv\" \/>\n<meta property=\"article:publisher\" content=\"https:\/\/www.facebook.com\/cosmetic.lv\/\" \/>\n<meta property=\"article:modified_time\" content=\"2021-12-02T19:42:06+00:00\" \/>\n<meta property=\"og:image\" content=\"https:\/\/cosmetic.lv\/wp-content\/uploads\/2021\/02\/guam_drsb-500x500-2.jpg\" \/>\n\t<meta property=\"og:image:width\" content=\"500\" \/>\n\t<meta property=\"og:image:height\" content=\"500\" \/>\n\t<meta property=\"og:image:type\" content=\"image\/jpeg\" \/>\n<meta name=\"twitter:card\" content=\"summary_large_image\" \/>\n<script type=\"application\/ld+json\" class=\"yoast-schema-graph\">{\"@context\":\"https:\/\/schema.org\",\"@graph\":[{\"@type\":\"WebPage\",\"@id\":\"https:\/\/cosmetic.lv\/lv\/product\/guam-dren-skrubis-ar-drenazas-efektu-200-ml\/\",\"url\":\"https:\/\/cosmetic.lv\/lv\/product\/guam-dren-skrubis-ar-drenazas-efektu-200-ml\/\",\"name\":\"GUAM Dren - Skrubis ar dren\u0101\u017eas efektu 200 ml - cosmetic.lv\",\"isPartOf\":{\"@id\":\"https:\/\/cosmetic.lv\/lv\/#website\"},\"primaryImageOfPage\":{\"@id\":\"https:\/\/cosmetic.lv\/lv\/product\/guam-dren-skrubis-ar-drenazas-efektu-200-ml\/#primaryimage\"},\"image\":{\"@id\":\"https:\/\/cosmetic.lv\/lv\/product\/guam-dren-skrubis-ar-drenazas-efektu-200-ml\/#primaryimage\"},\"thumbnailUrl\":\"https:\/\/cosmetic.lv\/wp-content\/uploads\/2021\/02\/guam_drsb-500x500-2.jpg\",\"datePublished\":\"2021-02-13T14:51:16+00:00\",\"dateModified\":\"2021-12-02T19:42:06+00:00\",\"breadcrumb\":{\"@id\":\"https:\/\/cosmetic.lv\/lv\/product\/guam-dren-skrubis-ar-drenazas-efektu-200-ml\/#breadcrumb\"},\"inLanguage\":\"lv-LV\",\"potentialAction\":[{\"@type\":\"ReadAction\",\"target\":[\"https:\/\/cosmetic.lv\/lv\/product\/guam-dren-skrubis-ar-drenazas-efektu-200-ml\/\"]}]},{\"@type\":\"ImageObject\",\"inLanguage\":\"lv-LV\",\"@id\":\"https:\/\/cosmetic.lv\/lv\/product\/guam-dren-skrubis-ar-drenazas-efektu-200-ml\/#primaryimage\",\"url\":\"https:\/\/cosmetic.lv\/wp-content\/uploads\/2021\/02\/guam_drsb-500x500-2.jpg\",\"contentUrl\":\"https:\/\/cosmetic.lv\/wp-content\/uploads\/2021\/02\/guam_drsb-500x500-2.jpg\",\"width\":500,\"height\":500},{\"@type\":\"BreadcrumbList\",\"@id\":\"https:\/\/cosmetic.lv\/lv\/product\/guam-dren-skrubis-ar-drenazas-efektu-200-ml\/#breadcrumb\",\"itemListElement\":[{\"@type\":\"ListItem\",\"position\":1,\"name\":\"Home\",\"item\":\"https:\/\/cosmetic.lv\/lv\/\"},{\"@type\":\"ListItem\",\"position\":2,\"name\":\"Veikals\",\"item\":\"https:\/\/cosmetic.lv\/lv\/veiklas\/\"},{\"@type\":\"ListItem\",\"position\":3,\"name\":\"GUAM Dren &#8212; Skrubis ar dren\u0101\u017eas efektu 200 ml\"}]},{\"@type\":\"WebSite\",\"@id\":\"https:\/\/cosmetic.lv\/lv\/#website\",\"url\":\"https:\/\/cosmetic.lv\/lv\/\",\"name\":\"cosmetic.lv\",\"description\":\"Profesion\u0101la kosm\u0113tika - Maria Galland, Keune, Arkadija, GMT, Guam, Magiray\",\"publisher\":{\"@id\":\"https:\/\/cosmetic.lv\/lv\/#organization\"},\"potentialAction\":[{\"@type\":\"SearchAction\",\"target\":{\"@type\":\"EntryPoint\",\"urlTemplate\":\"https:\/\/cosmetic.lv\/lv\/?s={search_term_string}\"},\"query-input\":{\"@type\":\"PropertyValueSpecification\",\"valueRequired\":true,\"valueName\":\"search_term_string\"}}],\"inLanguage\":\"lv-LV\"},{\"@type\":\"Organization\",\"@id\":\"https:\/\/cosmetic.lv\/lv\/#organization\",\"name\":\"COSMETIC.LV\",\"url\":\"https:\/\/cosmetic.lv\/lv\/\",\"logo\":{\"@type\":\"ImageObject\",\"inLanguage\":\"lv-LV\",\"@id\":\"https:\/\/cosmetic.lv\/lv\/#\/schema\/logo\/image\/\",\"url\":\"https:\/\/cosmetic.lv\/wp-content\/uploads\/2021\/02\/cosmetic.lv_logo.jpg\",\"contentUrl\":\"https:\/\/cosmetic.lv\/wp-content\/uploads\/2021\/02\/cosmetic.lv_logo.jpg\",\"width\":596,\"height\":196,\"caption\":\"COSMETIC.LV\"},\"image\":{\"@id\":\"https:\/\/cosmetic.lv\/lv\/#\/schema\/logo\/image\/\"},\"sameAs\":[\"https:\/\/www.facebook.com\/cosmetic.lv\/\"]}]}<\/script>\n<meta property=\"product:price:amount\" content=\"21.88\" \/>\n<meta property=\"product:price:currency\" content=\"EUR\" \/>\n<meta property=\"og:availability\" content=\"instock\" \/>\n<meta property=\"product:availability\" content=\"instock\" \/>\n<meta property=\"product:retailer_item_id\" content=\"DRSB\" \/>\n<meta property=\"product:condition\" content=\"new\" \/>\n<!-- \/ Yoast SEO Premium plugin. -->","yoast_head_json":{"title":"GUAM Dren - Skrubis ar dren\u0101\u017eas efektu 200 ml - cosmetic.lv","robots":{"index":"index","follow":"follow","max-snippet":"max-snippet:-1","max-image-preview":"max-image-preview:large","max-video-preview":"max-video-preview:-1"},"canonical":"https:\/\/cosmetic.lv\/lv\/product\/guam-dren-skrubis-ar-drenazas-efektu-200-ml\/","og_locale":"lv_LV","og_type":"article","og_title":"GUAM Dren - Skrubis ar dren\u0101\u017eas efektu 200 ml","og_description":"GUAM Dren &#8211; Skrubis ar dren\u0101\u017eas efektu 200 ml S\u012bk\u0101s vulk\u0101nisk\u0101 pumeka da\u013ci\u0146as un j\u016bras s\u0101ls krist\u0101li maigi pul\u0113 \u0101du","og_url":"https:\/\/cosmetic.lv\/lv\/product\/guam-dren-skrubis-ar-drenazas-efektu-200-ml\/","og_site_name":"cosmetic.lv","article_publisher":"https:\/\/www.facebook.com\/cosmetic.lv\/","article_modified_time":"2021-12-02T19:42:06+00:00","og_image":[{"width":500,"height":500,"url":"https:\/\/cosmetic.lv\/wp-content\/uploads\/2021\/02\/guam_drsb-500x500-2.jpg","type":"image\/jpeg"}],"twitter_card":"summary_large_image","schema":{"@context":"https:\/\/schema.org","@graph":[{"@type":"WebPage","@id":"https:\/\/cosmetic.lv\/lv\/product\/guam-dren-skrubis-ar-drenazas-efektu-200-ml\/","url":"https:\/\/cosmetic.lv\/lv\/product\/guam-dren-skrubis-ar-drenazas-efektu-200-ml\/","name":"GUAM Dren - Skrubis ar dren\u0101\u017eas efektu 200 ml - cosmetic.lv","isPartOf":{"@id":"https:\/\/cosmetic.lv\/lv\/#website"},"primaryImageOfPage":{"@id":"https:\/\/cosmetic.lv\/lv\/product\/guam-dren-skrubis-ar-drenazas-efektu-200-ml\/#primaryimage"},"image":{"@id":"https:\/\/cosmetic.lv\/lv\/product\/guam-dren-skrubis-ar-drenazas-efektu-200-ml\/#primaryimage"},"thumbnailUrl":"https:\/\/cosmetic.lv\/wp-content\/uploads\/2021\/02\/guam_drsb-500x500-2.jpg","datePublished":"2021-02-13T14:51:16+00:00","dateModified":"2021-12-02T19:42:06+00:00","breadcrumb":{"@id":"https:\/\/cosmetic.lv\/lv\/product\/guam-dren-skrubis-ar-drenazas-efektu-200-ml\/#breadcrumb"},"inLanguage":"lv-LV","potentialAction":[{"@type":"ReadAction","target":["https:\/\/cosmetic.lv\/lv\/product\/guam-dren-skrubis-ar-drenazas-efektu-200-ml\/"]}]},{"@type":"ImageObject","inLanguage":"lv-LV","@id":"https:\/\/cosmetic.lv\/lv\/product\/guam-dren-skrubis-ar-drenazas-efektu-200-ml\/#primaryimage","url":"https:\/\/cosmetic.lv\/wp-content\/uploads\/2021\/02\/guam_drsb-500x500-2.jpg","contentUrl":"https:\/\/cosmetic.lv\/wp-content\/uploads\/2021\/02\/guam_drsb-500x500-2.jpg","width":500,"height":500},{"@type":"BreadcrumbList","@id":"https:\/\/cosmetic.lv\/lv\/product\/guam-dren-skrubis-ar-drenazas-efektu-200-ml\/#breadcrumb","itemListElement":[{"@type":"ListItem","position":1,"name":"Home","item":"https:\/\/cosmetic.lv\/lv\/"},{"@type":"ListItem","position":2,"name":"Veikals","item":"https:\/\/cosmetic.lv\/lv\/veiklas\/"},{"@type":"ListItem","position":3,"name":"GUAM Dren &#8212; Skrubis ar dren\u0101\u017eas efektu 200 ml"}]},{"@type":"WebSite","@id":"https:\/\/cosmetic.lv\/lv\/#website","url":"https:\/\/cosmetic.lv\/lv\/","name":"cosmetic.lv","description":"Profesion\u0101la kosm\u0113tika - Maria Galland, Keune, Arkadija, GMT, Guam, Magiray","publisher":{"@id":"https:\/\/cosmetic.lv\/lv\/#organization"},"potentialAction":[{"@type":"SearchAction","target":{"@type":"EntryPoint","urlTemplate":"https:\/\/cosmetic.lv\/lv\/?s={search_term_string}"},"query-input":{"@type":"PropertyValueSpecification","valueRequired":true,"valueName":"search_term_string"}}],"inLanguage":"lv-LV"},{"@type":"Organization","@id":"https:\/\/cosmetic.lv\/lv\/#organization","name":"COSMETIC.LV","url":"https:\/\/cosmetic.lv\/lv\/","logo":{"@type":"ImageObject","inLanguage":"lv-LV","@id":"https:\/\/cosmetic.lv\/lv\/#\/schema\/logo\/image\/","url":"https:\/\/cosmetic.lv\/wp-content\/uploads\/2021\/02\/cosmetic.lv_logo.jpg","contentUrl":"https:\/\/cosmetic.lv\/wp-content\/uploads\/2021\/02\/cosmetic.lv_logo.jpg","width":596,"height":196,"caption":"COSMETIC.LV"},"image":{"@id":"https:\/\/cosmetic.lv\/lv\/#\/schema\/logo\/image\/"},"sameAs":["https:\/\/www.facebook.com\/cosmetic.lv\/"]}]},"product_price_amount":"21.88","product_price_currency":"EUR","og_availability":"instock","product_availability":"instock","product_retailer_item_id":"DRSB","product_condition":"new"},"_links":{"self":[{"href":"https:\/\/cosmetic.lv\/lv\/wp-json\/wp\/v2\/product\/35522","targetHints":{"allow":["GET"]}}],"collection":[{"href":"https:\/\/cosmetic.lv\/lv\/wp-json\/wp\/v2\/product"}],"about":[{"href":"https:\/\/cosmetic.lv\/lv\/wp-json\/wp\/v2\/types\/product"}],"wp:featuredmedia":[{"embeddable":true,"href":"https:\/\/cosmetic.lv\/lv\/wp-json\/wp\/v2\/media\/35582"}],"wp:attachment":[{"href":"https:\/\/cosmetic.lv\/lv\/wp-json\/wp\/v2\/media?parent=35522"}],"wp:term":[{"taxonomy":"product_brand","embeddable":true,"href":"https:\/\/cosmetic.lv\/lv\/wp-json\/wp\/v2\/product_brand?post=35522"},{"taxonomy":"product_cat","embeddable":true,"href":"https:\/\/cosmetic.lv\/lv\/wp-json\/wp\/v2\/product_cat?post=35522"},{"taxonomy":"product_tag","embeddable":true,"href":"https:\/\/cosmetic.lv\/lv\/wp-json\/wp\/v2\/product_tag?post=35522"}],"curies":[{"name":"wp","href":"https:\/\/api.w.org\/{rel}","templated":true}]}}