{"id":35523,"date":"2021-02-13T16:57:02","date_gmt":"2021-02-13T14:51:16","guid":{"rendered":"https:\/\/damme.lv\/product\/guam-fanghi-dalga-dren-plus-pretcelulita-maska-ar-drenazas-efektu-500-g\/"},"modified":"2021-12-02T21:49:56","modified_gmt":"2021-12-02T19:49:56","slug":"guam-fanghi-dalga-dren-plus-pretcelulita-maska-ar-drenazas-efektu-500-g","status":"publish","type":"product","link":"https:\/\/cosmetic.lv\/lv\/product\/guam-fanghi-dalga-dren-plus-pretcelulita-maska-ar-drenazas-efektu-500-g\/","title":{"rendered":"GUAM Fanghi dAlga DREN Plus &#8211; Pretcelul\u012bta maska ar dren\u0101\u017eas efektu, 500 g"},"content":{"rendered":"<p>GUAM Fanghi d?Alga DREN Plus &#8211; Pretcelul\u012bta maska ar dren\u0101\u017eas efektu, 500 g Jaun\u0101 pastiprin\u0101t\u0101s iedarb\u012bbas formula izstr\u0101d\u0101ta speci\u0101li t\u016bskain\u0101m celul\u012bta form\u0101m. Nov\u0113r\u0161 \u0161\u0137idruma aizturi audos, piet\u016bkumu un smaguma saj\u016btu k\u0101j\u0101s. Sekm\u0113 \u0101das tonusa uzlabo\u0161anos, pastiprina liek\u0101 \u0161\u0137idruma izvadi. Efekt\u012bvi aizsarg\u0101 \u0101du no br\u012bvo radik\u0101\u013cu iedarb\u012bbas. Satur biolo\u0123iski akt\u012bvu j\u016bras a\u013c\u0123u ekstraktu, kura antioksidanta iedarb\u012bba vair\u0101k nek\u0101 3 reizes p\u0101rsp\u0113j tradicion\u0101lo ekstraktu aktivit\u0101ti. Akt\u012bvie komponenti: sasmalcin\u0101tas j\u016bras a\u013c\u0123es, biolo\u0123iski akt\u012bvs j\u016bras a\u013c\u0123u ekstrakts, j\u016bras m\u0101li, esc\u012bns, j\u016bras s\u0101ls, fenhe\u013ca un sald\u0101 apels\u012bna \u0113terisk\u0101s e\u013c\u013cas, krustnagli\u0146u, pl\u016b\u0161koka un v\u012bbotnes ekstrakti. LIETO\u0160ANA: Pirms lieto\u0161anas r\u016bp\u012bgi samais\u012bt bund\u017ei\u0146as saturu. Viegl\u0101m, mas\u0113jo\u0161\u0101m kust\u012bb\u0101m uzkl\u0101t uz k\u0101j\u0101m (ar\u012b uz stilbiem un s\u0113\u017eamvietas), ja nepiecie\u0161ams, ar\u012b uz rok\u0101m. Cie\u0161i not\u012bt ar virtuves pl\u0113vi un \u013caut iedarboties 30?40 min\u016btes. No\u0146emt pl\u0113vi un nomazg\u0101t maskas paliekas ar \u016bdeni. Iet\u012b\u0161anas proced\u016bru nobeigt ar mas\u0101\u017eu, lietotojot GUAM DREN l\u012bnijas dren\u0101\u017eas e\u013c\u013cu. Kurss: pirm\u0101s tr\u012bs proced\u016bras veikt katru dienu, p\u0113c tam ? reizi tr\u012bs dien\u0101s. Pavisam kop\u0101 10-12 proced\u016bras 4 ned\u0113\u013cu laik\u0101. P\u0113c tam pietiek ar vienu uzturo\u0161u proced\u016bru ned\u0113\u013c\u0101.<\/p>\n<p>&nbsp;<\/p>\n","protected":false},"excerpt":{"rendered":"<p>GUAM Fanghi d?Alga DREN Plus &#8211; Pretcelul\u012bta maska ar dren\u0101\u017eas efektu, 500 g Jaun\u0101 pastiprin\u0101t\u0101s iedarb\u012bbas formula izstr\u0101d\u0101ta speci\u0101li t\u016bskain\u0101m<\/p>\n","protected":false},"featured_media":35584,"template":"","meta":[],"product_brand":[],"product_cat":[2414,2413,2273],"product_tag":[],"class_list":{"0":"post-35523","1":"product","2":"type-product","3":"status-publish","4":"has-post-thumbnail","6":"product_cat-dren-lv","7":"product_cat-guam-lv","8":"product_cat-profesionala-kosmetika-sejai-un-kermenim-lv","10":"first","11":"instock","12":"featured","13":"taxable","14":"shipping-taxable","15":"purchasable","16":"product-type-simple"},"yoast_head":"<!-- This site is optimized with the Yoast SEO Premium plugin v27.0 (Yoast SEO v27.0) - https:\/\/yoast.com\/product\/yoast-seo-premium-wordpress\/ -->\n<title>GUAM Fanghi dAlga DREN Plus - Pretcelul\u012bta maska ar dren\u0101\u017eas efektu, 500 g - cosmetic.lv<\/title>\n<meta name=\"robots\" content=\"index, follow, max-snippet:-1, max-image-preview:large, max-video-preview:-1\" \/>\n<link rel=\"canonical\" href=\"https:\/\/cosmetic.lv\/lv\/product\/guam-fanghi-dalga-dren-plus-pretcelulita-maska-ar-drenazas-efektu-500-g\/\" \/>\n<meta property=\"og:locale\" content=\"lv_LV\" \/>\n<meta property=\"og:type\" content=\"article\" \/>\n<meta property=\"og:title\" content=\"GUAM Fanghi dAlga DREN Plus - Pretcelul\u012bta maska ar dren\u0101\u017eas efektu, 500 g\" \/>\n<meta property=\"og:description\" content=\"GUAM Fanghi d?Alga DREN Plus &#8211; Pretcelul\u012bta maska ar dren\u0101\u017eas efektu, 500 g Jaun\u0101 pastiprin\u0101t\u0101s iedarb\u012bbas formula izstr\u0101d\u0101ta speci\u0101li t\u016bskain\u0101m\" \/>\n<meta property=\"og:url\" content=\"https:\/\/cosmetic.lv\/lv\/product\/guam-fanghi-dalga-dren-plus-pretcelulita-maska-ar-drenazas-efektu-500-g\/\" \/>\n<meta property=\"og:site_name\" content=\"cosmetic.lv\" \/>\n<meta property=\"article:publisher\" content=\"https:\/\/www.facebook.com\/cosmetic.lv\/\" \/>\n<meta property=\"article:modified_time\" content=\"2021-12-02T19:49:56+00:00\" \/>\n<meta property=\"og:image\" content=\"https:\/\/cosmetic.lv\/wp-content\/uploads\/2021\/02\/guam_dr500p-500x500-3.jpg\" \/>\n\t<meta property=\"og:image:width\" content=\"500\" \/>\n\t<meta property=\"og:image:height\" content=\"500\" \/>\n\t<meta property=\"og:image:type\" content=\"image\/jpeg\" \/>\n<meta name=\"twitter:card\" content=\"summary_large_image\" \/>\n<script type=\"application\/ld+json\" class=\"yoast-schema-graph\">{\"@context\":\"https:\/\/schema.org\",\"@graph\":[{\"@type\":\"WebPage\",\"@id\":\"https:\/\/cosmetic.lv\/lv\/product\/guam-fanghi-dalga-dren-plus-pretcelulita-maska-ar-drenazas-efektu-500-g\/\",\"url\":\"https:\/\/cosmetic.lv\/lv\/product\/guam-fanghi-dalga-dren-plus-pretcelulita-maska-ar-drenazas-efektu-500-g\/\",\"name\":\"GUAM Fanghi dAlga DREN Plus - Pretcelul\u012bta maska ar dren\u0101\u017eas efektu, 500 g - cosmetic.lv\",\"isPartOf\":{\"@id\":\"https:\/\/cosmetic.lv\/lv\/#website\"},\"primaryImageOfPage\":{\"@id\":\"https:\/\/cosmetic.lv\/lv\/product\/guam-fanghi-dalga-dren-plus-pretcelulita-maska-ar-drenazas-efektu-500-g\/#primaryimage\"},\"image\":{\"@id\":\"https:\/\/cosmetic.lv\/lv\/product\/guam-fanghi-dalga-dren-plus-pretcelulita-maska-ar-drenazas-efektu-500-g\/#primaryimage\"},\"thumbnailUrl\":\"https:\/\/cosmetic.lv\/wp-content\/uploads\/2021\/02\/guam_dr500p-500x500-3.jpg\",\"datePublished\":\"2021-02-13T14:51:16+00:00\",\"dateModified\":\"2021-12-02T19:49:56+00:00\",\"breadcrumb\":{\"@id\":\"https:\/\/cosmetic.lv\/lv\/product\/guam-fanghi-dalga-dren-plus-pretcelulita-maska-ar-drenazas-efektu-500-g\/#breadcrumb\"},\"inLanguage\":\"lv-LV\",\"potentialAction\":[{\"@type\":\"ReadAction\",\"target\":[\"https:\/\/cosmetic.lv\/lv\/product\/guam-fanghi-dalga-dren-plus-pretcelulita-maska-ar-drenazas-efektu-500-g\/\"]}]},{\"@type\":\"ImageObject\",\"inLanguage\":\"lv-LV\",\"@id\":\"https:\/\/cosmetic.lv\/lv\/product\/guam-fanghi-dalga-dren-plus-pretcelulita-maska-ar-drenazas-efektu-500-g\/#primaryimage\",\"url\":\"https:\/\/cosmetic.lv\/wp-content\/uploads\/2021\/02\/guam_dr500p-500x500-3.jpg\",\"contentUrl\":\"https:\/\/cosmetic.lv\/wp-content\/uploads\/2021\/02\/guam_dr500p-500x500-3.jpg\",\"width\":500,\"height\":500},{\"@type\":\"BreadcrumbList\",\"@id\":\"https:\/\/cosmetic.lv\/lv\/product\/guam-fanghi-dalga-dren-plus-pretcelulita-maska-ar-drenazas-efektu-500-g\/#breadcrumb\",\"itemListElement\":[{\"@type\":\"ListItem\",\"position\":1,\"name\":\"Home\",\"item\":\"https:\/\/cosmetic.lv\/lv\/\"},{\"@type\":\"ListItem\",\"position\":2,\"name\":\"Veikals\",\"item\":\"https:\/\/cosmetic.lv\/lv\/veiklas\/\"},{\"@type\":\"ListItem\",\"position\":3,\"name\":\"GUAM Fanghi dAlga DREN Plus &#8212; Pretcelul\u012bta maska ar dren\u0101\u017eas efektu, 500 g\"}]},{\"@type\":\"WebSite\",\"@id\":\"https:\/\/cosmetic.lv\/lv\/#website\",\"url\":\"https:\/\/cosmetic.lv\/lv\/\",\"name\":\"cosmetic.lv\",\"description\":\"Profesion\u0101la kosm\u0113tika - Maria Galland, Keune, Arkadija, GMT, Guam, Magiray\",\"publisher\":{\"@id\":\"https:\/\/cosmetic.lv\/lv\/#organization\"},\"potentialAction\":[{\"@type\":\"SearchAction\",\"target\":{\"@type\":\"EntryPoint\",\"urlTemplate\":\"https:\/\/cosmetic.lv\/lv\/?s={search_term_string}\"},\"query-input\":{\"@type\":\"PropertyValueSpecification\",\"valueRequired\":true,\"valueName\":\"search_term_string\"}}],\"inLanguage\":\"lv-LV\"},{\"@type\":\"Organization\",\"@id\":\"https:\/\/cosmetic.lv\/lv\/#organization\",\"name\":\"COSMETIC.LV\",\"url\":\"https:\/\/cosmetic.lv\/lv\/\",\"logo\":{\"@type\":\"ImageObject\",\"inLanguage\":\"lv-LV\",\"@id\":\"https:\/\/cosmetic.lv\/lv\/#\/schema\/logo\/image\/\",\"url\":\"https:\/\/cosmetic.lv\/wp-content\/uploads\/2021\/02\/cosmetic.lv_logo.jpg\",\"contentUrl\":\"https:\/\/cosmetic.lv\/wp-content\/uploads\/2021\/02\/cosmetic.lv_logo.jpg\",\"width\":596,\"height\":196,\"caption\":\"COSMETIC.LV\"},\"image\":{\"@id\":\"https:\/\/cosmetic.lv\/lv\/#\/schema\/logo\/image\/\"},\"sameAs\":[\"https:\/\/www.facebook.com\/cosmetic.lv\/\"]}]}<\/script>\n<meta property=\"product:price:amount\" content=\"40.33\" \/>\n<meta property=\"product:price:currency\" content=\"EUR\" \/>\n<meta property=\"og:availability\" content=\"instock\" \/>\n<meta property=\"product:availability\" content=\"instock\" \/>\n<meta property=\"product:retailer_item_id\" content=\"DR500P\" \/>\n<meta property=\"product:condition\" content=\"new\" \/>\n<!-- \/ Yoast SEO Premium plugin. -->","yoast_head_json":{"title":"GUAM Fanghi dAlga DREN Plus - Pretcelul\u012bta maska ar dren\u0101\u017eas efektu, 500 g - cosmetic.lv","robots":{"index":"index","follow":"follow","max-snippet":"max-snippet:-1","max-image-preview":"max-image-preview:large","max-video-preview":"max-video-preview:-1"},"canonical":"https:\/\/cosmetic.lv\/lv\/product\/guam-fanghi-dalga-dren-plus-pretcelulita-maska-ar-drenazas-efektu-500-g\/","og_locale":"lv_LV","og_type":"article","og_title":"GUAM Fanghi dAlga DREN Plus - Pretcelul\u012bta maska ar dren\u0101\u017eas efektu, 500 g","og_description":"GUAM Fanghi d?Alga DREN Plus &#8211; Pretcelul\u012bta maska ar dren\u0101\u017eas efektu, 500 g Jaun\u0101 pastiprin\u0101t\u0101s iedarb\u012bbas formula izstr\u0101d\u0101ta speci\u0101li t\u016bskain\u0101m","og_url":"https:\/\/cosmetic.lv\/lv\/product\/guam-fanghi-dalga-dren-plus-pretcelulita-maska-ar-drenazas-efektu-500-g\/","og_site_name":"cosmetic.lv","article_publisher":"https:\/\/www.facebook.com\/cosmetic.lv\/","article_modified_time":"2021-12-02T19:49:56+00:00","og_image":[{"width":500,"height":500,"url":"https:\/\/cosmetic.lv\/wp-content\/uploads\/2021\/02\/guam_dr500p-500x500-3.jpg","type":"image\/jpeg"}],"twitter_card":"summary_large_image","schema":{"@context":"https:\/\/schema.org","@graph":[{"@type":"WebPage","@id":"https:\/\/cosmetic.lv\/lv\/product\/guam-fanghi-dalga-dren-plus-pretcelulita-maska-ar-drenazas-efektu-500-g\/","url":"https:\/\/cosmetic.lv\/lv\/product\/guam-fanghi-dalga-dren-plus-pretcelulita-maska-ar-drenazas-efektu-500-g\/","name":"GUAM Fanghi dAlga DREN Plus - Pretcelul\u012bta maska ar dren\u0101\u017eas efektu, 500 g - cosmetic.lv","isPartOf":{"@id":"https:\/\/cosmetic.lv\/lv\/#website"},"primaryImageOfPage":{"@id":"https:\/\/cosmetic.lv\/lv\/product\/guam-fanghi-dalga-dren-plus-pretcelulita-maska-ar-drenazas-efektu-500-g\/#primaryimage"},"image":{"@id":"https:\/\/cosmetic.lv\/lv\/product\/guam-fanghi-dalga-dren-plus-pretcelulita-maska-ar-drenazas-efektu-500-g\/#primaryimage"},"thumbnailUrl":"https:\/\/cosmetic.lv\/wp-content\/uploads\/2021\/02\/guam_dr500p-500x500-3.jpg","datePublished":"2021-02-13T14:51:16+00:00","dateModified":"2021-12-02T19:49:56+00:00","breadcrumb":{"@id":"https:\/\/cosmetic.lv\/lv\/product\/guam-fanghi-dalga-dren-plus-pretcelulita-maska-ar-drenazas-efektu-500-g\/#breadcrumb"},"inLanguage":"lv-LV","potentialAction":[{"@type":"ReadAction","target":["https:\/\/cosmetic.lv\/lv\/product\/guam-fanghi-dalga-dren-plus-pretcelulita-maska-ar-drenazas-efektu-500-g\/"]}]},{"@type":"ImageObject","inLanguage":"lv-LV","@id":"https:\/\/cosmetic.lv\/lv\/product\/guam-fanghi-dalga-dren-plus-pretcelulita-maska-ar-drenazas-efektu-500-g\/#primaryimage","url":"https:\/\/cosmetic.lv\/wp-content\/uploads\/2021\/02\/guam_dr500p-500x500-3.jpg","contentUrl":"https:\/\/cosmetic.lv\/wp-content\/uploads\/2021\/02\/guam_dr500p-500x500-3.jpg","width":500,"height":500},{"@type":"BreadcrumbList","@id":"https:\/\/cosmetic.lv\/lv\/product\/guam-fanghi-dalga-dren-plus-pretcelulita-maska-ar-drenazas-efektu-500-g\/#breadcrumb","itemListElement":[{"@type":"ListItem","position":1,"name":"Home","item":"https:\/\/cosmetic.lv\/lv\/"},{"@type":"ListItem","position":2,"name":"Veikals","item":"https:\/\/cosmetic.lv\/lv\/veiklas\/"},{"@type":"ListItem","position":3,"name":"GUAM Fanghi dAlga DREN Plus &#8212; Pretcelul\u012bta maska ar dren\u0101\u017eas efektu, 500 g"}]},{"@type":"WebSite","@id":"https:\/\/cosmetic.lv\/lv\/#website","url":"https:\/\/cosmetic.lv\/lv\/","name":"cosmetic.lv","description":"Profesion\u0101la kosm\u0113tika - Maria Galland, Keune, Arkadija, GMT, Guam, Magiray","publisher":{"@id":"https:\/\/cosmetic.lv\/lv\/#organization"},"potentialAction":[{"@type":"SearchAction","target":{"@type":"EntryPoint","urlTemplate":"https:\/\/cosmetic.lv\/lv\/?s={search_term_string}"},"query-input":{"@type":"PropertyValueSpecification","valueRequired":true,"valueName":"search_term_string"}}],"inLanguage":"lv-LV"},{"@type":"Organization","@id":"https:\/\/cosmetic.lv\/lv\/#organization","name":"COSMETIC.LV","url":"https:\/\/cosmetic.lv\/lv\/","logo":{"@type":"ImageObject","inLanguage":"lv-LV","@id":"https:\/\/cosmetic.lv\/lv\/#\/schema\/logo\/image\/","url":"https:\/\/cosmetic.lv\/wp-content\/uploads\/2021\/02\/cosmetic.lv_logo.jpg","contentUrl":"https:\/\/cosmetic.lv\/wp-content\/uploads\/2021\/02\/cosmetic.lv_logo.jpg","width":596,"height":196,"caption":"COSMETIC.LV"},"image":{"@id":"https:\/\/cosmetic.lv\/lv\/#\/schema\/logo\/image\/"},"sameAs":["https:\/\/www.facebook.com\/cosmetic.lv\/"]}]},"product_price_amount":"40.33","product_price_currency":"EUR","og_availability":"instock","product_availability":"instock","product_retailer_item_id":"DR500P","product_condition":"new"},"_links":{"self":[{"href":"https:\/\/cosmetic.lv\/lv\/wp-json\/wp\/v2\/product\/35523","targetHints":{"allow":["GET"]}}],"collection":[{"href":"https:\/\/cosmetic.lv\/lv\/wp-json\/wp\/v2\/product"}],"about":[{"href":"https:\/\/cosmetic.lv\/lv\/wp-json\/wp\/v2\/types\/product"}],"wp:featuredmedia":[{"embeddable":true,"href":"https:\/\/cosmetic.lv\/lv\/wp-json\/wp\/v2\/media\/35584"}],"wp:attachment":[{"href":"https:\/\/cosmetic.lv\/lv\/wp-json\/wp\/v2\/media?parent=35523"}],"wp:term":[{"taxonomy":"product_brand","embeddable":true,"href":"https:\/\/cosmetic.lv\/lv\/wp-json\/wp\/v2\/product_brand?post=35523"},{"taxonomy":"product_cat","embeddable":true,"href":"https:\/\/cosmetic.lv\/lv\/wp-json\/wp\/v2\/product_cat?post=35523"},{"taxonomy":"product_tag","embeddable":true,"href":"https:\/\/cosmetic.lv\/lv\/wp-json\/wp\/v2\/product_tag?post=35523"}],"curies":[{"name":"wp","href":"https:\/\/api.w.org\/{rel}","templated":true}]}}