{"id":35525,"date":"2021-02-13T16:57:02","date_gmt":"2021-02-13T14:51:16","guid":{"rendered":"https:\/\/damme.lv\/product\/guam-inthenso-krems-krusu-palielinasanai-150-ml\/"},"modified":"2021-12-02T21:50:52","modified_gmt":"2021-12-02T19:50:52","slug":"guam-inthenso-krems-krusu-palielinasanai-150-ml","status":"publish","type":"product","link":"https:\/\/cosmetic.lv\/lv\/product\/guam-inthenso-krems-krusu-palielinasanai-150-ml\/","title":{"rendered":"GUAM Inthenso &#8211; Kr\u0113ms kr\u016b\u0161u palielin\u0101\u0161anai 150 ml"},"content":{"rendered":"<p>GUAM Inthenso &#8211; Kr\u0113ms kr\u016b\u0161u palielin\u0101\u0161anai 150 ml Palielina kr\u016b\u0161u apjomu un apa\u013c\u012bgumu Sievietes kr\u016b\u0161u apjoms un forma ir atkar\u012bga no zem\u0101das tauku sl\u0101\u0146a biezuma \u0161aj\u0101 \u0137erme\u0146a da\u013c\u0101. Jaun\u0101s paaudzes prepar\u0101ts ir rad\u012bts, lai palielin\u0101tu sievie\u0161u kr\u016b\u0161u apjomu un pie\u0161\u0137irtu t\u0101m apa\u013c\u012bgu formu. Kr\u0113ma sast\u0101v\u0101 ietilpst ekskluz\u012bvs dabisks biolo\u0123iskais komplekss GEZHIMUTM. \u0160\u012b viela stimul\u0113 akt\u012bvu tauku \u0161\u016bnu aug\u0161anas procesu kr\u016b\u0161u zem\u0101das sl\u0101\u0146os. Rezult\u0101t\u0101 tauku \u0161\u016bnu apm\u0113ri palielin\u0101s, kr\u016btis k\u013c\u016bst liel\u0101kas, apa\u013c\u0101kas un tiek paceltas augst\u0101k. Kr\u0113ms \u012bpa\u0161i ieteicams sieviet\u0113m ar maz\u0101m kr\u016bt\u012bm, k\u0101 ar\u012b tajos gad\u012bjumos, kad kr\u016btis ir zaud\u0113ju\u0161as pievilc\u012bbu gr\u016btniec\u012bbas un b\u0113rna z\u012bd\u012b\u0161anas d\u0113\u013c, k\u0101 ar\u012b p\u0113c di\u0113t\u0101m, kas izrais\u012bju\u0161as strauju svara zaud\u0113\u0161anu. Kr\u0113ms ir \u013coti ekonomisks (iepakojums kalpo divu m\u0113ne\u0161u ilgam kursam), viegli ies\u016bcas \u0101d\u0101, tam ir neitr\u0101la smar\u017ea. \u0160im prepar\u0101tam ir v\u0113l k\u0101da svar\u012bga \u012bpa\u0161\u012bba ? tas neskar organisma hormon\u0101lo sist\u0113mu. Rezult\u0101ti. Lietojot kr\u0113mu ik dienas, jau p\u0113c div\u0101m ned\u0113\u013c\u0101m palielin\u0101s kr\u016b\u0161u apjoms un apa\u013c\u012bgums. P\u0113c divu m\u0113ne\u0161u ilgas lieto\u0161anas rezult\u0101ti ir v\u0113l paman\u0101m\u0101ki ? kr\u016btis ir k\u013cuvu\u0161as liel\u0101kas, ieguvu\u0161as skaisti noapa\u013cotu formu, paceltas uz aug\u0161u un izskat\u0101s pievilc\u012bgas. Akt\u012bvie komponenti: biolo\u0123iskais komplekss GEZHIMUTM (sarkano j\u016bras a\u013c\u0123u Gelidium Sesquipedale, \u0100zijas auga Zhi Mu un graudu sorgo ekstrakta mais\u012bjums), me\u017eroz\u012b\u0161u e\u013c\u013ca. Lieto\u0161anas pam\u0101c\u012bba. Viegl\u0101m, mas\u0113jo\u0161\u0101m kust\u012bb\u0101m uzkl\u0101t pl\u0101nu k\u0101rti\u0146u kr\u0113ma uz kr\u016b\u0161u \u0101das virzien\u0101 no apak\u0161as (no kr\u016b\u0161u pamatnes) uz kaklu, neskarot kr\u016b\u0161u galus un rajonu ap tiem. Mas\u0113t, l\u012bdz kr\u0113ms piln\u012bb\u0101 ies\u016bcies \u0101d\u0101. Lieto\u0161anas kurss. Lietot katru dienu divus m\u0113ne\u0161us p\u0113c k\u0101rtas. P\u0113c tam pietiks ar 2-3 uzturo\u0161\u0101m proced\u016br\u0101m ned\u0113\u013c\u0101.<\/p>\n<p>&nbsp;<\/p>\n","protected":false},"excerpt":{"rendered":"<p>GUAM Inthenso &#8211; Kr\u0113ms kr\u016b\u0161u palielin\u0101\u0161anai 150 ml Palielina kr\u016b\u0161u apjomu un apa\u013c\u012bgumu Sievietes kr\u016b\u0161u apjoms un forma ir atkar\u012bga<\/p>\n","protected":false},"featured_media":35453,"template":"","meta":[],"product_brand":[],"product_cat":[2413,2416,2273],"product_tag":[],"class_list":{"0":"post-35525","1":"product","2":"type-product","3":"status-publish","4":"has-post-thumbnail","6":"product_cat-guam-lv","7":"product_cat-guam-inthenso-lv","8":"product_cat-profesionala-kosmetika-sejai-un-kermenim-lv","10":"first","11":"instock","12":"featured","13":"taxable","14":"shipping-taxable","15":"purchasable","16":"product-type-simple"},"yoast_head":"<!-- This site is optimized with the Yoast SEO Premium plugin v27.0 (Yoast SEO v27.0) - https:\/\/yoast.com\/product\/yoast-seo-premium-wordpress\/ -->\n<title>GUAM Inthenso - Kr\u0113ms kr\u016b\u0161u palielin\u0101\u0161anai 150 ml - cosmetic.lv<\/title>\n<meta name=\"robots\" content=\"index, follow, max-snippet:-1, max-image-preview:large, max-video-preview:-1\" \/>\n<link rel=\"canonical\" href=\"https:\/\/cosmetic.lv\/lv\/product\/guam-inthenso-krems-krusu-palielinasanai-150-ml\/\" \/>\n<meta property=\"og:locale\" content=\"lv_LV\" \/>\n<meta property=\"og:type\" content=\"article\" \/>\n<meta property=\"og:title\" content=\"GUAM Inthenso - Kr\u0113ms kr\u016b\u0161u palielin\u0101\u0161anai 150 ml\" \/>\n<meta property=\"og:description\" content=\"GUAM Inthenso &#8211; Kr\u0113ms kr\u016b\u0161u palielin\u0101\u0161anai 150 ml Palielina kr\u016b\u0161u apjomu un apa\u013c\u012bgumu Sievietes kr\u016b\u0161u apjoms un forma ir atkar\u012bga\" \/>\n<meta property=\"og:url\" content=\"https:\/\/cosmetic.lv\/lv\/product\/guam-inthenso-krems-krusu-palielinasanai-150-ml\/\" \/>\n<meta property=\"og:site_name\" content=\"cosmetic.lv\" \/>\n<meta property=\"article:publisher\" content=\"https:\/\/www.facebook.com\/cosmetic.lv\/\" \/>\n<meta property=\"article:modified_time\" content=\"2021-12-02T19:50:52+00:00\" \/>\n<meta property=\"og:image\" content=\"https:\/\/cosmetic.lv\/wp-content\/uploads\/2021\/02\/guam_intg150-150x150sm.jpg\" \/>\n\t<meta property=\"og:image:width\" content=\"150\" \/>\n\t<meta property=\"og:image:height\" content=\"150\" \/>\n\t<meta property=\"og:image:type\" content=\"image\/jpeg\" \/>\n<meta name=\"twitter:card\" content=\"summary_large_image\" \/>\n<script type=\"application\/ld+json\" class=\"yoast-schema-graph\">{\"@context\":\"https:\/\/schema.org\",\"@graph\":[{\"@type\":\"WebPage\",\"@id\":\"https:\/\/cosmetic.lv\/lv\/product\/guam-inthenso-krems-krusu-palielinasanai-150-ml\/\",\"url\":\"https:\/\/cosmetic.lv\/lv\/product\/guam-inthenso-krems-krusu-palielinasanai-150-ml\/\",\"name\":\"GUAM Inthenso - Kr\u0113ms kr\u016b\u0161u palielin\u0101\u0161anai 150 ml - cosmetic.lv\",\"isPartOf\":{\"@id\":\"https:\/\/cosmetic.lv\/lv\/#website\"},\"primaryImageOfPage\":{\"@id\":\"https:\/\/cosmetic.lv\/lv\/product\/guam-inthenso-krems-krusu-palielinasanai-150-ml\/#primaryimage\"},\"image\":{\"@id\":\"https:\/\/cosmetic.lv\/lv\/product\/guam-inthenso-krems-krusu-palielinasanai-150-ml\/#primaryimage\"},\"thumbnailUrl\":\"https:\/\/cosmetic.lv\/wp-content\/uploads\/2021\/02\/guam_intg150-150x150sm.jpg\",\"datePublished\":\"2021-02-13T14:51:16+00:00\",\"dateModified\":\"2021-12-02T19:50:52+00:00\",\"breadcrumb\":{\"@id\":\"https:\/\/cosmetic.lv\/lv\/product\/guam-inthenso-krems-krusu-palielinasanai-150-ml\/#breadcrumb\"},\"inLanguage\":\"lv-LV\",\"potentialAction\":[{\"@type\":\"ReadAction\",\"target\":[\"https:\/\/cosmetic.lv\/lv\/product\/guam-inthenso-krems-krusu-palielinasanai-150-ml\/\"]}]},{\"@type\":\"ImageObject\",\"inLanguage\":\"lv-LV\",\"@id\":\"https:\/\/cosmetic.lv\/lv\/product\/guam-inthenso-krems-krusu-palielinasanai-150-ml\/#primaryimage\",\"url\":\"https:\/\/cosmetic.lv\/wp-content\/uploads\/2021\/02\/guam_intg150-150x150sm.jpg\",\"contentUrl\":\"https:\/\/cosmetic.lv\/wp-content\/uploads\/2021\/02\/guam_intg150-150x150sm.jpg\",\"width\":150,\"height\":150},{\"@type\":\"BreadcrumbList\",\"@id\":\"https:\/\/cosmetic.lv\/lv\/product\/guam-inthenso-krems-krusu-palielinasanai-150-ml\/#breadcrumb\",\"itemListElement\":[{\"@type\":\"ListItem\",\"position\":1,\"name\":\"Home\",\"item\":\"https:\/\/cosmetic.lv\/lv\/\"},{\"@type\":\"ListItem\",\"position\":2,\"name\":\"Veikals\",\"item\":\"https:\/\/cosmetic.lv\/lv\/veiklas\/\"},{\"@type\":\"ListItem\",\"position\":3,\"name\":\"GUAM Inthenso &#8212; Kr\u0113ms kr\u016b\u0161u palielin\u0101\u0161anai 150 ml\"}]},{\"@type\":\"WebSite\",\"@id\":\"https:\/\/cosmetic.lv\/lv\/#website\",\"url\":\"https:\/\/cosmetic.lv\/lv\/\",\"name\":\"cosmetic.lv\",\"description\":\"Profesion\u0101la kosm\u0113tika - Maria Galland, Keune, Arkadija, GMT, Guam, Magiray\",\"publisher\":{\"@id\":\"https:\/\/cosmetic.lv\/lv\/#organization\"},\"potentialAction\":[{\"@type\":\"SearchAction\",\"target\":{\"@type\":\"EntryPoint\",\"urlTemplate\":\"https:\/\/cosmetic.lv\/lv\/?s={search_term_string}\"},\"query-input\":{\"@type\":\"PropertyValueSpecification\",\"valueRequired\":true,\"valueName\":\"search_term_string\"}}],\"inLanguage\":\"lv-LV\"},{\"@type\":\"Organization\",\"@id\":\"https:\/\/cosmetic.lv\/lv\/#organization\",\"name\":\"COSMETIC.LV\",\"url\":\"https:\/\/cosmetic.lv\/lv\/\",\"logo\":{\"@type\":\"ImageObject\",\"inLanguage\":\"lv-LV\",\"@id\":\"https:\/\/cosmetic.lv\/lv\/#\/schema\/logo\/image\/\",\"url\":\"https:\/\/cosmetic.lv\/wp-content\/uploads\/2021\/02\/cosmetic.lv_logo.jpg\",\"contentUrl\":\"https:\/\/cosmetic.lv\/wp-content\/uploads\/2021\/02\/cosmetic.lv_logo.jpg\",\"width\":596,\"height\":196,\"caption\":\"COSMETIC.LV\"},\"image\":{\"@id\":\"https:\/\/cosmetic.lv\/lv\/#\/schema\/logo\/image\/\"},\"sameAs\":[\"https:\/\/www.facebook.com\/cosmetic.lv\/\"]}]}<\/script>\n<meta property=\"product:price:amount\" content=\"44.36\" \/>\n<meta property=\"product:price:currency\" content=\"EUR\" \/>\n<meta property=\"og:availability\" content=\"instock\" \/>\n<meta property=\"product:availability\" content=\"instock\" \/>\n<meta property=\"product:retailer_item_id\" content=\"krg\" \/>\n<meta property=\"product:condition\" content=\"new\" \/>\n<!-- \/ Yoast SEO Premium plugin. -->","yoast_head_json":{"title":"GUAM Inthenso - Kr\u0113ms kr\u016b\u0161u palielin\u0101\u0161anai 150 ml - cosmetic.lv","robots":{"index":"index","follow":"follow","max-snippet":"max-snippet:-1","max-image-preview":"max-image-preview:large","max-video-preview":"max-video-preview:-1"},"canonical":"https:\/\/cosmetic.lv\/lv\/product\/guam-inthenso-krems-krusu-palielinasanai-150-ml\/","og_locale":"lv_LV","og_type":"article","og_title":"GUAM Inthenso - Kr\u0113ms kr\u016b\u0161u palielin\u0101\u0161anai 150 ml","og_description":"GUAM Inthenso &#8211; Kr\u0113ms kr\u016b\u0161u palielin\u0101\u0161anai 150 ml Palielina kr\u016b\u0161u apjomu un apa\u013c\u012bgumu Sievietes kr\u016b\u0161u apjoms un forma ir atkar\u012bga","og_url":"https:\/\/cosmetic.lv\/lv\/product\/guam-inthenso-krems-krusu-palielinasanai-150-ml\/","og_site_name":"cosmetic.lv","article_publisher":"https:\/\/www.facebook.com\/cosmetic.lv\/","article_modified_time":"2021-12-02T19:50:52+00:00","og_image":[{"width":150,"height":150,"url":"https:\/\/cosmetic.lv\/wp-content\/uploads\/2021\/02\/guam_intg150-150x150sm.jpg","type":"image\/jpeg"}],"twitter_card":"summary_large_image","schema":{"@context":"https:\/\/schema.org","@graph":[{"@type":"WebPage","@id":"https:\/\/cosmetic.lv\/lv\/product\/guam-inthenso-krems-krusu-palielinasanai-150-ml\/","url":"https:\/\/cosmetic.lv\/lv\/product\/guam-inthenso-krems-krusu-palielinasanai-150-ml\/","name":"GUAM Inthenso - Kr\u0113ms kr\u016b\u0161u palielin\u0101\u0161anai 150 ml - cosmetic.lv","isPartOf":{"@id":"https:\/\/cosmetic.lv\/lv\/#website"},"primaryImageOfPage":{"@id":"https:\/\/cosmetic.lv\/lv\/product\/guam-inthenso-krems-krusu-palielinasanai-150-ml\/#primaryimage"},"image":{"@id":"https:\/\/cosmetic.lv\/lv\/product\/guam-inthenso-krems-krusu-palielinasanai-150-ml\/#primaryimage"},"thumbnailUrl":"https:\/\/cosmetic.lv\/wp-content\/uploads\/2021\/02\/guam_intg150-150x150sm.jpg","datePublished":"2021-02-13T14:51:16+00:00","dateModified":"2021-12-02T19:50:52+00:00","breadcrumb":{"@id":"https:\/\/cosmetic.lv\/lv\/product\/guam-inthenso-krems-krusu-palielinasanai-150-ml\/#breadcrumb"},"inLanguage":"lv-LV","potentialAction":[{"@type":"ReadAction","target":["https:\/\/cosmetic.lv\/lv\/product\/guam-inthenso-krems-krusu-palielinasanai-150-ml\/"]}]},{"@type":"ImageObject","inLanguage":"lv-LV","@id":"https:\/\/cosmetic.lv\/lv\/product\/guam-inthenso-krems-krusu-palielinasanai-150-ml\/#primaryimage","url":"https:\/\/cosmetic.lv\/wp-content\/uploads\/2021\/02\/guam_intg150-150x150sm.jpg","contentUrl":"https:\/\/cosmetic.lv\/wp-content\/uploads\/2021\/02\/guam_intg150-150x150sm.jpg","width":150,"height":150},{"@type":"BreadcrumbList","@id":"https:\/\/cosmetic.lv\/lv\/product\/guam-inthenso-krems-krusu-palielinasanai-150-ml\/#breadcrumb","itemListElement":[{"@type":"ListItem","position":1,"name":"Home","item":"https:\/\/cosmetic.lv\/lv\/"},{"@type":"ListItem","position":2,"name":"Veikals","item":"https:\/\/cosmetic.lv\/lv\/veiklas\/"},{"@type":"ListItem","position":3,"name":"GUAM Inthenso &#8212; Kr\u0113ms kr\u016b\u0161u palielin\u0101\u0161anai 150 ml"}]},{"@type":"WebSite","@id":"https:\/\/cosmetic.lv\/lv\/#website","url":"https:\/\/cosmetic.lv\/lv\/","name":"cosmetic.lv","description":"Profesion\u0101la kosm\u0113tika - Maria Galland, Keune, Arkadija, GMT, Guam, Magiray","publisher":{"@id":"https:\/\/cosmetic.lv\/lv\/#organization"},"potentialAction":[{"@type":"SearchAction","target":{"@type":"EntryPoint","urlTemplate":"https:\/\/cosmetic.lv\/lv\/?s={search_term_string}"},"query-input":{"@type":"PropertyValueSpecification","valueRequired":true,"valueName":"search_term_string"}}],"inLanguage":"lv-LV"},{"@type":"Organization","@id":"https:\/\/cosmetic.lv\/lv\/#organization","name":"COSMETIC.LV","url":"https:\/\/cosmetic.lv\/lv\/","logo":{"@type":"ImageObject","inLanguage":"lv-LV","@id":"https:\/\/cosmetic.lv\/lv\/#\/schema\/logo\/image\/","url":"https:\/\/cosmetic.lv\/wp-content\/uploads\/2021\/02\/cosmetic.lv_logo.jpg","contentUrl":"https:\/\/cosmetic.lv\/wp-content\/uploads\/2021\/02\/cosmetic.lv_logo.jpg","width":596,"height":196,"caption":"COSMETIC.LV"},"image":{"@id":"https:\/\/cosmetic.lv\/lv\/#\/schema\/logo\/image\/"},"sameAs":["https:\/\/www.facebook.com\/cosmetic.lv\/"]}]},"product_price_amount":"44.36","product_price_currency":"EUR","og_availability":"instock","product_availability":"instock","product_retailer_item_id":"krg","product_condition":"new"},"_links":{"self":[{"href":"https:\/\/cosmetic.lv\/lv\/wp-json\/wp\/v2\/product\/35525","targetHints":{"allow":["GET"]}}],"collection":[{"href":"https:\/\/cosmetic.lv\/lv\/wp-json\/wp\/v2\/product"}],"about":[{"href":"https:\/\/cosmetic.lv\/lv\/wp-json\/wp\/v2\/types\/product"}],"wp:featuredmedia":[{"embeddable":true,"href":"https:\/\/cosmetic.lv\/lv\/wp-json\/wp\/v2\/media\/35453"}],"wp:attachment":[{"href":"https:\/\/cosmetic.lv\/lv\/wp-json\/wp\/v2\/media?parent=35525"}],"wp:term":[{"taxonomy":"product_brand","embeddable":true,"href":"https:\/\/cosmetic.lv\/lv\/wp-json\/wp\/v2\/product_brand?post=35525"},{"taxonomy":"product_cat","embeddable":true,"href":"https:\/\/cosmetic.lv\/lv\/wp-json\/wp\/v2\/product_cat?post=35525"},{"taxonomy":"product_tag","embeddable":true,"href":"https:\/\/cosmetic.lv\/lv\/wp-json\/wp\/v2\/product_tag?post=35525"}],"curies":[{"name":"wp","href":"https:\/\/api.w.org\/{rel}","templated":true}]}}