{"id":35527,"date":"2021-02-13T16:57:02","date_gmt":"2021-02-13T14:51:16","guid":{"rendered":"https:\/\/damme.lv\/product\/talasso-podos-aizsargkrems-kajam-100-ml\/"},"modified":"2021-12-02T21:51:45","modified_gmt":"2021-12-02T19:51:45","slug":"talasso-podos-aizsargkrems-kajam-100-ml","status":"publish","type":"product","link":"https:\/\/cosmetic.lv\/lv\/product\/talasso-podos-aizsargkrems-kajam-100-ml\/","title":{"rendered":"Talasso PODOS &#8211; Aizsargkr\u0113ms k\u0101j\u0101m 100 ml"},"content":{"rendered":"<p>Talasso PODOS &#8211; Aizsargkr\u0113ms k\u0101j\u0101m 100 ml Ide\u0101li noder sausas un raupjas p\u0113du \u0101das kop\u0161anai. Kr\u0113ma sast\u0101v\u0101 ietilpsto\u0161ais sarkano a\u013c\u0123u ekstrakts mitrina un m\u012bkstina p\u0113du \u0101du, nov\u0113r\u0161 un likvid\u0113 noberzumus, \u0101das sabiez\u0113jumus un var\u017eacis, kas izveidoju\u0161\u0101s, past\u0101v\u012bgi n\u0113s\u0101jot apavus ar augstiem pap\u0113\u017eiem. K\u0101ju \u0101da k\u013c\u016bst m\u012bksta, elast\u012bga un aizsarg\u0101ta. Akt\u012bvie komponenti: Hypnea un Gelidiella a\u013c\u0123u ekstrakts, dzelzskoka e\u013c\u013ca, alanto\u012bns. Lieto\u0161anas pam\u0101c\u012bba. Uzkl\u0101t kr\u0113mu uz visas p\u0113du virsmas, piev\u0113r\u0161ot \u012bpa\u0161u uzman\u012bbu saplais\u0101ju\u0161iem pap\u0113\u017eiem, pagaid\u012bt, l\u012bdz kr\u0113ms piln\u012bb\u0101 ies\u016bcas \u0101d\u0101.<\/p>\n<p>&nbsp;<\/p>\n","protected":false},"excerpt":{"rendered":"<p>Talasso PODOS &#8211; Aizsargkr\u0113ms k\u0101j\u0101m 100 ml Ide\u0101li noder sausas un raupjas p\u0113du \u0101das kop\u0161anai. Kr\u0113ma sast\u0101v\u0101 ietilpsto\u0161ais sarkano a\u013c\u0123u<\/p>\n","protected":false},"featured_media":35590,"template":"","meta":[],"product_brand":[],"product_cat":[2413,2417,2273],"product_tag":[],"class_list":{"0":"post-35527","1":"product","2":"type-product","3":"status-publish","4":"has-post-thumbnail","6":"product_cat-guam-lv","7":"product_cat-talasso-podos-lv","8":"product_cat-profesionala-kosmetika-sejai-un-kermenim-lv","10":"first","11":"instock","12":"featured","13":"purchasable","14":"product-type-simple"},"yoast_head":"<!-- This site is optimized with the Yoast SEO Premium plugin v27.0 (Yoast SEO v27.0) - https:\/\/yoast.com\/product\/yoast-seo-premium-wordpress\/ -->\n<title>Talasso PODOS - Aizsargkr\u0113ms k\u0101j\u0101m 100 ml - cosmetic.lv<\/title>\n<meta name=\"robots\" content=\"index, follow, max-snippet:-1, max-image-preview:large, max-video-preview:-1\" \/>\n<link rel=\"canonical\" href=\"https:\/\/cosmetic.lv\/lv\/product\/talasso-podos-aizsargkrems-kajam-100-ml\/\" \/>\n<meta property=\"og:locale\" content=\"lv_LV\" \/>\n<meta property=\"og:type\" content=\"article\" \/>\n<meta property=\"og:title\" content=\"Talasso PODOS - Aizsargkr\u0113ms k\u0101j\u0101m 100 ml\" \/>\n<meta property=\"og:description\" content=\"Talasso PODOS &#8211; Aizsargkr\u0113ms k\u0101j\u0101m 100 ml Ide\u0101li noder sausas un raupjas p\u0113du \u0101das kop\u0161anai. Kr\u0113ma sast\u0101v\u0101 ietilpsto\u0161ais sarkano a\u013c\u0123u\" \/>\n<meta property=\"og:url\" content=\"https:\/\/cosmetic.lv\/lv\/product\/talasso-podos-aizsargkrems-kajam-100-ml\/\" \/>\n<meta property=\"og:site_name\" content=\"cosmetic.lv\" \/>\n<meta property=\"article:publisher\" content=\"https:\/\/www.facebook.com\/cosmetic.lv\/\" \/>\n<meta property=\"article:modified_time\" content=\"2021-12-02T19:51:45+00:00\" \/>\n<meta property=\"og:image\" content=\"https:\/\/cosmetic.lv\/wp-content\/uploads\/2021\/02\/guam_tsps100-500x500-2.jpg\" \/>\n\t<meta property=\"og:image:width\" content=\"500\" \/>\n\t<meta property=\"og:image:height\" content=\"500\" \/>\n\t<meta property=\"og:image:type\" content=\"image\/jpeg\" \/>\n<meta name=\"twitter:card\" content=\"summary_large_image\" \/>\n<script type=\"application\/ld+json\" class=\"yoast-schema-graph\">{\"@context\":\"https:\/\/schema.org\",\"@graph\":[{\"@type\":\"WebPage\",\"@id\":\"https:\/\/cosmetic.lv\/lv\/product\/talasso-podos-aizsargkrems-kajam-100-ml\/\",\"url\":\"https:\/\/cosmetic.lv\/lv\/product\/talasso-podos-aizsargkrems-kajam-100-ml\/\",\"name\":\"Talasso PODOS - Aizsargkr\u0113ms k\u0101j\u0101m 100 ml - cosmetic.lv\",\"isPartOf\":{\"@id\":\"https:\/\/cosmetic.lv\/lv\/#website\"},\"primaryImageOfPage\":{\"@id\":\"https:\/\/cosmetic.lv\/lv\/product\/talasso-podos-aizsargkrems-kajam-100-ml\/#primaryimage\"},\"image\":{\"@id\":\"https:\/\/cosmetic.lv\/lv\/product\/talasso-podos-aizsargkrems-kajam-100-ml\/#primaryimage\"},\"thumbnailUrl\":\"https:\/\/cosmetic.lv\/wp-content\/uploads\/2021\/02\/guam_tsps100-500x500-2.jpg\",\"datePublished\":\"2021-02-13T14:51:16+00:00\",\"dateModified\":\"2021-12-02T19:51:45+00:00\",\"breadcrumb\":{\"@id\":\"https:\/\/cosmetic.lv\/lv\/product\/talasso-podos-aizsargkrems-kajam-100-ml\/#breadcrumb\"},\"inLanguage\":\"lv-LV\",\"potentialAction\":[{\"@type\":\"ReadAction\",\"target\":[\"https:\/\/cosmetic.lv\/lv\/product\/talasso-podos-aizsargkrems-kajam-100-ml\/\"]}]},{\"@type\":\"ImageObject\",\"inLanguage\":\"lv-LV\",\"@id\":\"https:\/\/cosmetic.lv\/lv\/product\/talasso-podos-aizsargkrems-kajam-100-ml\/#primaryimage\",\"url\":\"https:\/\/cosmetic.lv\/wp-content\/uploads\/2021\/02\/guam_tsps100-500x500-2.jpg\",\"contentUrl\":\"https:\/\/cosmetic.lv\/wp-content\/uploads\/2021\/02\/guam_tsps100-500x500-2.jpg\",\"width\":500,\"height\":500},{\"@type\":\"BreadcrumbList\",\"@id\":\"https:\/\/cosmetic.lv\/lv\/product\/talasso-podos-aizsargkrems-kajam-100-ml\/#breadcrumb\",\"itemListElement\":[{\"@type\":\"ListItem\",\"position\":1,\"name\":\"Home\",\"item\":\"https:\/\/cosmetic.lv\/lv\/\"},{\"@type\":\"ListItem\",\"position\":2,\"name\":\"Veikals\",\"item\":\"https:\/\/cosmetic.lv\/lv\/veiklas\/\"},{\"@type\":\"ListItem\",\"position\":3,\"name\":\"Talasso PODOS &#8212; Aizsargkr\u0113ms k\u0101j\u0101m 100 ml\"}]},{\"@type\":\"WebSite\",\"@id\":\"https:\/\/cosmetic.lv\/lv\/#website\",\"url\":\"https:\/\/cosmetic.lv\/lv\/\",\"name\":\"cosmetic.lv\",\"description\":\"Profesion\u0101la kosm\u0113tika - Maria Galland, Keune, Arkadija, GMT, Guam, Magiray\",\"publisher\":{\"@id\":\"https:\/\/cosmetic.lv\/lv\/#organization\"},\"potentialAction\":[{\"@type\":\"SearchAction\",\"target\":{\"@type\":\"EntryPoint\",\"urlTemplate\":\"https:\/\/cosmetic.lv\/lv\/?s={search_term_string}\"},\"query-input\":{\"@type\":\"PropertyValueSpecification\",\"valueRequired\":true,\"valueName\":\"search_term_string\"}}],\"inLanguage\":\"lv-LV\"},{\"@type\":\"Organization\",\"@id\":\"https:\/\/cosmetic.lv\/lv\/#organization\",\"name\":\"COSMETIC.LV\",\"url\":\"https:\/\/cosmetic.lv\/lv\/\",\"logo\":{\"@type\":\"ImageObject\",\"inLanguage\":\"lv-LV\",\"@id\":\"https:\/\/cosmetic.lv\/lv\/#\/schema\/logo\/image\/\",\"url\":\"https:\/\/cosmetic.lv\/wp-content\/uploads\/2021\/02\/cosmetic.lv_logo.jpg\",\"contentUrl\":\"https:\/\/cosmetic.lv\/wp-content\/uploads\/2021\/02\/cosmetic.lv_logo.jpg\",\"width\":596,\"height\":196,\"caption\":\"COSMETIC.LV\"},\"image\":{\"@id\":\"https:\/\/cosmetic.lv\/lv\/#\/schema\/logo\/image\/\"},\"sameAs\":[\"https:\/\/www.facebook.com\/cosmetic.lv\/\"]}]}<\/script>\n<meta property=\"product:price:amount\" content=\"17.14\" \/>\n<meta property=\"product:price:currency\" content=\"EUR\" \/>\n<meta property=\"og:availability\" content=\"instock\" \/>\n<meta property=\"product:availability\" content=\"instock\" \/>\n<meta property=\"product:retailer_item_id\" content=\"TSPS100\" \/>\n<meta property=\"product:condition\" content=\"new\" \/>\n<!-- \/ Yoast SEO Premium plugin. -->","yoast_head_json":{"title":"Talasso PODOS - Aizsargkr\u0113ms k\u0101j\u0101m 100 ml - cosmetic.lv","robots":{"index":"index","follow":"follow","max-snippet":"max-snippet:-1","max-image-preview":"max-image-preview:large","max-video-preview":"max-video-preview:-1"},"canonical":"https:\/\/cosmetic.lv\/lv\/product\/talasso-podos-aizsargkrems-kajam-100-ml\/","og_locale":"lv_LV","og_type":"article","og_title":"Talasso PODOS - Aizsargkr\u0113ms k\u0101j\u0101m 100 ml","og_description":"Talasso PODOS &#8211; Aizsargkr\u0113ms k\u0101j\u0101m 100 ml Ide\u0101li noder sausas un raupjas p\u0113du \u0101das kop\u0161anai. Kr\u0113ma sast\u0101v\u0101 ietilpsto\u0161ais sarkano a\u013c\u0123u","og_url":"https:\/\/cosmetic.lv\/lv\/product\/talasso-podos-aizsargkrems-kajam-100-ml\/","og_site_name":"cosmetic.lv","article_publisher":"https:\/\/www.facebook.com\/cosmetic.lv\/","article_modified_time":"2021-12-02T19:51:45+00:00","og_image":[{"width":500,"height":500,"url":"https:\/\/cosmetic.lv\/wp-content\/uploads\/2021\/02\/guam_tsps100-500x500-2.jpg","type":"image\/jpeg"}],"twitter_card":"summary_large_image","schema":{"@context":"https:\/\/schema.org","@graph":[{"@type":"WebPage","@id":"https:\/\/cosmetic.lv\/lv\/product\/talasso-podos-aizsargkrems-kajam-100-ml\/","url":"https:\/\/cosmetic.lv\/lv\/product\/talasso-podos-aizsargkrems-kajam-100-ml\/","name":"Talasso PODOS - Aizsargkr\u0113ms k\u0101j\u0101m 100 ml - cosmetic.lv","isPartOf":{"@id":"https:\/\/cosmetic.lv\/lv\/#website"},"primaryImageOfPage":{"@id":"https:\/\/cosmetic.lv\/lv\/product\/talasso-podos-aizsargkrems-kajam-100-ml\/#primaryimage"},"image":{"@id":"https:\/\/cosmetic.lv\/lv\/product\/talasso-podos-aizsargkrems-kajam-100-ml\/#primaryimage"},"thumbnailUrl":"https:\/\/cosmetic.lv\/wp-content\/uploads\/2021\/02\/guam_tsps100-500x500-2.jpg","datePublished":"2021-02-13T14:51:16+00:00","dateModified":"2021-12-02T19:51:45+00:00","breadcrumb":{"@id":"https:\/\/cosmetic.lv\/lv\/product\/talasso-podos-aizsargkrems-kajam-100-ml\/#breadcrumb"},"inLanguage":"lv-LV","potentialAction":[{"@type":"ReadAction","target":["https:\/\/cosmetic.lv\/lv\/product\/talasso-podos-aizsargkrems-kajam-100-ml\/"]}]},{"@type":"ImageObject","inLanguage":"lv-LV","@id":"https:\/\/cosmetic.lv\/lv\/product\/talasso-podos-aizsargkrems-kajam-100-ml\/#primaryimage","url":"https:\/\/cosmetic.lv\/wp-content\/uploads\/2021\/02\/guam_tsps100-500x500-2.jpg","contentUrl":"https:\/\/cosmetic.lv\/wp-content\/uploads\/2021\/02\/guam_tsps100-500x500-2.jpg","width":500,"height":500},{"@type":"BreadcrumbList","@id":"https:\/\/cosmetic.lv\/lv\/product\/talasso-podos-aizsargkrems-kajam-100-ml\/#breadcrumb","itemListElement":[{"@type":"ListItem","position":1,"name":"Home","item":"https:\/\/cosmetic.lv\/lv\/"},{"@type":"ListItem","position":2,"name":"Veikals","item":"https:\/\/cosmetic.lv\/lv\/veiklas\/"},{"@type":"ListItem","position":3,"name":"Talasso PODOS &#8212; Aizsargkr\u0113ms k\u0101j\u0101m 100 ml"}]},{"@type":"WebSite","@id":"https:\/\/cosmetic.lv\/lv\/#website","url":"https:\/\/cosmetic.lv\/lv\/","name":"cosmetic.lv","description":"Profesion\u0101la kosm\u0113tika - Maria Galland, Keune, Arkadija, GMT, Guam, Magiray","publisher":{"@id":"https:\/\/cosmetic.lv\/lv\/#organization"},"potentialAction":[{"@type":"SearchAction","target":{"@type":"EntryPoint","urlTemplate":"https:\/\/cosmetic.lv\/lv\/?s={search_term_string}"},"query-input":{"@type":"PropertyValueSpecification","valueRequired":true,"valueName":"search_term_string"}}],"inLanguage":"lv-LV"},{"@type":"Organization","@id":"https:\/\/cosmetic.lv\/lv\/#organization","name":"COSMETIC.LV","url":"https:\/\/cosmetic.lv\/lv\/","logo":{"@type":"ImageObject","inLanguage":"lv-LV","@id":"https:\/\/cosmetic.lv\/lv\/#\/schema\/logo\/image\/","url":"https:\/\/cosmetic.lv\/wp-content\/uploads\/2021\/02\/cosmetic.lv_logo.jpg","contentUrl":"https:\/\/cosmetic.lv\/wp-content\/uploads\/2021\/02\/cosmetic.lv_logo.jpg","width":596,"height":196,"caption":"COSMETIC.LV"},"image":{"@id":"https:\/\/cosmetic.lv\/lv\/#\/schema\/logo\/image\/"},"sameAs":["https:\/\/www.facebook.com\/cosmetic.lv\/"]}]},"product_price_amount":"17.14","product_price_currency":"EUR","og_availability":"instock","product_availability":"instock","product_retailer_item_id":"TSPS100","product_condition":"new"},"_links":{"self":[{"href":"https:\/\/cosmetic.lv\/lv\/wp-json\/wp\/v2\/product\/35527","targetHints":{"allow":["GET"]}}],"collection":[{"href":"https:\/\/cosmetic.lv\/lv\/wp-json\/wp\/v2\/product"}],"about":[{"href":"https:\/\/cosmetic.lv\/lv\/wp-json\/wp\/v2\/types\/product"}],"wp:featuredmedia":[{"embeddable":true,"href":"https:\/\/cosmetic.lv\/lv\/wp-json\/wp\/v2\/media\/35590"}],"wp:attachment":[{"href":"https:\/\/cosmetic.lv\/lv\/wp-json\/wp\/v2\/media?parent=35527"}],"wp:term":[{"taxonomy":"product_brand","embeddable":true,"href":"https:\/\/cosmetic.lv\/lv\/wp-json\/wp\/v2\/product_brand?post=35527"},{"taxonomy":"product_cat","embeddable":true,"href":"https:\/\/cosmetic.lv\/lv\/wp-json\/wp\/v2\/product_cat?post=35527"},{"taxonomy":"product_tag","embeddable":true,"href":"https:\/\/cosmetic.lv\/lv\/wp-json\/wp\/v2\/product_tag?post=35527"}],"curies":[{"name":"wp","href":"https:\/\/api.w.org\/{rel}","templated":true}]}}