{"id":35528,"date":"2021-02-13T16:57:02","date_gmt":"2021-02-13T14:51:16","guid":{"rendered":"https:\/\/damme.lv\/product\/guam-pretcelulita-nostiprinosa-zeleja-krems-250-ml\/"},"modified":"2021-12-02T21:37:12","modified_gmt":"2021-12-02T19:37:12","slug":"guam-pretcelulita-nostiprinosa-zeleja-krems-250-ml","status":"publish","type":"product","link":"https:\/\/cosmetic.lv\/lv\/product\/guam-pretcelulita-nostiprinosa-zeleja-krems-250-ml\/","title":{"rendered":"GUAM &#8211; Pretcelul\u012bta nostiprino\u0161\u0101 \u017eeleja-kr\u0113ms 250 ml"},"content":{"rendered":"<p>GUAM &#8211; Pretcelul\u012bta nostiprino\u0161\u0101 \u017eeleja-kr\u0113ms 250 ml Piem\u012btot augstai uzs\u016bksan\u0101s sp\u0113jai, savelk \u0101du, atjauno t\u0101s elast\u012bgumu un svaigumu, aktiviz\u0113 \u0101das \u0161\u016bnu vielmai\u0146as procesus. T\u0101s sast\u0101vda\u013c\u0101m piem\u012bt pretcelul\u012bta, diur\u0113tiskas un mitrinosas \u012bpa\u0161\u012bbas. Paildzina pretcelul\u012bta maskas Fanghi d?Alga GUAM iedarb\u012bbu. Lieto\u0161anas pam\u0101c\u012bba. Uzkl\u0101t uz celul\u012bta skartaj\u0101m zon\u0101m prepar\u0101tu un iemas\u0113t to, l\u012bdz tas piln\u012bgi uzs\u016bcas. Vislab\u0101ko rezult\u0101tu sasniegsanai iesak\u0101m ikdienas lietosanu.<\/p>\n<p>&nbsp;<\/p>\n","protected":false},"excerpt":{"rendered":"<p>GUAM &#8211; Pretcelul\u012bta nostiprino\u0161\u0101 \u017eeleja-kr\u0113ms 250 ml Piem\u012btot augstai uzs\u016bksan\u0101s sp\u0113jai, savelk \u0101du, atjauno t\u0101s elast\u012bgumu un svaigumu, aktiviz\u0113 \u0101das<\/p>\n","protected":false},"featured_media":35592,"template":"","meta":[],"product_brand":[],"product_cat":[2415,2413,2273],"product_tag":[],"class_list":{"0":"post-35528","1":"product","2":"type-product","3":"status-publish","4":"has-post-thumbnail","6":"product_cat-fanghi-dalga-guam-lv","7":"product_cat-guam-lv","8":"product_cat-profesionala-kosmetika-sejai-un-kermenim-lv","10":"first","11":"instock","12":"featured","13":"taxable","14":"shipping-taxable","15":"purchasable","16":"product-type-simple"},"yoast_head":"<!-- This site is optimized with the Yoast SEO Premium plugin v27.0 (Yoast SEO v27.0) - https:\/\/yoast.com\/product\/yoast-seo-premium-wordpress\/ -->\n<title>GUAM - Pretcelul\u012bta nostiprino\u0161\u0101 \u017eeleja-kr\u0113ms 250 ml - cosmetic.lv<\/title>\n<meta name=\"robots\" content=\"index, follow, max-snippet:-1, max-image-preview:large, max-video-preview:-1\" \/>\n<link rel=\"canonical\" href=\"https:\/\/cosmetic.lv\/lv\/product\/guam-pretcelulita-nostiprinosa-zeleja-krems-250-ml\/\" \/>\n<meta property=\"og:locale\" content=\"lv_LV\" \/>\n<meta property=\"og:type\" content=\"article\" \/>\n<meta property=\"og:title\" content=\"GUAM - Pretcelul\u012bta nostiprino\u0161\u0101 \u017eeleja-kr\u0113ms 250 ml\" \/>\n<meta property=\"og:description\" content=\"GUAM &#8211; Pretcelul\u012bta nostiprino\u0161\u0101 \u017eeleja-kr\u0113ms 250 ml Piem\u012btot augstai uzs\u016bksan\u0101s sp\u0113jai, savelk \u0101du, atjauno t\u0101s elast\u012bgumu un svaigumu, aktiviz\u0113 \u0101das\" \/>\n<meta property=\"og:url\" content=\"https:\/\/cosmetic.lv\/lv\/product\/guam-pretcelulita-nostiprinosa-zeleja-krems-250-ml\/\" \/>\n<meta property=\"og:site_name\" content=\"cosmetic.lv\" \/>\n<meta property=\"article:publisher\" content=\"https:\/\/www.facebook.com\/cosmetic.lv\/\" \/>\n<meta property=\"article:modified_time\" content=\"2021-12-02T19:37:12+00:00\" \/>\n<meta property=\"og:image\" content=\"https:\/\/cosmetic.lv\/wp-content\/uploads\/2021\/02\/guam_gg250-500x500-2.jpg\" \/>\n\t<meta property=\"og:image:width\" content=\"500\" \/>\n\t<meta property=\"og:image:height\" content=\"500\" \/>\n\t<meta property=\"og:image:type\" content=\"image\/jpeg\" \/>\n<meta name=\"twitter:card\" content=\"summary_large_image\" \/>\n<script type=\"application\/ld+json\" class=\"yoast-schema-graph\">{\"@context\":\"https:\/\/schema.org\",\"@graph\":[{\"@type\":\"WebPage\",\"@id\":\"https:\/\/cosmetic.lv\/lv\/product\/guam-pretcelulita-nostiprinosa-zeleja-krems-250-ml\/\",\"url\":\"https:\/\/cosmetic.lv\/lv\/product\/guam-pretcelulita-nostiprinosa-zeleja-krems-250-ml\/\",\"name\":\"GUAM - Pretcelul\u012bta nostiprino\u0161\u0101 \u017eeleja-kr\u0113ms 250 ml - cosmetic.lv\",\"isPartOf\":{\"@id\":\"https:\/\/cosmetic.lv\/lv\/#website\"},\"primaryImageOfPage\":{\"@id\":\"https:\/\/cosmetic.lv\/lv\/product\/guam-pretcelulita-nostiprinosa-zeleja-krems-250-ml\/#primaryimage\"},\"image\":{\"@id\":\"https:\/\/cosmetic.lv\/lv\/product\/guam-pretcelulita-nostiprinosa-zeleja-krems-250-ml\/#primaryimage\"},\"thumbnailUrl\":\"https:\/\/cosmetic.lv\/wp-content\/uploads\/2021\/02\/guam_gg250-500x500-2.jpg\",\"datePublished\":\"2021-02-13T14:51:16+00:00\",\"dateModified\":\"2021-12-02T19:37:12+00:00\",\"breadcrumb\":{\"@id\":\"https:\/\/cosmetic.lv\/lv\/product\/guam-pretcelulita-nostiprinosa-zeleja-krems-250-ml\/#breadcrumb\"},\"inLanguage\":\"lv-LV\",\"potentialAction\":[{\"@type\":\"ReadAction\",\"target\":[\"https:\/\/cosmetic.lv\/lv\/product\/guam-pretcelulita-nostiprinosa-zeleja-krems-250-ml\/\"]}]},{\"@type\":\"ImageObject\",\"inLanguage\":\"lv-LV\",\"@id\":\"https:\/\/cosmetic.lv\/lv\/product\/guam-pretcelulita-nostiprinosa-zeleja-krems-250-ml\/#primaryimage\",\"url\":\"https:\/\/cosmetic.lv\/wp-content\/uploads\/2021\/02\/guam_gg250-500x500-2.jpg\",\"contentUrl\":\"https:\/\/cosmetic.lv\/wp-content\/uploads\/2021\/02\/guam_gg250-500x500-2.jpg\",\"width\":500,\"height\":500},{\"@type\":\"BreadcrumbList\",\"@id\":\"https:\/\/cosmetic.lv\/lv\/product\/guam-pretcelulita-nostiprinosa-zeleja-krems-250-ml\/#breadcrumb\",\"itemListElement\":[{\"@type\":\"ListItem\",\"position\":1,\"name\":\"Home\",\"item\":\"https:\/\/cosmetic.lv\/lv\/\"},{\"@type\":\"ListItem\",\"position\":2,\"name\":\"Veikals\",\"item\":\"https:\/\/cosmetic.lv\/lv\/veiklas\/\"},{\"@type\":\"ListItem\",\"position\":3,\"name\":\"GUAM &#8212; Pretcelul\u012bta nostiprino\u0161\u0101 \u017eeleja-kr\u0113ms 250 ml\"}]},{\"@type\":\"WebSite\",\"@id\":\"https:\/\/cosmetic.lv\/lv\/#website\",\"url\":\"https:\/\/cosmetic.lv\/lv\/\",\"name\":\"cosmetic.lv\",\"description\":\"Profesion\u0101la kosm\u0113tika - Maria Galland, Keune, Arkadija, GMT, Guam, Magiray\",\"publisher\":{\"@id\":\"https:\/\/cosmetic.lv\/lv\/#organization\"},\"potentialAction\":[{\"@type\":\"SearchAction\",\"target\":{\"@type\":\"EntryPoint\",\"urlTemplate\":\"https:\/\/cosmetic.lv\/lv\/?s={search_term_string}\"},\"query-input\":{\"@type\":\"PropertyValueSpecification\",\"valueRequired\":true,\"valueName\":\"search_term_string\"}}],\"inLanguage\":\"lv-LV\"},{\"@type\":\"Organization\",\"@id\":\"https:\/\/cosmetic.lv\/lv\/#organization\",\"name\":\"COSMETIC.LV\",\"url\":\"https:\/\/cosmetic.lv\/lv\/\",\"logo\":{\"@type\":\"ImageObject\",\"inLanguage\":\"lv-LV\",\"@id\":\"https:\/\/cosmetic.lv\/lv\/#\/schema\/logo\/image\/\",\"url\":\"https:\/\/cosmetic.lv\/wp-content\/uploads\/2021\/02\/cosmetic.lv_logo.jpg\",\"contentUrl\":\"https:\/\/cosmetic.lv\/wp-content\/uploads\/2021\/02\/cosmetic.lv_logo.jpg\",\"width\":596,\"height\":196,\"caption\":\"COSMETIC.LV\"},\"image\":{\"@id\":\"https:\/\/cosmetic.lv\/lv\/#\/schema\/logo\/image\/\"},\"sameAs\":[\"https:\/\/www.facebook.com\/cosmetic.lv\/\"]}]}<\/script>\n<meta property=\"product:price:amount\" content=\"26.72\" \/>\n<meta property=\"product:price:currency\" content=\"EUR\" \/>\n<meta property=\"og:availability\" content=\"instock\" \/>\n<meta property=\"product:availability\" content=\"instock\" \/>\n<meta property=\"product:retailer_item_id\" content=\"GG250\" \/>\n<meta property=\"product:condition\" content=\"new\" \/>\n<!-- \/ Yoast SEO Premium plugin. -->","yoast_head_json":{"title":"GUAM - Pretcelul\u012bta nostiprino\u0161\u0101 \u017eeleja-kr\u0113ms 250 ml - cosmetic.lv","robots":{"index":"index","follow":"follow","max-snippet":"max-snippet:-1","max-image-preview":"max-image-preview:large","max-video-preview":"max-video-preview:-1"},"canonical":"https:\/\/cosmetic.lv\/lv\/product\/guam-pretcelulita-nostiprinosa-zeleja-krems-250-ml\/","og_locale":"lv_LV","og_type":"article","og_title":"GUAM - Pretcelul\u012bta nostiprino\u0161\u0101 \u017eeleja-kr\u0113ms 250 ml","og_description":"GUAM &#8211; Pretcelul\u012bta nostiprino\u0161\u0101 \u017eeleja-kr\u0113ms 250 ml Piem\u012btot augstai uzs\u016bksan\u0101s sp\u0113jai, savelk \u0101du, atjauno t\u0101s elast\u012bgumu un svaigumu, aktiviz\u0113 \u0101das","og_url":"https:\/\/cosmetic.lv\/lv\/product\/guam-pretcelulita-nostiprinosa-zeleja-krems-250-ml\/","og_site_name":"cosmetic.lv","article_publisher":"https:\/\/www.facebook.com\/cosmetic.lv\/","article_modified_time":"2021-12-02T19:37:12+00:00","og_image":[{"width":500,"height":500,"url":"https:\/\/cosmetic.lv\/wp-content\/uploads\/2021\/02\/guam_gg250-500x500-2.jpg","type":"image\/jpeg"}],"twitter_card":"summary_large_image","schema":{"@context":"https:\/\/schema.org","@graph":[{"@type":"WebPage","@id":"https:\/\/cosmetic.lv\/lv\/product\/guam-pretcelulita-nostiprinosa-zeleja-krems-250-ml\/","url":"https:\/\/cosmetic.lv\/lv\/product\/guam-pretcelulita-nostiprinosa-zeleja-krems-250-ml\/","name":"GUAM - Pretcelul\u012bta nostiprino\u0161\u0101 \u017eeleja-kr\u0113ms 250 ml - cosmetic.lv","isPartOf":{"@id":"https:\/\/cosmetic.lv\/lv\/#website"},"primaryImageOfPage":{"@id":"https:\/\/cosmetic.lv\/lv\/product\/guam-pretcelulita-nostiprinosa-zeleja-krems-250-ml\/#primaryimage"},"image":{"@id":"https:\/\/cosmetic.lv\/lv\/product\/guam-pretcelulita-nostiprinosa-zeleja-krems-250-ml\/#primaryimage"},"thumbnailUrl":"https:\/\/cosmetic.lv\/wp-content\/uploads\/2021\/02\/guam_gg250-500x500-2.jpg","datePublished":"2021-02-13T14:51:16+00:00","dateModified":"2021-12-02T19:37:12+00:00","breadcrumb":{"@id":"https:\/\/cosmetic.lv\/lv\/product\/guam-pretcelulita-nostiprinosa-zeleja-krems-250-ml\/#breadcrumb"},"inLanguage":"lv-LV","potentialAction":[{"@type":"ReadAction","target":["https:\/\/cosmetic.lv\/lv\/product\/guam-pretcelulita-nostiprinosa-zeleja-krems-250-ml\/"]}]},{"@type":"ImageObject","inLanguage":"lv-LV","@id":"https:\/\/cosmetic.lv\/lv\/product\/guam-pretcelulita-nostiprinosa-zeleja-krems-250-ml\/#primaryimage","url":"https:\/\/cosmetic.lv\/wp-content\/uploads\/2021\/02\/guam_gg250-500x500-2.jpg","contentUrl":"https:\/\/cosmetic.lv\/wp-content\/uploads\/2021\/02\/guam_gg250-500x500-2.jpg","width":500,"height":500},{"@type":"BreadcrumbList","@id":"https:\/\/cosmetic.lv\/lv\/product\/guam-pretcelulita-nostiprinosa-zeleja-krems-250-ml\/#breadcrumb","itemListElement":[{"@type":"ListItem","position":1,"name":"Home","item":"https:\/\/cosmetic.lv\/lv\/"},{"@type":"ListItem","position":2,"name":"Veikals","item":"https:\/\/cosmetic.lv\/lv\/veiklas\/"},{"@type":"ListItem","position":3,"name":"GUAM &#8212; Pretcelul\u012bta nostiprino\u0161\u0101 \u017eeleja-kr\u0113ms 250 ml"}]},{"@type":"WebSite","@id":"https:\/\/cosmetic.lv\/lv\/#website","url":"https:\/\/cosmetic.lv\/lv\/","name":"cosmetic.lv","description":"Profesion\u0101la kosm\u0113tika - Maria Galland, Keune, Arkadija, GMT, Guam, Magiray","publisher":{"@id":"https:\/\/cosmetic.lv\/lv\/#organization"},"potentialAction":[{"@type":"SearchAction","target":{"@type":"EntryPoint","urlTemplate":"https:\/\/cosmetic.lv\/lv\/?s={search_term_string}"},"query-input":{"@type":"PropertyValueSpecification","valueRequired":true,"valueName":"search_term_string"}}],"inLanguage":"lv-LV"},{"@type":"Organization","@id":"https:\/\/cosmetic.lv\/lv\/#organization","name":"COSMETIC.LV","url":"https:\/\/cosmetic.lv\/lv\/","logo":{"@type":"ImageObject","inLanguage":"lv-LV","@id":"https:\/\/cosmetic.lv\/lv\/#\/schema\/logo\/image\/","url":"https:\/\/cosmetic.lv\/wp-content\/uploads\/2021\/02\/cosmetic.lv_logo.jpg","contentUrl":"https:\/\/cosmetic.lv\/wp-content\/uploads\/2021\/02\/cosmetic.lv_logo.jpg","width":596,"height":196,"caption":"COSMETIC.LV"},"image":{"@id":"https:\/\/cosmetic.lv\/lv\/#\/schema\/logo\/image\/"},"sameAs":["https:\/\/www.facebook.com\/cosmetic.lv\/"]}]},"product_price_amount":"26.72","product_price_currency":"EUR","og_availability":"instock","product_availability":"instock","product_retailer_item_id":"GG250","product_condition":"new"},"_links":{"self":[{"href":"https:\/\/cosmetic.lv\/lv\/wp-json\/wp\/v2\/product\/35528","targetHints":{"allow":["GET"]}}],"collection":[{"href":"https:\/\/cosmetic.lv\/lv\/wp-json\/wp\/v2\/product"}],"about":[{"href":"https:\/\/cosmetic.lv\/lv\/wp-json\/wp\/v2\/types\/product"}],"wp:featuredmedia":[{"embeddable":true,"href":"https:\/\/cosmetic.lv\/lv\/wp-json\/wp\/v2\/media\/35592"}],"wp:attachment":[{"href":"https:\/\/cosmetic.lv\/lv\/wp-json\/wp\/v2\/media?parent=35528"}],"wp:term":[{"taxonomy":"product_brand","embeddable":true,"href":"https:\/\/cosmetic.lv\/lv\/wp-json\/wp\/v2\/product_brand?post=35528"},{"taxonomy":"product_cat","embeddable":true,"href":"https:\/\/cosmetic.lv\/lv\/wp-json\/wp\/v2\/product_cat?post=35528"},{"taxonomy":"product_tag","embeddable":true,"href":"https:\/\/cosmetic.lv\/lv\/wp-json\/wp\/v2\/product_tag?post=35528"}],"curies":[{"name":"wp","href":"https:\/\/api.w.org\/{rel}","templated":true}]}}