{"id":35534,"date":"2021-02-13T16:57:18","date_gmt":"2021-02-13T14:51:23","guid":{"rendered":"https:\/\/damme.lv\/product\/guam-fanghi-dalga-pretcelulita-maska-no-algem-500-g\/"},"modified":"2021-02-13T16:51:24","modified_gmt":"2021-02-13T14:51:24","slug":"guam-fanghi-dalga-pretcelulita-maska-no-algem-500-g","status":"publish","type":"product","link":"https:\/\/cosmetic.lv\/lv\/product\/guam-fanghi-dalga-pretcelulita-maska-no-algem-500-g\/","title":{"rendered":"GUAM Fanghi d&#8217;Alga &#8211; Pretcelul\u012bta maska no a\u013c\u0123\u0113m, 500 g"},"content":{"rendered":"<p><!DOCTYPE html PUBLIC &quot;-\/\/W3C\/\/DTD XHTML 1.0 Transitional\/\/EN&quot; &quot;http:\/\/www.w3.org\/TR\/xhtml1\/DTD\/xhtml1-transitional.dtd&quot;><br \/>\n<html><br \/>\n<head><br \/>\n<title>Untitled document<\/title><br \/>\n<\/head><br \/>\n<body><\/p>\n<p>GUAM Fanghi d&#8217;Alga &#8211; Pretcelul\u012bta maska no a\u013c\u0123\u0113m, 500 g  Efekt\u012bvs un piln\u012bgi dabisks produkts ar unik\u0101l\u0101m \u012bpa&scaron;\u012bb\u0101m. T\u016bl\u012bt\u0113js  efekts p\u0113c pirm\u0101s lieto&scaron;anas reizes. Ieteicamais kurss tikai 10-12  proced\u016bras 4 ned\u0113\u013cu laik\u0101. Rezult\u0101ti: iev\u0113rojami izl\u012bdzin\u0101s \u0101das  reljefs, atjaunojas \u0101das tvirtums un elast\u012bba, gurnu apk\u0101rtm\u0113rs  samazin\u0101s no 3 l\u012bdz 5 cm. Akt\u012bvie komponenti: sasmalcin\u0101tas j\u016bras a\u013c\u0123es GUAM, a\u013c\u0123u fitoekstrakts,  m\u0101ls, efejas fitoekstrakts, zirgkasta\u0146a ekstrakts, kosas ekstrakts,  citrona \u0113terisk\u0101 e\u013c\u013ca, raudenes \u0113terisk\u0101 e\u013c\u013ca. Lieto&scaron;anas pam\u0101c\u012bba. Pirms lieto&scaron;anas r\u016bp\u012bgi samais\u012bt. Ar viegl\u0101m  mas\u0113jo&scaron;\u0101m kust\u012bb\u0101m uzkl\u0101t uz \u0101das, cie&scaron;i apt\u012bt ar pl\u0113vi (ieteicams  izmantot rulona p\u0101rtikas pl\u0113vi) un nogaid\u012bt 45 min. No\u0146emt pl\u0113vi un  nomazg\u0101t masku ar \u016bdeni. Dedzin\u0101&scaron;anas saj\u016bta proced\u016bras laik\u0101 un neliels  \u0101das aps\u0101rtums p\u0113c proced\u016bras ir norm\u0101la par\u0101d\u012bba. Iet\u012b&scaron;anas rezult\u0101tus  nostiprin\u0101t ar stiprino&scaron;o gelu GUAM. Lieto&scaron;anas kurss: pirm\u0101s tr\u012bs proced\u016bras atk\u0101rtot katru dienu, p\u0113c tam  reizi tr\u012bs dien\u0101s. Kop\u0101 10-12 proced\u016bras. V\u0113l\u0101k pietiek ar vienu  atbalsta lieto&scaron;anas reizi ned\u0113\u013c\u0101.<\/p>\n<p><\/body><br \/>\n<\/html><\/p>\n","protected":false},"excerpt":{"rendered":"<p>Untitled document GUAM Fanghi d&#8217;Alga &#8211; Pretcelul\u012bta maska no a\u013c\u0123\u0113m, 500 g Efekt\u012bvs un piln\u012bgi dabisks produkts ar unik\u0101l\u0101m \u012bpa&scaron;\u012bb\u0101m.<\/p>\n","protected":false},"featured_media":35600,"template":"","meta":[],"product_brand":[],"product_cat":[2415,2413,2273],"product_tag":[],"class_list":{"0":"post-35534","1":"product","2":"type-product","3":"status-publish","4":"has-post-thumbnail","6":"product_cat-fanghi-dalga-guam-lv","7":"product_cat-guam-lv","8":"product_cat-profesionala-kosmetika-sejai-un-kermenim-lv","10":"first","11":"instock","12":"featured","13":"taxable","14":"shipping-taxable","15":"purchasable","16":"product-type-simple"},"yoast_head":"<!-- This site is optimized with the Yoast SEO Premium plugin v27.0 (Yoast SEO v27.0) - https:\/\/yoast.com\/product\/yoast-seo-premium-wordpress\/ -->\n<title>GUAM Fanghi d&#039;Alga - Pretcelul\u012bta maska no a\u013c\u0123\u0113m, 500 g - cosmetic.lv<\/title>\n<meta name=\"robots\" content=\"index, follow, max-snippet:-1, max-image-preview:large, max-video-preview:-1\" \/>\n<link rel=\"canonical\" href=\"https:\/\/cosmetic.lv\/lv\/product\/guam-fanghi-dalga-pretcelulita-maska-no-algem-500-g\/\" \/>\n<meta property=\"og:locale\" content=\"lv_LV\" \/>\n<meta property=\"og:type\" content=\"article\" \/>\n<meta property=\"og:title\" content=\"GUAM Fanghi d&#039;Alga - Pretcelul\u012bta maska no a\u013c\u0123\u0113m, 500 g\" \/>\n<meta property=\"og:description\" content=\"Untitled document GUAM Fanghi d&#8217;Alga &#8211; Pretcelul\u012bta maska no a\u013c\u0123\u0113m, 500 g Efekt\u012bvs un piln\u012bgi dabisks produkts ar unik\u0101l\u0101m \u012bpa&scaron;\u012bb\u0101m.\" \/>\n<meta property=\"og:url\" content=\"https:\/\/cosmetic.lv\/lv\/product\/guam-fanghi-dalga-pretcelulita-maska-no-algem-500-g\/\" \/>\n<meta property=\"og:site_name\" content=\"cosmetic.lv\" \/>\n<meta property=\"article:publisher\" content=\"https:\/\/www.facebook.com\/cosmetic.lv\/\" \/>\n<meta property=\"article:modified_time\" content=\"2021-02-13T14:51:24+00:00\" \/>\n<meta property=\"og:image\" content=\"https:\/\/cosmetic.lv\/wp-content\/uploads\/2021\/02\/guam_gf500n-500x500-4.jpg\" \/>\n\t<meta property=\"og:image:width\" content=\"500\" \/>\n\t<meta property=\"og:image:height\" content=\"500\" \/>\n\t<meta property=\"og:image:type\" content=\"image\/jpeg\" \/>\n<meta name=\"twitter:card\" content=\"summary_large_image\" \/>\n<script type=\"application\/ld+json\" class=\"yoast-schema-graph\">{\"@context\":\"https:\/\/schema.org\",\"@graph\":[{\"@type\":\"WebPage\",\"@id\":\"https:\/\/cosmetic.lv\/lv\/product\/guam-fanghi-dalga-pretcelulita-maska-no-algem-500-g\/\",\"url\":\"https:\/\/cosmetic.lv\/lv\/product\/guam-fanghi-dalga-pretcelulita-maska-no-algem-500-g\/\",\"name\":\"GUAM Fanghi d'Alga - Pretcelul\u012bta maska no a\u013c\u0123\u0113m, 500 g - cosmetic.lv\",\"isPartOf\":{\"@id\":\"https:\/\/cosmetic.lv\/lv\/#website\"},\"primaryImageOfPage\":{\"@id\":\"https:\/\/cosmetic.lv\/lv\/product\/guam-fanghi-dalga-pretcelulita-maska-no-algem-500-g\/#primaryimage\"},\"image\":{\"@id\":\"https:\/\/cosmetic.lv\/lv\/product\/guam-fanghi-dalga-pretcelulita-maska-no-algem-500-g\/#primaryimage\"},\"thumbnailUrl\":\"https:\/\/cosmetic.lv\/wp-content\/uploads\/2021\/02\/guam_gf500n-500x500-4.jpg\",\"datePublished\":\"2021-02-13T14:51:23+00:00\",\"dateModified\":\"2021-02-13T14:51:24+00:00\",\"breadcrumb\":{\"@id\":\"https:\/\/cosmetic.lv\/lv\/product\/guam-fanghi-dalga-pretcelulita-maska-no-algem-500-g\/#breadcrumb\"},\"inLanguage\":\"lv-LV\",\"potentialAction\":[{\"@type\":\"ReadAction\",\"target\":[\"https:\/\/cosmetic.lv\/lv\/product\/guam-fanghi-dalga-pretcelulita-maska-no-algem-500-g\/\"]}]},{\"@type\":\"ImageObject\",\"inLanguage\":\"lv-LV\",\"@id\":\"https:\/\/cosmetic.lv\/lv\/product\/guam-fanghi-dalga-pretcelulita-maska-no-algem-500-g\/#primaryimage\",\"url\":\"https:\/\/cosmetic.lv\/wp-content\/uploads\/2021\/02\/guam_gf500n-500x500-4.jpg\",\"contentUrl\":\"https:\/\/cosmetic.lv\/wp-content\/uploads\/2021\/02\/guam_gf500n-500x500-4.jpg\",\"width\":500,\"height\":500},{\"@type\":\"BreadcrumbList\",\"@id\":\"https:\/\/cosmetic.lv\/lv\/product\/guam-fanghi-dalga-pretcelulita-maska-no-algem-500-g\/#breadcrumb\",\"itemListElement\":[{\"@type\":\"ListItem\",\"position\":1,\"name\":\"Home\",\"item\":\"https:\/\/cosmetic.lv\/lv\/\"},{\"@type\":\"ListItem\",\"position\":2,\"name\":\"Veikals\",\"item\":\"https:\/\/cosmetic.lv\/lv\/veiklas\/\"},{\"@type\":\"ListItem\",\"position\":3,\"name\":\"GUAM Fanghi d&#8217;Alga &#8212; Pretcelul\u012bta maska no a\u013c\u0123\u0113m, 500 g\"}]},{\"@type\":\"WebSite\",\"@id\":\"https:\/\/cosmetic.lv\/lv\/#website\",\"url\":\"https:\/\/cosmetic.lv\/lv\/\",\"name\":\"cosmetic.lv\",\"description\":\"Profesion\u0101la kosm\u0113tika - Maria Galland, Keune, Arkadija, GMT, Guam, Magiray\",\"publisher\":{\"@id\":\"https:\/\/cosmetic.lv\/lv\/#organization\"},\"potentialAction\":[{\"@type\":\"SearchAction\",\"target\":{\"@type\":\"EntryPoint\",\"urlTemplate\":\"https:\/\/cosmetic.lv\/lv\/?s={search_term_string}\"},\"query-input\":{\"@type\":\"PropertyValueSpecification\",\"valueRequired\":true,\"valueName\":\"search_term_string\"}}],\"inLanguage\":\"lv-LV\"},{\"@type\":\"Organization\",\"@id\":\"https:\/\/cosmetic.lv\/lv\/#organization\",\"name\":\"COSMETIC.LV\",\"url\":\"https:\/\/cosmetic.lv\/lv\/\",\"logo\":{\"@type\":\"ImageObject\",\"inLanguage\":\"lv-LV\",\"@id\":\"https:\/\/cosmetic.lv\/lv\/#\/schema\/logo\/image\/\",\"url\":\"https:\/\/cosmetic.lv\/wp-content\/uploads\/2021\/02\/cosmetic.lv_logo.jpg\",\"contentUrl\":\"https:\/\/cosmetic.lv\/wp-content\/uploads\/2021\/02\/cosmetic.lv_logo.jpg\",\"width\":596,\"height\":196,\"caption\":\"COSMETIC.LV\"},\"image\":{\"@id\":\"https:\/\/cosmetic.lv\/lv\/#\/schema\/logo\/image\/\"},\"sameAs\":[\"https:\/\/www.facebook.com\/cosmetic.lv\/\"]}]}<\/script>\n<meta property=\"product:price:amount\" content=\"44.00\" \/>\n<meta property=\"product:price:currency\" content=\"EUR\" \/>\n<meta property=\"og:availability\" content=\"instock\" \/>\n<meta property=\"product:availability\" content=\"instock\" \/>\n<meta property=\"product:retailer_item_id\" content=\"G0500\" \/>\n<meta property=\"product:condition\" content=\"new\" \/>\n<!-- \/ Yoast SEO Premium plugin. -->","yoast_head_json":{"title":"GUAM Fanghi d'Alga - Pretcelul\u012bta maska no a\u013c\u0123\u0113m, 500 g - cosmetic.lv","robots":{"index":"index","follow":"follow","max-snippet":"max-snippet:-1","max-image-preview":"max-image-preview:large","max-video-preview":"max-video-preview:-1"},"canonical":"https:\/\/cosmetic.lv\/lv\/product\/guam-fanghi-dalga-pretcelulita-maska-no-algem-500-g\/","og_locale":"lv_LV","og_type":"article","og_title":"GUAM Fanghi d'Alga - Pretcelul\u012bta maska no a\u013c\u0123\u0113m, 500 g","og_description":"Untitled document GUAM Fanghi d&#8217;Alga &#8211; Pretcelul\u012bta maska no a\u013c\u0123\u0113m, 500 g Efekt\u012bvs un piln\u012bgi dabisks produkts ar unik\u0101l\u0101m \u012bpa&scaron;\u012bb\u0101m.","og_url":"https:\/\/cosmetic.lv\/lv\/product\/guam-fanghi-dalga-pretcelulita-maska-no-algem-500-g\/","og_site_name":"cosmetic.lv","article_publisher":"https:\/\/www.facebook.com\/cosmetic.lv\/","article_modified_time":"2021-02-13T14:51:24+00:00","og_image":[{"width":500,"height":500,"url":"https:\/\/cosmetic.lv\/wp-content\/uploads\/2021\/02\/guam_gf500n-500x500-4.jpg","type":"image\/jpeg"}],"twitter_card":"summary_large_image","schema":{"@context":"https:\/\/schema.org","@graph":[{"@type":"WebPage","@id":"https:\/\/cosmetic.lv\/lv\/product\/guam-fanghi-dalga-pretcelulita-maska-no-algem-500-g\/","url":"https:\/\/cosmetic.lv\/lv\/product\/guam-fanghi-dalga-pretcelulita-maska-no-algem-500-g\/","name":"GUAM Fanghi d'Alga - Pretcelul\u012bta maska no a\u013c\u0123\u0113m, 500 g - cosmetic.lv","isPartOf":{"@id":"https:\/\/cosmetic.lv\/lv\/#website"},"primaryImageOfPage":{"@id":"https:\/\/cosmetic.lv\/lv\/product\/guam-fanghi-dalga-pretcelulita-maska-no-algem-500-g\/#primaryimage"},"image":{"@id":"https:\/\/cosmetic.lv\/lv\/product\/guam-fanghi-dalga-pretcelulita-maska-no-algem-500-g\/#primaryimage"},"thumbnailUrl":"https:\/\/cosmetic.lv\/wp-content\/uploads\/2021\/02\/guam_gf500n-500x500-4.jpg","datePublished":"2021-02-13T14:51:23+00:00","dateModified":"2021-02-13T14:51:24+00:00","breadcrumb":{"@id":"https:\/\/cosmetic.lv\/lv\/product\/guam-fanghi-dalga-pretcelulita-maska-no-algem-500-g\/#breadcrumb"},"inLanguage":"lv-LV","potentialAction":[{"@type":"ReadAction","target":["https:\/\/cosmetic.lv\/lv\/product\/guam-fanghi-dalga-pretcelulita-maska-no-algem-500-g\/"]}]},{"@type":"ImageObject","inLanguage":"lv-LV","@id":"https:\/\/cosmetic.lv\/lv\/product\/guam-fanghi-dalga-pretcelulita-maska-no-algem-500-g\/#primaryimage","url":"https:\/\/cosmetic.lv\/wp-content\/uploads\/2021\/02\/guam_gf500n-500x500-4.jpg","contentUrl":"https:\/\/cosmetic.lv\/wp-content\/uploads\/2021\/02\/guam_gf500n-500x500-4.jpg","width":500,"height":500},{"@type":"BreadcrumbList","@id":"https:\/\/cosmetic.lv\/lv\/product\/guam-fanghi-dalga-pretcelulita-maska-no-algem-500-g\/#breadcrumb","itemListElement":[{"@type":"ListItem","position":1,"name":"Home","item":"https:\/\/cosmetic.lv\/lv\/"},{"@type":"ListItem","position":2,"name":"Veikals","item":"https:\/\/cosmetic.lv\/lv\/veiklas\/"},{"@type":"ListItem","position":3,"name":"GUAM Fanghi d&#8217;Alga &#8212; Pretcelul\u012bta maska no a\u013c\u0123\u0113m, 500 g"}]},{"@type":"WebSite","@id":"https:\/\/cosmetic.lv\/lv\/#website","url":"https:\/\/cosmetic.lv\/lv\/","name":"cosmetic.lv","description":"Profesion\u0101la kosm\u0113tika - Maria Galland, Keune, Arkadija, GMT, Guam, Magiray","publisher":{"@id":"https:\/\/cosmetic.lv\/lv\/#organization"},"potentialAction":[{"@type":"SearchAction","target":{"@type":"EntryPoint","urlTemplate":"https:\/\/cosmetic.lv\/lv\/?s={search_term_string}"},"query-input":{"@type":"PropertyValueSpecification","valueRequired":true,"valueName":"search_term_string"}}],"inLanguage":"lv-LV"},{"@type":"Organization","@id":"https:\/\/cosmetic.lv\/lv\/#organization","name":"COSMETIC.LV","url":"https:\/\/cosmetic.lv\/lv\/","logo":{"@type":"ImageObject","inLanguage":"lv-LV","@id":"https:\/\/cosmetic.lv\/lv\/#\/schema\/logo\/image\/","url":"https:\/\/cosmetic.lv\/wp-content\/uploads\/2021\/02\/cosmetic.lv_logo.jpg","contentUrl":"https:\/\/cosmetic.lv\/wp-content\/uploads\/2021\/02\/cosmetic.lv_logo.jpg","width":596,"height":196,"caption":"COSMETIC.LV"},"image":{"@id":"https:\/\/cosmetic.lv\/lv\/#\/schema\/logo\/image\/"},"sameAs":["https:\/\/www.facebook.com\/cosmetic.lv\/"]}]},"product_price_amount":"44.00","product_price_currency":"EUR","og_availability":"instock","product_availability":"instock","product_retailer_item_id":"G0500","product_condition":"new"},"_links":{"self":[{"href":"https:\/\/cosmetic.lv\/lv\/wp-json\/wp\/v2\/product\/35534","targetHints":{"allow":["GET"]}}],"collection":[{"href":"https:\/\/cosmetic.lv\/lv\/wp-json\/wp\/v2\/product"}],"about":[{"href":"https:\/\/cosmetic.lv\/lv\/wp-json\/wp\/v2\/types\/product"}],"wp:featuredmedia":[{"embeddable":true,"href":"https:\/\/cosmetic.lv\/lv\/wp-json\/wp\/v2\/media\/35600"}],"wp:attachment":[{"href":"https:\/\/cosmetic.lv\/lv\/wp-json\/wp\/v2\/media?parent=35534"}],"wp:term":[{"taxonomy":"product_brand","embeddable":true,"href":"https:\/\/cosmetic.lv\/lv\/wp-json\/wp\/v2\/product_brand?post=35534"},{"taxonomy":"product_cat","embeddable":true,"href":"https:\/\/cosmetic.lv\/lv\/wp-json\/wp\/v2\/product_cat?post=35534"},{"taxonomy":"product_tag","embeddable":true,"href":"https:\/\/cosmetic.lv\/lv\/wp-json\/wp\/v2\/product_tag?post=35534"}],"curies":[{"name":"wp","href":"https:\/\/api.w.org\/{rel}","templated":true}]}}