{"id":35536,"date":"2021-02-13T16:57:18","date_gmt":"2021-02-13T14:51:23","guid":{"rendered":"https:\/\/damme.lv\/product\/pretcelulita-maska-auksta-formula-guam-artica-500-g\/"},"modified":"2021-12-02T21:54:02","modified_gmt":"2021-12-02T19:54:02","slug":"pretcelulita-maska-auksta-formula-guam-artica-500-g","status":"publish","type":"product","link":"https:\/\/cosmetic.lv\/lv\/product\/pretcelulita-maska-auksta-formula-guam-artica-500-g\/","title":{"rendered":"Pretcelul\u012bta maska &#8211; Aukst\u0101 formula, GUAM Artica \/ 500 g"},"content":{"rendered":"<p><span style=\"color: #1b1919; font-size: 24px;\">Pretcelul\u012bta maska &#8211; Aukst\u0101 formula, GUAM Artica \/ 500 g<\/span><\/p>\n<div id=\"&quot;tab-description&quot;\">\n<p><strong>ar arktiskaj\u0101m j\u016bras a\u013c\u0123\u0113m<\/strong><\/p>\n<p>Speci\u0101li rad\u012bta \u0137erme\u0146a l\u012bniju korekcijai un c\u012b\u0146ai pret celul\u012btu cilv\u0113kiem, kuri cie\u0161 no asinsvadu slim\u012bb\u0101m: kuperozes, varikoz\u0101m v\u0113n\u0101m, t\u016bsk\u0101m. Produkta formul\u0101 ietilpst augsta arktisko j\u016bras a\u013c\u0123u koncentr\u0101cija (21%), akt\u012bvi augu ekstrakti un \u0113terisk\u0101s e\u013c\u013cas, kam kopum\u0101 piem\u012bt efekt\u012bva lipol\u012btiska un atjaunojo\u0161a iedarb\u012bba. Nov\u0113r\u0161 smaguma saj\u016btu k\u0101j\u0101s.<\/p>\n<p><strong>Akt\u012bv\u0101s sast\u0101vda\u013cas:<\/strong> Guam j\u016bras a\u013c\u0123es (Ascophyllum nodosum, Fucus vesiculosus, Laminaria digitata), j\u016bras m\u0101li, citrona un raudenes \u0113terisk\u0101s e\u013c\u013cas, efejas un zirgkasta\u0146as ekstrakti, akt\u012bvs dzes\u0113jo\u0161s komplekss.<\/p>\n<p><strong>Lieto\u0161ana:<\/strong> Pirms lieto\u0161anas r\u016bp\u012bgi samais\u012bt. Uzkl\u0101t uz \u0101das viegl\u0101m, mas\u0113jo\u0161\u0101m kust\u012bb\u0101m, cie\u0161i not\u012bt ar pl\u0113vi no apak\u0161as uz aug\u0161u (ieteicams izmantot p\u0101rtikas pl\u0113ves rull\u012bti) un atst\u0101t uz 35 min\u016bt\u0113m. No\u0146emt pl\u0113vi un nomazg\u0101t maskas paliekas ar \u016bdeni. Aukstuma saj\u016bta proced\u016bras laik\u0101, k\u0101 ar\u012b viegls \u0101das aps\u0101rtums p\u0113c t\u0101s ir norm\u0101la par\u0101d\u012bba. Iet\u012b\u0161anas proced\u016bras nosl\u0113gum\u0101 uzkl\u0101t savelko\u0161u GUAM kr\u0113mveida gelu.<\/p>\n<p><strong>Lieto\u0161anas kurss:<\/strong> pirm\u0101s tr\u012bs proced\u016bras atk\u0101rtot katru dienu, p\u0113c tam \u2013 reizi tr\u012bs dien\u0101s. Pavisam kop\u0101 10\u201312 proced\u016bras. P\u0113c tam pietiks ar vienu uzturo\u0161u proced\u016bru ned\u0113\u013c\u0101.<\/p>\n<p>Dermatolo\u0123iski test\u0113ts. <strong>Nesatur:<\/strong> parab\u0113nus, silikonus, paraf\u012bnu, sint\u0113tisk\u0101s kr\u0101svielas, lanol\u012bnu, dz\u012bvnieku izcelsmes ingredientus.<\/p>\n<p><strong>Uzman\u012bbu!<\/strong> Tikai \u0101r\u012bgai lieto\u0161anai. Ner\u012bt un nelietot, ja ir aler\u0123ija pret jebkuru produkta sast\u0101vda\u013cu un\/vai \u0101da ir savainota vai iekaisusi. Uzglab\u0101t b\u0113rniem nepieejam\u0101s viet\u0101s. Nepie\u013caut produkta iek\u013c\u016b\u0161anu ac\u012bs.<\/p>\n<\/div>\n<p>&nbsp;<\/p>\n","protected":false},"excerpt":{"rendered":"<p>Pretcelul\u012bta maska &#8211; Aukst\u0101 formula, GUAM Artica \/ 500 g ar arktiskaj\u0101m j\u016bras a\u013c\u0123\u0113m Speci\u0101li rad\u012bta \u0137erme\u0146a l\u012bniju korekcijai un<\/p>\n","protected":false},"featured_media":35604,"template":"","meta":[],"product_brand":[],"product_cat":[2415,2413,2273],"product_tag":[],"class_list":{"0":"post-35536","1":"product","2":"type-product","3":"status-publish","4":"has-post-thumbnail","6":"product_cat-fanghi-dalga-guam-lv","7":"product_cat-guam-lv","8":"product_cat-profesionala-kosmetika-sejai-un-kermenim-lv","10":"first","11":"instock","12":"featured","13":"purchasable","14":"product-type-simple"},"yoast_head":"<!-- This site is optimized with the Yoast SEO Premium plugin v27.0 (Yoast SEO v27.0) - https:\/\/yoast.com\/product\/yoast-seo-premium-wordpress\/ -->\n<title>Pretcelul\u012bta maska - Aukst\u0101 formula, GUAM Artica \/ 500 g - cosmetic.lv<\/title>\n<meta name=\"robots\" content=\"index, follow, max-snippet:-1, max-image-preview:large, max-video-preview:-1\" \/>\n<link rel=\"canonical\" href=\"https:\/\/cosmetic.lv\/lv\/product\/pretcelulita-maska-auksta-formula-guam-artica-500-g\/\" \/>\n<meta property=\"og:locale\" content=\"lv_LV\" \/>\n<meta property=\"og:type\" content=\"article\" \/>\n<meta property=\"og:title\" content=\"Pretcelul\u012bta maska - Aukst\u0101 formula, GUAM Artica \/ 500 g\" \/>\n<meta property=\"og:description\" content=\"Pretcelul\u012bta maska &#8211; Aukst\u0101 formula, GUAM Artica \/ 500 g ar arktiskaj\u0101m j\u016bras a\u013c\u0123\u0113m Speci\u0101li rad\u012bta \u0137erme\u0146a l\u012bniju korekcijai un\" \/>\n<meta property=\"og:url\" content=\"https:\/\/cosmetic.lv\/lv\/product\/pretcelulita-maska-auksta-formula-guam-artica-500-g\/\" \/>\n<meta property=\"og:site_name\" content=\"cosmetic.lv\" \/>\n<meta property=\"article:publisher\" content=\"https:\/\/www.facebook.com\/cosmetic.lv\/\" \/>\n<meta property=\"article:modified_time\" content=\"2021-12-02T19:54:02+00:00\" \/>\n<meta property=\"og:image\" content=\"https:\/\/cosmetic.lv\/wp-content\/uploads\/2021\/02\/guam_alga_artica-800x800-2.jpg\" \/>\n\t<meta property=\"og:image:width\" content=\"800\" \/>\n\t<meta property=\"og:image:height\" content=\"800\" \/>\n\t<meta property=\"og:image:type\" content=\"image\/jpeg\" \/>\n<meta name=\"twitter:card\" content=\"summary_large_image\" \/>\n<script type=\"application\/ld+json\" class=\"yoast-schema-graph\">{\"@context\":\"https:\/\/schema.org\",\"@graph\":[{\"@type\":\"WebPage\",\"@id\":\"https:\/\/cosmetic.lv\/lv\/product\/pretcelulita-maska-auksta-formula-guam-artica-500-g\/\",\"url\":\"https:\/\/cosmetic.lv\/lv\/product\/pretcelulita-maska-auksta-formula-guam-artica-500-g\/\",\"name\":\"Pretcelul\u012bta maska - Aukst\u0101 formula, GUAM Artica \/ 500 g - cosmetic.lv\",\"isPartOf\":{\"@id\":\"https:\/\/cosmetic.lv\/lv\/#website\"},\"primaryImageOfPage\":{\"@id\":\"https:\/\/cosmetic.lv\/lv\/product\/pretcelulita-maska-auksta-formula-guam-artica-500-g\/#primaryimage\"},\"image\":{\"@id\":\"https:\/\/cosmetic.lv\/lv\/product\/pretcelulita-maska-auksta-formula-guam-artica-500-g\/#primaryimage\"},\"thumbnailUrl\":\"https:\/\/cosmetic.lv\/wp-content\/uploads\/2021\/02\/guam_alga_artica-800x800-2.jpg\",\"datePublished\":\"2021-02-13T14:51:23+00:00\",\"dateModified\":\"2021-12-02T19:54:02+00:00\",\"breadcrumb\":{\"@id\":\"https:\/\/cosmetic.lv\/lv\/product\/pretcelulita-maska-auksta-formula-guam-artica-500-g\/#breadcrumb\"},\"inLanguage\":\"lv-LV\",\"potentialAction\":[{\"@type\":\"ReadAction\",\"target\":[\"https:\/\/cosmetic.lv\/lv\/product\/pretcelulita-maska-auksta-formula-guam-artica-500-g\/\"]}]},{\"@type\":\"ImageObject\",\"inLanguage\":\"lv-LV\",\"@id\":\"https:\/\/cosmetic.lv\/lv\/product\/pretcelulita-maska-auksta-formula-guam-artica-500-g\/#primaryimage\",\"url\":\"https:\/\/cosmetic.lv\/wp-content\/uploads\/2021\/02\/guam_alga_artica-800x800-2.jpg\",\"contentUrl\":\"https:\/\/cosmetic.lv\/wp-content\/uploads\/2021\/02\/guam_alga_artica-800x800-2.jpg\",\"width\":800,\"height\":800},{\"@type\":\"BreadcrumbList\",\"@id\":\"https:\/\/cosmetic.lv\/lv\/product\/pretcelulita-maska-auksta-formula-guam-artica-500-g\/#breadcrumb\",\"itemListElement\":[{\"@type\":\"ListItem\",\"position\":1,\"name\":\"Home\",\"item\":\"https:\/\/cosmetic.lv\/lv\/\"},{\"@type\":\"ListItem\",\"position\":2,\"name\":\"Veikals\",\"item\":\"https:\/\/cosmetic.lv\/lv\/veiklas\/\"},{\"@type\":\"ListItem\",\"position\":3,\"name\":\"Pretcelul\u012bta maska &#8212; Aukst\u0101 formula, GUAM Artica \/ 500 g\"}]},{\"@type\":\"WebSite\",\"@id\":\"https:\/\/cosmetic.lv\/lv\/#website\",\"url\":\"https:\/\/cosmetic.lv\/lv\/\",\"name\":\"cosmetic.lv\",\"description\":\"Profesion\u0101la kosm\u0113tika - Maria Galland, Keune, Arkadija, GMT, Guam, Magiray\",\"publisher\":{\"@id\":\"https:\/\/cosmetic.lv\/lv\/#organization\"},\"potentialAction\":[{\"@type\":\"SearchAction\",\"target\":{\"@type\":\"EntryPoint\",\"urlTemplate\":\"https:\/\/cosmetic.lv\/lv\/?s={search_term_string}\"},\"query-input\":{\"@type\":\"PropertyValueSpecification\",\"valueRequired\":true,\"valueName\":\"search_term_string\"}}],\"inLanguage\":\"lv-LV\"},{\"@type\":\"Organization\",\"@id\":\"https:\/\/cosmetic.lv\/lv\/#organization\",\"name\":\"COSMETIC.LV\",\"url\":\"https:\/\/cosmetic.lv\/lv\/\",\"logo\":{\"@type\":\"ImageObject\",\"inLanguage\":\"lv-LV\",\"@id\":\"https:\/\/cosmetic.lv\/lv\/#\/schema\/logo\/image\/\",\"url\":\"https:\/\/cosmetic.lv\/wp-content\/uploads\/2021\/02\/cosmetic.lv_logo.jpg\",\"contentUrl\":\"https:\/\/cosmetic.lv\/wp-content\/uploads\/2021\/02\/cosmetic.lv_logo.jpg\",\"width\":596,\"height\":196,\"caption\":\"COSMETIC.LV\"},\"image\":{\"@id\":\"https:\/\/cosmetic.lv\/lv\/#\/schema\/logo\/image\/\"},\"sameAs\":[\"https:\/\/www.facebook.com\/cosmetic.lv\/\"]}]}<\/script>\n<meta property=\"product:price:amount\" content=\"39.32\" \/>\n<meta property=\"product:price:currency\" content=\"EUR\" \/>\n<meta property=\"og:availability\" content=\"instock\" \/>\n<meta property=\"product:availability\" content=\"instock\" \/>\n<meta property=\"product:retailer_item_id\" content=\"GFAR500\" \/>\n<meta property=\"product:condition\" content=\"new\" \/>\n<!-- \/ Yoast SEO Premium plugin. -->","yoast_head_json":{"title":"Pretcelul\u012bta maska - Aukst\u0101 formula, GUAM Artica \/ 500 g - cosmetic.lv","robots":{"index":"index","follow":"follow","max-snippet":"max-snippet:-1","max-image-preview":"max-image-preview:large","max-video-preview":"max-video-preview:-1"},"canonical":"https:\/\/cosmetic.lv\/lv\/product\/pretcelulita-maska-auksta-formula-guam-artica-500-g\/","og_locale":"lv_LV","og_type":"article","og_title":"Pretcelul\u012bta maska - Aukst\u0101 formula, GUAM Artica \/ 500 g","og_description":"Pretcelul\u012bta maska &#8211; Aukst\u0101 formula, GUAM Artica \/ 500 g ar arktiskaj\u0101m j\u016bras a\u013c\u0123\u0113m Speci\u0101li rad\u012bta \u0137erme\u0146a l\u012bniju korekcijai un","og_url":"https:\/\/cosmetic.lv\/lv\/product\/pretcelulita-maska-auksta-formula-guam-artica-500-g\/","og_site_name":"cosmetic.lv","article_publisher":"https:\/\/www.facebook.com\/cosmetic.lv\/","article_modified_time":"2021-12-02T19:54:02+00:00","og_image":[{"width":800,"height":800,"url":"https:\/\/cosmetic.lv\/wp-content\/uploads\/2021\/02\/guam_alga_artica-800x800-2.jpg","type":"image\/jpeg"}],"twitter_card":"summary_large_image","schema":{"@context":"https:\/\/schema.org","@graph":[{"@type":"WebPage","@id":"https:\/\/cosmetic.lv\/lv\/product\/pretcelulita-maska-auksta-formula-guam-artica-500-g\/","url":"https:\/\/cosmetic.lv\/lv\/product\/pretcelulita-maska-auksta-formula-guam-artica-500-g\/","name":"Pretcelul\u012bta maska - Aukst\u0101 formula, GUAM Artica \/ 500 g - cosmetic.lv","isPartOf":{"@id":"https:\/\/cosmetic.lv\/lv\/#website"},"primaryImageOfPage":{"@id":"https:\/\/cosmetic.lv\/lv\/product\/pretcelulita-maska-auksta-formula-guam-artica-500-g\/#primaryimage"},"image":{"@id":"https:\/\/cosmetic.lv\/lv\/product\/pretcelulita-maska-auksta-formula-guam-artica-500-g\/#primaryimage"},"thumbnailUrl":"https:\/\/cosmetic.lv\/wp-content\/uploads\/2021\/02\/guam_alga_artica-800x800-2.jpg","datePublished":"2021-02-13T14:51:23+00:00","dateModified":"2021-12-02T19:54:02+00:00","breadcrumb":{"@id":"https:\/\/cosmetic.lv\/lv\/product\/pretcelulita-maska-auksta-formula-guam-artica-500-g\/#breadcrumb"},"inLanguage":"lv-LV","potentialAction":[{"@type":"ReadAction","target":["https:\/\/cosmetic.lv\/lv\/product\/pretcelulita-maska-auksta-formula-guam-artica-500-g\/"]}]},{"@type":"ImageObject","inLanguage":"lv-LV","@id":"https:\/\/cosmetic.lv\/lv\/product\/pretcelulita-maska-auksta-formula-guam-artica-500-g\/#primaryimage","url":"https:\/\/cosmetic.lv\/wp-content\/uploads\/2021\/02\/guam_alga_artica-800x800-2.jpg","contentUrl":"https:\/\/cosmetic.lv\/wp-content\/uploads\/2021\/02\/guam_alga_artica-800x800-2.jpg","width":800,"height":800},{"@type":"BreadcrumbList","@id":"https:\/\/cosmetic.lv\/lv\/product\/pretcelulita-maska-auksta-formula-guam-artica-500-g\/#breadcrumb","itemListElement":[{"@type":"ListItem","position":1,"name":"Home","item":"https:\/\/cosmetic.lv\/lv\/"},{"@type":"ListItem","position":2,"name":"Veikals","item":"https:\/\/cosmetic.lv\/lv\/veiklas\/"},{"@type":"ListItem","position":3,"name":"Pretcelul\u012bta maska &#8212; Aukst\u0101 formula, GUAM Artica \/ 500 g"}]},{"@type":"WebSite","@id":"https:\/\/cosmetic.lv\/lv\/#website","url":"https:\/\/cosmetic.lv\/lv\/","name":"cosmetic.lv","description":"Profesion\u0101la kosm\u0113tika - Maria Galland, Keune, Arkadija, GMT, Guam, Magiray","publisher":{"@id":"https:\/\/cosmetic.lv\/lv\/#organization"},"potentialAction":[{"@type":"SearchAction","target":{"@type":"EntryPoint","urlTemplate":"https:\/\/cosmetic.lv\/lv\/?s={search_term_string}"},"query-input":{"@type":"PropertyValueSpecification","valueRequired":true,"valueName":"search_term_string"}}],"inLanguage":"lv-LV"},{"@type":"Organization","@id":"https:\/\/cosmetic.lv\/lv\/#organization","name":"COSMETIC.LV","url":"https:\/\/cosmetic.lv\/lv\/","logo":{"@type":"ImageObject","inLanguage":"lv-LV","@id":"https:\/\/cosmetic.lv\/lv\/#\/schema\/logo\/image\/","url":"https:\/\/cosmetic.lv\/wp-content\/uploads\/2021\/02\/cosmetic.lv_logo.jpg","contentUrl":"https:\/\/cosmetic.lv\/wp-content\/uploads\/2021\/02\/cosmetic.lv_logo.jpg","width":596,"height":196,"caption":"COSMETIC.LV"},"image":{"@id":"https:\/\/cosmetic.lv\/lv\/#\/schema\/logo\/image\/"},"sameAs":["https:\/\/www.facebook.com\/cosmetic.lv\/"]}]},"product_price_amount":"39.32","product_price_currency":"EUR","og_availability":"instock","product_availability":"instock","product_retailer_item_id":"GFAR500","product_condition":"new"},"_links":{"self":[{"href":"https:\/\/cosmetic.lv\/lv\/wp-json\/wp\/v2\/product\/35536","targetHints":{"allow":["GET"]}}],"collection":[{"href":"https:\/\/cosmetic.lv\/lv\/wp-json\/wp\/v2\/product"}],"about":[{"href":"https:\/\/cosmetic.lv\/lv\/wp-json\/wp\/v2\/types\/product"}],"wp:featuredmedia":[{"embeddable":true,"href":"https:\/\/cosmetic.lv\/lv\/wp-json\/wp\/v2\/media\/35604"}],"wp:attachment":[{"href":"https:\/\/cosmetic.lv\/lv\/wp-json\/wp\/v2\/media?parent=35536"}],"wp:term":[{"taxonomy":"product_brand","embeddable":true,"href":"https:\/\/cosmetic.lv\/lv\/wp-json\/wp\/v2\/product_brand?post=35536"},{"taxonomy":"product_cat","embeddable":true,"href":"https:\/\/cosmetic.lv\/lv\/wp-json\/wp\/v2\/product_cat?post=35536"},{"taxonomy":"product_tag","embeddable":true,"href":"https:\/\/cosmetic.lv\/lv\/wp-json\/wp\/v2\/product_tag?post=35536"}],"curies":[{"name":"wp","href":"https:\/\/api.w.org\/{rel}","templated":true}]}}