{"id":35537,"date":"2021-02-13T16:57:18","date_gmt":"2021-02-13T14:51:23","guid":{"rendered":"https:\/\/damme.lv\/product\/modelejosa-maska-vederam-un-viduklim-guam-fir-500-g\/"},"modified":"2021-12-02T22:02:13","modified_gmt":"2021-12-02T20:02:13","slug":"modelejosa-maska-vederam-un-viduklim-guam-fir-500-g","status":"publish","type":"product","link":"https:\/\/cosmetic.lv\/lv\/product\/modelejosa-maska-vederam-un-viduklim-guam-fir-500-g\/","title":{"rendered":"Model\u0113jo\u0161a maska v\u0113deram un viduklim, GUAM Fir \/ 500 g"},"content":{"rendered":"<p><span style=\"color: #1b1919; font-size: 24px;\">Model\u0113jo\u0161a maska v\u0113deram un viduklim, GUAM Fir \/ 500 g<\/span><\/p>\n<div id=\"&quot;tab-description&quot;\">\n<p><strong>ar j\u016bras a\u013c\u0123\u0113m un FIR infrasarkano starojumu<\/strong><\/p>\n<p>Efekt\u012bvs un piln\u012bgi dab\u012bgs produkts ar unik\u0101l\u0101m \u012bpa\u0161\u012bb\u0101m. Samazina zem\u0101das tauku sl\u0101ni v\u0113dera un jostasvietas rajon\u0101, nov\u0113r\u0161 \u0101das \u013cenganumu, atjauno t\u0101s vingrumu un elast\u012bbu, samazina viduk\u013ca apjomu*. Maskas formula satur augstu j\u016bras a\u013c\u0123u koncentr\u0101ciju (21%), k\u0101 ar\u012b augsti akt\u012bvus augu ekstraktus un \u0113terisk\u0101s e\u013c\u013cas, kas kop\u0101 rada \u013coti efekt\u012bvu lipol\u012btisku un atjaunojo\u0161u efektu. Produkt\u0101 ietilpst ar\u012b l\u012bdz 53 mikroniem mikroniz\u0113ts melnais turmal\u012bns. Meln\u0101 turmal\u012bna mikrokrist\u0101li sp\u0113j uztvert cilv\u0113ka \u0137erme\u0146a siltumu un to atstarot k\u0101 t\u0101lo infrasarkano starojumu FIR (Far Infrared Rays). \u0160is starojums sasilda dzi\u013cos \u0101das sl\u0101\u0146us un labv\u0113l\u012bgi aktiviz\u0113 mikrocirkul\u0101ciju, kas savuk\u0101rt iev\u0113rojami palielina akt\u012bvo vielu absorbciju no j\u016bras a\u013c\u0123\u0113m un augu ekstraktiem \u0101das \u0161\u016bn\u0101s. Rezult\u0101t\u0101 palielin\u0101s proced\u016bru efektivit\u0101te.<br \/>\n*Apjoma samazin\u0101\u0161an\u0101s netiek piel\u012bdzin\u0101ta svara zudumam.<\/p>\n<p><strong>Akt\u012bv\u0101s sast\u0101vda\u013cas:<\/strong> melnais turmal\u012bns, GUAM j\u016bras a\u013c\u0123es, m\u0101ls, fuki, zirgkasta\u0146as un efejas fitoekstrakti, salvijas un citrona \u0113terisk\u0101s e\u013c\u013cas, esc\u012bns, kofe\u012bns, sildo\u0161s komplekss.<\/p>\n<p><strong>LIETO\u0160ANA: <\/strong>Pirms lieto\u0161anas k\u0101rt\u012bgi samais\u012bt. Viegl\u0101m, mas\u0113jo\u0161\u0101m kust\u012bb\u0101m uzkl\u0101t uz \u0101das un cie\u0161i apt\u012bt ar pl\u0113vi \u2013 no apak\u0161as uz aug\u0161u (ieteicams izmantot p\u0101rtikas pl\u0113vi) \u2013 un atst\u0101t uz 40 min\u016bt\u0113m. No\u0146emt pl\u0113vi un maskas atliekas nomazg\u0101t ar \u016bdeni. Siltuma un dedzin\u0101\u0161anas saj\u016bta proced\u016bras laik\u0101, k\u0101 ar\u012b viegls \u0101das aps\u0101rtums p\u0113c t\u0101s ir norm\u0101la par\u0101d\u012bba. Proced\u016bras nobeigum\u0101 ieziest \u0101du ar GUAM FIR nostiepjo\u0161o kr\u0113mu-gelu.<\/p>\n<p><strong>Lieto\u0161anas kurss:<\/strong> pirm\u0101s tr\u012bs proced\u016bras veikt katru dienu, p\u0113c tam \u2013 reizi tr\u012bs dien\u0101s. Pavisam kop\u0101 10-12 proced\u016bras. P\u0113c tam pietiks ar vienu uzturo\u0161u proced\u016bru ned\u0113\u013c\u0101.<\/p>\n<\/div>\n<p>&nbsp;<\/p>\n","protected":false},"excerpt":{"rendered":"<p>Model\u0113jo\u0161a maska v\u0113deram un viduklim, GUAM Fir \/ 500 g ar j\u016bras a\u013c\u0123\u0113m un FIR infrasarkano starojumu Efekt\u012bvs un piln\u012bgi<\/p>\n","protected":false},"featured_media":35606,"template":"","meta":[],"product_brand":[],"product_cat":[2415,2413,2273],"product_tag":[],"class_list":{"0":"post-35537","1":"product","2":"type-product","3":"status-publish","4":"has-post-thumbnail","6":"product_cat-fanghi-dalga-guam-lv","7":"product_cat-guam-lv","8":"product_cat-profesionala-kosmetika-sejai-un-kermenim-lv","10":"first","11":"instock","12":"featured","13":"taxable","14":"shipping-taxable","15":"purchasable","16":"product-type-simple"},"yoast_head":"<!-- This site is optimized with the Yoast SEO Premium plugin v27.0 (Yoast SEO v27.0) - https:\/\/yoast.com\/product\/yoast-seo-premium-wordpress\/ -->\n<title>Model\u0113jo\u0161a maska v\u0113deram un viduklim, GUAM Fir \/ 500 g - cosmetic.lv<\/title>\n<meta name=\"robots\" content=\"index, follow, max-snippet:-1, max-image-preview:large, max-video-preview:-1\" \/>\n<link rel=\"canonical\" href=\"https:\/\/cosmetic.lv\/lv\/product\/modelejosa-maska-vederam-un-viduklim-guam-fir-500-g\/\" \/>\n<meta property=\"og:locale\" content=\"lv_LV\" \/>\n<meta property=\"og:type\" content=\"article\" \/>\n<meta property=\"og:title\" content=\"Model\u0113jo\u0161a maska v\u0113deram un viduklim, GUAM Fir \/ 500 g\" \/>\n<meta property=\"og:description\" content=\"Model\u0113jo\u0161a maska v\u0113deram un viduklim, GUAM Fir \/ 500 g ar j\u016bras a\u013c\u0123\u0113m un FIR infrasarkano starojumu Efekt\u012bvs un piln\u012bgi\" \/>\n<meta property=\"og:url\" content=\"https:\/\/cosmetic.lv\/lv\/product\/modelejosa-maska-vederam-un-viduklim-guam-fir-500-g\/\" \/>\n<meta property=\"og:site_name\" content=\"cosmetic.lv\" \/>\n<meta property=\"article:publisher\" content=\"https:\/\/www.facebook.com\/cosmetic.lv\/\" \/>\n<meta property=\"article:modified_time\" content=\"2021-12-02T20:02:13+00:00\" \/>\n<meta property=\"og:image\" content=\"https:\/\/cosmetic.lv\/wp-content\/uploads\/2021\/02\/guam_fir_fgp500_ex-800x800-2.jpg\" \/>\n\t<meta property=\"og:image:width\" content=\"800\" \/>\n\t<meta property=\"og:image:height\" content=\"800\" \/>\n\t<meta property=\"og:image:type\" content=\"image\/jpeg\" \/>\n<meta name=\"twitter:card\" content=\"summary_large_image\" \/>\n<script type=\"application\/ld+json\" class=\"yoast-schema-graph\">{\"@context\":\"https:\/\/schema.org\",\"@graph\":[{\"@type\":\"WebPage\",\"@id\":\"https:\/\/cosmetic.lv\/lv\/product\/modelejosa-maska-vederam-un-viduklim-guam-fir-500-g\/\",\"url\":\"https:\/\/cosmetic.lv\/lv\/product\/modelejosa-maska-vederam-un-viduklim-guam-fir-500-g\/\",\"name\":\"Model\u0113jo\u0161a maska v\u0113deram un viduklim, GUAM Fir \/ 500 g - cosmetic.lv\",\"isPartOf\":{\"@id\":\"https:\/\/cosmetic.lv\/lv\/#website\"},\"primaryImageOfPage\":{\"@id\":\"https:\/\/cosmetic.lv\/lv\/product\/modelejosa-maska-vederam-un-viduklim-guam-fir-500-g\/#primaryimage\"},\"image\":{\"@id\":\"https:\/\/cosmetic.lv\/lv\/product\/modelejosa-maska-vederam-un-viduklim-guam-fir-500-g\/#primaryimage\"},\"thumbnailUrl\":\"https:\/\/cosmetic.lv\/wp-content\/uploads\/2021\/02\/guam_fir_fgp500_ex-800x800-2.jpg\",\"datePublished\":\"2021-02-13T14:51:23+00:00\",\"dateModified\":\"2021-12-02T20:02:13+00:00\",\"breadcrumb\":{\"@id\":\"https:\/\/cosmetic.lv\/lv\/product\/modelejosa-maska-vederam-un-viduklim-guam-fir-500-g\/#breadcrumb\"},\"inLanguage\":\"lv-LV\",\"potentialAction\":[{\"@type\":\"ReadAction\",\"target\":[\"https:\/\/cosmetic.lv\/lv\/product\/modelejosa-maska-vederam-un-viduklim-guam-fir-500-g\/\"]}]},{\"@type\":\"ImageObject\",\"inLanguage\":\"lv-LV\",\"@id\":\"https:\/\/cosmetic.lv\/lv\/product\/modelejosa-maska-vederam-un-viduklim-guam-fir-500-g\/#primaryimage\",\"url\":\"https:\/\/cosmetic.lv\/wp-content\/uploads\/2021\/02\/guam_fir_fgp500_ex-800x800-2.jpg\",\"contentUrl\":\"https:\/\/cosmetic.lv\/wp-content\/uploads\/2021\/02\/guam_fir_fgp500_ex-800x800-2.jpg\",\"width\":800,\"height\":800},{\"@type\":\"BreadcrumbList\",\"@id\":\"https:\/\/cosmetic.lv\/lv\/product\/modelejosa-maska-vederam-un-viduklim-guam-fir-500-g\/#breadcrumb\",\"itemListElement\":[{\"@type\":\"ListItem\",\"position\":1,\"name\":\"Home\",\"item\":\"https:\/\/cosmetic.lv\/lv\/\"},{\"@type\":\"ListItem\",\"position\":2,\"name\":\"Veikals\",\"item\":\"https:\/\/cosmetic.lv\/lv\/veiklas\/\"},{\"@type\":\"ListItem\",\"position\":3,\"name\":\"Model\u0113jo\u0161a maska v\u0113deram un viduklim, GUAM Fir \/ 500 g\"}]},{\"@type\":\"WebSite\",\"@id\":\"https:\/\/cosmetic.lv\/lv\/#website\",\"url\":\"https:\/\/cosmetic.lv\/lv\/\",\"name\":\"cosmetic.lv\",\"description\":\"Profesion\u0101la kosm\u0113tika - Maria Galland, Keune, Arkadija, GMT, Guam, Magiray\",\"publisher\":{\"@id\":\"https:\/\/cosmetic.lv\/lv\/#organization\"},\"potentialAction\":[{\"@type\":\"SearchAction\",\"target\":{\"@type\":\"EntryPoint\",\"urlTemplate\":\"https:\/\/cosmetic.lv\/lv\/?s={search_term_string}\"},\"query-input\":{\"@type\":\"PropertyValueSpecification\",\"valueRequired\":true,\"valueName\":\"search_term_string\"}}],\"inLanguage\":\"lv-LV\"},{\"@type\":\"Organization\",\"@id\":\"https:\/\/cosmetic.lv\/lv\/#organization\",\"name\":\"COSMETIC.LV\",\"url\":\"https:\/\/cosmetic.lv\/lv\/\",\"logo\":{\"@type\":\"ImageObject\",\"inLanguage\":\"lv-LV\",\"@id\":\"https:\/\/cosmetic.lv\/lv\/#\/schema\/logo\/image\/\",\"url\":\"https:\/\/cosmetic.lv\/wp-content\/uploads\/2021\/02\/cosmetic.lv_logo.jpg\",\"contentUrl\":\"https:\/\/cosmetic.lv\/wp-content\/uploads\/2021\/02\/cosmetic.lv_logo.jpg\",\"width\":596,\"height\":196,\"caption\":\"COSMETIC.LV\"},\"image\":{\"@id\":\"https:\/\/cosmetic.lv\/lv\/#\/schema\/logo\/image\/\"},\"sameAs\":[\"https:\/\/www.facebook.com\/cosmetic.lv\/\"]}]}<\/script>\n<meta property=\"product:price:amount\" content=\"42.35\" \/>\n<meta property=\"product:price:currency\" content=\"EUR\" \/>\n<meta property=\"og:availability\" content=\"instock\" \/>\n<meta property=\"product:availability\" content=\"instock\" \/>\n<meta property=\"product:retailer_item_id\" content=\"FGP500\" \/>\n<meta property=\"product:condition\" content=\"new\" \/>\n<!-- \/ Yoast SEO Premium plugin. -->","yoast_head_json":{"title":"Model\u0113jo\u0161a maska v\u0113deram un viduklim, GUAM Fir \/ 500 g - cosmetic.lv","robots":{"index":"index","follow":"follow","max-snippet":"max-snippet:-1","max-image-preview":"max-image-preview:large","max-video-preview":"max-video-preview:-1"},"canonical":"https:\/\/cosmetic.lv\/lv\/product\/modelejosa-maska-vederam-un-viduklim-guam-fir-500-g\/","og_locale":"lv_LV","og_type":"article","og_title":"Model\u0113jo\u0161a maska v\u0113deram un viduklim, GUAM Fir \/ 500 g","og_description":"Model\u0113jo\u0161a maska v\u0113deram un viduklim, GUAM Fir \/ 500 g ar j\u016bras a\u013c\u0123\u0113m un FIR infrasarkano starojumu Efekt\u012bvs un piln\u012bgi","og_url":"https:\/\/cosmetic.lv\/lv\/product\/modelejosa-maska-vederam-un-viduklim-guam-fir-500-g\/","og_site_name":"cosmetic.lv","article_publisher":"https:\/\/www.facebook.com\/cosmetic.lv\/","article_modified_time":"2021-12-02T20:02:13+00:00","og_image":[{"width":800,"height":800,"url":"https:\/\/cosmetic.lv\/wp-content\/uploads\/2021\/02\/guam_fir_fgp500_ex-800x800-2.jpg","type":"image\/jpeg"}],"twitter_card":"summary_large_image","schema":{"@context":"https:\/\/schema.org","@graph":[{"@type":"WebPage","@id":"https:\/\/cosmetic.lv\/lv\/product\/modelejosa-maska-vederam-un-viduklim-guam-fir-500-g\/","url":"https:\/\/cosmetic.lv\/lv\/product\/modelejosa-maska-vederam-un-viduklim-guam-fir-500-g\/","name":"Model\u0113jo\u0161a maska v\u0113deram un viduklim, GUAM Fir \/ 500 g - cosmetic.lv","isPartOf":{"@id":"https:\/\/cosmetic.lv\/lv\/#website"},"primaryImageOfPage":{"@id":"https:\/\/cosmetic.lv\/lv\/product\/modelejosa-maska-vederam-un-viduklim-guam-fir-500-g\/#primaryimage"},"image":{"@id":"https:\/\/cosmetic.lv\/lv\/product\/modelejosa-maska-vederam-un-viduklim-guam-fir-500-g\/#primaryimage"},"thumbnailUrl":"https:\/\/cosmetic.lv\/wp-content\/uploads\/2021\/02\/guam_fir_fgp500_ex-800x800-2.jpg","datePublished":"2021-02-13T14:51:23+00:00","dateModified":"2021-12-02T20:02:13+00:00","breadcrumb":{"@id":"https:\/\/cosmetic.lv\/lv\/product\/modelejosa-maska-vederam-un-viduklim-guam-fir-500-g\/#breadcrumb"},"inLanguage":"lv-LV","potentialAction":[{"@type":"ReadAction","target":["https:\/\/cosmetic.lv\/lv\/product\/modelejosa-maska-vederam-un-viduklim-guam-fir-500-g\/"]}]},{"@type":"ImageObject","inLanguage":"lv-LV","@id":"https:\/\/cosmetic.lv\/lv\/product\/modelejosa-maska-vederam-un-viduklim-guam-fir-500-g\/#primaryimage","url":"https:\/\/cosmetic.lv\/wp-content\/uploads\/2021\/02\/guam_fir_fgp500_ex-800x800-2.jpg","contentUrl":"https:\/\/cosmetic.lv\/wp-content\/uploads\/2021\/02\/guam_fir_fgp500_ex-800x800-2.jpg","width":800,"height":800},{"@type":"BreadcrumbList","@id":"https:\/\/cosmetic.lv\/lv\/product\/modelejosa-maska-vederam-un-viduklim-guam-fir-500-g\/#breadcrumb","itemListElement":[{"@type":"ListItem","position":1,"name":"Home","item":"https:\/\/cosmetic.lv\/lv\/"},{"@type":"ListItem","position":2,"name":"Veikals","item":"https:\/\/cosmetic.lv\/lv\/veiklas\/"},{"@type":"ListItem","position":3,"name":"Model\u0113jo\u0161a maska v\u0113deram un viduklim, GUAM Fir \/ 500 g"}]},{"@type":"WebSite","@id":"https:\/\/cosmetic.lv\/lv\/#website","url":"https:\/\/cosmetic.lv\/lv\/","name":"cosmetic.lv","description":"Profesion\u0101la kosm\u0113tika - Maria Galland, Keune, Arkadija, GMT, Guam, Magiray","publisher":{"@id":"https:\/\/cosmetic.lv\/lv\/#organization"},"potentialAction":[{"@type":"SearchAction","target":{"@type":"EntryPoint","urlTemplate":"https:\/\/cosmetic.lv\/lv\/?s={search_term_string}"},"query-input":{"@type":"PropertyValueSpecification","valueRequired":true,"valueName":"search_term_string"}}],"inLanguage":"lv-LV"},{"@type":"Organization","@id":"https:\/\/cosmetic.lv\/lv\/#organization","name":"COSMETIC.LV","url":"https:\/\/cosmetic.lv\/lv\/","logo":{"@type":"ImageObject","inLanguage":"lv-LV","@id":"https:\/\/cosmetic.lv\/lv\/#\/schema\/logo\/image\/","url":"https:\/\/cosmetic.lv\/wp-content\/uploads\/2021\/02\/cosmetic.lv_logo.jpg","contentUrl":"https:\/\/cosmetic.lv\/wp-content\/uploads\/2021\/02\/cosmetic.lv_logo.jpg","width":596,"height":196,"caption":"COSMETIC.LV"},"image":{"@id":"https:\/\/cosmetic.lv\/lv\/#\/schema\/logo\/image\/"},"sameAs":["https:\/\/www.facebook.com\/cosmetic.lv\/"]}]},"product_price_amount":"42.35","product_price_currency":"EUR","og_availability":"instock","product_availability":"instock","product_retailer_item_id":"FGP500","product_condition":"new"},"_links":{"self":[{"href":"https:\/\/cosmetic.lv\/lv\/wp-json\/wp\/v2\/product\/35537","targetHints":{"allow":["GET"]}}],"collection":[{"href":"https:\/\/cosmetic.lv\/lv\/wp-json\/wp\/v2\/product"}],"about":[{"href":"https:\/\/cosmetic.lv\/lv\/wp-json\/wp\/v2\/types\/product"}],"wp:featuredmedia":[{"embeddable":true,"href":"https:\/\/cosmetic.lv\/lv\/wp-json\/wp\/v2\/media\/35606"}],"wp:attachment":[{"href":"https:\/\/cosmetic.lv\/lv\/wp-json\/wp\/v2\/media?parent=35537"}],"wp:term":[{"taxonomy":"product_brand","embeddable":true,"href":"https:\/\/cosmetic.lv\/lv\/wp-json\/wp\/v2\/product_brand?post=35537"},{"taxonomy":"product_cat","embeddable":true,"href":"https:\/\/cosmetic.lv\/lv\/wp-json\/wp\/v2\/product_cat?post=35537"},{"taxonomy":"product_tag","embeddable":true,"href":"https:\/\/cosmetic.lv\/lv\/wp-json\/wp\/v2\/product_tag?post=35537"}],"curies":[{"name":"wp","href":"https:\/\/api.w.org\/{rel}","templated":true}]}}