{"id":35539,"date":"2021-02-13T16:57:18","date_gmt":"2021-02-13T14:51:23","guid":{"rendered":"https:\/\/damme.lv\/product\/pretcelulita-maska-no-algem-jutigai-adai-ar-trausliem-kapilariem-guam-500-g\/"},"modified":"2021-12-02T21:55:08","modified_gmt":"2021-12-02T19:55:08","slug":"pretcelulita-maska-no-algem-jutigai-adai-ar-trausliem-kapilariem-guam-500-g","status":"publish","type":"product","link":"https:\/\/cosmetic.lv\/lv\/product\/pretcelulita-maska-no-algem-jutigai-adai-ar-trausliem-kapilariem-guam-500-g\/","title":{"rendered":"Pretcelul\u012bta maska no a\u013c\u0123\u0113m jut\u012bgai \u0101dai ar trausliem kapil\u0101riem, GUAM \/ 500 g"},"content":{"rendered":"<h2>Pretcelul\u012bta maska no a\u013c\u0123\u0113m jut\u012bgai \u0101dai ar trausliem kapil\u0101riem, GUAM \/ 500 g<\/h2>\n<p>Satur inovat\u012bvu lipol\u012btisku kompleksu Glicoxantine, kam ir divk\u0101r\u0161a iedarb\u012bba: tas samazina lok\u0101los tauku nogulsn\u0113jumus un nov\u0113r\u0161 celul\u012btu. Pateicoties akt\u012bvajiem komponentiem, prepar\u0101tam piem\u012bt antioksidanta iedarb\u012bba, tas pastiprina mikrocirkul\u0101ciju, sekm\u0113 starp\u0161\u016bnu \u0161\u0137idruma izvadi, nostiepj un izl\u012bdzina \u0101das reljefu, nostiprina asinsvadus un nodro\u0161ina ilgsto\u0161u \u0101das mitrin\u0101\u0161anu. Ide\u0101ls l\u012bdzeklis jut\u012bgai \u0101dai, ja ir probl\u0113mas ar k\u0101ju asinsvadiem.<br \/>\n<strong>Akt\u012bvie komponenti:<\/strong> GUAM j\u016bras a\u013c\u0123es, pretcelul\u012bta komplekss Glicoxantine (kofe\u012bns, teofil\u012bns, teobram\u012bns), hidroliz\u0113ti glikozaminoglik\u0101ni, meln\u0101s vistenes sula.<br \/>\n<strong>Lieto\u0161anas pam\u0101c\u012bba.<\/strong> Pirms lieto\u0161anas r\u016bp\u012bgi samais\u012bt. Ar viegl\u0101m mas\u0113jo\u0161\u0101m kust\u012bb\u0101m uzkl\u0101t uz \u0101das, cie\u0161i apt\u012bt ar pl\u0113vi (ieteicams izmantot rulona p\u0101rtikas pl\u0113vi) un nogaid\u012bt 45 min. No\u0146emt pl\u0113vi un nomazg\u0101t masku ar \u016bdeni. Pabeigt proced\u016bru, uzkl\u0101jot GUAM DUO l\u012bnijas gelu ar atsvaidzino\u0161u efektu pret k\u0101ju t\u016bsk\u0101m.<br \/>\n<strong>Lieto\u0161anas kurss.<\/strong> Pirm\u0101s tr\u012bs proced\u016bras atk\u0101rtot katru dienu, p\u0113c tam reizi tr\u012bs dien\u0101s. Kop\u0101 10-12 proced\u016bras. V\u0113l\u0101k pietiek ar vienu atbalsta lieto\u0161anas reizi ned\u0113\u013c\u0101.<\/p>\n<p>&nbsp;<\/p>\n","protected":false},"excerpt":{"rendered":"<p>Pretcelul\u012bta maska no a\u013c\u0123\u0113m jut\u012bgai \u0101dai ar trausliem kapil\u0101riem, GUAM \/ 500 g Satur inovat\u012bvu lipol\u012btisku kompleksu Glicoxantine, kam ir<\/p>\n","protected":false},"featured_media":35610,"template":"","meta":[],"product_brand":[],"product_cat":[2415,2413,2273],"product_tag":[],"class_list":{"0":"post-35539","1":"product","2":"type-product","3":"status-publish","4":"has-post-thumbnail","6":"product_cat-fanghi-dalga-guam-lv","7":"product_cat-guam-lv","8":"product_cat-profesionala-kosmetika-sejai-un-kermenim-lv","10":"first","11":"instock","12":"featured","13":"taxable","14":"shipping-taxable","15":"purchasable","16":"product-type-simple"},"yoast_head":"<!-- This site is optimized with the Yoast SEO Premium plugin v27.0 (Yoast SEO v27.0) - https:\/\/yoast.com\/product\/yoast-seo-premium-wordpress\/ -->\n<title>Pretcelul\u012bta maska no a\u013c\u0123\u0113m jut\u012bgai \u0101dai ar trausliem kapil\u0101riem, GUAM \/ 500 g - cosmetic.lv<\/title>\n<meta name=\"robots\" content=\"index, follow, max-snippet:-1, max-image-preview:large, max-video-preview:-1\" \/>\n<link rel=\"canonical\" href=\"https:\/\/cosmetic.lv\/lv\/product\/pretcelulita-maska-no-algem-jutigai-adai-ar-trausliem-kapilariem-guam-500-g\/\" \/>\n<meta property=\"og:locale\" content=\"lv_LV\" \/>\n<meta property=\"og:type\" content=\"article\" \/>\n<meta property=\"og:title\" content=\"Pretcelul\u012bta maska no a\u013c\u0123\u0113m jut\u012bgai \u0101dai ar trausliem kapil\u0101riem, GUAM \/ 500 g\" \/>\n<meta property=\"og:description\" content=\"Pretcelul\u012bta maska no a\u013c\u0123\u0113m jut\u012bgai \u0101dai ar trausliem kapil\u0101riem, GUAM \/ 500 g Satur inovat\u012bvu lipol\u012btisku kompleksu Glicoxantine, kam ir\" \/>\n<meta property=\"og:url\" content=\"https:\/\/cosmetic.lv\/lv\/product\/pretcelulita-maska-no-algem-jutigai-adai-ar-trausliem-kapilariem-guam-500-g\/\" \/>\n<meta property=\"og:site_name\" content=\"cosmetic.lv\" \/>\n<meta property=\"article:publisher\" content=\"https:\/\/www.facebook.com\/cosmetic.lv\/\" \/>\n<meta property=\"article:modified_time\" content=\"2021-12-02T19:55:08+00:00\" \/>\n<meta property=\"og:image\" content=\"https:\/\/cosmetic.lv\/wp-content\/uploads\/2021\/02\/guam_gs500-800x800-2.jpg\" \/>\n\t<meta property=\"og:image:width\" content=\"800\" \/>\n\t<meta property=\"og:image:height\" content=\"800\" \/>\n\t<meta property=\"og:image:type\" content=\"image\/jpeg\" \/>\n<meta name=\"twitter:card\" content=\"summary_large_image\" \/>\n<script type=\"application\/ld+json\" class=\"yoast-schema-graph\">{\"@context\":\"https:\/\/schema.org\",\"@graph\":[{\"@type\":\"WebPage\",\"@id\":\"https:\/\/cosmetic.lv\/lv\/product\/pretcelulita-maska-no-algem-jutigai-adai-ar-trausliem-kapilariem-guam-500-g\/\",\"url\":\"https:\/\/cosmetic.lv\/lv\/product\/pretcelulita-maska-no-algem-jutigai-adai-ar-trausliem-kapilariem-guam-500-g\/\",\"name\":\"Pretcelul\u012bta maska no a\u013c\u0123\u0113m jut\u012bgai \u0101dai ar trausliem kapil\u0101riem, GUAM \/ 500 g - cosmetic.lv\",\"isPartOf\":{\"@id\":\"https:\/\/cosmetic.lv\/lv\/#website\"},\"primaryImageOfPage\":{\"@id\":\"https:\/\/cosmetic.lv\/lv\/product\/pretcelulita-maska-no-algem-jutigai-adai-ar-trausliem-kapilariem-guam-500-g\/#primaryimage\"},\"image\":{\"@id\":\"https:\/\/cosmetic.lv\/lv\/product\/pretcelulita-maska-no-algem-jutigai-adai-ar-trausliem-kapilariem-guam-500-g\/#primaryimage\"},\"thumbnailUrl\":\"https:\/\/cosmetic.lv\/wp-content\/uploads\/2021\/02\/guam_gs500-800x800-2.jpg\",\"datePublished\":\"2021-02-13T14:51:23+00:00\",\"dateModified\":\"2021-12-02T19:55:08+00:00\",\"breadcrumb\":{\"@id\":\"https:\/\/cosmetic.lv\/lv\/product\/pretcelulita-maska-no-algem-jutigai-adai-ar-trausliem-kapilariem-guam-500-g\/#breadcrumb\"},\"inLanguage\":\"lv-LV\",\"potentialAction\":[{\"@type\":\"ReadAction\",\"target\":[\"https:\/\/cosmetic.lv\/lv\/product\/pretcelulita-maska-no-algem-jutigai-adai-ar-trausliem-kapilariem-guam-500-g\/\"]}]},{\"@type\":\"ImageObject\",\"inLanguage\":\"lv-LV\",\"@id\":\"https:\/\/cosmetic.lv\/lv\/product\/pretcelulita-maska-no-algem-jutigai-adai-ar-trausliem-kapilariem-guam-500-g\/#primaryimage\",\"url\":\"https:\/\/cosmetic.lv\/wp-content\/uploads\/2021\/02\/guam_gs500-800x800-2.jpg\",\"contentUrl\":\"https:\/\/cosmetic.lv\/wp-content\/uploads\/2021\/02\/guam_gs500-800x800-2.jpg\",\"width\":800,\"height\":800},{\"@type\":\"BreadcrumbList\",\"@id\":\"https:\/\/cosmetic.lv\/lv\/product\/pretcelulita-maska-no-algem-jutigai-adai-ar-trausliem-kapilariem-guam-500-g\/#breadcrumb\",\"itemListElement\":[{\"@type\":\"ListItem\",\"position\":1,\"name\":\"Home\",\"item\":\"https:\/\/cosmetic.lv\/lv\/\"},{\"@type\":\"ListItem\",\"position\":2,\"name\":\"Veikals\",\"item\":\"https:\/\/cosmetic.lv\/lv\/veiklas\/\"},{\"@type\":\"ListItem\",\"position\":3,\"name\":\"Pretcelul\u012bta maska no a\u013c\u0123\u0113m jut\u012bgai \u0101dai ar trausliem kapil\u0101riem, GUAM \/ 500 g\"}]},{\"@type\":\"WebSite\",\"@id\":\"https:\/\/cosmetic.lv\/lv\/#website\",\"url\":\"https:\/\/cosmetic.lv\/lv\/\",\"name\":\"cosmetic.lv\",\"description\":\"Profesion\u0101la kosm\u0113tika - Maria Galland, Keune, Arkadija, GMT, Guam, Magiray\",\"publisher\":{\"@id\":\"https:\/\/cosmetic.lv\/lv\/#organization\"},\"potentialAction\":[{\"@type\":\"SearchAction\",\"target\":{\"@type\":\"EntryPoint\",\"urlTemplate\":\"https:\/\/cosmetic.lv\/lv\/?s={search_term_string}\"},\"query-input\":{\"@type\":\"PropertyValueSpecification\",\"valueRequired\":true,\"valueName\":\"search_term_string\"}}],\"inLanguage\":\"lv-LV\"},{\"@type\":\"Organization\",\"@id\":\"https:\/\/cosmetic.lv\/lv\/#organization\",\"name\":\"COSMETIC.LV\",\"url\":\"https:\/\/cosmetic.lv\/lv\/\",\"logo\":{\"@type\":\"ImageObject\",\"inLanguage\":\"lv-LV\",\"@id\":\"https:\/\/cosmetic.lv\/lv\/#\/schema\/logo\/image\/\",\"url\":\"https:\/\/cosmetic.lv\/wp-content\/uploads\/2021\/02\/cosmetic.lv_logo.jpg\",\"contentUrl\":\"https:\/\/cosmetic.lv\/wp-content\/uploads\/2021\/02\/cosmetic.lv_logo.jpg\",\"width\":596,\"height\":196,\"caption\":\"COSMETIC.LV\"},\"image\":{\"@id\":\"https:\/\/cosmetic.lv\/lv\/#\/schema\/logo\/image\/\"},\"sameAs\":[\"https:\/\/www.facebook.com\/cosmetic.lv\/\"]}]}<\/script>\n<meta property=\"product:price:amount\" content=\"44.36\" \/>\n<meta property=\"product:price:currency\" content=\"EUR\" \/>\n<meta property=\"og:availability\" content=\"instock\" \/>\n<meta property=\"product:availability\" content=\"instock\" \/>\n<meta property=\"product:retailer_item_id\" content=\"7658d0dd31ff\" \/>\n<meta property=\"product:condition\" content=\"new\" \/>\n<!-- \/ Yoast SEO Premium plugin. -->","yoast_head_json":{"title":"Pretcelul\u012bta maska no a\u013c\u0123\u0113m jut\u012bgai \u0101dai ar trausliem kapil\u0101riem, GUAM \/ 500 g - cosmetic.lv","robots":{"index":"index","follow":"follow","max-snippet":"max-snippet:-1","max-image-preview":"max-image-preview:large","max-video-preview":"max-video-preview:-1"},"canonical":"https:\/\/cosmetic.lv\/lv\/product\/pretcelulita-maska-no-algem-jutigai-adai-ar-trausliem-kapilariem-guam-500-g\/","og_locale":"lv_LV","og_type":"article","og_title":"Pretcelul\u012bta maska no a\u013c\u0123\u0113m jut\u012bgai \u0101dai ar trausliem kapil\u0101riem, GUAM \/ 500 g","og_description":"Pretcelul\u012bta maska no a\u013c\u0123\u0113m jut\u012bgai \u0101dai ar trausliem kapil\u0101riem, GUAM \/ 500 g Satur inovat\u012bvu lipol\u012btisku kompleksu Glicoxantine, kam ir","og_url":"https:\/\/cosmetic.lv\/lv\/product\/pretcelulita-maska-no-algem-jutigai-adai-ar-trausliem-kapilariem-guam-500-g\/","og_site_name":"cosmetic.lv","article_publisher":"https:\/\/www.facebook.com\/cosmetic.lv\/","article_modified_time":"2021-12-02T19:55:08+00:00","og_image":[{"width":800,"height":800,"url":"https:\/\/cosmetic.lv\/wp-content\/uploads\/2021\/02\/guam_gs500-800x800-2.jpg","type":"image\/jpeg"}],"twitter_card":"summary_large_image","schema":{"@context":"https:\/\/schema.org","@graph":[{"@type":"WebPage","@id":"https:\/\/cosmetic.lv\/lv\/product\/pretcelulita-maska-no-algem-jutigai-adai-ar-trausliem-kapilariem-guam-500-g\/","url":"https:\/\/cosmetic.lv\/lv\/product\/pretcelulita-maska-no-algem-jutigai-adai-ar-trausliem-kapilariem-guam-500-g\/","name":"Pretcelul\u012bta maska no a\u013c\u0123\u0113m jut\u012bgai \u0101dai ar trausliem kapil\u0101riem, GUAM \/ 500 g - cosmetic.lv","isPartOf":{"@id":"https:\/\/cosmetic.lv\/lv\/#website"},"primaryImageOfPage":{"@id":"https:\/\/cosmetic.lv\/lv\/product\/pretcelulita-maska-no-algem-jutigai-adai-ar-trausliem-kapilariem-guam-500-g\/#primaryimage"},"image":{"@id":"https:\/\/cosmetic.lv\/lv\/product\/pretcelulita-maska-no-algem-jutigai-adai-ar-trausliem-kapilariem-guam-500-g\/#primaryimage"},"thumbnailUrl":"https:\/\/cosmetic.lv\/wp-content\/uploads\/2021\/02\/guam_gs500-800x800-2.jpg","datePublished":"2021-02-13T14:51:23+00:00","dateModified":"2021-12-02T19:55:08+00:00","breadcrumb":{"@id":"https:\/\/cosmetic.lv\/lv\/product\/pretcelulita-maska-no-algem-jutigai-adai-ar-trausliem-kapilariem-guam-500-g\/#breadcrumb"},"inLanguage":"lv-LV","potentialAction":[{"@type":"ReadAction","target":["https:\/\/cosmetic.lv\/lv\/product\/pretcelulita-maska-no-algem-jutigai-adai-ar-trausliem-kapilariem-guam-500-g\/"]}]},{"@type":"ImageObject","inLanguage":"lv-LV","@id":"https:\/\/cosmetic.lv\/lv\/product\/pretcelulita-maska-no-algem-jutigai-adai-ar-trausliem-kapilariem-guam-500-g\/#primaryimage","url":"https:\/\/cosmetic.lv\/wp-content\/uploads\/2021\/02\/guam_gs500-800x800-2.jpg","contentUrl":"https:\/\/cosmetic.lv\/wp-content\/uploads\/2021\/02\/guam_gs500-800x800-2.jpg","width":800,"height":800},{"@type":"BreadcrumbList","@id":"https:\/\/cosmetic.lv\/lv\/product\/pretcelulita-maska-no-algem-jutigai-adai-ar-trausliem-kapilariem-guam-500-g\/#breadcrumb","itemListElement":[{"@type":"ListItem","position":1,"name":"Home","item":"https:\/\/cosmetic.lv\/lv\/"},{"@type":"ListItem","position":2,"name":"Veikals","item":"https:\/\/cosmetic.lv\/lv\/veiklas\/"},{"@type":"ListItem","position":3,"name":"Pretcelul\u012bta maska no a\u013c\u0123\u0113m jut\u012bgai \u0101dai ar trausliem kapil\u0101riem, GUAM \/ 500 g"}]},{"@type":"WebSite","@id":"https:\/\/cosmetic.lv\/lv\/#website","url":"https:\/\/cosmetic.lv\/lv\/","name":"cosmetic.lv","description":"Profesion\u0101la kosm\u0113tika - Maria Galland, Keune, Arkadija, GMT, Guam, Magiray","publisher":{"@id":"https:\/\/cosmetic.lv\/lv\/#organization"},"potentialAction":[{"@type":"SearchAction","target":{"@type":"EntryPoint","urlTemplate":"https:\/\/cosmetic.lv\/lv\/?s={search_term_string}"},"query-input":{"@type":"PropertyValueSpecification","valueRequired":true,"valueName":"search_term_string"}}],"inLanguage":"lv-LV"},{"@type":"Organization","@id":"https:\/\/cosmetic.lv\/lv\/#organization","name":"COSMETIC.LV","url":"https:\/\/cosmetic.lv\/lv\/","logo":{"@type":"ImageObject","inLanguage":"lv-LV","@id":"https:\/\/cosmetic.lv\/lv\/#\/schema\/logo\/image\/","url":"https:\/\/cosmetic.lv\/wp-content\/uploads\/2021\/02\/cosmetic.lv_logo.jpg","contentUrl":"https:\/\/cosmetic.lv\/wp-content\/uploads\/2021\/02\/cosmetic.lv_logo.jpg","width":596,"height":196,"caption":"COSMETIC.LV"},"image":{"@id":"https:\/\/cosmetic.lv\/lv\/#\/schema\/logo\/image\/"},"sameAs":["https:\/\/www.facebook.com\/cosmetic.lv\/"]}]},"product_price_amount":"44.36","product_price_currency":"EUR","og_availability":"instock","product_availability":"instock","product_retailer_item_id":"7658d0dd31ff","product_condition":"new"},"_links":{"self":[{"href":"https:\/\/cosmetic.lv\/lv\/wp-json\/wp\/v2\/product\/35539","targetHints":{"allow":["GET"]}}],"collection":[{"href":"https:\/\/cosmetic.lv\/lv\/wp-json\/wp\/v2\/product"}],"about":[{"href":"https:\/\/cosmetic.lv\/lv\/wp-json\/wp\/v2\/types\/product"}],"wp:featuredmedia":[{"embeddable":true,"href":"https:\/\/cosmetic.lv\/lv\/wp-json\/wp\/v2\/media\/35610"}],"wp:attachment":[{"href":"https:\/\/cosmetic.lv\/lv\/wp-json\/wp\/v2\/media?parent=35539"}],"wp:term":[{"taxonomy":"product_brand","embeddable":true,"href":"https:\/\/cosmetic.lv\/lv\/wp-json\/wp\/v2\/product_brand?post=35539"},{"taxonomy":"product_cat","embeddable":true,"href":"https:\/\/cosmetic.lv\/lv\/wp-json\/wp\/v2\/product_cat?post=35539"},{"taxonomy":"product_tag","embeddable":true,"href":"https:\/\/cosmetic.lv\/lv\/wp-json\/wp\/v2\/product_tag?post=35539"}],"curies":[{"name":"wp","href":"https:\/\/api.w.org\/{rel}","templated":true}]}}