{"id":35541,"date":"2021-02-13T16:57:18","date_gmt":"2021-02-13T14:51:23","guid":{"rendered":"https:\/\/damme.lv\/product\/algu-maska-pret-tauku-nosedumiem-uz-vedera-un-vidukla-guam-500-g\/"},"modified":"2021-12-02T21:59:59","modified_gmt":"2021-12-02T19:59:59","slug":"algu-maska-pret-tauku-nosedumiem-uz-vedera-un-vidukla-guam-500-g","status":"publish","type":"product","link":"https:\/\/cosmetic.lv\/lv\/product\/algu-maska-pret-tauku-nosedumiem-uz-vedera-un-vidukla-guam-500-g\/","title":{"rendered":"A\u013c\u0123u maska pret tauku nos\u0113dumiem uz v\u0113dera un viduk\u013ca, GUAM \/ 500 g"},"content":{"rendered":"<p><span style=\"color: #1b1919; font-size: 24px;\">A\u013c\u0123u maska pret tauku nos\u0113dumiem uz v\u0113dera un viduk\u013ca, GUAM \/ 500 g<\/span><\/p>\n<div id=\"&quot;tab-description&quot;\">\n<p>Indik\u0101cijas: tauku nos\u0113dumi v\u0113dera un viduk\u013ca rajon\u0101, \u013cenganums un \u0101das reljefa boj\u0101jumi, celul\u012bts. Iedarb\u012bba. \u0160\u012bs maskas \u012bpa\u0161\u0101 formula efekt\u012bvi no\u0146em zem\u0101das tauku nos\u0113dumus un samazina \u0101das lipomatozo rajonu uz v\u0113dera un viduk\u013ca nepievilc\u012bgumu, pie\u0161\u0137irot \u0101das sl\u0101nim gludumu un elast\u012bbu. Pateicoties biolo\u0123iski akt\u012bvo vielu dzi\u013cai iek\u013c\u016b\u0161anai, aktiviz\u0113jas vielmai\u0146as procesi, kas veicina toks\u012bnu un tauku izvad\u012b\u0161anu, vienlaic\u012bgi pastiprin\u0101s mikrocirkul\u0101cija un normaliz\u0113jas limfas cirkul\u0101cija.<br \/>\n<strong>Akt\u012bvie komponenti:<\/strong> a\u013c\u0123es GUAM, m\u0101ls, br\u016bna\u013c\u0123es ekstrakts, efejas ekstrakts, zirgkasta\u0146a ekstrakts, citrona \u0113terisk\u0101 e\u013c\u013ca, raudenes \u0113terisk\u0101 e\u013c\u013ca, Escin.<br \/>\n<strong>Lieto\u0161anas pam\u0101c\u012bba.<\/strong> Pirms lieto\u0161anas r\u016bp\u012bgi samais\u012bt. Ar viegl\u0101m mas\u0113jo\u0161\u0101m kust\u012bb\u0101m uzkl\u0101t prepar\u0101tu uz celul\u012bta zon\u0101m. Apstr\u0101d\u0101t\u0101s \u0101das vietas cie\u0161i apt\u012bt ar pl\u0113vi (ieteicams izmantot rulona p\u0101rtikas pl\u0113vi), nogaid\u012bt 40 min. Nomazg\u0101t sast\u0101va atlikumu. Iet\u012b\u0161anas rezult\u0101tus nostiprin\u0101t ar stiprino\u0161o gelu GUAM.<br \/>\n<strong>Lieto\u0161anas kurss:<\/strong> pirm\u0101s tr\u012bs proced\u016bras atk\u0101rtot katru dienu, p\u0113c tam reizi tr\u012bs dien\u0101s. Kop\u0101 10-12 proced\u016bras. V\u0113l\u0101k pietiek ar vienu atbalsta lieto\u0161anas reizi ned\u0113\u013c\u0101.<\/p>\n<\/div>\n<p>&nbsp;<\/p>\n","protected":false},"excerpt":{"rendered":"<p>A\u013c\u0123u maska pret tauku nos\u0113dumiem uz v\u0113dera un viduk\u013ca, GUAM \/ 500 g Indik\u0101cijas: tauku nos\u0113dumi v\u0113dera un viduk\u013ca rajon\u0101,<\/p>\n","protected":false},"featured_media":35614,"template":"","meta":[],"product_brand":[],"product_cat":[2415,2413,2273],"product_tag":[],"class_list":{"0":"post-35541","1":"product","2":"type-product","3":"status-publish","4":"has-post-thumbnail","6":"product_cat-fanghi-dalga-guam-lv","7":"product_cat-guam-lv","8":"product_cat-profesionala-kosmetika-sejai-un-kermenim-lv","10":"first","11":"instock","12":"featured","13":"taxable","14":"shipping-taxable","15":"purchasable","16":"product-type-simple"},"yoast_head":"<!-- This site is optimized with the Yoast SEO Premium plugin v27.0 (Yoast SEO v27.0) - https:\/\/yoast.com\/product\/yoast-seo-premium-wordpress\/ -->\n<title>A\u013c\u0123u maska pret tauku nos\u0113dumiem uz v\u0113dera un viduk\u013ca, GUAM \/ 500 g - cosmetic.lv<\/title>\n<meta name=\"robots\" content=\"index, follow, max-snippet:-1, max-image-preview:large, max-video-preview:-1\" \/>\n<link rel=\"canonical\" href=\"https:\/\/cosmetic.lv\/lv\/product\/algu-maska-pret-tauku-nosedumiem-uz-vedera-un-vidukla-guam-500-g\/\" \/>\n<meta property=\"og:locale\" content=\"lv_LV\" \/>\n<meta property=\"og:type\" content=\"article\" \/>\n<meta property=\"og:title\" content=\"A\u013c\u0123u maska pret tauku nos\u0113dumiem uz v\u0113dera un viduk\u013ca, GUAM \/ 500 g\" \/>\n<meta property=\"og:description\" content=\"A\u013c\u0123u maska pret tauku nos\u0113dumiem uz v\u0113dera un viduk\u013ca, GUAM \/ 500 g Indik\u0101cijas: tauku nos\u0113dumi v\u0113dera un viduk\u013ca rajon\u0101,\" \/>\n<meta property=\"og:url\" content=\"https:\/\/cosmetic.lv\/lv\/product\/algu-maska-pret-tauku-nosedumiem-uz-vedera-un-vidukla-guam-500-g\/\" \/>\n<meta property=\"og:site_name\" content=\"cosmetic.lv\" \/>\n<meta property=\"article:publisher\" content=\"https:\/\/www.facebook.com\/cosmetic.lv\/\" \/>\n<meta property=\"article:modified_time\" content=\"2021-12-02T19:59:59+00:00\" \/>\n<meta property=\"og:image\" content=\"https:\/\/cosmetic.lv\/wp-content\/uploads\/2021\/02\/gp500_ex-800x800-2.jpg\" \/>\n\t<meta property=\"og:image:width\" content=\"800\" \/>\n\t<meta property=\"og:image:height\" content=\"800\" \/>\n\t<meta property=\"og:image:type\" content=\"image\/jpeg\" \/>\n<meta name=\"twitter:card\" content=\"summary_large_image\" \/>\n<script type=\"application\/ld+json\" class=\"yoast-schema-graph\">{\"@context\":\"https:\/\/schema.org\",\"@graph\":[{\"@type\":\"WebPage\",\"@id\":\"https:\/\/cosmetic.lv\/lv\/product\/algu-maska-pret-tauku-nosedumiem-uz-vedera-un-vidukla-guam-500-g\/\",\"url\":\"https:\/\/cosmetic.lv\/lv\/product\/algu-maska-pret-tauku-nosedumiem-uz-vedera-un-vidukla-guam-500-g\/\",\"name\":\"A\u013c\u0123u maska pret tauku nos\u0113dumiem uz v\u0113dera un viduk\u013ca, GUAM \/ 500 g - cosmetic.lv\",\"isPartOf\":{\"@id\":\"https:\/\/cosmetic.lv\/lv\/#website\"},\"primaryImageOfPage\":{\"@id\":\"https:\/\/cosmetic.lv\/lv\/product\/algu-maska-pret-tauku-nosedumiem-uz-vedera-un-vidukla-guam-500-g\/#primaryimage\"},\"image\":{\"@id\":\"https:\/\/cosmetic.lv\/lv\/product\/algu-maska-pret-tauku-nosedumiem-uz-vedera-un-vidukla-guam-500-g\/#primaryimage\"},\"thumbnailUrl\":\"https:\/\/cosmetic.lv\/wp-content\/uploads\/2021\/02\/gp500_ex-800x800-2.jpg\",\"datePublished\":\"2021-02-13T14:51:23+00:00\",\"dateModified\":\"2021-12-02T19:59:59+00:00\",\"breadcrumb\":{\"@id\":\"https:\/\/cosmetic.lv\/lv\/product\/algu-maska-pret-tauku-nosedumiem-uz-vedera-un-vidukla-guam-500-g\/#breadcrumb\"},\"inLanguage\":\"lv-LV\",\"potentialAction\":[{\"@type\":\"ReadAction\",\"target\":[\"https:\/\/cosmetic.lv\/lv\/product\/algu-maska-pret-tauku-nosedumiem-uz-vedera-un-vidukla-guam-500-g\/\"]}]},{\"@type\":\"ImageObject\",\"inLanguage\":\"lv-LV\",\"@id\":\"https:\/\/cosmetic.lv\/lv\/product\/algu-maska-pret-tauku-nosedumiem-uz-vedera-un-vidukla-guam-500-g\/#primaryimage\",\"url\":\"https:\/\/cosmetic.lv\/wp-content\/uploads\/2021\/02\/gp500_ex-800x800-2.jpg\",\"contentUrl\":\"https:\/\/cosmetic.lv\/wp-content\/uploads\/2021\/02\/gp500_ex-800x800-2.jpg\",\"width\":800,\"height\":800},{\"@type\":\"BreadcrumbList\",\"@id\":\"https:\/\/cosmetic.lv\/lv\/product\/algu-maska-pret-tauku-nosedumiem-uz-vedera-un-vidukla-guam-500-g\/#breadcrumb\",\"itemListElement\":[{\"@type\":\"ListItem\",\"position\":1,\"name\":\"Home\",\"item\":\"https:\/\/cosmetic.lv\/lv\/\"},{\"@type\":\"ListItem\",\"position\":2,\"name\":\"Veikals\",\"item\":\"https:\/\/cosmetic.lv\/lv\/veiklas\/\"},{\"@type\":\"ListItem\",\"position\":3,\"name\":\"A\u013c\u0123u maska pret tauku nos\u0113dumiem uz v\u0113dera un viduk\u013ca, GUAM \/ 500 g\"}]},{\"@type\":\"WebSite\",\"@id\":\"https:\/\/cosmetic.lv\/lv\/#website\",\"url\":\"https:\/\/cosmetic.lv\/lv\/\",\"name\":\"cosmetic.lv\",\"description\":\"Profesion\u0101la kosm\u0113tika - Maria Galland, Keune, Arkadija, GMT, Guam, Magiray\",\"publisher\":{\"@id\":\"https:\/\/cosmetic.lv\/lv\/#organization\"},\"potentialAction\":[{\"@type\":\"SearchAction\",\"target\":{\"@type\":\"EntryPoint\",\"urlTemplate\":\"https:\/\/cosmetic.lv\/lv\/?s={search_term_string}\"},\"query-input\":{\"@type\":\"PropertyValueSpecification\",\"valueRequired\":true,\"valueName\":\"search_term_string\"}}],\"inLanguage\":\"lv-LV\"},{\"@type\":\"Organization\",\"@id\":\"https:\/\/cosmetic.lv\/lv\/#organization\",\"name\":\"COSMETIC.LV\",\"url\":\"https:\/\/cosmetic.lv\/lv\/\",\"logo\":{\"@type\":\"ImageObject\",\"inLanguage\":\"lv-LV\",\"@id\":\"https:\/\/cosmetic.lv\/lv\/#\/schema\/logo\/image\/\",\"url\":\"https:\/\/cosmetic.lv\/wp-content\/uploads\/2021\/02\/cosmetic.lv_logo.jpg\",\"contentUrl\":\"https:\/\/cosmetic.lv\/wp-content\/uploads\/2021\/02\/cosmetic.lv_logo.jpg\",\"width\":596,\"height\":196,\"caption\":\"COSMETIC.LV\"},\"image\":{\"@id\":\"https:\/\/cosmetic.lv\/lv\/#\/schema\/logo\/image\/\"},\"sameAs\":[\"https:\/\/www.facebook.com\/cosmetic.lv\/\"]}]}<\/script>\n<meta property=\"product:price:amount\" content=\"39.32\" \/>\n<meta property=\"product:price:currency\" content=\"EUR\" \/>\n<meta property=\"og:availability\" content=\"instock\" \/>\n<meta property=\"product:availability\" content=\"instock\" \/>\n<meta property=\"product:retailer_item_id\" content=\"GP500\" \/>\n<meta property=\"product:condition\" content=\"new\" \/>\n<!-- \/ Yoast SEO Premium plugin. -->","yoast_head_json":{"title":"A\u013c\u0123u maska pret tauku nos\u0113dumiem uz v\u0113dera un viduk\u013ca, GUAM \/ 500 g - cosmetic.lv","robots":{"index":"index","follow":"follow","max-snippet":"max-snippet:-1","max-image-preview":"max-image-preview:large","max-video-preview":"max-video-preview:-1"},"canonical":"https:\/\/cosmetic.lv\/lv\/product\/algu-maska-pret-tauku-nosedumiem-uz-vedera-un-vidukla-guam-500-g\/","og_locale":"lv_LV","og_type":"article","og_title":"A\u013c\u0123u maska pret tauku nos\u0113dumiem uz v\u0113dera un viduk\u013ca, GUAM \/ 500 g","og_description":"A\u013c\u0123u maska pret tauku nos\u0113dumiem uz v\u0113dera un viduk\u013ca, GUAM \/ 500 g Indik\u0101cijas: tauku nos\u0113dumi v\u0113dera un viduk\u013ca rajon\u0101,","og_url":"https:\/\/cosmetic.lv\/lv\/product\/algu-maska-pret-tauku-nosedumiem-uz-vedera-un-vidukla-guam-500-g\/","og_site_name":"cosmetic.lv","article_publisher":"https:\/\/www.facebook.com\/cosmetic.lv\/","article_modified_time":"2021-12-02T19:59:59+00:00","og_image":[{"width":800,"height":800,"url":"https:\/\/cosmetic.lv\/wp-content\/uploads\/2021\/02\/gp500_ex-800x800-2.jpg","type":"image\/jpeg"}],"twitter_card":"summary_large_image","schema":{"@context":"https:\/\/schema.org","@graph":[{"@type":"WebPage","@id":"https:\/\/cosmetic.lv\/lv\/product\/algu-maska-pret-tauku-nosedumiem-uz-vedera-un-vidukla-guam-500-g\/","url":"https:\/\/cosmetic.lv\/lv\/product\/algu-maska-pret-tauku-nosedumiem-uz-vedera-un-vidukla-guam-500-g\/","name":"A\u013c\u0123u maska pret tauku nos\u0113dumiem uz v\u0113dera un viduk\u013ca, GUAM \/ 500 g - cosmetic.lv","isPartOf":{"@id":"https:\/\/cosmetic.lv\/lv\/#website"},"primaryImageOfPage":{"@id":"https:\/\/cosmetic.lv\/lv\/product\/algu-maska-pret-tauku-nosedumiem-uz-vedera-un-vidukla-guam-500-g\/#primaryimage"},"image":{"@id":"https:\/\/cosmetic.lv\/lv\/product\/algu-maska-pret-tauku-nosedumiem-uz-vedera-un-vidukla-guam-500-g\/#primaryimage"},"thumbnailUrl":"https:\/\/cosmetic.lv\/wp-content\/uploads\/2021\/02\/gp500_ex-800x800-2.jpg","datePublished":"2021-02-13T14:51:23+00:00","dateModified":"2021-12-02T19:59:59+00:00","breadcrumb":{"@id":"https:\/\/cosmetic.lv\/lv\/product\/algu-maska-pret-tauku-nosedumiem-uz-vedera-un-vidukla-guam-500-g\/#breadcrumb"},"inLanguage":"lv-LV","potentialAction":[{"@type":"ReadAction","target":["https:\/\/cosmetic.lv\/lv\/product\/algu-maska-pret-tauku-nosedumiem-uz-vedera-un-vidukla-guam-500-g\/"]}]},{"@type":"ImageObject","inLanguage":"lv-LV","@id":"https:\/\/cosmetic.lv\/lv\/product\/algu-maska-pret-tauku-nosedumiem-uz-vedera-un-vidukla-guam-500-g\/#primaryimage","url":"https:\/\/cosmetic.lv\/wp-content\/uploads\/2021\/02\/gp500_ex-800x800-2.jpg","contentUrl":"https:\/\/cosmetic.lv\/wp-content\/uploads\/2021\/02\/gp500_ex-800x800-2.jpg","width":800,"height":800},{"@type":"BreadcrumbList","@id":"https:\/\/cosmetic.lv\/lv\/product\/algu-maska-pret-tauku-nosedumiem-uz-vedera-un-vidukla-guam-500-g\/#breadcrumb","itemListElement":[{"@type":"ListItem","position":1,"name":"Home","item":"https:\/\/cosmetic.lv\/lv\/"},{"@type":"ListItem","position":2,"name":"Veikals","item":"https:\/\/cosmetic.lv\/lv\/veiklas\/"},{"@type":"ListItem","position":3,"name":"A\u013c\u0123u maska pret tauku nos\u0113dumiem uz v\u0113dera un viduk\u013ca, GUAM \/ 500 g"}]},{"@type":"WebSite","@id":"https:\/\/cosmetic.lv\/lv\/#website","url":"https:\/\/cosmetic.lv\/lv\/","name":"cosmetic.lv","description":"Profesion\u0101la kosm\u0113tika - Maria Galland, Keune, Arkadija, GMT, Guam, Magiray","publisher":{"@id":"https:\/\/cosmetic.lv\/lv\/#organization"},"potentialAction":[{"@type":"SearchAction","target":{"@type":"EntryPoint","urlTemplate":"https:\/\/cosmetic.lv\/lv\/?s={search_term_string}"},"query-input":{"@type":"PropertyValueSpecification","valueRequired":true,"valueName":"search_term_string"}}],"inLanguage":"lv-LV"},{"@type":"Organization","@id":"https:\/\/cosmetic.lv\/lv\/#organization","name":"COSMETIC.LV","url":"https:\/\/cosmetic.lv\/lv\/","logo":{"@type":"ImageObject","inLanguage":"lv-LV","@id":"https:\/\/cosmetic.lv\/lv\/#\/schema\/logo\/image\/","url":"https:\/\/cosmetic.lv\/wp-content\/uploads\/2021\/02\/cosmetic.lv_logo.jpg","contentUrl":"https:\/\/cosmetic.lv\/wp-content\/uploads\/2021\/02\/cosmetic.lv_logo.jpg","width":596,"height":196,"caption":"COSMETIC.LV"},"image":{"@id":"https:\/\/cosmetic.lv\/lv\/#\/schema\/logo\/image\/"},"sameAs":["https:\/\/www.facebook.com\/cosmetic.lv\/"]}]},"product_price_amount":"39.32","product_price_currency":"EUR","og_availability":"instock","product_availability":"instock","product_retailer_item_id":"GP500","product_condition":"new"},"_links":{"self":[{"href":"https:\/\/cosmetic.lv\/lv\/wp-json\/wp\/v2\/product\/35541","targetHints":{"allow":["GET"]}}],"collection":[{"href":"https:\/\/cosmetic.lv\/lv\/wp-json\/wp\/v2\/product"}],"about":[{"href":"https:\/\/cosmetic.lv\/lv\/wp-json\/wp\/v2\/types\/product"}],"wp:featuredmedia":[{"embeddable":true,"href":"https:\/\/cosmetic.lv\/lv\/wp-json\/wp\/v2\/media\/35614"}],"wp:attachment":[{"href":"https:\/\/cosmetic.lv\/lv\/wp-json\/wp\/v2\/media?parent=35541"}],"wp:term":[{"taxonomy":"product_brand","embeddable":true,"href":"https:\/\/cosmetic.lv\/lv\/wp-json\/wp\/v2\/product_brand?post=35541"},{"taxonomy":"product_cat","embeddable":true,"href":"https:\/\/cosmetic.lv\/lv\/wp-json\/wp\/v2\/product_cat?post=35541"},{"taxonomy":"product_tag","embeddable":true,"href":"https:\/\/cosmetic.lv\/lv\/wp-json\/wp\/v2\/product_tag?post=35541"}],"curies":[{"name":"wp","href":"https:\/\/api.w.org\/{rel}","templated":true}]}}