{"id":35543,"date":"2021-02-13T16:57:18","date_gmt":"2021-02-13T14:51:29","guid":{"rendered":"https:\/\/damme.lv\/product\/nostiepjoss-pretcelulita-krems-gels-guam-fir-200-ml\/"},"modified":"2021-12-02T21:57:58","modified_gmt":"2021-12-02T19:57:58","slug":"nostiepjoss-pretcelulita-krems-gels-guam-fir-200-ml","status":"publish","type":"product","link":"https:\/\/cosmetic.lv\/lv\/product\/nostiepjoss-pretcelulita-krems-gels-guam-fir-200-ml\/","title":{"rendered":"Nostiepjo\u0161s pretcelul\u012bta kr\u0113ms-gels, GUAM Fir \/ 200 ml"},"content":{"rendered":"<p><span style=\"color: #1b1919; font-size: 24px;\">Nostiepjo\u0161s pretcelul\u012bta kr\u0113ms-gels, GUAM Fir \/ 200 ml<\/span><\/p>\n<div id=\"&quot;tab-description&quot;\">\n<p><strong>ar j\u016bras a\u013c\u0123\u0113m un melno turmal\u012bnu<\/strong><\/p>\n<p>\u012apa\u0161i ieteicams p\u0113c iet\u012b\u0161anas proced\u016br\u0101m, kur\u0101s izmantotas jebkuras GUAM pretcelul\u012bta un model\u0113jo\u0161\u0101s maskas. Var lietot ar\u012b vienk\u0101r\u0161i k\u0101 profilaktisku l\u012bdzekli. Efekt\u012bvi nostiepj \u0101du, atsvaidzina un nomierina to p\u0113c iet\u012b\u0161anas proced\u016bras, uzlabo vingrumu un elast\u012bbu. Produkts viegli un dzi\u013ci ies\u016bcas \u0101d\u0101. Satur sevi\u0161\u0137i akt\u012bvas j\u016bras a\u013c\u0123es un mikroniz\u0113tu melno turmal\u012bnu, kuru iedarb\u012bba nodro\u0161ina augstu rezult\u0101tu.<\/p>\n<p><strong>Akt\u012bv\u0101s sast\u0101vda\u013cas:<\/strong> glicer\u0113ts j\u016bras a\u013c\u0123u ekstrakts, roz\u0101 m\u0101ls, melnais turmal\u012bns.<\/p>\n<p><strong>LIETO\u0160ANA:<\/strong> Uzkl\u0101t uz problem\u0101tiskaj\u0101m viet\u0101m un mas\u0113t, l\u012bdz produkts piln\u012bb\u0101 uzs\u016bcies. Ieteicams lietot t\u016bl\u012bt p\u0113c iet\u012b\u0161anas proced\u016br\u0101m, k\u0101 ar\u012b dien\u0101s starp t\u0101m. Profilaktiskiem nol\u016bkiem ieteicams lietot ik dienas.<\/p>\n<\/div>\n<p>&nbsp;<\/p>\n","protected":false},"excerpt":{"rendered":"<p>Nostiepjo\u0161s pretcelul\u012bta kr\u0113ms-gels, GUAM Fir \/ 200 ml ar j\u016bras a\u013c\u0123\u0113m un melno turmal\u012bnu \u012apa\u0161i ieteicams p\u0113c iet\u012b\u0161anas proced\u016br\u0101m, kur\u0101s<\/p>\n","protected":false},"featured_media":35618,"template":"","meta":[],"product_brand":[],"product_cat":[2415,2413,2273],"product_tag":[],"class_list":{"0":"post-35543","1":"product","2":"type-product","3":"status-publish","4":"has-post-thumbnail","6":"product_cat-fanghi-dalga-guam-lv","7":"product_cat-guam-lv","8":"product_cat-profesionala-kosmetika-sejai-un-kermenim-lv","10":"first","11":"instock","12":"featured","13":"taxable","14":"shipping-taxable","15":"purchasable","16":"product-type-simple"},"yoast_head":"<!-- This site is optimized with the Yoast SEO Premium plugin v27.0 (Yoast SEO v27.0) - https:\/\/yoast.com\/product\/yoast-seo-premium-wordpress\/ -->\n<title>Nostiepjo\u0161s pretcelul\u012bta kr\u0113ms-gels, GUAM Fir \/ 200 ml - cosmetic.lv<\/title>\n<meta name=\"robots\" content=\"index, follow, max-snippet:-1, max-image-preview:large, max-video-preview:-1\" \/>\n<link rel=\"canonical\" href=\"https:\/\/cosmetic.lv\/lv\/product\/nostiepjoss-pretcelulita-krems-gels-guam-fir-200-ml\/\" \/>\n<meta property=\"og:locale\" content=\"lv_LV\" \/>\n<meta property=\"og:type\" content=\"article\" \/>\n<meta property=\"og:title\" content=\"Nostiepjo\u0161s pretcelul\u012bta kr\u0113ms-gels, GUAM Fir \/ 200 ml\" \/>\n<meta property=\"og:description\" content=\"Nostiepjo\u0161s pretcelul\u012bta kr\u0113ms-gels, GUAM Fir \/ 200 ml ar j\u016bras a\u013c\u0123\u0113m un melno turmal\u012bnu \u012apa\u0161i ieteicams p\u0113c iet\u012b\u0161anas proced\u016br\u0101m, kur\u0101s\" \/>\n<meta property=\"og:url\" content=\"https:\/\/cosmetic.lv\/lv\/product\/nostiepjoss-pretcelulita-krems-gels-guam-fir-200-ml\/\" \/>\n<meta property=\"og:site_name\" content=\"cosmetic.lv\" \/>\n<meta property=\"article:publisher\" content=\"https:\/\/www.facebook.com\/cosmetic.lv\/\" \/>\n<meta property=\"article:modified_time\" content=\"2021-12-02T19:57:58+00:00\" \/>\n<meta property=\"og:image\" content=\"https:\/\/cosmetic.lv\/wp-content\/uploads\/2021\/02\/guam_fir_fgg200-800x800-2.jpg\" \/>\n\t<meta property=\"og:image:width\" content=\"800\" \/>\n\t<meta property=\"og:image:height\" content=\"800\" \/>\n\t<meta property=\"og:image:type\" content=\"image\/jpeg\" \/>\n<meta name=\"twitter:card\" content=\"summary_large_image\" \/>\n<script type=\"application\/ld+json\" class=\"yoast-schema-graph\">{\"@context\":\"https:\/\/schema.org\",\"@graph\":[{\"@type\":\"WebPage\",\"@id\":\"https:\/\/cosmetic.lv\/lv\/product\/nostiepjoss-pretcelulita-krems-gels-guam-fir-200-ml\/\",\"url\":\"https:\/\/cosmetic.lv\/lv\/product\/nostiepjoss-pretcelulita-krems-gels-guam-fir-200-ml\/\",\"name\":\"Nostiepjo\u0161s pretcelul\u012bta kr\u0113ms-gels, GUAM Fir \/ 200 ml - cosmetic.lv\",\"isPartOf\":{\"@id\":\"https:\/\/cosmetic.lv\/lv\/#website\"},\"primaryImageOfPage\":{\"@id\":\"https:\/\/cosmetic.lv\/lv\/product\/nostiepjoss-pretcelulita-krems-gels-guam-fir-200-ml\/#primaryimage\"},\"image\":{\"@id\":\"https:\/\/cosmetic.lv\/lv\/product\/nostiepjoss-pretcelulita-krems-gels-guam-fir-200-ml\/#primaryimage\"},\"thumbnailUrl\":\"https:\/\/cosmetic.lv\/wp-content\/uploads\/2021\/02\/guam_fir_fgg200-800x800-2.jpg\",\"datePublished\":\"2021-02-13T14:51:29+00:00\",\"dateModified\":\"2021-12-02T19:57:58+00:00\",\"breadcrumb\":{\"@id\":\"https:\/\/cosmetic.lv\/lv\/product\/nostiepjoss-pretcelulita-krems-gels-guam-fir-200-ml\/#breadcrumb\"},\"inLanguage\":\"lv-LV\",\"potentialAction\":[{\"@type\":\"ReadAction\",\"target\":[\"https:\/\/cosmetic.lv\/lv\/product\/nostiepjoss-pretcelulita-krems-gels-guam-fir-200-ml\/\"]}]},{\"@type\":\"ImageObject\",\"inLanguage\":\"lv-LV\",\"@id\":\"https:\/\/cosmetic.lv\/lv\/product\/nostiepjoss-pretcelulita-krems-gels-guam-fir-200-ml\/#primaryimage\",\"url\":\"https:\/\/cosmetic.lv\/wp-content\/uploads\/2021\/02\/guam_fir_fgg200-800x800-2.jpg\",\"contentUrl\":\"https:\/\/cosmetic.lv\/wp-content\/uploads\/2021\/02\/guam_fir_fgg200-800x800-2.jpg\",\"width\":800,\"height\":800},{\"@type\":\"BreadcrumbList\",\"@id\":\"https:\/\/cosmetic.lv\/lv\/product\/nostiepjoss-pretcelulita-krems-gels-guam-fir-200-ml\/#breadcrumb\",\"itemListElement\":[{\"@type\":\"ListItem\",\"position\":1,\"name\":\"Home\",\"item\":\"https:\/\/cosmetic.lv\/lv\/\"},{\"@type\":\"ListItem\",\"position\":2,\"name\":\"Veikals\",\"item\":\"https:\/\/cosmetic.lv\/lv\/veiklas\/\"},{\"@type\":\"ListItem\",\"position\":3,\"name\":\"Nostiepjo\u0161s pretcelul\u012bta kr\u0113ms-gels, GUAM Fir \/ 200 ml\"}]},{\"@type\":\"WebSite\",\"@id\":\"https:\/\/cosmetic.lv\/lv\/#website\",\"url\":\"https:\/\/cosmetic.lv\/lv\/\",\"name\":\"cosmetic.lv\",\"description\":\"Profesion\u0101la kosm\u0113tika - Maria Galland, Keune, Arkadija, GMT, Guam, Magiray\",\"publisher\":{\"@id\":\"https:\/\/cosmetic.lv\/lv\/#organization\"},\"potentialAction\":[{\"@type\":\"SearchAction\",\"target\":{\"@type\":\"EntryPoint\",\"urlTemplate\":\"https:\/\/cosmetic.lv\/lv\/?s={search_term_string}\"},\"query-input\":{\"@type\":\"PropertyValueSpecification\",\"valueRequired\":true,\"valueName\":\"search_term_string\"}}],\"inLanguage\":\"lv-LV\"},{\"@type\":\"Organization\",\"@id\":\"https:\/\/cosmetic.lv\/lv\/#organization\",\"name\":\"COSMETIC.LV\",\"url\":\"https:\/\/cosmetic.lv\/lv\/\",\"logo\":{\"@type\":\"ImageObject\",\"inLanguage\":\"lv-LV\",\"@id\":\"https:\/\/cosmetic.lv\/lv\/#\/schema\/logo\/image\/\",\"url\":\"https:\/\/cosmetic.lv\/wp-content\/uploads\/2021\/02\/cosmetic.lv_logo.jpg\",\"contentUrl\":\"https:\/\/cosmetic.lv\/wp-content\/uploads\/2021\/02\/cosmetic.lv_logo.jpg\",\"width\":596,\"height\":196,\"caption\":\"COSMETIC.LV\"},\"image\":{\"@id\":\"https:\/\/cosmetic.lv\/lv\/#\/schema\/logo\/image\/\"},\"sameAs\":[\"https:\/\/www.facebook.com\/cosmetic.lv\/\"]}]}<\/script>\n<meta property=\"product:price:amount\" content=\"28.23\" \/>\n<meta property=\"product:price:currency\" content=\"EUR\" \/>\n<meta property=\"og:availability\" content=\"instock\" \/>\n<meta property=\"product:availability\" content=\"instock\" \/>\n<meta property=\"product:retailer_item_id\" content=\"FGG200\" \/>\n<meta property=\"product:condition\" content=\"new\" \/>\n<!-- \/ Yoast SEO Premium plugin. -->","yoast_head_json":{"title":"Nostiepjo\u0161s pretcelul\u012bta kr\u0113ms-gels, GUAM Fir \/ 200 ml - cosmetic.lv","robots":{"index":"index","follow":"follow","max-snippet":"max-snippet:-1","max-image-preview":"max-image-preview:large","max-video-preview":"max-video-preview:-1"},"canonical":"https:\/\/cosmetic.lv\/lv\/product\/nostiepjoss-pretcelulita-krems-gels-guam-fir-200-ml\/","og_locale":"lv_LV","og_type":"article","og_title":"Nostiepjo\u0161s pretcelul\u012bta kr\u0113ms-gels, GUAM Fir \/ 200 ml","og_description":"Nostiepjo\u0161s pretcelul\u012bta kr\u0113ms-gels, GUAM Fir \/ 200 ml ar j\u016bras a\u013c\u0123\u0113m un melno turmal\u012bnu \u012apa\u0161i ieteicams p\u0113c iet\u012b\u0161anas proced\u016br\u0101m, kur\u0101s","og_url":"https:\/\/cosmetic.lv\/lv\/product\/nostiepjoss-pretcelulita-krems-gels-guam-fir-200-ml\/","og_site_name":"cosmetic.lv","article_publisher":"https:\/\/www.facebook.com\/cosmetic.lv\/","article_modified_time":"2021-12-02T19:57:58+00:00","og_image":[{"width":800,"height":800,"url":"https:\/\/cosmetic.lv\/wp-content\/uploads\/2021\/02\/guam_fir_fgg200-800x800-2.jpg","type":"image\/jpeg"}],"twitter_card":"summary_large_image","schema":{"@context":"https:\/\/schema.org","@graph":[{"@type":"WebPage","@id":"https:\/\/cosmetic.lv\/lv\/product\/nostiepjoss-pretcelulita-krems-gels-guam-fir-200-ml\/","url":"https:\/\/cosmetic.lv\/lv\/product\/nostiepjoss-pretcelulita-krems-gels-guam-fir-200-ml\/","name":"Nostiepjo\u0161s pretcelul\u012bta kr\u0113ms-gels, GUAM Fir \/ 200 ml - cosmetic.lv","isPartOf":{"@id":"https:\/\/cosmetic.lv\/lv\/#website"},"primaryImageOfPage":{"@id":"https:\/\/cosmetic.lv\/lv\/product\/nostiepjoss-pretcelulita-krems-gels-guam-fir-200-ml\/#primaryimage"},"image":{"@id":"https:\/\/cosmetic.lv\/lv\/product\/nostiepjoss-pretcelulita-krems-gels-guam-fir-200-ml\/#primaryimage"},"thumbnailUrl":"https:\/\/cosmetic.lv\/wp-content\/uploads\/2021\/02\/guam_fir_fgg200-800x800-2.jpg","datePublished":"2021-02-13T14:51:29+00:00","dateModified":"2021-12-02T19:57:58+00:00","breadcrumb":{"@id":"https:\/\/cosmetic.lv\/lv\/product\/nostiepjoss-pretcelulita-krems-gels-guam-fir-200-ml\/#breadcrumb"},"inLanguage":"lv-LV","potentialAction":[{"@type":"ReadAction","target":["https:\/\/cosmetic.lv\/lv\/product\/nostiepjoss-pretcelulita-krems-gels-guam-fir-200-ml\/"]}]},{"@type":"ImageObject","inLanguage":"lv-LV","@id":"https:\/\/cosmetic.lv\/lv\/product\/nostiepjoss-pretcelulita-krems-gels-guam-fir-200-ml\/#primaryimage","url":"https:\/\/cosmetic.lv\/wp-content\/uploads\/2021\/02\/guam_fir_fgg200-800x800-2.jpg","contentUrl":"https:\/\/cosmetic.lv\/wp-content\/uploads\/2021\/02\/guam_fir_fgg200-800x800-2.jpg","width":800,"height":800},{"@type":"BreadcrumbList","@id":"https:\/\/cosmetic.lv\/lv\/product\/nostiepjoss-pretcelulita-krems-gels-guam-fir-200-ml\/#breadcrumb","itemListElement":[{"@type":"ListItem","position":1,"name":"Home","item":"https:\/\/cosmetic.lv\/lv\/"},{"@type":"ListItem","position":2,"name":"Veikals","item":"https:\/\/cosmetic.lv\/lv\/veiklas\/"},{"@type":"ListItem","position":3,"name":"Nostiepjo\u0161s pretcelul\u012bta kr\u0113ms-gels, GUAM Fir \/ 200 ml"}]},{"@type":"WebSite","@id":"https:\/\/cosmetic.lv\/lv\/#website","url":"https:\/\/cosmetic.lv\/lv\/","name":"cosmetic.lv","description":"Profesion\u0101la kosm\u0113tika - Maria Galland, Keune, Arkadija, GMT, Guam, Magiray","publisher":{"@id":"https:\/\/cosmetic.lv\/lv\/#organization"},"potentialAction":[{"@type":"SearchAction","target":{"@type":"EntryPoint","urlTemplate":"https:\/\/cosmetic.lv\/lv\/?s={search_term_string}"},"query-input":{"@type":"PropertyValueSpecification","valueRequired":true,"valueName":"search_term_string"}}],"inLanguage":"lv-LV"},{"@type":"Organization","@id":"https:\/\/cosmetic.lv\/lv\/#organization","name":"COSMETIC.LV","url":"https:\/\/cosmetic.lv\/lv\/","logo":{"@type":"ImageObject","inLanguage":"lv-LV","@id":"https:\/\/cosmetic.lv\/lv\/#\/schema\/logo\/image\/","url":"https:\/\/cosmetic.lv\/wp-content\/uploads\/2021\/02\/cosmetic.lv_logo.jpg","contentUrl":"https:\/\/cosmetic.lv\/wp-content\/uploads\/2021\/02\/cosmetic.lv_logo.jpg","width":596,"height":196,"caption":"COSMETIC.LV"},"image":{"@id":"https:\/\/cosmetic.lv\/lv\/#\/schema\/logo\/image\/"},"sameAs":["https:\/\/www.facebook.com\/cosmetic.lv\/"]}]},"product_price_amount":"28.23","product_price_currency":"EUR","og_availability":"instock","product_availability":"instock","product_retailer_item_id":"FGG200","product_condition":"new"},"_links":{"self":[{"href":"https:\/\/cosmetic.lv\/lv\/wp-json\/wp\/v2\/product\/35543","targetHints":{"allow":["GET"]}}],"collection":[{"href":"https:\/\/cosmetic.lv\/lv\/wp-json\/wp\/v2\/product"}],"about":[{"href":"https:\/\/cosmetic.lv\/lv\/wp-json\/wp\/v2\/types\/product"}],"wp:featuredmedia":[{"embeddable":true,"href":"https:\/\/cosmetic.lv\/lv\/wp-json\/wp\/v2\/media\/35618"}],"wp:attachment":[{"href":"https:\/\/cosmetic.lv\/lv\/wp-json\/wp\/v2\/media?parent=35543"}],"wp:term":[{"taxonomy":"product_brand","embeddable":true,"href":"https:\/\/cosmetic.lv\/lv\/wp-json\/wp\/v2\/product_brand?post=35543"},{"taxonomy":"product_cat","embeddable":true,"href":"https:\/\/cosmetic.lv\/lv\/wp-json\/wp\/v2\/product_cat?post=35543"},{"taxonomy":"product_tag","embeddable":true,"href":"https:\/\/cosmetic.lv\/lv\/wp-json\/wp\/v2\/product_tag?post=35543"}],"curies":[{"name":"wp","href":"https:\/\/api.w.org\/{rel}","templated":true}]}}