{"id":35906,"date":"2021-02-21T15:05:53","date_gmt":"2021-02-21T13:07:09","guid":{"rendered":"https:\/\/cosmetic.lv\/?post_type=product&#038;p=35906"},"modified":"2021-02-21T15:07:10","modified_gmt":"2021-02-21T13:07:10","slug":"losjons-placenta-vitae-ar-placentas-ekstraktu-matu-izkrisanas-noversanai-12x10ml-2","status":"publish","type":"product","link":"https:\/\/cosmetic.lv\/lv\/product\/losjons-placenta-vitae-ar-placentas-ekstraktu-matu-izkrisanas-noversanai-12x10ml-2\/","title":{"rendered":"Losjons PLACENTA VITAE ar placentas ekstraktu matu izkri\u0161anas nov\u0113r\u0161anai 12x10ml"},"content":{"rendered":"<p>Formul\u0101 eso\u0161ais placentas ekstrakts sniedz atjaunojo\u0161u iedarb\u012bbu. Pateicoties sader\u012bbai ar \u0101du un audiem kopum\u0101, placentas ekstrakts un pro-vitam\u012bns B, n\u0101tres un sarkan\u0101 pipara ekstrakts pal\u012bdz stimul\u0113t matu saknes un atjauno to dab\u012bgo l\u012bdzsvaru. Ar savu kondicion\u0113jo\u0161o iedarb\u012bbu padara matus m\u012bkst\u0101kus, elast\u012bg\u0101kus un vieglu \u0137emm\u0113jamus jau p\u0113c pirm\u0101s lieto\u0161anas reizes.<\/p>\n","protected":false},"excerpt":{"rendered":"<p>Formul\u0101 eso\u0161ais placentas ekstrakts sniedz atjaunojo\u0161u iedarb\u012bbu. Pateicoties sader\u012bbai ar \u0101du un audiem kopum\u0101, placentas ekstrakts un pro-vitam\u012bns B, n\u0101tres<\/p>\n","protected":false},"featured_media":35905,"template":"","meta":[],"product_brand":[],"product_cat":[2275],"product_tag":[],"class_list":{"0":"post-35906","1":"product","2":"type-product","3":"status-publish","4":"has-post-thumbnail","6":"product_cat-geomar-lv-2","8":"first","9":"instock","10":"sale","11":"taxable","12":"shipping-taxable","13":"purchasable","14":"product-type-simple"},"yoast_head":"<!-- This site is optimized with the Yoast SEO Premium plugin v27.0 (Yoast SEO v27.0) - https:\/\/yoast.com\/product\/yoast-seo-premium-wordpress\/ -->\n<title>Losjons PLACENTA VITAE ar placentas ekstraktu matu izkri\u0161anas nov\u0113r\u0161anai 12x10ml - cosmetic.lv<\/title>\n<meta name=\"robots\" content=\"index, follow, max-snippet:-1, max-image-preview:large, max-video-preview:-1\" \/>\n<link rel=\"canonical\" href=\"https:\/\/cosmetic.lv\/lv\/product\/losjons-placenta-vitae-ar-placentas-ekstraktu-matu-izkrisanas-noversanai-12x10ml-2\/\" \/>\n<meta property=\"og:locale\" content=\"lv_LV\" \/>\n<meta property=\"og:type\" content=\"article\" \/>\n<meta property=\"og:title\" content=\"Losjons PLACENTA VITAE ar placentas ekstraktu matu izkri\u0161anas nov\u0113r\u0161anai 12x10ml\" \/>\n<meta property=\"og:description\" content=\"Formul\u0101 eso\u0161ais placentas ekstrakts sniedz atjaunojo\u0161u iedarb\u012bbu. Pateicoties sader\u012bbai ar \u0101du un audiem kopum\u0101, placentas ekstrakts un pro-vitam\u012bns B, n\u0101tres\" \/>\n<meta property=\"og:url\" content=\"https:\/\/cosmetic.lv\/lv\/product\/losjons-placenta-vitae-ar-placentas-ekstraktu-matu-izkrisanas-noversanai-12x10ml-2\/\" \/>\n<meta property=\"og:site_name\" content=\"cosmetic.lv\" \/>\n<meta property=\"article:publisher\" content=\"https:\/\/www.facebook.com\/cosmetic.lv\/\" \/>\n<meta property=\"article:modified_time\" content=\"2021-02-21T13:07:10+00:00\" \/>\n<meta property=\"og:image\" content=\"https:\/\/cosmetic.lv\/wp-content\/uploads\/2021\/02\/c5487ee9cb976c2eff6516c7c051llll1de6-1.jpg\" \/>\n\t<meta property=\"og:image:width\" content=\"320\" \/>\n\t<meta property=\"og:image:height\" content=\"320\" \/>\n\t<meta property=\"og:image:type\" content=\"image\/jpeg\" \/>\n<meta name=\"twitter:card\" content=\"summary_large_image\" \/>\n<script type=\"application\/ld+json\" class=\"yoast-schema-graph\">{\"@context\":\"https:\/\/schema.org\",\"@graph\":[{\"@type\":\"WebPage\",\"@id\":\"https:\/\/cosmetic.lv\/lv\/product\/losjons-placenta-vitae-ar-placentas-ekstraktu-matu-izkrisanas-noversanai-12x10ml-2\/\",\"url\":\"https:\/\/cosmetic.lv\/lv\/product\/losjons-placenta-vitae-ar-placentas-ekstraktu-matu-izkrisanas-noversanai-12x10ml-2\/\",\"name\":\"Losjons PLACENTA VITAE ar placentas ekstraktu matu izkri\u0161anas nov\u0113r\u0161anai 12x10ml - cosmetic.lv\",\"isPartOf\":{\"@id\":\"https:\/\/cosmetic.lv\/lv\/#website\"},\"primaryImageOfPage\":{\"@id\":\"https:\/\/cosmetic.lv\/lv\/product\/losjons-placenta-vitae-ar-placentas-ekstraktu-matu-izkrisanas-noversanai-12x10ml-2\/#primaryimage\"},\"image\":{\"@id\":\"https:\/\/cosmetic.lv\/lv\/product\/losjons-placenta-vitae-ar-placentas-ekstraktu-matu-izkrisanas-noversanai-12x10ml-2\/#primaryimage\"},\"thumbnailUrl\":\"https:\/\/cosmetic.lv\/wp-content\/uploads\/2021\/02\/c5487ee9cb976c2eff6516c7c051llll1de6-1.jpg\",\"datePublished\":\"2021-02-21T13:07:09+00:00\",\"dateModified\":\"2021-02-21T13:07:10+00:00\",\"breadcrumb\":{\"@id\":\"https:\/\/cosmetic.lv\/lv\/product\/losjons-placenta-vitae-ar-placentas-ekstraktu-matu-izkrisanas-noversanai-12x10ml-2\/#breadcrumb\"},\"inLanguage\":\"lv-LV\",\"potentialAction\":[{\"@type\":\"ReadAction\",\"target\":[\"https:\/\/cosmetic.lv\/lv\/product\/losjons-placenta-vitae-ar-placentas-ekstraktu-matu-izkrisanas-noversanai-12x10ml-2\/\"]}]},{\"@type\":\"ImageObject\",\"inLanguage\":\"lv-LV\",\"@id\":\"https:\/\/cosmetic.lv\/lv\/product\/losjons-placenta-vitae-ar-placentas-ekstraktu-matu-izkrisanas-noversanai-12x10ml-2\/#primaryimage\",\"url\":\"https:\/\/cosmetic.lv\/wp-content\/uploads\/2021\/02\/c5487ee9cb976c2eff6516c7c051llll1de6-1.jpg\",\"contentUrl\":\"https:\/\/cosmetic.lv\/wp-content\/uploads\/2021\/02\/c5487ee9cb976c2eff6516c7c051llll1de6-1.jpg\",\"width\":320,\"height\":320},{\"@type\":\"BreadcrumbList\",\"@id\":\"https:\/\/cosmetic.lv\/lv\/product\/losjons-placenta-vitae-ar-placentas-ekstraktu-matu-izkrisanas-noversanai-12x10ml-2\/#breadcrumb\",\"itemListElement\":[{\"@type\":\"ListItem\",\"position\":1,\"name\":\"Home\",\"item\":\"https:\/\/cosmetic.lv\/lv\/\"},{\"@type\":\"ListItem\",\"position\":2,\"name\":\"Veikals\",\"item\":\"https:\/\/cosmetic.lv\/lv\/veiklas\/\"},{\"@type\":\"ListItem\",\"position\":3,\"name\":\"Losjons PLACENTA VITAE ar placentas ekstraktu matu izkri\u0161anas nov\u0113r\u0161anai 12x10ml\"}]},{\"@type\":\"WebSite\",\"@id\":\"https:\/\/cosmetic.lv\/lv\/#website\",\"url\":\"https:\/\/cosmetic.lv\/lv\/\",\"name\":\"cosmetic.lv\",\"description\":\"Profesion\u0101la kosm\u0113tika - Maria Galland, Keune, Arkadija, GMT, Guam, Magiray\",\"publisher\":{\"@id\":\"https:\/\/cosmetic.lv\/lv\/#organization\"},\"potentialAction\":[{\"@type\":\"SearchAction\",\"target\":{\"@type\":\"EntryPoint\",\"urlTemplate\":\"https:\/\/cosmetic.lv\/lv\/?s={search_term_string}\"},\"query-input\":{\"@type\":\"PropertyValueSpecification\",\"valueRequired\":true,\"valueName\":\"search_term_string\"}}],\"inLanguage\":\"lv-LV\"},{\"@type\":\"Organization\",\"@id\":\"https:\/\/cosmetic.lv\/lv\/#organization\",\"name\":\"COSMETIC.LV\",\"url\":\"https:\/\/cosmetic.lv\/lv\/\",\"logo\":{\"@type\":\"ImageObject\",\"inLanguage\":\"lv-LV\",\"@id\":\"https:\/\/cosmetic.lv\/lv\/#\/schema\/logo\/image\/\",\"url\":\"https:\/\/cosmetic.lv\/wp-content\/uploads\/2021\/02\/cosmetic.lv_logo.jpg\",\"contentUrl\":\"https:\/\/cosmetic.lv\/wp-content\/uploads\/2021\/02\/cosmetic.lv_logo.jpg\",\"width\":596,\"height\":196,\"caption\":\"COSMETIC.LV\"},\"image\":{\"@id\":\"https:\/\/cosmetic.lv\/lv\/#\/schema\/logo\/image\/\"},\"sameAs\":[\"https:\/\/www.facebook.com\/cosmetic.lv\/\"]}]}<\/script>\n<meta property=\"product:price:amount\" content=\"8.00\" \/>\n<meta property=\"product:price:currency\" content=\"EUR\" \/>\n<meta property=\"og:availability\" content=\"instock\" \/>\n<meta property=\"product:availability\" content=\"instock\" \/>\n<meta property=\"product:retailer_item_id\" content=\"VITAE\" \/>\n<meta property=\"product:condition\" content=\"new\" \/>\n<!-- \/ Yoast SEO Premium plugin. -->","yoast_head_json":{"title":"Losjons PLACENTA VITAE ar placentas ekstraktu matu izkri\u0161anas nov\u0113r\u0161anai 12x10ml - cosmetic.lv","robots":{"index":"index","follow":"follow","max-snippet":"max-snippet:-1","max-image-preview":"max-image-preview:large","max-video-preview":"max-video-preview:-1"},"canonical":"https:\/\/cosmetic.lv\/lv\/product\/losjons-placenta-vitae-ar-placentas-ekstraktu-matu-izkrisanas-noversanai-12x10ml-2\/","og_locale":"lv_LV","og_type":"article","og_title":"Losjons PLACENTA VITAE ar placentas ekstraktu matu izkri\u0161anas nov\u0113r\u0161anai 12x10ml","og_description":"Formul\u0101 eso\u0161ais placentas ekstrakts sniedz atjaunojo\u0161u iedarb\u012bbu. Pateicoties sader\u012bbai ar \u0101du un audiem kopum\u0101, placentas ekstrakts un pro-vitam\u012bns B, n\u0101tres","og_url":"https:\/\/cosmetic.lv\/lv\/product\/losjons-placenta-vitae-ar-placentas-ekstraktu-matu-izkrisanas-noversanai-12x10ml-2\/","og_site_name":"cosmetic.lv","article_publisher":"https:\/\/www.facebook.com\/cosmetic.lv\/","article_modified_time":"2021-02-21T13:07:10+00:00","og_image":[{"width":320,"height":320,"url":"https:\/\/cosmetic.lv\/wp-content\/uploads\/2021\/02\/c5487ee9cb976c2eff6516c7c051llll1de6-1.jpg","type":"image\/jpeg"}],"twitter_card":"summary_large_image","schema":{"@context":"https:\/\/schema.org","@graph":[{"@type":"WebPage","@id":"https:\/\/cosmetic.lv\/lv\/product\/losjons-placenta-vitae-ar-placentas-ekstraktu-matu-izkrisanas-noversanai-12x10ml-2\/","url":"https:\/\/cosmetic.lv\/lv\/product\/losjons-placenta-vitae-ar-placentas-ekstraktu-matu-izkrisanas-noversanai-12x10ml-2\/","name":"Losjons PLACENTA VITAE ar placentas ekstraktu matu izkri\u0161anas nov\u0113r\u0161anai 12x10ml - cosmetic.lv","isPartOf":{"@id":"https:\/\/cosmetic.lv\/lv\/#website"},"primaryImageOfPage":{"@id":"https:\/\/cosmetic.lv\/lv\/product\/losjons-placenta-vitae-ar-placentas-ekstraktu-matu-izkrisanas-noversanai-12x10ml-2\/#primaryimage"},"image":{"@id":"https:\/\/cosmetic.lv\/lv\/product\/losjons-placenta-vitae-ar-placentas-ekstraktu-matu-izkrisanas-noversanai-12x10ml-2\/#primaryimage"},"thumbnailUrl":"https:\/\/cosmetic.lv\/wp-content\/uploads\/2021\/02\/c5487ee9cb976c2eff6516c7c051llll1de6-1.jpg","datePublished":"2021-02-21T13:07:09+00:00","dateModified":"2021-02-21T13:07:10+00:00","breadcrumb":{"@id":"https:\/\/cosmetic.lv\/lv\/product\/losjons-placenta-vitae-ar-placentas-ekstraktu-matu-izkrisanas-noversanai-12x10ml-2\/#breadcrumb"},"inLanguage":"lv-LV","potentialAction":[{"@type":"ReadAction","target":["https:\/\/cosmetic.lv\/lv\/product\/losjons-placenta-vitae-ar-placentas-ekstraktu-matu-izkrisanas-noversanai-12x10ml-2\/"]}]},{"@type":"ImageObject","inLanguage":"lv-LV","@id":"https:\/\/cosmetic.lv\/lv\/product\/losjons-placenta-vitae-ar-placentas-ekstraktu-matu-izkrisanas-noversanai-12x10ml-2\/#primaryimage","url":"https:\/\/cosmetic.lv\/wp-content\/uploads\/2021\/02\/c5487ee9cb976c2eff6516c7c051llll1de6-1.jpg","contentUrl":"https:\/\/cosmetic.lv\/wp-content\/uploads\/2021\/02\/c5487ee9cb976c2eff6516c7c051llll1de6-1.jpg","width":320,"height":320},{"@type":"BreadcrumbList","@id":"https:\/\/cosmetic.lv\/lv\/product\/losjons-placenta-vitae-ar-placentas-ekstraktu-matu-izkrisanas-noversanai-12x10ml-2\/#breadcrumb","itemListElement":[{"@type":"ListItem","position":1,"name":"Home","item":"https:\/\/cosmetic.lv\/lv\/"},{"@type":"ListItem","position":2,"name":"Veikals","item":"https:\/\/cosmetic.lv\/lv\/veiklas\/"},{"@type":"ListItem","position":3,"name":"Losjons PLACENTA VITAE ar placentas ekstraktu matu izkri\u0161anas nov\u0113r\u0161anai 12x10ml"}]},{"@type":"WebSite","@id":"https:\/\/cosmetic.lv\/lv\/#website","url":"https:\/\/cosmetic.lv\/lv\/","name":"cosmetic.lv","description":"Profesion\u0101la kosm\u0113tika - Maria Galland, Keune, Arkadija, GMT, Guam, Magiray","publisher":{"@id":"https:\/\/cosmetic.lv\/lv\/#organization"},"potentialAction":[{"@type":"SearchAction","target":{"@type":"EntryPoint","urlTemplate":"https:\/\/cosmetic.lv\/lv\/?s={search_term_string}"},"query-input":{"@type":"PropertyValueSpecification","valueRequired":true,"valueName":"search_term_string"}}],"inLanguage":"lv-LV"},{"@type":"Organization","@id":"https:\/\/cosmetic.lv\/lv\/#organization","name":"COSMETIC.LV","url":"https:\/\/cosmetic.lv\/lv\/","logo":{"@type":"ImageObject","inLanguage":"lv-LV","@id":"https:\/\/cosmetic.lv\/lv\/#\/schema\/logo\/image\/","url":"https:\/\/cosmetic.lv\/wp-content\/uploads\/2021\/02\/cosmetic.lv_logo.jpg","contentUrl":"https:\/\/cosmetic.lv\/wp-content\/uploads\/2021\/02\/cosmetic.lv_logo.jpg","width":596,"height":196,"caption":"COSMETIC.LV"},"image":{"@id":"https:\/\/cosmetic.lv\/lv\/#\/schema\/logo\/image\/"},"sameAs":["https:\/\/www.facebook.com\/cosmetic.lv\/"]}]},"product_price_amount":"8.00","product_price_currency":"EUR","og_availability":"instock","product_availability":"instock","product_retailer_item_id":"VITAE","product_condition":"new"},"_links":{"self":[{"href":"https:\/\/cosmetic.lv\/lv\/wp-json\/wp\/v2\/product\/35906","targetHints":{"allow":["GET"]}}],"collection":[{"href":"https:\/\/cosmetic.lv\/lv\/wp-json\/wp\/v2\/product"}],"about":[{"href":"https:\/\/cosmetic.lv\/lv\/wp-json\/wp\/v2\/types\/product"}],"wp:featuredmedia":[{"embeddable":true,"href":"https:\/\/cosmetic.lv\/lv\/wp-json\/wp\/v2\/media\/35905"}],"wp:attachment":[{"href":"https:\/\/cosmetic.lv\/lv\/wp-json\/wp\/v2\/media?parent=35906"}],"wp:term":[{"taxonomy":"product_brand","embeddable":true,"href":"https:\/\/cosmetic.lv\/lv\/wp-json\/wp\/v2\/product_brand?post=35906"},{"taxonomy":"product_cat","embeddable":true,"href":"https:\/\/cosmetic.lv\/lv\/wp-json\/wp\/v2\/product_cat?post=35906"},{"taxonomy":"product_tag","embeddable":true,"href":"https:\/\/cosmetic.lv\/lv\/wp-json\/wp\/v2\/product_tag?post=35906"}],"curies":[{"name":"wp","href":"https:\/\/api.w.org\/{rel}","templated":true}]}}