{"id":35949,"date":"2021-02-21T16:43:56","date_gmt":"2021-02-21T14:45:29","guid":{"rendered":"https:\/\/cosmetic.lv\/?post_type=product&#038;p=35949"},"modified":"2021-02-21T16:46:28","modified_gmt":"2021-02-21T14:46:28","slug":"sejas-tirisanas-suklis-konjaku-2","status":"publish","type":"product","link":"https:\/\/cosmetic.lv\/lv\/product\/sejas-tirisanas-suklis-konjaku-2\/","title":{"rendered":"Sejas t\u012br\u012b\u0161anas s\u016bklis konjaku -zieds"},"content":{"rendered":"<pre id=\"tw-target-text\" dir=\"ltr\">100% dab\u012bgs sast\u0101vs\r\n    Piem\u0113rots visiem \u0101das tipiem un visiem vecumiem.\r\n    R\u016bp\u012bgi not\u012bra poras\r\n    Delik\u0101ti p\u012blinga atmiru\u0161\u0101s \u0161\u016bnas\r\n    Tas padara \u0101du gludu un maigu uz tausti.\r\n    Mitrina \u0101du, l\u012bdzsvarojot t\u0101s pH\r\n    Nov\u0113r\u0161 lieko tauku daudzumu\r\n    samitriniet \u016bden\u012b un lietojiet!<\/pre>\n","protected":false},"excerpt":{"rendered":"<p>100% dab\u012bgs sast\u0101vs Piem\u0113rots visiem \u0101das tipiem un visiem vecumiem. R\u016bp\u012bgi not\u012bra poras Delik\u0101ti p\u012blinga atmiru\u0161\u0101s \u0161\u016bnas Tas padara \u0101du<\/p>\n","protected":false},"featured_media":35948,"template":"","meta":[],"product_brand":[],"product_cat":[2232],"product_tag":[],"class_list":{"0":"post-35949","1":"product","2":"type-product","3":"status-publish","4":"has-post-thumbnail","6":"product_cat-sejai-galvai-lv","8":"first","9":"instock","10":"sale","11":"taxable","12":"shipping-taxable","13":"purchasable","14":"product-type-simple"},"yoast_head":"<!-- This site is optimized with the Yoast SEO Premium plugin v27.0 (Yoast SEO v27.0) - https:\/\/yoast.com\/product\/yoast-seo-premium-wordpress\/ -->\n<title>Sejas t\u012br\u012b\u0161anas s\u016bklis konjaku -zieds - cosmetic.lv<\/title>\n<meta name=\"robots\" content=\"index, follow, max-snippet:-1, max-image-preview:large, max-video-preview:-1\" \/>\n<link rel=\"canonical\" href=\"https:\/\/cosmetic.lv\/lv\/product\/sejas-tirisanas-suklis-konjaku-2\/\" \/>\n<meta property=\"og:locale\" content=\"lv_LV\" \/>\n<meta property=\"og:type\" content=\"article\" \/>\n<meta property=\"og:title\" content=\"Sejas t\u012br\u012b\u0161anas s\u016bklis konjaku -zieds\" \/>\n<meta property=\"og:description\" content=\"100% dab\u012bgs sast\u0101vs Piem\u0113rots visiem \u0101das tipiem un visiem vecumiem. R\u016bp\u012bgi not\u012bra poras Delik\u0101ti p\u012blinga atmiru\u0161\u0101s \u0161\u016bnas Tas padara \u0101du\" \/>\n<meta property=\"og:url\" content=\"https:\/\/cosmetic.lv\/lv\/product\/sejas-tirisanas-suklis-konjaku-2\/\" \/>\n<meta property=\"og:site_name\" content=\"cosmetic.lv\" \/>\n<meta property=\"article:publisher\" content=\"https:\/\/www.facebook.com\/cosmetic.lv\/\" \/>\n<meta property=\"article:modified_time\" content=\"2021-02-21T14:46:28+00:00\" \/>\n<meta property=\"og:image\" content=\"https:\/\/cosmetic.lv\/wp-content\/uploads\/2021\/02\/20210218_1933131.jpg\" \/>\n\t<meta property=\"og:image:width\" content=\"800\" \/>\n\t<meta property=\"og:image:height\" content=\"551\" \/>\n\t<meta property=\"og:image:type\" content=\"image\/jpeg\" \/>\n<meta name=\"twitter:card\" content=\"summary_large_image\" \/>\n<script type=\"application\/ld+json\" class=\"yoast-schema-graph\">{\"@context\":\"https:\/\/schema.org\",\"@graph\":[{\"@type\":\"WebPage\",\"@id\":\"https:\/\/cosmetic.lv\/lv\/product\/sejas-tirisanas-suklis-konjaku-2\/\",\"url\":\"https:\/\/cosmetic.lv\/lv\/product\/sejas-tirisanas-suklis-konjaku-2\/\",\"name\":\"Sejas t\u012br\u012b\u0161anas s\u016bklis konjaku -zieds - cosmetic.lv\",\"isPartOf\":{\"@id\":\"https:\/\/cosmetic.lv\/lv\/#website\"},\"primaryImageOfPage\":{\"@id\":\"https:\/\/cosmetic.lv\/lv\/product\/sejas-tirisanas-suklis-konjaku-2\/#primaryimage\"},\"image\":{\"@id\":\"https:\/\/cosmetic.lv\/lv\/product\/sejas-tirisanas-suklis-konjaku-2\/#primaryimage\"},\"thumbnailUrl\":\"https:\/\/cosmetic.lv\/wp-content\/uploads\/2021\/02\/20210218_1933131.jpg\",\"datePublished\":\"2021-02-21T14:45:29+00:00\",\"dateModified\":\"2021-02-21T14:46:28+00:00\",\"breadcrumb\":{\"@id\":\"https:\/\/cosmetic.lv\/lv\/product\/sejas-tirisanas-suklis-konjaku-2\/#breadcrumb\"},\"inLanguage\":\"lv-LV\",\"potentialAction\":[{\"@type\":\"ReadAction\",\"target\":[\"https:\/\/cosmetic.lv\/lv\/product\/sejas-tirisanas-suklis-konjaku-2\/\"]}]},{\"@type\":\"ImageObject\",\"inLanguage\":\"lv-LV\",\"@id\":\"https:\/\/cosmetic.lv\/lv\/product\/sejas-tirisanas-suklis-konjaku-2\/#primaryimage\",\"url\":\"https:\/\/cosmetic.lv\/wp-content\/uploads\/2021\/02\/20210218_1933131.jpg\",\"contentUrl\":\"https:\/\/cosmetic.lv\/wp-content\/uploads\/2021\/02\/20210218_1933131.jpg\",\"width\":800,\"height\":551},{\"@type\":\"BreadcrumbList\",\"@id\":\"https:\/\/cosmetic.lv\/lv\/product\/sejas-tirisanas-suklis-konjaku-2\/#breadcrumb\",\"itemListElement\":[{\"@type\":\"ListItem\",\"position\":1,\"name\":\"Home\",\"item\":\"https:\/\/cosmetic.lv\/lv\/\"},{\"@type\":\"ListItem\",\"position\":2,\"name\":\"Veikals\",\"item\":\"https:\/\/cosmetic.lv\/lv\/veiklas\/\"},{\"@type\":\"ListItem\",\"position\":3,\"name\":\"Sejas t\u012br\u012b\u0161anas s\u016bklis konjaku -zieds\"}]},{\"@type\":\"WebSite\",\"@id\":\"https:\/\/cosmetic.lv\/lv\/#website\",\"url\":\"https:\/\/cosmetic.lv\/lv\/\",\"name\":\"cosmetic.lv\",\"description\":\"Profesion\u0101la kosm\u0113tika - Maria Galland, Keune, Arkadija, GMT, Guam, Magiray\",\"publisher\":{\"@id\":\"https:\/\/cosmetic.lv\/lv\/#organization\"},\"potentialAction\":[{\"@type\":\"SearchAction\",\"target\":{\"@type\":\"EntryPoint\",\"urlTemplate\":\"https:\/\/cosmetic.lv\/lv\/?s={search_term_string}\"},\"query-input\":{\"@type\":\"PropertyValueSpecification\",\"valueRequired\":true,\"valueName\":\"search_term_string\"}}],\"inLanguage\":\"lv-LV\"},{\"@type\":\"Organization\",\"@id\":\"https:\/\/cosmetic.lv\/lv\/#organization\",\"name\":\"COSMETIC.LV\",\"url\":\"https:\/\/cosmetic.lv\/lv\/\",\"logo\":{\"@type\":\"ImageObject\",\"inLanguage\":\"lv-LV\",\"@id\":\"https:\/\/cosmetic.lv\/lv\/#\/schema\/logo\/image\/\",\"url\":\"https:\/\/cosmetic.lv\/wp-content\/uploads\/2021\/02\/cosmetic.lv_logo.jpg\",\"contentUrl\":\"https:\/\/cosmetic.lv\/wp-content\/uploads\/2021\/02\/cosmetic.lv_logo.jpg\",\"width\":596,\"height\":196,\"caption\":\"COSMETIC.LV\"},\"image\":{\"@id\":\"https:\/\/cosmetic.lv\/lv\/#\/schema\/logo\/image\/\"},\"sameAs\":[\"https:\/\/www.facebook.com\/cosmetic.lv\/\"]}]}<\/script>\n<meta property=\"product:price:amount\" content=\"3.50\" \/>\n<meta property=\"product:price:currency\" content=\"EUR\" \/>\n<meta property=\"og:availability\" content=\"instock\" \/>\n<meta property=\"product:availability\" content=\"instock\" \/>\n<meta property=\"product:retailer_item_id\" content=\"konj2\" \/>\n<meta property=\"product:condition\" content=\"new\" \/>\n<!-- \/ Yoast SEO Premium plugin. -->","yoast_head_json":{"title":"Sejas t\u012br\u012b\u0161anas s\u016bklis konjaku -zieds - cosmetic.lv","robots":{"index":"index","follow":"follow","max-snippet":"max-snippet:-1","max-image-preview":"max-image-preview:large","max-video-preview":"max-video-preview:-1"},"canonical":"https:\/\/cosmetic.lv\/lv\/product\/sejas-tirisanas-suklis-konjaku-2\/","og_locale":"lv_LV","og_type":"article","og_title":"Sejas t\u012br\u012b\u0161anas s\u016bklis konjaku -zieds","og_description":"100% dab\u012bgs sast\u0101vs Piem\u0113rots visiem \u0101das tipiem un visiem vecumiem. R\u016bp\u012bgi not\u012bra poras Delik\u0101ti p\u012blinga atmiru\u0161\u0101s \u0161\u016bnas Tas padara \u0101du","og_url":"https:\/\/cosmetic.lv\/lv\/product\/sejas-tirisanas-suklis-konjaku-2\/","og_site_name":"cosmetic.lv","article_publisher":"https:\/\/www.facebook.com\/cosmetic.lv\/","article_modified_time":"2021-02-21T14:46:28+00:00","og_image":[{"width":800,"height":551,"url":"https:\/\/cosmetic.lv\/wp-content\/uploads\/2021\/02\/20210218_1933131.jpg","type":"image\/jpeg"}],"twitter_card":"summary_large_image","schema":{"@context":"https:\/\/schema.org","@graph":[{"@type":"WebPage","@id":"https:\/\/cosmetic.lv\/lv\/product\/sejas-tirisanas-suklis-konjaku-2\/","url":"https:\/\/cosmetic.lv\/lv\/product\/sejas-tirisanas-suklis-konjaku-2\/","name":"Sejas t\u012br\u012b\u0161anas s\u016bklis konjaku -zieds - cosmetic.lv","isPartOf":{"@id":"https:\/\/cosmetic.lv\/lv\/#website"},"primaryImageOfPage":{"@id":"https:\/\/cosmetic.lv\/lv\/product\/sejas-tirisanas-suklis-konjaku-2\/#primaryimage"},"image":{"@id":"https:\/\/cosmetic.lv\/lv\/product\/sejas-tirisanas-suklis-konjaku-2\/#primaryimage"},"thumbnailUrl":"https:\/\/cosmetic.lv\/wp-content\/uploads\/2021\/02\/20210218_1933131.jpg","datePublished":"2021-02-21T14:45:29+00:00","dateModified":"2021-02-21T14:46:28+00:00","breadcrumb":{"@id":"https:\/\/cosmetic.lv\/lv\/product\/sejas-tirisanas-suklis-konjaku-2\/#breadcrumb"},"inLanguage":"lv-LV","potentialAction":[{"@type":"ReadAction","target":["https:\/\/cosmetic.lv\/lv\/product\/sejas-tirisanas-suklis-konjaku-2\/"]}]},{"@type":"ImageObject","inLanguage":"lv-LV","@id":"https:\/\/cosmetic.lv\/lv\/product\/sejas-tirisanas-suklis-konjaku-2\/#primaryimage","url":"https:\/\/cosmetic.lv\/wp-content\/uploads\/2021\/02\/20210218_1933131.jpg","contentUrl":"https:\/\/cosmetic.lv\/wp-content\/uploads\/2021\/02\/20210218_1933131.jpg","width":800,"height":551},{"@type":"BreadcrumbList","@id":"https:\/\/cosmetic.lv\/lv\/product\/sejas-tirisanas-suklis-konjaku-2\/#breadcrumb","itemListElement":[{"@type":"ListItem","position":1,"name":"Home","item":"https:\/\/cosmetic.lv\/lv\/"},{"@type":"ListItem","position":2,"name":"Veikals","item":"https:\/\/cosmetic.lv\/lv\/veiklas\/"},{"@type":"ListItem","position":3,"name":"Sejas t\u012br\u012b\u0161anas s\u016bklis konjaku -zieds"}]},{"@type":"WebSite","@id":"https:\/\/cosmetic.lv\/lv\/#website","url":"https:\/\/cosmetic.lv\/lv\/","name":"cosmetic.lv","description":"Profesion\u0101la kosm\u0113tika - Maria Galland, Keune, Arkadija, GMT, Guam, Magiray","publisher":{"@id":"https:\/\/cosmetic.lv\/lv\/#organization"},"potentialAction":[{"@type":"SearchAction","target":{"@type":"EntryPoint","urlTemplate":"https:\/\/cosmetic.lv\/lv\/?s={search_term_string}"},"query-input":{"@type":"PropertyValueSpecification","valueRequired":true,"valueName":"search_term_string"}}],"inLanguage":"lv-LV"},{"@type":"Organization","@id":"https:\/\/cosmetic.lv\/lv\/#organization","name":"COSMETIC.LV","url":"https:\/\/cosmetic.lv\/lv\/","logo":{"@type":"ImageObject","inLanguage":"lv-LV","@id":"https:\/\/cosmetic.lv\/lv\/#\/schema\/logo\/image\/","url":"https:\/\/cosmetic.lv\/wp-content\/uploads\/2021\/02\/cosmetic.lv_logo.jpg","contentUrl":"https:\/\/cosmetic.lv\/wp-content\/uploads\/2021\/02\/cosmetic.lv_logo.jpg","width":596,"height":196,"caption":"COSMETIC.LV"},"image":{"@id":"https:\/\/cosmetic.lv\/lv\/#\/schema\/logo\/image\/"},"sameAs":["https:\/\/www.facebook.com\/cosmetic.lv\/"]}]},"product_price_amount":"3.50","product_price_currency":"EUR","og_availability":"instock","product_availability":"instock","product_retailer_item_id":"konj2","product_condition":"new"},"_links":{"self":[{"href":"https:\/\/cosmetic.lv\/lv\/wp-json\/wp\/v2\/product\/35949","targetHints":{"allow":["GET"]}}],"collection":[{"href":"https:\/\/cosmetic.lv\/lv\/wp-json\/wp\/v2\/product"}],"about":[{"href":"https:\/\/cosmetic.lv\/lv\/wp-json\/wp\/v2\/types\/product"}],"wp:featuredmedia":[{"embeddable":true,"href":"https:\/\/cosmetic.lv\/lv\/wp-json\/wp\/v2\/media\/35948"}],"wp:attachment":[{"href":"https:\/\/cosmetic.lv\/lv\/wp-json\/wp\/v2\/media?parent=35949"}],"wp:term":[{"taxonomy":"product_brand","embeddable":true,"href":"https:\/\/cosmetic.lv\/lv\/wp-json\/wp\/v2\/product_brand?post=35949"},{"taxonomy":"product_cat","embeddable":true,"href":"https:\/\/cosmetic.lv\/lv\/wp-json\/wp\/v2\/product_cat?post=35949"},{"taxonomy":"product_tag","embeddable":true,"href":"https:\/\/cosmetic.lv\/lv\/wp-json\/wp\/v2\/product_tag?post=35949"}],"curies":[{"name":"wp","href":"https:\/\/api.w.org\/{rel}","templated":true}]}}