{"id":35978,"date":"2021-02-21T19:07:39","date_gmt":"2021-02-21T17:15:47","guid":{"rendered":"https:\/\/cosmetic.lv\/?post_type=product&#038;p=35978"},"modified":"2021-02-21T19:16:04","modified_gmt":"2021-02-21T17:16:04","slug":"balta-akmens-masieris-un-sejas-akmens-masieris","status":"publish","type":"product","link":"https:\/\/cosmetic.lv\/lv\/product\/balta-akmens-masieris-un-sejas-akmens-masieris\/","title":{"rendered":"Balta akmens masieris un sejas akmens masieris"},"content":{"rendered":"<div id=\"tab-description\" class=\"woocommerce-Tabs-panel woocommerce-Tabs-panel--description panel entry-content wc-tab\">\n<div class=\"wc-tab-inner \">\n<div class=\"\">\n<p>Balta akmens masieris pret sejas un kakla grumb\u0101m. Lieto\u0161ana lietot rull\u012bti uz priek\u0161u vai atpaka\u013c 10-15 min\u016btes dien\u0101.<\/p>\n<p>Izmantojot:<\/p>\n<p>Mas\u0101\u017ea j\u0101veic regul\u0101ri, tikai tad tas dos v\u0113lamo efektu.<br \/>\nPirms lieto\u0161anas masieri vajadz\u0113tu atdzes\u0113t.<br \/>\nMas\u0101\u017eas laik\u0101 izmantojiet t\u0101das dab\u012bgas e\u013c\u013cas k\u0101 arg\u0101ns, lavanda vai marula.<br \/>\nMas\u0101\u017eas laik\u0101 p\u0101rvietojieties no sejas iek\u0161puses uz \u0101rpusi.<\/p>\n<p>Uzman\u012bbu:<\/p>\n<p>1. Izvairieties no met\u0101la deta\u013cu saskares ar \u016bdeni. Velt\u0146us vislab\u0101k not\u012br\u012bt ar micel\u0101ru \u0161\u0137idrumu un vates tamponu.<\/p>\n<p>2. Lai masieris nezaud\u0113tu savas \u012bpa\u0161\u012bbas, ik p\u0113c p\u0101ris ned\u0113\u013c\u0101m atst\u0101jiet to saulain\u0101 viet\u0101. Tas \u013caus akmenim uzl\u0101d\u0113t saules ener\u0123iju. -14 cm<\/p>\n<p>1 gabals<\/p>\n<p>mas\u0101\u017eas sejas akmeni mas\u0101\u017eai-\u00a0 2 gab<\/p>\n<p>4&#215;2,3 cm\/1,6&#215;0,9 \u0434\u044e\u0439\u043c\u043e\u0432<\/p>\n<\/div>\n<\/div>\n<\/div>\n","protected":false},"excerpt":{"rendered":"<p>Balta akmens masieris pret sejas un kakla grumb\u0101m. Lieto\u0161ana lietot rull\u012bti uz priek\u0161u vai atpaka\u013c 10-15 min\u016btes dien\u0101. Izmantojot: Mas\u0101\u017ea<\/p>\n","protected":false},"featured_media":35977,"template":"","meta":[],"product_brand":[],"product_cat":[2225,2232],"product_tag":[],"class_list":{"0":"post-35978","1":"product","2":"type-product","3":"status-publish","4":"has-post-thumbnail","6":"product_cat-masazas-lidzekli-lv","7":"product_cat-sejai-galvai-lv","9":"first","10":"instock","11":"sale","12":"taxable","13":"shipping-taxable","14":"purchasable","15":"product-type-simple"},"yoast_head":"<!-- This site is optimized with the Yoast SEO Premium plugin v27.0 (Yoast SEO v27.0) - https:\/\/yoast.com\/product\/yoast-seo-premium-wordpress\/ -->\n<title>Balta akmens masieris un sejas akmens masieris - cosmetic.lv<\/title>\n<meta name=\"robots\" content=\"index, follow, max-snippet:-1, max-image-preview:large, max-video-preview:-1\" \/>\n<link rel=\"canonical\" href=\"https:\/\/cosmetic.lv\/lv\/product\/balta-akmens-masieris-un-sejas-akmens-masieris\/\" \/>\n<meta property=\"og:locale\" content=\"lv_LV\" \/>\n<meta property=\"og:type\" content=\"article\" \/>\n<meta property=\"og:title\" content=\"Balta akmens masieris un sejas akmens masieris\" \/>\n<meta property=\"og:description\" content=\"Balta akmens masieris pret sejas un kakla grumb\u0101m. Lieto\u0161ana lietot rull\u012bti uz priek\u0161u vai atpaka\u013c 10-15 min\u016btes dien\u0101. Izmantojot: Mas\u0101\u017ea\" \/>\n<meta property=\"og:url\" content=\"https:\/\/cosmetic.lv\/lv\/product\/balta-akmens-masieris-un-sejas-akmens-masieris\/\" \/>\n<meta property=\"og:site_name\" content=\"cosmetic.lv\" \/>\n<meta property=\"article:publisher\" content=\"https:\/\/www.facebook.com\/cosmetic.lv\/\" \/>\n<meta property=\"article:modified_time\" content=\"2021-02-21T17:16:04+00:00\" \/>\n<meta property=\"og:image\" content=\"https:\/\/cosmetic.lv\/wp-content\/uploads\/2021\/02\/20210218_1640201-2.jpg\" \/>\n\t<meta property=\"og:image:width\" content=\"800\" \/>\n\t<meta property=\"og:image:height\" content=\"562\" \/>\n\t<meta property=\"og:image:type\" content=\"image\/jpeg\" \/>\n<meta name=\"twitter:card\" content=\"summary_large_image\" \/>\n<script type=\"application\/ld+json\" class=\"yoast-schema-graph\">{\"@context\":\"https:\/\/schema.org\",\"@graph\":[{\"@type\":\"WebPage\",\"@id\":\"https:\/\/cosmetic.lv\/lv\/product\/balta-akmens-masieris-un-sejas-akmens-masieris\/\",\"url\":\"https:\/\/cosmetic.lv\/lv\/product\/balta-akmens-masieris-un-sejas-akmens-masieris\/\",\"name\":\"Balta akmens masieris un sejas akmens masieris - cosmetic.lv\",\"isPartOf\":{\"@id\":\"https:\/\/cosmetic.lv\/lv\/#website\"},\"primaryImageOfPage\":{\"@id\":\"https:\/\/cosmetic.lv\/lv\/product\/balta-akmens-masieris-un-sejas-akmens-masieris\/#primaryimage\"},\"image\":{\"@id\":\"https:\/\/cosmetic.lv\/lv\/product\/balta-akmens-masieris-un-sejas-akmens-masieris\/#primaryimage\"},\"thumbnailUrl\":\"https:\/\/cosmetic.lv\/wp-content\/uploads\/2021\/02\/20210218_1640201-2.jpg\",\"datePublished\":\"2021-02-21T17:15:47+00:00\",\"dateModified\":\"2021-02-21T17:16:04+00:00\",\"breadcrumb\":{\"@id\":\"https:\/\/cosmetic.lv\/lv\/product\/balta-akmens-masieris-un-sejas-akmens-masieris\/#breadcrumb\"},\"inLanguage\":\"lv-LV\",\"potentialAction\":[{\"@type\":\"ReadAction\",\"target\":[\"https:\/\/cosmetic.lv\/lv\/product\/balta-akmens-masieris-un-sejas-akmens-masieris\/\"]}]},{\"@type\":\"ImageObject\",\"inLanguage\":\"lv-LV\",\"@id\":\"https:\/\/cosmetic.lv\/lv\/product\/balta-akmens-masieris-un-sejas-akmens-masieris\/#primaryimage\",\"url\":\"https:\/\/cosmetic.lv\/wp-content\/uploads\/2021\/02\/20210218_1640201-2.jpg\",\"contentUrl\":\"https:\/\/cosmetic.lv\/wp-content\/uploads\/2021\/02\/20210218_1640201-2.jpg\",\"width\":800,\"height\":562},{\"@type\":\"BreadcrumbList\",\"@id\":\"https:\/\/cosmetic.lv\/lv\/product\/balta-akmens-masieris-un-sejas-akmens-masieris\/#breadcrumb\",\"itemListElement\":[{\"@type\":\"ListItem\",\"position\":1,\"name\":\"Home\",\"item\":\"https:\/\/cosmetic.lv\/lv\/\"},{\"@type\":\"ListItem\",\"position\":2,\"name\":\"Veikals\",\"item\":\"https:\/\/cosmetic.lv\/lv\/veiklas\/\"},{\"@type\":\"ListItem\",\"position\":3,\"name\":\"Balta akmens masieris un sejas akmens masieris\"}]},{\"@type\":\"WebSite\",\"@id\":\"https:\/\/cosmetic.lv\/lv\/#website\",\"url\":\"https:\/\/cosmetic.lv\/lv\/\",\"name\":\"cosmetic.lv\",\"description\":\"Profesion\u0101la kosm\u0113tika - Maria Galland, Keune, Arkadija, GMT, Guam, Magiray\",\"publisher\":{\"@id\":\"https:\/\/cosmetic.lv\/lv\/#organization\"},\"potentialAction\":[{\"@type\":\"SearchAction\",\"target\":{\"@type\":\"EntryPoint\",\"urlTemplate\":\"https:\/\/cosmetic.lv\/lv\/?s={search_term_string}\"},\"query-input\":{\"@type\":\"PropertyValueSpecification\",\"valueRequired\":true,\"valueName\":\"search_term_string\"}}],\"inLanguage\":\"lv-LV\"},{\"@type\":\"Organization\",\"@id\":\"https:\/\/cosmetic.lv\/lv\/#organization\",\"name\":\"COSMETIC.LV\",\"url\":\"https:\/\/cosmetic.lv\/lv\/\",\"logo\":{\"@type\":\"ImageObject\",\"inLanguage\":\"lv-LV\",\"@id\":\"https:\/\/cosmetic.lv\/lv\/#\/schema\/logo\/image\/\",\"url\":\"https:\/\/cosmetic.lv\/wp-content\/uploads\/2021\/02\/cosmetic.lv_logo.jpg\",\"contentUrl\":\"https:\/\/cosmetic.lv\/wp-content\/uploads\/2021\/02\/cosmetic.lv_logo.jpg\",\"width\":596,\"height\":196,\"caption\":\"COSMETIC.LV\"},\"image\":{\"@id\":\"https:\/\/cosmetic.lv\/lv\/#\/schema\/logo\/image\/\"},\"sameAs\":[\"https:\/\/www.facebook.com\/cosmetic.lv\/\"]}]}<\/script>\n<meta property=\"product:price:amount\" content=\"13.50\" \/>\n<meta property=\"product:price:currency\" content=\"EUR\" \/>\n<meta property=\"og:availability\" content=\"instock\" \/>\n<meta property=\"product:availability\" content=\"instock\" \/>\n<meta property=\"product:retailer_item_id\" content=\"kam1+1-2\" \/>\n<meta property=\"product:condition\" content=\"new\" \/>\n<!-- \/ Yoast SEO Premium plugin. -->","yoast_head_json":{"title":"Balta akmens masieris un sejas akmens masieris - cosmetic.lv","robots":{"index":"index","follow":"follow","max-snippet":"max-snippet:-1","max-image-preview":"max-image-preview:large","max-video-preview":"max-video-preview:-1"},"canonical":"https:\/\/cosmetic.lv\/lv\/product\/balta-akmens-masieris-un-sejas-akmens-masieris\/","og_locale":"lv_LV","og_type":"article","og_title":"Balta akmens masieris un sejas akmens masieris","og_description":"Balta akmens masieris pret sejas un kakla grumb\u0101m. Lieto\u0161ana lietot rull\u012bti uz priek\u0161u vai atpaka\u013c 10-15 min\u016btes dien\u0101. Izmantojot: Mas\u0101\u017ea","og_url":"https:\/\/cosmetic.lv\/lv\/product\/balta-akmens-masieris-un-sejas-akmens-masieris\/","og_site_name":"cosmetic.lv","article_publisher":"https:\/\/www.facebook.com\/cosmetic.lv\/","article_modified_time":"2021-02-21T17:16:04+00:00","og_image":[{"width":800,"height":562,"url":"https:\/\/cosmetic.lv\/wp-content\/uploads\/2021\/02\/20210218_1640201-2.jpg","type":"image\/jpeg"}],"twitter_card":"summary_large_image","schema":{"@context":"https:\/\/schema.org","@graph":[{"@type":"WebPage","@id":"https:\/\/cosmetic.lv\/lv\/product\/balta-akmens-masieris-un-sejas-akmens-masieris\/","url":"https:\/\/cosmetic.lv\/lv\/product\/balta-akmens-masieris-un-sejas-akmens-masieris\/","name":"Balta akmens masieris un sejas akmens masieris - cosmetic.lv","isPartOf":{"@id":"https:\/\/cosmetic.lv\/lv\/#website"},"primaryImageOfPage":{"@id":"https:\/\/cosmetic.lv\/lv\/product\/balta-akmens-masieris-un-sejas-akmens-masieris\/#primaryimage"},"image":{"@id":"https:\/\/cosmetic.lv\/lv\/product\/balta-akmens-masieris-un-sejas-akmens-masieris\/#primaryimage"},"thumbnailUrl":"https:\/\/cosmetic.lv\/wp-content\/uploads\/2021\/02\/20210218_1640201-2.jpg","datePublished":"2021-02-21T17:15:47+00:00","dateModified":"2021-02-21T17:16:04+00:00","breadcrumb":{"@id":"https:\/\/cosmetic.lv\/lv\/product\/balta-akmens-masieris-un-sejas-akmens-masieris\/#breadcrumb"},"inLanguage":"lv-LV","potentialAction":[{"@type":"ReadAction","target":["https:\/\/cosmetic.lv\/lv\/product\/balta-akmens-masieris-un-sejas-akmens-masieris\/"]}]},{"@type":"ImageObject","inLanguage":"lv-LV","@id":"https:\/\/cosmetic.lv\/lv\/product\/balta-akmens-masieris-un-sejas-akmens-masieris\/#primaryimage","url":"https:\/\/cosmetic.lv\/wp-content\/uploads\/2021\/02\/20210218_1640201-2.jpg","contentUrl":"https:\/\/cosmetic.lv\/wp-content\/uploads\/2021\/02\/20210218_1640201-2.jpg","width":800,"height":562},{"@type":"BreadcrumbList","@id":"https:\/\/cosmetic.lv\/lv\/product\/balta-akmens-masieris-un-sejas-akmens-masieris\/#breadcrumb","itemListElement":[{"@type":"ListItem","position":1,"name":"Home","item":"https:\/\/cosmetic.lv\/lv\/"},{"@type":"ListItem","position":2,"name":"Veikals","item":"https:\/\/cosmetic.lv\/lv\/veiklas\/"},{"@type":"ListItem","position":3,"name":"Balta akmens masieris un sejas akmens masieris"}]},{"@type":"WebSite","@id":"https:\/\/cosmetic.lv\/lv\/#website","url":"https:\/\/cosmetic.lv\/lv\/","name":"cosmetic.lv","description":"Profesion\u0101la kosm\u0113tika - Maria Galland, Keune, Arkadija, GMT, Guam, Magiray","publisher":{"@id":"https:\/\/cosmetic.lv\/lv\/#organization"},"potentialAction":[{"@type":"SearchAction","target":{"@type":"EntryPoint","urlTemplate":"https:\/\/cosmetic.lv\/lv\/?s={search_term_string}"},"query-input":{"@type":"PropertyValueSpecification","valueRequired":true,"valueName":"search_term_string"}}],"inLanguage":"lv-LV"},{"@type":"Organization","@id":"https:\/\/cosmetic.lv\/lv\/#organization","name":"COSMETIC.LV","url":"https:\/\/cosmetic.lv\/lv\/","logo":{"@type":"ImageObject","inLanguage":"lv-LV","@id":"https:\/\/cosmetic.lv\/lv\/#\/schema\/logo\/image\/","url":"https:\/\/cosmetic.lv\/wp-content\/uploads\/2021\/02\/cosmetic.lv_logo.jpg","contentUrl":"https:\/\/cosmetic.lv\/wp-content\/uploads\/2021\/02\/cosmetic.lv_logo.jpg","width":596,"height":196,"caption":"COSMETIC.LV"},"image":{"@id":"https:\/\/cosmetic.lv\/lv\/#\/schema\/logo\/image\/"},"sameAs":["https:\/\/www.facebook.com\/cosmetic.lv\/"]}]},"product_price_amount":"13.50","product_price_currency":"EUR","og_availability":"instock","product_availability":"instock","product_retailer_item_id":"kam1+1-2","product_condition":"new"},"_links":{"self":[{"href":"https:\/\/cosmetic.lv\/lv\/wp-json\/wp\/v2\/product\/35978","targetHints":{"allow":["GET"]}}],"collection":[{"href":"https:\/\/cosmetic.lv\/lv\/wp-json\/wp\/v2\/product"}],"about":[{"href":"https:\/\/cosmetic.lv\/lv\/wp-json\/wp\/v2\/types\/product"}],"wp:featuredmedia":[{"embeddable":true,"href":"https:\/\/cosmetic.lv\/lv\/wp-json\/wp\/v2\/media\/35977"}],"wp:attachment":[{"href":"https:\/\/cosmetic.lv\/lv\/wp-json\/wp\/v2\/media?parent=35978"}],"wp:term":[{"taxonomy":"product_brand","embeddable":true,"href":"https:\/\/cosmetic.lv\/lv\/wp-json\/wp\/v2\/product_brand?post=35978"},{"taxonomy":"product_cat","embeddable":true,"href":"https:\/\/cosmetic.lv\/lv\/wp-json\/wp\/v2\/product_cat?post=35978"},{"taxonomy":"product_tag","embeddable":true,"href":"https:\/\/cosmetic.lv\/lv\/wp-json\/wp\/v2\/product_tag?post=35978"}],"curies":[{"name":"wp","href":"https:\/\/api.w.org\/{rel}","templated":true}]}}