{"id":36007,"date":"2021-02-21T22:10:17","date_gmt":"2021-02-21T20:10:49","guid":{"rendered":"https:\/\/cosmetic.lv\/?post_type=product&#038;p=36007"},"modified":"2021-02-21T22:10:49","modified_gmt":"2021-02-21T20:10:49","slug":"maria-galland-001-ultimboost-hydration-15ml-2","status":"publish","type":"product","link":"https:\/\/cosmetic.lv\/lv\/product\/maria-galland-001-ultimboost-hydration-15ml-2\/","title":{"rendered":"Maria Galland 001 Ultim&#8217;Boost Hydration 15ml"},"content":{"rendered":"<p>Dehidrat\u0101cijas probl\u0113mas viennoz\u012bm\u012bgs risin\u0101jums<\/p>\n<p>\u013boti efekt\u012bva tehnolo\u0123ija uzved\u012bbas uzlabo\u0161anai + komplekss &#8220;HYDRA-BOOSTER&#8221;<br \/>\n\u2022 4 da\u017e\u0101du molekulmasu hialuronsk\u0101be &#8211; mitrina (dzi\u013ci, uzreiz un ilgsto\u0161i)<br \/>\n\u2022 Kvarcs &#8211; pies\u0101tina ar miner\u0101lviel\u0101m un mikroelementiem, atdz\u012bvina<br \/>\n\u2022 \u0100bolu ekstrakts un \u0161\u016bnu aktivators &#8211; nov\u0113r\u0161 dehidrat\u0101ciju<br \/>\n\u2022 Pantenols &#8211; mazina kairin\u0101jumu, veicina \u0101das audu atjauno\u0161anos<br \/>\n\u2022 Vien\u0161\u016bnu za\u013c\u0101s a\u013c\u0123es Chlorella vulgaris (Chlorella vulgaris) komplekss &#8211; stimul\u0113 kolag\u0113na un elast\u012bna ra\u017eo\u0161anu, uzlabo dermo-epidermas savienojumu.<br \/>\n\u2022 Comfrey sak\u0146u \u0161\u016bnu ekstrakts &#8211; piem\u012bt pretiekaisuma, pretmikrobu, savelko\u0161s, m\u012bkstino\u0161s efekts, uzlabo sejas \u0101du, toniz\u0113 \u0101du.<br \/>\n\u2022 Aminosk\u0101bes (alan\u012bna, asparag\u012bnsk\u0101bes un glutam\u012bnsk\u0101bes) &#8211; mitrina, uzlabo kolag\u0113na un elast\u012bna \u0161\u0137iedru organiz\u0101ciju un palielina to iztur\u012bbu.<\/p>\n<p>Dermatolo\u0123iski pier\u0101d\u012bti rezult\u0101ti<\/p>\n<p>Stimul\u0101cijas koeficients * 96% mitrin\u0101\u0161ana!<br \/>\n* Pat\u0113r\u0113t\u0101ju p\u0101rbaud\u0113s p\u0113c 001 mitrino\u0161a pastiprin\u0101t\u0101ja lieto\u0161anas tika interv\u0113ti 49 cilv\u0113ki vecum\u0101 no 19 l\u012bdz 65 gadiem un 4 ned\u0113\u013cas tika dermatolo\u0123iski kontrol\u0113ti. Vid\u0113j\u0101 individu\u0101lo rezult\u0101tu v\u0113rt\u012bba attiec\u012bb\u0101 uz mitrin\u0101\u0161anu, svaiguma saj\u016btu un komfortu (%).<\/p>\n<p>Vid\u0113ji maks\u0101jamais (procentos):<\/p>\n<p>\u0100das mitrin\u0101\u0161ana: 100%<br \/>\nSaj\u016bta svaiga: 90%<br \/>\nKomforta saj\u016bta: 98%<\/p>\n","protected":false},"excerpt":{"rendered":"<p>Dehidrat\u0101cijas probl\u0113mas viennoz\u012bm\u012bgs risin\u0101jums \u013boti efekt\u012bva tehnolo\u0123ija uzved\u012bbas uzlabo\u0161anai + komplekss &#8220;HYDRA-BOOSTER&#8221; \u2022 4 da\u017e\u0101du molekulmasu hialuronsk\u0101be &#8211; mitrina (dzi\u013ci,<\/p>\n","protected":false},"featured_media":36006,"template":"","meta":[],"product_brand":[],"product_cat":[2273,2277],"product_tag":[],"class_list":{"0":"post-36007","1":"product","2":"type-product","3":"status-publish","4":"has-post-thumbnail","6":"product_cat-profesionala-kosmetika-sejai-un-kermenim-lv","7":"product_cat-maria-galland-francija-lv","9":"first","10":"instock","11":"taxable","12":"shipping-taxable","13":"purchasable","14":"product-type-simple"},"yoast_head":"<!-- This site is optimized with the Yoast SEO Premium plugin v27.0 (Yoast SEO v27.0) - https:\/\/yoast.com\/product\/yoast-seo-premium-wordpress\/ -->\n<title>Maria Galland 001 Ultim&#039;Boost Hydration 15ml - cosmetic.lv<\/title>\n<meta name=\"robots\" content=\"index, follow, max-snippet:-1, max-image-preview:large, max-video-preview:-1\" \/>\n<link rel=\"canonical\" href=\"https:\/\/cosmetic.lv\/lv\/product\/maria-galland-001-ultimboost-hydration-15ml-2\/\" \/>\n<meta property=\"og:locale\" content=\"lv_LV\" \/>\n<meta property=\"og:type\" content=\"article\" \/>\n<meta property=\"og:title\" content=\"Maria Galland 001 Ultim&#039;Boost Hydration 15ml\" \/>\n<meta property=\"og:description\" content=\"Dehidrat\u0101cijas probl\u0113mas viennoz\u012bm\u012bgs risin\u0101jums \u013boti efekt\u012bva tehnolo\u0123ija uzved\u012bbas uzlabo\u0161anai + komplekss &#8220;HYDRA-BOOSTER&#8221; \u2022 4 da\u017e\u0101du molekulmasu hialuronsk\u0101be &#8211; mitrina (dzi\u013ci,\" \/>\n<meta property=\"og:url\" content=\"https:\/\/cosmetic.lv\/lv\/product\/maria-galland-001-ultimboost-hydration-15ml-2\/\" \/>\n<meta property=\"og:site_name\" content=\"cosmetic.lv\" \/>\n<meta property=\"article:publisher\" content=\"https:\/\/www.facebook.com\/cosmetic.lv\/\" \/>\n<meta property=\"og:image\" content=\"https:\/\/cosmetic.lv\/wp-content\/uploads\/2021\/02\/maria-galland-ultim-boost-001-hydration-750x750-1.jpg\" \/>\n\t<meta property=\"og:image:width\" content=\"750\" \/>\n\t<meta property=\"og:image:height\" content=\"750\" \/>\n\t<meta property=\"og:image:type\" content=\"image\/jpeg\" \/>\n<meta name=\"twitter:card\" content=\"summary_large_image\" \/>\n<script type=\"application\/ld+json\" class=\"yoast-schema-graph\">{\"@context\":\"https:\/\/schema.org\",\"@graph\":[{\"@type\":\"WebPage\",\"@id\":\"https:\/\/cosmetic.lv\/lv\/product\/maria-galland-001-ultimboost-hydration-15ml-2\/\",\"url\":\"https:\/\/cosmetic.lv\/lv\/product\/maria-galland-001-ultimboost-hydration-15ml-2\/\",\"name\":\"Maria Galland 001 Ultim'Boost Hydration 15ml - cosmetic.lv\",\"isPartOf\":{\"@id\":\"https:\/\/cosmetic.lv\/lv\/#website\"},\"primaryImageOfPage\":{\"@id\":\"https:\/\/cosmetic.lv\/lv\/product\/maria-galland-001-ultimboost-hydration-15ml-2\/#primaryimage\"},\"image\":{\"@id\":\"https:\/\/cosmetic.lv\/lv\/product\/maria-galland-001-ultimboost-hydration-15ml-2\/#primaryimage\"},\"thumbnailUrl\":\"https:\/\/cosmetic.lv\/wp-content\/uploads\/2021\/02\/maria-galland-ultim-boost-001-hydration-750x750-1.jpg\",\"datePublished\":\"2021-02-21T20:10:49+00:00\",\"breadcrumb\":{\"@id\":\"https:\/\/cosmetic.lv\/lv\/product\/maria-galland-001-ultimboost-hydration-15ml-2\/#breadcrumb\"},\"inLanguage\":\"lv-LV\",\"potentialAction\":[{\"@type\":\"ReadAction\",\"target\":[\"https:\/\/cosmetic.lv\/lv\/product\/maria-galland-001-ultimboost-hydration-15ml-2\/\"]}]},{\"@type\":\"ImageObject\",\"inLanguage\":\"lv-LV\",\"@id\":\"https:\/\/cosmetic.lv\/lv\/product\/maria-galland-001-ultimboost-hydration-15ml-2\/#primaryimage\",\"url\":\"https:\/\/cosmetic.lv\/wp-content\/uploads\/2021\/02\/maria-galland-ultim-boost-001-hydration-750x750-1.jpg\",\"contentUrl\":\"https:\/\/cosmetic.lv\/wp-content\/uploads\/2021\/02\/maria-galland-ultim-boost-001-hydration-750x750-1.jpg\",\"width\":750,\"height\":750,\"caption\":\"maria-galland-ultim-boost-001\"},{\"@type\":\"BreadcrumbList\",\"@id\":\"https:\/\/cosmetic.lv\/lv\/product\/maria-galland-001-ultimboost-hydration-15ml-2\/#breadcrumb\",\"itemListElement\":[{\"@type\":\"ListItem\",\"position\":1,\"name\":\"Home\",\"item\":\"https:\/\/cosmetic.lv\/lv\/\"},{\"@type\":\"ListItem\",\"position\":2,\"name\":\"Veikals\",\"item\":\"https:\/\/cosmetic.lv\/lv\/veiklas\/\"},{\"@type\":\"ListItem\",\"position\":3,\"name\":\"Maria Galland 001 Ultim&#8217;Boost Hydration 15ml\"}]},{\"@type\":\"WebSite\",\"@id\":\"https:\/\/cosmetic.lv\/lv\/#website\",\"url\":\"https:\/\/cosmetic.lv\/lv\/\",\"name\":\"cosmetic.lv\",\"description\":\"Profesion\u0101la kosm\u0113tika - Maria Galland, Keune, Arkadija, GMT, Guam, Magiray\",\"publisher\":{\"@id\":\"https:\/\/cosmetic.lv\/lv\/#organization\"},\"potentialAction\":[{\"@type\":\"SearchAction\",\"target\":{\"@type\":\"EntryPoint\",\"urlTemplate\":\"https:\/\/cosmetic.lv\/lv\/?s={search_term_string}\"},\"query-input\":{\"@type\":\"PropertyValueSpecification\",\"valueRequired\":true,\"valueName\":\"search_term_string\"}}],\"inLanguage\":\"lv-LV\"},{\"@type\":\"Organization\",\"@id\":\"https:\/\/cosmetic.lv\/lv\/#organization\",\"name\":\"COSMETIC.LV\",\"url\":\"https:\/\/cosmetic.lv\/lv\/\",\"logo\":{\"@type\":\"ImageObject\",\"inLanguage\":\"lv-LV\",\"@id\":\"https:\/\/cosmetic.lv\/lv\/#\/schema\/logo\/image\/\",\"url\":\"https:\/\/cosmetic.lv\/wp-content\/uploads\/2021\/02\/cosmetic.lv_logo.jpg\",\"contentUrl\":\"https:\/\/cosmetic.lv\/wp-content\/uploads\/2021\/02\/cosmetic.lv_logo.jpg\",\"width\":596,\"height\":196,\"caption\":\"COSMETIC.LV\"},\"image\":{\"@id\":\"https:\/\/cosmetic.lv\/lv\/#\/schema\/logo\/image\/\"},\"sameAs\":[\"https:\/\/www.facebook.com\/cosmetic.lv\/\"]}]}<\/script>\n<meta property=\"product:price:amount\" content=\"67.00\" \/>\n<meta property=\"product:price:currency\" content=\"EUR\" \/>\n<meta property=\"og:availability\" content=\"instock\" \/>\n<meta property=\"product:availability\" content=\"instock\" \/>\n<meta property=\"product:retailer_item_id\" content=\"mg001\" \/>\n<meta property=\"product:condition\" content=\"new\" \/>\n<!-- \/ Yoast SEO Premium plugin. -->","yoast_head_json":{"title":"Maria Galland 001 Ultim'Boost Hydration 15ml - cosmetic.lv","robots":{"index":"index","follow":"follow","max-snippet":"max-snippet:-1","max-image-preview":"max-image-preview:large","max-video-preview":"max-video-preview:-1"},"canonical":"https:\/\/cosmetic.lv\/lv\/product\/maria-galland-001-ultimboost-hydration-15ml-2\/","og_locale":"lv_LV","og_type":"article","og_title":"Maria Galland 001 Ultim'Boost Hydration 15ml","og_description":"Dehidrat\u0101cijas probl\u0113mas viennoz\u012bm\u012bgs risin\u0101jums \u013boti efekt\u012bva tehnolo\u0123ija uzved\u012bbas uzlabo\u0161anai + komplekss &#8220;HYDRA-BOOSTER&#8221; \u2022 4 da\u017e\u0101du molekulmasu hialuronsk\u0101be &#8211; mitrina (dzi\u013ci,","og_url":"https:\/\/cosmetic.lv\/lv\/product\/maria-galland-001-ultimboost-hydration-15ml-2\/","og_site_name":"cosmetic.lv","article_publisher":"https:\/\/www.facebook.com\/cosmetic.lv\/","og_image":[{"width":750,"height":750,"url":"https:\/\/cosmetic.lv\/wp-content\/uploads\/2021\/02\/maria-galland-ultim-boost-001-hydration-750x750-1.jpg","type":"image\/jpeg"}],"twitter_card":"summary_large_image","schema":{"@context":"https:\/\/schema.org","@graph":[{"@type":"WebPage","@id":"https:\/\/cosmetic.lv\/lv\/product\/maria-galland-001-ultimboost-hydration-15ml-2\/","url":"https:\/\/cosmetic.lv\/lv\/product\/maria-galland-001-ultimboost-hydration-15ml-2\/","name":"Maria Galland 001 Ultim'Boost Hydration 15ml - cosmetic.lv","isPartOf":{"@id":"https:\/\/cosmetic.lv\/lv\/#website"},"primaryImageOfPage":{"@id":"https:\/\/cosmetic.lv\/lv\/product\/maria-galland-001-ultimboost-hydration-15ml-2\/#primaryimage"},"image":{"@id":"https:\/\/cosmetic.lv\/lv\/product\/maria-galland-001-ultimboost-hydration-15ml-2\/#primaryimage"},"thumbnailUrl":"https:\/\/cosmetic.lv\/wp-content\/uploads\/2021\/02\/maria-galland-ultim-boost-001-hydration-750x750-1.jpg","datePublished":"2021-02-21T20:10:49+00:00","breadcrumb":{"@id":"https:\/\/cosmetic.lv\/lv\/product\/maria-galland-001-ultimboost-hydration-15ml-2\/#breadcrumb"},"inLanguage":"lv-LV","potentialAction":[{"@type":"ReadAction","target":["https:\/\/cosmetic.lv\/lv\/product\/maria-galland-001-ultimboost-hydration-15ml-2\/"]}]},{"@type":"ImageObject","inLanguage":"lv-LV","@id":"https:\/\/cosmetic.lv\/lv\/product\/maria-galland-001-ultimboost-hydration-15ml-2\/#primaryimage","url":"https:\/\/cosmetic.lv\/wp-content\/uploads\/2021\/02\/maria-galland-ultim-boost-001-hydration-750x750-1.jpg","contentUrl":"https:\/\/cosmetic.lv\/wp-content\/uploads\/2021\/02\/maria-galland-ultim-boost-001-hydration-750x750-1.jpg","width":750,"height":750,"caption":"maria-galland-ultim-boost-001"},{"@type":"BreadcrumbList","@id":"https:\/\/cosmetic.lv\/lv\/product\/maria-galland-001-ultimboost-hydration-15ml-2\/#breadcrumb","itemListElement":[{"@type":"ListItem","position":1,"name":"Home","item":"https:\/\/cosmetic.lv\/lv\/"},{"@type":"ListItem","position":2,"name":"Veikals","item":"https:\/\/cosmetic.lv\/lv\/veiklas\/"},{"@type":"ListItem","position":3,"name":"Maria Galland 001 Ultim&#8217;Boost Hydration 15ml"}]},{"@type":"WebSite","@id":"https:\/\/cosmetic.lv\/lv\/#website","url":"https:\/\/cosmetic.lv\/lv\/","name":"cosmetic.lv","description":"Profesion\u0101la kosm\u0113tika - Maria Galland, Keune, Arkadija, GMT, Guam, Magiray","publisher":{"@id":"https:\/\/cosmetic.lv\/lv\/#organization"},"potentialAction":[{"@type":"SearchAction","target":{"@type":"EntryPoint","urlTemplate":"https:\/\/cosmetic.lv\/lv\/?s={search_term_string}"},"query-input":{"@type":"PropertyValueSpecification","valueRequired":true,"valueName":"search_term_string"}}],"inLanguage":"lv-LV"},{"@type":"Organization","@id":"https:\/\/cosmetic.lv\/lv\/#organization","name":"COSMETIC.LV","url":"https:\/\/cosmetic.lv\/lv\/","logo":{"@type":"ImageObject","inLanguage":"lv-LV","@id":"https:\/\/cosmetic.lv\/lv\/#\/schema\/logo\/image\/","url":"https:\/\/cosmetic.lv\/wp-content\/uploads\/2021\/02\/cosmetic.lv_logo.jpg","contentUrl":"https:\/\/cosmetic.lv\/wp-content\/uploads\/2021\/02\/cosmetic.lv_logo.jpg","width":596,"height":196,"caption":"COSMETIC.LV"},"image":{"@id":"https:\/\/cosmetic.lv\/lv\/#\/schema\/logo\/image\/"},"sameAs":["https:\/\/www.facebook.com\/cosmetic.lv\/"]}]},"product_price_amount":"67.00","product_price_currency":"EUR","og_availability":"instock","product_availability":"instock","product_retailer_item_id":"mg001","product_condition":"new"},"_links":{"self":[{"href":"https:\/\/cosmetic.lv\/lv\/wp-json\/wp\/v2\/product\/36007","targetHints":{"allow":["GET"]}}],"collection":[{"href":"https:\/\/cosmetic.lv\/lv\/wp-json\/wp\/v2\/product"}],"about":[{"href":"https:\/\/cosmetic.lv\/lv\/wp-json\/wp\/v2\/types\/product"}],"wp:featuredmedia":[{"embeddable":true,"href":"https:\/\/cosmetic.lv\/lv\/wp-json\/wp\/v2\/media\/36006"}],"wp:attachment":[{"href":"https:\/\/cosmetic.lv\/lv\/wp-json\/wp\/v2\/media?parent=36007"}],"wp:term":[{"taxonomy":"product_brand","embeddable":true,"href":"https:\/\/cosmetic.lv\/lv\/wp-json\/wp\/v2\/product_brand?post=36007"},{"taxonomy":"product_cat","embeddable":true,"href":"https:\/\/cosmetic.lv\/lv\/wp-json\/wp\/v2\/product_cat?post=36007"},{"taxonomy":"product_tag","embeddable":true,"href":"https:\/\/cosmetic.lv\/lv\/wp-json\/wp\/v2\/product_tag?post=36007"}],"curies":[{"name":"wp","href":"https:\/\/api.w.org\/{rel}","templated":true}]}}