{"id":36018,"date":"2021-02-21T23:02:34","date_gmt":"2021-02-21T21:03:16","guid":{"rendered":"https:\/\/cosmetic.lv\/?post_type=product&#038;p=36018"},"modified":"2021-02-21T23:08:06","modified_gmt":"2021-02-21T21:08:06","slug":"maria-galand-velvet-body-balm-maria-galland-velvet-body-balm-nr-422-200-ml","status":"publish","type":"product","link":"https:\/\/cosmetic.lv\/lv\/product\/maria-galand-velvet-body-balm-maria-galland-velvet-body-balm-nr-422-200-ml\/","title":{"rendered":"Maria Galand  VELVET BODY BALM MARIA GALLAND VELVET BODY BALM Nr. 422, 200 ml"},"content":{"rendered":"<p>Dzi\u013ca un ilgsto\u0161a mitrin\u0101\u0161ana. Komforts un re\u0123ener\u0101cija. Ide\u0101li baro sausu \u0101du, atgrie\u017e komforta saj\u016btu. Saglab\u0101 j\u016bsu \u0101du jaun\u012bb\u0101. Nodro\u0161ina maigumu un silkiness. Visiem \u0101das tipiem, pat jut\u012bg\u0101kajiem, saus\u0101kajiem un \u013coti sausiem. Akt\u012bv\u0101s sast\u0101vda\u013cas: Mitrino\u0161s komplekss: \u2022 Hialuronsk\u0101be: dzi\u013ci mitrina \u0101du, jo t\u0101 sp\u0113j saglab\u0101t \u016bdeni. Hialuronsk\u0101be darbojas k\u0101 s\u016bklis, saglab\u0101 \u016bdeni \u0101d\u0101 un atbr\u012bvo to p\u0113c vajadz\u012bbas. \u2022 Ur\u012bnviela ir viens no \u0101das dab\u012bgajiem mitrino\u0161ajiem faktoriem. \u2022 Glic\u012bns &#8211; aminosk\u0101be, kas ir neat\u0146emama dab\u012bg\u0101 mitrino\u0161\u0101 faktora sast\u0101vda\u013ca. Komplekss &#8220;Defensil&#8221;: nomierina, mazina \u0101das aps\u0101rtumu un kairin\u0101jumu. Tas padara \u0101du z\u012bdainu. Skval\u0113ns: stiprina \u0101das aizsargbarjeru un uztur nepiecie\u0161amo \u0101das mitruma l\u012bmeni. Shea sviests: baro un aizsarg\u0101. Kokosriekstu e\u013c\u013cas ekstrakts: atjauno epidermas aizsargfunkciju, uzlabo \u0101das elast\u012bbu. E vitam\u012bns: antioksidants. Lakricas sak\u0146u ekstrakts: nomierina, nomierina \u0101das kairin\u0101jumu. Lieto\u0161ana: Uzkl\u0101jiet no r\u012bta un \/ vai vakar\u0101 uz visa \u0137erme\u0146a ar pla\u0161u garenvirziena kust\u012bbu. \u0100tri uzs\u016bcas, \u013caujot t\u0113r\u0113t nekav\u0113joties. Iepakojums: 200 ml<\/p>\n","protected":false},"excerpt":{"rendered":"<p>Dzi\u013ca un ilgsto\u0161a mitrin\u0101\u0161ana. Komforts un re\u0123ener\u0101cija. Ide\u0101li baro sausu \u0101du, atgrie\u017e komforta saj\u016btu. Saglab\u0101 j\u016bsu \u0101du jaun\u012bb\u0101. Nodro\u0161ina maigumu<\/p>\n","protected":false},"featured_media":36017,"template":"","meta":[],"product_brand":[],"product_cat":[2277],"product_tag":[],"class_list":{"0":"post-36018","1":"product","2":"type-product","3":"status-publish","4":"has-post-thumbnail","6":"product_cat-maria-galland-francija-lv","8":"first","9":"outofstock","10":"sale","11":"taxable","12":"shipping-taxable","13":"purchasable","14":"product-type-simple"},"yoast_head":"<!-- This site is optimized with the Yoast SEO Premium plugin v27.0 (Yoast SEO v27.0) - https:\/\/yoast.com\/product\/yoast-seo-premium-wordpress\/ -->\n<title>Maria Galand VELVET BODY BALM MARIA GALLAND VELVET BODY BALM Nr. 422, 200 ml - cosmetic.lv<\/title>\n<meta name=\"robots\" content=\"index, follow, max-snippet:-1, max-image-preview:large, max-video-preview:-1\" \/>\n<link rel=\"canonical\" href=\"https:\/\/cosmetic.lv\/lv\/product\/maria-galand-velvet-body-balm-maria-galland-velvet-body-balm-nr-422-200-ml\/\" \/>\n<meta property=\"og:locale\" content=\"lv_LV\" \/>\n<meta property=\"og:type\" content=\"article\" \/>\n<meta property=\"og:title\" content=\"Maria Galand VELVET BODY BALM MARIA GALLAND VELVET BODY BALM Nr. 422, 200 ml\" \/>\n<meta property=\"og:description\" content=\"Dzi\u013ca un ilgsto\u0161a mitrin\u0101\u0161ana. Komforts un re\u0123ener\u0101cija. Ide\u0101li baro sausu \u0101du, atgrie\u017e komforta saj\u016btu. Saglab\u0101 j\u016bsu \u0101du jaun\u012bb\u0101. Nodro\u0161ina maigumu\" \/>\n<meta property=\"og:url\" content=\"https:\/\/cosmetic.lv\/lv\/product\/maria-galand-velvet-body-balm-maria-galland-velvet-body-balm-nr-422-200-ml\/\" \/>\n<meta property=\"og:site_name\" content=\"cosmetic.lv\" \/>\n<meta property=\"article:publisher\" content=\"https:\/\/www.facebook.com\/cosmetic.lv\/\" \/>\n<meta property=\"article:modified_time\" content=\"2021-02-21T21:08:06+00:00\" \/>\n<meta property=\"og:image\" content=\"https:\/\/cosmetic.lv\/wp-content\/uploads\/2021\/02\/422-crema-corpo-vellutata-5.jpg\" \/>\n\t<meta property=\"og:image:width\" content=\"458\" \/>\n\t<meta property=\"og:image:height\" content=\"458\" \/>\n\t<meta property=\"og:image:type\" content=\"image\/jpeg\" \/>\n<meta name=\"twitter:card\" content=\"summary_large_image\" \/>\n<script type=\"application\/ld+json\" class=\"yoast-schema-graph\">{\"@context\":\"https:\/\/schema.org\",\"@graph\":[{\"@type\":\"WebPage\",\"@id\":\"https:\/\/cosmetic.lv\/lv\/product\/maria-galand-velvet-body-balm-maria-galland-velvet-body-balm-nr-422-200-ml\/\",\"url\":\"https:\/\/cosmetic.lv\/lv\/product\/maria-galand-velvet-body-balm-maria-galland-velvet-body-balm-nr-422-200-ml\/\",\"name\":\"Maria Galand VELVET BODY BALM MARIA GALLAND VELVET BODY BALM Nr. 422, 200 ml - cosmetic.lv\",\"isPartOf\":{\"@id\":\"https:\/\/cosmetic.lv\/lv\/#website\"},\"primaryImageOfPage\":{\"@id\":\"https:\/\/cosmetic.lv\/lv\/product\/maria-galand-velvet-body-balm-maria-galland-velvet-body-balm-nr-422-200-ml\/#primaryimage\"},\"image\":{\"@id\":\"https:\/\/cosmetic.lv\/lv\/product\/maria-galand-velvet-body-balm-maria-galland-velvet-body-balm-nr-422-200-ml\/#primaryimage\"},\"thumbnailUrl\":\"https:\/\/cosmetic.lv\/wp-content\/uploads\/2021\/02\/422-crema-corpo-vellutata-5.jpg\",\"datePublished\":\"2021-02-21T21:03:16+00:00\",\"dateModified\":\"2021-02-21T21:08:06+00:00\",\"breadcrumb\":{\"@id\":\"https:\/\/cosmetic.lv\/lv\/product\/maria-galand-velvet-body-balm-maria-galland-velvet-body-balm-nr-422-200-ml\/#breadcrumb\"},\"inLanguage\":\"lv-LV\",\"potentialAction\":[{\"@type\":\"ReadAction\",\"target\":[\"https:\/\/cosmetic.lv\/lv\/product\/maria-galand-velvet-body-balm-maria-galland-velvet-body-balm-nr-422-200-ml\/\"]}]},{\"@type\":\"ImageObject\",\"inLanguage\":\"lv-LV\",\"@id\":\"https:\/\/cosmetic.lv\/lv\/product\/maria-galand-velvet-body-balm-maria-galland-velvet-body-balm-nr-422-200-ml\/#primaryimage\",\"url\":\"https:\/\/cosmetic.lv\/wp-content\/uploads\/2021\/02\/422-crema-corpo-vellutata-5.jpg\",\"contentUrl\":\"https:\/\/cosmetic.lv\/wp-content\/uploads\/2021\/02\/422-crema-corpo-vellutata-5.jpg\",\"width\":458,\"height\":458},{\"@type\":\"BreadcrumbList\",\"@id\":\"https:\/\/cosmetic.lv\/lv\/product\/maria-galand-velvet-body-balm-maria-galland-velvet-body-balm-nr-422-200-ml\/#breadcrumb\",\"itemListElement\":[{\"@type\":\"ListItem\",\"position\":1,\"name\":\"Home\",\"item\":\"https:\/\/cosmetic.lv\/lv\/\"},{\"@type\":\"ListItem\",\"position\":2,\"name\":\"Veikals\",\"item\":\"https:\/\/cosmetic.lv\/lv\/veiklas\/\"},{\"@type\":\"ListItem\",\"position\":3,\"name\":\"Maria Galand VELVET BODY BALM MARIA GALLAND VELVET BODY BALM Nr. 422, 200 ml\"}]},{\"@type\":\"WebSite\",\"@id\":\"https:\/\/cosmetic.lv\/lv\/#website\",\"url\":\"https:\/\/cosmetic.lv\/lv\/\",\"name\":\"cosmetic.lv\",\"description\":\"Profesion\u0101la kosm\u0113tika - Maria Galland, Keune, Arkadija, GMT, Guam, Magiray\",\"publisher\":{\"@id\":\"https:\/\/cosmetic.lv\/lv\/#organization\"},\"potentialAction\":[{\"@type\":\"SearchAction\",\"target\":{\"@type\":\"EntryPoint\",\"urlTemplate\":\"https:\/\/cosmetic.lv\/lv\/?s={search_term_string}\"},\"query-input\":{\"@type\":\"PropertyValueSpecification\",\"valueRequired\":true,\"valueName\":\"search_term_string\"}}],\"inLanguage\":\"lv-LV\"},{\"@type\":\"Organization\",\"@id\":\"https:\/\/cosmetic.lv\/lv\/#organization\",\"name\":\"COSMETIC.LV\",\"url\":\"https:\/\/cosmetic.lv\/lv\/\",\"logo\":{\"@type\":\"ImageObject\",\"inLanguage\":\"lv-LV\",\"@id\":\"https:\/\/cosmetic.lv\/lv\/#\/schema\/logo\/image\/\",\"url\":\"https:\/\/cosmetic.lv\/wp-content\/uploads\/2021\/02\/cosmetic.lv_logo.jpg\",\"contentUrl\":\"https:\/\/cosmetic.lv\/wp-content\/uploads\/2021\/02\/cosmetic.lv_logo.jpg\",\"width\":596,\"height\":196,\"caption\":\"COSMETIC.LV\"},\"image\":{\"@id\":\"https:\/\/cosmetic.lv\/lv\/#\/schema\/logo\/image\/\"},\"sameAs\":[\"https:\/\/www.facebook.com\/cosmetic.lv\/\"]}]}<\/script>\n<meta property=\"product:price:amount\" content=\"39.00\" \/>\n<meta property=\"product:price:currency\" content=\"EUR\" \/>\n<meta property=\"og:availability\" content=\"out of stock\" \/>\n<meta property=\"product:availability\" content=\"out of stock\" \/>\n<meta property=\"product:retailer_item_id\" content=\"mg422\" \/>\n<meta property=\"product:condition\" content=\"new\" \/>\n<!-- \/ Yoast SEO Premium plugin. -->","yoast_head_json":{"title":"Maria Galand VELVET BODY BALM MARIA GALLAND VELVET BODY BALM Nr. 422, 200 ml - cosmetic.lv","robots":{"index":"index","follow":"follow","max-snippet":"max-snippet:-1","max-image-preview":"max-image-preview:large","max-video-preview":"max-video-preview:-1"},"canonical":"https:\/\/cosmetic.lv\/lv\/product\/maria-galand-velvet-body-balm-maria-galland-velvet-body-balm-nr-422-200-ml\/","og_locale":"lv_LV","og_type":"article","og_title":"Maria Galand VELVET BODY BALM MARIA GALLAND VELVET BODY BALM Nr. 422, 200 ml","og_description":"Dzi\u013ca un ilgsto\u0161a mitrin\u0101\u0161ana. Komforts un re\u0123ener\u0101cija. Ide\u0101li baro sausu \u0101du, atgrie\u017e komforta saj\u016btu. Saglab\u0101 j\u016bsu \u0101du jaun\u012bb\u0101. Nodro\u0161ina maigumu","og_url":"https:\/\/cosmetic.lv\/lv\/product\/maria-galand-velvet-body-balm-maria-galland-velvet-body-balm-nr-422-200-ml\/","og_site_name":"cosmetic.lv","article_publisher":"https:\/\/www.facebook.com\/cosmetic.lv\/","article_modified_time":"2021-02-21T21:08:06+00:00","og_image":[{"width":458,"height":458,"url":"https:\/\/cosmetic.lv\/wp-content\/uploads\/2021\/02\/422-crema-corpo-vellutata-5.jpg","type":"image\/jpeg"}],"twitter_card":"summary_large_image","schema":{"@context":"https:\/\/schema.org","@graph":[{"@type":"WebPage","@id":"https:\/\/cosmetic.lv\/lv\/product\/maria-galand-velvet-body-balm-maria-galland-velvet-body-balm-nr-422-200-ml\/","url":"https:\/\/cosmetic.lv\/lv\/product\/maria-galand-velvet-body-balm-maria-galland-velvet-body-balm-nr-422-200-ml\/","name":"Maria Galand VELVET BODY BALM MARIA GALLAND VELVET BODY BALM Nr. 422, 200 ml - cosmetic.lv","isPartOf":{"@id":"https:\/\/cosmetic.lv\/lv\/#website"},"primaryImageOfPage":{"@id":"https:\/\/cosmetic.lv\/lv\/product\/maria-galand-velvet-body-balm-maria-galland-velvet-body-balm-nr-422-200-ml\/#primaryimage"},"image":{"@id":"https:\/\/cosmetic.lv\/lv\/product\/maria-galand-velvet-body-balm-maria-galland-velvet-body-balm-nr-422-200-ml\/#primaryimage"},"thumbnailUrl":"https:\/\/cosmetic.lv\/wp-content\/uploads\/2021\/02\/422-crema-corpo-vellutata-5.jpg","datePublished":"2021-02-21T21:03:16+00:00","dateModified":"2021-02-21T21:08:06+00:00","breadcrumb":{"@id":"https:\/\/cosmetic.lv\/lv\/product\/maria-galand-velvet-body-balm-maria-galland-velvet-body-balm-nr-422-200-ml\/#breadcrumb"},"inLanguage":"lv-LV","potentialAction":[{"@type":"ReadAction","target":["https:\/\/cosmetic.lv\/lv\/product\/maria-galand-velvet-body-balm-maria-galland-velvet-body-balm-nr-422-200-ml\/"]}]},{"@type":"ImageObject","inLanguage":"lv-LV","@id":"https:\/\/cosmetic.lv\/lv\/product\/maria-galand-velvet-body-balm-maria-galland-velvet-body-balm-nr-422-200-ml\/#primaryimage","url":"https:\/\/cosmetic.lv\/wp-content\/uploads\/2021\/02\/422-crema-corpo-vellutata-5.jpg","contentUrl":"https:\/\/cosmetic.lv\/wp-content\/uploads\/2021\/02\/422-crema-corpo-vellutata-5.jpg","width":458,"height":458},{"@type":"BreadcrumbList","@id":"https:\/\/cosmetic.lv\/lv\/product\/maria-galand-velvet-body-balm-maria-galland-velvet-body-balm-nr-422-200-ml\/#breadcrumb","itemListElement":[{"@type":"ListItem","position":1,"name":"Home","item":"https:\/\/cosmetic.lv\/lv\/"},{"@type":"ListItem","position":2,"name":"Veikals","item":"https:\/\/cosmetic.lv\/lv\/veiklas\/"},{"@type":"ListItem","position":3,"name":"Maria Galand VELVET BODY BALM MARIA GALLAND VELVET BODY BALM Nr. 422, 200 ml"}]},{"@type":"WebSite","@id":"https:\/\/cosmetic.lv\/lv\/#website","url":"https:\/\/cosmetic.lv\/lv\/","name":"cosmetic.lv","description":"Profesion\u0101la kosm\u0113tika - Maria Galland, Keune, Arkadija, GMT, Guam, Magiray","publisher":{"@id":"https:\/\/cosmetic.lv\/lv\/#organization"},"potentialAction":[{"@type":"SearchAction","target":{"@type":"EntryPoint","urlTemplate":"https:\/\/cosmetic.lv\/lv\/?s={search_term_string}"},"query-input":{"@type":"PropertyValueSpecification","valueRequired":true,"valueName":"search_term_string"}}],"inLanguage":"lv-LV"},{"@type":"Organization","@id":"https:\/\/cosmetic.lv\/lv\/#organization","name":"COSMETIC.LV","url":"https:\/\/cosmetic.lv\/lv\/","logo":{"@type":"ImageObject","inLanguage":"lv-LV","@id":"https:\/\/cosmetic.lv\/lv\/#\/schema\/logo\/image\/","url":"https:\/\/cosmetic.lv\/wp-content\/uploads\/2021\/02\/cosmetic.lv_logo.jpg","contentUrl":"https:\/\/cosmetic.lv\/wp-content\/uploads\/2021\/02\/cosmetic.lv_logo.jpg","width":596,"height":196,"caption":"COSMETIC.LV"},"image":{"@id":"https:\/\/cosmetic.lv\/lv\/#\/schema\/logo\/image\/"},"sameAs":["https:\/\/www.facebook.com\/cosmetic.lv\/"]}]},"product_price_amount":"39.00","product_price_currency":"EUR","og_availability":"out of stock","product_availability":"out of stock","product_retailer_item_id":"mg422","product_condition":"new"},"_links":{"self":[{"href":"https:\/\/cosmetic.lv\/lv\/wp-json\/wp\/v2\/product\/36018","targetHints":{"allow":["GET"]}}],"collection":[{"href":"https:\/\/cosmetic.lv\/lv\/wp-json\/wp\/v2\/product"}],"about":[{"href":"https:\/\/cosmetic.lv\/lv\/wp-json\/wp\/v2\/types\/product"}],"wp:featuredmedia":[{"embeddable":true,"href":"https:\/\/cosmetic.lv\/lv\/wp-json\/wp\/v2\/media\/36017"}],"wp:attachment":[{"href":"https:\/\/cosmetic.lv\/lv\/wp-json\/wp\/v2\/media?parent=36018"}],"wp:term":[{"taxonomy":"product_brand","embeddable":true,"href":"https:\/\/cosmetic.lv\/lv\/wp-json\/wp\/v2\/product_brand?post=36018"},{"taxonomy":"product_cat","embeddable":true,"href":"https:\/\/cosmetic.lv\/lv\/wp-json\/wp\/v2\/product_cat?post=36018"},{"taxonomy":"product_tag","embeddable":true,"href":"https:\/\/cosmetic.lv\/lv\/wp-json\/wp\/v2\/product_tag?post=36018"}],"curies":[{"name":"wp","href":"https:\/\/api.w.org\/{rel}","templated":true}]}}