{"id":36025,"date":"2021-02-21T23:15:15","date_gmt":"2021-02-21T21:15:52","guid":{"rendered":"https:\/\/cosmetic.lv\/?post_type=product&#038;p=36025"},"modified":"2021-02-22T10:56:38","modified_gmt":"2021-02-22T08:56:38","slug":"maria-galand-add-to-wishlist-maria-galland-650-lift-expert-wrinkle-smoot-acu-krems-15ml","status":"publish","type":"product","link":"https:\/\/cosmetic.lv\/lv\/product\/maria-galand-add-to-wishlist-maria-galland-650-lift-expert-wrinkle-smoot-acu-krems-15ml\/","title":{"rendered":"Maria Galland 650 Lift Expert Wrinkle Smoot acu kr\u0113ms 15ml"},"content":{"rendered":"<p>Apraksts REKL\u0100MAS SAMAZIN\u0100\u0160ANAS INDEKSS 95% REJUVENATION INDEX ZONA IR 69% Dubultas darb\u012bbas formula izl\u012bdzina grumbas acu zon\u0101 un samazina nasolabial krok\u0101m. Z\u0101les uzlabo kolag\u0113na sint\u0113zi, uzlabo \u0101das stingr\u012bbu un elast\u012bbu, samazina t\u016bsku, tum\u0161us lokus un maisi\u0146us zem ac\u012bm. Bez smar\u017eas. Oftalmolo\u0123iski p\u0101rbaud\u012bts. Akt\u012bv\u0101s sast\u0101vda\u013cas: Saldu mande\u013cu prote\u012bnu biopolim\u0113rs: stimul\u0113 kolag\u0113na sint\u0113zi, samazina grumbu un tum\u0161o loku izskatu, aizsarg\u0101 smalku plaksti\u0146u \u0101du. Bioakt\u012bvs pept\u012bdu komplekss: stimul\u0113 \u0101das kolag\u0113na veido\u0161anos. \u0160itake s\u0113\u0146u ekstrakts: uzlabo \u0101das elast\u012bbu, stingr\u012bbu un tonusu. Lieto\u0161ana: Uzkl\u0101jiet uz plaksti\u0146u \u0101das un nasolabial krokojuma laukumu no r\u012bta un vakar\u0101 p\u0113c 640 Serum Lift&#8217;Expert lieto\u0161anas. P\u0113c tam izmantojiet 660 Cream Lift&#8217;Expert. Iepakojums: 15 ml<\/p>\n","protected":false},"excerpt":{"rendered":"<p>Apraksts REKL\u0100MAS SAMAZIN\u0100\u0160ANAS INDEKSS 95% REJUVENATION INDEX ZONA IR 69% Dubultas darb\u012bbas formula izl\u012bdzina grumbas acu zon\u0101 un samazina nasolabial<\/p>\n","protected":false},"featured_media":36033,"template":"","meta":[],"product_brand":[],"product_cat":[2273,2277],"product_tag":[],"class_list":{"0":"post-36025","1":"product","2":"type-product","3":"status-publish","4":"has-post-thumbnail","6":"product_cat-profesionala-kosmetika-sejai-un-kermenim-lv","7":"product_cat-maria-galland-francija-lv","9":"first","10":"instock","11":"sale","12":"taxable","13":"shipping-taxable","14":"purchasable","15":"product-type-simple"},"yoast_head":"<!-- This site is optimized with the Yoast SEO Premium plugin v27.0 (Yoast SEO v27.0) - https:\/\/yoast.com\/product\/yoast-seo-premium-wordpress\/ -->\n<title>Maria Galland 650 Lift Expert Wrinkle Smoot acu kr\u0113ms 15ml - cosmetic.lv<\/title>\n<meta name=\"robots\" content=\"index, follow, max-snippet:-1, max-image-preview:large, max-video-preview:-1\" \/>\n<link rel=\"canonical\" href=\"https:\/\/cosmetic.lv\/lv\/product\/maria-galand-add-to-wishlist-maria-galland-650-lift-expert-wrinkle-smoot-acu-krems-15ml\/\" \/>\n<meta property=\"og:locale\" content=\"lv_LV\" \/>\n<meta property=\"og:type\" content=\"article\" \/>\n<meta property=\"og:title\" content=\"Maria Galland 650 Lift Expert Wrinkle Smoot acu kr\u0113ms 15ml\" \/>\n<meta property=\"og:description\" content=\"Apraksts REKL\u0100MAS SAMAZIN\u0100\u0160ANAS INDEKSS 95% REJUVENATION INDEX ZONA IR 69% Dubultas darb\u012bbas formula izl\u012bdzina grumbas acu zon\u0101 un samazina nasolabial\" \/>\n<meta property=\"og:url\" content=\"https:\/\/cosmetic.lv\/lv\/product\/maria-galand-add-to-wishlist-maria-galland-650-lift-expert-wrinkle-smoot-acu-krems-15ml\/\" \/>\n<meta property=\"og:site_name\" content=\"cosmetic.lv\" \/>\n<meta property=\"article:publisher\" content=\"https:\/\/www.facebook.com\/cosmetic.lv\/\" \/>\n<meta property=\"article:modified_time\" content=\"2021-02-22T08:56:38+00:00\" \/>\n<meta property=\"og:image\" content=\"https:\/\/cosmetic.lv\/wp-content\/uploads\/2021\/02\/maria-galland-650-liftexpert-wrinkle-smoother-750x750-1.jpg\" \/>\n\t<meta property=\"og:image:width\" content=\"750\" \/>\n\t<meta property=\"og:image:height\" content=\"750\" \/>\n\t<meta property=\"og:image:type\" content=\"image\/jpeg\" \/>\n<meta name=\"twitter:card\" content=\"summary_large_image\" \/>\n<script type=\"application\/ld+json\" class=\"yoast-schema-graph\">{\"@context\":\"https:\/\/schema.org\",\"@graph\":[{\"@type\":\"WebPage\",\"@id\":\"https:\/\/cosmetic.lv\/lv\/product\/maria-galand-add-to-wishlist-maria-galland-650-lift-expert-wrinkle-smoot-acu-krems-15ml\/\",\"url\":\"https:\/\/cosmetic.lv\/lv\/product\/maria-galand-add-to-wishlist-maria-galland-650-lift-expert-wrinkle-smoot-acu-krems-15ml\/\",\"name\":\"Maria Galland 650 Lift Expert Wrinkle Smoot acu kr\u0113ms 15ml - cosmetic.lv\",\"isPartOf\":{\"@id\":\"https:\/\/cosmetic.lv\/lv\/#website\"},\"primaryImageOfPage\":{\"@id\":\"https:\/\/cosmetic.lv\/lv\/product\/maria-galand-add-to-wishlist-maria-galland-650-lift-expert-wrinkle-smoot-acu-krems-15ml\/#primaryimage\"},\"image\":{\"@id\":\"https:\/\/cosmetic.lv\/lv\/product\/maria-galand-add-to-wishlist-maria-galland-650-lift-expert-wrinkle-smoot-acu-krems-15ml\/#primaryimage\"},\"thumbnailUrl\":\"https:\/\/cosmetic.lv\/wp-content\/uploads\/2021\/02\/maria-galland-650-liftexpert-wrinkle-smoother-750x750-1.jpg\",\"datePublished\":\"2021-02-21T21:15:52+00:00\",\"dateModified\":\"2021-02-22T08:56:38+00:00\",\"breadcrumb\":{\"@id\":\"https:\/\/cosmetic.lv\/lv\/product\/maria-galand-add-to-wishlist-maria-galland-650-lift-expert-wrinkle-smoot-acu-krems-15ml\/#breadcrumb\"},\"inLanguage\":\"lv-LV\",\"potentialAction\":[{\"@type\":\"ReadAction\",\"target\":[\"https:\/\/cosmetic.lv\/lv\/product\/maria-galand-add-to-wishlist-maria-galland-650-lift-expert-wrinkle-smoot-acu-krems-15ml\/\"]}]},{\"@type\":\"ImageObject\",\"inLanguage\":\"lv-LV\",\"@id\":\"https:\/\/cosmetic.lv\/lv\/product\/maria-galand-add-to-wishlist-maria-galland-650-lift-expert-wrinkle-smoot-acu-krems-15ml\/#primaryimage\",\"url\":\"https:\/\/cosmetic.lv\/wp-content\/uploads\/2021\/02\/maria-galland-650-liftexpert-wrinkle-smoother-750x750-1.jpg\",\"contentUrl\":\"https:\/\/cosmetic.lv\/wp-content\/uploads\/2021\/02\/maria-galland-650-liftexpert-wrinkle-smoother-750x750-1.jpg\",\"width\":750,\"height\":750,\"caption\":\"Maria Galland 650\"},{\"@type\":\"BreadcrumbList\",\"@id\":\"https:\/\/cosmetic.lv\/lv\/product\/maria-galand-add-to-wishlist-maria-galland-650-lift-expert-wrinkle-smoot-acu-krems-15ml\/#breadcrumb\",\"itemListElement\":[{\"@type\":\"ListItem\",\"position\":1,\"name\":\"Home\",\"item\":\"https:\/\/cosmetic.lv\/lv\/\"},{\"@type\":\"ListItem\",\"position\":2,\"name\":\"Veikals\",\"item\":\"https:\/\/cosmetic.lv\/lv\/veiklas\/\"},{\"@type\":\"ListItem\",\"position\":3,\"name\":\"Maria Galland 650 Lift Expert Wrinkle Smoot acu kr\u0113ms 15ml\"}]},{\"@type\":\"WebSite\",\"@id\":\"https:\/\/cosmetic.lv\/lv\/#website\",\"url\":\"https:\/\/cosmetic.lv\/lv\/\",\"name\":\"cosmetic.lv\",\"description\":\"Profesion\u0101la kosm\u0113tika - Maria Galland, Keune, Arkadija, GMT, Guam, Magiray\",\"publisher\":{\"@id\":\"https:\/\/cosmetic.lv\/lv\/#organization\"},\"potentialAction\":[{\"@type\":\"SearchAction\",\"target\":{\"@type\":\"EntryPoint\",\"urlTemplate\":\"https:\/\/cosmetic.lv\/lv\/?s={search_term_string}\"},\"query-input\":{\"@type\":\"PropertyValueSpecification\",\"valueRequired\":true,\"valueName\":\"search_term_string\"}}],\"inLanguage\":\"lv-LV\"},{\"@type\":\"Organization\",\"@id\":\"https:\/\/cosmetic.lv\/lv\/#organization\",\"name\":\"COSMETIC.LV\",\"url\":\"https:\/\/cosmetic.lv\/lv\/\",\"logo\":{\"@type\":\"ImageObject\",\"inLanguage\":\"lv-LV\",\"@id\":\"https:\/\/cosmetic.lv\/lv\/#\/schema\/logo\/image\/\",\"url\":\"https:\/\/cosmetic.lv\/wp-content\/uploads\/2021\/02\/cosmetic.lv_logo.jpg\",\"contentUrl\":\"https:\/\/cosmetic.lv\/wp-content\/uploads\/2021\/02\/cosmetic.lv_logo.jpg\",\"width\":596,\"height\":196,\"caption\":\"COSMETIC.LV\"},\"image\":{\"@id\":\"https:\/\/cosmetic.lv\/lv\/#\/schema\/logo\/image\/\"},\"sameAs\":[\"https:\/\/www.facebook.com\/cosmetic.lv\/\"]}]}<\/script>\n<meta property=\"product:price:amount\" content=\"59.00\" \/>\n<meta property=\"product:price:currency\" content=\"EUR\" \/>\n<meta property=\"og:availability\" content=\"instock\" \/>\n<meta property=\"product:availability\" content=\"instock\" \/>\n<meta property=\"product:condition\" content=\"new\" \/>\n<!-- \/ Yoast SEO Premium plugin. -->","yoast_head_json":{"title":"Maria Galland 650 Lift Expert Wrinkle Smoot acu kr\u0113ms 15ml - cosmetic.lv","robots":{"index":"index","follow":"follow","max-snippet":"max-snippet:-1","max-image-preview":"max-image-preview:large","max-video-preview":"max-video-preview:-1"},"canonical":"https:\/\/cosmetic.lv\/lv\/product\/maria-galand-add-to-wishlist-maria-galland-650-lift-expert-wrinkle-smoot-acu-krems-15ml\/","og_locale":"lv_LV","og_type":"article","og_title":"Maria Galland 650 Lift Expert Wrinkle Smoot acu kr\u0113ms 15ml","og_description":"Apraksts REKL\u0100MAS SAMAZIN\u0100\u0160ANAS INDEKSS 95% REJUVENATION INDEX ZONA IR 69% Dubultas darb\u012bbas formula izl\u012bdzina grumbas acu zon\u0101 un samazina nasolabial","og_url":"https:\/\/cosmetic.lv\/lv\/product\/maria-galand-add-to-wishlist-maria-galland-650-lift-expert-wrinkle-smoot-acu-krems-15ml\/","og_site_name":"cosmetic.lv","article_publisher":"https:\/\/www.facebook.com\/cosmetic.lv\/","article_modified_time":"2021-02-22T08:56:38+00:00","og_image":[{"width":750,"height":750,"url":"https:\/\/cosmetic.lv\/wp-content\/uploads\/2021\/02\/maria-galland-650-liftexpert-wrinkle-smoother-750x750-1.jpg","type":"image\/jpeg"}],"twitter_card":"summary_large_image","schema":{"@context":"https:\/\/schema.org","@graph":[{"@type":"WebPage","@id":"https:\/\/cosmetic.lv\/lv\/product\/maria-galand-add-to-wishlist-maria-galland-650-lift-expert-wrinkle-smoot-acu-krems-15ml\/","url":"https:\/\/cosmetic.lv\/lv\/product\/maria-galand-add-to-wishlist-maria-galland-650-lift-expert-wrinkle-smoot-acu-krems-15ml\/","name":"Maria Galland 650 Lift Expert Wrinkle Smoot acu kr\u0113ms 15ml - cosmetic.lv","isPartOf":{"@id":"https:\/\/cosmetic.lv\/lv\/#website"},"primaryImageOfPage":{"@id":"https:\/\/cosmetic.lv\/lv\/product\/maria-galand-add-to-wishlist-maria-galland-650-lift-expert-wrinkle-smoot-acu-krems-15ml\/#primaryimage"},"image":{"@id":"https:\/\/cosmetic.lv\/lv\/product\/maria-galand-add-to-wishlist-maria-galland-650-lift-expert-wrinkle-smoot-acu-krems-15ml\/#primaryimage"},"thumbnailUrl":"https:\/\/cosmetic.lv\/wp-content\/uploads\/2021\/02\/maria-galland-650-liftexpert-wrinkle-smoother-750x750-1.jpg","datePublished":"2021-02-21T21:15:52+00:00","dateModified":"2021-02-22T08:56:38+00:00","breadcrumb":{"@id":"https:\/\/cosmetic.lv\/lv\/product\/maria-galand-add-to-wishlist-maria-galland-650-lift-expert-wrinkle-smoot-acu-krems-15ml\/#breadcrumb"},"inLanguage":"lv-LV","potentialAction":[{"@type":"ReadAction","target":["https:\/\/cosmetic.lv\/lv\/product\/maria-galand-add-to-wishlist-maria-galland-650-lift-expert-wrinkle-smoot-acu-krems-15ml\/"]}]},{"@type":"ImageObject","inLanguage":"lv-LV","@id":"https:\/\/cosmetic.lv\/lv\/product\/maria-galand-add-to-wishlist-maria-galland-650-lift-expert-wrinkle-smoot-acu-krems-15ml\/#primaryimage","url":"https:\/\/cosmetic.lv\/wp-content\/uploads\/2021\/02\/maria-galland-650-liftexpert-wrinkle-smoother-750x750-1.jpg","contentUrl":"https:\/\/cosmetic.lv\/wp-content\/uploads\/2021\/02\/maria-galland-650-liftexpert-wrinkle-smoother-750x750-1.jpg","width":750,"height":750,"caption":"Maria Galland 650"},{"@type":"BreadcrumbList","@id":"https:\/\/cosmetic.lv\/lv\/product\/maria-galand-add-to-wishlist-maria-galland-650-lift-expert-wrinkle-smoot-acu-krems-15ml\/#breadcrumb","itemListElement":[{"@type":"ListItem","position":1,"name":"Home","item":"https:\/\/cosmetic.lv\/lv\/"},{"@type":"ListItem","position":2,"name":"Veikals","item":"https:\/\/cosmetic.lv\/lv\/veiklas\/"},{"@type":"ListItem","position":3,"name":"Maria Galland 650 Lift Expert Wrinkle Smoot acu kr\u0113ms 15ml"}]},{"@type":"WebSite","@id":"https:\/\/cosmetic.lv\/lv\/#website","url":"https:\/\/cosmetic.lv\/lv\/","name":"cosmetic.lv","description":"Profesion\u0101la kosm\u0113tika - Maria Galland, Keune, Arkadija, GMT, Guam, Magiray","publisher":{"@id":"https:\/\/cosmetic.lv\/lv\/#organization"},"potentialAction":[{"@type":"SearchAction","target":{"@type":"EntryPoint","urlTemplate":"https:\/\/cosmetic.lv\/lv\/?s={search_term_string}"},"query-input":{"@type":"PropertyValueSpecification","valueRequired":true,"valueName":"search_term_string"}}],"inLanguage":"lv-LV"},{"@type":"Organization","@id":"https:\/\/cosmetic.lv\/lv\/#organization","name":"COSMETIC.LV","url":"https:\/\/cosmetic.lv\/lv\/","logo":{"@type":"ImageObject","inLanguage":"lv-LV","@id":"https:\/\/cosmetic.lv\/lv\/#\/schema\/logo\/image\/","url":"https:\/\/cosmetic.lv\/wp-content\/uploads\/2021\/02\/cosmetic.lv_logo.jpg","contentUrl":"https:\/\/cosmetic.lv\/wp-content\/uploads\/2021\/02\/cosmetic.lv_logo.jpg","width":596,"height":196,"caption":"COSMETIC.LV"},"image":{"@id":"https:\/\/cosmetic.lv\/lv\/#\/schema\/logo\/image\/"},"sameAs":["https:\/\/www.facebook.com\/cosmetic.lv\/"]}]},"product_price_amount":"59.00","product_price_currency":"EUR","og_availability":"instock","product_availability":"instock","product_condition":"new"},"_links":{"self":[{"href":"https:\/\/cosmetic.lv\/lv\/wp-json\/wp\/v2\/product\/36025","targetHints":{"allow":["GET"]}}],"collection":[{"href":"https:\/\/cosmetic.lv\/lv\/wp-json\/wp\/v2\/product"}],"about":[{"href":"https:\/\/cosmetic.lv\/lv\/wp-json\/wp\/v2\/types\/product"}],"wp:featuredmedia":[{"embeddable":true,"href":"https:\/\/cosmetic.lv\/lv\/wp-json\/wp\/v2\/media\/36033"}],"wp:attachment":[{"href":"https:\/\/cosmetic.lv\/lv\/wp-json\/wp\/v2\/media?parent=36025"}],"wp:term":[{"taxonomy":"product_brand","embeddable":true,"href":"https:\/\/cosmetic.lv\/lv\/wp-json\/wp\/v2\/product_brand?post=36025"},{"taxonomy":"product_cat","embeddable":true,"href":"https:\/\/cosmetic.lv\/lv\/wp-json\/wp\/v2\/product_cat?post=36025"},{"taxonomy":"product_tag","embeddable":true,"href":"https:\/\/cosmetic.lv\/lv\/wp-json\/wp\/v2\/product_tag?post=36025"}],"curies":[{"name":"wp","href":"https:\/\/api.w.org\/{rel}","templated":true}]}}