{"id":36082,"date":"2021-02-22T23:38:11","date_gmt":"2021-02-22T21:38:46","guid":{"rendered":"https:\/\/cosmetic.lv\/?post_type=product&#038;p=36082"},"modified":"2021-02-22T23:38:46","modified_gmt":"2021-02-22T21:38:46","slug":"maria-galland-380-nakts-maska-lumineclat-overnight-recovery-sleeping-mask-50ml-2","status":"publish","type":"product","link":"https:\/\/cosmetic.lv\/lv\/product\/maria-galland-380-nakts-maska-lumineclat-overnight-recovery-sleeping-mask-50ml-2\/","title":{"rendered":"Maria Galland 380 nakts maska Lumin\u00c9clat Overnight Recovery Sleeping Mask 50ml"},"content":{"rendered":"<p>Grezna nakts miega maska \u200b\u200b\u012bstam br\u012bnumam no r\u012bta: mirdzo\u0161a, atp\u016btusies \u0101da!<\/p>\n<p>Maska nodro\u0161ina intens\u012bvu atjauno\u0161anos, mitrin\u0101\u0161anu un uzturu. Izl\u012bdzina grumbas, atjauno hidro-lip\u012bdu barjeru.<\/p>\n<p>Akt\u012bvie komponenti:<\/p>\n<p>\u2022 NAKTS REGENERAT\u012aVAIS komplekss (\u0161\u012b sviesta, makad\u0101mijas un apriko\u017eu kauli\u0146u e\u013c\u013ca): atjauno \u0101du nakt\u012b, mitrina un intens\u012bvi baro to. M\u012bkstina epidermu un nomierina.<\/p>\n<p>\u2022 4 ziedu komplekss (primrozes, vijol\u012btes, uzacu, z\u012bda koku ziedu ekstrakts): nomierina \u0101du, izl\u012bdzina tekst\u016bru un padara sejas kr\u0101su vienm\u0113r\u012bgu, lai ieg\u016btu vislab\u0101ko gaismas atstarojumu<\/p>\n<p>\u2022 \u0100brah\u0101ma koka (Holy Vitex), E vitam\u012bna un C vitam\u012bna komplekss: padara \u0101du mirdzo\u0161u un izl\u012bdzina grumbas, mitrina un neitraliz\u0113 br\u012bvos radik\u0101\u013cus<\/p>\n<p>\u2022 Mikroa\u013c\u0123u ekstrakts: izl\u012bdzina sejas \u0101du un padara \u0101du mirdzo\u0161u, virsmas reljefs ir vienm\u0113r\u012bgs un uzlabo \u0101das barjeru<\/p>\n<p>\u2022 Roz\u0101 m\u0101ls: pal\u012bdz no\u0146emt \u0101das piemais\u012bjumus, izl\u012bdzina epidermu un regul\u0113 sebuma ra\u017eo\u0161anu<\/p>\n<p>Lieto\u0161ana: Lietojiet vakar\u0101 uz labi att\u012br\u012btas \u0101das 2 &#8211; 3 reizes ned\u0113\u013c\u0101, p\u0113c ULTIM&#8217;BOOST pastiprino\u0161\u0101 seruma uzkl\u0101\u0161anas, kas izv\u0113l\u0113ts \u0101das probl\u0113m\u0101m. Uzkl\u0101jiet masku, izmantojot \u012bpa\u0161u tehniku. Atst\u0101j darboties visu nakti. Ja nepiecie\u0161ams, not\u012briet lieko daudzumu ar pap\u012bra dvieli 15 min\u016btes p\u0113c uzkl\u0101\u0161anas.<\/p>\n<p>Iepakojums: m\u0113\u0123ene 50 ml<\/p>\n","protected":false},"excerpt":{"rendered":"<p>Grezna nakts miega maska \u200b\u200b\u012bstam br\u012bnumam no r\u012bta: mirdzo\u0161a, atp\u016btusies \u0101da! Maska nodro\u0161ina intens\u012bvu atjauno\u0161anos, mitrin\u0101\u0161anu un uzturu. Izl\u012bdzina grumbas,<\/p>\n","protected":false},"featured_media":36081,"template":"","meta":[],"product_brand":[],"product_cat":[2273,2277],"product_tag":[],"class_list":{"0":"post-36082","1":"product","2":"type-product","3":"status-publish","4":"has-post-thumbnail","6":"product_cat-profesionala-kosmetika-sejai-un-kermenim-lv","7":"product_cat-maria-galland-francija-lv","9":"first","10":"instock","11":"taxable","12":"shipping-taxable","13":"purchasable","14":"product-type-simple"},"yoast_head":"<!-- This site is optimized with the Yoast SEO Premium plugin v27.0 (Yoast SEO v27.0) - https:\/\/yoast.com\/product\/yoast-seo-premium-wordpress\/ -->\n<title>Maria Galland 380 nakts maska Lumin\u00c9clat Overnight Recovery Sleeping Mask 50ml - cosmetic.lv<\/title>\n<meta name=\"robots\" content=\"index, follow, max-snippet:-1, max-image-preview:large, max-video-preview:-1\" \/>\n<link rel=\"canonical\" href=\"https:\/\/cosmetic.lv\/lv\/product\/maria-galland-380-nakts-maska-lumineclat-overnight-recovery-sleeping-mask-50ml-2\/\" \/>\n<meta property=\"og:locale\" content=\"lv_LV\" \/>\n<meta property=\"og:type\" content=\"article\" \/>\n<meta property=\"og:title\" content=\"Maria Galland 380 nakts maska Lumin\u00c9clat Overnight Recovery Sleeping Mask 50ml\" \/>\n<meta property=\"og:description\" content=\"Grezna nakts miega maska \u200b\u200b\u012bstam br\u012bnumam no r\u012bta: mirdzo\u0161a, atp\u016btusies \u0101da! Maska nodro\u0161ina intens\u012bvu atjauno\u0161anos, mitrin\u0101\u0161anu un uzturu. Izl\u012bdzina grumbas,\" \/>\n<meta property=\"og:url\" content=\"https:\/\/cosmetic.lv\/lv\/product\/maria-galland-380-nakts-maska-lumineclat-overnight-recovery-sleeping-mask-50ml-2\/\" \/>\n<meta property=\"og:site_name\" content=\"cosmetic.lv\" \/>\n<meta property=\"article:publisher\" content=\"https:\/\/www.facebook.com\/cosmetic.lv\/\" \/>\n<meta property=\"og:image\" content=\"https:\/\/cosmetic.lv\/wp-content\/uploads\/2021\/02\/maria-galland-380-masque-750x750-25.jpg\" \/>\n\t<meta property=\"og:image:width\" content=\"750\" \/>\n\t<meta property=\"og:image:height\" content=\"750\" \/>\n\t<meta property=\"og:image:type\" content=\"image\/jpeg\" \/>\n<meta name=\"twitter:card\" content=\"summary_large_image\" \/>\n<script type=\"application\/ld+json\" class=\"yoast-schema-graph\">{\"@context\":\"https:\/\/schema.org\",\"@graph\":[{\"@type\":\"WebPage\",\"@id\":\"https:\/\/cosmetic.lv\/lv\/product\/maria-galland-380-nakts-maska-lumineclat-overnight-recovery-sleeping-mask-50ml-2\/\",\"url\":\"https:\/\/cosmetic.lv\/lv\/product\/maria-galland-380-nakts-maska-lumineclat-overnight-recovery-sleeping-mask-50ml-2\/\",\"name\":\"Maria Galland 380 nakts maska Lumin\u00c9clat Overnight Recovery Sleeping Mask 50ml - cosmetic.lv\",\"isPartOf\":{\"@id\":\"https:\/\/cosmetic.lv\/lv\/#website\"},\"primaryImageOfPage\":{\"@id\":\"https:\/\/cosmetic.lv\/lv\/product\/maria-galland-380-nakts-maska-lumineclat-overnight-recovery-sleeping-mask-50ml-2\/#primaryimage\"},\"image\":{\"@id\":\"https:\/\/cosmetic.lv\/lv\/product\/maria-galland-380-nakts-maska-lumineclat-overnight-recovery-sleeping-mask-50ml-2\/#primaryimage\"},\"thumbnailUrl\":\"https:\/\/cosmetic.lv\/wp-content\/uploads\/2021\/02\/maria-galland-380-masque-750x750-25.jpg\",\"datePublished\":\"2021-02-22T21:38:46+00:00\",\"breadcrumb\":{\"@id\":\"https:\/\/cosmetic.lv\/lv\/product\/maria-galland-380-nakts-maska-lumineclat-overnight-recovery-sleeping-mask-50ml-2\/#breadcrumb\"},\"inLanguage\":\"lv-LV\",\"potentialAction\":[{\"@type\":\"ReadAction\",\"target\":[\"https:\/\/cosmetic.lv\/lv\/product\/maria-galland-380-nakts-maska-lumineclat-overnight-recovery-sleeping-mask-50ml-2\/\"]}]},{\"@type\":\"ImageObject\",\"inLanguage\":\"lv-LV\",\"@id\":\"https:\/\/cosmetic.lv\/lv\/product\/maria-galland-380-nakts-maska-lumineclat-overnight-recovery-sleeping-mask-50ml-2\/#primaryimage\",\"url\":\"https:\/\/cosmetic.lv\/wp-content\/uploads\/2021\/02\/maria-galland-380-masque-750x750-25.jpg\",\"contentUrl\":\"https:\/\/cosmetic.lv\/wp-content\/uploads\/2021\/02\/maria-galland-380-masque-750x750-25.jpg\",\"width\":750,\"height\":750,\"caption\":\"maria-galland-380\"},{\"@type\":\"BreadcrumbList\",\"@id\":\"https:\/\/cosmetic.lv\/lv\/product\/maria-galland-380-nakts-maska-lumineclat-overnight-recovery-sleeping-mask-50ml-2\/#breadcrumb\",\"itemListElement\":[{\"@type\":\"ListItem\",\"position\":1,\"name\":\"Home\",\"item\":\"https:\/\/cosmetic.lv\/lv\/\"},{\"@type\":\"ListItem\",\"position\":2,\"name\":\"Veikals\",\"item\":\"https:\/\/cosmetic.lv\/lv\/veiklas\/\"},{\"@type\":\"ListItem\",\"position\":3,\"name\":\"Maria Galland 380 nakts maska Lumin\u00c9clat Overnight Recovery Sleeping Mask 50ml\"}]},{\"@type\":\"WebSite\",\"@id\":\"https:\/\/cosmetic.lv\/lv\/#website\",\"url\":\"https:\/\/cosmetic.lv\/lv\/\",\"name\":\"cosmetic.lv\",\"description\":\"Profesion\u0101la kosm\u0113tika - Maria Galland, Keune, Arkadija, GMT, Guam, Magiray\",\"publisher\":{\"@id\":\"https:\/\/cosmetic.lv\/lv\/#organization\"},\"potentialAction\":[{\"@type\":\"SearchAction\",\"target\":{\"@type\":\"EntryPoint\",\"urlTemplate\":\"https:\/\/cosmetic.lv\/lv\/?s={search_term_string}\"},\"query-input\":{\"@type\":\"PropertyValueSpecification\",\"valueRequired\":true,\"valueName\":\"search_term_string\"}}],\"inLanguage\":\"lv-LV\"},{\"@type\":\"Organization\",\"@id\":\"https:\/\/cosmetic.lv\/lv\/#organization\",\"name\":\"COSMETIC.LV\",\"url\":\"https:\/\/cosmetic.lv\/lv\/\",\"logo\":{\"@type\":\"ImageObject\",\"inLanguage\":\"lv-LV\",\"@id\":\"https:\/\/cosmetic.lv\/lv\/#\/schema\/logo\/image\/\",\"url\":\"https:\/\/cosmetic.lv\/wp-content\/uploads\/2021\/02\/cosmetic.lv_logo.jpg\",\"contentUrl\":\"https:\/\/cosmetic.lv\/wp-content\/uploads\/2021\/02\/cosmetic.lv_logo.jpg\",\"width\":596,\"height\":196,\"caption\":\"COSMETIC.LV\"},\"image\":{\"@id\":\"https:\/\/cosmetic.lv\/lv\/#\/schema\/logo\/image\/\"},\"sameAs\":[\"https:\/\/www.facebook.com\/cosmetic.lv\/\"]}]}<\/script>\n<meta property=\"product:price:amount\" content=\"64.90\" \/>\n<meta property=\"product:price:currency\" content=\"EUR\" \/>\n<meta property=\"og:availability\" content=\"instock\" \/>\n<meta property=\"product:availability\" content=\"instock\" \/>\n<meta property=\"product:retailer_item_id\" content=\"mg380\" \/>\n<meta property=\"product:condition\" content=\"new\" \/>\n<!-- \/ Yoast SEO Premium plugin. -->","yoast_head_json":{"title":"Maria Galland 380 nakts maska Lumin\u00c9clat Overnight Recovery Sleeping Mask 50ml - cosmetic.lv","robots":{"index":"index","follow":"follow","max-snippet":"max-snippet:-1","max-image-preview":"max-image-preview:large","max-video-preview":"max-video-preview:-1"},"canonical":"https:\/\/cosmetic.lv\/lv\/product\/maria-galland-380-nakts-maska-lumineclat-overnight-recovery-sleeping-mask-50ml-2\/","og_locale":"lv_LV","og_type":"article","og_title":"Maria Galland 380 nakts maska Lumin\u00c9clat Overnight Recovery Sleeping Mask 50ml","og_description":"Grezna nakts miega maska \u200b\u200b\u012bstam br\u012bnumam no r\u012bta: mirdzo\u0161a, atp\u016btusies \u0101da! Maska nodro\u0161ina intens\u012bvu atjauno\u0161anos, mitrin\u0101\u0161anu un uzturu. Izl\u012bdzina grumbas,","og_url":"https:\/\/cosmetic.lv\/lv\/product\/maria-galland-380-nakts-maska-lumineclat-overnight-recovery-sleeping-mask-50ml-2\/","og_site_name":"cosmetic.lv","article_publisher":"https:\/\/www.facebook.com\/cosmetic.lv\/","og_image":[{"width":750,"height":750,"url":"https:\/\/cosmetic.lv\/wp-content\/uploads\/2021\/02\/maria-galland-380-masque-750x750-25.jpg","type":"image\/jpeg"}],"twitter_card":"summary_large_image","schema":{"@context":"https:\/\/schema.org","@graph":[{"@type":"WebPage","@id":"https:\/\/cosmetic.lv\/lv\/product\/maria-galland-380-nakts-maska-lumineclat-overnight-recovery-sleeping-mask-50ml-2\/","url":"https:\/\/cosmetic.lv\/lv\/product\/maria-galland-380-nakts-maska-lumineclat-overnight-recovery-sleeping-mask-50ml-2\/","name":"Maria Galland 380 nakts maska Lumin\u00c9clat Overnight Recovery Sleeping Mask 50ml - cosmetic.lv","isPartOf":{"@id":"https:\/\/cosmetic.lv\/lv\/#website"},"primaryImageOfPage":{"@id":"https:\/\/cosmetic.lv\/lv\/product\/maria-galland-380-nakts-maska-lumineclat-overnight-recovery-sleeping-mask-50ml-2\/#primaryimage"},"image":{"@id":"https:\/\/cosmetic.lv\/lv\/product\/maria-galland-380-nakts-maska-lumineclat-overnight-recovery-sleeping-mask-50ml-2\/#primaryimage"},"thumbnailUrl":"https:\/\/cosmetic.lv\/wp-content\/uploads\/2021\/02\/maria-galland-380-masque-750x750-25.jpg","datePublished":"2021-02-22T21:38:46+00:00","breadcrumb":{"@id":"https:\/\/cosmetic.lv\/lv\/product\/maria-galland-380-nakts-maska-lumineclat-overnight-recovery-sleeping-mask-50ml-2\/#breadcrumb"},"inLanguage":"lv-LV","potentialAction":[{"@type":"ReadAction","target":["https:\/\/cosmetic.lv\/lv\/product\/maria-galland-380-nakts-maska-lumineclat-overnight-recovery-sleeping-mask-50ml-2\/"]}]},{"@type":"ImageObject","inLanguage":"lv-LV","@id":"https:\/\/cosmetic.lv\/lv\/product\/maria-galland-380-nakts-maska-lumineclat-overnight-recovery-sleeping-mask-50ml-2\/#primaryimage","url":"https:\/\/cosmetic.lv\/wp-content\/uploads\/2021\/02\/maria-galland-380-masque-750x750-25.jpg","contentUrl":"https:\/\/cosmetic.lv\/wp-content\/uploads\/2021\/02\/maria-galland-380-masque-750x750-25.jpg","width":750,"height":750,"caption":"maria-galland-380"},{"@type":"BreadcrumbList","@id":"https:\/\/cosmetic.lv\/lv\/product\/maria-galland-380-nakts-maska-lumineclat-overnight-recovery-sleeping-mask-50ml-2\/#breadcrumb","itemListElement":[{"@type":"ListItem","position":1,"name":"Home","item":"https:\/\/cosmetic.lv\/lv\/"},{"@type":"ListItem","position":2,"name":"Veikals","item":"https:\/\/cosmetic.lv\/lv\/veiklas\/"},{"@type":"ListItem","position":3,"name":"Maria Galland 380 nakts maska Lumin\u00c9clat Overnight Recovery Sleeping Mask 50ml"}]},{"@type":"WebSite","@id":"https:\/\/cosmetic.lv\/lv\/#website","url":"https:\/\/cosmetic.lv\/lv\/","name":"cosmetic.lv","description":"Profesion\u0101la kosm\u0113tika - Maria Galland, Keune, Arkadija, GMT, Guam, Magiray","publisher":{"@id":"https:\/\/cosmetic.lv\/lv\/#organization"},"potentialAction":[{"@type":"SearchAction","target":{"@type":"EntryPoint","urlTemplate":"https:\/\/cosmetic.lv\/lv\/?s={search_term_string}"},"query-input":{"@type":"PropertyValueSpecification","valueRequired":true,"valueName":"search_term_string"}}],"inLanguage":"lv-LV"},{"@type":"Organization","@id":"https:\/\/cosmetic.lv\/lv\/#organization","name":"COSMETIC.LV","url":"https:\/\/cosmetic.lv\/lv\/","logo":{"@type":"ImageObject","inLanguage":"lv-LV","@id":"https:\/\/cosmetic.lv\/lv\/#\/schema\/logo\/image\/","url":"https:\/\/cosmetic.lv\/wp-content\/uploads\/2021\/02\/cosmetic.lv_logo.jpg","contentUrl":"https:\/\/cosmetic.lv\/wp-content\/uploads\/2021\/02\/cosmetic.lv_logo.jpg","width":596,"height":196,"caption":"COSMETIC.LV"},"image":{"@id":"https:\/\/cosmetic.lv\/lv\/#\/schema\/logo\/image\/"},"sameAs":["https:\/\/www.facebook.com\/cosmetic.lv\/"]}]},"product_price_amount":"64.90","product_price_currency":"EUR","og_availability":"instock","product_availability":"instock","product_retailer_item_id":"mg380","product_condition":"new"},"_links":{"self":[{"href":"https:\/\/cosmetic.lv\/lv\/wp-json\/wp\/v2\/product\/36082","targetHints":{"allow":["GET"]}}],"collection":[{"href":"https:\/\/cosmetic.lv\/lv\/wp-json\/wp\/v2\/product"}],"about":[{"href":"https:\/\/cosmetic.lv\/lv\/wp-json\/wp\/v2\/types\/product"}],"wp:featuredmedia":[{"embeddable":true,"href":"https:\/\/cosmetic.lv\/lv\/wp-json\/wp\/v2\/media\/36081"}],"wp:attachment":[{"href":"https:\/\/cosmetic.lv\/lv\/wp-json\/wp\/v2\/media?parent=36082"}],"wp:term":[{"taxonomy":"product_brand","embeddable":true,"href":"https:\/\/cosmetic.lv\/lv\/wp-json\/wp\/v2\/product_brand?post=36082"},{"taxonomy":"product_cat","embeddable":true,"href":"https:\/\/cosmetic.lv\/lv\/wp-json\/wp\/v2\/product_cat?post=36082"},{"taxonomy":"product_tag","embeddable":true,"href":"https:\/\/cosmetic.lv\/lv\/wp-json\/wp\/v2\/product_tag?post=36082"}],"curies":[{"name":"wp","href":"https:\/\/api.w.org\/{rel}","templated":true}]}}