{"id":36087,"date":"2021-02-22T23:54:46","date_gmt":"2021-02-22T21:55:28","guid":{"rendered":"https:\/\/cosmetic.lv\/?post_type=product&#038;p=36087"},"modified":"2021-02-22T23:55:29","modified_gmt":"2021-02-22T21:55:29","slug":"maria-galland-41-krems-skrubis-gentle-exfoliating-cream-for-the-face-50ml-2","status":"publish","type":"product","link":"https:\/\/cosmetic.lv\/lv\/product\/maria-galland-41-krems-skrubis-gentle-exfoliating-cream-for-the-face-50ml-2\/","title":{"rendered":"Maria Galland 41 kr\u0113ms skrubis Gentle Exfoliating Cream for the Face 50ml"},"content":{"rendered":"<p>Unik\u0101lais z\u0101\u013cu sast\u0101vs ietver vissmalk\u0101k\u0101s diatom\u012bta mikrogranulas, kas netraum\u0113 \u0101du, un fermentu subtiliz\u012bnu, kas nodro\u0161ina atmiru\u0161o \u0161\u016bnu meh\u0101nisku p\u012blingu un stimul\u0113 \u0161\u016bnu atjauno\u0161anos. Gommage padara \u0101du mirdzo\u0161u un gludu.<\/p>\n<p>Akt\u012bvie komponenti:<\/p>\n<p>Diatom\u012bta zemes mikrogranulas (nepies\u0101r\u0146o) ir p\u012blinga da\u013ci\u0146as, kas efekt\u012bvi un maigi no\u0146em atmiru\u0161\u0101s \u0101das \u0161\u016bnas.<br \/>\n\u0160\u012b sviests ar augstu A vitam\u012bna saturu baro un aizsarg\u0101 \u0101du, vienlaikus saglab\u0101jot t\u0101s elast\u012bbu.<br \/>\nKukur\u016bzas ekstrakts satur vitam\u012bnus B. Uzlabo \u0161\u016bnu metabolismu.<br \/>\n\u0100frikas Kigelia ekstrakts ar augstu sapon\u012bnu, glikoz\u012bdu un flavono\u012bdu saturu. Uzlabo \u0161\u016bnu metabolismu, nodro\u0161ina \u0101du elast\u012bbu un tonusu.<br \/>\nBisabololam piem\u012bt m\u012bkstino\u0161as, nomierino\u0161as un antibakteri\u0101las \u012bpa\u0161\u012bbas.<br \/>\nSubtiliz\u012bns ir proteol\u012btisks ferments, kas maigi no\u0146em atmiru\u0161\u0101s \u0161\u016bnas. Regul\u0113 \u0101das atjauno\u0161an\u0101s dabisko procesu. Izl\u012bdzina epidermas virsmu.<\/p>\n<p>Lieto\u0161anas metode: 1-2 reizes ned\u0113\u013c\u0101 ar ap\u013cveida kust\u012bb\u0101m uzkl\u0101jiet iepriek\u0161 not\u012br\u012btu (izmantojot l\u012bdzek\u013cus Nr. 60 vai 61.) sejas un kakla \u0101du. Lieto\u0161anas iesp\u0113jas: 1) uz mitras \u0101das &#8211; lai ieg\u016btu maig\u0101ku efektu; 2) uz sausas \u0101das &#8211; intens\u012bv\u0101kai iedarb\u012bbai. R\u016bp\u012bgi izskalojiet ar \u016bdeni. Toniz\u0113jo\u0161a \u0101da ar 62 mat\u0113tu mitrino\u0161u losjonu vai 64 z\u012bdaini m\u012bkstino\u0161u losjonu<\/p>\n<p>Iepakojums: m\u0113\u0123ene 50 ml<\/p>\n","protected":false},"excerpt":{"rendered":"<p>Unik\u0101lais z\u0101\u013cu sast\u0101vs ietver vissmalk\u0101k\u0101s diatom\u012bta mikrogranulas, kas netraum\u0113 \u0101du, un fermentu subtiliz\u012bnu, kas nodro\u0161ina atmiru\u0161o \u0161\u016bnu meh\u0101nisku p\u012blingu un<\/p>\n","protected":false},"featured_media":36086,"template":"","meta":[],"product_brand":[],"product_cat":[2273,2277],"product_tag":[],"class_list":{"0":"post-36087","1":"product","2":"type-product","3":"status-publish","4":"has-post-thumbnail","6":"product_cat-profesionala-kosmetika-sejai-un-kermenim-lv","7":"product_cat-maria-galland-francija-lv","9":"first","10":"instock","11":"taxable","12":"shipping-taxable","13":"purchasable","14":"product-type-simple"},"yoast_head":"<!-- This site is optimized with the Yoast SEO Premium plugin v27.0 (Yoast SEO v27.0) - https:\/\/yoast.com\/product\/yoast-seo-premium-wordpress\/ -->\n<title>Maria Galland 41 kr\u0113ms skrubis Gentle Exfoliating Cream for the Face 50ml - cosmetic.lv<\/title>\n<meta name=\"robots\" content=\"index, follow, max-snippet:-1, max-image-preview:large, max-video-preview:-1\" \/>\n<link rel=\"canonical\" href=\"https:\/\/cosmetic.lv\/lv\/product\/maria-galland-41-krems-skrubis-gentle-exfoliating-cream-for-the-face-50ml-2\/\" \/>\n<meta property=\"og:locale\" content=\"lv_LV\" \/>\n<meta property=\"og:type\" content=\"article\" \/>\n<meta property=\"og:title\" content=\"Maria Galland 41 kr\u0113ms skrubis Gentle Exfoliating Cream for the Face 50ml\" \/>\n<meta property=\"og:description\" content=\"Unik\u0101lais z\u0101\u013cu sast\u0101vs ietver vissmalk\u0101k\u0101s diatom\u012bta mikrogranulas, kas netraum\u0113 \u0101du, un fermentu subtiliz\u012bnu, kas nodro\u0161ina atmiru\u0161o \u0161\u016bnu meh\u0101nisku p\u012blingu un\" \/>\n<meta property=\"og:url\" content=\"https:\/\/cosmetic.lv\/lv\/product\/maria-galland-41-krems-skrubis-gentle-exfoliating-cream-for-the-face-50ml-2\/\" \/>\n<meta property=\"og:site_name\" content=\"cosmetic.lv\" \/>\n<meta property=\"article:publisher\" content=\"https:\/\/www.facebook.com\/cosmetic.lv\/\" \/>\n<meta property=\"article:modified_time\" content=\"2021-02-22T21:55:29+00:00\" \/>\n<meta property=\"og:image\" content=\"https:\/\/cosmetic.lv\/wp-content\/uploads\/2021\/02\/maria-galland-41-750x750-1.jpg\" \/>\n\t<meta property=\"og:image:width\" content=\"750\" \/>\n\t<meta property=\"og:image:height\" content=\"750\" \/>\n\t<meta property=\"og:image:type\" content=\"image\/jpeg\" \/>\n<meta name=\"twitter:card\" content=\"summary_large_image\" \/>\n<script type=\"application\/ld+json\" class=\"yoast-schema-graph\">{\"@context\":\"https:\/\/schema.org\",\"@graph\":[{\"@type\":\"WebPage\",\"@id\":\"https:\/\/cosmetic.lv\/lv\/product\/maria-galland-41-krems-skrubis-gentle-exfoliating-cream-for-the-face-50ml-2\/\",\"url\":\"https:\/\/cosmetic.lv\/lv\/product\/maria-galland-41-krems-skrubis-gentle-exfoliating-cream-for-the-face-50ml-2\/\",\"name\":\"Maria Galland 41 kr\u0113ms skrubis Gentle Exfoliating Cream for the Face 50ml - cosmetic.lv\",\"isPartOf\":{\"@id\":\"https:\/\/cosmetic.lv\/lv\/#website\"},\"primaryImageOfPage\":{\"@id\":\"https:\/\/cosmetic.lv\/lv\/product\/maria-galland-41-krems-skrubis-gentle-exfoliating-cream-for-the-face-50ml-2\/#primaryimage\"},\"image\":{\"@id\":\"https:\/\/cosmetic.lv\/lv\/product\/maria-galland-41-krems-skrubis-gentle-exfoliating-cream-for-the-face-50ml-2\/#primaryimage\"},\"thumbnailUrl\":\"https:\/\/cosmetic.lv\/wp-content\/uploads\/2021\/02\/maria-galland-41-750x750-1.jpg\",\"datePublished\":\"2021-02-22T21:55:28+00:00\",\"dateModified\":\"2021-02-22T21:55:29+00:00\",\"breadcrumb\":{\"@id\":\"https:\/\/cosmetic.lv\/lv\/product\/maria-galland-41-krems-skrubis-gentle-exfoliating-cream-for-the-face-50ml-2\/#breadcrumb\"},\"inLanguage\":\"lv-LV\",\"potentialAction\":[{\"@type\":\"ReadAction\",\"target\":[\"https:\/\/cosmetic.lv\/lv\/product\/maria-galland-41-krems-skrubis-gentle-exfoliating-cream-for-the-face-50ml-2\/\"]}]},{\"@type\":\"ImageObject\",\"inLanguage\":\"lv-LV\",\"@id\":\"https:\/\/cosmetic.lv\/lv\/product\/maria-galland-41-krems-skrubis-gentle-exfoliating-cream-for-the-face-50ml-2\/#primaryimage\",\"url\":\"https:\/\/cosmetic.lv\/wp-content\/uploads\/2021\/02\/maria-galland-41-750x750-1.jpg\",\"contentUrl\":\"https:\/\/cosmetic.lv\/wp-content\/uploads\/2021\/02\/maria-galland-41-750x750-1.jpg\",\"width\":750,\"height\":750,\"caption\":\"maria-galland-41-\"},{\"@type\":\"BreadcrumbList\",\"@id\":\"https:\/\/cosmetic.lv\/lv\/product\/maria-galland-41-krems-skrubis-gentle-exfoliating-cream-for-the-face-50ml-2\/#breadcrumb\",\"itemListElement\":[{\"@type\":\"ListItem\",\"position\":1,\"name\":\"Home\",\"item\":\"https:\/\/cosmetic.lv\/lv\/\"},{\"@type\":\"ListItem\",\"position\":2,\"name\":\"Veikals\",\"item\":\"https:\/\/cosmetic.lv\/lv\/veiklas\/\"},{\"@type\":\"ListItem\",\"position\":3,\"name\":\"Maria Galland 41 kr\u0113ms skrubis Gentle Exfoliating Cream for the Face 50ml\"}]},{\"@type\":\"WebSite\",\"@id\":\"https:\/\/cosmetic.lv\/lv\/#website\",\"url\":\"https:\/\/cosmetic.lv\/lv\/\",\"name\":\"cosmetic.lv\",\"description\":\"Profesion\u0101la kosm\u0113tika - Maria Galland, Keune, Arkadija, GMT, Guam, Magiray\",\"publisher\":{\"@id\":\"https:\/\/cosmetic.lv\/lv\/#organization\"},\"potentialAction\":[{\"@type\":\"SearchAction\",\"target\":{\"@type\":\"EntryPoint\",\"urlTemplate\":\"https:\/\/cosmetic.lv\/lv\/?s={search_term_string}\"},\"query-input\":{\"@type\":\"PropertyValueSpecification\",\"valueRequired\":true,\"valueName\":\"search_term_string\"}}],\"inLanguage\":\"lv-LV\"},{\"@type\":\"Organization\",\"@id\":\"https:\/\/cosmetic.lv\/lv\/#organization\",\"name\":\"COSMETIC.LV\",\"url\":\"https:\/\/cosmetic.lv\/lv\/\",\"logo\":{\"@type\":\"ImageObject\",\"inLanguage\":\"lv-LV\",\"@id\":\"https:\/\/cosmetic.lv\/lv\/#\/schema\/logo\/image\/\",\"url\":\"https:\/\/cosmetic.lv\/wp-content\/uploads\/2021\/02\/cosmetic.lv_logo.jpg\",\"contentUrl\":\"https:\/\/cosmetic.lv\/wp-content\/uploads\/2021\/02\/cosmetic.lv_logo.jpg\",\"width\":596,\"height\":196,\"caption\":\"COSMETIC.LV\"},\"image\":{\"@id\":\"https:\/\/cosmetic.lv\/lv\/#\/schema\/logo\/image\/\"},\"sameAs\":[\"https:\/\/www.facebook.com\/cosmetic.lv\/\"]}]}<\/script>\n<meta property=\"product:price:amount\" content=\"33.00\" \/>\n<meta property=\"product:price:currency\" content=\"EUR\" \/>\n<meta property=\"og:availability\" content=\"instock\" \/>\n<meta property=\"product:availability\" content=\"instock\" \/>\n<meta property=\"product:retailer_item_id\" content=\"mg41\" \/>\n<meta property=\"product:condition\" content=\"new\" \/>\n<!-- \/ Yoast SEO Premium plugin. -->","yoast_head_json":{"title":"Maria Galland 41 kr\u0113ms skrubis Gentle Exfoliating Cream for the Face 50ml - cosmetic.lv","robots":{"index":"index","follow":"follow","max-snippet":"max-snippet:-1","max-image-preview":"max-image-preview:large","max-video-preview":"max-video-preview:-1"},"canonical":"https:\/\/cosmetic.lv\/lv\/product\/maria-galland-41-krems-skrubis-gentle-exfoliating-cream-for-the-face-50ml-2\/","og_locale":"lv_LV","og_type":"article","og_title":"Maria Galland 41 kr\u0113ms skrubis Gentle Exfoliating Cream for the Face 50ml","og_description":"Unik\u0101lais z\u0101\u013cu sast\u0101vs ietver vissmalk\u0101k\u0101s diatom\u012bta mikrogranulas, kas netraum\u0113 \u0101du, un fermentu subtiliz\u012bnu, kas nodro\u0161ina atmiru\u0161o \u0161\u016bnu meh\u0101nisku p\u012blingu un","og_url":"https:\/\/cosmetic.lv\/lv\/product\/maria-galland-41-krems-skrubis-gentle-exfoliating-cream-for-the-face-50ml-2\/","og_site_name":"cosmetic.lv","article_publisher":"https:\/\/www.facebook.com\/cosmetic.lv\/","article_modified_time":"2021-02-22T21:55:29+00:00","og_image":[{"width":750,"height":750,"url":"https:\/\/cosmetic.lv\/wp-content\/uploads\/2021\/02\/maria-galland-41-750x750-1.jpg","type":"image\/jpeg"}],"twitter_card":"summary_large_image","schema":{"@context":"https:\/\/schema.org","@graph":[{"@type":"WebPage","@id":"https:\/\/cosmetic.lv\/lv\/product\/maria-galland-41-krems-skrubis-gentle-exfoliating-cream-for-the-face-50ml-2\/","url":"https:\/\/cosmetic.lv\/lv\/product\/maria-galland-41-krems-skrubis-gentle-exfoliating-cream-for-the-face-50ml-2\/","name":"Maria Galland 41 kr\u0113ms skrubis Gentle Exfoliating Cream for the Face 50ml - cosmetic.lv","isPartOf":{"@id":"https:\/\/cosmetic.lv\/lv\/#website"},"primaryImageOfPage":{"@id":"https:\/\/cosmetic.lv\/lv\/product\/maria-galland-41-krems-skrubis-gentle-exfoliating-cream-for-the-face-50ml-2\/#primaryimage"},"image":{"@id":"https:\/\/cosmetic.lv\/lv\/product\/maria-galland-41-krems-skrubis-gentle-exfoliating-cream-for-the-face-50ml-2\/#primaryimage"},"thumbnailUrl":"https:\/\/cosmetic.lv\/wp-content\/uploads\/2021\/02\/maria-galland-41-750x750-1.jpg","datePublished":"2021-02-22T21:55:28+00:00","dateModified":"2021-02-22T21:55:29+00:00","breadcrumb":{"@id":"https:\/\/cosmetic.lv\/lv\/product\/maria-galland-41-krems-skrubis-gentle-exfoliating-cream-for-the-face-50ml-2\/#breadcrumb"},"inLanguage":"lv-LV","potentialAction":[{"@type":"ReadAction","target":["https:\/\/cosmetic.lv\/lv\/product\/maria-galland-41-krems-skrubis-gentle-exfoliating-cream-for-the-face-50ml-2\/"]}]},{"@type":"ImageObject","inLanguage":"lv-LV","@id":"https:\/\/cosmetic.lv\/lv\/product\/maria-galland-41-krems-skrubis-gentle-exfoliating-cream-for-the-face-50ml-2\/#primaryimage","url":"https:\/\/cosmetic.lv\/wp-content\/uploads\/2021\/02\/maria-galland-41-750x750-1.jpg","contentUrl":"https:\/\/cosmetic.lv\/wp-content\/uploads\/2021\/02\/maria-galland-41-750x750-1.jpg","width":750,"height":750,"caption":"maria-galland-41-"},{"@type":"BreadcrumbList","@id":"https:\/\/cosmetic.lv\/lv\/product\/maria-galland-41-krems-skrubis-gentle-exfoliating-cream-for-the-face-50ml-2\/#breadcrumb","itemListElement":[{"@type":"ListItem","position":1,"name":"Home","item":"https:\/\/cosmetic.lv\/lv\/"},{"@type":"ListItem","position":2,"name":"Veikals","item":"https:\/\/cosmetic.lv\/lv\/veiklas\/"},{"@type":"ListItem","position":3,"name":"Maria Galland 41 kr\u0113ms skrubis Gentle Exfoliating Cream for the Face 50ml"}]},{"@type":"WebSite","@id":"https:\/\/cosmetic.lv\/lv\/#website","url":"https:\/\/cosmetic.lv\/lv\/","name":"cosmetic.lv","description":"Profesion\u0101la kosm\u0113tika - Maria Galland, Keune, Arkadija, GMT, Guam, Magiray","publisher":{"@id":"https:\/\/cosmetic.lv\/lv\/#organization"},"potentialAction":[{"@type":"SearchAction","target":{"@type":"EntryPoint","urlTemplate":"https:\/\/cosmetic.lv\/lv\/?s={search_term_string}"},"query-input":{"@type":"PropertyValueSpecification","valueRequired":true,"valueName":"search_term_string"}}],"inLanguage":"lv-LV"},{"@type":"Organization","@id":"https:\/\/cosmetic.lv\/lv\/#organization","name":"COSMETIC.LV","url":"https:\/\/cosmetic.lv\/lv\/","logo":{"@type":"ImageObject","inLanguage":"lv-LV","@id":"https:\/\/cosmetic.lv\/lv\/#\/schema\/logo\/image\/","url":"https:\/\/cosmetic.lv\/wp-content\/uploads\/2021\/02\/cosmetic.lv_logo.jpg","contentUrl":"https:\/\/cosmetic.lv\/wp-content\/uploads\/2021\/02\/cosmetic.lv_logo.jpg","width":596,"height":196,"caption":"COSMETIC.LV"},"image":{"@id":"https:\/\/cosmetic.lv\/lv\/#\/schema\/logo\/image\/"},"sameAs":["https:\/\/www.facebook.com\/cosmetic.lv\/"]}]},"product_price_amount":"33.00","product_price_currency":"EUR","og_availability":"instock","product_availability":"instock","product_retailer_item_id":"mg41","product_condition":"new"},"_links":{"self":[{"href":"https:\/\/cosmetic.lv\/lv\/wp-json\/wp\/v2\/product\/36087","targetHints":{"allow":["GET"]}}],"collection":[{"href":"https:\/\/cosmetic.lv\/lv\/wp-json\/wp\/v2\/product"}],"about":[{"href":"https:\/\/cosmetic.lv\/lv\/wp-json\/wp\/v2\/types\/product"}],"wp:featuredmedia":[{"embeddable":true,"href":"https:\/\/cosmetic.lv\/lv\/wp-json\/wp\/v2\/media\/36086"}],"wp:attachment":[{"href":"https:\/\/cosmetic.lv\/lv\/wp-json\/wp\/v2\/media?parent=36087"}],"wp:term":[{"taxonomy":"product_brand","embeddable":true,"href":"https:\/\/cosmetic.lv\/lv\/wp-json\/wp\/v2\/product_brand?post=36087"},{"taxonomy":"product_cat","embeddable":true,"href":"https:\/\/cosmetic.lv\/lv\/wp-json\/wp\/v2\/product_cat?post=36087"},{"taxonomy":"product_tag","embeddable":true,"href":"https:\/\/cosmetic.lv\/lv\/wp-json\/wp\/v2\/product_tag?post=36087"}],"curies":[{"name":"wp","href":"https:\/\/api.w.org\/{rel}","templated":true}]}}