{"id":36100,"date":"2021-02-23T00:04:22","date_gmt":"2021-02-22T22:04:57","guid":{"rendered":"https:\/\/cosmetic.lv\/?post_type=product&#038;p=36100"},"modified":"2021-02-23T00:04:57","modified_gmt":"2021-02-22T22:04:57","slug":"maria-galland-62-sejas-losjons-hydra-matite-facial-lotion-200-ml-2","status":"publish","type":"product","link":"https:\/\/cosmetic.lv\/lv\/product\/maria-galland-62-sejas-losjons-hydra-matite-facial-lotion-200-ml-2\/","title":{"rendered":"Maria Galland 62 sejas losjons Hydra Matit\u00e9 Facial Lotion 200 ml"},"content":{"rendered":"<p>Tas no\u0146em atmiru\u0161\u0101s \u0161\u016bnas no epidermas virsmas, normaliz\u0113 tauku dziedzeru sekr\u0113ciju, savelk poras, uzlabo sejas kr\u0101su un tai piem\u012bt mat\u0113jo\u0161as \u012bpa\u0161\u012bbas. M\u012bkstina un nomierina \u0101du, atjauno t\u0101s optim\u0101lo mitruma l\u012bmeni. Uztur dabisko pH l\u012bmeni, normaliz\u0113jot \u0101das mikrobiomas l\u012bdzsvaru. Nesatur alkoholu.<\/p>\n<p>Akt\u012bvie komponenti:<\/p>\n<p>Alanto\u012bns m\u012bkstina un nomierina \u0101du.<br \/>\nN\u0101trija pirolidokarbon\u0101tam ir keratol\u012btisks efekts.<br \/>\nJ\u016bras a\u013c\u0123u ekstrakts stimul\u0113 un mitrina \u0101du.<br \/>\nJ\u016bras kr\u012bta ekstrakts atjauno \u0101das mirdzumu.<\/p>\n<p>Lieto\u0161ana: samitriniet kokvilnas s\u016bkli ar losjonu un berz\u0113jiet sejas un kakla \u0101du pa horizont\u0101l\u0101m mas\u0101\u017eas l\u012bnij\u0101m. Uzkl\u0101jiet p\u0113c katras kosm\u0113tikas no\u0146em\u0161anas vai jebkur\u0101 dienas laik\u0101, lai atsvaidzin\u0101tu \u0101du.<\/p>\n<p>Iepakojums: pudele ar s\u016bkni 200 ml<\/p>\n","protected":false},"excerpt":{"rendered":"<p>Tas no\u0146em atmiru\u0161\u0101s \u0161\u016bnas no epidermas virsmas, normaliz\u0113 tauku dziedzeru sekr\u0113ciju, savelk poras, uzlabo sejas kr\u0101su un tai piem\u012bt mat\u0113jo\u0161as<\/p>\n","protected":false},"featured_media":36099,"template":"","meta":[],"product_brand":[],"product_cat":[2273,2277],"product_tag":[],"class_list":{"0":"post-36100","1":"product","2":"type-product","3":"status-publish","4":"has-post-thumbnail","6":"product_cat-profesionala-kosmetika-sejai-un-kermenim-lv","7":"product_cat-maria-galland-francija-lv","9":"first","10":"instock","11":"taxable","12":"shipping-taxable","13":"purchasable","14":"product-type-simple"},"yoast_head":"<!-- This site is optimized with the Yoast SEO Premium plugin v27.0 (Yoast SEO v27.0) - https:\/\/yoast.com\/product\/yoast-seo-premium-wordpress\/ -->\n<title>Maria Galland 62 sejas losjons Hydra Matit\u00e9 Facial Lotion 200 ml - cosmetic.lv<\/title>\n<meta name=\"robots\" content=\"index, follow, max-snippet:-1, max-image-preview:large, max-video-preview:-1\" \/>\n<link rel=\"canonical\" href=\"https:\/\/cosmetic.lv\/lv\/product\/maria-galland-62-sejas-losjons-hydra-matite-facial-lotion-200-ml-2\/\" \/>\n<meta property=\"og:locale\" content=\"lv_LV\" \/>\n<meta property=\"og:type\" content=\"article\" \/>\n<meta property=\"og:title\" content=\"Maria Galland 62 sejas losjons Hydra Matit\u00e9 Facial Lotion 200 ml\" \/>\n<meta property=\"og:description\" content=\"Tas no\u0146em atmiru\u0161\u0101s \u0161\u016bnas no epidermas virsmas, normaliz\u0113 tauku dziedzeru sekr\u0113ciju, savelk poras, uzlabo sejas kr\u0101su un tai piem\u012bt mat\u0113jo\u0161as\" \/>\n<meta property=\"og:url\" content=\"https:\/\/cosmetic.lv\/lv\/product\/maria-galland-62-sejas-losjons-hydra-matite-facial-lotion-200-ml-2\/\" \/>\n<meta property=\"og:site_name\" content=\"cosmetic.lv\" \/>\n<meta property=\"article:publisher\" content=\"https:\/\/www.facebook.com\/cosmetic.lv\/\" \/>\n<meta property=\"og:image\" content=\"https:\/\/cosmetic.lv\/wp-content\/uploads\/2021\/02\/maria-galland-62-750x750-1.jpg\" \/>\n\t<meta property=\"og:image:width\" content=\"750\" \/>\n\t<meta property=\"og:image:height\" content=\"750\" \/>\n\t<meta property=\"og:image:type\" content=\"image\/jpeg\" \/>\n<meta name=\"twitter:card\" content=\"summary_large_image\" \/>\n<script type=\"application\/ld+json\" class=\"yoast-schema-graph\">{\"@context\":\"https:\/\/schema.org\",\"@graph\":[{\"@type\":\"WebPage\",\"@id\":\"https:\/\/cosmetic.lv\/lv\/product\/maria-galland-62-sejas-losjons-hydra-matite-facial-lotion-200-ml-2\/\",\"url\":\"https:\/\/cosmetic.lv\/lv\/product\/maria-galland-62-sejas-losjons-hydra-matite-facial-lotion-200-ml-2\/\",\"name\":\"Maria Galland 62 sejas losjons Hydra Matit\u00e9 Facial Lotion 200 ml - cosmetic.lv\",\"isPartOf\":{\"@id\":\"https:\/\/cosmetic.lv\/lv\/#website\"},\"primaryImageOfPage\":{\"@id\":\"https:\/\/cosmetic.lv\/lv\/product\/maria-galland-62-sejas-losjons-hydra-matite-facial-lotion-200-ml-2\/#primaryimage\"},\"image\":{\"@id\":\"https:\/\/cosmetic.lv\/lv\/product\/maria-galland-62-sejas-losjons-hydra-matite-facial-lotion-200-ml-2\/#primaryimage\"},\"thumbnailUrl\":\"https:\/\/cosmetic.lv\/wp-content\/uploads\/2021\/02\/maria-galland-62-750x750-1.jpg\",\"datePublished\":\"2021-02-22T22:04:57+00:00\",\"breadcrumb\":{\"@id\":\"https:\/\/cosmetic.lv\/lv\/product\/maria-galland-62-sejas-losjons-hydra-matite-facial-lotion-200-ml-2\/#breadcrumb\"},\"inLanguage\":\"lv-LV\",\"potentialAction\":[{\"@type\":\"ReadAction\",\"target\":[\"https:\/\/cosmetic.lv\/lv\/product\/maria-galland-62-sejas-losjons-hydra-matite-facial-lotion-200-ml-2\/\"]}]},{\"@type\":\"ImageObject\",\"inLanguage\":\"lv-LV\",\"@id\":\"https:\/\/cosmetic.lv\/lv\/product\/maria-galland-62-sejas-losjons-hydra-matite-facial-lotion-200-ml-2\/#primaryimage\",\"url\":\"https:\/\/cosmetic.lv\/wp-content\/uploads\/2021\/02\/maria-galland-62-750x750-1.jpg\",\"contentUrl\":\"https:\/\/cosmetic.lv\/wp-content\/uploads\/2021\/02\/maria-galland-62-750x750-1.jpg\",\"width\":750,\"height\":750,\"caption\":\"maria-galland-62\"},{\"@type\":\"BreadcrumbList\",\"@id\":\"https:\/\/cosmetic.lv\/lv\/product\/maria-galland-62-sejas-losjons-hydra-matite-facial-lotion-200-ml-2\/#breadcrumb\",\"itemListElement\":[{\"@type\":\"ListItem\",\"position\":1,\"name\":\"Home\",\"item\":\"https:\/\/cosmetic.lv\/lv\/\"},{\"@type\":\"ListItem\",\"position\":2,\"name\":\"Veikals\",\"item\":\"https:\/\/cosmetic.lv\/lv\/veiklas\/\"},{\"@type\":\"ListItem\",\"position\":3,\"name\":\"Maria Galland 62 sejas losjons Hydra Matit\u00e9 Facial Lotion 200 ml\"}]},{\"@type\":\"WebSite\",\"@id\":\"https:\/\/cosmetic.lv\/lv\/#website\",\"url\":\"https:\/\/cosmetic.lv\/lv\/\",\"name\":\"cosmetic.lv\",\"description\":\"Profesion\u0101la kosm\u0113tika - Maria Galland, Keune, Arkadija, GMT, Guam, Magiray\",\"publisher\":{\"@id\":\"https:\/\/cosmetic.lv\/lv\/#organization\"},\"potentialAction\":[{\"@type\":\"SearchAction\",\"target\":{\"@type\":\"EntryPoint\",\"urlTemplate\":\"https:\/\/cosmetic.lv\/lv\/?s={search_term_string}\"},\"query-input\":{\"@type\":\"PropertyValueSpecification\",\"valueRequired\":true,\"valueName\":\"search_term_string\"}}],\"inLanguage\":\"lv-LV\"},{\"@type\":\"Organization\",\"@id\":\"https:\/\/cosmetic.lv\/lv\/#organization\",\"name\":\"COSMETIC.LV\",\"url\":\"https:\/\/cosmetic.lv\/lv\/\",\"logo\":{\"@type\":\"ImageObject\",\"inLanguage\":\"lv-LV\",\"@id\":\"https:\/\/cosmetic.lv\/lv\/#\/schema\/logo\/image\/\",\"url\":\"https:\/\/cosmetic.lv\/wp-content\/uploads\/2021\/02\/cosmetic.lv_logo.jpg\",\"contentUrl\":\"https:\/\/cosmetic.lv\/wp-content\/uploads\/2021\/02\/cosmetic.lv_logo.jpg\",\"width\":596,\"height\":196,\"caption\":\"COSMETIC.LV\"},\"image\":{\"@id\":\"https:\/\/cosmetic.lv\/lv\/#\/schema\/logo\/image\/\"},\"sameAs\":[\"https:\/\/www.facebook.com\/cosmetic.lv\/\"]}]}<\/script>\n<meta property=\"product:price:amount\" content=\"33.00\" \/>\n<meta property=\"product:price:currency\" content=\"EUR\" \/>\n<meta property=\"og:availability\" content=\"instock\" \/>\n<meta property=\"product:availability\" content=\"instock\" \/>\n<meta property=\"product:retailer_item_id\" content=\"mg62\" \/>\n<meta property=\"product:condition\" content=\"new\" \/>\n<!-- \/ Yoast SEO Premium plugin. -->","yoast_head_json":{"title":"Maria Galland 62 sejas losjons Hydra Matit\u00e9 Facial Lotion 200 ml - cosmetic.lv","robots":{"index":"index","follow":"follow","max-snippet":"max-snippet:-1","max-image-preview":"max-image-preview:large","max-video-preview":"max-video-preview:-1"},"canonical":"https:\/\/cosmetic.lv\/lv\/product\/maria-galland-62-sejas-losjons-hydra-matite-facial-lotion-200-ml-2\/","og_locale":"lv_LV","og_type":"article","og_title":"Maria Galland 62 sejas losjons Hydra Matit\u00e9 Facial Lotion 200 ml","og_description":"Tas no\u0146em atmiru\u0161\u0101s \u0161\u016bnas no epidermas virsmas, normaliz\u0113 tauku dziedzeru sekr\u0113ciju, savelk poras, uzlabo sejas kr\u0101su un tai piem\u012bt mat\u0113jo\u0161as","og_url":"https:\/\/cosmetic.lv\/lv\/product\/maria-galland-62-sejas-losjons-hydra-matite-facial-lotion-200-ml-2\/","og_site_name":"cosmetic.lv","article_publisher":"https:\/\/www.facebook.com\/cosmetic.lv\/","og_image":[{"width":750,"height":750,"url":"https:\/\/cosmetic.lv\/wp-content\/uploads\/2021\/02\/maria-galland-62-750x750-1.jpg","type":"image\/jpeg"}],"twitter_card":"summary_large_image","schema":{"@context":"https:\/\/schema.org","@graph":[{"@type":"WebPage","@id":"https:\/\/cosmetic.lv\/lv\/product\/maria-galland-62-sejas-losjons-hydra-matite-facial-lotion-200-ml-2\/","url":"https:\/\/cosmetic.lv\/lv\/product\/maria-galland-62-sejas-losjons-hydra-matite-facial-lotion-200-ml-2\/","name":"Maria Galland 62 sejas losjons Hydra Matit\u00e9 Facial Lotion 200 ml - cosmetic.lv","isPartOf":{"@id":"https:\/\/cosmetic.lv\/lv\/#website"},"primaryImageOfPage":{"@id":"https:\/\/cosmetic.lv\/lv\/product\/maria-galland-62-sejas-losjons-hydra-matite-facial-lotion-200-ml-2\/#primaryimage"},"image":{"@id":"https:\/\/cosmetic.lv\/lv\/product\/maria-galland-62-sejas-losjons-hydra-matite-facial-lotion-200-ml-2\/#primaryimage"},"thumbnailUrl":"https:\/\/cosmetic.lv\/wp-content\/uploads\/2021\/02\/maria-galland-62-750x750-1.jpg","datePublished":"2021-02-22T22:04:57+00:00","breadcrumb":{"@id":"https:\/\/cosmetic.lv\/lv\/product\/maria-galland-62-sejas-losjons-hydra-matite-facial-lotion-200-ml-2\/#breadcrumb"},"inLanguage":"lv-LV","potentialAction":[{"@type":"ReadAction","target":["https:\/\/cosmetic.lv\/lv\/product\/maria-galland-62-sejas-losjons-hydra-matite-facial-lotion-200-ml-2\/"]}]},{"@type":"ImageObject","inLanguage":"lv-LV","@id":"https:\/\/cosmetic.lv\/lv\/product\/maria-galland-62-sejas-losjons-hydra-matite-facial-lotion-200-ml-2\/#primaryimage","url":"https:\/\/cosmetic.lv\/wp-content\/uploads\/2021\/02\/maria-galland-62-750x750-1.jpg","contentUrl":"https:\/\/cosmetic.lv\/wp-content\/uploads\/2021\/02\/maria-galland-62-750x750-1.jpg","width":750,"height":750,"caption":"maria-galland-62"},{"@type":"BreadcrumbList","@id":"https:\/\/cosmetic.lv\/lv\/product\/maria-galland-62-sejas-losjons-hydra-matite-facial-lotion-200-ml-2\/#breadcrumb","itemListElement":[{"@type":"ListItem","position":1,"name":"Home","item":"https:\/\/cosmetic.lv\/lv\/"},{"@type":"ListItem","position":2,"name":"Veikals","item":"https:\/\/cosmetic.lv\/lv\/veiklas\/"},{"@type":"ListItem","position":3,"name":"Maria Galland 62 sejas losjons Hydra Matit\u00e9 Facial Lotion 200 ml"}]},{"@type":"WebSite","@id":"https:\/\/cosmetic.lv\/lv\/#website","url":"https:\/\/cosmetic.lv\/lv\/","name":"cosmetic.lv","description":"Profesion\u0101la kosm\u0113tika - Maria Galland, Keune, Arkadija, GMT, Guam, Magiray","publisher":{"@id":"https:\/\/cosmetic.lv\/lv\/#organization"},"potentialAction":[{"@type":"SearchAction","target":{"@type":"EntryPoint","urlTemplate":"https:\/\/cosmetic.lv\/lv\/?s={search_term_string}"},"query-input":{"@type":"PropertyValueSpecification","valueRequired":true,"valueName":"search_term_string"}}],"inLanguage":"lv-LV"},{"@type":"Organization","@id":"https:\/\/cosmetic.lv\/lv\/#organization","name":"COSMETIC.LV","url":"https:\/\/cosmetic.lv\/lv\/","logo":{"@type":"ImageObject","inLanguage":"lv-LV","@id":"https:\/\/cosmetic.lv\/lv\/#\/schema\/logo\/image\/","url":"https:\/\/cosmetic.lv\/wp-content\/uploads\/2021\/02\/cosmetic.lv_logo.jpg","contentUrl":"https:\/\/cosmetic.lv\/wp-content\/uploads\/2021\/02\/cosmetic.lv_logo.jpg","width":596,"height":196,"caption":"COSMETIC.LV"},"image":{"@id":"https:\/\/cosmetic.lv\/lv\/#\/schema\/logo\/image\/"},"sameAs":["https:\/\/www.facebook.com\/cosmetic.lv\/"]}]},"product_price_amount":"33.00","product_price_currency":"EUR","og_availability":"instock","product_availability":"instock","product_retailer_item_id":"mg62","product_condition":"new"},"_links":{"self":[{"href":"https:\/\/cosmetic.lv\/lv\/wp-json\/wp\/v2\/product\/36100","targetHints":{"allow":["GET"]}}],"collection":[{"href":"https:\/\/cosmetic.lv\/lv\/wp-json\/wp\/v2\/product"}],"about":[{"href":"https:\/\/cosmetic.lv\/lv\/wp-json\/wp\/v2\/types\/product"}],"wp:featuredmedia":[{"embeddable":true,"href":"https:\/\/cosmetic.lv\/lv\/wp-json\/wp\/v2\/media\/36099"}],"wp:attachment":[{"href":"https:\/\/cosmetic.lv\/lv\/wp-json\/wp\/v2\/media?parent=36100"}],"wp:term":[{"taxonomy":"product_brand","embeddable":true,"href":"https:\/\/cosmetic.lv\/lv\/wp-json\/wp\/v2\/product_brand?post=36100"},{"taxonomy":"product_cat","embeddable":true,"href":"https:\/\/cosmetic.lv\/lv\/wp-json\/wp\/v2\/product_cat?post=36100"},{"taxonomy":"product_tag","embeddable":true,"href":"https:\/\/cosmetic.lv\/lv\/wp-json\/wp\/v2\/product_tag?post=36100"}],"curies":[{"name":"wp","href":"https:\/\/api.w.org\/{rel}","templated":true}]}}