{"id":36114,"date":"2021-02-23T00:19:16","date_gmt":"2021-02-22T22:20:00","guid":{"rendered":"https:\/\/cosmetic.lv\/?post_type=product&#038;p=36114"},"modified":"2021-02-23T00:20:00","modified_gmt":"2021-02-22T22:20:00","slug":"maria-galland-67-ella-pienins-oil-in-milk-sublime-cleanser-200ml-2","status":"publish","type":"product","link":"https:\/\/cosmetic.lv\/lv\/product\/maria-galland-67-ella-pienins-oil-in-milk-sublime-cleanser-200ml-2\/","title":{"rendered":"Maria Galland 67 e\u013c\u013ca pieni\u0146\u0161 OIL-IN-MILK SUBLIME CLEANSER 200ml"},"content":{"rendered":"<p>Smalk\u0101k\u0101 e\u013c\u013ca, non\u0101kot saskar\u0113 ar \u016bdeni, p\u0101rv\u0113r\u0161as par emulsiju, dzi\u013ci att\u012bra \u0101du, uzreiz iz\u0161\u0137\u012bdinot kosm\u0113tiku, piemais\u012bjumus un lieko sebumu, kas ir \u012bpa\u0161i svar\u012bgi taukainai \u0101dai.<\/p>\n<p>Bag\u0101ts ar mikroelementiem un miner\u0101ls\u0101\u013ciem, j\u016bras kriptums formul\u0101 no\u0146em toks\u012bnus un atdz\u012bvina \u0101du.<\/p>\n<p>Br\u016bno a\u013c\u0123u un E vitam\u012bna kombin\u0101cija mitrina epidermu, izl\u012bdzina t\u0101s reljefu un atjauno \u0101das barjeru, atgrie\u017eot sejai vienm\u0113r\u012bgu mirdzo\u0161u toni.200ml<\/p>\n","protected":false},"excerpt":{"rendered":"<p>Smalk\u0101k\u0101 e\u013c\u013ca, non\u0101kot saskar\u0113 ar \u016bdeni, p\u0101rv\u0113r\u0161as par emulsiju, dzi\u013ci att\u012bra \u0101du, uzreiz iz\u0161\u0137\u012bdinot kosm\u0113tiku, piemais\u012bjumus un lieko sebumu, kas<\/p>\n","protected":false},"featured_media":36113,"template":"","meta":[],"product_brand":[],"product_cat":[2273,2277],"product_tag":[],"class_list":{"0":"post-36114","1":"product","2":"type-product","3":"status-publish","4":"has-post-thumbnail","6":"product_cat-profesionala-kosmetika-sejai-un-kermenim-lv","7":"product_cat-maria-galland-francija-lv","9":"first","10":"instock","11":"taxable","12":"shipping-taxable","13":"purchasable","14":"product-type-simple"},"yoast_head":"<!-- This site is optimized with the Yoast SEO Premium plugin v27.0 (Yoast SEO v27.0) - https:\/\/yoast.com\/product\/yoast-seo-premium-wordpress\/ -->\n<title>Maria Galland 67 e\u013c\u013ca pieni\u0146\u0161 OIL-IN-MILK SUBLIME CLEANSER 200ml - cosmetic.lv<\/title>\n<meta name=\"robots\" content=\"index, follow, max-snippet:-1, max-image-preview:large, max-video-preview:-1\" \/>\n<link rel=\"canonical\" href=\"https:\/\/cosmetic.lv\/lv\/product\/maria-galland-67-ella-pienins-oil-in-milk-sublime-cleanser-200ml-2\/\" \/>\n<meta property=\"og:locale\" content=\"lv_LV\" \/>\n<meta property=\"og:type\" content=\"article\" \/>\n<meta property=\"og:title\" content=\"Maria Galland 67 e\u013c\u013ca pieni\u0146\u0161 OIL-IN-MILK SUBLIME CLEANSER 200ml\" \/>\n<meta property=\"og:description\" content=\"Smalk\u0101k\u0101 e\u013c\u013ca, non\u0101kot saskar\u0113 ar \u016bdeni, p\u0101rv\u0113r\u0161as par emulsiju, dzi\u013ci att\u012bra \u0101du, uzreiz iz\u0161\u0137\u012bdinot kosm\u0113tiku, piemais\u012bjumus un lieko sebumu, kas\" \/>\n<meta property=\"og:url\" content=\"https:\/\/cosmetic.lv\/lv\/product\/maria-galland-67-ella-pienins-oil-in-milk-sublime-cleanser-200ml-2\/\" \/>\n<meta property=\"og:site_name\" content=\"cosmetic.lv\" \/>\n<meta property=\"article:publisher\" content=\"https:\/\/www.facebook.com\/cosmetic.lv\/\" \/>\n<meta property=\"og:image\" content=\"https:\/\/cosmetic.lv\/wp-content\/uploads\/2021\/02\/maria-galland-67-new-750x750-25.jpg\" \/>\n\t<meta property=\"og:image:width\" content=\"750\" \/>\n\t<meta property=\"og:image:height\" content=\"750\" \/>\n\t<meta property=\"og:image:type\" content=\"image\/jpeg\" \/>\n<meta name=\"twitter:card\" content=\"summary_large_image\" \/>\n<script type=\"application\/ld+json\" class=\"yoast-schema-graph\">{\"@context\":\"https:\/\/schema.org\",\"@graph\":[{\"@type\":\"WebPage\",\"@id\":\"https:\/\/cosmetic.lv\/lv\/product\/maria-galland-67-ella-pienins-oil-in-milk-sublime-cleanser-200ml-2\/\",\"url\":\"https:\/\/cosmetic.lv\/lv\/product\/maria-galland-67-ella-pienins-oil-in-milk-sublime-cleanser-200ml-2\/\",\"name\":\"Maria Galland 67 e\u013c\u013ca pieni\u0146\u0161 OIL-IN-MILK SUBLIME CLEANSER 200ml - cosmetic.lv\",\"isPartOf\":{\"@id\":\"https:\/\/cosmetic.lv\/lv\/#website\"},\"primaryImageOfPage\":{\"@id\":\"https:\/\/cosmetic.lv\/lv\/product\/maria-galland-67-ella-pienins-oil-in-milk-sublime-cleanser-200ml-2\/#primaryimage\"},\"image\":{\"@id\":\"https:\/\/cosmetic.lv\/lv\/product\/maria-galland-67-ella-pienins-oil-in-milk-sublime-cleanser-200ml-2\/#primaryimage\"},\"thumbnailUrl\":\"https:\/\/cosmetic.lv\/wp-content\/uploads\/2021\/02\/maria-galland-67-new-750x750-25.jpg\",\"datePublished\":\"2021-02-22T22:20:00+00:00\",\"breadcrumb\":{\"@id\":\"https:\/\/cosmetic.lv\/lv\/product\/maria-galland-67-ella-pienins-oil-in-milk-sublime-cleanser-200ml-2\/#breadcrumb\"},\"inLanguage\":\"lv-LV\",\"potentialAction\":[{\"@type\":\"ReadAction\",\"target\":[\"https:\/\/cosmetic.lv\/lv\/product\/maria-galland-67-ella-pienins-oil-in-milk-sublime-cleanser-200ml-2\/\"]}]},{\"@type\":\"ImageObject\",\"inLanguage\":\"lv-LV\",\"@id\":\"https:\/\/cosmetic.lv\/lv\/product\/maria-galland-67-ella-pienins-oil-in-milk-sublime-cleanser-200ml-2\/#primaryimage\",\"url\":\"https:\/\/cosmetic.lv\/wp-content\/uploads\/2021\/02\/maria-galland-67-new-750x750-25.jpg\",\"contentUrl\":\"https:\/\/cosmetic.lv\/wp-content\/uploads\/2021\/02\/maria-galland-67-new-750x750-25.jpg\",\"width\":750,\"height\":750,\"caption\":\"maria-galland-67\"},{\"@type\":\"BreadcrumbList\",\"@id\":\"https:\/\/cosmetic.lv\/lv\/product\/maria-galland-67-ella-pienins-oil-in-milk-sublime-cleanser-200ml-2\/#breadcrumb\",\"itemListElement\":[{\"@type\":\"ListItem\",\"position\":1,\"name\":\"Home\",\"item\":\"https:\/\/cosmetic.lv\/lv\/\"},{\"@type\":\"ListItem\",\"position\":2,\"name\":\"Veikals\",\"item\":\"https:\/\/cosmetic.lv\/lv\/veiklas\/\"},{\"@type\":\"ListItem\",\"position\":3,\"name\":\"Maria Galland 67 e\u013c\u013ca pieni\u0146\u0161 OIL-IN-MILK SUBLIME CLEANSER 200ml\"}]},{\"@type\":\"WebSite\",\"@id\":\"https:\/\/cosmetic.lv\/lv\/#website\",\"url\":\"https:\/\/cosmetic.lv\/lv\/\",\"name\":\"cosmetic.lv\",\"description\":\"Profesion\u0101la kosm\u0113tika - Maria Galland, Keune, Arkadija, GMT, Guam, Magiray\",\"publisher\":{\"@id\":\"https:\/\/cosmetic.lv\/lv\/#organization\"},\"potentialAction\":[{\"@type\":\"SearchAction\",\"target\":{\"@type\":\"EntryPoint\",\"urlTemplate\":\"https:\/\/cosmetic.lv\/lv\/?s={search_term_string}\"},\"query-input\":{\"@type\":\"PropertyValueSpecification\",\"valueRequired\":true,\"valueName\":\"search_term_string\"}}],\"inLanguage\":\"lv-LV\"},{\"@type\":\"Organization\",\"@id\":\"https:\/\/cosmetic.lv\/lv\/#organization\",\"name\":\"COSMETIC.LV\",\"url\":\"https:\/\/cosmetic.lv\/lv\/\",\"logo\":{\"@type\":\"ImageObject\",\"inLanguage\":\"lv-LV\",\"@id\":\"https:\/\/cosmetic.lv\/lv\/#\/schema\/logo\/image\/\",\"url\":\"https:\/\/cosmetic.lv\/wp-content\/uploads\/2021\/02\/cosmetic.lv_logo.jpg\",\"contentUrl\":\"https:\/\/cosmetic.lv\/wp-content\/uploads\/2021\/02\/cosmetic.lv_logo.jpg\",\"width\":596,\"height\":196,\"caption\":\"COSMETIC.LV\"},\"image\":{\"@id\":\"https:\/\/cosmetic.lv\/lv\/#\/schema\/logo\/image\/\"},\"sameAs\":[\"https:\/\/www.facebook.com\/cosmetic.lv\/\"]}]}<\/script>\n<meta property=\"product:price:amount\" content=\"44.90\" \/>\n<meta property=\"product:price:currency\" content=\"EUR\" \/>\n<meta property=\"og:availability\" content=\"instock\" \/>\n<meta property=\"product:availability\" content=\"instock\" \/>\n<meta property=\"product:retailer_item_id\" content=\"mg67\" \/>\n<meta property=\"product:condition\" content=\"new\" \/>\n<!-- \/ Yoast SEO Premium plugin. -->","yoast_head_json":{"title":"Maria Galland 67 e\u013c\u013ca pieni\u0146\u0161 OIL-IN-MILK SUBLIME CLEANSER 200ml - cosmetic.lv","robots":{"index":"index","follow":"follow","max-snippet":"max-snippet:-1","max-image-preview":"max-image-preview:large","max-video-preview":"max-video-preview:-1"},"canonical":"https:\/\/cosmetic.lv\/lv\/product\/maria-galland-67-ella-pienins-oil-in-milk-sublime-cleanser-200ml-2\/","og_locale":"lv_LV","og_type":"article","og_title":"Maria Galland 67 e\u013c\u013ca pieni\u0146\u0161 OIL-IN-MILK SUBLIME CLEANSER 200ml","og_description":"Smalk\u0101k\u0101 e\u013c\u013ca, non\u0101kot saskar\u0113 ar \u016bdeni, p\u0101rv\u0113r\u0161as par emulsiju, dzi\u013ci att\u012bra \u0101du, uzreiz iz\u0161\u0137\u012bdinot kosm\u0113tiku, piemais\u012bjumus un lieko sebumu, kas","og_url":"https:\/\/cosmetic.lv\/lv\/product\/maria-galland-67-ella-pienins-oil-in-milk-sublime-cleanser-200ml-2\/","og_site_name":"cosmetic.lv","article_publisher":"https:\/\/www.facebook.com\/cosmetic.lv\/","og_image":[{"width":750,"height":750,"url":"https:\/\/cosmetic.lv\/wp-content\/uploads\/2021\/02\/maria-galland-67-new-750x750-25.jpg","type":"image\/jpeg"}],"twitter_card":"summary_large_image","schema":{"@context":"https:\/\/schema.org","@graph":[{"@type":"WebPage","@id":"https:\/\/cosmetic.lv\/lv\/product\/maria-galland-67-ella-pienins-oil-in-milk-sublime-cleanser-200ml-2\/","url":"https:\/\/cosmetic.lv\/lv\/product\/maria-galland-67-ella-pienins-oil-in-milk-sublime-cleanser-200ml-2\/","name":"Maria Galland 67 e\u013c\u013ca pieni\u0146\u0161 OIL-IN-MILK SUBLIME CLEANSER 200ml - cosmetic.lv","isPartOf":{"@id":"https:\/\/cosmetic.lv\/lv\/#website"},"primaryImageOfPage":{"@id":"https:\/\/cosmetic.lv\/lv\/product\/maria-galland-67-ella-pienins-oil-in-milk-sublime-cleanser-200ml-2\/#primaryimage"},"image":{"@id":"https:\/\/cosmetic.lv\/lv\/product\/maria-galland-67-ella-pienins-oil-in-milk-sublime-cleanser-200ml-2\/#primaryimage"},"thumbnailUrl":"https:\/\/cosmetic.lv\/wp-content\/uploads\/2021\/02\/maria-galland-67-new-750x750-25.jpg","datePublished":"2021-02-22T22:20:00+00:00","breadcrumb":{"@id":"https:\/\/cosmetic.lv\/lv\/product\/maria-galland-67-ella-pienins-oil-in-milk-sublime-cleanser-200ml-2\/#breadcrumb"},"inLanguage":"lv-LV","potentialAction":[{"@type":"ReadAction","target":["https:\/\/cosmetic.lv\/lv\/product\/maria-galland-67-ella-pienins-oil-in-milk-sublime-cleanser-200ml-2\/"]}]},{"@type":"ImageObject","inLanguage":"lv-LV","@id":"https:\/\/cosmetic.lv\/lv\/product\/maria-galland-67-ella-pienins-oil-in-milk-sublime-cleanser-200ml-2\/#primaryimage","url":"https:\/\/cosmetic.lv\/wp-content\/uploads\/2021\/02\/maria-galland-67-new-750x750-25.jpg","contentUrl":"https:\/\/cosmetic.lv\/wp-content\/uploads\/2021\/02\/maria-galland-67-new-750x750-25.jpg","width":750,"height":750,"caption":"maria-galland-67"},{"@type":"BreadcrumbList","@id":"https:\/\/cosmetic.lv\/lv\/product\/maria-galland-67-ella-pienins-oil-in-milk-sublime-cleanser-200ml-2\/#breadcrumb","itemListElement":[{"@type":"ListItem","position":1,"name":"Home","item":"https:\/\/cosmetic.lv\/lv\/"},{"@type":"ListItem","position":2,"name":"Veikals","item":"https:\/\/cosmetic.lv\/lv\/veiklas\/"},{"@type":"ListItem","position":3,"name":"Maria Galland 67 e\u013c\u013ca pieni\u0146\u0161 OIL-IN-MILK SUBLIME CLEANSER 200ml"}]},{"@type":"WebSite","@id":"https:\/\/cosmetic.lv\/lv\/#website","url":"https:\/\/cosmetic.lv\/lv\/","name":"cosmetic.lv","description":"Profesion\u0101la kosm\u0113tika - Maria Galland, Keune, Arkadija, GMT, Guam, Magiray","publisher":{"@id":"https:\/\/cosmetic.lv\/lv\/#organization"},"potentialAction":[{"@type":"SearchAction","target":{"@type":"EntryPoint","urlTemplate":"https:\/\/cosmetic.lv\/lv\/?s={search_term_string}"},"query-input":{"@type":"PropertyValueSpecification","valueRequired":true,"valueName":"search_term_string"}}],"inLanguage":"lv-LV"},{"@type":"Organization","@id":"https:\/\/cosmetic.lv\/lv\/#organization","name":"COSMETIC.LV","url":"https:\/\/cosmetic.lv\/lv\/","logo":{"@type":"ImageObject","inLanguage":"lv-LV","@id":"https:\/\/cosmetic.lv\/lv\/#\/schema\/logo\/image\/","url":"https:\/\/cosmetic.lv\/wp-content\/uploads\/2021\/02\/cosmetic.lv_logo.jpg","contentUrl":"https:\/\/cosmetic.lv\/wp-content\/uploads\/2021\/02\/cosmetic.lv_logo.jpg","width":596,"height":196,"caption":"COSMETIC.LV"},"image":{"@id":"https:\/\/cosmetic.lv\/lv\/#\/schema\/logo\/image\/"},"sameAs":["https:\/\/www.facebook.com\/cosmetic.lv\/"]}]},"product_price_amount":"44.90","product_price_currency":"EUR","og_availability":"instock","product_availability":"instock","product_retailer_item_id":"mg67","product_condition":"new"},"_links":{"self":[{"href":"https:\/\/cosmetic.lv\/lv\/wp-json\/wp\/v2\/product\/36114","targetHints":{"allow":["GET"]}}],"collection":[{"href":"https:\/\/cosmetic.lv\/lv\/wp-json\/wp\/v2\/product"}],"about":[{"href":"https:\/\/cosmetic.lv\/lv\/wp-json\/wp\/v2\/types\/product"}],"wp:featuredmedia":[{"embeddable":true,"href":"https:\/\/cosmetic.lv\/lv\/wp-json\/wp\/v2\/media\/36113"}],"wp:attachment":[{"href":"https:\/\/cosmetic.lv\/lv\/wp-json\/wp\/v2\/media?parent=36114"}],"wp:term":[{"taxonomy":"product_brand","embeddable":true,"href":"https:\/\/cosmetic.lv\/lv\/wp-json\/wp\/v2\/product_brand?post=36114"},{"taxonomy":"product_cat","embeddable":true,"href":"https:\/\/cosmetic.lv\/lv\/wp-json\/wp\/v2\/product_cat?post=36114"},{"taxonomy":"product_tag","embeddable":true,"href":"https:\/\/cosmetic.lv\/lv\/wp-json\/wp\/v2\/product_tag?post=36114"}],"curies":[{"name":"wp","href":"https:\/\/api.w.org\/{rel}","templated":true}]}}